{"id":1341,"date":"2024-07-12T19:38:53","date_gmt":"2024-07-12T23:38:53","guid":{"rendered":"https:\/\/nouveau.csdc-cecd.ca\/rapports-annuels\/"},"modified":"2024-08-22T13:32:12","modified_gmt":"2024-08-22T17:32:12","slug":"rapports-annuels","status":"publish","type":"page","link":"https:\/\/csdc-cecd.ca\/en\/rapports-annuels\/","title":{"rendered":"CSDC Year Reports"},"content":{"rendered":"<p>[et_pb_section fb_built=&#8221;1&#8243; _builder_version=&#8221;4.26.1&#8243; _module_preset=&#8221;default&#8221; global_colors_info=&#8221;{}&#8221;][et_pb_row _builder_version=&#8221;4.26.1&#8243; _module_preset=&#8221;default&#8221; global_colors_info=&#8221;{}&#8221;][et_pb_column type=&#8221;4_4&#8243; _builder_version=&#8221;4.26.1&#8243; _module_preset=&#8221;default&#8221; global_colors_info=&#8221;{}&#8221;][et_pb_text _builder_version=&#8221;4.27.0&#8243; _module_preset=&#8221;default&#8221; hover_enabled=&#8221;0&#8243; sticky_enabled=&#8221;0&#8243;]<\/p>\n<h2 class=\"page-title\">CSDC Year Reports<\/h2>\n<div class=\"content clearfix post-7805 page type-page status-publish hentry\">\n<div class=\"post-entry\">\n<p>The latest issue of the CSDC Annual Report will be online soon.<\/p>\n<p>&nbsp;<\/p>\n<p>Previous years:<\/p>\n<\/div>\n<\/div>\n<ul>\n<li><a href=\"https:\/\/csdc-cecd.ca\/wp-content\/uploads\/2024\/07\/Annual-Report-2020-2021-FR.pdf\" rel=\"attachment wp-att-399\">CSDC Annuaal Report September 2020 \u2013 August 2021<\/a><\/li>\n<li><a href=\"https:\/\/csdc-cecd.ca\/wp-content\/uploads\/2024\/07\/20201118-Annual-Report-2019-2020-FR-Final.pdf\" rel=\"attachment wp-att-400\">CSDC Annual Report September 2019 \u2013 August 2020<\/a><\/li>\n<li><a href=\"https:\/\/csdc-cecd.ca\/wp-content\/uploads\/2024\/07\/Annual-Report-2018-2019-FR-McGill.pdf\" rel=\"attachment wp-att-401\">CSDC Annual Report, September 2018 \u2013 August 2019<\/a><\/li>\n<\/ul>\n<p>[\/et_pb_text][\/et_pb_column][\/et_pb_row][\/et_pb_section]<\/p>\n","protected":false},"excerpt":{"rendered":"<p>CSDC Year Reports The latest issue of the CSDC Annual Report will be online soon. &nbsp; Previous years: CSDC Annuaal Report September 2020 \u2013 August 2021 CSDC Annual Report September 2019 \u2013 August 2020 CSDC Annual Report, September 2018 \u2013 August 2019<\/p>\n","protected":false},"author":1,"featured_media":0,"parent":0,"menu_order":0,"comment_status":"closed","ping_status":"closed","template":"","meta":{"_et_pb_use_builder":"on","_et_pb_old_content":"","_et_gb_content_width":"","footnotes":""},"class_list":["post-1341","page","type-page","status-publish","hentry"],"yoast_head":"<!-- This site is optimized with the Yoast SEO plugin v27.4 - https:\/\/yoast.com\/product\/yoast-seo-wordpress\/ -->\n<title>CSDC Year Reports - CECD - Centre pour l&#039;\u00e9tude de la citoyennet\u00e9 d\u00e9mocratique<\/title>\n<meta name=\"robots\" content=\"index, follow, max-snippet:-1, max-image-preview:large, max-video-preview:-1\" \/>\n<link rel=\"canonical\" href=\"https:\/\/csdc-cecd.ca\/rapports-annuels\/\" \/>\n<meta property=\"og:locale\" content=\"en_US\" \/>\n<meta property=\"og:type\" content=\"article\" \/>\n<meta property=\"og:title\" content=\"CSDC Year Reports - CECD - Centre pour l&#039;\u00e9tude de la citoyennet\u00e9 d\u00e9mocratique\" \/>\n<meta property=\"og:description\" content=\"CSDC Year Reports The latest issue of the CSDC Annual Report will be online soon. &nbsp; Previous years: CSDC Annuaal Report September 2020 \u2013 August 2021 CSDC Annual Report September 2019 \u2013 August 2020 CSDC Annual Report, September 2018 \u2013 August 2019\" \/>\n<meta property=\"og:url\" content=\"https:\/\/csdc-cecd.ca\/rapports-annuels\/\" \/>\n<meta property=\"og:site_name\" content=\"CECD - Centre pour l&#039;\u00e9tude de la citoyennet\u00e9 d\u00e9mocratique\" \/>\n<meta property=\"article:modified_time\" content=\"2024-08-22T17:32:12+00:00\" \/>\n<meta name=\"twitter:card\" content=\"summary_large_image\" \/>\n<meta name=\"twitter:label1\" content=\"Est. reading time\" \/>\n\t<meta name=\"twitter:data1\" content=\"1 minute\" \/>\n<script type=\"application\/ld+json\" class=\"yoast-schema-graph\">{\"@context\":\"https:\\\/\\\/schema.org\",\"@graph\":[{\"@type\":\"WebPage\",\"@id\":\"https:\\\/\\\/csdc-cecd.ca\\\/rapports-annuels\\\/\",\"url\":\"https:\\\/\\\/csdc-cecd.ca\\\/rapports-annuels\\\/\",\"name\":\"CSDC Year Reports - CECD - Centre pour l&#039;\u00e9tude de la citoyennet\u00e9 d\u00e9mocratique\",\"isPartOf\":{\"@id\":\"https:\\\/\\\/csdc-cecd.ca\\\/#website\"},\"datePublished\":\"2024-07-12T23:38:53+00:00\",\"dateModified\":\"2024-08-22T17:32:12+00:00\",\"breadcrumb\":{\"@id\":\"https:\\\/\\\/csdc-cecd.ca\\\/rapports-annuels\\\/#breadcrumb\"},\"inLanguage\":\"en-US\",\"potentialAction\":[{\"@type\":\"ReadAction\",\"target\":[\"https:\\\/\\\/csdc-cecd.ca\\\/rapports-annuels\\\/\"]}]},{\"@type\":\"BreadcrumbList\",\"@id\":\"https:\\\/\\\/csdc-cecd.ca\\\/rapports-annuels\\\/#breadcrumb\",\"itemListElement\":[{\"@type\":\"ListItem\",\"position\":1,\"name\":\"Accueil\",\"item\":\"https:\\\/\\\/csdc-cecd.ca\\\/en\\\/\"},{\"@type\":\"ListItem\",\"position\":2,\"name\":\"CSDC Year Reports\"}]},{\"@type\":\"WebSite\",\"@id\":\"https:\\\/\\\/csdc-cecd.ca\\\/#website\",\"url\":\"https:\\\/\\\/csdc-cecd.ca\\\/\",\"name\":\"CECD - Centre pour l&#039;\u00e9tude de la citoyennet\u00e9 d\u00e9mocratique\",\"description\":\"\",\"potentialAction\":[{\"@type\":\"SearchAction\",\"target\":{\"@type\":\"EntryPoint\",\"urlTemplate\":\"https:\\\/\\\/csdc-cecd.ca\\\/?s={search_term_string}\"},\"query-input\":{\"@type\":\"PropertyValueSpecification\",\"valueRequired\":true,\"valueName\":\"search_term_string\"}}],\"inLanguage\":\"en-US\"}]}<\/script>\n<!-- \/ Yoast SEO plugin. -->","yoast_head_json":{"title":"CSDC Year Reports - CECD - Centre pour l&#039;\u00e9tude de la citoyennet\u00e9 d\u00e9mocratique","robots":{"index":"index","follow":"follow","max-snippet":"max-snippet:-1","max-image-preview":"max-image-preview:large","max-video-preview":"max-video-preview:-1"},"canonical":"https:\/\/csdc-cecd.ca\/rapports-annuels\/","og_locale":"en_US","og_type":"article","og_title":"CSDC Year Reports - CECD - Centre pour l&#039;\u00e9tude de la citoyennet\u00e9 d\u00e9mocratique","og_description":"CSDC Year Reports The latest issue of the CSDC Annual Report will be online soon. &nbsp; Previous years: CSDC Annuaal Report September 2020 \u2013 August 2021 CSDC Annual Report September 2019 \u2013 August 2020 CSDC Annual Report, September 2018 \u2013 August 2019","og_url":"https:\/\/csdc-cecd.ca\/rapports-annuels\/","og_site_name":"CECD - Centre pour l&#039;\u00e9tude de la citoyennet\u00e9 d\u00e9mocratique","article_modified_time":"2024-08-22T17:32:12+00:00","twitter_card":"summary_large_image","twitter_misc":{"Est. reading time":"1 minute"},"schema":{"@context":"https:\/\/schema.org","@graph":[{"@type":"WebPage","@id":"https:\/\/csdc-cecd.ca\/rapports-annuels\/","url":"https:\/\/csdc-cecd.ca\/rapports-annuels\/","name":"CSDC Year Reports - CECD - Centre pour l&#039;\u00e9tude de la citoyennet\u00e9 d\u00e9mocratique","isPartOf":{"@id":"https:\/\/csdc-cecd.ca\/#website"},"datePublished":"2024-07-12T23:38:53+00:00","dateModified":"2024-08-22T17:32:12+00:00","breadcrumb":{"@id":"https:\/\/csdc-cecd.ca\/rapports-annuels\/#breadcrumb"},"inLanguage":"en-US","potentialAction":[{"@type":"ReadAction","target":["https:\/\/csdc-cecd.ca\/rapports-annuels\/"]}]},{"@type":"BreadcrumbList","@id":"https:\/\/csdc-cecd.ca\/rapports-annuels\/#breadcrumb","itemListElement":[{"@type":"ListItem","position":1,"name":"Accueil","item":"https:\/\/csdc-cecd.ca\/en\/"},{"@type":"ListItem","position":2,"name":"CSDC Year Reports"}]},{"@type":"WebSite","@id":"https:\/\/csdc-cecd.ca\/#website","url":"https:\/\/csdc-cecd.ca\/","name":"CECD - Centre pour l&#039;\u00e9tude de la citoyennet\u00e9 d\u00e9mocratique","description":"","potentialAction":[{"@type":"SearchAction","target":{"@type":"EntryPoint","urlTemplate":"https:\/\/csdc-cecd.ca\/?s={search_term_string}"},"query-input":{"@type":"PropertyValueSpecification","valueRequired":true,"valueName":"search_term_string"}}],"inLanguage":"en-US"}]}},"_links":{"self":[{"href":"https:\/\/csdc-cecd.ca\/en\/wp-json\/wp\/v2\/pages\/1341","targetHints":{"allow":["GET"]}}],"collection":[{"href":"https:\/\/csdc-cecd.ca\/en\/wp-json\/wp\/v2\/pages"}],"about":[{"href":"https:\/\/csdc-cecd.ca\/en\/wp-json\/wp\/v2\/types\/page"}],"author":[{"embeddable":true,"href":"https:\/\/csdc-cecd.ca\/en\/wp-json\/wp\/v2\/users\/1"}],"replies":[{"embeddable":true,"href":"https:\/\/csdc-cecd.ca\/en\/wp-json\/wp\/v2\/comments?post=1341"}],"version-history":[{"count":3,"href":"https:\/\/csdc-cecd.ca\/en\/wp-json\/wp\/v2\/pages\/1341\/revisions"}],"predecessor-version":[{"id":2303,"href":"https:\/\/csdc-cecd.ca\/en\/wp-json\/wp\/v2\/pages\/1341\/revisions\/2303"}],"wp:attachment":[{"href":"https:\/\/csdc-cecd.ca\/en\/wp-json\/wp\/v2\/media?parent=1341"}],"curies":[{"name":"wp","href":"https:\/\/api.w.org\/{rel}","templated":true}]}}