{"id":1342,"date":"2024-07-13T18:36:00","date_gmt":"2024-07-13T22:36:00","guid":{"rendered":"https:\/\/nouveau.csdc-cecd.ca\/partenaires\/"},"modified":"2024-08-08T12:57:02","modified_gmt":"2024-08-08T16:57:02","slug":"partenaires","status":"publish","type":"page","link":"https:\/\/csdc-cecd.ca\/en\/partenaires\/","title":{"rendered":"Partners"},"content":{"rendered":"<p>[et_pb_section fb_built=&#8221;1&#8243; _builder_version=&#8221;4.26.1&#8243; _module_preset=&#8221;default&#8221; global_colors_info=&#8221;{}&#8221;][et_pb_row _builder_version=&#8221;4.26.1&#8243; _module_preset=&#8221;default&#8221; global_colors_info=&#8221;{}&#8221;][et_pb_column type=&#8221;4_4&#8243; _builder_version=&#8221;4.26.1&#8243; _module_preset=&#8221;default&#8221; global_colors_info=&#8221;{}&#8221;][et_pb_text _builder_version=&#8221;4.27.0&#8243; _module_preset=&#8221;default&#8221; global_colors_info=&#8221;{}&#8221;]<\/p>\n<h1>Partners<strong><\/strong><\/h1>\n<p>[\/et_pb_text][et_pb_toggle title=&#8221;University Partners&#8221; _builder_version=&#8221;4.27.0&#8243; _module_preset=&#8221;default&#8221; global_colors_info=&#8221;{}&#8221;]<\/p>\n<p><a href=\"https:\/\/www.concordia.ca\/fr.html\">Concordia University<\/a><\/p>\n<p><a href=\"https:\/\/www.hec.ca\/\">HEC<\/a><\/p>\n<p><a href=\"https:\/\/inrs.ca\/\">INRS<\/a><\/p>\n<p><a href=\"https:\/\/www.mcgill.ca\/fr\">McGill University<\/a><\/p>\n<p><a href=\"https:\/\/www.ulaval.ca\/?_gl=1*16d1tt8*_up*MQ..&amp;gclid=CjwKCAjwnqK1BhBvEiwAi7o0X5Jd0gHRsvibgVnUB-9oUCFEwX46IN3sJC4VmmYJobiWKnqzPNYXzxoCHNMQAvD_BwE\">Universit\u00e9 Laval<\/a><\/p>\n<p><a href=\"https:\/\/www.umontreal.ca\/\">Universit\u00e9 de Montr\u00e9al<\/a><\/p>\n<p><a href=\"https:\/\/www.usherbrooke.ca\/\">Universit\u00e9 de Sherbrooke<\/a><\/p>\n<p><a href=\"https:\/\/www.teluq.ca\/\">Universit\u00e9 T\u00c9LUQ<\/a><\/p>\n<p><a href=\"https:\/\/uqam.ca\/\">UQ\u00c0M<\/a><\/p>\n<p><a href=\"https:\/\/www.uqtr.ca\/index.shtml\">UQTR<\/a><\/p>\n<p>[\/et_pb_toggle][et_pb_toggle title=&#8221;Research Centres&#8221; _builder_version=&#8221;4.27.0&#8243; _module_preset=&#8221;default&#8221; global_colors_info=&#8221;{}&#8221;]<\/p>\n<p><a href=\"https:\/\/c-dem.ca\/fr\/1360-2\/\">Centre d\u2019\u00e9tudes sur le m\u00e9dia<\/a><\/p>\n<p><a href=\"https:\/\/www.jeanmonnet.ca\/\">Centre Jean Monnet Montr\u00e9al<\/a><\/p>\n<p><a href=\"https:\/\/www.mcgill.ca\/misc\/fr\">\u00a0McGill Institute for the Study of Canada<\/a><\/p>\n<p><a href=\"https:\/\/iid.ulaval.ca\/\">Institut Intelligence and Data<\/a><\/p>\n<p>[\/et_pb_toggle][et_pb_toggle title=&#8221;Research Chairs&#8221; _builder_version=&#8221;4.27.0&#8243; _module_preset=&#8221;default&#8221; global_colors_info=&#8221;{}&#8221;]<\/p>\n<p><a href=\"https:\/\/www.clessn.com\/\">Leadership Chair in the Teaching of Digital Social Science (CLESSN)<\/a><\/p>\n<p>Canadian Research Chair in Electoral Democracy<\/p>\n<p><span>Canada Research Chair in Media Literacy and Human Rights<\/span><\/p>\n<p><a href=\"https:\/\/www.democratie.chaire.ulaval.ca\/\">Chaire du recherche sur la d\u00e9mocratie et les institutions parlementaires<\/a><\/p>\n<p><a href=\"https:\/\/www.jeanmonnet.ca\/\">Chaire Jean Monnet Universit\u00e9 de Montr\u00e9al<\/a><\/p>\n<p>[\/et_pb_toggle][et_pb_toggle title=&#8221;Research Groups&#8221; _builder_version=&#8221;4.27.0&#8243; _module_preset=&#8221;default&#8221; global_colors_info=&#8221;{}&#8221;]<\/p>\n<p>Consortium on Electoral Democracy<\/p>\n<p><a href=\"https:\/\/www.fodem.ca\/\">Groupe de recherche sur le fonctionnement de la d\u00e9mocratie (FODEM)<\/a><\/p>\n<p><a href=\"https:\/\/www.grcp.ulaval.ca\/\">Groupe de recherche en communication politique (GRCP)<\/a><\/p>\n<p><span>Political Communication and Public Opinion Laboratory (LACPOP)\u00a0<\/span><\/p>\n<p>[\/et_pb_toggle][\/et_pb_column][\/et_pb_row][\/et_pb_section]<\/p>\n","protected":false},"excerpt":{"rendered":"<p>PartnersConcordia University HEC INRS McGill University Universit\u00e9 Laval Universit\u00e9 de Montr\u00e9al Universit\u00e9 de Sherbrooke Universit\u00e9 T\u00c9LUQ UQ\u00c0M UQTRCentre d\u2019\u00e9tudes sur le m\u00e9dia Centre Jean Monnet Montr\u00e9al \u00a0McGill Institute for the Study of Canada Institut Intelligence and DataLeadership Chair in the Teaching of Digital Social Science (CLESSN) Canadian Research Chair in Electoral Democracy Canada Research Chair [&hellip;]<\/p>\n","protected":false},"author":1,"featured_media":0,"parent":0,"menu_order":0,"comment_status":"closed","ping_status":"closed","template":"","meta":{"_et_pb_use_builder":"on","_et_pb_old_content":"","_et_gb_content_width":"","footnotes":""},"class_list":["post-1342","page","type-page","status-publish","hentry"],"yoast_head":"<!-- This site is optimized with the Yoast SEO plugin v27.4 - https:\/\/yoast.com\/product\/yoast-seo-wordpress\/ -->\n<title>Partners - CECD - Centre pour l&#039;\u00e9tude de la citoyennet\u00e9 d\u00e9mocratique<\/title>\n<meta name=\"robots\" content=\"index, follow, max-snippet:-1, max-image-preview:large, max-video-preview:-1\" \/>\n<link rel=\"canonical\" href=\"https:\/\/csdc-cecd.ca\/partenaires\/\" \/>\n<meta property=\"og:locale\" content=\"en_US\" \/>\n<meta property=\"og:type\" content=\"article\" \/>\n<meta property=\"og:title\" content=\"Partners - CECD - Centre pour l&#039;\u00e9tude de la citoyennet\u00e9 d\u00e9mocratique\" \/>\n<meta property=\"og:description\" content=\"PartnersConcordia University HEC INRS McGill University Universit\u00e9 Laval Universit\u00e9 de Montr\u00e9al Universit\u00e9 de Sherbrooke Universit\u00e9 T\u00c9LUQ UQ\u00c0M UQTRCentre d\u2019\u00e9tudes sur le m\u00e9dia Centre Jean Monnet Montr\u00e9al \u00a0McGill Institute for the Study of Canada Institut Intelligence and DataLeadership Chair in the Teaching of Digital Social Science (CLESSN) Canadian Research Chair in Electoral Democracy Canada Research Chair [&hellip;]\" \/>\n<meta property=\"og:url\" content=\"https:\/\/csdc-cecd.ca\/partenaires\/\" \/>\n<meta property=\"og:site_name\" content=\"CECD - Centre pour l&#039;\u00e9tude de la citoyennet\u00e9 d\u00e9mocratique\" \/>\n<meta property=\"article:modified_time\" content=\"2024-08-08T16:57:02+00:00\" \/>\n<meta name=\"twitter:card\" content=\"summary_large_image\" \/>\n<meta name=\"twitter:label1\" content=\"Est. reading time\" \/>\n\t<meta name=\"twitter:data1\" content=\"1 minute\" \/>\n<script type=\"application\/ld+json\" class=\"yoast-schema-graph\">{\"@context\":\"https:\\\/\\\/schema.org\",\"@graph\":[{\"@type\":\"WebPage\",\"@id\":\"https:\\\/\\\/csdc-cecd.ca\\\/partenaires\\\/\",\"url\":\"https:\\\/\\\/csdc-cecd.ca\\\/partenaires\\\/\",\"name\":\"Partners - CECD - Centre pour l&#039;\u00e9tude de la citoyennet\u00e9 d\u00e9mocratique\",\"isPartOf\":{\"@id\":\"https:\\\/\\\/csdc-cecd.ca\\\/#website\"},\"datePublished\":\"2024-07-13T22:36:00+00:00\",\"dateModified\":\"2024-08-08T16:57:02+00:00\",\"breadcrumb\":{\"@id\":\"https:\\\/\\\/csdc-cecd.ca\\\/partenaires\\\/#breadcrumb\"},\"inLanguage\":\"en-US\",\"potentialAction\":[{\"@type\":\"ReadAction\",\"target\":[\"https:\\\/\\\/csdc-cecd.ca\\\/partenaires\\\/\"]}]},{\"@type\":\"BreadcrumbList\",\"@id\":\"https:\\\/\\\/csdc-cecd.ca\\\/partenaires\\\/#breadcrumb\",\"itemListElement\":[{\"@type\":\"ListItem\",\"position\":1,\"name\":\"Accueil\",\"item\":\"https:\\\/\\\/csdc-cecd.ca\\\/en\\\/\"},{\"@type\":\"ListItem\",\"position\":2,\"name\":\"Partners\"}]},{\"@type\":\"WebSite\",\"@id\":\"https:\\\/\\\/csdc-cecd.ca\\\/#website\",\"url\":\"https:\\\/\\\/csdc-cecd.ca\\\/\",\"name\":\"CECD - Centre pour l&#039;\u00e9tude de la citoyennet\u00e9 d\u00e9mocratique\",\"description\":\"\",\"potentialAction\":[{\"@type\":\"SearchAction\",\"target\":{\"@type\":\"EntryPoint\",\"urlTemplate\":\"https:\\\/\\\/csdc-cecd.ca\\\/?s={search_term_string}\"},\"query-input\":{\"@type\":\"PropertyValueSpecification\",\"valueRequired\":true,\"valueName\":\"search_term_string\"}}],\"inLanguage\":\"en-US\"}]}<\/script>\n<!-- \/ Yoast SEO plugin. -->","yoast_head_json":{"title":"Partners - CECD - Centre pour l&#039;\u00e9tude de la citoyennet\u00e9 d\u00e9mocratique","robots":{"index":"index","follow":"follow","max-snippet":"max-snippet:-1","max-image-preview":"max-image-preview:large","max-video-preview":"max-video-preview:-1"},"canonical":"https:\/\/csdc-cecd.ca\/partenaires\/","og_locale":"en_US","og_type":"article","og_title":"Partners - CECD - Centre pour l&#039;\u00e9tude de la citoyennet\u00e9 d\u00e9mocratique","og_description":"PartnersConcordia University HEC INRS McGill University Universit\u00e9 Laval Universit\u00e9 de Montr\u00e9al Universit\u00e9 de Sherbrooke Universit\u00e9 T\u00c9LUQ UQ\u00c0M UQTRCentre d\u2019\u00e9tudes sur le m\u00e9dia Centre Jean Monnet Montr\u00e9al \u00a0McGill Institute for the Study of Canada Institut Intelligence and DataLeadership Chair in the Teaching of Digital Social Science (CLESSN) Canadian Research Chair in Electoral Democracy Canada Research Chair [&hellip;]","og_url":"https:\/\/csdc-cecd.ca\/partenaires\/","og_site_name":"CECD - Centre pour l&#039;\u00e9tude de la citoyennet\u00e9 d\u00e9mocratique","article_modified_time":"2024-08-08T16:57:02+00:00","twitter_card":"summary_large_image","twitter_misc":{"Est. reading time":"1 minute"},"schema":{"@context":"https:\/\/schema.org","@graph":[{"@type":"WebPage","@id":"https:\/\/csdc-cecd.ca\/partenaires\/","url":"https:\/\/csdc-cecd.ca\/partenaires\/","name":"Partners - CECD - Centre pour l&#039;\u00e9tude de la citoyennet\u00e9 d\u00e9mocratique","isPartOf":{"@id":"https:\/\/csdc-cecd.ca\/#website"},"datePublished":"2024-07-13T22:36:00+00:00","dateModified":"2024-08-08T16:57:02+00:00","breadcrumb":{"@id":"https:\/\/csdc-cecd.ca\/partenaires\/#breadcrumb"},"inLanguage":"en-US","potentialAction":[{"@type":"ReadAction","target":["https:\/\/csdc-cecd.ca\/partenaires\/"]}]},{"@type":"BreadcrumbList","@id":"https:\/\/csdc-cecd.ca\/partenaires\/#breadcrumb","itemListElement":[{"@type":"ListItem","position":1,"name":"Accueil","item":"https:\/\/csdc-cecd.ca\/en\/"},{"@type":"ListItem","position":2,"name":"Partners"}]},{"@type":"WebSite","@id":"https:\/\/csdc-cecd.ca\/#website","url":"https:\/\/csdc-cecd.ca\/","name":"CECD - Centre pour l&#039;\u00e9tude de la citoyennet\u00e9 d\u00e9mocratique","description":"","potentialAction":[{"@type":"SearchAction","target":{"@type":"EntryPoint","urlTemplate":"https:\/\/csdc-cecd.ca\/?s={search_term_string}"},"query-input":{"@type":"PropertyValueSpecification","valueRequired":true,"valueName":"search_term_string"}}],"inLanguage":"en-US"}]}},"_links":{"self":[{"href":"https:\/\/csdc-cecd.ca\/en\/wp-json\/wp\/v2\/pages\/1342","targetHints":{"allow":["GET"]}}],"collection":[{"href":"https:\/\/csdc-cecd.ca\/en\/wp-json\/wp\/v2\/pages"}],"about":[{"href":"https:\/\/csdc-cecd.ca\/en\/wp-json\/wp\/v2\/types\/page"}],"author":[{"embeddable":true,"href":"https:\/\/csdc-cecd.ca\/en\/wp-json\/wp\/v2\/users\/1"}],"replies":[{"embeddable":true,"href":"https:\/\/csdc-cecd.ca\/en\/wp-json\/wp\/v2\/comments?post=1342"}],"version-history":[{"count":4,"href":"https:\/\/csdc-cecd.ca\/en\/wp-json\/wp\/v2\/pages\/1342\/revisions"}],"predecessor-version":[{"id":1481,"href":"https:\/\/csdc-cecd.ca\/en\/wp-json\/wp\/v2\/pages\/1342\/revisions\/1481"}],"wp:attachment":[{"href":"https:\/\/csdc-cecd.ca\/en\/wp-json\/wp\/v2\/media?parent=1342"}],"curies":[{"name":"wp","href":"https:\/\/api.w.org\/{rel}","templated":true}]}}