{"id":1566,"date":"2024-07-13T18:20:38","date_gmt":"2024-07-13T22:20:38","guid":{"rendered":"https:\/\/nouveau.csdc-cecd.ca\/axe-1-apprendre-la-citoyennete-democratique-dans-un-monde-inegal\/"},"modified":"2024-08-23T17:08:14","modified_gmt":"2024-08-23T21:08:14","slug":"axe-1-apprendre-la-citoyennete-democratique-dans-un-monde-inegal","status":"publish","type":"page","link":"https:\/\/csdc-cecd.ca\/en\/axe-1-apprendre-la-citoyennete-democratique-dans-un-monde-inegal\/","title":{"rendered":"Axis 1 \u2013 Learning Democratic Citizenship"},"content":{"rendered":"<p>[et_pb_section fb_built=&#8221;1&#8243; _builder_version=&#8221;4.26.1&#8243; _module_preset=&#8221;default&#8221; global_colors_info=&#8221;{}&#8221;][et_pb_row _builder_version=&#8221;4.26.1&#8243; _module_preset=&#8221;default&#8221; global_colors_info=&#8221;{}&#8221;][et_pb_column type=&#8221;4_4&#8243; _builder_version=&#8221;4.26.1&#8243; _module_preset=&#8221;default&#8221; global_colors_info=&#8221;{}&#8221;][et_pb_text _builder_version=&#8221;4.27.0&#8243; _module_preset=&#8221;default&#8221; global_colors_info=&#8221;{}&#8221;]<\/p>\n<h1>Axis 1 \u2013 Learning democratic citizenship<\/h1>\n<p>This first axis focuses on the acquisition of values, attitudes and skills that constitute the ingredients of a healthy democracy. Democratic citizenship is based on the feeling of belonging to a political community, trust in the institutions that embody the democratic regime, social cohesion linked to the equality of citizens, as well as the information skills essential to understanding the world. However, several factors influence this learning, as research combining communication, social psychology, computer science, political science and sociology shows.<\/p>\n<p>[\/et_pb_text][\/et_pb_column][\/et_pb_row][et_pb_row column_structure=&#8221;1_3,2_3&#8243; _builder_version=&#8221;4.26.1&#8243; _module_preset=&#8221;default&#8221; global_colors_info=&#8221;{}&#8221;][et_pb_column type=&#8221;1_3&#8243; _builder_version=&#8221;4.26.1&#8243; _module_preset=&#8221;default&#8221; global_colors_info=&#8221;{}&#8221;][et_pb_text _builder_version=&#8221;4.27.0&#8243; _module_preset=&#8221;default&#8221; global_colors_info=&#8221;{}&#8221;]<\/p>\n<p>Responsible researcher:<\/p>\n<p>[\/et_pb_text][\/et_pb_column][et_pb_column type=&#8221;2_3&#8243; _builder_version=&#8221;4.26.1&#8243; _module_preset=&#8221;default&#8221; global_colors_info=&#8221;{}&#8221;][et_pb_text _builder_version=&#8221;4.26.1&#8243; _module_preset=&#8221;default&#8221; global_colors_info=&#8221;{}&#8221;]<\/p>\n<p>Antoine Bilodeau<\/p>\n<p>[\/et_pb_text][\/et_pb_column][\/et_pb_row][et_pb_row column_structure=&#8221;1_3,2_3&#8243; _builder_version=&#8221;4.26.1&#8243; _module_preset=&#8221;default&#8221; global_colors_info=&#8221;{}&#8221;][et_pb_column type=&#8221;1_3&#8243; _builder_version=&#8221;4.26.1&#8243; _module_preset=&#8221;default&#8221; global_colors_info=&#8221;{}&#8221;][et_pb_text _builder_version=&#8221;4.27.0&#8243; _module_preset=&#8221;default&#8221; global_colors_info=&#8221;{}&#8221;]<\/p>\n<p>Researchers involved:<\/p>\n<p>[\/et_pb_text][\/et_pb_column][et_pb_column type=&#8221;2_3&#8243; _builder_version=&#8221;4.26.1&#8243; _module_preset=&#8221;default&#8221; global_colors_info=&#8221;{}&#8221;][et_pb_text _builder_version=&#8221;4.26.1&#8243; _module_preset=&#8221;default&#8221; global_colors_info=&#8221;{}&#8221;]<\/p>\n<p>Nicolas Ajzenman, Fr\u00e9d\u00e9rick Bastien, Laurie Beaudonnet, \u00c9ric B\u00e9langer, Elissa Berwick, Marc A. Bodet, Joanie Bouchard, Colette Brin, Emmanuel Choquette, Simon Coulombe, Roxane de la Sablonni\u00e8re, Marina Doucerain, Yannick Dufresne, Claire Durand, Dominic Duval, Aaron Erlich, Thierry Giasson, Jean-Fran\u00e7ois Godbout, Allison Harell, Virginie H\u00e9bert, Eric Hehman, Mebs Kanji, Erick Lachapelle, Normand Landry, Val\u00e9rie-Anne Mah\u00e9o-Le-Luel, Reihaneh Rabbany, Eran Shor, Thomas Soehl, Dietlind Stolle<\/p>\n<p>[\/et_pb_text][\/et_pb_column][\/et_pb_row][et_pb_row _builder_version=&#8221;4.26.1&#8243; _module_preset=&#8221;default&#8221; global_colors_info=&#8221;{}&#8221;][et_pb_column type=&#8221;4_4&#8243; _builder_version=&#8221;4.26.1&#8243; _module_preset=&#8221;default&#8221; global_colors_info=&#8221;{}&#8221;][et_pb_text _builder_version=&#8221;4.27.0&#8243; _module_preset=&#8221;default&#8221; global_colors_info=&#8221;{}&#8221;]<\/p>\n<h2><strong>THEMES<\/strong><\/h2>\n<h3>THEME 1.1: Citizen Identity<\/h3>\n<p>Citizen identity can take several forms: it can be centered on the inhabited territory or on a previously known territory; it can be unique or multiple; it can relate to an infra-state, state or supra-state territory.<\/p>\n<h3>THEME 1.2: Political Trust<\/h3>\n<p>The functioning of democracy requires a certain degree of political trust but also that the population is capable of healthy criticism of institutions and political actors. A first challenge is to measure trust, then a second is to understand what modifies the degree of trust.<\/p>\n<h3>THEME 1.3: Social Cohesion<\/h3>\n<p>We focus on social cohesion, that is, the quality of the relationships that citizens and others who live in the same territory maintain with each other, and the degree of solidarity they feel towards each other. This is one of the themes on which our members have the most projects. Three dimensions of social cohesion interest us: cohesion between people according to their ethnocultural, socioeconomic and capacity differences.<\/p>\n<h3>THEME 1.4: Information skills<\/h3>\n<p>The development of information skills is a crucial issue in a democracy mediated by digital technologies, algorithmic platforms and generative artificial intelligence.<\/p>\n<p>[\/et_pb_text][et_pb_text _builder_version=&#8221;4.27.0&#8243; _module_preset=&#8221;default&#8221; global_colors_info=&#8221;{}&#8221;]<\/p>\n<h2><strong>KEYWORDS<\/strong><\/h2>\n<p>Click on a keyword to see who is researching this topic.<\/p>\n<link href=\"\/wp-content\/themes\/Divi-Child\/bootstrap.css\" rel=\"stylesheet\"\/>\n<link href=\"\/wp-content\/themes\/Divi-Child\/node_modules\/bootstrap-icons\/font\/bootstrap-icons.min.css\" rel=\"stylesheet\"\/>\n  <div class=\"bootstrap\" style=\"color:black;font-size:16px;\">\n     <div class=\"mb-3\">\n  <ul>\n             <li>\n        <a href=\"\/en\/chercheurses?keyword_id=4\">\n            Gender and politics        <\/a>\n       <\/li>\n                 <li>\n        <a href=\"\/en\/chercheurses?keyword_id=13\">\n            New Communication Technology        <\/a>\n       <\/li>\n                 <li>\n        <a href=\"\/en\/chercheurses?keyword_id=14\">\n            Non-electoral forms of Political Participation        <\/a>\n       <\/li>\n                 <li>\n        <a href=\"\/en\/chercheurses?keyword_id=15\">\n            Political Knowledge        <\/a>\n       <\/li>\n                 <li>\n        <a href=\"\/en\/chercheurses?keyword_id=16\">\n            Youth and politics        <\/a>\n       <\/li>\n                 <li>\n        <a href=\"\/en\/chercheurses?keyword_id=17\">\n            Social capital        <\/a>\n       <\/li>\n                 <li>\n        <a href=\"\/en\/chercheurses?keyword_id=18\">\n            Neurophysiology and politics        <\/a>\n       <\/li>\n                 <li>\n        <a href=\"\/en\/chercheurses?keyword_id=23\">\n            Political psychology        <\/a>\n       <\/li>\n                 <li>\n        <a href=\"\/en\/chercheurses?keyword_id=25\">\n            Public opinion and political preferences        <\/a>\n       <\/li>\n                 <li>\n        <a href=\"\/en\/chercheurses?keyword_id=28\">\n            Experimental research        <\/a>\n       <\/li>\n                 <li>\n        <a href=\"\/en\/chercheurses?keyword_id=30\">\n            Quebec        <\/a>\n       <\/li>\n            <\/ul>\n <\/div>\n    \n  <\/div>\n<p>[\/et_pb_text][\/et_pb_column][\/et_pb_row][et_pb_row column_structure=&#8221;1_3,2_3&#8243; _builder_version=&#8221;4.26.1&#8243; _module_preset=&#8221;default&#8221; global_colors_info=&#8221;{}&#8221;][et_pb_column type=&#8221;1_3&#8243; _builder_version=&#8221;4.26.1&#8243; _module_preset=&#8221;default&#8221; global_colors_info=&#8221;{}&#8221;][et_pb_button button_url=&#8221;@ET-DC@eyJkeW5hbWljIjp0cnVlLCJjb250ZW50IjoicG9zdF9saW5rX3VybF9wYWdlIiwic2V0dGluZ3MiOnsicG9zdF9pZCI6IjE1NjcifX0=@&#8221; button_text=&#8221;Axis 2 \u2013The practice of democratic citizenship&#8221; _builder_version=&#8221;4.27.0&#8243; _dynamic_attributes=&#8221;button_url&#8221; _module_preset=&#8221;default&#8221; global_colors_info=&#8221;{}&#8221;][\/et_pb_button][\/et_pb_column][et_pb_column type=&#8221;2_3&#8243; _builder_version=&#8221;4.26.1&#8243; _module_preset=&#8221;default&#8221; global_colors_info=&#8221;{}&#8221;][et_pb_button button_url=&#8221;@ET-DC@eyJkeW5hbWljIjp0cnVlLCJjb250ZW50IjoicG9zdF9saW5rX3VybF9wYWdlIiwic2V0dGluZ3MiOnsicG9zdF9pZCI6IjE1NjUifX0=@&#8221; button_text=&#8221;Back to Research Program and Axes&#8221; button_alignment=&#8221;right&#8221; _builder_version=&#8221;4.27.0&#8243; _dynamic_attributes=&#8221;button_url&#8221; _module_preset=&#8221;default&#8221; global_colors_info=&#8221;{}&#8221;][\/et_pb_button][\/et_pb_column][\/et_pb_row][\/et_pb_section]<\/p>\n","protected":false},"excerpt":{"rendered":"<p>Axis 1 \u2013 Learning democratic citizenship This first axis focuses on the acquisition of values, attitudes and skills that constitute the ingredients of a healthy democracy. Democratic citizenship is based on the feeling of belonging to a political community, trust in the institutions that embody the democratic regime, social cohesion linked to the equality of [&hellip;]<\/p>\n","protected":false},"author":1,"featured_media":0,"parent":0,"menu_order":0,"comment_status":"closed","ping_status":"closed","template":"","meta":{"_et_pb_use_builder":"on","_et_pb_old_content":"","_et_gb_content_width":"","footnotes":""},"class_list":["post-1566","page","type-page","status-publish","hentry"],"yoast_head":"<!-- This site is optimized with the Yoast SEO plugin v27.4 - https:\/\/yoast.com\/product\/yoast-seo-wordpress\/ -->\n<title>Axis 1 \u2013 Learning Democratic Citizenship - CECD - Centre pour l&#039;\u00e9tude de la citoyennet\u00e9 d\u00e9mocratique<\/title>\n<meta name=\"robots\" content=\"index, follow, max-snippet:-1, max-image-preview:large, max-video-preview:-1\" \/>\n<link rel=\"canonical\" href=\"https:\/\/csdc-cecd.ca\/axe-1-apprendre-la-citoyennete-democratique-dans-un-monde-inegal\/\" \/>\n<meta property=\"og:locale\" content=\"en_US\" \/>\n<meta property=\"og:type\" content=\"article\" \/>\n<meta property=\"og:title\" content=\"Axis 1 \u2013 Learning Democratic Citizenship - CECD - Centre pour l&#039;\u00e9tude de la citoyennet\u00e9 d\u00e9mocratique\" \/>\n<meta property=\"og:description\" content=\"Axis 1 \u2013 Learning democratic citizenship This first axis focuses on the acquisition of values, attitudes and skills that constitute the ingredients of a healthy democracy. Democratic citizenship is based on the feeling of belonging to a political community, trust in the institutions that embody the democratic regime, social cohesion linked to the equality of [&hellip;]\" \/>\n<meta property=\"og:url\" content=\"https:\/\/csdc-cecd.ca\/axe-1-apprendre-la-citoyennete-democratique-dans-un-monde-inegal\/\" \/>\n<meta property=\"og:site_name\" content=\"CECD - Centre pour l&#039;\u00e9tude de la citoyennet\u00e9 d\u00e9mocratique\" \/>\n<meta property=\"article:modified_time\" content=\"2024-08-23T21:08:14+00:00\" \/>\n<meta name=\"twitter:card\" content=\"summary_large_image\" \/>\n<meta name=\"twitter:label1\" content=\"Est. reading time\" \/>\n\t<meta name=\"twitter:data1\" content=\"2 minutes\" \/>\n<script type=\"application\/ld+json\" class=\"yoast-schema-graph\">{\"@context\":\"https:\\\/\\\/schema.org\",\"@graph\":[{\"@type\":\"WebPage\",\"@id\":\"https:\\\/\\\/csdc-cecd.ca\\\/axe-1-apprendre-la-citoyennete-democratique-dans-un-monde-inegal\\\/\",\"url\":\"https:\\\/\\\/csdc-cecd.ca\\\/axe-1-apprendre-la-citoyennete-democratique-dans-un-monde-inegal\\\/\",\"name\":\"Axis 1 \u2013 Learning Democratic Citizenship - CECD - Centre pour l&#039;\u00e9tude de la citoyennet\u00e9 d\u00e9mocratique\",\"isPartOf\":{\"@id\":\"https:\\\/\\\/csdc-cecd.ca\\\/#website\"},\"datePublished\":\"2024-07-13T22:20:38+00:00\",\"dateModified\":\"2024-08-23T21:08:14+00:00\",\"breadcrumb\":{\"@id\":\"https:\\\/\\\/csdc-cecd.ca\\\/axe-1-apprendre-la-citoyennete-democratique-dans-un-monde-inegal\\\/#breadcrumb\"},\"inLanguage\":\"en-US\",\"potentialAction\":[{\"@type\":\"ReadAction\",\"target\":[\"https:\\\/\\\/csdc-cecd.ca\\\/axe-1-apprendre-la-citoyennete-democratique-dans-un-monde-inegal\\\/\"]}]},{\"@type\":\"BreadcrumbList\",\"@id\":\"https:\\\/\\\/csdc-cecd.ca\\\/axe-1-apprendre-la-citoyennete-democratique-dans-un-monde-inegal\\\/#breadcrumb\",\"itemListElement\":[{\"@type\":\"ListItem\",\"position\":1,\"name\":\"Accueil\",\"item\":\"https:\\\/\\\/csdc-cecd.ca\\\/en\\\/\"},{\"@type\":\"ListItem\",\"position\":2,\"name\":\"Axis 1 \u2013 Learning Democratic Citizenship\"}]},{\"@type\":\"WebSite\",\"@id\":\"https:\\\/\\\/csdc-cecd.ca\\\/#website\",\"url\":\"https:\\\/\\\/csdc-cecd.ca\\\/\",\"name\":\"CECD - Centre pour l&#039;\u00e9tude de la citoyennet\u00e9 d\u00e9mocratique\",\"description\":\"\",\"potentialAction\":[{\"@type\":\"SearchAction\",\"target\":{\"@type\":\"EntryPoint\",\"urlTemplate\":\"https:\\\/\\\/csdc-cecd.ca\\\/?s={search_term_string}\"},\"query-input\":{\"@type\":\"PropertyValueSpecification\",\"valueRequired\":true,\"valueName\":\"search_term_string\"}}],\"inLanguage\":\"en-US\"}]}<\/script>\n<!-- \/ Yoast SEO plugin. -->","yoast_head_json":{"title":"Axis 1 \u2013 Learning Democratic Citizenship - CECD - Centre pour l&#039;\u00e9tude de la citoyennet\u00e9 d\u00e9mocratique","robots":{"index":"index","follow":"follow","max-snippet":"max-snippet:-1","max-image-preview":"max-image-preview:large","max-video-preview":"max-video-preview:-1"},"canonical":"https:\/\/csdc-cecd.ca\/axe-1-apprendre-la-citoyennete-democratique-dans-un-monde-inegal\/","og_locale":"en_US","og_type":"article","og_title":"Axis 1 \u2013 Learning Democratic Citizenship - CECD - Centre pour l&#039;\u00e9tude de la citoyennet\u00e9 d\u00e9mocratique","og_description":"Axis 1 \u2013 Learning democratic citizenship This first axis focuses on the acquisition of values, attitudes and skills that constitute the ingredients of a healthy democracy. Democratic citizenship is based on the feeling of belonging to a political community, trust in the institutions that embody the democratic regime, social cohesion linked to the equality of [&hellip;]","og_url":"https:\/\/csdc-cecd.ca\/axe-1-apprendre-la-citoyennete-democratique-dans-un-monde-inegal\/","og_site_name":"CECD - Centre pour l&#039;\u00e9tude de la citoyennet\u00e9 d\u00e9mocratique","article_modified_time":"2024-08-23T21:08:14+00:00","twitter_card":"summary_large_image","twitter_misc":{"Est. reading time":"2 minutes"},"schema":{"@context":"https:\/\/schema.org","@graph":[{"@type":"WebPage","@id":"https:\/\/csdc-cecd.ca\/axe-1-apprendre-la-citoyennete-democratique-dans-un-monde-inegal\/","url":"https:\/\/csdc-cecd.ca\/axe-1-apprendre-la-citoyennete-democratique-dans-un-monde-inegal\/","name":"Axis 1 \u2013 Learning Democratic Citizenship - CECD - Centre pour l&#039;\u00e9tude de la citoyennet\u00e9 d\u00e9mocratique","isPartOf":{"@id":"https:\/\/csdc-cecd.ca\/#website"},"datePublished":"2024-07-13T22:20:38+00:00","dateModified":"2024-08-23T21:08:14+00:00","breadcrumb":{"@id":"https:\/\/csdc-cecd.ca\/axe-1-apprendre-la-citoyennete-democratique-dans-un-monde-inegal\/#breadcrumb"},"inLanguage":"en-US","potentialAction":[{"@type":"ReadAction","target":["https:\/\/csdc-cecd.ca\/axe-1-apprendre-la-citoyennete-democratique-dans-un-monde-inegal\/"]}]},{"@type":"BreadcrumbList","@id":"https:\/\/csdc-cecd.ca\/axe-1-apprendre-la-citoyennete-democratique-dans-un-monde-inegal\/#breadcrumb","itemListElement":[{"@type":"ListItem","position":1,"name":"Accueil","item":"https:\/\/csdc-cecd.ca\/en\/"},{"@type":"ListItem","position":2,"name":"Axis 1 \u2013 Learning Democratic Citizenship"}]},{"@type":"WebSite","@id":"https:\/\/csdc-cecd.ca\/#website","url":"https:\/\/csdc-cecd.ca\/","name":"CECD - Centre pour l&#039;\u00e9tude de la citoyennet\u00e9 d\u00e9mocratique","description":"","potentialAction":[{"@type":"SearchAction","target":{"@type":"EntryPoint","urlTemplate":"https:\/\/csdc-cecd.ca\/?s={search_term_string}"},"query-input":{"@type":"PropertyValueSpecification","valueRequired":true,"valueName":"search_term_string"}}],"inLanguage":"en-US"}]}},"_links":{"self":[{"href":"https:\/\/csdc-cecd.ca\/en\/wp-json\/wp\/v2\/pages\/1566","targetHints":{"allow":["GET"]}}],"collection":[{"href":"https:\/\/csdc-cecd.ca\/en\/wp-json\/wp\/v2\/pages"}],"about":[{"href":"https:\/\/csdc-cecd.ca\/en\/wp-json\/wp\/v2\/types\/page"}],"author":[{"embeddable":true,"href":"https:\/\/csdc-cecd.ca\/en\/wp-json\/wp\/v2\/users\/1"}],"replies":[{"embeddable":true,"href":"https:\/\/csdc-cecd.ca\/en\/wp-json\/wp\/v2\/comments?post=1566"}],"version-history":[{"count":9,"href":"https:\/\/csdc-cecd.ca\/en\/wp-json\/wp\/v2\/pages\/1566\/revisions"}],"predecessor-version":[{"id":2365,"href":"https:\/\/csdc-cecd.ca\/en\/wp-json\/wp\/v2\/pages\/1566\/revisions\/2365"}],"wp:attachment":[{"href":"https:\/\/csdc-cecd.ca\/en\/wp-json\/wp\/v2\/media?parent=1566"}],"curies":[{"name":"wp","href":"https:\/\/api.w.org\/{rel}","templated":true}]}}