{"id":1567,"date":"2024-07-15T14:47:50","date_gmt":"2024-07-15T18:47:50","guid":{"rendered":"https:\/\/nouveau.csdc-cecd.ca\/axe-2-pratiquer-la-citoyennete-dans-un-monde-de-scepticisme\/"},"modified":"2024-08-23T17:08:43","modified_gmt":"2024-08-23T21:08:43","slug":"axe-2-pratiquer-la-citoyennete-dans-un-monde-de-scepticisme","status":"publish","type":"page","link":"https:\/\/csdc-cecd.ca\/en\/axe-2-pratiquer-la-citoyennete-dans-un-monde-de-scepticisme\/","title":{"rendered":"Axis 2 \u2013 The practice of democratic citizenship"},"content":{"rendered":"<p>[et_pb_section fb_built=&#8221;1&#8243; _builder_version=&#8221;4.26.1&#8243; _module_preset=&#8221;default&#8221; global_colors_info=&#8221;{}&#8221;][et_pb_row _builder_version=&#8221;4.26.1&#8243; _module_preset=&#8221;default&#8221; global_colors_info=&#8221;{}&#8221;][et_pb_column type=&#8221;4_4&#8243; _builder_version=&#8221;4.26.1&#8243; _module_preset=&#8221;default&#8221; global_colors_info=&#8221;{}&#8221;][et_pb_text _builder_version=&#8221;4.27.0&#8243; _module_preset=&#8221;default&#8221; global_colors_info=&#8221;{}&#8221;]<\/p>\n<h1>Axis 2 \u2013The practice of democratic citizenship<\/h1>\n<p>This axis focuses on concrete elements of the practice of citizenship: the production and consumption of information on current events, the formation of opinions on political issues and actors (including partisan preferences and voting intentions), and political participation in all its forms. The research in this axis examines crucial questions about a rapidly changing media ecosystem, partisan misalignment and the polarization of opinions, and inequalities in citizen participation.<\/p>\n<p>[\/et_pb_text][\/et_pb_column][\/et_pb_row][et_pb_row column_structure=&#8221;1_4,3_4&#8243; _builder_version=&#8221;4.26.1&#8243; _module_preset=&#8221;default&#8221; global_colors_info=&#8221;{}&#8221;][et_pb_column type=&#8221;1_4&#8243; _builder_version=&#8221;4.26.1&#8243; _module_preset=&#8221;default&#8221; global_colors_info=&#8221;{}&#8221;][et_pb_text _builder_version=&#8221;4.26.1&#8243; _module_preset=&#8221;default&#8221; global_colors_info=&#8221;{}&#8221;]<\/p>\n<p>Chercheurs responsable:<\/p>\n<p>[\/et_pb_text][\/et_pb_column][et_pb_column type=&#8221;3_4&#8243; _builder_version=&#8221;4.26.1&#8243; _module_preset=&#8221;default&#8221; global_colors_info=&#8221;{}&#8221;][et_pb_text _builder_version=&#8221;4.26.1&#8243; _module_preset=&#8221;default&#8221; global_colors_info=&#8221;{}&#8221;]<\/p>\n<p>Mireille Lalancette<\/p>\n<p>[\/et_pb_text][\/et_pb_column][\/et_pb_row][et_pb_row column_structure=&#8221;1_4,3_4&#8243; _builder_version=&#8221;4.26.1&#8243; _module_preset=&#8221;default&#8221; global_colors_info=&#8221;{}&#8221;][et_pb_column type=&#8221;1_4&#8243; _builder_version=&#8221;4.26.1&#8243; _module_preset=&#8221;default&#8221; global_colors_info=&#8221;{}&#8221;][et_pb_text _builder_version=&#8221;4.26.1&#8243; _module_preset=&#8221;default&#8221; global_colors_info=&#8221;{}&#8221;]<\/p>\n<p>Chercheurs impliqu\u00e9s:<\/p>\n<p>[\/et_pb_text][\/et_pb_column][et_pb_column type=&#8221;3_4&#8243; _builder_version=&#8221;4.26.1&#8243; _module_preset=&#8221;default&#8221; global_colors_info=&#8221;{}&#8221;][et_pb_text _builder_version=&#8221;4.26.1&#8243; _module_preset=&#8221;default&#8221; global_colors_info=&#8221;{}&#8221;]<\/p>\n<p>Leo Baccini, Fr\u00e9d\u00e9ric Bastien, Laurie Beaudonnet, \u00c9ric B\u00e9langer, Elissa Berwick, Andr\u00e9 Blais, Marc Andr\u00e9 Bodet, Joanie Bouchard, Colette Brin, Simon Coulombe, Ruth Dassonneville, Arnaud Dellis, Shannon Dinan, Yannick Dufresne, Claire Durand, Dominic Duval, Benjamin Forest, Patrick Fournier, Fran\u00e7ois G\u00e9lineau, Thierry Giasson, Jean-Fran\u00e7ois Godbout, Virginie H\u00e9bert, Olivier Jacques, Mebs Kanji, Erick Lachapelle, Normand Landry, Val\u00e9rie-Anne Mah\u00e9o-Le-Luel, Fenwick McKelvey, Richard Nadeau, Catherine Oullet, Reihaneh Rabbany, Eran Shor, Dietlind Stolle<\/p>\n<p>[\/et_pb_text][\/et_pb_column][\/et_pb_row][et_pb_row column_structure=&#8221;1_4,3_4&#8243; _builder_version=&#8221;4.26.1&#8243; _module_preset=&#8221;default&#8221; global_colors_info=&#8221;{}&#8221;][et_pb_column type=&#8221;1_4&#8243; _builder_version=&#8221;4.26.1&#8243; _module_preset=&#8221;default&#8221; global_colors_info=&#8221;{}&#8221;][et_pb_text _builder_version=&#8221;4.26.1&#8243; _module_preset=&#8221;default&#8221; global_colors_info=&#8221;{}&#8221;]<\/p>\n<p>Chercheurs responsable:<\/p>\n<p>[\/et_pb_text][\/et_pb_column][et_pb_column type=&#8221;3_4&#8243; _builder_version=&#8221;4.26.1&#8243; _module_preset=&#8221;default&#8221; global_colors_info=&#8221;{}&#8221;][et_pb_text _builder_version=&#8221;4.26.1&#8243; _module_preset=&#8221;default&#8221; global_colors_info=&#8221;{}&#8221;]<\/p>\n<p>Mireille Lalancette<\/p>\n<p>[\/et_pb_text][\/et_pb_column][\/et_pb_row][et_pb_row _builder_version=&#8221;4.26.1&#8243; _module_preset=&#8221;default&#8221; global_colors_info=&#8221;{}&#8221;][et_pb_column type=&#8221;4_4&#8243; _builder_version=&#8221;4.26.1&#8243; _module_preset=&#8221;default&#8221; global_colors_info=&#8221;{}&#8221;][et_pb_text _builder_version=&#8221;4.27.0&#8243; _module_preset=&#8221;default&#8221; global_colors_info=&#8221;{}&#8221;]<\/p>\n<h2>THEMES<\/h2>\n<h3>THEME 2.1 : Production and consumption of information<\/h3>\n<p>On the production and consumption of information conveyed by the news media and other communication vectors,<\/p>\n<p>[\/et_pb_text][et_pb_text _builder_version=&#8221;4.27.0&#8243; _module_preset=&#8221;default&#8221; global_colors_info=&#8221;{}&#8221;]<\/p>\n<h3>THEME 2.2: La formation des opinions politiques<\/h3>\n<p>The study of the formation of political opinions is at the heart of several projects. It consists of describing and explaining the political attitudes and behaviors (including partisan attachment, voting and participation) of Canadians by means of surveys conducted during federal and provincial elections,<\/p>\n<p>[\/et_pb_text][et_pb_text _builder_version=&#8221;4.27.0&#8243; _module_preset=&#8221;default&#8221; global_colors_info=&#8221;{}&#8221;]<\/p>\n<h3>THEME 2.3: Citizen participation<\/h3>\n<p>Citizen participation is a theme present in several projects of the other themes. However, it constitutes the specific object in itself. In Canada as elsewhere, more and more voters are taking advantage of the possibility of voting in advance. We will examine the determinants of early voting and the strategies implemented by the parties in the face of this phenomenon.<\/p>\n<p>[\/et_pb_text][et_pb_text _builder_version=&#8221;4.27.0&#8243; _module_preset=&#8221;default&#8221; global_colors_info=&#8221;{}&#8221; custom_margin=&#8221;||0px||false|false&#8221;]<\/p>\n<h2><strong>KEYWORDS<\/strong><\/h2>\n<p>[\/et_pb_text][et_pb_text _builder_version=&#8221;4.27.0&#8243; _module_preset=&#8221;default&#8221; global_colors_info=&#8221;{}&#8221;]<\/p>\n<p>Click on a keyword to see who is researching this topic.<a id=\"30\" href=\"https:\/\/csdc-cecd.ca\/axis-2-practicing-citizenship-skeptical-world\/?axis_keyword_id=30\"><\/a><\/p>\n<link href=\"\/wp-content\/themes\/Divi-Child\/bootstrap.css\" rel=\"stylesheet\"\/>\n<link href=\"\/wp-content\/themes\/Divi-Child\/node_modules\/bootstrap-icons\/font\/bootstrap-icons.min.css\" rel=\"stylesheet\"\/>\n  <div class=\"bootstrap\" style=\"color:black;font-size:16px;\">\n     <div class=\"mb-3\">\n  <ul>\n             <li>\n        <a href=\"\/en\/chercheurses?keyword_id=1\">\n            Economic Voting        <\/a>\n       <\/li>\n                 <li>\n        <a href=\"\/en\/chercheurses?keyword_id=2\">\n            Strategic Voting        <\/a>\n       <\/li>\n                 <li>\n        <a href=\"\/en\/chercheurses?keyword_id=3\">\n            Issue Voting        <\/a>\n       <\/li>\n                 <li>\n        <a href=\"\/en\/chercheurses?keyword_id=5\">\n            Immigrant and Minority Voting Patterns        <\/a>\n       <\/li>\n                 <li>\n        <a href=\"\/en\/chercheurses?keyword_id=6\">\n            Political Parties        <\/a>\n       <\/li>\n                 <li>\n        <a href=\"\/en\/chercheurses?keyword_id=7\">\n            Voter Turnout and Other Forms of Electoral Participation        <\/a>\n       <\/li>\n                 <li>\n        <a href=\"\/en\/chercheurses?keyword_id=8\">\n            Media Analysis        <\/a>\n       <\/li>\n                 <li>\n        <a href=\"\/en\/chercheurses?keyword_id=9\">\n            Political Communication        <\/a>\n       <\/li>\n                 <li>\n        <a href=\"\/en\/chercheurses?keyword_id=10\">\n            Party Leaders        <\/a>\n       <\/li>\n                 <li>\n        <a href=\"\/en\/chercheurses?keyword_id=11\">\n            Public Policy        <\/a>\n       <\/li>\n                 <li>\n        <a href=\"\/en\/chercheurses?keyword_id=12\">\n            Satisfaction with Democracy        <\/a>\n       <\/li>\n                 <li>\n        <a href=\"\/en\/chercheurses?keyword_id=21\">\n            Deliberative Democracy        <\/a>\n       <\/li>\n                 <li>\n        <a href=\"\/en\/chercheurses?keyword_id=22\">\n            Budgetary politics        <\/a>\n       <\/li>\n                 <li>\n        <a href=\"\/en\/chercheurses?keyword_id=24\">\n            Political institutions        <\/a>\n       <\/li>\n                 <li>\n        <a href=\"\/en\/chercheurses?keyword_id=26\">\n            Legislative behaviour        <\/a>\n       <\/li>\n                 <li>\n        <a href=\"\/en\/chercheurses?keyword_id=27\">\n            Survey research        <\/a>\n       <\/li>\n                 <li>\n        <a href=\"\/en\/chercheurses?keyword_id=29\">\n            Content and media analysis        <\/a>\n       <\/li>\n                 <li>\n        <a href=\"\/en\/chercheurses?keyword_id=30\">\n            Quebec        <\/a>\n       <\/li>\n            <\/ul>\n <\/div>\n    \n  <\/div>\n<p>[\/et_pb_text][\/et_pb_column][\/et_pb_row][et_pb_row column_structure=&#8221;1_2,1_2&#8243; _builder_version=&#8221;4.27.0&#8243; _module_preset=&#8221;default&#8221; global_colors_info=&#8221;{}&#8221;][et_pb_column type=&#8221;1_2&#8243; _builder_version=&#8221;4.27.0&#8243; _module_preset=&#8221;default&#8221; global_colors_info=&#8221;{}&#8221;][et_pb_button button_url=&#8221;@ET-DC@eyJkeW5hbWljIjp0cnVlLCJjb250ZW50IjoicG9zdF9saW5rX3VybF9wYWdlIiwic2V0dGluZ3MiOnsicG9zdF9pZCI6IjE1NjgifX0=@&#8221; button_text=&#8221;Axis 3 \u2013 Citizen representation and governance&#8221; _builder_version=&#8221;4.27.0&#8243; _dynamic_attributes=&#8221;button_url&#8221; _module_preset=&#8221;default&#8221; global_colors_info=&#8221;{}&#8221;][\/et_pb_button][\/et_pb_column][et_pb_column type=&#8221;1_2&#8243; _builder_version=&#8221;4.27.0&#8243; _module_preset=&#8221;default&#8221; global_colors_info=&#8221;{}&#8221;][et_pb_button button_url=&#8221;@ET-DC@eyJkeW5hbWljIjp0cnVlLCJjb250ZW50IjoicG9zdF9saW5rX3VybF9wYWdlIiwic2V0dGluZ3MiOnsicG9zdF9pZCI6IjE1NjUifX0=@&#8221; button_text=&#8221;Back to Research Program and Axes&#8221; button_alignment=&#8221;right&#8221; _builder_version=&#8221;4.27.0&#8243; _dynamic_attributes=&#8221;button_url&#8221; _module_preset=&#8221;default&#8221; global_colors_info=&#8221;{}&#8221;][\/et_pb_button][\/et_pb_column][\/et_pb_row][\/et_pb_section]<\/p>\n","protected":false},"excerpt":{"rendered":"<p>Axis 2 \u2013The practice of democratic citizenship This axis focuses on concrete elements of the practice of citizenship: the production and consumption of information on current events, the formation of opinions on political issues and actors (including partisan preferences and voting intentions), and political participation in all its forms. The research in this axis examines [&hellip;]<\/p>\n","protected":false},"author":1,"featured_media":0,"parent":0,"menu_order":0,"comment_status":"closed","ping_status":"closed","template":"","meta":{"_et_pb_use_builder":"on","_et_pb_old_content":"","_et_gb_content_width":"","footnotes":""},"class_list":["post-1567","page","type-page","status-publish","hentry"],"yoast_head":"<!-- This site is optimized with the Yoast SEO plugin v27.4 - https:\/\/yoast.com\/product\/yoast-seo-wordpress\/ -->\n<title>Axis 2 \u2013 The practice of democratic citizenship - CECD - Centre pour l&#039;\u00e9tude de la citoyennet\u00e9 d\u00e9mocratique<\/title>\n<meta name=\"robots\" content=\"index, follow, max-snippet:-1, max-image-preview:large, max-video-preview:-1\" \/>\n<link rel=\"canonical\" href=\"https:\/\/csdc-cecd.ca\/axe-2-pratiquer-la-citoyennete-dans-un-monde-de-scepticisme\/\" \/>\n<meta property=\"og:locale\" content=\"en_US\" \/>\n<meta property=\"og:type\" content=\"article\" \/>\n<meta property=\"og:title\" content=\"Axis 2 \u2013 The practice of democratic citizenship - CECD - Centre pour l&#039;\u00e9tude de la citoyennet\u00e9 d\u00e9mocratique\" \/>\n<meta property=\"og:description\" content=\"Axis 2 \u2013The practice of democratic citizenship This axis focuses on concrete elements of the practice of citizenship: the production and consumption of information on current events, the formation of opinions on political issues and actors (including partisan preferences and voting intentions), and political participation in all its forms. The research in this axis examines [&hellip;]\" \/>\n<meta property=\"og:url\" content=\"https:\/\/csdc-cecd.ca\/axe-2-pratiquer-la-citoyennete-dans-un-monde-de-scepticisme\/\" \/>\n<meta property=\"og:site_name\" content=\"CECD - Centre pour l&#039;\u00e9tude de la citoyennet\u00e9 d\u00e9mocratique\" \/>\n<meta property=\"article:modified_time\" content=\"2024-08-23T21:08:43+00:00\" \/>\n<meta name=\"twitter:card\" content=\"summary_large_image\" \/>\n<meta name=\"twitter:label1\" content=\"Est. reading time\" \/>\n\t<meta name=\"twitter:data1\" content=\"4 minutes\" \/>\n<script type=\"application\/ld+json\" class=\"yoast-schema-graph\">{\"@context\":\"https:\\\/\\\/schema.org\",\"@graph\":[{\"@type\":\"WebPage\",\"@id\":\"https:\\\/\\\/csdc-cecd.ca\\\/axe-2-pratiquer-la-citoyennete-dans-un-monde-de-scepticisme\\\/\",\"url\":\"https:\\\/\\\/csdc-cecd.ca\\\/axe-2-pratiquer-la-citoyennete-dans-un-monde-de-scepticisme\\\/\",\"name\":\"Axis 2 \u2013 The practice of democratic citizenship - CECD - Centre pour l&#039;\u00e9tude de la citoyennet\u00e9 d\u00e9mocratique\",\"isPartOf\":{\"@id\":\"https:\\\/\\\/csdc-cecd.ca\\\/#website\"},\"datePublished\":\"2024-07-15T18:47:50+00:00\",\"dateModified\":\"2024-08-23T21:08:43+00:00\",\"breadcrumb\":{\"@id\":\"https:\\\/\\\/csdc-cecd.ca\\\/axe-2-pratiquer-la-citoyennete-dans-un-monde-de-scepticisme\\\/#breadcrumb\"},\"inLanguage\":\"en-US\",\"potentialAction\":[{\"@type\":\"ReadAction\",\"target\":[\"https:\\\/\\\/csdc-cecd.ca\\\/axe-2-pratiquer-la-citoyennete-dans-un-monde-de-scepticisme\\\/\"]}]},{\"@type\":\"BreadcrumbList\",\"@id\":\"https:\\\/\\\/csdc-cecd.ca\\\/axe-2-pratiquer-la-citoyennete-dans-un-monde-de-scepticisme\\\/#breadcrumb\",\"itemListElement\":[{\"@type\":\"ListItem\",\"position\":1,\"name\":\"Accueil\",\"item\":\"https:\\\/\\\/csdc-cecd.ca\\\/en\\\/\"},{\"@type\":\"ListItem\",\"position\":2,\"name\":\"Axis 2 \u2013 The practice of democratic citizenship\"}]},{\"@type\":\"WebSite\",\"@id\":\"https:\\\/\\\/csdc-cecd.ca\\\/#website\",\"url\":\"https:\\\/\\\/csdc-cecd.ca\\\/\",\"name\":\"CECD - Centre pour l&#039;\u00e9tude de la citoyennet\u00e9 d\u00e9mocratique\",\"description\":\"\",\"potentialAction\":[{\"@type\":\"SearchAction\",\"target\":{\"@type\":\"EntryPoint\",\"urlTemplate\":\"https:\\\/\\\/csdc-cecd.ca\\\/?s={search_term_string}\"},\"query-input\":{\"@type\":\"PropertyValueSpecification\",\"valueRequired\":true,\"valueName\":\"search_term_string\"}}],\"inLanguage\":\"en-US\"}]}<\/script>\n<!-- \/ Yoast SEO plugin. -->","yoast_head_json":{"title":"Axis 2 \u2013 The practice of democratic citizenship - CECD - Centre pour l&#039;\u00e9tude de la citoyennet\u00e9 d\u00e9mocratique","robots":{"index":"index","follow":"follow","max-snippet":"max-snippet:-1","max-image-preview":"max-image-preview:large","max-video-preview":"max-video-preview:-1"},"canonical":"https:\/\/csdc-cecd.ca\/axe-2-pratiquer-la-citoyennete-dans-un-monde-de-scepticisme\/","og_locale":"en_US","og_type":"article","og_title":"Axis 2 \u2013 The practice of democratic citizenship - CECD - Centre pour l&#039;\u00e9tude de la citoyennet\u00e9 d\u00e9mocratique","og_description":"Axis 2 \u2013The practice of democratic citizenship This axis focuses on concrete elements of the practice of citizenship: the production and consumption of information on current events, the formation of opinions on political issues and actors (including partisan preferences and voting intentions), and political participation in all its forms. The research in this axis examines [&hellip;]","og_url":"https:\/\/csdc-cecd.ca\/axe-2-pratiquer-la-citoyennete-dans-un-monde-de-scepticisme\/","og_site_name":"CECD - Centre pour l&#039;\u00e9tude de la citoyennet\u00e9 d\u00e9mocratique","article_modified_time":"2024-08-23T21:08:43+00:00","twitter_card":"summary_large_image","twitter_misc":{"Est. reading time":"4 minutes"},"schema":{"@context":"https:\/\/schema.org","@graph":[{"@type":"WebPage","@id":"https:\/\/csdc-cecd.ca\/axe-2-pratiquer-la-citoyennete-dans-un-monde-de-scepticisme\/","url":"https:\/\/csdc-cecd.ca\/axe-2-pratiquer-la-citoyennete-dans-un-monde-de-scepticisme\/","name":"Axis 2 \u2013 The practice of democratic citizenship - CECD - Centre pour l&#039;\u00e9tude de la citoyennet\u00e9 d\u00e9mocratique","isPartOf":{"@id":"https:\/\/csdc-cecd.ca\/#website"},"datePublished":"2024-07-15T18:47:50+00:00","dateModified":"2024-08-23T21:08:43+00:00","breadcrumb":{"@id":"https:\/\/csdc-cecd.ca\/axe-2-pratiquer-la-citoyennete-dans-un-monde-de-scepticisme\/#breadcrumb"},"inLanguage":"en-US","potentialAction":[{"@type":"ReadAction","target":["https:\/\/csdc-cecd.ca\/axe-2-pratiquer-la-citoyennete-dans-un-monde-de-scepticisme\/"]}]},{"@type":"BreadcrumbList","@id":"https:\/\/csdc-cecd.ca\/axe-2-pratiquer-la-citoyennete-dans-un-monde-de-scepticisme\/#breadcrumb","itemListElement":[{"@type":"ListItem","position":1,"name":"Accueil","item":"https:\/\/csdc-cecd.ca\/en\/"},{"@type":"ListItem","position":2,"name":"Axis 2 \u2013 The practice of democratic citizenship"}]},{"@type":"WebSite","@id":"https:\/\/csdc-cecd.ca\/#website","url":"https:\/\/csdc-cecd.ca\/","name":"CECD - Centre pour l&#039;\u00e9tude de la citoyennet\u00e9 d\u00e9mocratique","description":"","potentialAction":[{"@type":"SearchAction","target":{"@type":"EntryPoint","urlTemplate":"https:\/\/csdc-cecd.ca\/?s={search_term_string}"},"query-input":{"@type":"PropertyValueSpecification","valueRequired":true,"valueName":"search_term_string"}}],"inLanguage":"en-US"}]}},"_links":{"self":[{"href":"https:\/\/csdc-cecd.ca\/en\/wp-json\/wp\/v2\/pages\/1567","targetHints":{"allow":["GET"]}}],"collection":[{"href":"https:\/\/csdc-cecd.ca\/en\/wp-json\/wp\/v2\/pages"}],"about":[{"href":"https:\/\/csdc-cecd.ca\/en\/wp-json\/wp\/v2\/types\/page"}],"author":[{"embeddable":true,"href":"https:\/\/csdc-cecd.ca\/en\/wp-json\/wp\/v2\/users\/1"}],"replies":[{"embeddable":true,"href":"https:\/\/csdc-cecd.ca\/en\/wp-json\/wp\/v2\/comments?post=1567"}],"version-history":[{"count":9,"href":"https:\/\/csdc-cecd.ca\/en\/wp-json\/wp\/v2\/pages\/1567\/revisions"}],"predecessor-version":[{"id":2366,"href":"https:\/\/csdc-cecd.ca\/en\/wp-json\/wp\/v2\/pages\/1567\/revisions\/2366"}],"wp:attachment":[{"href":"https:\/\/csdc-cecd.ca\/en\/wp-json\/wp\/v2\/media?parent=1567"}],"curies":[{"name":"wp","href":"https:\/\/api.w.org\/{rel}","templated":true}]}}