{"id":1568,"date":"2024-07-15T14:55:31","date_gmt":"2024-07-15T18:55:31","guid":{"rendered":"https:\/\/nouveau.csdc-cecd.ca\/axe-3-representer-et-gouverner-les-citoyens-dans-des-temps-critiques\/"},"modified":"2024-08-23T17:09:08","modified_gmt":"2024-08-23T21:09:08","slug":"axe-3-representer-et-gouverner-les-citoyens-dans-des-temps-critiques","status":"publish","type":"page","link":"https:\/\/csdc-cecd.ca\/en\/axe-3-representer-et-gouverner-les-citoyens-dans-des-temps-critiques\/","title":{"rendered":"Axis 3 &#8211; Citizen representation and governance"},"content":{"rendered":"<p>[et_pb_section fb_built=&#8221;1&#8243; _builder_version=&#8221;4.26.1&#8243; _module_preset=&#8221;default&#8221; global_colors_info=&#8221;{}&#8221;][et_pb_row _builder_version=&#8221;4.26.1&#8243; _module_preset=&#8221;default&#8221; global_colors_info=&#8221;{}&#8221;][et_pb_column type=&#8221;4_4&#8243; _builder_version=&#8221;4.26.1&#8243; _module_preset=&#8221;default&#8221; global_colors_info=&#8221;{}&#8221;][et_pb_text _builder_version=&#8221;4.27.0&#8243; _module_preset=&#8221;default&#8221; global_colors_info=&#8221;{}&#8221;]<\/p>\n<h1>Axis 3 &#8211; Citizen representation and governance<\/h1>\n<p><span>After learning and practicing democratic citizenship, the next critical steps are representation and governance. Democratic institutions are key elements. They shape the norms and incentives for active citizenship and they link citizens and their representatives in ways that foster accountability, legitimacy and representation. In Qu\u00e9bec and Canada, as well as in other countries, confidence of citizens toward the institutions is low, as many dislike the way that members of parliaments behave and consider that politicians don\u2019t honour their promises, hence various political endeavours to reform these institutions. Research on this axis will focus on the role of electoral systems, parliaments, parliamentary debates, and political parties.<\/span><\/p>\n<p>[\/et_pb_text][\/et_pb_column][\/et_pb_row][et_pb_row column_structure=&#8221;1_4,3_4&#8243; _builder_version=&#8221;4.26.1&#8243; _module_preset=&#8221;default&#8221; global_colors_info=&#8221;{}&#8221;][et_pb_column type=&#8221;1_4&#8243; _builder_version=&#8221;4.26.1&#8243; _module_preset=&#8221;default&#8221; global_colors_info=&#8221;{}&#8221;][et_pb_text _builder_version=&#8221;4.26.1&#8243; _module_preset=&#8221;default&#8221; global_colors_info=&#8221;{}&#8221;]<\/p>\n<p>Chercheurs responsable:<\/p>\n<p>[\/et_pb_text][\/et_pb_column][et_pb_column type=&#8221;3_4&#8243; _builder_version=&#8221;4.26.1&#8243; _module_preset=&#8221;default&#8221; global_colors_info=&#8221;{}&#8221;][et_pb_text _builder_version=&#8221;4.26.1&#8243; _module_preset=&#8221;default&#8221; global_colors_info=&#8221;{}&#8221;]<\/p>\n<p>Caroline Le Pennec<\/p>\n<p>[\/et_pb_text][\/et_pb_column][\/et_pb_row][et_pb_row column_structure=&#8221;1_4,3_4&#8243; _builder_version=&#8221;4.26.1&#8243; _module_preset=&#8221;default&#8221; global_colors_info=&#8221;{}&#8221;][et_pb_column type=&#8221;1_4&#8243; _builder_version=&#8221;4.26.1&#8243; _module_preset=&#8221;default&#8221; global_colors_info=&#8221;{}&#8221;][et_pb_text _builder_version=&#8221;4.26.1&#8243; _module_preset=&#8221;default&#8221; global_colors_info=&#8221;{}&#8221;]<\/p>\n<p>Chercheurs impliqu\u00e9s:<\/p>\n<p>[\/et_pb_text][\/et_pb_column][et_pb_column type=&#8221;3_4&#8243; _builder_version=&#8221;4.26.1&#8243; _module_preset=&#8221;default&#8221; global_colors_info=&#8221;{}&#8221;][et_pb_text _builder_version=&#8221;4.26.1&#8243; _module_preset=&#8221;default&#8221; global_colors_info=&#8221;{}&#8221;]<\/p>\n<p>Vincent Arel-Bundock, Fr\u00e9d\u00e9rick Bastien, Laurie Beaudonnet, \u00c9ric B\u00e9langer, Lisa Birch, Andr\u00e9 Blais, Marc-Andr\u00e9 Bodet, Joanie Bouchard, Emmanuel Choquette, Jeremy Clark, Ruth Dassonneville, Arnaud Dellis, Shanon Dinan, Yannick Dufresne, Dominic Duval, Aaron Erlich, Benjamin Forest, Patrick Fournier, Fran\u00e7ois G\u00e9lineau, Thierry Giasson, Jean-Fran\u00e7ois Godbout, , Allison Harell, Olivier Jacques, Mireille Lalancette, Normand Landry, Fenwick McKelvey<\/p>\n<p>[\/et_pb_text][\/et_pb_column][\/et_pb_row][et_pb_row _builder_version=&#8221;4.26.1&#8243; _module_preset=&#8221;default&#8221; global_colors_info=&#8221;{}&#8221;][et_pb_column type=&#8221;4_4&#8243; _builder_version=&#8221;4.26.1&#8243; _module_preset=&#8221;default&#8221; global_colors_info=&#8221;{}&#8221;][et_pb_text _builder_version=&#8221;4.27.0&#8243; _module_preset=&#8221;default&#8221; global_colors_info=&#8221;{}&#8221;]<\/p>\n<h2><strong>THEMES<\/strong><\/h2>\n<p>[\/et_pb_text][et_pb_text _builder_version=&#8221;4.27.0&#8243; _module_preset=&#8221;default&#8221; global_colors_info=&#8221;{}&#8221;]<\/p>\n<h3>THEME 3.1: The relationship between citizens and institutions<\/h3>\n<p>The first theme of this axis is devoted to the institutional mechanisms that translate the opinions expressed by citizens (such as the voting method) and, more broadly, frame the learning and practice of democratic citizenship..<\/p>\n<p>[\/et_pb_text][et_pb_text _builder_version=&#8221;4.27.0&#8243; _module_preset=&#8221;default&#8221; global_colors_info=&#8221;{}&#8221;]<\/p>\n<h3>THEME 3.2: Parliamentary institutions and the democratic debate<\/h3>\n<p>This theme focuses on how parties, elected representatives and governments debate political issues and, more broadly, on the functioning of legislatures.<\/p>\n<p>[\/et_pb_text][et_pb_text _builder_version=&#8221;4.27.0&#8243; _module_preset=&#8221;default&#8221; global_colors_info=&#8221;{}&#8221;]<\/p>\n<h3>THEME 3.3:Government Responsiveness<\/h3>\n<p>This theme focuses on the responsiveness of governments to citizens. Work on the respect of electoral commitments by government parties conducted in Canada and in an international comparative perspective.<\/p>\n<p>[\/et_pb_text][et_pb_text _builder_version=&#8221;4.27.0&#8243; _module_preset=&#8221;default&#8221; global_colors_info=&#8221;{}&#8221; custom_margin=&#8221;||0px||false|false&#8221;]<\/p>\n<h2><strong>KEYWORDS<\/strong><\/h2>\n<p>[\/et_pb_text][et_pb_text _builder_version=&#8221;4.27.0&#8243; _module_preset=&#8221;default&#8221; global_colors_info=&#8221;{}&#8221;]<\/p>\n<p>Click on a keyword to see who is researching this topic.<\/p>\n<link href=\"\/wp-content\/themes\/Divi-Child\/bootstrap.css\" rel=\"stylesheet\"\/>\n<link href=\"\/wp-content\/themes\/Divi-Child\/node_modules\/bootstrap-icons\/font\/bootstrap-icons.min.css\" rel=\"stylesheet\"\/>\n  <div class=\"bootstrap\" style=\"color:black;font-size:16px;\">\n     <div class=\"mb-3\">\n  <ul>\n             <li>\n        <a href=\"\/en\/chercheurses?keyword_id=19\">\n            Consequences of Immigrant diversity        <\/a>\n       <\/li>\n                 <li>\n        <a href=\"\/en\/chercheurses?keyword_id=20\">\n            Immigrant political and social incorporation        <\/a>\n       <\/li>\n                 <li>\n        <a href=\"\/en\/chercheurses?keyword_id=30\">\n            Quebec        <\/a>\n       <\/li>\n            <\/ul>\n <\/div>\n    \n  <\/div>\n<p>[\/et_pb_text][et_pb_button button_url=&#8221;@ET-DC@eyJkeW5hbWljIjp0cnVlLCJjb250ZW50IjoicG9zdF9saW5rX3VybF9wYWdlIiwic2V0dGluZ3MiOnsicG9zdF9pZCI6IjQyOSJ9fQ==@&#8221; button_text=&#8221;Back to Research Program and Axes&#8221; button_alignment=&#8221;center&#8221; _builder_version=&#8221;4.27.0&#8243; _dynamic_attributes=&#8221;button_url&#8221; _module_preset=&#8221;default&#8221; global_colors_info=&#8221;{}&#8221;][\/et_pb_button][\/et_pb_column][\/et_pb_row][\/et_pb_section]<\/p>\n","protected":false},"excerpt":{"rendered":"<p>Axis 3 &#8211; Citizen representation and governance After learning and practicing democratic citizenship, the next critical steps are representation and governance. Democratic institutions are key elements. They shape the norms and incentives for active citizenship and they link citizens and their representatives in ways that foster accountability, legitimacy and representation. In Qu\u00e9bec and Canada, as [&hellip;]<\/p>\n","protected":false},"author":1,"featured_media":0,"parent":0,"menu_order":0,"comment_status":"closed","ping_status":"closed","template":"","meta":{"_et_pb_use_builder":"on","_et_pb_old_content":"","_et_gb_content_width":"","footnotes":""},"class_list":["post-1568","page","type-page","status-publish","hentry"],"yoast_head":"<!-- This site is optimized with the Yoast SEO plugin v27.4 - https:\/\/yoast.com\/product\/yoast-seo-wordpress\/ -->\n<title>Axis 3 - Citizen representation and governance - CECD - Centre pour l&#039;\u00e9tude de la citoyennet\u00e9 d\u00e9mocratique<\/title>\n<meta name=\"robots\" content=\"index, follow, max-snippet:-1, max-image-preview:large, max-video-preview:-1\" \/>\n<link rel=\"canonical\" href=\"https:\/\/csdc-cecd.ca\/axe-3-representer-et-gouverner-les-citoyens-dans-des-temps-critiques\/\" \/>\n<meta property=\"og:locale\" content=\"en_US\" \/>\n<meta property=\"og:type\" content=\"article\" \/>\n<meta property=\"og:title\" content=\"Axis 3 - Citizen representation and governance - CECD - Centre pour l&#039;\u00e9tude de la citoyennet\u00e9 d\u00e9mocratique\" \/>\n<meta property=\"og:description\" content=\"Axis 3 - Citizen representation and governance After learning and practicing democratic citizenship, the next critical steps are representation and governance. Democratic institutions are key elements. They shape the norms and incentives for active citizenship and they link citizens and their representatives in ways that foster accountability, legitimacy and representation. In Qu\u00e9bec and Canada, as [&hellip;]\" \/>\n<meta property=\"og:url\" content=\"https:\/\/csdc-cecd.ca\/axe-3-representer-et-gouverner-les-citoyens-dans-des-temps-critiques\/\" \/>\n<meta property=\"og:site_name\" content=\"CECD - Centre pour l&#039;\u00e9tude de la citoyennet\u00e9 d\u00e9mocratique\" \/>\n<meta property=\"article:modified_time\" content=\"2024-08-23T21:09:08+00:00\" \/>\n<meta name=\"twitter:card\" content=\"summary_large_image\" \/>\n<meta name=\"twitter:label1\" content=\"Est. reading time\" \/>\n\t<meta name=\"twitter:data1\" content=\"3 minutes\" \/>\n<script type=\"application\/ld+json\" class=\"yoast-schema-graph\">{\"@context\":\"https:\\\/\\\/schema.org\",\"@graph\":[{\"@type\":\"WebPage\",\"@id\":\"https:\\\/\\\/csdc-cecd.ca\\\/axe-3-representer-et-gouverner-les-citoyens-dans-des-temps-critiques\\\/\",\"url\":\"https:\\\/\\\/csdc-cecd.ca\\\/axe-3-representer-et-gouverner-les-citoyens-dans-des-temps-critiques\\\/\",\"name\":\"Axis 3 - Citizen representation and governance - CECD - Centre pour l&#039;\u00e9tude de la citoyennet\u00e9 d\u00e9mocratique\",\"isPartOf\":{\"@id\":\"https:\\\/\\\/csdc-cecd.ca\\\/#website\"},\"datePublished\":\"2024-07-15T18:55:31+00:00\",\"dateModified\":\"2024-08-23T21:09:08+00:00\",\"breadcrumb\":{\"@id\":\"https:\\\/\\\/csdc-cecd.ca\\\/axe-3-representer-et-gouverner-les-citoyens-dans-des-temps-critiques\\\/#breadcrumb\"},\"inLanguage\":\"en-US\",\"potentialAction\":[{\"@type\":\"ReadAction\",\"target\":[\"https:\\\/\\\/csdc-cecd.ca\\\/axe-3-representer-et-gouverner-les-citoyens-dans-des-temps-critiques\\\/\"]}]},{\"@type\":\"BreadcrumbList\",\"@id\":\"https:\\\/\\\/csdc-cecd.ca\\\/axe-3-representer-et-gouverner-les-citoyens-dans-des-temps-critiques\\\/#breadcrumb\",\"itemListElement\":[{\"@type\":\"ListItem\",\"position\":1,\"name\":\"Accueil\",\"item\":\"https:\\\/\\\/csdc-cecd.ca\\\/en\\\/\"},{\"@type\":\"ListItem\",\"position\":2,\"name\":\"Axis 3 &#8211; Citizen representation and governance\"}]},{\"@type\":\"WebSite\",\"@id\":\"https:\\\/\\\/csdc-cecd.ca\\\/#website\",\"url\":\"https:\\\/\\\/csdc-cecd.ca\\\/\",\"name\":\"CECD - Centre pour l&#039;\u00e9tude de la citoyennet\u00e9 d\u00e9mocratique\",\"description\":\"\",\"potentialAction\":[{\"@type\":\"SearchAction\",\"target\":{\"@type\":\"EntryPoint\",\"urlTemplate\":\"https:\\\/\\\/csdc-cecd.ca\\\/?s={search_term_string}\"},\"query-input\":{\"@type\":\"PropertyValueSpecification\",\"valueRequired\":true,\"valueName\":\"search_term_string\"}}],\"inLanguage\":\"en-US\"}]}<\/script>\n<!-- \/ Yoast SEO plugin. -->","yoast_head_json":{"title":"Axis 3 - Citizen representation and governance - CECD - Centre pour l&#039;\u00e9tude de la citoyennet\u00e9 d\u00e9mocratique","robots":{"index":"index","follow":"follow","max-snippet":"max-snippet:-1","max-image-preview":"max-image-preview:large","max-video-preview":"max-video-preview:-1"},"canonical":"https:\/\/csdc-cecd.ca\/axe-3-representer-et-gouverner-les-citoyens-dans-des-temps-critiques\/","og_locale":"en_US","og_type":"article","og_title":"Axis 3 - Citizen representation and governance - CECD - Centre pour l&#039;\u00e9tude de la citoyennet\u00e9 d\u00e9mocratique","og_description":"Axis 3 - Citizen representation and governance After learning and practicing democratic citizenship, the next critical steps are representation and governance. Democratic institutions are key elements. They shape the norms and incentives for active citizenship and they link citizens and their representatives in ways that foster accountability, legitimacy and representation. In Qu\u00e9bec and Canada, as [&hellip;]","og_url":"https:\/\/csdc-cecd.ca\/axe-3-representer-et-gouverner-les-citoyens-dans-des-temps-critiques\/","og_site_name":"CECD - Centre pour l&#039;\u00e9tude de la citoyennet\u00e9 d\u00e9mocratique","article_modified_time":"2024-08-23T21:09:08+00:00","twitter_card":"summary_large_image","twitter_misc":{"Est. reading time":"3 minutes"},"schema":{"@context":"https:\/\/schema.org","@graph":[{"@type":"WebPage","@id":"https:\/\/csdc-cecd.ca\/axe-3-representer-et-gouverner-les-citoyens-dans-des-temps-critiques\/","url":"https:\/\/csdc-cecd.ca\/axe-3-representer-et-gouverner-les-citoyens-dans-des-temps-critiques\/","name":"Axis 3 - Citizen representation and governance - CECD - Centre pour l&#039;\u00e9tude de la citoyennet\u00e9 d\u00e9mocratique","isPartOf":{"@id":"https:\/\/csdc-cecd.ca\/#website"},"datePublished":"2024-07-15T18:55:31+00:00","dateModified":"2024-08-23T21:09:08+00:00","breadcrumb":{"@id":"https:\/\/csdc-cecd.ca\/axe-3-representer-et-gouverner-les-citoyens-dans-des-temps-critiques\/#breadcrumb"},"inLanguage":"en-US","potentialAction":[{"@type":"ReadAction","target":["https:\/\/csdc-cecd.ca\/axe-3-representer-et-gouverner-les-citoyens-dans-des-temps-critiques\/"]}]},{"@type":"BreadcrumbList","@id":"https:\/\/csdc-cecd.ca\/axe-3-representer-et-gouverner-les-citoyens-dans-des-temps-critiques\/#breadcrumb","itemListElement":[{"@type":"ListItem","position":1,"name":"Accueil","item":"https:\/\/csdc-cecd.ca\/en\/"},{"@type":"ListItem","position":2,"name":"Axis 3 &#8211; Citizen representation and governance"}]},{"@type":"WebSite","@id":"https:\/\/csdc-cecd.ca\/#website","url":"https:\/\/csdc-cecd.ca\/","name":"CECD - Centre pour l&#039;\u00e9tude de la citoyennet\u00e9 d\u00e9mocratique","description":"","potentialAction":[{"@type":"SearchAction","target":{"@type":"EntryPoint","urlTemplate":"https:\/\/csdc-cecd.ca\/?s={search_term_string}"},"query-input":{"@type":"PropertyValueSpecification","valueRequired":true,"valueName":"search_term_string"}}],"inLanguage":"en-US"}]}},"_links":{"self":[{"href":"https:\/\/csdc-cecd.ca\/en\/wp-json\/wp\/v2\/pages\/1568","targetHints":{"allow":["GET"]}}],"collection":[{"href":"https:\/\/csdc-cecd.ca\/en\/wp-json\/wp\/v2\/pages"}],"about":[{"href":"https:\/\/csdc-cecd.ca\/en\/wp-json\/wp\/v2\/types\/page"}],"author":[{"embeddable":true,"href":"https:\/\/csdc-cecd.ca\/en\/wp-json\/wp\/v2\/users\/1"}],"replies":[{"embeddable":true,"href":"https:\/\/csdc-cecd.ca\/en\/wp-json\/wp\/v2\/comments?post=1568"}],"version-history":[{"count":8,"href":"https:\/\/csdc-cecd.ca\/en\/wp-json\/wp\/v2\/pages\/1568\/revisions"}],"predecessor-version":[{"id":2368,"href":"https:\/\/csdc-cecd.ca\/en\/wp-json\/wp\/v2\/pages\/1568\/revisions\/2368"}],"wp:attachment":[{"href":"https:\/\/csdc-cecd.ca\/en\/wp-json\/wp\/v2\/media?parent=1568"}],"curies":[{"name":"wp","href":"https:\/\/api.w.org\/{rel}","templated":true}]}}