{"id":1578,"date":"2024-07-15T15:22:36","date_gmt":"2024-07-15T19:22:36","guid":{"rendered":"https:\/\/nouveau.csdc-cecd.ca\/portail-quebecois-sur-lopinion-publique\/"},"modified":"2024-08-15T13:52:28","modified_gmt":"2024-08-15T17:52:28","slug":"portail-quebecois-sur-lopinion-publique","status":"publish","type":"page","link":"https:\/\/csdc-cecd.ca\/en\/portail-quebecois-sur-lopinion-publique\/","title":{"rendered":"Quebec Portal on Public Opinion"},"content":{"rendered":"<p>[et_pb_section fb_built=&#8221;1&#8243; _builder_version=&#8221;4.26.1&#8243; _module_preset=&#8221;default&#8221; global_colors_info=&#8221;{}&#8221;][et_pb_row _builder_version=&#8221;4.26.1&#8243; _module_preset=&#8221;default&#8221; global_colors_info=&#8221;{}&#8221;][et_pb_column type=&#8221;4_4&#8243; _builder_version=&#8221;4.26.1&#8243; _module_preset=&#8221;default&#8221; global_colors_info=&#8221;{}&#8221;][et_pb_text _builder_version=&#8221;4.27.0&#8243; _module_preset=&#8221;default&#8221;]<\/p>\n<h1 class=\"page-title\">Quebec Portal on Public Opinion<\/h1>\n<p><span>To promote research on democratic citizenship and following the spirit of open science, the CSDC encourages expanded access to public opinion databases. This portal offers visitors a gateway to these databases available on institutional repositories. These databases contain data on Quebec and\/or are the fruit of the work of members of the Quebec scientific community. To add public opinion databases to this directory, we invite you to communicate the contact details (links and descriptions) to<\/span> <a href=\"mailto:cecd-csdc@ulaval.ca\">cecd-csdc@ulaval.ca<\/a>.<\/p>\n<p>[\/et_pb_text][et_pb_text _builder_version=&#8221;4.27.0&#8243; _module_preset=&#8221;default&#8221; link_option_url=&#8221;#section1&#8243;]<\/p>\n<h4><span style=\"text-decoration: underline;\">I. Quebec Public Opinion Databases<\/span><\/h4>\n<p>[\/et_pb_text][et_pb_text _builder_version=&#8221;4.27.0&#8243; _module_preset=&#8221;default&#8221; link_option_url=&#8221;#section2&#8243;]<\/p>\n<h4><span style=\"text-decoration: underline;\">II. Canada Public Opinion Databases<\/span><\/h4>\n<p>[\/et_pb_text][et_pb_text _builder_version=&#8221;4.27.0&#8243; _module_preset=&#8221;default&#8221; link_option_url=&#8221;#section3&#8243;]<\/p>\n<h4><span style=\"text-decoration: underline;\">III. Other Public Opinion Databases<\/span><\/h4>\n<p>[\/et_pb_text][\/et_pb_column][\/et_pb_row][et_pb_row _builder_version=&#8221;4.27.0&#8243; _module_preset=&#8221;default&#8221; global_colors_info=&#8221;{}&#8221;][et_pb_column type=&#8221;4_4&#8243; _builder_version=&#8221;4.26.1&#8243; _module_preset=&#8221;default&#8221; global_colors_info=&#8221;{}&#8221;][et_pb_text module_id=&#8221;section1&#8243; _builder_version=&#8221;4.27.0&#8243; _module_preset=&#8221;default&#8221;]<\/p>\n<h2>I. Quebec Public Opinion Databases<\/h2>\n<p>[\/et_pb_text][et_pb_text _builder_version=&#8221;4.27.0&#8243; _module_preset=&#8221;default&#8221;]<\/p>\n<p><strong>Mah\u00e9o, Val\u00e9rie-Anne; B\u00e9langer, \u00c9ric; Stephenson, Laura B; Harell, Allison.<\/strong><br \/><a href=\"https:\/\/can01.safelinks.protection.outlook.com\/?url=https%3A%2F%2Fdataverse.harvard.edu%2Fdataset.xhtml%3FpersistentId%3Ddoi%3A10.7910%2FDVN%2FPAQBDR&amp;data=05%7C01%7Cedouard.pontoizeau%40umontreal.ca%7C9d238d433c5c45ee6f1008dbc5d10ade%7Cd27eefec2a474be7981e0f8977fa31d8%7C1%7C0%7C638321273839759816%7CUnknown%7CTWFpbGZsb3d8eyJWIjoiMC4wLjAwMDAiLCJQIjoiV2luMzIiLCJBTiI6Ik1haWwiLCJXVCI6Mn0%3D%7C3000%7C%7C%7C&amp;sdata=e4G0YJM6ih17zuWCPXiB3G8w7ddexgNb59fOBKAiLnY%3D&amp;reserved=0\" target=\"_blank\" rel=\"noopener\">\u00c9tude \u00e9lectorale qu\u00e9b\u00e9coise 2022<\/a>, <em>Harvard Dataverse<\/em>.<br \/><span>This dataset contains data from the 2022 Quebec Election Study. This is a study conducted in two waves: a pre-election survey administered online with a sample of 1,536 respondents from the L\u00e9ger firm and a post-election survey administered online to a sample of 1,230 respondents from the same firm. It was led by the Consortium on Electoral Democracy (C-Dem).<\/span><\/p>\n<p>[\/et_pb_text][et_pb_text _builder_version=&#8221;4.27.0&#8243; _module_preset=&#8221;default&#8221;]<\/p>\n<p><strong>B\u00e9langer, \u00c9ric; Nadeau, Richard; Mah\u00e9o, Val\u00e9rie-Anne; Daoust, Jean-Fran\u00e7ois.<\/strong><br \/><a href=\"https:\/\/doi.org\/10.5683\/SP3\/NWTGWS\" target=\"_blank\" rel=\"noopener\">\u00c9tude \u00e9lectorale qu\u00e9b\u00e9coise 2018<\/a>, <em>Borealis<\/em>.<br \/><span>This dataset contains data from the 2018 Quebec Election Study. It consists of a post-election survey administered online by the firm L\u00e9ger with a sample of 3,072 respondents.<\/span><\/p>\n<p>[\/et_pb_text][et_pb_text _builder_version=&#8221;4.27.0&#8243; _module_preset=&#8221;default&#8221;]<\/p>\n<p><strong>Durand, Claire; Blais, Andr\u00e9.<\/strong><br \/><a href=\"https:\/\/doi.org\/10.5683\/SP3\/XDDMMR\" target=\"_blank\" rel=\"noopener\">Sondage panel sur l\u2019\u00e9lection qu\u00e9b\u00e9coise de 2018<\/a>, <em>Borealis<\/em>.<br \/><span>This dataset contains data from a panel survey on the 2018 Quebec provincial election. This mixed survey (telephone and online) includes two waves (pre-election and post-election) and was administered by the firm IPSOS to a sample of 1250 respondents.<\/span><\/p>\n<p>[\/et_pb_text][et_pb_text _builder_version=&#8221;4.27.0&#8243; _module_preset=&#8221;default&#8221;]<\/p>\n<p><strong>B\u00e9langer, \u00c9ric; Nadeau, Richard.<\/strong><br \/><a href=\"https:\/\/borealisdata.ca\/dataset.xhtml?persistentId=doi:10.5683\/SP3\/64F7WR\">\u00c9tude \u00e9lectorale qu\u00e9b\u00e9coise 2014<\/a>, <em>Borealis<\/em>.<br \/><span>This dataset contains data from the 2014 Quebec Election Study. It consists of a post-election survey administered online by the firm L\u00e9ger with a sample of 1,517 respondents.<\/span><\/p>\n<p>[\/et_pb_text][et_pb_text _builder_version=&#8221;4.27.0&#8243; _module_preset=&#8221;default&#8221;]<\/p>\n<p><strong>B\u00e9langer, \u00c9ric; Nadeau, Richard; Henderson, Ailsa; Hepburn, Eve<\/strong>.<br \/><a href=\"https:\/\/borealisdata.ca\/dataset.xhtml?persistentId=doi:10.5683\/SP2\/WXUPXT\">\u00c9tude \u00e9lectorale qu\u00e9b\u00e9coise 2012<\/a>, <em>Borealis<\/em>.<br \/>This dataset contains data from the 2012 Quebec Election Study. The Study was conducted simultaneously with the Scotland Opinion Survey 2012. It consists of a post-election survey administered online by the firm L\u00e9ger with a sample of 1,505 respondents.<\/p>\n<p>[\/et_pb_text][et_pb_text _builder_version=&#8221;4.27.0&#8243; _module_preset=&#8221;default&#8221;]<\/p>\n<p><strong>Durand, Claire; Goyder, John.<\/strong><br \/><a href=\"https:\/\/borealisdata.ca\/dataset.xhtml?persistentId=doi:10.5683\/SP3\/RKHPVL\">Sondage panel sur l\u2019\u00e9lection qu\u00e9b\u00e9coise de 2012<\/a>, <em>Borealis<\/em>.<br \/>This dataset contains data from a panel survey on the 2012 Quebec provincial election. This telephone survey includes two waves (pre-election and post-election) and was administered by the firm CROP to a sample of 844 respondents.<\/p>\n<p>[\/et_pb_text][et_pb_text _builder_version=&#8221;4.27.0&#8243; _module_preset=&#8221;default&#8221;]<\/p>\n<p><strong>Durand, Claire.<\/strong><br \/><a href=\"https:\/\/borealisdata.ca\/dataset.xhtml?persistentId=doi:10.5683\/SP3\/IRZ1PF\">Sondages CROP sur les intentions de vote provinciales qu\u00e9b\u00e9coises 2007-2010<\/a>, <em>Borealis<\/em>.<br \/><span>This dataset contains survey data from the firm CROP on Quebec provincial voting intentions between 2007 and 2010. The surveys were administered by telephone to a sample of approximately 1,000 respondents each month (24,027 respondents in total ).<\/span><\/p>\n<p>[\/et_pb_text][et_pb_text _builder_version=&#8221;4.27.0&#8243; _module_preset=&#8221;default&#8221;]<\/p>\n<p><strong>B\u00e9langer, \u00c9ric; Nadeau, Richard.<\/strong><br \/><a href=\"https:\/\/borealisdata.ca\/dataset.xhtml?persistentId=doi:10.5683\/SP2\/8KEYU3\">\u00c9tude \u00e9lectorale qu\u00e9b\u00e9coise 2008<\/a>, <em>Borealis<\/em>.<br \/><span>This dataset contains data from the 2008 Quebec Election Study. It consists of a post-election telephone survey administered by the L\u00e9ger firm with a sample of 1,151 respondents.<\/span><\/p>\n<p>[\/et_pb_text][et_pb_text _builder_version=&#8221;4.27.0&#8243; _module_preset=&#8221;default&#8221;]<\/p>\n<p><strong>B\u00e9langer, \u00c9ric; Nadeau, Richard; Cr\u00eate, Jean; Stephenson, Laura; Tanguay, Brian.<\/strong><br \/><a href=\"https:\/\/borealisdata.ca\/dataset.xhtml?persistentId=doi:10.5683\/SP2\/6XGOKA\">\u00c9tude \u00e9lectorale qu\u00e9b\u00e9coise 2007<\/a>, <em>Borealis<\/em>.<br \/><span>This dataset contains data from the 2007 Quebec Election Study. It consists of a post-election survey administered by telephone and online (mixed) by the L\u00e9ger firm with a sample of 2,175 respondents.<\/span><\/p>\n<p>[\/et_pb_text][et_pb_text _builder_version=&#8221;4.27.0&#8243; _module_preset=&#8221;default&#8221;]<\/p>\n<p><strong>Durand, Claire; Goyder, John<\/strong>.<br \/><a href=\"https:\/\/borealisdata.ca\/dataset.xhtml?persistentId=doi:10.5683\/SP3\/NDS6VT\">Sondage panel sur l\u2019\u00e9lection qu\u00e9b\u00e9coise de 2007<\/a>, <em>Borealis<\/em>.<br \/><span>This dataset contains data from a panel survey on the 2007 Quebec provincial election. The study includes two pre-election surveys administered to different samples and a post-election wave for which all respondents were recontacted. This telephone survey was administered by the CROP firm to a sample of 2,442 respondents.<\/span><\/p>\n<p>[\/et_pb_text][et_pb_text _builder_version=&#8221;4.27.0&#8243; _module_preset=&#8221;default&#8221;]<\/p>\n<p><strong>Durand, Claire.<\/strong><br \/><a href=\"https:\/\/borealisdata.ca\/dataset.xhtml?persistentId=doi:10.5683\/SP2\/QFUAWG\">Sondages \u00e9lectoraux sur les \u00e9lections g\u00e9n\u00e9rales qu\u00e9b\u00e9coises de 1998<\/a>, Borealis.<br \/><span>This dataset includes data from the firms CROP and CREATEC on the 1998 Quebec general elections. The combined database consists of a panel survey administered to a combined sample of 1,483 French-speaking respondents.<\/span><\/p>\n<p>[\/et_pb_text][et_pb_text module_id=&#8221;section2&#8243; _builder_version=&#8221;4.27.0&#8243; _module_preset=&#8221;default&#8221;]<\/p>\n<h2>II. Canada Public Opinion Databases<\/h2>\n<p>[\/et_pb_text][et_pb_text _builder_version=&#8221;4.27.0&#8243; _module_preset=&#8221;default&#8221;]<\/p>\n<p><strong>Durand, Claire; Goyder, John<\/strong>.<br \/><a href=\"https:\/\/borealisdata.ca\/dataset.xhtml?persistentId=doi:10.5683\/SP3\/NCGSZU\">Sondage panel sur l\u2019\u00e9lection canadienne de 2011<\/a>, <em>Borealis.<\/em><br \/><span>This dataset contains data from a panel survey carried out by the firm CROP among the Quebec population during the 2011 Canadian general election. The study includes two waves (pre-election and post-election) and was administered online with from a sample of 715 Quebecers.<\/span><\/p>\n<p>[\/et_pb_text][et_pb_text _builder_version=&#8221;4.27.0&#8243; _module_preset=&#8221;default&#8221;]<\/p>\n<p><strong>Durand, Claire; Goyder, John<\/strong>.<br \/><a href=\"https:\/\/search.dataone.org\/view\/sha256%3Af7a0c32b8717146a3886a6c9e156807f1e2e701522e56bc2a76f02861f712769\">Sondage panel sur l\u2019\u00e9lection canadienne de 2008<\/a>, <em>Borealis<\/em>.<br \/><span>This dataset contains data from a panel survey carried out by the firm CROP among the Quebec population during the 2008 Canadian general election. The survey includes three waves (two pre-election waves and one post-election wave) and was administered by telephone with a sample of 1000 Quebecers.<\/span><\/p>\n<p>[\/et_pb_text][et_pb_text _builder_version=&#8221;4.27.0&#8243; _module_preset=&#8221;default&#8221;]<\/p>\n<p><strong>B\u00e9langer, \u00c9ric; Nadeau, Richard; Cr\u00eate, Jean; Stephenson, Laura; Tanguay, Brian.<br \/><\/strong><a href=\"https:\/\/borealisdata.ca\/dataset.xhtml?persistentId=doi:10.5683\/SP2\/IGO4AU\">Ontario Election and Referendum Survey 2017<\/a>, <em>Borealis<\/em>.<br \/><span>This dataset contains data from the 2007 Ontario Election and Referendum Survey, which covered the 2007 Ontario general election and the referendum on voting reform. The study consists of a post-election telephone survey administered by the L\u00e9ger firm to a sample of 1,000 respondents.<\/span><\/p>\n<p>[\/et_pb_text][et_pb_text module_id=&#8221;section3&#8243; _builder_version=&#8221;4.27.0&#8243; _module_preset=&#8221;default&#8221;]<\/p>\n<h2>III. Other Public Opinion Databases<\/h2>\n<p>[\/et_pb_text][et_pb_text _builder_version=&#8221;4.27.0&#8243; _module_preset=&#8221;default&#8221;]<\/p>\n<p><strong>Atikcan, Ece \u00d6zlem; Nadeau, Richard; B\u00e9langer, \u00c9ric.<\/strong><br \/><a href=\"https:\/\/borealisdata.ca\/dataset.xhtml?persistentId=doi:10.5683\/SP3\/NCGSZU\">Brexit Opinion Survey<\/a>, <em>Borealis<\/em>.<br \/><span>This dataset contains data from the Brexit Opinion Survey. The survey was administered online by the firm Survation between July 1 and 5, 2016. The sample includes 1,514 respondents.<\/span><\/p>\n<p>[\/et_pb_text][et_pb_text _builder_version=&#8221;4.27.0&#8243; _module_preset=&#8221;default&#8221;]<\/p>\n<p><strong>Durand, Claire.<\/strong><br \/><a href=\"https:\/\/borealisdata.ca\/dataset.xhtml?persistentId=doi:10.5683\/SP3\/AQYTPS\">Sondages sur les perceptions de la population qu\u00e9b\u00e9coise \u00e0 l\u2019\u00e9gard de la charte des valeurs qu\u00e9b\u00e9coises et sur les intentions de vote qu\u00e9b\u00e9coises de septembre 2013 \u00e0 f\u00e9vrier 2014,<\/a> <em>Borealis<\/em>.<br \/><em>This dataset contains survey data from the firm CROP on the perceptions of the Quebec population concerning the Charter of Quebec Values from September 2013 to February 2014. The survey was conducted online with a sample of 1000 respondents each month.<\/em><\/p>\n<p>[\/et_pb_text][et_pb_text _builder_version=&#8221;4.27.0&#8243; _module_preset=&#8221;default&#8221;]<\/p>\n<p><strong>B\u00e9langer, \u00c9ric; Nadeau, Richard; Henderson, Ailsa; Hepburn, Eve.<\/strong><br \/><a href=\"https:\/\/borealisdata.ca\/dataset.xhtml?persistentId=doi:10.5683\/SP2\/SROLJC\">Scotland Opinion Survey 2012<\/a>, <em>Borealis<\/em>.<br \/><span>This dataset contains data from a 2011 survey of opinions about health care in Canada and the United States. The study consists of a cross-section survey administered online by the firm L\u00e9ger with a sample of 7,064 respondents (3,522 Canadians and 3,542 Americans).<\/span><\/p>\n<p>[\/et_pb_text][et_pb_text _builder_version=&#8221;4.27.0&#8243; _module_preset=&#8221;default&#8221; hover_enabled=&#8221;0&#8243; sticky_enabled=&#8221;0&#8243;]<\/p>\n<p><strong>Nadeau, Richard; P\u00e9try, Fran\u00e7ois; B\u00e9langer, \u00c9ric.<\/strong><br \/><a href=\"https:\/\/borealisdata.ca\/dataset.xhtml?persistentId=doi:10.5683\/SP3\/DLZP3L\">Health Care Opinions Canada and United States<\/a>, <em>Borealis<\/em>.<br \/><span>This dataset contains data from a 2011 survey of opinions about health care in Canada and the United States. The study consists of a cross-section survey administered online by the firm L\u00e9ger with a sample of 7,064 respondents (3,522 Canadians and 3,542 Americans).<\/span><\/p>\n<p>[\/et_pb_text][\/et_pb_column][\/et_pb_row][et_pb_row _builder_version=&#8221;4.27.0&#8243; _module_preset=&#8221;default&#8221; global_colors_info=&#8221;{}&#8221;][et_pb_column type=&#8221;4_4&#8243; _builder_version=&#8221;4.27.0&#8243; _module_preset=&#8221;default&#8221; global_colors_info=&#8221;{}&#8221;][et_pb_button button_url=&#8221;#top&#8221; button_text=&#8221;Back to top&#8221; button_alignment=&#8221;center&#8221; _builder_version=&#8221;4.27.0&#8243; _module_preset=&#8221;default&#8221; hover_enabled=&#8221;0&#8243; global_colors_info=&#8221;{}&#8221; sticky_enabled=&#8221;0&#8243;][\/et_pb_button][\/et_pb_column][\/et_pb_row][\/et_pb_section]<\/p>\n","protected":false},"excerpt":{"rendered":"<p>Quebec Portal on Public Opinion To promote research on democratic citizenship and following the spirit of open science, the CSDC encourages expanded access to public opinion databases. This portal offers visitors a gateway to these databases available on institutional repositories. These databases contain data on Quebec and\/or are the fruit of the work of members [&hellip;]<\/p>\n","protected":false},"author":1,"featured_media":0,"parent":0,"menu_order":0,"comment_status":"closed","ping_status":"closed","template":"","meta":{"_et_pb_use_builder":"on","_et_pb_old_content":"","_et_gb_content_width":"","footnotes":""},"class_list":["post-1578","page","type-page","status-publish","hentry"],"yoast_head":"<!-- This site is optimized with the Yoast SEO plugin v27.4 - https:\/\/yoast.com\/product\/yoast-seo-wordpress\/ -->\n<title>Quebec Portal on Public Opinion - CECD - Centre pour l&#039;\u00e9tude de la citoyennet\u00e9 d\u00e9mocratique<\/title>\n<meta name=\"robots\" content=\"index, follow, max-snippet:-1, max-image-preview:large, max-video-preview:-1\" \/>\n<link rel=\"canonical\" href=\"https:\/\/csdc-cecd.ca\/portail-quebecois-sur-lopinion-publique\/\" \/>\n<meta property=\"og:locale\" content=\"en_US\" \/>\n<meta property=\"og:type\" content=\"article\" \/>\n<meta property=\"og:title\" content=\"Quebec Portal on Public Opinion - CECD - Centre pour l&#039;\u00e9tude de la citoyennet\u00e9 d\u00e9mocratique\" \/>\n<meta property=\"og:description\" content=\"Quebec Portal on Public Opinion To promote research on democratic citizenship and following the spirit of open science, the CSDC encourages expanded access to public opinion databases. This portal offers visitors a gateway to these databases available on institutional repositories. These databases contain data on Quebec and\/or are the fruit of the work of members [&hellip;]\" \/>\n<meta property=\"og:url\" content=\"https:\/\/csdc-cecd.ca\/portail-quebecois-sur-lopinion-publique\/\" \/>\n<meta property=\"og:site_name\" content=\"CECD - Centre pour l&#039;\u00e9tude de la citoyennet\u00e9 d\u00e9mocratique\" \/>\n<meta property=\"article:modified_time\" content=\"2024-08-15T17:52:28+00:00\" \/>\n<meta name=\"twitter:card\" content=\"summary_large_image\" \/>\n<meta name=\"twitter:label1\" content=\"Est. reading time\" \/>\n\t<meta name=\"twitter:data1\" content=\"6 minutes\" \/>\n<script type=\"application\/ld+json\" class=\"yoast-schema-graph\">{\"@context\":\"https:\\\/\\\/schema.org\",\"@graph\":[{\"@type\":\"WebPage\",\"@id\":\"https:\\\/\\\/csdc-cecd.ca\\\/portail-quebecois-sur-lopinion-publique\\\/\",\"url\":\"https:\\\/\\\/csdc-cecd.ca\\\/portail-quebecois-sur-lopinion-publique\\\/\",\"name\":\"Quebec Portal on Public Opinion - CECD - Centre pour l&#039;\u00e9tude de la citoyennet\u00e9 d\u00e9mocratique\",\"isPartOf\":{\"@id\":\"https:\\\/\\\/csdc-cecd.ca\\\/#website\"},\"datePublished\":\"2024-07-15T19:22:36+00:00\",\"dateModified\":\"2024-08-15T17:52:28+00:00\",\"breadcrumb\":{\"@id\":\"https:\\\/\\\/csdc-cecd.ca\\\/portail-quebecois-sur-lopinion-publique\\\/#breadcrumb\"},\"inLanguage\":\"en-US\",\"potentialAction\":[{\"@type\":\"ReadAction\",\"target\":[\"https:\\\/\\\/csdc-cecd.ca\\\/portail-quebecois-sur-lopinion-publique\\\/\"]}]},{\"@type\":\"BreadcrumbList\",\"@id\":\"https:\\\/\\\/csdc-cecd.ca\\\/portail-quebecois-sur-lopinion-publique\\\/#breadcrumb\",\"itemListElement\":[{\"@type\":\"ListItem\",\"position\":1,\"name\":\"Accueil\",\"item\":\"https:\\\/\\\/csdc-cecd.ca\\\/en\\\/\"},{\"@type\":\"ListItem\",\"position\":2,\"name\":\"Quebec Portal on Public Opinion\"}]},{\"@type\":\"WebSite\",\"@id\":\"https:\\\/\\\/csdc-cecd.ca\\\/#website\",\"url\":\"https:\\\/\\\/csdc-cecd.ca\\\/\",\"name\":\"CECD - Centre pour l&#039;\u00e9tude de la citoyennet\u00e9 d\u00e9mocratique\",\"description\":\"\",\"potentialAction\":[{\"@type\":\"SearchAction\",\"target\":{\"@type\":\"EntryPoint\",\"urlTemplate\":\"https:\\\/\\\/csdc-cecd.ca\\\/?s={search_term_string}\"},\"query-input\":{\"@type\":\"PropertyValueSpecification\",\"valueRequired\":true,\"valueName\":\"search_term_string\"}}],\"inLanguage\":\"en-US\"}]}<\/script>\n<!-- \/ Yoast SEO plugin. -->","yoast_head_json":{"title":"Quebec Portal on Public Opinion - CECD - Centre pour l&#039;\u00e9tude de la citoyennet\u00e9 d\u00e9mocratique","robots":{"index":"index","follow":"follow","max-snippet":"max-snippet:-1","max-image-preview":"max-image-preview:large","max-video-preview":"max-video-preview:-1"},"canonical":"https:\/\/csdc-cecd.ca\/portail-quebecois-sur-lopinion-publique\/","og_locale":"en_US","og_type":"article","og_title":"Quebec Portal on Public Opinion - CECD - Centre pour l&#039;\u00e9tude de la citoyennet\u00e9 d\u00e9mocratique","og_description":"Quebec Portal on Public Opinion To promote research on democratic citizenship and following the spirit of open science, the CSDC encourages expanded access to public opinion databases. This portal offers visitors a gateway to these databases available on institutional repositories. These databases contain data on Quebec and\/or are the fruit of the work of members [&hellip;]","og_url":"https:\/\/csdc-cecd.ca\/portail-quebecois-sur-lopinion-publique\/","og_site_name":"CECD - Centre pour l&#039;\u00e9tude de la citoyennet\u00e9 d\u00e9mocratique","article_modified_time":"2024-08-15T17:52:28+00:00","twitter_card":"summary_large_image","twitter_misc":{"Est. reading time":"6 minutes"},"schema":{"@context":"https:\/\/schema.org","@graph":[{"@type":"WebPage","@id":"https:\/\/csdc-cecd.ca\/portail-quebecois-sur-lopinion-publique\/","url":"https:\/\/csdc-cecd.ca\/portail-quebecois-sur-lopinion-publique\/","name":"Quebec Portal on Public Opinion - CECD - Centre pour l&#039;\u00e9tude de la citoyennet\u00e9 d\u00e9mocratique","isPartOf":{"@id":"https:\/\/csdc-cecd.ca\/#website"},"datePublished":"2024-07-15T19:22:36+00:00","dateModified":"2024-08-15T17:52:28+00:00","breadcrumb":{"@id":"https:\/\/csdc-cecd.ca\/portail-quebecois-sur-lopinion-publique\/#breadcrumb"},"inLanguage":"en-US","potentialAction":[{"@type":"ReadAction","target":["https:\/\/csdc-cecd.ca\/portail-quebecois-sur-lopinion-publique\/"]}]},{"@type":"BreadcrumbList","@id":"https:\/\/csdc-cecd.ca\/portail-quebecois-sur-lopinion-publique\/#breadcrumb","itemListElement":[{"@type":"ListItem","position":1,"name":"Accueil","item":"https:\/\/csdc-cecd.ca\/en\/"},{"@type":"ListItem","position":2,"name":"Quebec Portal on Public Opinion"}]},{"@type":"WebSite","@id":"https:\/\/csdc-cecd.ca\/#website","url":"https:\/\/csdc-cecd.ca\/","name":"CECD - Centre pour l&#039;\u00e9tude de la citoyennet\u00e9 d\u00e9mocratique","description":"","potentialAction":[{"@type":"SearchAction","target":{"@type":"EntryPoint","urlTemplate":"https:\/\/csdc-cecd.ca\/?s={search_term_string}"},"query-input":{"@type":"PropertyValueSpecification","valueRequired":true,"valueName":"search_term_string"}}],"inLanguage":"en-US"}]}},"_links":{"self":[{"href":"https:\/\/csdc-cecd.ca\/en\/wp-json\/wp\/v2\/pages\/1578","targetHints":{"allow":["GET"]}}],"collection":[{"href":"https:\/\/csdc-cecd.ca\/en\/wp-json\/wp\/v2\/pages"}],"about":[{"href":"https:\/\/csdc-cecd.ca\/en\/wp-json\/wp\/v2\/types\/page"}],"author":[{"embeddable":true,"href":"https:\/\/csdc-cecd.ca\/en\/wp-json\/wp\/v2\/users\/1"}],"replies":[{"embeddable":true,"href":"https:\/\/csdc-cecd.ca\/en\/wp-json\/wp\/v2\/comments?post=1578"}],"version-history":[{"count":5,"href":"https:\/\/csdc-cecd.ca\/en\/wp-json\/wp\/v2\/pages\/1578\/revisions"}],"predecessor-version":[{"id":1980,"href":"https:\/\/csdc-cecd.ca\/en\/wp-json\/wp\/v2\/pages\/1578\/revisions\/1980"}],"wp:attachment":[{"href":"https:\/\/csdc-cecd.ca\/en\/wp-json\/wp\/v2\/media?parent=1578"}],"curies":[{"name":"wp","href":"https:\/\/api.w.org\/{rel}","templated":true}]}}