{"id":1582,"date":"2024-07-30T13:53:58","date_gmt":"2024-07-30T17:53:58","guid":{"rendered":"https:\/\/nouveau.csdc-cecd.ca\/autres-outils\/"},"modified":"2024-08-29T20:52:19","modified_gmt":"2024-08-30T00:52:19","slug":"autres-outils","status":"publish","type":"page","link":"https:\/\/csdc-cecd.ca\/en\/autres-outils\/","title":{"rendered":"Other tools"},"content":{"rendered":"\n[et_pb_section fb_built=&#8221;1&#8243; _builder_version=&#8221;4.27.0&#8243; _module_preset=&#8221;default&#8221; global_colors_info=&#8221;{}&#8221;][et_pb_row _builder_version=&#8221;4.27.0&#8243; _module_preset=&#8221;default&#8221; global_colors_info=&#8221;{}&#8221;][et_pb_column type=&#8221;4_4&#8243; _builder_version=&#8221;4.27.0&#8243; _module_preset=&#8221;default&#8221; global_colors_info=&#8221;{}&#8221;][et_pb_text _builder_version=&#8221;4.27.0&#8243; _module_preset=&#8221;default&#8221; hover_enabled=&#8221;0&#8243; global_colors_info=&#8221;{}&#8221; sticky_enabled=&#8221;0&#8243;]<h1>Autres outils<\/h1>\n<h2>Ressources F\u00e9d\u00e9rales et Provinciales<\/h2>\n<ul>\n<li><a href=\"http:\/\/www.elections.ca\/home.aspx\" target=\"_blank\" rel=\"noopener\">http:\/\/www.elections.ca\/home.aspx<\/a><\/li>\n<li><a href=\"https:\/\/www.elections.ab.ca\/\" target=\"_blank\" rel=\"noopener\">https:\/\/www.elections.ab.ca\/<\/a><\/li>\n<li><a href=\"https:\/\/elections.bc.ca\/\" target=\"_blank\" rel=\"noopener\">https:\/\/elections.bc.ca\/<\/a><\/li>\n<li><a href=\"https:\/\/www.electionsmanitoba.ca\/en\" target=\"_blank\" rel=\"noopener\">https:\/\/www.electionsmanitoba.ca\/en<\/a><\/li>\n<li><a href=\"https:\/\/www.electionsnb.ca\/content\/enb\/fr.html\" target=\"_blank\" rel=\"noopener\">https:\/\/www.electionsnb.ca\/content\/enb\/fr.html<\/a><\/li>\n<li><a href=\"https:\/\/www.elections.gov.nl.ca\/elections\/\" target=\"_blank\" rel=\"noopener\">https:\/\/www.elections.gov.nl.ca\/elections\/<\/a><\/li>\n<li><a href=\"https:\/\/www.electionsnwt.ca\/\" target=\"_blank\" rel=\"noopener\">https:\/\/www.electionsnwt.ca\/<\/a><\/li>\n<li><a href=\"https:\/\/electionsnovascotia.ca\/\" target=\"_blank\" rel=\"noopener\">https:\/\/electionsnovascotia.ca\/<\/a><\/li>\n<li><a href=\"https:\/\/www.elections.nu.ca\/\" target=\"_blank\" rel=\"noopener\">https:\/\/www.elections.nu.ca\/<\/a><\/li>\n<li><a href=\"https:\/\/www.elections.on.ca\/en.html\" target=\"_blank\" rel=\"noopener\">https:\/\/www.elections.on.ca\/en.html<\/a><\/li>\n<li><a href=\"http:\/\/www.electionspei.ca\/\" target=\"_blank\" rel=\"noopener\">http:\/\/www.electionspei.ca\/<\/a><\/li>\n<li><a href=\"https:\/\/www.electionsquebec.qc.ca\/francais\/index.php\" target=\"_blank\" rel=\"noopener\">https:\/\/www.electionsquebec.qc.ca\/francais\/index.php<\/a><\/li>\n<li><a href=\"https:\/\/www.elections.sk.ca\/\" target=\"_blank\" rel=\"noopener\">https:\/\/www.elections.sk.ca\/<\/a><\/li>\n<li><a href=\"http:\/\/www.electionsyk.ca\/en\" target=\"_blank\" rel=\"noopener\">http:\/\/www.electionsyk.ca\/en<\/a><\/li>\n<\/ul>\n<p>&nbsp;<\/p>[\/et_pb_text][et_pb_text _builder_version=&#8221;4.27.0&#8243; _module_preset=&#8221;default&#8221; global_colors_info=&#8221;{}&#8221;]<h2>Partenaires<\/h2>\n<p>Certains de nos partenaires sont fortement impliqu\u00e9s dans la vie politique. Voici leurs sites web:<\/p>\n<ul>\n<li><a href=\"http:\/\/civix.ca\/main\/\" target=\"_blank\" rel=\"noopener\">http:\/\/civix.ca\/main\/<\/a><\/li>\n<li><a href=\"https:\/\/www.apathyisboring.com\/\" target=\"_blank\" rel=\"noopener\">https:\/\/www.apathyisboring.com\/<\/a><\/li>\n<li><a href=\"https:\/\/www.equalvoice.ca\/\" target=\"_blank\" rel=\"noopener\">https:\/\/www.equalvoice.ca\/<\/a><\/li>\n<li><a href=\"https:\/\/www.samaracanada.com\/\" target=\"_blank\" rel=\"noopener\">https:\/\/www.samaracanada.com\/<\/a><\/li>\n<\/ul>\n<p>&nbsp;<\/p>[\/et_pb_text][et_pb_text _builder_version=&#8221;4.27.0&#8243; _module_preset=&#8221;default&#8221; hover_enabled=&#8221;0&#8243; global_colors_info=&#8221;{}&#8221; sticky_enabled=&#8221;0&#8243;]<h2>Centres de Recherche et Associations<\/h2>\n<ul>\n<li><a href=\"https:\/\/www.cpsa-acsp.ca\/\" target=\"_blank\" rel=\"noopener\">https:\/\/www.cpsa-acsp.ca\/<\/a><\/li>\n<li><a href=\"https:\/\/www.ipsa.org\/fr\" target=\"_blank\" rel=\"noopener\">https:\/\/www.ipsa.org\/fr<\/a><\/li>\n<\/ul>\n<h3>UQAM<\/h3>\n<ul>\n<li><a href=\"http:\/\/criec.uqam.ca\/\" target=\"_blank\" rel=\"noopener\">http:\/\/criec.uqam.ca\/<\/a><\/li>\n<li><a href=\"http:\/\/www.capcf.uqam.ca\/\" target=\"_blank\" rel=\"noopener\">http:\/\/www.capcf.uqam.ca\/<\/a><\/li>\n<li><a href=\"http:\/\/cepp.uqam.ca\/\" target=\"_blank\" rel=\"noopener\">http:\/\/cepp.uqam.ca\/<\/a><\/li>\n<li><a href=\"http:\/\/www.gripal.ca\/\" target=\"_blank\" rel=\"noopener\">http:\/\/www.gripal.ca\/<\/a><\/li>\n<li><a href=\"http:\/\/www.cppss.uqam.ca\/\" target=\"_blank\" rel=\"noopener\">http:\/\/www.cppss.uqam.ca\/<\/a><\/li>\n<li><a href=\"http:\/\/www.creqc.uqam.ca\/\" target=\"_blank\" rel=\"noopener\">http:\/\/www.creqc.uqam.ca\/<\/a><\/li>\n<\/ul>\n<h3>Universit\u00e9 de Montr\u00e9al<\/h3>\n<ul>\n<li><a href=\"http:\/\/www.cceae.umontreal.ca\/\" target=\"_blank\" rel=\"noopener\">http:\/\/www.cceae.umontreal.ca\/<\/a><\/li>\n<li><a href=\"http:\/\/www.jeanmonnet.ca\/\" target=\"_blank\" rel=\"noopener\">http:\/\/www.jeanmonnet.ca\/<\/a><\/li>\n<li><a href=\"http:\/\/euroscope.ca\/accueil\/\" target=\"_blank\" rel=\"noopener\">http:\/\/euroscope.ca\/accueil\/<\/a><\/li>\n<li><a href=\"https:\/\/www.chairedemocratie.com\/fr\/\" target=\"_blank\" rel=\"noopener\">https:\/\/www.chairedemocratie.com\/fr\/<\/a><\/li>\n<li><a href=\"http:\/\/www.cccg.umontreal.ca\/\" target=\"_blank\" rel=\"noopener\">http:\/\/www.cccg.umontreal.ca\/<\/a><\/li>\n<li><a href=\"http:\/\/www.chairelectoral.com\/\" target=\"_blank\" rel=\"noopener\">http:\/\/www.chairelectoral.com\/<\/a><\/li>\n<\/ul>\n<h3>Universit\u00e9 Laval<\/h3>\n<ul>\n<li><a href=\"http:\/\/www.capp.ulaval.ca\/\" target=\"_blank\" rel=\"noopener\">http:\/\/www.capp.ulaval.ca\/<\/a><\/li>\n<li><a href=\"http:\/\/www.cei.ulaval.ca\/\" target=\"_blank\" rel=\"noopener\">http:\/\/www.cei.ulaval.ca\/<\/a><\/li>\n<li><a href=\"http:\/\/www.democratie.chaire.ulaval.ca\/index.php\" target=\"_blank\" rel=\"noopener\">http:\/\/www.democratie.chaire.ulaval.ca\/index.php<\/a><\/li>\n<li><a href=\"https:\/\/www.ulaval.ca\/la-recherche\/unites-de-recherche\/chaires\/chaire-de-recherche-du-canada-en-diplomatie-publique.html\" target=\"_blank\" rel=\"noopener\">https:\/\/www.ulaval.ca\/la-recherche\/unites-de-recherche\/chaires\/chaire-de-recherche-du-canada-en-diplomatie-publique.html<\/a><\/li>\n<li><a href=\"http:\/\/www.grcp.ulaval.ca\/\" target=\"_blank\" rel=\"noopener\">http:\/\/www.grcp.ulaval.ca\/<\/a><\/li>\n<li><a href=\"https:\/\/www.poltext.org\/fr\/accueil\" target=\"_blank\" rel=\"noopener\">https:\/\/www.poltext.org\/fr\/accueil<\/a><\/li>\n<\/ul>\n<h3>McGill<\/h3>\n<ul>\n<li><a href=\"http:\/\/www.cepsi.umontreal.ca\/defaulten.aspx\" target=\"_blank\" rel=\"noopener\">http:\/\/www.cepsi.umontreal.ca\/defaulten.aspx<\/a><\/li>\n<li><a href=\"http:\/\/www.centreurope-montreal.ca\/en\/\" target=\"_blank\" rel=\"noopener\">http:\/\/www.centreurope-montreal.ca\/en\/<\/a><\/li>\n<li><a href=\"https:\/\/www.mcgill.ca\/politicalscience\/about-us\/centres\/misc\" target=\"_blank\" rel=\"noopener\">https:\/\/www.mcgill.ca\/politicalscience\/about-us\/centres\/misc<\/a><\/li>\n<li><a href=\"https:\/\/mcgill.ca\/rgcs\/research-group-constitutional-studies\" target=\"_blank\" rel=\"noopener\">https:\/\/mcgill.ca\/rgcs\/research-group-constitutional-studies<\/a><\/li>\n<li><a href=\"https:\/\/mcgill.ca\/mes\/middle-east-studies-program\" target=\"_blank\" rel=\"noopener\">https:\/\/mcgill.ca\/mes\/middle-east-studies-program<\/a><\/li>\n<li><a href=\"https:\/\/mcgill.ca\/qcst\/\" target=\"_blank\" rel=\"noopener\">https:\/\/mcgill.ca\/qcst\/<\/a><\/li>\n<li><a href=\"http:\/\/www.specque.org\/\" target=\"_blank\" rel=\"noopener\">http:\/\/www.specque.org\/<\/a><\/li>\n<\/ul>\n<h3>Concordia<\/h3>\n<ul>\n<li><a href=\"http:\/\/www.concordia.ca\/research\/chairs\/aging-public-policy.html\" target=\"_blank\" rel=\"noopener\">http:\/\/www.concordia.ca\/research\/chairs\/aging-public-policy.html<\/a><\/li>\n<li><a href=\"http:\/\/www.concordia.ca\/artsci\/polisci\/research\/cipe.html\" target=\"_blank\" rel=\"noopener\">http:\/\/www.concordia.ca\/artsci\/polisci\/research\/cipe.html<\/a><\/li>\n<\/ul>\n<h3>Teluq<\/h3>\n<ul>\n<li><a href=\"http:\/\/chaire-emdh.teluq.ca\/\" target=\"_blank\" rel=\"noopener\">http:\/\/chaire-emdh.teluq.ca\/<\/a><\/li>\n<\/ul>\n<p>&nbsp;<\/p>[\/et_pb_text][et_pb_text _builder_version=&#8221;4.27.0&#8243; _module_preset=&#8221;default&#8221; hover_enabled=&#8221;0&#8243; global_colors_info=&#8221;{}&#8221; sticky_enabled=&#8221;0&#8243;]<h2>Revues acad\u00e9miques<\/h2>\n<ul>\n<li><a href=\"https:\/\/www.palgrave.com\/us\/journal\/41269\" target=\"_blank\" rel=\"noopener\">https:\/\/www.palgrave.com\/us\/journal\/41269<\/a><\/li>\n<li><a href=\"https:\/\/ajps.org\/\" target=\"_blank\" rel=\"noopener\">https:\/\/ajps.org\/<\/a><\/li>\n<li><a href=\"https:\/\/www.cambridge.org\/core\/journals\/american-political-science-review\" target=\"_blank\" rel=\"noopener\">https:\/\/www.cambridge.org\/core\/journals\/american-political-science-review<\/a><\/li>\n<li><a href=\"https:\/\/ojs.unbc.ca\/index.php\/cpsr\" target=\"_blank\" rel=\"noopener\">https:\/\/ojs.unbc.ca\/index.php\/cpsr<\/a><\/li>\n<li><a href=\"https:\/\/www.cambridge.org\/core\/journals\/canadian-journal-of-political-science-revue-canadienne-de-science-politique\" target=\"_blank\" rel=\"noopener\">https:\/\/www.cambridge.org\/core\/journals\/canadian-journal-of-political-science-revue-canadienne-de-science-politique<\/a><\/li>\n<\/ul>\n<p>&nbsp;<\/p>[\/et_pb_text][\/et_pb_column][\/et_pb_row][\/et_pb_section]\n","protected":false},"excerpt":{"rendered":"<p>Autres outils Ressources F\u00e9d\u00e9rales et Provinciales http:\/\/www.elections.ca\/home.aspx https:\/\/www.elections.ab.ca\/ https:\/\/elections.bc.ca\/ https:\/\/www.electionsmanitoba.ca\/en https:\/\/www.electionsnb.ca\/content\/enb\/fr.html https:\/\/www.elections.gov.nl.ca\/elections\/ https:\/\/www.electionsnwt.ca\/ https:\/\/electionsnovascotia.ca\/ https:\/\/www.elections.nu.ca\/ https:\/\/www.elections.on.ca\/en.html http:\/\/www.electionspei.ca\/ https:\/\/www.electionsquebec.qc.ca\/francais\/index.php https:\/\/www.elections.sk.ca\/ http:\/\/www.electionsyk.ca\/en &nbsp;Partenaires Certains de nos partenaires sont fortement impliqu\u00e9s dans la vie politique. Voici leurs sites web: http:\/\/civix.ca\/main\/ https:\/\/www.apathyisboring.com\/ https:\/\/www.equalvoice.ca\/ https:\/\/www.samaracanada.com\/ &nbsp;Centres de Recherche et Associations https:\/\/www.cpsa-acsp.ca\/ https:\/\/www.ipsa.org\/fr UQAM http:\/\/criec.uqam.ca\/ http:\/\/www.capcf.uqam.ca\/ http:\/\/cepp.uqam.ca\/ http:\/\/www.gripal.ca\/ http:\/\/www.cppss.uqam.ca\/ http:\/\/www.creqc.uqam.ca\/ Universit\u00e9 [&hellip;]<\/p>\n","protected":false},"author":1,"featured_media":0,"parent":0,"menu_order":0,"comment_status":"closed","ping_status":"closed","template":"","meta":{"_et_pb_use_builder":"on","_et_pb_old_content":"","_et_gb_content_width":"","footnotes":""},"class_list":["post-1582","page","type-page","status-publish","hentry"],"yoast_head":"<!-- This site is optimized with the Yoast SEO plugin v27.4 - https:\/\/yoast.com\/product\/yoast-seo-wordpress\/ -->\n<title>Other tools - CECD - Centre pour l&#039;\u00e9tude de la citoyennet\u00e9 d\u00e9mocratique<\/title>\n<meta name=\"robots\" content=\"noindex, follow\" \/>\n<meta property=\"og:locale\" content=\"en_US\" \/>\n<meta property=\"og:type\" content=\"article\" \/>\n<meta property=\"og:title\" content=\"Other tools - CECD - Centre pour l&#039;\u00e9tude de la citoyennet\u00e9 d\u00e9mocratique\" \/>\n<meta property=\"og:description\" content=\"Autres outils Ressources F\u00e9d\u00e9rales et Provinciales http:\/\/www.elections.ca\/home.aspx https:\/\/www.elections.ab.ca\/ https:\/\/elections.bc.ca\/ https:\/\/www.electionsmanitoba.ca\/en https:\/\/www.electionsnb.ca\/content\/enb\/fr.html https:\/\/www.elections.gov.nl.ca\/elections\/ https:\/\/www.electionsnwt.ca\/ https:\/\/electionsnovascotia.ca\/ https:\/\/www.elections.nu.ca\/ https:\/\/www.elections.on.ca\/en.html http:\/\/www.electionspei.ca\/ https:\/\/www.electionsquebec.qc.ca\/francais\/index.php https:\/\/www.elections.sk.ca\/ http:\/\/www.electionsyk.ca\/en &nbsp;Partenaires Certains de nos partenaires sont fortement impliqu\u00e9s dans la vie politique. Voici leurs sites web: http:\/\/civix.ca\/main\/ https:\/\/www.apathyisboring.com\/ https:\/\/www.equalvoice.ca\/ https:\/\/www.samaracanada.com\/ &nbsp;Centres de Recherche et Associations https:\/\/www.cpsa-acsp.ca\/ https:\/\/www.ipsa.org\/fr UQAM http:\/\/criec.uqam.ca\/ http:\/\/www.capcf.uqam.ca\/ http:\/\/cepp.uqam.ca\/ http:\/\/www.gripal.ca\/ http:\/\/www.cppss.uqam.ca\/ http:\/\/www.creqc.uqam.ca\/ Universit\u00e9 [&hellip;]\" \/>\n<meta property=\"og:url\" content=\"https:\/\/csdc-cecd.ca\/en\/autres-outils\/\" \/>\n<meta property=\"og:site_name\" content=\"CECD - Centre pour l&#039;\u00e9tude de la citoyennet\u00e9 d\u00e9mocratique\" \/>\n<meta property=\"article:modified_time\" content=\"2024-08-30T00:52:19+00:00\" \/>\n<meta name=\"twitter:card\" content=\"summary_large_image\" \/>\n<meta name=\"twitter:label1\" content=\"Est. reading time\" \/>\n\t<meta name=\"twitter:data1\" content=\"1 minute\" \/>\n<script type=\"application\/ld+json\" class=\"yoast-schema-graph\">{\"@context\":\"https:\\\/\\\/schema.org\",\"@graph\":[{\"@type\":\"WebPage\",\"@id\":\"https:\\\/\\\/csdc-cecd.ca\\\/en\\\/autres-outils\\\/\",\"url\":\"https:\\\/\\\/csdc-cecd.ca\\\/en\\\/autres-outils\\\/\",\"name\":\"Other tools - CECD - Centre pour l&#039;\u00e9tude de la citoyennet\u00e9 d\u00e9mocratique\",\"isPartOf\":{\"@id\":\"https:\\\/\\\/csdc-cecd.ca\\\/#website\"},\"datePublished\":\"2024-07-30T17:53:58+00:00\",\"dateModified\":\"2024-08-30T00:52:19+00:00\",\"breadcrumb\":{\"@id\":\"https:\\\/\\\/csdc-cecd.ca\\\/en\\\/autres-outils\\\/#breadcrumb\"},\"inLanguage\":\"en-US\",\"potentialAction\":[{\"@type\":\"ReadAction\",\"target\":[\"https:\\\/\\\/csdc-cecd.ca\\\/en\\\/autres-outils\\\/\"]}]},{\"@type\":\"BreadcrumbList\",\"@id\":\"https:\\\/\\\/csdc-cecd.ca\\\/en\\\/autres-outils\\\/#breadcrumb\",\"itemListElement\":[{\"@type\":\"ListItem\",\"position\":1,\"name\":\"Accueil\",\"item\":\"https:\\\/\\\/csdc-cecd.ca\\\/en\\\/\"},{\"@type\":\"ListItem\",\"position\":2,\"name\":\"Other tools\"}]},{\"@type\":\"WebSite\",\"@id\":\"https:\\\/\\\/csdc-cecd.ca\\\/#website\",\"url\":\"https:\\\/\\\/csdc-cecd.ca\\\/\",\"name\":\"CECD - Centre pour l&#039;\u00e9tude de la citoyennet\u00e9 d\u00e9mocratique\",\"description\":\"\",\"potentialAction\":[{\"@type\":\"SearchAction\",\"target\":{\"@type\":\"EntryPoint\",\"urlTemplate\":\"https:\\\/\\\/csdc-cecd.ca\\\/?s={search_term_string}\"},\"query-input\":{\"@type\":\"PropertyValueSpecification\",\"valueRequired\":true,\"valueName\":\"search_term_string\"}}],\"inLanguage\":\"en-US\"}]}<\/script>\n<!-- \/ Yoast SEO plugin. -->","yoast_head_json":{"title":"Other tools - CECD - Centre pour l&#039;\u00e9tude de la citoyennet\u00e9 d\u00e9mocratique","robots":{"index":"noindex","follow":"follow"},"og_locale":"en_US","og_type":"article","og_title":"Other tools - CECD - Centre pour l&#039;\u00e9tude de la citoyennet\u00e9 d\u00e9mocratique","og_description":"Autres outils Ressources F\u00e9d\u00e9rales et Provinciales http:\/\/www.elections.ca\/home.aspx https:\/\/www.elections.ab.ca\/ https:\/\/elections.bc.ca\/ https:\/\/www.electionsmanitoba.ca\/en https:\/\/www.electionsnb.ca\/content\/enb\/fr.html https:\/\/www.elections.gov.nl.ca\/elections\/ https:\/\/www.electionsnwt.ca\/ https:\/\/electionsnovascotia.ca\/ https:\/\/www.elections.nu.ca\/ https:\/\/www.elections.on.ca\/en.html http:\/\/www.electionspei.ca\/ https:\/\/www.electionsquebec.qc.ca\/francais\/index.php https:\/\/www.elections.sk.ca\/ http:\/\/www.electionsyk.ca\/en &nbsp;Partenaires Certains de nos partenaires sont fortement impliqu\u00e9s dans la vie politique. Voici leurs sites web: http:\/\/civix.ca\/main\/ https:\/\/www.apathyisboring.com\/ https:\/\/www.equalvoice.ca\/ https:\/\/www.samaracanada.com\/ &nbsp;Centres de Recherche et Associations https:\/\/www.cpsa-acsp.ca\/ https:\/\/www.ipsa.org\/fr UQAM http:\/\/criec.uqam.ca\/ http:\/\/www.capcf.uqam.ca\/ http:\/\/cepp.uqam.ca\/ http:\/\/www.gripal.ca\/ http:\/\/www.cppss.uqam.ca\/ http:\/\/www.creqc.uqam.ca\/ Universit\u00e9 [&hellip;]","og_url":"https:\/\/csdc-cecd.ca\/en\/autres-outils\/","og_site_name":"CECD - Centre pour l&#039;\u00e9tude de la citoyennet\u00e9 d\u00e9mocratique","article_modified_time":"2024-08-30T00:52:19+00:00","twitter_card":"summary_large_image","twitter_misc":{"Est. reading time":"1 minute"},"schema":{"@context":"https:\/\/schema.org","@graph":[{"@type":"WebPage","@id":"https:\/\/csdc-cecd.ca\/en\/autres-outils\/","url":"https:\/\/csdc-cecd.ca\/en\/autres-outils\/","name":"Other tools - CECD - Centre pour l&#039;\u00e9tude de la citoyennet\u00e9 d\u00e9mocratique","isPartOf":{"@id":"https:\/\/csdc-cecd.ca\/#website"},"datePublished":"2024-07-30T17:53:58+00:00","dateModified":"2024-08-30T00:52:19+00:00","breadcrumb":{"@id":"https:\/\/csdc-cecd.ca\/en\/autres-outils\/#breadcrumb"},"inLanguage":"en-US","potentialAction":[{"@type":"ReadAction","target":["https:\/\/csdc-cecd.ca\/en\/autres-outils\/"]}]},{"@type":"BreadcrumbList","@id":"https:\/\/csdc-cecd.ca\/en\/autres-outils\/#breadcrumb","itemListElement":[{"@type":"ListItem","position":1,"name":"Accueil","item":"https:\/\/csdc-cecd.ca\/en\/"},{"@type":"ListItem","position":2,"name":"Other tools"}]},{"@type":"WebSite","@id":"https:\/\/csdc-cecd.ca\/#website","url":"https:\/\/csdc-cecd.ca\/","name":"CECD - Centre pour l&#039;\u00e9tude de la citoyennet\u00e9 d\u00e9mocratique","description":"","potentialAction":[{"@type":"SearchAction","target":{"@type":"EntryPoint","urlTemplate":"https:\/\/csdc-cecd.ca\/?s={search_term_string}"},"query-input":{"@type":"PropertyValueSpecification","valueRequired":true,"valueName":"search_term_string"}}],"inLanguage":"en-US"}]}},"_links":{"self":[{"href":"https:\/\/csdc-cecd.ca\/en\/wp-json\/wp\/v2\/pages\/1582","targetHints":{"allow":["GET"]}}],"collection":[{"href":"https:\/\/csdc-cecd.ca\/en\/wp-json\/wp\/v2\/pages"}],"about":[{"href":"https:\/\/csdc-cecd.ca\/en\/wp-json\/wp\/v2\/types\/page"}],"author":[{"embeddable":true,"href":"https:\/\/csdc-cecd.ca\/en\/wp-json\/wp\/v2\/users\/1"}],"replies":[{"embeddable":true,"href":"https:\/\/csdc-cecd.ca\/en\/wp-json\/wp\/v2\/comments?post=1582"}],"version-history":[{"count":1,"href":"https:\/\/csdc-cecd.ca\/en\/wp-json\/wp\/v2\/pages\/1582\/revisions"}],"predecessor-version":[{"id":1587,"href":"https:\/\/csdc-cecd.ca\/en\/wp-json\/wp\/v2\/pages\/1582\/revisions\/1587"}],"wp:attachment":[{"href":"https:\/\/csdc-cecd.ca\/en\/wp-json\/wp\/v2\/media?parent=1582"}],"curies":[{"name":"wp","href":"https:\/\/api.w.org\/{rel}","templated":true}]}}