{"id":1594,"date":"2024-07-30T14:11:08","date_gmt":"2024-07-30T18:11:08","guid":{"rendered":"https:\/\/nouveau.csdc-cecd.ca\/calendrier-des-evenements\/"},"modified":"2024-08-17T10:28:39","modified_gmt":"2024-08-17T14:28:39","slug":"calendrier-des-evenements","status":"publish","type":"page","link":"https:\/\/csdc-cecd.ca\/en\/calendrier-des-evenements\/","title":{"rendered":"Events Calendar"},"content":{"rendered":"<p>[et_pb_section fb_built=&#8221;1&#8243; _builder_version=&#8221;4.27.0&#8243; _module_preset=&#8221;default&#8221; global_colors_info=&#8221;{}&#8221;][et_pb_row _builder_version=&#8221;4.27.0&#8243; _module_preset=&#8221;default&#8221; global_colors_info=&#8221;{}&#8221;][et_pb_column type=&#8221;4_4&#8243; _builder_version=&#8221;4.27.0&#8243; _module_preset=&#8221;default&#8221; global_colors_info=&#8221;{}&#8221;][et_pb_text _builder_version=&#8221;4.27.0&#8243; _module_preset=&#8221;default&#8221; hover_enabled=&#8221;0&#8243; sticky_enabled=&#8221;0&#8243;]<\/p>\n<h1>Events Calendar<\/h1>\n<p>[\/et_pb_text][et_pb_code _builder_version=&#8221;4.27.0&#8243; _module_preset=&#8221;default&#8221; global_colors_info=&#8221;{}&#8221;]<link href=\"\/wp-content\/themes\/Divi-Child\/bootstrap.css\" rel=\"stylesheet\"\/>\n<link href=\"\/wp-content\/themes\/Divi-Child\/node_modules\/bootstrap-icons\/font\/bootstrap-icons.min.css\" rel=\"stylesheet\"\/>\n  <div class=\"bootstrap\" style=\"color:black;font-size:16px;\">\n     <style>\n     .wad {\n         min-height: 150px;\n     }\n     .wad2 {\n         width: 98%;\n         min-width: 1000px;\n     }\n <\/style>\n <style>\n     #loading-overlay {\n         display: none;\n         position: fixed;\n         inset: 0;\n         background: rgba(255, 255, 255, 0.8);\n         color: #333;\n         font-size: 1.5em;\n         font-weight: bold;\n         text-align: center;\n         padding-top: 20%;\n         z-index: 9999;\n     }\n <\/style>\n <div id=\"loading-overlay\">\u23f3 Loading, please wait...<\/div>\n <div style=\"overflow:auto;\">\n  <div class=\"wad2\">\n   <div class=\"row mb-5 align-items-end\">\n    <div class=\"col text-start p-0\">\n     <a href=\"?view_date=2026-03-01\" class=\"btn \"><i\n       class=\"bi bi-caret-left\"><\/i>\n      Previous     <\/a>\n    <\/div>\n    <div class=\"col text-center h5 fw-bold\">\n     <div class=\"row p-0 m-0\">\n      <div class=\"col\">\n       <select class=\"form-select form-select-lg w-auto fw-bold\"\n               onchange=\"document.querySelectorAll('select').forEach(s => s.disabled = true);document.getElementById('loading-overlay').style.display = 'block';window.location.href='?view_date=' + this.value;\">\n                 <option\n                    value=\"2026-01-01\">January<\/option>\n                  <option\n                    value=\"2026-02-01\">February<\/option>\n                  <option\n                    value=\"2026-03-01\">March<\/option>\n                  <option\n          selected          value=\"2026-04-01\">April<\/option>\n                  <option\n                    value=\"2026-05-01\">May<\/option>\n                  <option\n                    value=\"2026-06-01\">June<\/option>\n                  <option\n                    value=\"2026-07-01\">July<\/option>\n                  <option\n                    value=\"2026-08-01\">August<\/option>\n                  <option\n                    value=\"2026-09-01\">September<\/option>\n                  <option\n                    value=\"2026-10-01\">October<\/option>\n                  <option\n                    value=\"2026-11-01\">November<\/option>\n                  <option\n                    value=\"2026-12-01\">December<\/option>\n                <\/select>\n      <\/div>\n      <div class=\"col\">\n       <select class=\"form-select form-select-lg w-auto fw-bold\"\n               onchange=\"document.querySelectorAll('select').forEach(s => s.disabled = true);document.getElementById('loading-overlay').style.display = 'block';window.location.href='?view_date=' + this.value;\">\n                 <option\n          value=\"2023-04-01\"\n          >2023<\/option>\n                  <option\n          value=\"2024-04-01\"\n          >2024<\/option>\n                  <option\n          value=\"2025-04-01\"\n          >2025<\/option>\n                  <option\n          value=\"2026-04-01\"\n          selected>2026<\/option>\n                  <option\n          value=\"2027-04-01\"\n          >2027<\/option>\n                <\/select>\n      <\/div>\n     <\/div>\n    <\/div>\n    <div class=\"col text-end p-0\">\n     <a href=\"?view_date=2026-05-01\"\n        class=\"btn\">Next      <i class=\"bi bi-caret-right\"><\/i>\n     <\/a>\n    <\/div>\n   <\/div>\n   <div class=\"row\">\n         <div class=\"col h5 fw-bold\">Monday<\/div>\n     <div class=\"col h5 fw-bold\">Tuesday<\/div>\n     <div class=\"col h5 fw-bold\">Wednesday<\/div>\n     <div class=\"col h5 fw-bold\">Thursday<\/div>\n     <div class=\"col h5 fw-bold\">Friday<\/div>\n     <div class=\"col h5 fw-bold\">Saturday<\/div>\n     <div class=\"col h5 fw-bold\">Sunday<\/div>\n        <\/div>\n   <div class=\"row\">\n         <div class=\"col wad\"><\/div>\n          <div class=\"col wad\"><\/div>\n         <div class=\"col wad\">\n     1         <\/div>\n        <div class=\"col wad\">\n     2         <\/div>\n        <div class=\"col wad\">\n     3         <\/div>\n        <div class=\"col wad\">\n     4         <\/div>\n        <div class=\"col wad\">\n     5         <\/div>\n       <\/div>\n   <div class=\"row\">\n        <div class=\"col wad\">\n     6         <\/div>\n        <div class=\"col wad\">\n     7         <\/div>\n        <div class=\"col wad\">\n     8         <\/div>\n        <div class=\"col wad\">\n     9            <a href=\"https:\/\/csdc-cecd.ca\/en\/democratic-backsliding-d-stolle\/\"\n          class=\"d-block my-2 p-2 btn btn-sm btn-secondary\" style=\"border-radius:15px;\">\n        Democratic backsliding - D. Stolle               <\/a>\n           <\/div>\n        <div class=\"col wad\">\n     10         <\/div>\n        <div class=\"col wad\">\n     11         <\/div>\n        <div class=\"col wad\">\n     12         <\/div>\n       <\/div>\n   <div class=\"row\">\n        <div class=\"col wad\">\n     13         <\/div>\n        <div class=\"col wad\">\n     14            <a href=\"https:\/\/csdc-cecd.ca\/en\/journee-dateliers-sur-la-professionnalisation\/\"\n          class=\"d-block my-2 p-2 btn btn-sm btn-secondary\" style=\"border-radius:15px;\">\n        Journ\u00e9e d'ateliers sur la professionnalisation               <\/a>\n           <\/div>\n        <div class=\"col wad\">\n     15         <\/div>\n        <div class=\"col wad\">\n     16         <\/div>\n        <div class=\"col wad\">\n     17            <a href=\"https:\/\/csdc-cecd.ca\/en\/serie-de-conference-a-larsson\/\"\n          class=\"d-block my-2 p-2 btn btn-sm btn-secondary\" style=\"border-radius:15px;\">\n        Serie de conference - A Larsson               <\/a>\n           <\/div>\n        <div class=\"col wad\">\n     18         <\/div>\n        <div class=\"col wad\">\n     19         <\/div>\n       <\/div>\n   <div class=\"row\">\n        <div class=\"col wad\">\n     20         <\/div>\n        <div class=\"col wad\">\n     21         <\/div>\n        <div class=\"col wad\">\n     22         <\/div>\n        <div class=\"col wad\">\n     23         <\/div>\n        <div class=\"col wad\">\n     24         <\/div>\n        <div class=\"col wad\">\n     25         <\/div>\n        <div class=\"col wad\">\n     26         <\/div>\n       <\/div>\n   <div class=\"row\">\n        <div class=\"col wad\">\n     27         <\/div>\n        <div class=\"col wad\">\n     28         <\/div>\n        <div class=\"col wad\">\n     29         <\/div>\n        <div class=\"col wad\">\n     30         <\/div>\n         <div class=\"col wad\"><\/div>\n          <div class=\"col wad\"><\/div>\n          <div class=\"col wad\"><\/div>\n          <div class=\"col wad\"><\/div>\n          <div class=\"col wad\"><\/div>\n          <div class=\"col wad\"><\/div>\n        <\/div>\n  <\/div>\n <\/div>\n \n  <\/div>[\/et_pb_code][\/et_pb_column][\/et_pb_row][\/et_pb_section]<\/p>\n","protected":false},"excerpt":{"rendered":"<p>Events Calendar<link href=\"\/wp-content\/themes\/Divi-Child\/bootstrap.css\" rel=\"stylesheet\"\/>\n<link href=\"\/wp-content\/themes\/Divi-Child\/node_modules\/bootstrap-icons\/font\/bootstrap-icons.min.css\" rel=\"stylesheet\"\/>\n  <div class=\"bootstrap\" style=\"color:black;font-size:16px;\">\n     <style>\n     .wad {\n         min-height: 150px;\n     }\n     .wad2 {\n         width: 98%;\n         min-width: 1000px;\n     }\n <\/style>\n <style>\n     #loading-overlay {\n         display: none;\n         position: fixed;\n         inset: 0;\n         background: rgba(255, 255, 255, 0.8);\n         color: #333;\n         font-size: 1.5em;\n         font-weight: bold;\n         text-align: center;\n         padding-top: 20%;\n         z-index: 9999;\n     }\n <\/style>\n <div id=\"loading-overlay\">\u23f3 Loading, please wait...<\/div>\n <div style=\"overflow:auto;\">\n  <div class=\"wad2\">\n   <div class=\"row mb-5 align-items-end\">\n    <div class=\"col text-start p-0\">\n     <a href=\"?view_date=2026-03-01\" class=\"btn \"><i\n       class=\"bi bi-caret-left\"><\/i>\n      Previous     <\/a>\n    <\/div>\n    <div class=\"col text-center h5 fw-bold\">\n     <div class=\"row p-0 m-0\">\n      <div class=\"col\">\n       <select class=\"form-select form-select-lg w-auto fw-bold\"\n               onchange=\"document.querySelectorAll('select').forEach(s => s.disabled = true);document.getElementById('loading-overlay').style.display = 'block';window.location.href='?view_date=' + this.value;\">\n                 <option\n                    value=\"2026-01-01\">January<\/option>\n                  <option\n                    value=\"2026-02-01\">February<\/option>\n                  <option\n                    value=\"2026-03-01\">March<\/option>\n                  <option\n          selected          value=\"2026-04-01\">April<\/option>\n                  <option\n                    value=\"2026-05-01\">May<\/option>\n                  <option\n                    value=\"2026-06-01\">June<\/option>\n                  <option\n                    value=\"2026-07-01\">July<\/option>\n                  <option\n                    value=\"2026-08-01\">August<\/option>\n                  <option\n                    value=\"2026-09-01\">September<\/option>\n                  <option\n                    value=\"2026-10-01\">October<\/option>\n                  <option\n                    value=\"2026-11-01\">November<\/option>\n                  <option\n                    value=\"2026-12-01\">December<\/option>\n                <\/select>\n      <\/div>\n      <div class=\"col\">\n       <select class=\"form-select form-select-lg w-auto fw-bold\"\n               onchange=\"document.querySelectorAll('select').forEach(s => s.disabled = true);document.getElementById('loading-overlay').style.display = 'block';window.location.href='?view_date=' + this.value;\">\n                 <option\n          value=\"2023-04-01\"\n          >2023<\/option>\n                  <option\n          value=\"2024-04-01\"\n          >2024<\/option>\n                  <option\n          value=\"2025-04-01\"\n          >2025<\/option>\n                  <option\n          value=\"2026-04-01\"\n          selected>2026<\/option>\n                  <option\n          value=\"2027-04-01\"\n          >2027<\/option>\n                <\/select>\n      <\/div>\n     <\/div>\n    <\/div>\n    <div class=\"col text-end p-0\">\n     <a href=\"?view_date=2026-05-01\"\n        class=\"btn\">Next      <i class=\"bi bi-caret-right\"><\/i>\n     <\/a>\n    <\/div>\n   <\/div>\n   <div class=\"row\">\n         <div class=\"col h5 fw-bold\">Monday<\/div>\n     <div class=\"col h5 fw-bold\">Tuesday<\/div>\n     <div class=\"col h5 fw-bold\">Wednesday<\/div>\n     <div class=\"col h5 fw-bold\">Thursday<\/div>\n     <div class=\"col h5 fw-bold\">Friday<\/div>\n     <div class=\"col h5 fw-bold\">Saturday<\/div>\n     <div class=\"col h5 fw-bold\">Sunday<\/div>\n        <\/div>\n   <div class=\"row\">\n         <div class=\"col wad\"><\/div>\n          <div class=\"col wad\"><\/div>\n         <div class=\"col wad\">\n     1         <\/div>\n        <div class=\"col wad\">\n     2         <\/div>\n        <div class=\"col wad\">\n     3         <\/div>\n        <div class=\"col wad\">\n     4         <\/div>\n        <div class=\"col wad\">\n     5         <\/div>\n       <\/div>\n   <div class=\"row\">\n        <div class=\"col wad\">\n     6         <\/div>\n        <div class=\"col wad\">\n     7         <\/div>\n        <div class=\"col wad\">\n     8         <\/div>\n        <div class=\"col wad\">\n     9            <a href=\"https:\/\/csdc-cecd.ca\/en\/democratic-backsliding-d-stolle\/\"\n          class=\"d-block my-2 p-2 btn btn-sm btn-secondary\" style=\"border-radius:15px;\">\n        Democratic backsliding - D. Stolle               <\/a>\n           <\/div>\n        <div class=\"col wad\">\n     10         <\/div>\n        <div class=\"col wad\">\n     11         <\/div>\n        <div class=\"col wad\">\n     12         <\/div>\n       <\/div>\n   <div class=\"row\">\n        <div class=\"col wad\">\n     13         <\/div>\n        <div class=\"col wad\">\n     14            <a href=\"https:\/\/csdc-cecd.ca\/en\/journee-dateliers-sur-la-professionnalisation\/\"\n          class=\"d-block my-2 p-2 btn btn-sm btn-secondary\" style=\"border-radius:15px;\">\n        Journ\u00e9e d'ateliers sur la professionnalisation               <\/a>\n           <\/div>\n        <div class=\"col wad\">\n     15         <\/div>\n        <div class=\"col wad\">\n     16         <\/div>\n        <div class=\"col wad\">\n     17            <a href=\"https:\/\/csdc-cecd.ca\/en\/serie-de-conference-a-larsson\/\"\n          class=\"d-block my-2 p-2 btn btn-sm btn-secondary\" style=\"border-radius:15px;\">\n        Serie de conference - A Larsson               <\/a>\n           <\/div>\n        <div class=\"col wad\">\n     18         <\/div>\n        <div class=\"col wad\">\n     19         <\/div>\n       <\/div>\n   <div class=\"row\">\n        <div class=\"col wad\">\n     20         <\/div>\n        <div class=\"col wad\">\n     21         <\/div>\n        <div class=\"col wad\">\n     22         <\/div>\n        <div class=\"col wad\">\n     23         <\/div>\n        <div class=\"col wad\">\n     24         <\/div>\n        <div class=\"col wad\">\n     25         <\/div>\n        <div class=\"col wad\">\n     26         <\/div>\n       <\/div>\n   <div class=\"row\">\n        <div class=\"col wad\">\n     27         <\/div>\n        <div class=\"col wad\">\n     28         <\/div>\n        <div class=\"col wad\">\n     29         <\/div>\n        <div class=\"col wad\">\n     30         <\/div>\n         <div class=\"col wad\"><\/div>\n          <div class=\"col wad\"><\/div>\n          <div class=\"col wad\"><\/div>\n          <div class=\"col wad\"><\/div>\n          <div class=\"col wad\"><\/div>\n          <div class=\"col wad\"><\/div>\n        <\/div>\n  <\/div>\n <\/div>\n \n  <\/div><\/p>\n","protected":false},"author":1,"featured_media":0,"parent":0,"menu_order":0,"comment_status":"closed","ping_status":"closed","template":"","meta":{"_et_pb_use_builder":"on","_et_pb_old_content":"","_et_gb_content_width":"","footnotes":""},"class_list":["post-1594","page","type-page","status-publish","hentry"],"yoast_head":"<!-- This site is optimized with the Yoast SEO plugin v27.4 - https:\/\/yoast.com\/product\/yoast-seo-wordpress\/ -->\n<title>Events Calendar - CECD - Centre pour l&#039;\u00e9tude de la citoyennet\u00e9 d\u00e9mocratique<\/title>\n<meta name=\"robots\" content=\"index, follow, max-snippet:-1, max-image-preview:large, max-video-preview:-1\" \/>\n<link rel=\"canonical\" href=\"https:\/\/csdc-cecd.ca\/calendrier-des-evenements\/\" \/>\n<meta property=\"og:locale\" content=\"en_US\" \/>\n<meta property=\"og:type\" content=\"article\" \/>\n<meta property=\"og:title\" content=\"Events Calendar - CECD - Centre pour l&#039;\u00e9tude de la citoyennet\u00e9 d\u00e9mocratique\" \/>\n<meta property=\"og:description\" content=\"Events Calendar\" \/>\n<meta property=\"og:url\" content=\"https:\/\/csdc-cecd.ca\/calendrier-des-evenements\/\" \/>\n<meta property=\"og:site_name\" content=\"CECD - Centre pour l&#039;\u00e9tude de la citoyennet\u00e9 d\u00e9mocratique\" \/>\n<meta property=\"article:modified_time\" content=\"2024-08-17T14:28:39+00:00\" \/>\n<meta name=\"twitter:card\" content=\"summary_large_image\" \/>\n<meta name=\"twitter:label1\" content=\"Est. reading time\" \/>\n\t<meta name=\"twitter:data1\" content=\"1 minute\" \/>\n<script type=\"application\/ld+json\" class=\"yoast-schema-graph\">{\"@context\":\"https:\\\/\\\/schema.org\",\"@graph\":[{\"@type\":\"WebPage\",\"@id\":\"https:\\\/\\\/csdc-cecd.ca\\\/calendrier-des-evenements\\\/\",\"url\":\"https:\\\/\\\/csdc-cecd.ca\\\/calendrier-des-evenements\\\/\",\"name\":\"Events Calendar - CECD - Centre pour l&#039;\u00e9tude de la citoyennet\u00e9 d\u00e9mocratique\",\"isPartOf\":{\"@id\":\"https:\\\/\\\/csdc-cecd.ca\\\/#website\"},\"datePublished\":\"2024-07-30T18:11:08+00:00\",\"dateModified\":\"2024-08-17T14:28:39+00:00\",\"breadcrumb\":{\"@id\":\"https:\\\/\\\/csdc-cecd.ca\\\/calendrier-des-evenements\\\/#breadcrumb\"},\"inLanguage\":\"en-US\",\"potentialAction\":[{\"@type\":\"ReadAction\",\"target\":[\"https:\\\/\\\/csdc-cecd.ca\\\/calendrier-des-evenements\\\/\"]}]},{\"@type\":\"BreadcrumbList\",\"@id\":\"https:\\\/\\\/csdc-cecd.ca\\\/calendrier-des-evenements\\\/#breadcrumb\",\"itemListElement\":[{\"@type\":\"ListItem\",\"position\":1,\"name\":\"Accueil\",\"item\":\"https:\\\/\\\/csdc-cecd.ca\\\/en\\\/\"},{\"@type\":\"ListItem\",\"position\":2,\"name\":\"Events Calendar\"}]},{\"@type\":\"WebSite\",\"@id\":\"https:\\\/\\\/csdc-cecd.ca\\\/#website\",\"url\":\"https:\\\/\\\/csdc-cecd.ca\\\/\",\"name\":\"CECD - Centre pour l&#039;\u00e9tude de la citoyennet\u00e9 d\u00e9mocratique\",\"description\":\"\",\"potentialAction\":[{\"@type\":\"SearchAction\",\"target\":{\"@type\":\"EntryPoint\",\"urlTemplate\":\"https:\\\/\\\/csdc-cecd.ca\\\/?s={search_term_string}\"},\"query-input\":{\"@type\":\"PropertyValueSpecification\",\"valueRequired\":true,\"valueName\":\"search_term_string\"}}],\"inLanguage\":\"en-US\"}]}<\/script>\n<!-- \/ Yoast SEO plugin. -->","yoast_head_json":{"title":"Events Calendar - CECD - Centre pour l&#039;\u00e9tude de la citoyennet\u00e9 d\u00e9mocratique","robots":{"index":"index","follow":"follow","max-snippet":"max-snippet:-1","max-image-preview":"max-image-preview:large","max-video-preview":"max-video-preview:-1"},"canonical":"https:\/\/csdc-cecd.ca\/calendrier-des-evenements\/","og_locale":"en_US","og_type":"article","og_title":"Events Calendar - CECD - Centre pour l&#039;\u00e9tude de la citoyennet\u00e9 d\u00e9mocratique","og_description":"Events Calendar","og_url":"https:\/\/csdc-cecd.ca\/calendrier-des-evenements\/","og_site_name":"CECD - Centre pour l&#039;\u00e9tude de la citoyennet\u00e9 d\u00e9mocratique","article_modified_time":"2024-08-17T14:28:39+00:00","twitter_card":"summary_large_image","twitter_misc":{"Est. reading time":"1 minute"},"schema":{"@context":"https:\/\/schema.org","@graph":[{"@type":"WebPage","@id":"https:\/\/csdc-cecd.ca\/calendrier-des-evenements\/","url":"https:\/\/csdc-cecd.ca\/calendrier-des-evenements\/","name":"Events Calendar - CECD - Centre pour l&#039;\u00e9tude de la citoyennet\u00e9 d\u00e9mocratique","isPartOf":{"@id":"https:\/\/csdc-cecd.ca\/#website"},"datePublished":"2024-07-30T18:11:08+00:00","dateModified":"2024-08-17T14:28:39+00:00","breadcrumb":{"@id":"https:\/\/csdc-cecd.ca\/calendrier-des-evenements\/#breadcrumb"},"inLanguage":"en-US","potentialAction":[{"@type":"ReadAction","target":["https:\/\/csdc-cecd.ca\/calendrier-des-evenements\/"]}]},{"@type":"BreadcrumbList","@id":"https:\/\/csdc-cecd.ca\/calendrier-des-evenements\/#breadcrumb","itemListElement":[{"@type":"ListItem","position":1,"name":"Accueil","item":"https:\/\/csdc-cecd.ca\/en\/"},{"@type":"ListItem","position":2,"name":"Events Calendar"}]},{"@type":"WebSite","@id":"https:\/\/csdc-cecd.ca\/#website","url":"https:\/\/csdc-cecd.ca\/","name":"CECD - Centre pour l&#039;\u00e9tude de la citoyennet\u00e9 d\u00e9mocratique","description":"","potentialAction":[{"@type":"SearchAction","target":{"@type":"EntryPoint","urlTemplate":"https:\/\/csdc-cecd.ca\/?s={search_term_string}"},"query-input":{"@type":"PropertyValueSpecification","valueRequired":true,"valueName":"search_term_string"}}],"inLanguage":"en-US"}]}},"_links":{"self":[{"href":"https:\/\/csdc-cecd.ca\/en\/wp-json\/wp\/v2\/pages\/1594","targetHints":{"allow":["GET"]}}],"collection":[{"href":"https:\/\/csdc-cecd.ca\/en\/wp-json\/wp\/v2\/pages"}],"about":[{"href":"https:\/\/csdc-cecd.ca\/en\/wp-json\/wp\/v2\/types\/page"}],"author":[{"embeddable":true,"href":"https:\/\/csdc-cecd.ca\/en\/wp-json\/wp\/v2\/users\/1"}],"replies":[{"embeddable":true,"href":"https:\/\/csdc-cecd.ca\/en\/wp-json\/wp\/v2\/comments?post=1594"}],"version-history":[{"count":6,"href":"https:\/\/csdc-cecd.ca\/en\/wp-json\/wp\/v2\/pages\/1594\/revisions"}],"predecessor-version":[{"id":2112,"href":"https:\/\/csdc-cecd.ca\/en\/wp-json\/wp\/v2\/pages\/1594\/revisions\/2112"}],"wp:attachment":[{"href":"https:\/\/csdc-cecd.ca\/en\/wp-json\/wp\/v2\/media?parent=1594"}],"curies":[{"name":"wp","href":"https:\/\/api.w.org\/{rel}","templated":true}]}}