{"id":1596,"date":"2024-07-30T14:18:33","date_gmt":"2024-07-30T18:18:33","guid":{"rendered":"https:\/\/nouveau.csdc-cecd.ca\/ateliers-methodologiques-de-montreal\/"},"modified":"2025-07-11T09:31:23","modified_gmt":"2025-07-11T13:31:23","slug":"ateliers-methodologiques-de-montreal","status":"publish","type":"page","link":"https:\/\/csdc-cecd.ca\/en\/ateliers-methodologiques-de-montreal\/","title":{"rendered":"Methodology Workshops"},"content":{"rendered":"<p>[et_pb_section fb_built=&#8221;1&#8243; _builder_version=&#8221;4.27.0&#8243; _module_preset=&#8221;default&#8221; global_colors_info=&#8221;{}&#8221;][et_pb_row _builder_version=&#8221;4.27.0&#8243; _module_preset=&#8221;default&#8221; global_colors_info=&#8221;{}&#8221;][et_pb_column type=&#8221;4_4&#8243; _builder_version=&#8221;4.27.0&#8243; _module_preset=&#8221;default&#8221; global_colors_info=&#8221;{}&#8221;][et_pb_text _builder_version=&#8221;4.27.0&#8243; _module_preset=&#8221;default&#8221;]<\/p>\n<h1>Methodology workshops<\/h1>\n<p><span>A discussion where researchers from various disciplines and institutions share best practices and training for quantitative research projects in social sciences.<\/span><\/p>\n<p>[\/et_pb_text][\/et_pb_column][\/et_pb_row][et_pb_row _builder_version=&#8221;4.27.0&#8243; _module_preset=&#8221;default&#8221; global_colors_info=&#8221;{}&#8221;][et_pb_column type=&#8221;4_4&#8243; _builder_version=&#8221;4.27.0&#8243; _module_preset=&#8221;default&#8221; global_colors_info=&#8221;{}&#8221;][et_pb_text _builder_version=&#8221;4.27.0&#8243; _module_preset=&#8221;default&#8221; global_colors_info=&#8221;{}&#8221;]<\/p>\n<h2><strong>Schedule: Academic year September 2024 \u2013 August 2025<\/strong><\/h2>\n<p>[\/et_pb_text][\/et_pb_column][\/et_pb_row][et_pb_row column_structure=&#8221;1_5,1_5,1_5,1_5,1_5&#8243; _builder_version=&#8221;4.27.0&#8243; _module_preset=&#8221;default&#8221; global_colors_info=&#8221;{}&#8221;][et_pb_column type=&#8221;1_5&#8243; _builder_version=&#8221;4.27.0&#8243; _module_preset=&#8221;default&#8221; global_colors_info=&#8221;{}&#8221;][et_pb_text _builder_version=&#8221;4.27.0&#8243; _module_preset=&#8221;default&#8221; global_colors_info=&#8221;{}&#8221;]<\/p>\n<h2>Speaker<\/h2>\n<p>[\/et_pb_text][\/et_pb_column][et_pb_column type=&#8221;1_5&#8243; _builder_version=&#8221;4.27.0&#8243; _module_preset=&#8221;default&#8221; global_colors_info=&#8221;{}&#8221;][et_pb_text _builder_version=&#8221;4.27.0&#8243; _module_preset=&#8221;default&#8221; global_colors_info=&#8221;{}&#8221;]<\/p>\n<h2>Title<\/h2>\n<p>[\/et_pb_text][\/et_pb_column][et_pb_column type=&#8221;1_5&#8243; _builder_version=&#8221;4.27.0&#8243; _module_preset=&#8221;default&#8221; global_colors_info=&#8221;{}&#8221;][et_pb_text _builder_version=&#8221;4.27.0&#8243; _module_preset=&#8221;default&#8221; global_colors_info=&#8221;{}&#8221;]<\/p>\n<h2>Date<\/h2>\n<p>[\/et_pb_text][\/et_pb_column][et_pb_column type=&#8221;1_5&#8243; _builder_version=&#8221;4.27.0&#8243; _module_preset=&#8221;default&#8221; global_colors_info=&#8221;{}&#8221;][et_pb_text _builder_version=&#8221;4.27.0&#8243; _module_preset=&#8221;default&#8221; global_colors_info=&#8221;{}&#8221;]<\/p>\n<h2>Time<\/h2>\n<p>[\/et_pb_text][\/et_pb_column][et_pb_column type=&#8221;1_5&#8243; _builder_version=&#8221;4.27.0&#8243; _module_preset=&#8221;default&#8221; global_colors_info=&#8221;{}&#8221;][et_pb_text _builder_version=&#8221;4.27.0&#8243; _module_preset=&#8221;default&#8221; global_colors_info=&#8221;{}&#8221;]<\/p>\n<h2>Location<\/h2>\n<p>[\/et_pb_text][\/et_pb_column][\/et_pb_row][et_pb_row column_structure=&#8221;1_5,1_5,1_5,1_5,1_5&#8243; _builder_version=&#8221;4.27.0&#8243; _module_preset=&#8221;default&#8221; global_colors_info=&#8221;{}&#8221;][et_pb_column type=&#8221;1_5&#8243; _builder_version=&#8221;4.27.0&#8243; _module_preset=&#8221;default&#8221; global_colors_info=&#8221;{}&#8221;][et_pb_text _builder_version=&#8221;4.27.0&#8243; _module_preset=&#8221;default&#8221; global_colors_info=&#8221;{}&#8221;]<\/p>\n<p><a href=\"https:\/\/www.andrewheiss.com\/\">Andrew Heiss<\/a> (A<span>ndrew Young School of Policy Studies at Georgia State University, U.S.A.)<\/span><\/p>\n<p>[\/et_pb_text][\/et_pb_column][et_pb_column type=&#8221;1_5&#8243; _builder_version=&#8221;4.27.0&#8243; _module_preset=&#8221;default&#8221; global_colors_info=&#8221;{}&#8221;][et_pb_text _builder_version=&#8221;4.27.0&#8243; _dynamic_attributes=&#8221;link_option_url&#8221; _module_preset=&#8221;default&#8221; link_option_url=&#8221;@ET-DC@eyJkeW5hbWljIjp0cnVlLCJjb250ZW50IjoicG9zdF9saW5rX3VybF9wYWdlIiwic2V0dGluZ3MiOnsicG9zdF9pZCI6IjI2NjYifX0=@&#8221; global_colors_info=&#8221;{}&#8221;]<\/p>\n<p><span>Analyze counts and proportions without OLS! An introduction to Poisson, Beta, and zero-inflated Beta Bayesian distributional regression models<\/span><\/p>\n<p>[\/et_pb_text][\/et_pb_column][et_pb_column type=&#8221;1_5&#8243; _builder_version=&#8221;4.27.0&#8243; _module_preset=&#8221;default&#8221; global_colors_info=&#8221;{}&#8221;][et_pb_text _builder_version=&#8221;4.27.0&#8243; _module_preset=&#8221;default&#8221; global_colors_info=&#8221;{}&#8221;]<\/p>\n<p>November 13, 2024<\/p>\n<p>[\/et_pb_text][\/et_pb_column][et_pb_column type=&#8221;1_5&#8243; _builder_version=&#8221;4.27.0&#8243; _module_preset=&#8221;default&#8221; global_colors_info=&#8221;{}&#8221;][et_pb_text _builder_version=&#8221;4.27.0&#8243; _module_preset=&#8221;default&#8221; global_colors_info=&#8221;{}&#8221;]<\/p>\n<p>12:30-3:30 p.m.<\/p>\n<p>[\/et_pb_text][\/et_pb_column][et_pb_column type=&#8221;1_5&#8243; _builder_version=&#8221;4.27.0&#8243; _module_preset=&#8221;default&#8221; global_colors_info=&#8221;{}&#8221;][et_pb_text _builder_version=&#8221;4.27.0&#8243; _module_preset=&#8221;default&#8221; global_colors_info=&#8221;{}&#8221;]<\/p>\n<p>Universit\u00e9 de Montr\u00e9al, 3150 Jean Brillant, Montr\u00e9al, Qu\u00e9bec<\/p>\n<p>[\/et_pb_text][\/et_pb_column][\/et_pb_row][et_pb_row column_structure=&#8221;1_5,1_5,1_5,1_5,1_5&#8243; _builder_version=&#8221;4.27.0&#8243; _module_preset=&#8221;default&#8221; global_colors_info=&#8221;{}&#8221;][et_pb_column type=&#8221;1_5&#8243; _builder_version=&#8221;4.27.0&#8243; _module_preset=&#8221;default&#8221; global_colors_info=&#8221;{}&#8221;][et_pb_text _builder_version=&#8221;4.27.0&#8243; _module_preset=&#8221;default&#8221; global_colors_info=&#8221;{}&#8221;]<\/p>\n<p><a href=\"https:\/\/reikookamoto.github.io\/\">Reiko Okamoto<\/a> (Bruy\u00e8re Research Institute, Canada)<\/p>\n<p>[\/et_pb_text][\/et_pb_column][et_pb_column type=&#8221;1_5&#8243; _builder_version=&#8221;4.27.0&#8243; _module_preset=&#8221;default&#8221; global_colors_info=&#8221;{}&#8221;][et_pb_text _builder_version=&#8221;4.27.0&#8243; _dynamic_attributes=&#8221;link_option_url&#8221; _module_preset=&#8221;default&#8221; link_option_url=&#8221;@ET-DC@eyJkeW5hbWljIjp0cnVlLCJjb250ZW50IjoicG9zdF9saW5rX3VybF9wYWdlIiwic2V0dGluZ3MiOnsicG9zdF9pZCI6IjI0NzIifX0=@&#8221; global_colors_info=&#8221;{}&#8221;]<\/p>\n<p><span>Introduction to R and the tidyverse<\/span><\/p>\n<p>[\/et_pb_text][\/et_pb_column][et_pb_column type=&#8221;1_5&#8243; _builder_version=&#8221;4.27.0&#8243; _module_preset=&#8221;default&#8221; global_colors_info=&#8221;{}&#8221;][et_pb_text _builder_version=&#8221;4.27.0&#8243; _module_preset=&#8221;default&#8221; global_colors_info=&#8221;{}&#8221;]<\/p>\n<p>September 18, 2024<\/p>\n<p>[\/et_pb_text][\/et_pb_column][et_pb_column type=&#8221;1_5&#8243; _builder_version=&#8221;4.27.0&#8243; _module_preset=&#8221;default&#8221; global_colors_info=&#8221;{}&#8221;][et_pb_text _builder_version=&#8221;4.27.0&#8243; _module_preset=&#8221;default&#8221; global_colors_info=&#8221;{}&#8221;]<\/p>\n<p>12:30-3:30 p.m.<\/p>\n<p>[\/et_pb_text][\/et_pb_column][et_pb_column type=&#8221;1_5&#8243; _builder_version=&#8221;4.27.0&#8243; _module_preset=&#8221;default&#8221; global_colors_info=&#8221;{}&#8221;][et_pb_text _builder_version=&#8221;4.27.0&#8243; _module_preset=&#8221;default&#8221; global_colors_info=&#8221;{}&#8221;]<\/p>\n<p>Universit\u00e9 de Montr\u00e9al, 3150 Jean Brillant, Montr\u00e9al, Qu\u00e9bec<\/p>\n<p>[\/et_pb_text][\/et_pb_column][\/et_pb_row][et_pb_row _builder_version=&#8221;4.27.0&#8243; _module_preset=&#8221;default&#8221; global_colors_info=&#8221;{}&#8221;][et_pb_column type=&#8221;4_4&#8243; _builder_version=&#8221;4.27.0&#8243; _module_preset=&#8221;default&#8221; global_colors_info=&#8221;{}&#8221;][et_pb_toggle title=&#8221;Methodology Workshops 2021-2022&#8243; _builder_version=&#8221;4.27.0&#8243; _module_preset=&#8221;default&#8221; global_colors_info=&#8221;{}&#8221;]<\/p>\n<h4>Montreal Method\u00a0 Workshops<\/h4>\n<p>February 24 2022 &#8211; Zachary Markovich (Massachusetts Institute of Technology, U.S.A.)<\/p>\n<p>January 27 2022 &#8211; Nora Webb Williams (University of Illinois at Urbana-Champaign, U.S.A.)<\/p>\n<p>[\/et_pb_toggle][et_pb_toggle title=&#8221;Methodology Workshops 2020-2021&#8243; _builder_version=&#8221;4.27.0&#8243; _module_preset=&#8221;default&#8221; global_colors_info=&#8221;{}&#8221;]<\/p>\n<h4>Montreal Methods workshops<\/h4>\n<p>June 19 2020, &#8211; Shawna N. Smith (University of Michigan, U.S.A.\u200b)<\/p>\n<p>May 7 2020 &#8211; Mirya Holman (Tulane University, U.S.A.)<\/p>\n<p>April 30 2020 &#8211; Arthur Spirling (New York University, U.S.A.)\u200b)<\/p>\n<p>April 24 2020 &#8211; Vincent Arel-Bundock (Universit\u00e9 de Montr\u00e9al, Canada)<\/p>\n<p>April 17 2020 &#8211; Alexander Coppock (Yale University, U.S.A.)<\/p>\n<p>April 10 2020 &#8211; John Poe (University of Michigan, U.S.A.)<\/p>\n<p>April 3 2020 &#8211; Korhan Ko\u00e7ak (Princeton University, U.S.A.)<\/p>\n<p>March 26\u00a0 2020 &#8211; \u00a0\u00a0 Semra Sevi (Universit\u00e9 de Montr\u00e9al, Canada)<\/p>\n<p>February 27 2020 &#8211; Semra Sevi (Universit\u00e9 de Montr\u00e9al, Canada)<\/p>\n<p>February 20 2020 &#8211; John Holbein (University of Virginia, U.S.A.)<\/p>\n<p>January 17 2020 &#8211; Annika Fred\u00e9n (Karlstad University, Sweden) and Sverker Sikstr\u00f6m (Lund University, Sweden)<\/p>\n<p>[\/et_pb_toggle][et_pb_toggle title=&#8221;Methodology Workshops 2019-2020&#8243; _builder_version=&#8221;4.27.4&#8243; _module_preset=&#8221;default&#8221; hover_enabled=&#8221;0&#8243; global_colors_info=&#8221;{}&#8221; sticky_enabled=&#8221;0&#8243;]<\/p>\n<h4>Montreal Methods workshops<\/h4>\n<p>June 19 2020, &#8211; Shawna N. Smith (University of Michigan, U.S.A.\u200b)<\/p>\n<p>May 7 2020 &#8211; Mirya Holman (Tulane University, U.S.A.)<\/p>\n<p>April 30 2020 &#8211; Arthur Spirling (New York University, U.S.A.)\u200b)<\/p>\n<p>April 24 2020 &#8211; Vincent Arel-Bundock (Universit\u00e9 de Montr\u00e9al, Canada)<\/p>\n<p>April 17 2020 &#8211; Alexander Coppock (Yale University, U.S.A.)<\/p>\n<p>April 10 2020 &#8211; John Poe (University of Michigan, U.S.A.)<\/p>\n<p>April 3 2020 &#8211; Korhan Ko\u00e7ak (Princeton University, U.S.A.)<\/p>\n<p>March 26\u00a0 2020 &#8211; \u00a0\u00a0 Semra Sevi (Universit\u00e9 de Montr\u00e9al, Canada)<\/p>\n<p>February 27 2020 &#8211; Semra Sevi (Universit\u00e9 de Montr\u00e9al, Canada)<\/p>\n<p>February 20 2020 &#8211; John Holbein (University of Virginia, U.S.A.)<\/p>\n<p>January 17 2020 &#8211; Annika Fred\u00e9n (Karlstad University, Sweden) and Sverker Sikstr\u00f6m (Lund University, Sweden)<\/p>\n<p>[\/et_pb_toggle][et_pb_toggle title=&#8221;Methodology Workshops 2018-2019&#8243; _builder_version=&#8221;4.27.4&#8243; _module_preset=&#8221;default&#8221; global_colors_info=&#8221;{}&#8221;]<\/p>\n<p>2 November 2018, Jamie Druckman (Northwestern University, U.S.A..)<\/p>\n<p><a href=\"https:\/\/csdc-cecd.ca\/en\/atelier-method-v-esses\/\">18 Octobre, 2018 \u2013 V. Esses (University of Western Ontario \u2013 The Pathways to Prosperity Partnership: Challenges and Opportunities of a National Partnership on Immigration<\/a><\/p>\n<p>[\/et_pb_toggle][\/et_pb_column][\/et_pb_row][\/et_pb_section]<\/p>\n","protected":false},"excerpt":{"rendered":"<p>Methodology workshops A discussion where researchers from various disciplines and institutions share best practices and training for quantitative research projects in social sciences.Schedule: Academic year September 2024 \u2013 August 2025SpeakerTitleDateTimeLocationAndrew Heiss (Andrew Young School of Policy Studies at Georgia State University, U.S.A.)Analyze counts and proportions without OLS! An introduction to Poisson, Beta, and zero-inflated Beta [&hellip;]<\/p>\n","protected":false},"author":1,"featured_media":0,"parent":0,"menu_order":0,"comment_status":"closed","ping_status":"closed","template":"","meta":{"_et_pb_use_builder":"on","_et_pb_old_content":"","_et_gb_content_width":"","footnotes":""},"class_list":["post-1596","page","type-page","status-publish","hentry"],"yoast_head":"<!-- This site is optimized with the Yoast SEO plugin v27.4 - https:\/\/yoast.com\/product\/yoast-seo-wordpress\/ -->\n<title>Methodology Workshops - CECD - Centre pour l&#039;\u00e9tude de la citoyennet\u00e9 d\u00e9mocratique<\/title>\n<meta name=\"robots\" content=\"index, follow, max-snippet:-1, max-image-preview:large, max-video-preview:-1\" \/>\n<link rel=\"canonical\" href=\"https:\/\/csdc-cecd.ca\/ateliers-methodologiques-de-montreal\/\" \/>\n<meta property=\"og:locale\" content=\"en_US\" \/>\n<meta property=\"og:type\" content=\"article\" \/>\n<meta property=\"og:title\" content=\"Methodology Workshops - CECD - Centre pour l&#039;\u00e9tude de la citoyennet\u00e9 d\u00e9mocratique\" \/>\n<meta property=\"og:description\" content=\"Methodology workshops A discussion where researchers from various disciplines and institutions share best practices and training for quantitative research projects in social sciences.Schedule: Academic year September 2024 \u2013 August 2025SpeakerTitleDateTimeLocationAndrew Heiss (Andrew Young School of Policy Studies at Georgia State University, U.S.A.)Analyze counts and proportions without OLS! An introduction to Poisson, Beta, and zero-inflated Beta [&hellip;]\" \/>\n<meta property=\"og:url\" content=\"https:\/\/csdc-cecd.ca\/ateliers-methodologiques-de-montreal\/\" \/>\n<meta property=\"og:site_name\" content=\"CECD - Centre pour l&#039;\u00e9tude de la citoyennet\u00e9 d\u00e9mocratique\" \/>\n<meta property=\"article:modified_time\" content=\"2025-07-11T13:31:23+00:00\" \/>\n<meta name=\"twitter:card\" content=\"summary_large_image\" \/>\n<meta name=\"twitter:label1\" content=\"Est. reading time\" \/>\n\t<meta name=\"twitter:data1\" content=\"2 minutes\" \/>\n<script type=\"application\/ld+json\" class=\"yoast-schema-graph\">{\"@context\":\"https:\\\/\\\/schema.org\",\"@graph\":[{\"@type\":\"WebPage\",\"@id\":\"https:\\\/\\\/csdc-cecd.ca\\\/ateliers-methodologiques-de-montreal\\\/\",\"url\":\"https:\\\/\\\/csdc-cecd.ca\\\/ateliers-methodologiques-de-montreal\\\/\",\"name\":\"Methodology Workshops - CECD - Centre pour l&#039;\u00e9tude de la citoyennet\u00e9 d\u00e9mocratique\",\"isPartOf\":{\"@id\":\"https:\\\/\\\/csdc-cecd.ca\\\/#website\"},\"datePublished\":\"2024-07-30T18:18:33+00:00\",\"dateModified\":\"2025-07-11T13:31:23+00:00\",\"breadcrumb\":{\"@id\":\"https:\\\/\\\/csdc-cecd.ca\\\/ateliers-methodologiques-de-montreal\\\/#breadcrumb\"},\"inLanguage\":\"en-US\",\"potentialAction\":[{\"@type\":\"ReadAction\",\"target\":[\"https:\\\/\\\/csdc-cecd.ca\\\/ateliers-methodologiques-de-montreal\\\/\"]}]},{\"@type\":\"BreadcrumbList\",\"@id\":\"https:\\\/\\\/csdc-cecd.ca\\\/ateliers-methodologiques-de-montreal\\\/#breadcrumb\",\"itemListElement\":[{\"@type\":\"ListItem\",\"position\":1,\"name\":\"Accueil\",\"item\":\"https:\\\/\\\/csdc-cecd.ca\\\/en\\\/\"},{\"@type\":\"ListItem\",\"position\":2,\"name\":\"Methodology Workshops\"}]},{\"@type\":\"WebSite\",\"@id\":\"https:\\\/\\\/csdc-cecd.ca\\\/#website\",\"url\":\"https:\\\/\\\/csdc-cecd.ca\\\/\",\"name\":\"CECD - Centre pour l&#039;\u00e9tude de la citoyennet\u00e9 d\u00e9mocratique\",\"description\":\"\",\"potentialAction\":[{\"@type\":\"SearchAction\",\"target\":{\"@type\":\"EntryPoint\",\"urlTemplate\":\"https:\\\/\\\/csdc-cecd.ca\\\/?s={search_term_string}\"},\"query-input\":{\"@type\":\"PropertyValueSpecification\",\"valueRequired\":true,\"valueName\":\"search_term_string\"}}],\"inLanguage\":\"en-US\"}]}<\/script>\n<!-- \/ Yoast SEO plugin. -->","yoast_head_json":{"title":"Methodology Workshops - CECD - Centre pour l&#039;\u00e9tude de la citoyennet\u00e9 d\u00e9mocratique","robots":{"index":"index","follow":"follow","max-snippet":"max-snippet:-1","max-image-preview":"max-image-preview:large","max-video-preview":"max-video-preview:-1"},"canonical":"https:\/\/csdc-cecd.ca\/ateliers-methodologiques-de-montreal\/","og_locale":"en_US","og_type":"article","og_title":"Methodology Workshops - CECD - Centre pour l&#039;\u00e9tude de la citoyennet\u00e9 d\u00e9mocratique","og_description":"Methodology workshops A discussion where researchers from various disciplines and institutions share best practices and training for quantitative research projects in social sciences.Schedule: Academic year September 2024 \u2013 August 2025SpeakerTitleDateTimeLocationAndrew Heiss (Andrew Young School of Policy Studies at Georgia State University, U.S.A.)Analyze counts and proportions without OLS! An introduction to Poisson, Beta, and zero-inflated Beta [&hellip;]","og_url":"https:\/\/csdc-cecd.ca\/ateliers-methodologiques-de-montreal\/","og_site_name":"CECD - Centre pour l&#039;\u00e9tude de la citoyennet\u00e9 d\u00e9mocratique","article_modified_time":"2025-07-11T13:31:23+00:00","twitter_card":"summary_large_image","twitter_misc":{"Est. reading time":"2 minutes"},"schema":{"@context":"https:\/\/schema.org","@graph":[{"@type":"WebPage","@id":"https:\/\/csdc-cecd.ca\/ateliers-methodologiques-de-montreal\/","url":"https:\/\/csdc-cecd.ca\/ateliers-methodologiques-de-montreal\/","name":"Methodology Workshops - CECD - Centre pour l&#039;\u00e9tude de la citoyennet\u00e9 d\u00e9mocratique","isPartOf":{"@id":"https:\/\/csdc-cecd.ca\/#website"},"datePublished":"2024-07-30T18:18:33+00:00","dateModified":"2025-07-11T13:31:23+00:00","breadcrumb":{"@id":"https:\/\/csdc-cecd.ca\/ateliers-methodologiques-de-montreal\/#breadcrumb"},"inLanguage":"en-US","potentialAction":[{"@type":"ReadAction","target":["https:\/\/csdc-cecd.ca\/ateliers-methodologiques-de-montreal\/"]}]},{"@type":"BreadcrumbList","@id":"https:\/\/csdc-cecd.ca\/ateliers-methodologiques-de-montreal\/#breadcrumb","itemListElement":[{"@type":"ListItem","position":1,"name":"Accueil","item":"https:\/\/csdc-cecd.ca\/en\/"},{"@type":"ListItem","position":2,"name":"Methodology Workshops"}]},{"@type":"WebSite","@id":"https:\/\/csdc-cecd.ca\/#website","url":"https:\/\/csdc-cecd.ca\/","name":"CECD - Centre pour l&#039;\u00e9tude de la citoyennet\u00e9 d\u00e9mocratique","description":"","potentialAction":[{"@type":"SearchAction","target":{"@type":"EntryPoint","urlTemplate":"https:\/\/csdc-cecd.ca\/?s={search_term_string}"},"query-input":{"@type":"PropertyValueSpecification","valueRequired":true,"valueName":"search_term_string"}}],"inLanguage":"en-US"}]}},"_links":{"self":[{"href":"https:\/\/csdc-cecd.ca\/en\/wp-json\/wp\/v2\/pages\/1596","targetHints":{"allow":["GET"]}}],"collection":[{"href":"https:\/\/csdc-cecd.ca\/en\/wp-json\/wp\/v2\/pages"}],"about":[{"href":"https:\/\/csdc-cecd.ca\/en\/wp-json\/wp\/v2\/types\/page"}],"author":[{"embeddable":true,"href":"https:\/\/csdc-cecd.ca\/en\/wp-json\/wp\/v2\/users\/1"}],"replies":[{"embeddable":true,"href":"https:\/\/csdc-cecd.ca\/en\/wp-json\/wp\/v2\/comments?post=1596"}],"version-history":[{"count":13,"href":"https:\/\/csdc-cecd.ca\/en\/wp-json\/wp\/v2\/pages\/1596\/revisions"}],"predecessor-version":[{"id":5560,"href":"https:\/\/csdc-cecd.ca\/en\/wp-json\/wp\/v2\/pages\/1596\/revisions\/5560"}],"wp:attachment":[{"href":"https:\/\/csdc-cecd.ca\/en\/wp-json\/wp\/v2\/media?parent=1596"}],"curies":[{"name":"wp","href":"https:\/\/api.w.org\/{rel}","templated":true}]}}