{"id":1804,"date":"2024-08-13T08:25:14","date_gmt":"2024-08-13T12:25:14","guid":{"rendered":"https:\/\/nouveau.csdc-cecd.ca\/?page_id=1804"},"modified":"2026-03-02T11:14:32","modified_gmt":"2026-03-02T16:14:32","slug":"apply-travel-grant-conferences","status":"publish","type":"page","link":"https:\/\/csdc-cecd.ca\/en\/apply-travel-grant-conferences\/","title":{"rendered":"Apply &#8211; Travel grant (conferences)"},"content":{"rendered":"<p>[et_pb_section fb_built=&#8221;1&#8243; _builder_version=&#8221;4.27.0&#8243; _module_preset=&#8221;default&#8221; global_colors_info=&#8221;{}&#8221;][et_pb_row _builder_version=&#8221;4.27.0&#8243; _module_preset=&#8221;default&#8221; global_colors_info=&#8221;{}&#8221;][et_pb_column type=&#8221;4_4&#8243; _builder_version=&#8221;4.27.0&#8243; _module_preset=&#8221;default&#8221; global_colors_info=&#8221;{}&#8221;][et_pb_text _builder_version=&#8221;4.27.6&#8243; _module_preset=&#8221;default&#8221; hover_enabled=&#8221;0&#8243; global_colors_info=&#8221;{}&#8221; sticky_enabled=&#8221;0&#8243;]<\/p>\n<h2 style=\"text-align: center;\"><strong>Travel grant (conferences) <\/strong><\/h2>\n<h4 style=\"text-align: center;\"><strong>April 1 to September 30, 2026<\/strong><\/h4>\n<h4 style=\"text-align: center;\"><strong>New registration deadline: March 8, 2026<\/strong><\/h4>\n<p>[\/et_pb_text][et_pb_text _builder_version=&#8221;4.27.4&#8243; _module_preset=&#8221;default&#8221; global_colors_info=&#8221;{}&#8221;]<\/p>\n<h4><strong>IMPORTANT:<\/strong><\/h4>\n<p><strong>\u00a0<\/strong><strong>The CSDC awards travel grants (conferences) to graduate students and post-doctoral fellows, to present, <\/strong><strong><em><u>in-person<\/u><\/em><\/strong><strong>, their research at conferences.<\/strong><\/p>\n<ul>\n<li><strong><em>September 1 -30, 2025 -for conferences held between October 1, 2025 \u2013 March 31, 2026.<\/em><\/strong><\/li>\n<li><strong><em>February 1 \u2013 28, 2026 \u2013 for conferences held between April 1, 2026 \u2013 September 30, 2026.<\/em><\/strong><\/li>\n<\/ul>\n<p><strong>It is strongly recommended that you carefully read and follow the instructions and requirements outlined in the guidelines.<\/strong><\/p>\n<h4><strong>General rules :<\/strong><\/h4>\n<p>All CSDC graduate students and postdoctoral fellows are eligible to receive a CSDC travel grant during the course of their program to make a presentation of original research results, in person, at a scholarly conference on a topic that is directly related to the <a href=\"https:\/\/csdc-cecd.ca\/en\/programme-et-axes-de-recherche\/\">CSDC research axis<\/a>.<span style=\"text-decoration: underline;\"><\/span><\/p>\n<p>A student can receive per degree\u00a0or postdoc fellowship)<\/p>\n<ul>\n<li>1 travel grant\/MA<\/li>\n<li>2 travel grants\/PhD<\/li>\n<li>1 travel grant\/Postdoc<strong><u>\u00a0<\/u><\/strong><\/li>\n<\/ul>\n<h4><strong>Grant amount\u00a0<\/strong><\/h4>\n<p>The maximum amount for travel grants is $ 1,000 per conference, unless the conference takes place within 400 km of the student\u2019s or postdoctoral fellow&#8217;s home university per year the amount is $ 500. The scholarship will be taken into account in the number of scholarships per degree or postdoctoral fellowship.<\/p>\n<h4><strong>Reimbursements per year<\/strong><\/h4>\n<p>Students and postdoctoral fellows may receive only one (1) scholarship (reimbursement) per year (October 2024 \u2013 September 2025)<\/p>\n<p>In other words, students are not allowed to split the travel grant across multiple conferences.<span style=\"text-decoration: line-through;\">.<\/span> Students are expected to plan strategically how to spend their conference travel monies over the course of their degree or postdoctoral fellowship.<\/p>\n<p>Awards can only be dispersed while you are a CSDC graduate student or postdoctoral fellow and your CSDC web page is up to date (including a photo). U<em>nder no circumstances can the travel grant be paid after you have left.<\/em><\/p>\n<h4><strong>Registration;<\/strong><\/h4>\n<p><strong>In order to be eligible for a travel grant, all students and postdoctoral fellows must register their intent to travel <em>:<\/em><\/strong><\/p>\n<ul>\n<li><strong><em>September 1 -30, 2025 -for conferences held between October 1, 2025 \u2013 March 31, 2026.<\/em><\/strong><\/li>\n<li><strong><em>February 1 \u2013 28, 2026 \u2013 for conferences held between April 1, 2026 \u2013 September 30, 2026.<\/em><\/strong><\/li>\n<\/ul>\n<p>Any student or postdoctoral fellow who does not notify the CSDC of his or her intention to use the travel grant during these periods will not be eligible for a travel grant (conference)\u00a0 for the period October 2024 \u2013 September 2025. A student or postdoctoral fellow may, however, cancel her or his intention to apply if circumstances change, without penalty.<\/p>\n<h4><strong><\/strong><\/h4>\n<h4><strong><\/strong><\/h4>\n<h4><strong>Detailed instructions<\/strong><\/h4>\n<ol>\n<li>Students must confirm by email the acceptance of their presentation at least\u00a0<strong>four weeks <\/strong>before the start of the conference.<\/li>\n<li>As a component of their travel conference grant allocation, students may claim per diem amounts with a total daily allowance of $73 for domestic travel and $93 for international travel. Other eligible expenses include travel (flight, train or bus), ground transportation (taxi or public transit), accommodation (the hotel receipt must have the applicant\u2019s name on it) and conference registration and related fees.<\/li>\n<li>Students are not allowed to claim travel expenses for other students unless they have first obtained written permission from CSDC staff.<\/li>\n<li>Please note that to receive funding from the CSDC, you must have completed the CSDC registration form, as well as have fully completed (photo included) and updated your profile on the CSDC website.<\/li>\n<li>Grant payment requests must be made\u00a0<strong>within 4 weeksof conference travel\u00a0<\/strong>by sending proof travel to\u00a0cecd-csdc@ulaval.ca\u00a0(for example invoice flights and boarding passes, hotel, etc.). Grant requests submitted after this deadline will not be processed.<\/li>\n<\/ol>\n<p>[\/et_pb_text][\/et_pb_column][\/et_pb_row][et_pb_row _builder_version=&#8221;4.27.4&#8243; _module_preset=&#8221;default&#8221; global_colors_info=&#8221;{}&#8221;][et_pb_column type=&#8221;4_4&#8243; _builder_version=&#8221;4.27.4&#8243; _module_preset=&#8221;default&#8221; global_colors_info=&#8221;{}&#8221;][et_pb_contact_form captcha=&#8221;off&#8221; email=&#8221;cecd-csdc@ulaval.ca&#8221; title=&#8221;Travel grant (conferences)&#8221; submit_button_text=&#8221;Submission&#8221; _builder_version=&#8221;4.27.5&#8243; _module_preset=&#8221;default&#8221; _unique_id=&#8221;b321d38d-875c-4fbc-b60d-11788ceed0c9&#8243; use_cloudflare_turnstile=&#8221;on&#8221; global_colors_info=&#8221;{}&#8221;][et_pb_contact_field field_id=&#8221;First_name&#8221; field_title=&#8221;Firste name&#8221; fullwidth_field=&#8221;on&#8221; _builder_version=&#8221;4.27.4&#8243; _module_preset=&#8221;default&#8221; use_field_label=&#8221;on&#8221; global_colors_info=&#8221;{}&#8221;][\/et_pb_contact_field][et_pb_contact_field field_id=&#8221;Family_name&#8221; field_title=&#8221;Family name&#8221; fullwidth_field=&#8221;on&#8221; _builder_version=&#8221;4.27.4&#8243; _module_preset=&#8221;default&#8221; use_field_label=&#8221;on&#8221; global_colors_info=&#8221;{}&#8221;][\/et_pb_contact_field][et_pb_contact_field field_id=&#8221;Email&#8221; field_title=&#8221;Email&#8221; fullwidth_field=&#8221;on&#8221; _builder_version=&#8221;4.27.4&#8243; _module_preset=&#8221;default&#8221; use_field_label=&#8221;on&#8221; global_colors_info=&#8221;{}&#8221;][\/et_pb_contact_field][et_pb_contact_field field_id=&#8221;University&#8221; field_title=&#8221;University&#8221; field_type=&#8221;select&#8221; select_options=&#8221;%91{%22value%22:%22Concordia%22,%22checked%22:0,%22dragID%22:-1},{%22value%22:%22HEC%22,%22checked%22:0,%22dragID%22:0},{%22value%22:%22INRS%22,%22checked%22:0,%22dragID%22:1},{%22value%22:%22McGill%22,%22checked%22:0,%22dragID%22:2},{%22value%22:%22T\u00c9LUQ%22,%22checked%22:0,%22dragID%22:3},{%22value%22:%22Universit\u00e9 de Montr\u00e9al%22,%22checked%22:0,%22dragID%22:5},{%22value%22:%22Universit\u00e9 de Sherbrooke%22,%22checked%22:0,%22dragID%22:6},{%22value%22:%22Universit\u00e9 Laval%22,%22checked%22:0,%22dragID%22:4},{%22value%22:%22UQAM%22,%22checked%22:0,%22dragID%22:7},{%22value%22:%22UQTR%22,%22checked%22:0,%22dragID%22:8}%93&#8243; fullwidth_field=&#8221;on&#8221; _builder_version=&#8221;4.27.4&#8243; _module_preset=&#8221;default&#8221; use_field_label=&#8221;on&#8221; global_colors_info=&#8221;{}&#8221;][\/et_pb_contact_field][et_pb_contact_field field_id=&#8221;Program&#8221; field_title=&#8221;Program&#8221; field_type=&#8221;select&#8221; select_options=&#8221;%91{%22value%22:%22Master%22,%22checked%22:0,%22dragID%22:-1},{%22value%22:%22Ph.D.%22,%22checked%22:0,%22dragID%22:0},{%22value%22:%22Postdoctoral Fellow%22,%22checked%22:0,%22dragID%22:1}%93&#8243; fullwidth_field=&#8221;on&#8221; _builder_version=&#8221;4.27.4&#8243; _module_preset=&#8221;default&#8221; use_field_label=&#8221;on&#8221; global_colors_info=&#8221;{}&#8221;][\/et_pb_contact_field][et_pb_contact_field field_id=&#8221;Supervisor&#8221; field_title=&#8221;Supervisor&#8221; field_type=&#8221;select&#8221; select_options=&#8221;%91{%22value%22:%22Ajzenman, Nicolas%22,%22checked%22:0,%22dragID%22:-1},{%22value%22:%22Arel_Bundock, Vincent%22,%22checked%22:0,%22dragID%22:0},{%22value%22:%22Baccini, Leonardo%22,%22checked%22:0,%22dragID%22:1},{%22value%22:%22Bastien, Fr\u00e9d\u00e9rick%22,%22checked%22:0,%22dragID%22:2},{%22value%22:%22Beaudonnet, Laurie%22,%22checked%22:0,%22dragID%22:3},{%22value%22:%22B\u00e9langer, \u00c9ric%22,%22checked%22:0,%22dragID%22:4},{%22value%22:%22Berwick, Elissa%22,%22checked%22:0,%22dragID%22:5},{%22value%22:%22Bilodeau, Antoine%22,%22checked%22:0,%22dragID%22:6},{%22value%22:%22Birch, Lisa%22,%22checked%22:0,%22dragID%22:7},{%22value%22:%22Blais, Andr\u00e9%22,%22checked%22:0,%22dragID%22:8},{%22value%22:%22Bouchard, Joanie%22,%22checked%22:0,%22dragID%22:10},{%22value%22:%22Bodet, Marc_Andr\u00e9%22,%22checked%22:0,%22dragID%22:9},{%22value%22:%22Brie, Evelyne%22,%22checked%22:0,%22dragID%22:46},{%22value%22:%22Brin, Colette%22,%22checked%22:0,%22dragID%22:11},{%22value%22:%22Choquette, Emmanuel%22,%22checked%22:0,%22dragID%22:12},{%22value%22:%22Clark, Jeremy%22,%22checked%22:0,%22dragID%22:13},{%22value%22:%22Coulombe, Simon%22,%22checked%22:0,%22dragID%22:14},{%22value%22:%22Dassonneville, Ruth%22,%22checked%22:0,%22dragID%22:15},{%22value%22:%22de la Sablonni\u00e8re, Roxane%22,%22checked%22:0,%22dragID%22:16},{%22value%22:%22Dinan, Shannon%22,%22checked%22:0,%22dragID%22:18},{%22value%22:%22Doucerain, Marina%22,%22checked%22:0,%22dragID%22:19},{%22value%22:%22Dufresne, Yannick%22,%22checked%22:0,%22dragID%22:20},{%22value%22:%22Durand, Claire%22,%22checked%22:0,%22dragID%22:21},{%22value%22:%22Duval, Dominic%22,%22checked%22:0,%22dragID%22:22},{%22value%22:%22Erlich, Aaron%22,%22checked%22:0,%22dragID%22:23},{%22value%22:%22Forest, Benjamin%22,%22checked%22:0,%22dragID%22:24},{%22value%22:%22Fournier, Patrick%22,%22checked%22:0,%22dragID%22:25},{%22value%22:%22G\u00e9lineau, Fran\u00e7ois%22,%22checked%22:0,%22dragID%22:26},{%22value%22:%22Giasson, Thierry%22,%22checked%22:0,%22dragID%22:27},{%22value%22:%22Godbout, Jean-Fran\u00e7ois%22,%22checked%22:0,%22dragID%22:28},{%22value%22:%22Harell, Allison%22,%22checked%22:0,%22dragID%22:29},{%22value%22:%22H\u00e9bert, Virginie%22,%22checked%22:0,%22dragID%22:30},{%22value%22:%22Hehman, Eric%22,%22checked%22:0,%22dragID%22:31},{%22value%22:%22Jacques, Olivier%22,%22checked%22:0,%22dragID%22:32},{%22value%22:%22Lachapelle, Erick%22,%22checked%22:0,%22dragID%22:33},{%22value%22:%22Lalancette, Mireille%22,%22checked%22:0,%22dragID%22:34},{%22value%22:%22Landry, Normand%22,%22checked%22:0,%22dragID%22:35},{%22value%22:%22Le Pennec, Caroline%22,%22checked%22:0,%22dragID%22:36},{%22value%22:%22Luna, Juan Pablo%22,%22checked%22:0,%22dragID%22:47},{%22value%22:%22Mah\u00e9o-Le-Luel, Val\u00e9rie-Anne%22,%22checked%22:0,%22dragID%22:37},{%22value%22:%22McKelvey, Fenwick%22,%22checked%22:0,%22dragID%22:38},{%22value%22:%22Nadeau, Richard%22,%22checked%22:0,%22dragID%22:39},{%22value%22:%22Ouellet, Catherine%22,%22checked%22:0,%22dragID%22:40},{%22value%22:%22Rabbany, Reihaneh%22,%22checked%22:0,%22dragID%22:41},{%22value%22:%22Rouillard, Carol-Ann%22,%22checked%22:0,%22dragID%22:48},{%22value%22:%22Scott, Colin%22,%22checked%22:0,%22dragID%22:42},{%22value%22:%22Shor, Eran%22,%22checked%22:0,%22dragID%22:43},{%22value%22:%22Soehl, Thomas%22,%22checked%22:0,%22dragID%22:44},{%22value%22:%22Stolle, Dietlind%22,%22checked%22:0,%22dragID%22:45}%93&#8243; fullwidth_field=&#8221;on&#8221; _builder_version=&#8221;4.27.5&#8243; _module_preset=&#8221;default&#8221; use_field_label=&#8221;on&#8221; global_colors_info=&#8221;{}&#8221;][\/et_pb_contact_field][et_pb_contact_field field_id=&#8221;Earlier_grants&#8221; field_title=&#8221;Have you already received a CSDC Travel Grant (Conference) before?&#8221; field_type=&#8221;radio&#8221; radio_options=&#8221;%91{%22value%22:%22Yes%22,%22checked%22:0,%22dragID%22:-1},{%22value%22:%22No%22,%22checked%22:0,%22dragID%22:0}%93&#8243; fullwidth_field=&#8221;on&#8221; _builder_version=&#8221;4.27.4&#8243; _module_preset=&#8221;default&#8221; global_colors_info=&#8221;{}&#8221;][\/et_pb_contact_field][et_pb_contact_field field_id=&#8221;Years_before&#8221; field_title=&#8221;If yes, what year(s)?&#8221; fullwidth_field=&#8221;on&#8221; _builder_version=&#8221;4.27.4&#8243; _module_preset=&#8221;default&#8221; use_field_label=&#8221;on&#8221; global_colors_info=&#8221;{}&#8221;][\/et_pb_contact_field][et_pb_contact_field field_id=&#8221;Anticipated_confernces&#8221; field_title=&#8221;Anticipated conferences (Name, City, Month)&#8221; fullwidth_field=&#8221;on&#8221; _builder_version=&#8221;4.27.4&#8243; _module_preset=&#8221;default&#8221; use_field_label=&#8221;on&#8221; global_colors_info=&#8221;{}&#8221;][\/et_pb_contact_field][\/et_pb_contact_form][\/et_pb_column][\/et_pb_row][\/et_pb_section]<\/p>\n","protected":false},"excerpt":{"rendered":"<p>Travel grant (conferences) April 1 to September 30, 2026 New registration deadline: March 8, 2026IMPORTANT: \u00a0The CSDC awards travel grants (conferences) to graduate students and post-doctoral fellows, to present, in-person, their research at conferences. September 1 -30, 2025 -for conferences held between October 1, 2025 \u2013 March 31, 2026. February 1 \u2013 28, 2026 \u2013 [&hellip;]<\/p>\n","protected":false},"author":1,"featured_media":0,"parent":0,"menu_order":0,"comment_status":"closed","ping_status":"closed","template":"","meta":{"_et_pb_use_builder":"on","_et_pb_old_content":"","_et_gb_content_width":"","footnotes":""},"class_list":["post-1804","page","type-page","status-publish","hentry"],"yoast_head":"<!-- This site is optimized with the Yoast SEO plugin v27.5 - https:\/\/yoast.com\/product\/yoast-seo-wordpress\/ -->\n<title>Apply - Travel grant (conferences) - CECD - Centre pour l&#039;\u00e9tude de la citoyennet\u00e9 d\u00e9mocratique<\/title>\n<meta name=\"robots\" content=\"index, follow, max-snippet:-1, max-image-preview:large, max-video-preview:-1\" \/>\n<link rel=\"canonical\" href=\"https:\/\/csdc-cecd.ca\/apply-travel-grant-conferences\/\" \/>\n<meta property=\"og:locale\" content=\"en_US\" \/>\n<meta property=\"og:type\" content=\"article\" \/>\n<meta property=\"og:title\" content=\"Apply - Travel grant (conferences) - CECD - Centre pour l&#039;\u00e9tude de la citoyennet\u00e9 d\u00e9mocratique\" \/>\n<meta property=\"og:description\" content=\"Travel grant (conferences) April 1 to September 30, 2026 New registration deadline: March 8, 2026IMPORTANT: \u00a0The CSDC awards travel grants (conferences) to graduate students and post-doctoral fellows, to present, in-person, their research at conferences. September 1 -30, 2025 -for conferences held between October 1, 2025 \u2013 March 31, 2026. February 1 \u2013 28, 2026 \u2013 [&hellip;]\" \/>\n<meta property=\"og:url\" content=\"https:\/\/csdc-cecd.ca\/apply-travel-grant-conferences\/\" \/>\n<meta property=\"og:site_name\" content=\"CECD - Centre pour l&#039;\u00e9tude de la citoyennet\u00e9 d\u00e9mocratique\" \/>\n<meta property=\"article:modified_time\" content=\"2026-03-02T16:14:32+00:00\" \/>\n<meta name=\"twitter:card\" content=\"summary_large_image\" \/>\n<meta name=\"twitter:label1\" content=\"Est. reading time\" \/>\n\t<meta name=\"twitter:data1\" content=\"3 minutes\" \/>\n<script type=\"application\/ld+json\" class=\"yoast-schema-graph\">{\"@context\":\"https:\\\/\\\/schema.org\",\"@graph\":[{\"@type\":\"WebPage\",\"@id\":\"https:\\\/\\\/csdc-cecd.ca\\\/apply-travel-grant-conferences\\\/\",\"url\":\"https:\\\/\\\/csdc-cecd.ca\\\/apply-travel-grant-conferences\\\/\",\"name\":\"Apply - Travel grant (conferences) - CECD - Centre pour l&#039;\u00e9tude de la citoyennet\u00e9 d\u00e9mocratique\",\"isPartOf\":{\"@id\":\"https:\\\/\\\/csdc-cecd.ca\\\/#website\"},\"datePublished\":\"2024-08-13T12:25:14+00:00\",\"dateModified\":\"2026-03-02T16:14:32+00:00\",\"breadcrumb\":{\"@id\":\"https:\\\/\\\/csdc-cecd.ca\\\/apply-travel-grant-conferences\\\/#breadcrumb\"},\"inLanguage\":\"en-US\",\"potentialAction\":[{\"@type\":\"ReadAction\",\"target\":[\"https:\\\/\\\/csdc-cecd.ca\\\/apply-travel-grant-conferences\\\/\"]}]},{\"@type\":\"BreadcrumbList\",\"@id\":\"https:\\\/\\\/csdc-cecd.ca\\\/apply-travel-grant-conferences\\\/#breadcrumb\",\"itemListElement\":[{\"@type\":\"ListItem\",\"position\":1,\"name\":\"Accueil\",\"item\":\"https:\\\/\\\/csdc-cecd.ca\\\/\"},{\"@type\":\"ListItem\",\"position\":2,\"name\":\"Apply &#8211; Travel grant (conferences)\"}]},{\"@type\":\"WebSite\",\"@id\":\"https:\\\/\\\/csdc-cecd.ca\\\/#website\",\"url\":\"https:\\\/\\\/csdc-cecd.ca\\\/\",\"name\":\"CECD - Centre pour l&#039;\u00e9tude de la citoyennet\u00e9 d\u00e9mocratique\",\"description\":\"\",\"potentialAction\":[{\"@type\":\"SearchAction\",\"target\":{\"@type\":\"EntryPoint\",\"urlTemplate\":\"https:\\\/\\\/csdc-cecd.ca\\\/?s={search_term_string}\"},\"query-input\":{\"@type\":\"PropertyValueSpecification\",\"valueRequired\":true,\"valueName\":\"search_term_string\"}}],\"inLanguage\":\"en-US\"}]}<\/script>\n<!-- \/ Yoast SEO plugin. -->","yoast_head_json":{"title":"Apply - Travel grant (conferences) - CECD - Centre pour l&#039;\u00e9tude de la citoyennet\u00e9 d\u00e9mocratique","robots":{"index":"index","follow":"follow","max-snippet":"max-snippet:-1","max-image-preview":"max-image-preview:large","max-video-preview":"max-video-preview:-1"},"canonical":"https:\/\/csdc-cecd.ca\/apply-travel-grant-conferences\/","og_locale":"en_US","og_type":"article","og_title":"Apply - Travel grant (conferences) - CECD - Centre pour l&#039;\u00e9tude de la citoyennet\u00e9 d\u00e9mocratique","og_description":"Travel grant (conferences) April 1 to September 30, 2026 New registration deadline: March 8, 2026IMPORTANT: \u00a0The CSDC awards travel grants (conferences) to graduate students and post-doctoral fellows, to present, in-person, their research at conferences. September 1 -30, 2025 -for conferences held between October 1, 2025 \u2013 March 31, 2026. February 1 \u2013 28, 2026 \u2013 [&hellip;]","og_url":"https:\/\/csdc-cecd.ca\/apply-travel-grant-conferences\/","og_site_name":"CECD - Centre pour l&#039;\u00e9tude de la citoyennet\u00e9 d\u00e9mocratique","article_modified_time":"2026-03-02T16:14:32+00:00","twitter_card":"summary_large_image","twitter_misc":{"Est. reading time":"3 minutes"},"schema":{"@context":"https:\/\/schema.org","@graph":[{"@type":"WebPage","@id":"https:\/\/csdc-cecd.ca\/apply-travel-grant-conferences\/","url":"https:\/\/csdc-cecd.ca\/apply-travel-grant-conferences\/","name":"Apply - Travel grant (conferences) - CECD - Centre pour l&#039;\u00e9tude de la citoyennet\u00e9 d\u00e9mocratique","isPartOf":{"@id":"https:\/\/csdc-cecd.ca\/#website"},"datePublished":"2024-08-13T12:25:14+00:00","dateModified":"2026-03-02T16:14:32+00:00","breadcrumb":{"@id":"https:\/\/csdc-cecd.ca\/apply-travel-grant-conferences\/#breadcrumb"},"inLanguage":"en-US","potentialAction":[{"@type":"ReadAction","target":["https:\/\/csdc-cecd.ca\/apply-travel-grant-conferences\/"]}]},{"@type":"BreadcrumbList","@id":"https:\/\/csdc-cecd.ca\/apply-travel-grant-conferences\/#breadcrumb","itemListElement":[{"@type":"ListItem","position":1,"name":"Accueil","item":"https:\/\/csdc-cecd.ca\/"},{"@type":"ListItem","position":2,"name":"Apply &#8211; Travel grant (conferences)"}]},{"@type":"WebSite","@id":"https:\/\/csdc-cecd.ca\/#website","url":"https:\/\/csdc-cecd.ca\/","name":"CECD - Centre pour l&#039;\u00e9tude de la citoyennet\u00e9 d\u00e9mocratique","description":"","potentialAction":[{"@type":"SearchAction","target":{"@type":"EntryPoint","urlTemplate":"https:\/\/csdc-cecd.ca\/?s={search_term_string}"},"query-input":{"@type":"PropertyValueSpecification","valueRequired":true,"valueName":"search_term_string"}}],"inLanguage":"en-US"}]}},"_links":{"self":[{"href":"https:\/\/csdc-cecd.ca\/en\/wp-json\/wp\/v2\/pages\/1804","targetHints":{"allow":["GET"]}}],"collection":[{"href":"https:\/\/csdc-cecd.ca\/en\/wp-json\/wp\/v2\/pages"}],"about":[{"href":"https:\/\/csdc-cecd.ca\/en\/wp-json\/wp\/v2\/types\/page"}],"author":[{"embeddable":true,"href":"https:\/\/csdc-cecd.ca\/en\/wp-json\/wp\/v2\/users\/1"}],"replies":[{"embeddable":true,"href":"https:\/\/csdc-cecd.ca\/en\/wp-json\/wp\/v2\/comments?post=1804"}],"version-history":[{"count":25,"href":"https:\/\/csdc-cecd.ca\/en\/wp-json\/wp\/v2\/pages\/1804\/revisions"}],"predecessor-version":[{"id":7289,"href":"https:\/\/csdc-cecd.ca\/en\/wp-json\/wp\/v2\/pages\/1804\/revisions\/7289"}],"wp:attachment":[{"href":"https:\/\/csdc-cecd.ca\/en\/wp-json\/wp\/v2\/media?parent=1804"}],"curies":[{"name":"wp","href":"https:\/\/api.w.org\/{rel}","templated":true}]}}