{"id":1842,"date":"2024-08-01T13:17:03","date_gmt":"2024-08-01T17:17:03","guid":{"rendered":"https:\/\/nouveau.csdc-cecd.ca\/postuler-maintenant-0-interregional\/"},"modified":"2024-08-16T09:10:39","modified_gmt":"2024-08-16T13:10:39","slug":"postuler-maintenant-0-interregional","status":"publish","type":"page","link":"https:\/\/csdc-cecd.ca\/en\/postuler-maintenant-0-interregional\/","title":{"rendered":"Apply &#8211; Reimbursement Interregional Students"},"content":{"rendered":"<p>[et_pb_section fb_built=&#8221;1&#8243; _builder_version=&#8221;4.27.0&#8243; _module_preset=&#8221;default&#8221; global_colors_info=&#8221;{}&#8221;][et_pb_row _builder_version=&#8221;4.27.0&#8243; _module_preset=&#8221;default&#8221; global_colors_info=&#8221;{}&#8221;][et_pb_column type=&#8221;4_4&#8243; _builder_version=&#8221;4.27.0&#8243; _module_preset=&#8221;default&#8221; global_colors_info=&#8221;{}&#8221;][et_pb_text _builder_version=&#8221;4.27.0&#8243; _module_preset=&#8221;default&#8221; global_colors_info=&#8221;{}&#8221;]<\/p>\n<h2 style=\"text-align: center;\"><strong>CSDC Inter-regional Travel Reimbursement<\/strong><\/h2>\n<h4 style=\"text-align: center;\">(Faculty members, postdoctoral fellows, graduate students)<\/h4>\n<p>[\/et_pb_text][et_pb_text _builder_version=&#8221;4.27.0&#8243; _module_preset=&#8221;default&#8221; hover_enabled=&#8221;0&#8243; global_colors_info=&#8221;{}&#8221; sticky_enabled=&#8221;0&#8243;]<\/p>\n<h4><strong>Introduction:<\/strong><\/h4>\n<p>It is very important to the Centre for the Study of Democratic Citizenship (CSDC) to foster and encourage collaboration and reciprocal visits among CSDC Faculty, postdoctoral fellow, and graduate student members to CSDC events in Quebec.<\/p>\n<h4><strong>Objective:<\/strong><\/h4>\n<p>To support CSDC members to participate in CSDC sponsored or co-sponsored events and workshops in Quebec.<\/p>\n<h4><strong>Deadline:<\/strong><\/h4>\n<p><em><strong>1. Funding request<\/strong><\/em><\/p>\n<p>Inter-regional travel reimbursement requests must be submitted by email to <a href=\"mailto:cecd-csdc@ulaval.ca\">cecd-csdc@ulaval.ca<\/a> before the event or workshop takes place.<\/p>\n<p><em>Funding applications will not be accepted retroactively<\/em>.<\/p>\n<p><em><strong>2. Reimbursement request:<\/strong><\/em><\/p>\n<p>The request for payment of the reimbursement must be submitted within four (4) weeks after the event or workshop.<\/p>\n<h4><strong>Eligibility:<\/strong><\/h4>\n<p>All CSDC faculty, postdoctoral fellow, and graduate student members are eligible for funding.<\/p>\n<h4><strong>Funding:<\/strong><\/h4>\n<p>The CSDC inter-regional travel reimbursement will cover the costs of inter-regional travel (round trip by bus, by train, or by car) and\/or hotel accommodation for members.<span>\u00a0<\/span><em>For details and conditions see below<\/em>.<\/p>\n<p><em><strong>1. Travel:<\/strong><\/em><\/p>\n<p>The CSDC encourages members to use public transport for travel to CSDC events and co-sponsored events.<\/p>\n<p><u>Train or bus.:<\/u><\/p>\n<p>The CSDC will reimburse the costs of the lowest fare of the train (<strong>escape fare<\/strong>) or bus (<strong>promo or flex fare<\/strong>)<\/p>\n<p>The reimbursement will cover:<\/p>\n<ul>\n<li>the cost of the train ticket at the escape fare (if the escape fare is no longer available, the lower of the economy or economy plus fare is authorized, upon presentation of a screenshot of the website indicating the fare and the availability);<\/li>\n<li>the cost of the bus ticket at the promo or flex rate (if the promo or flex rate is no longer available, the lowest of the other available rates is authorized, upon presentation of a screenshot of the website indicating the rate and availability).<\/li>\n<\/ul>\n<p><strong>Please note that the CSDC does not refund business class.<\/strong><\/p>\n<p><u>Use of personal automobile or rental car:<\/u><\/p>\n<p>If a personal vehicle or a rental vehicle is used, the CSDC pays the following allowances for:<\/p>\n<table>\n<tbody>\n<tr>\n<td width=\"312\"><\/td>\n<td width=\"156\">Traveling alone<\/td>\n<td width=\"156\">Carpooling with other CSDC members (Reimbursement total per car)<\/td>\n<\/tr>\n<tr>\n<td width=\"312\">Montreal \u2013 Quebec City<\/td>\n<td width=\"156\">$ 217<\/td>\n<td width=\"156\">$ 272<\/td>\n<\/tr>\n<tr>\n<td width=\"312\">Montreal \u2013 Rimouski<\/td>\n<td width=\"156\">$ 500<\/td>\n<td width=\"156\">$ 600<\/td>\n<\/tr>\n<tr>\n<td width=\"312\">Montreal \u2013 Trois-Rivi\u00e8res<\/td>\n<td width=\"156\">$ 119<\/td>\n<td width=\"156\">$ 148<\/td>\n<\/tr>\n<tr>\n<td width=\"312\">Montreal \u2013 Sherbrooke<\/td>\n<td width=\"156\">$ 138<\/td>\n<td width=\"156\">$ 173<\/td>\n<\/tr>\n<tr>\n<td width=\"312\">Quebec City \u2013 Rimouski<\/td>\n<td width=\"156\">$ 144<\/td>\n<td width=\"156\">$ 176<\/td>\n<\/tr>\n<tr>\n<td width=\"312\">Quebec City \u2013 Trois-Rivi\u00e8res<\/td>\n<td width=\"156\">$ 95<\/td>\n<td width=\"156\">$ 120<\/td>\n<\/tr>\n<tr>\n<td width=\"312\">Quebec City \u2013 Sherbrooke<\/td>\n<td width=\"156\">$ 160<\/td>\n<td width=\"156\">$ 195<\/td>\n<\/tr>\n<tr>\n<td width=\"312\">Rimouski \u2013 Trois-Rivi\u00e8res<\/td>\n<td width=\"156\">$ 192<\/td>\n<td width=\"156\">$ 235<\/td>\n<\/tr>\n<tr>\n<td width=\"312\">Rimouski \u2013 Sherbrooke<\/td>\n<td width=\"156\">$ 232<\/td>\n<td width=\"156\">$ 283<\/td>\n<\/tr>\n<tr>\n<td width=\"312\">Sherbrooke \u2013 Trois-Rivi\u00e8res<\/td>\n<td width=\"156\">$ 120<\/td>\n<td width=\"156\">$ 145<\/td>\n<\/tr>\n<\/tbody>\n<\/table>\n<p>Note: if the event takes place elsewhere in Quebec, the CSDC will establish an amount<\/p>\n<p>The CSDC reimburses one parking fee (either at the hotel or the venue of the event) per event.<\/p>\n<p><em><strong>2. Accommodation:<\/strong><\/em><\/p>\n<p>The CSDC will cover the costs of one-night hotel accommodation if the event or workshop is less than 400 km (linear distance) \u00a0from the graduate student or postdoctoral fellow\u2019s university; if the distance is greater than 400 km (linear distance) then two-night accommodation will be covered.<\/p>\n<p>If the event takes place over several days, accommodation will be covered depending on the duration of the event.<\/p>\n<p>The CSDC has preferred rates at the following Montreal hotels: Ch\u00e2teau Versailles, SENS Hotel, Terrasse Royale. For events in Montreal the CSDC may be able to reserve rooms at the partner hotels and the CSDC will be invoiced.<\/p>\n<p>If a member reserves their own room, the CSDC reimburses up to the following amounts.<\/p>\n<table width=\"733\">\n<tbody>\n<tr>\n<td width=\"149\">Hotel<\/td>\n<td width=\"146\">May \u2013 Oct. 2023<\/td>\n<td width=\"146\">Nov. 2023 \u2013 April 2024<\/td>\n<td width=\"146\">May \u2013 Oct. 2024<\/td>\n<td width=\"146\">Nov2024 \u2013 April 2025<\/td>\n<\/tr>\n<tr>\n<td width=\"149\">Per night single occopation<\/td>\n<td width=\"146\">$ 175 (plus taxes)<\/td>\n<td width=\"146\">$ 150 (plus taxes)<\/td>\n<td width=\"146\">$ 175 (plus taxes<\/td>\n<td width=\"146\">$ 150 (plus taxes)<\/td>\n<\/tr>\n<\/tbody>\n<\/table>\n<p><em>Whenever possible, we encourage graduate students and postdoctoral fellows to share a room.<\/em><\/p>\n<h4><strong>REGISTRATION:<\/strong><\/h4>\n<p>Prior to the event send an email to cecd-csdc@ulaval.ca that includes<\/p>\n<ul>\n<li>Name, location, and date of event<\/li>\n<li>Request for hotel accommodation if the event is in Montreal<\/li>\n<\/ul>\n<h3><u><strong>Reimbursement:<\/strong><\/u><\/h3>\n<p>Within 4 weeks after the evenement has finished send to <a href=\"mailto:cecd-csdc@ulaval.ca\">cecd-csdc@ulaval.ca<\/a>:<\/p>\n<ul>\n<li>Train or bus invoice and proof of payment<\/li>\n<li>Boarding passes (if applicable)<\/li>\n<li>Google map (if applicable)<\/li>\n<li>Hotel invoice and proof of payment (if applicable)<\/li>\n<\/ul>\n<p>Note: the CSDC does not reimburse local transportation or meals.<\/p>\n<h4><strong>Incomplete submissions:<\/strong><\/h4>\n<p>All applicants are strongly advised to carefully read and follow the instructions and requirements outlined in the Guidelines.<\/p>\n<p>[\/et_pb_text][et_pb_button button_url=&#8221;@ET-DC@eyJkeW5hbWljIjp0cnVlLCJjb250ZW50IjoicG9zdF9saW5rX3VybF9wYWdlIiwic2V0dGluZ3MiOnsicG9zdF9pZCI6IjM3NiJ9fQ==@&#8221; button_text=&#8221;Back to Funding Opportunities&#8221; button_alignment=&#8221;center&#8221; _builder_version=&#8221;4.27.0&#8243; _dynamic_attributes=&#8221;button_url&#8221; _module_preset=&#8221;default&#8221; global_colors_info=&#8221;{}&#8221;][\/et_pb_button][\/et_pb_column][\/et_pb_row][\/et_pb_section]<\/p>\n","protected":false},"excerpt":{"rendered":"<p>CSDC Inter-regional Travel Reimbursement (Faculty members, postdoctoral fellows, graduate students)Introduction: It is very important to the Centre for the Study of Democratic Citizenship (CSDC) to foster and encourage collaboration and reciprocal visits among CSDC Faculty, postdoctoral fellow, and graduate student members to CSDC events in Quebec. Objective: To support CSDC members to participate in CSDC [&hellip;]<\/p>\n","protected":false},"author":1,"featured_media":0,"parent":0,"menu_order":0,"comment_status":"closed","ping_status":"closed","template":"","meta":{"_et_pb_use_builder":"on","_et_pb_old_content":"","_et_gb_content_width":"","footnotes":""},"class_list":["post-1842","page","type-page","status-publish","hentry"],"yoast_head":"<!-- This site is optimized with the Yoast SEO plugin v27.4 - https:\/\/yoast.com\/product\/yoast-seo-wordpress\/ -->\n<title>Apply - Reimbursement Interregional Students - CECD - Centre pour l&#039;\u00e9tude de la citoyennet\u00e9 d\u00e9mocratique<\/title>\n<meta name=\"robots\" content=\"index, follow, max-snippet:-1, max-image-preview:large, max-video-preview:-1\" \/>\n<link rel=\"canonical\" href=\"https:\/\/csdc-cecd.ca\/postuler-maintenant-0-interregional\/\" \/>\n<meta property=\"og:locale\" content=\"en_US\" \/>\n<meta property=\"og:type\" content=\"article\" \/>\n<meta property=\"og:title\" content=\"Apply - Reimbursement Interregional Students - CECD - Centre pour l&#039;\u00e9tude de la citoyennet\u00e9 d\u00e9mocratique\" \/>\n<meta property=\"og:description\" content=\"CSDC Inter-regional Travel Reimbursement (Faculty members, postdoctoral fellows, graduate students)Introduction: It is very important to the Centre for the Study of Democratic Citizenship (CSDC) to foster and encourage collaboration and reciprocal visits among CSDC Faculty, postdoctoral fellow, and graduate student members to CSDC events in Quebec. Objective: To support CSDC members to participate in CSDC [&hellip;]\" \/>\n<meta property=\"og:url\" content=\"https:\/\/csdc-cecd.ca\/postuler-maintenant-0-interregional\/\" \/>\n<meta property=\"og:site_name\" content=\"CECD - Centre pour l&#039;\u00e9tude de la citoyennet\u00e9 d\u00e9mocratique\" \/>\n<meta property=\"article:modified_time\" content=\"2024-08-16T13:10:39+00:00\" \/>\n<meta name=\"twitter:card\" content=\"summary_large_image\" \/>\n<meta name=\"twitter:label1\" content=\"Est. reading time\" \/>\n\t<meta name=\"twitter:data1\" content=\"5 minutes\" \/>\n<script type=\"application\/ld+json\" class=\"yoast-schema-graph\">{\"@context\":\"https:\\\/\\\/schema.org\",\"@graph\":[{\"@type\":\"WebPage\",\"@id\":\"https:\\\/\\\/csdc-cecd.ca\\\/postuler-maintenant-0-interregional\\\/\",\"url\":\"https:\\\/\\\/csdc-cecd.ca\\\/postuler-maintenant-0-interregional\\\/\",\"name\":\"Apply - Reimbursement Interregional Students - CECD - Centre pour l&#039;\u00e9tude de la citoyennet\u00e9 d\u00e9mocratique\",\"isPartOf\":{\"@id\":\"https:\\\/\\\/csdc-cecd.ca\\\/#website\"},\"datePublished\":\"2024-08-01T17:17:03+00:00\",\"dateModified\":\"2024-08-16T13:10:39+00:00\",\"breadcrumb\":{\"@id\":\"https:\\\/\\\/csdc-cecd.ca\\\/postuler-maintenant-0-interregional\\\/#breadcrumb\"},\"inLanguage\":\"en-US\",\"potentialAction\":[{\"@type\":\"ReadAction\",\"target\":[\"https:\\\/\\\/csdc-cecd.ca\\\/postuler-maintenant-0-interregional\\\/\"]}]},{\"@type\":\"BreadcrumbList\",\"@id\":\"https:\\\/\\\/csdc-cecd.ca\\\/postuler-maintenant-0-interregional\\\/#breadcrumb\",\"itemListElement\":[{\"@type\":\"ListItem\",\"position\":1,\"name\":\"Accueil\",\"item\":\"https:\\\/\\\/csdc-cecd.ca\\\/en\\\/\"},{\"@type\":\"ListItem\",\"position\":2,\"name\":\"Apply &#8211; Reimbursement Interregional Students\"}]},{\"@type\":\"WebSite\",\"@id\":\"https:\\\/\\\/csdc-cecd.ca\\\/#website\",\"url\":\"https:\\\/\\\/csdc-cecd.ca\\\/\",\"name\":\"CECD - Centre pour l&#039;\u00e9tude de la citoyennet\u00e9 d\u00e9mocratique\",\"description\":\"\",\"potentialAction\":[{\"@type\":\"SearchAction\",\"target\":{\"@type\":\"EntryPoint\",\"urlTemplate\":\"https:\\\/\\\/csdc-cecd.ca\\\/?s={search_term_string}\"},\"query-input\":{\"@type\":\"PropertyValueSpecification\",\"valueRequired\":true,\"valueName\":\"search_term_string\"}}],\"inLanguage\":\"en-US\"}]}<\/script>\n<!-- \/ Yoast SEO plugin. -->","yoast_head_json":{"title":"Apply - Reimbursement Interregional Students - CECD - Centre pour l&#039;\u00e9tude de la citoyennet\u00e9 d\u00e9mocratique","robots":{"index":"index","follow":"follow","max-snippet":"max-snippet:-1","max-image-preview":"max-image-preview:large","max-video-preview":"max-video-preview:-1"},"canonical":"https:\/\/csdc-cecd.ca\/postuler-maintenant-0-interregional\/","og_locale":"en_US","og_type":"article","og_title":"Apply - Reimbursement Interregional Students - CECD - Centre pour l&#039;\u00e9tude de la citoyennet\u00e9 d\u00e9mocratique","og_description":"CSDC Inter-regional Travel Reimbursement (Faculty members, postdoctoral fellows, graduate students)Introduction: It is very important to the Centre for the Study of Democratic Citizenship (CSDC) to foster and encourage collaboration and reciprocal visits among CSDC Faculty, postdoctoral fellow, and graduate student members to CSDC events in Quebec. Objective: To support CSDC members to participate in CSDC [&hellip;]","og_url":"https:\/\/csdc-cecd.ca\/postuler-maintenant-0-interregional\/","og_site_name":"CECD - Centre pour l&#039;\u00e9tude de la citoyennet\u00e9 d\u00e9mocratique","article_modified_time":"2024-08-16T13:10:39+00:00","twitter_card":"summary_large_image","twitter_misc":{"Est. reading time":"5 minutes"},"schema":{"@context":"https:\/\/schema.org","@graph":[{"@type":"WebPage","@id":"https:\/\/csdc-cecd.ca\/postuler-maintenant-0-interregional\/","url":"https:\/\/csdc-cecd.ca\/postuler-maintenant-0-interregional\/","name":"Apply - Reimbursement Interregional Students - CECD - Centre pour l&#039;\u00e9tude de la citoyennet\u00e9 d\u00e9mocratique","isPartOf":{"@id":"https:\/\/csdc-cecd.ca\/#website"},"datePublished":"2024-08-01T17:17:03+00:00","dateModified":"2024-08-16T13:10:39+00:00","breadcrumb":{"@id":"https:\/\/csdc-cecd.ca\/postuler-maintenant-0-interregional\/#breadcrumb"},"inLanguage":"en-US","potentialAction":[{"@type":"ReadAction","target":["https:\/\/csdc-cecd.ca\/postuler-maintenant-0-interregional\/"]}]},{"@type":"BreadcrumbList","@id":"https:\/\/csdc-cecd.ca\/postuler-maintenant-0-interregional\/#breadcrumb","itemListElement":[{"@type":"ListItem","position":1,"name":"Accueil","item":"https:\/\/csdc-cecd.ca\/en\/"},{"@type":"ListItem","position":2,"name":"Apply &#8211; Reimbursement Interregional Students"}]},{"@type":"WebSite","@id":"https:\/\/csdc-cecd.ca\/#website","url":"https:\/\/csdc-cecd.ca\/","name":"CECD - Centre pour l&#039;\u00e9tude de la citoyennet\u00e9 d\u00e9mocratique","description":"","potentialAction":[{"@type":"SearchAction","target":{"@type":"EntryPoint","urlTemplate":"https:\/\/csdc-cecd.ca\/?s={search_term_string}"},"query-input":{"@type":"PropertyValueSpecification","valueRequired":true,"valueName":"search_term_string"}}],"inLanguage":"en-US"}]}},"_links":{"self":[{"href":"https:\/\/csdc-cecd.ca\/en\/wp-json\/wp\/v2\/pages\/1842","targetHints":{"allow":["GET"]}}],"collection":[{"href":"https:\/\/csdc-cecd.ca\/en\/wp-json\/wp\/v2\/pages"}],"about":[{"href":"https:\/\/csdc-cecd.ca\/en\/wp-json\/wp\/v2\/types\/page"}],"author":[{"embeddable":true,"href":"https:\/\/csdc-cecd.ca\/en\/wp-json\/wp\/v2\/users\/1"}],"replies":[{"embeddable":true,"href":"https:\/\/csdc-cecd.ca\/en\/wp-json\/wp\/v2\/comments?post=1842"}],"version-history":[{"count":8,"href":"https:\/\/csdc-cecd.ca\/en\/wp-json\/wp\/v2\/pages\/1842\/revisions"}],"predecessor-version":[{"id":2030,"href":"https:\/\/csdc-cecd.ca\/en\/wp-json\/wp\/v2\/pages\/1842\/revisions\/2030"}],"wp:attachment":[{"href":"https:\/\/csdc-cecd.ca\/en\/wp-json\/wp\/v2\/media?parent=1842"}],"curies":[{"name":"wp","href":"https:\/\/api.w.org\/{rel}","templated":true}]}}