{"id":2165,"date":"2024-08-09T11:06:51","date_gmt":"2024-08-09T15:06:51","guid":{"rendered":"https:\/\/nouveau.csdc-cecd.ca\/diversity-and-the-bounds-of-solidarity-barriers-and-expectations-in-public-opinion-2024\/"},"modified":"2024-08-26T09:13:32","modified_gmt":"2024-08-26T13:13:32","slug":"diversity-and-the-bounds-of-solidarity-barriers-and-expectations-in-public-opinion-2024","status":"publish","type":"page","link":"https:\/\/csdc-cecd.ca\/en\/diversity-and-the-bounds-of-solidarity-barriers-and-expectations-in-public-opinion-2024\/","title":{"rendered":"Ang &#8211; Diversity and the Bounds of Solidarity: Barriers and Expectations in Public Opinion 2024"},"content":{"rendered":"<p>[et_pb_section fb_built=&#8221;1&#8243; _builder_version=&#8221;4.27.0&#8243; _module_preset=&#8221;default&#8221; global_colors_info=&#8221;{}&#8221;][et_pb_row _builder_version=&#8221;4.27.0&#8243; _module_preset=&#8221;default&#8221; global_colors_info=&#8221;{}&#8221;][et_pb_column type=&#8221;4_4&#8243; _builder_version=&#8221;4.27.0&#8243; _module_preset=&#8221;default&#8221; global_colors_info=&#8221;{}&#8221;][et_pb_text _builder_version=&#8221;4.27.0&#8243; _module_preset=&#8221;default&#8221;]<\/p>\n<h2 class=\"p1\" style=\"text-align: center;\">Diversity and the Bounds of Solidarity: Barriers and Expectations in Public Opinion<\/h2>\n<p>[\/et_pb_text][et_pb_image src=&#8221;https:\/\/csdc-cecd.ca\/wp-content\/uploads\/2024\/08\/Solidarity-Calendrier.png&#8221; title_text=&#8221;Solidarity &#8211; Calendrier&#8221; _builder_version=&#8221;4.27.0&#8243; _module_preset=&#8221;default&#8221; global_colors_info=&#8221;{}&#8221;][\/et_pb_image][et_pb_text _builder_version=&#8221;4.27.0&#8243; _module_preset=&#8221;default&#8221;]<\/p>\n<p>The workshop&#8217;s objective is to explore the nature of public opinion towards immigrants within liberal and democratic political regimes, as well as how these attitudes may be linked and intersected with attitudes towards racial, ethnic and religious minorities.<\/p>\n<p>&nbsp;<\/p>\n<p><span><\/span><\/p>\n<p><span><\/span><\/p>\n<p>[\/et_pb_text][et_pb_image src=&#8221;https:\/\/csdc-cecd.ca\/wp-content\/uploads\/2024\/08\/20240819-Web-genda-Solidarity-Conference.png&#8221; title_text=&#8221;20240819 -Web genda &#8211; Solidarity Conference&#8221; _builder_version=&#8221;4.27.0&#8243; _module_preset=&#8221;default&#8221; global_colors_info=&#8221;{}&#8221;][\/et_pb_image][et_pb_button button_url=&#8221;@ET-DC@eyJkeW5hbWljIjp0cnVlLCJjb250ZW50IjoicG9zdF9saW5rX3VybF9wYWdlIiwic2V0dGluZ3MiOnsicG9zdF9pZCI6IjgwNCJ9fQ==@&#8221; button_text=&#8221;Back to the events calendar&#8221; button_alignment=&#8221;center&#8221; _builder_version=&#8221;4.27.0&#8243; _dynamic_attributes=&#8221;button_url&#8221; _module_preset=&#8221;default&#8221; global_colors_info=&#8221;{}&#8221;][\/et_pb_button][\/et_pb_column][\/et_pb_row][\/et_pb_section]<\/p>\n","protected":false},"excerpt":{"rendered":"<p>Diversity and the Bounds of Solidarity: Barriers and Expectations in Public OpinionThe workshop&#8217;s objective is to explore the nature of public opinion towards immigrants within liberal and democratic political regimes, as well as how these attitudes may be linked and intersected with attitudes towards racial, ethnic and religious minorities. &nbsp;<\/p>\n","protected":false},"author":1,"featured_media":0,"parent":0,"menu_order":0,"comment_status":"closed","ping_status":"closed","template":"","meta":{"_et_pb_use_builder":"on","_et_pb_old_content":"","_et_gb_content_width":"","footnotes":""},"class_list":["post-2165","page","type-page","status-publish","hentry"],"yoast_head":"<!-- This site is optimized with the Yoast SEO plugin v27.4 - https:\/\/yoast.com\/product\/yoast-seo-wordpress\/ -->\n<title>Ang - Diversity and the Bounds of Solidarity: Barriers and Expectations in Public Opinion 2024 - CECD - Centre pour l&#039;\u00e9tude de la citoyennet\u00e9 d\u00e9mocratique<\/title>\n<meta name=\"robots\" content=\"index, follow, max-snippet:-1, max-image-preview:large, max-video-preview:-1\" \/>\n<link rel=\"canonical\" href=\"https:\/\/csdc-cecd.ca\/diversity-and-the-bounds-of-solidarity-barriers-and-expectations-in-public-opinion-2024\/\" \/>\n<meta property=\"og:locale\" content=\"en_US\" \/>\n<meta property=\"og:type\" content=\"article\" \/>\n<meta property=\"og:title\" content=\"Ang - Diversity and the Bounds of Solidarity: Barriers and Expectations in Public Opinion 2024 - CECD - Centre pour l&#039;\u00e9tude de la citoyennet\u00e9 d\u00e9mocratique\" \/>\n<meta property=\"og:description\" content=\"Diversity and the Bounds of Solidarity: Barriers and Expectations in Public OpinionThe workshop&#039;s objective is to explore the nature of public opinion towards immigrants within liberal and democratic political regimes, as well as how these attitudes may be linked and intersected with attitudes towards racial, ethnic and religious minorities. &nbsp;\" \/>\n<meta property=\"og:url\" content=\"https:\/\/csdc-cecd.ca\/diversity-and-the-bounds-of-solidarity-barriers-and-expectations-in-public-opinion-2024\/\" \/>\n<meta property=\"og:site_name\" content=\"CECD - Centre pour l&#039;\u00e9tude de la citoyennet\u00e9 d\u00e9mocratique\" \/>\n<meta property=\"article:modified_time\" content=\"2024-08-26T13:13:32+00:00\" \/>\n<meta name=\"twitter:card\" content=\"summary_large_image\" \/>\n<meta name=\"twitter:label1\" content=\"Est. reading time\" \/>\n\t<meta name=\"twitter:data1\" content=\"1 minute\" \/>\n<script type=\"application\/ld+json\" class=\"yoast-schema-graph\">{\"@context\":\"https:\\\/\\\/schema.org\",\"@graph\":[{\"@type\":\"WebPage\",\"@id\":\"https:\\\/\\\/csdc-cecd.ca\\\/diversity-and-the-bounds-of-solidarity-barriers-and-expectations-in-public-opinion-2024\\\/\",\"url\":\"https:\\\/\\\/csdc-cecd.ca\\\/diversity-and-the-bounds-of-solidarity-barriers-and-expectations-in-public-opinion-2024\\\/\",\"name\":\"Ang - Diversity and the Bounds of Solidarity: Barriers and Expectations in Public Opinion 2024 - CECD - Centre pour l&#039;\u00e9tude de la citoyennet\u00e9 d\u00e9mocratique\",\"isPartOf\":{\"@id\":\"https:\\\/\\\/csdc-cecd.ca\\\/#website\"},\"datePublished\":\"2024-08-09T15:06:51+00:00\",\"dateModified\":\"2024-08-26T13:13:32+00:00\",\"breadcrumb\":{\"@id\":\"https:\\\/\\\/csdc-cecd.ca\\\/diversity-and-the-bounds-of-solidarity-barriers-and-expectations-in-public-opinion-2024\\\/#breadcrumb\"},\"inLanguage\":\"en-US\",\"potentialAction\":[{\"@type\":\"ReadAction\",\"target\":[\"https:\\\/\\\/csdc-cecd.ca\\\/diversity-and-the-bounds-of-solidarity-barriers-and-expectations-in-public-opinion-2024\\\/\"]}]},{\"@type\":\"BreadcrumbList\",\"@id\":\"https:\\\/\\\/csdc-cecd.ca\\\/diversity-and-the-bounds-of-solidarity-barriers-and-expectations-in-public-opinion-2024\\\/#breadcrumb\",\"itemListElement\":[{\"@type\":\"ListItem\",\"position\":1,\"name\":\"Accueil\",\"item\":\"https:\\\/\\\/csdc-cecd.ca\\\/en\\\/\"},{\"@type\":\"ListItem\",\"position\":2,\"name\":\"Ang &#8211; Diversity and the Bounds of Solidarity: Barriers and Expectations in Public Opinion 2024\"}]},{\"@type\":\"WebSite\",\"@id\":\"https:\\\/\\\/csdc-cecd.ca\\\/#website\",\"url\":\"https:\\\/\\\/csdc-cecd.ca\\\/\",\"name\":\"CECD - Centre pour l&#039;\u00e9tude de la citoyennet\u00e9 d\u00e9mocratique\",\"description\":\"\",\"potentialAction\":[{\"@type\":\"SearchAction\",\"target\":{\"@type\":\"EntryPoint\",\"urlTemplate\":\"https:\\\/\\\/csdc-cecd.ca\\\/?s={search_term_string}\"},\"query-input\":{\"@type\":\"PropertyValueSpecification\",\"valueRequired\":true,\"valueName\":\"search_term_string\"}}],\"inLanguage\":\"en-US\"}]}<\/script>\n<!-- \/ Yoast SEO plugin. -->","yoast_head_json":{"title":"Ang - Diversity and the Bounds of Solidarity: Barriers and Expectations in Public Opinion 2024 - CECD - Centre pour l&#039;\u00e9tude de la citoyennet\u00e9 d\u00e9mocratique","robots":{"index":"index","follow":"follow","max-snippet":"max-snippet:-1","max-image-preview":"max-image-preview:large","max-video-preview":"max-video-preview:-1"},"canonical":"https:\/\/csdc-cecd.ca\/diversity-and-the-bounds-of-solidarity-barriers-and-expectations-in-public-opinion-2024\/","og_locale":"en_US","og_type":"article","og_title":"Ang - Diversity and the Bounds of Solidarity: Barriers and Expectations in Public Opinion 2024 - CECD - Centre pour l&#039;\u00e9tude de la citoyennet\u00e9 d\u00e9mocratique","og_description":"Diversity and the Bounds of Solidarity: Barriers and Expectations in Public OpinionThe workshop's objective is to explore the nature of public opinion towards immigrants within liberal and democratic political regimes, as well as how these attitudes may be linked and intersected with attitudes towards racial, ethnic and religious minorities. &nbsp;","og_url":"https:\/\/csdc-cecd.ca\/diversity-and-the-bounds-of-solidarity-barriers-and-expectations-in-public-opinion-2024\/","og_site_name":"CECD - Centre pour l&#039;\u00e9tude de la citoyennet\u00e9 d\u00e9mocratique","article_modified_time":"2024-08-26T13:13:32+00:00","twitter_card":"summary_large_image","twitter_misc":{"Est. reading time":"1 minute"},"schema":{"@context":"https:\/\/schema.org","@graph":[{"@type":"WebPage","@id":"https:\/\/csdc-cecd.ca\/diversity-and-the-bounds-of-solidarity-barriers-and-expectations-in-public-opinion-2024\/","url":"https:\/\/csdc-cecd.ca\/diversity-and-the-bounds-of-solidarity-barriers-and-expectations-in-public-opinion-2024\/","name":"Ang - Diversity and the Bounds of Solidarity: Barriers and Expectations in Public Opinion 2024 - CECD - Centre pour l&#039;\u00e9tude de la citoyennet\u00e9 d\u00e9mocratique","isPartOf":{"@id":"https:\/\/csdc-cecd.ca\/#website"},"datePublished":"2024-08-09T15:06:51+00:00","dateModified":"2024-08-26T13:13:32+00:00","breadcrumb":{"@id":"https:\/\/csdc-cecd.ca\/diversity-and-the-bounds-of-solidarity-barriers-and-expectations-in-public-opinion-2024\/#breadcrumb"},"inLanguage":"en-US","potentialAction":[{"@type":"ReadAction","target":["https:\/\/csdc-cecd.ca\/diversity-and-the-bounds-of-solidarity-barriers-and-expectations-in-public-opinion-2024\/"]}]},{"@type":"BreadcrumbList","@id":"https:\/\/csdc-cecd.ca\/diversity-and-the-bounds-of-solidarity-barriers-and-expectations-in-public-opinion-2024\/#breadcrumb","itemListElement":[{"@type":"ListItem","position":1,"name":"Accueil","item":"https:\/\/csdc-cecd.ca\/en\/"},{"@type":"ListItem","position":2,"name":"Ang &#8211; Diversity and the Bounds of Solidarity: Barriers and Expectations in Public Opinion 2024"}]},{"@type":"WebSite","@id":"https:\/\/csdc-cecd.ca\/#website","url":"https:\/\/csdc-cecd.ca\/","name":"CECD - Centre pour l&#039;\u00e9tude de la citoyennet\u00e9 d\u00e9mocratique","description":"","potentialAction":[{"@type":"SearchAction","target":{"@type":"EntryPoint","urlTemplate":"https:\/\/csdc-cecd.ca\/?s={search_term_string}"},"query-input":{"@type":"PropertyValueSpecification","valueRequired":true,"valueName":"search_term_string"}}],"inLanguage":"en-US"}]}},"_links":{"self":[{"href":"https:\/\/csdc-cecd.ca\/en\/wp-json\/wp\/v2\/pages\/2165","targetHints":{"allow":["GET"]}}],"collection":[{"href":"https:\/\/csdc-cecd.ca\/en\/wp-json\/wp\/v2\/pages"}],"about":[{"href":"https:\/\/csdc-cecd.ca\/en\/wp-json\/wp\/v2\/types\/page"}],"author":[{"embeddable":true,"href":"https:\/\/csdc-cecd.ca\/en\/wp-json\/wp\/v2\/users\/1"}],"replies":[{"embeddable":true,"href":"https:\/\/csdc-cecd.ca\/en\/wp-json\/wp\/v2\/comments?post=2165"}],"version-history":[{"count":5,"href":"https:\/\/csdc-cecd.ca\/en\/wp-json\/wp\/v2\/pages\/2165\/revisions"}],"predecessor-version":[{"id":2403,"href":"https:\/\/csdc-cecd.ca\/en\/wp-json\/wp\/v2\/pages\/2165\/revisions\/2403"}],"wp:attachment":[{"href":"https:\/\/csdc-cecd.ca\/en\/wp-json\/wp\/v2\/media?parent=2165"}],"curies":[{"name":"wp","href":"https:\/\/api.w.org\/{rel}","templated":true}]}}