{"id":2256,"date":"2024-08-09T10:28:03","date_gmt":"2024-08-09T14:28:03","guid":{"rendered":"https:\/\/nouveau.csdc-cecd.ca\/toronto-montrealpolitical-behaviour-workshop-2024\/"},"modified":"2024-09-06T11:25:36","modified_gmt":"2024-09-06T15:25:36","slug":"toronto-montrealpolitical-behaviour-workshop-2024","status":"publish","type":"page","link":"https:\/\/csdc-cecd.ca\/en\/toronto-montrealpolitical-behaviour-workshop-2024\/","title":{"rendered":"Toronto-Montreal Political Behaviour Workshop 2024"},"content":{"rendered":"\n[et_pb_section fb_built=&#8221;1&#8243; _builder_version=&#8221;4.27.0&#8243; _module_preset=&#8221;default&#8221; global_colors_info=&#8221;{}&#8221;][et_pb_row _builder_version=&#8221;4.27.0&#8243; _module_preset=&#8221;default&#8221; global_colors_info=&#8221;{}&#8221;][et_pb_column type=&#8221;4_4&#8243; _builder_version=&#8221;4.27.0&#8243; _module_preset=&#8221;default&#8221; global_colors_info=&#8221;{}&#8221;][et_pb_text _builder_version=&#8221;4.27.0&#8243; _module_preset=&#8221;default&#8221; global_colors_info=&#8221;{}&#8221;]<h1>The Toronto-Montreal<br \/>Political Behaviour Workshop<\/h1>[\/et_pb_text][et_pb_image src=&#8221;https:\/\/csdc-cecd.ca\/wp-content\/uploads\/2024\/08\/Affiches-2024-2048-x-666-px.png&#8221; title_text=&#8221;Affiches 2024 (2048 x 666 px)&#8221; _builder_version=&#8221;4.27.0&#8243; _module_preset=&#8221;default&#8221; hover_enabled=&#8221;0&#8243; global_colors_info=&#8221;{}&#8221; sticky_enabled=&#8221;0&#8243;][\/et_pb_image][et_pb_text _builder_version=&#8221;4.27.0&#8243; _module_preset=&#8221;default&#8221; global_colors_info=&#8221;{}&#8221;]<p>The organizing committee is pleased to announce that the 10th edition of the<span>\u00a0<\/span><a href=\"https:\/\/politicalbehaviourworkshop.ca\/\">Toronto Political Behaviour Workshop<\/a><span>\u00a0<\/span>will be moving to the beautiful city of\u00a0<span class=\"highlight\">Montreal<\/span>! We have assembled an\u00a0<a href=\"https:\/\/politicalbehaviourworkshop.ca\/schedule.html#sec-papers\" data-original-href=\"https:\/\/politicalbehaviourworkshop.ca\/schedule.html#sec-papers\">exciting group of scholars<\/a>\u00a0to present at this year\u2019s workshop.<\/p>\n<p>The Toronto-Montreal Political Behaviour Workshop will take place on <span class=\"highlight\">September 27 and 28, 2024<\/span>, near the McGill Campus in downtown Montreal. As in past years, the workshop will feature about a dozen papers. We will spend about an hour on each paper.<\/p>\n<p>The deadline to submit a proposal has passed, but we warmly welcome you to join the workshop as an attendee. Please fill out the\u00a0<a href=\"https:\/\/mcgillcsdc.ca1.qualtrics.com\/jfe\/form\/SV_07ityXHJECUE3m6\" data-original-href=\"https:\/\/mcgillcsdc.ca1.qualtrics.com\/jfe\/form\/SV_07ityXHJECUE3m6\">REGISTRATION FORM<\/a>\u00a0if you would like to join us.<\/p>\n<p>The workshop is jointly hosted by the Centre for the Study of Democratic Citizenship (CSDC), the Department of Political Science at McGill University, and the Consortium for Electoral Democracy in collaboration with the Munk School of Global Affairs and Public Policy, University of Toronto, and the Department of Politics at Toronto Metropolitan University.<\/p>[\/et_pb_text][et_pb_button button_url=&#8221;@ET-DC@eyJkeW5hbWljIjp0cnVlLCJjb250ZW50IjoicG9zdF9saW5rX3VybF9wYWdlIiwic2V0dGluZ3MiOnsicG9zdF9pZCI6IjgwNCJ9fQ==@&#8221; button_text=&#8221;Retour au calendrier des \u00e9v\u00e9nements&#8221; button_alignment=&#8221;center&#8221; _builder_version=&#8221;4.27.0&#8243; _dynamic_attributes=&#8221;button_url&#8221; _module_preset=&#8221;default&#8221; global_colors_info=&#8221;{}&#8221;][\/et_pb_button][\/et_pb_column][\/et_pb_row][\/et_pb_section]\n","protected":false},"excerpt":{"rendered":"<p>The Toronto-MontrealPolitical Behaviour WorkshopThe organizing committee is pleased to announce that the 10th edition of the\u00a0Toronto Political Behaviour Workshop\u00a0will be moving to the beautiful city of\u00a0Montreal! We have assembled an\u00a0exciting group of scholars\u00a0to present at this year\u2019s workshop. The Toronto-Montreal Political Behaviour Workshop will take place on September 27 and 28, 2024, near the McGill [&hellip;]<\/p>\n","protected":false},"author":1,"featured_media":0,"parent":0,"menu_order":0,"comment_status":"closed","ping_status":"closed","template":"","meta":{"_et_pb_use_builder":"on","_et_pb_old_content":"","_et_gb_content_width":"","footnotes":""},"class_list":["post-2256","page","type-page","status-publish","hentry"],"yoast_head":"<!-- This site is optimized with the Yoast SEO plugin v27.4 - https:\/\/yoast.com\/product\/yoast-seo-wordpress\/ -->\n<title>Toronto-Montreal Political Behaviour Workshop 2024 - CECD - Centre pour l&#039;\u00e9tude de la citoyennet\u00e9 d\u00e9mocratique<\/title>\n<meta name=\"robots\" content=\"index, follow, max-snippet:-1, max-image-preview:large, max-video-preview:-1\" \/>\n<link rel=\"canonical\" href=\"https:\/\/csdc-cecd.ca\/en\/toronto-montrealpolitical-behaviour-workshop-2024\/\" \/>\n<meta property=\"og:locale\" content=\"en_US\" \/>\n<meta property=\"og:type\" content=\"article\" \/>\n<meta property=\"og:title\" content=\"Toronto-Montreal Political Behaviour Workshop 2024 - CECD - Centre pour l&#039;\u00e9tude de la citoyennet\u00e9 d\u00e9mocratique\" \/>\n<meta property=\"og:description\" content=\"The Toronto-MontrealPolitical Behaviour WorkshopThe organizing committee is pleased to announce that the 10th edition of the\u00a0Toronto Political Behaviour Workshop\u00a0will be moving to the beautiful city of\u00a0Montreal! We have assembled an\u00a0exciting group of scholars\u00a0to present at this year\u2019s workshop. The Toronto-Montreal Political Behaviour Workshop will take place on September 27 and 28, 2024, near the McGill [&hellip;]\" \/>\n<meta property=\"og:url\" content=\"https:\/\/csdc-cecd.ca\/en\/toronto-montrealpolitical-behaviour-workshop-2024\/\" \/>\n<meta property=\"og:site_name\" content=\"CECD - Centre pour l&#039;\u00e9tude de la citoyennet\u00e9 d\u00e9mocratique\" \/>\n<meta property=\"article:modified_time\" content=\"2024-09-06T15:25:36+00:00\" \/>\n<meta name=\"twitter:card\" content=\"summary_large_image\" \/>\n<meta name=\"twitter:label1\" content=\"Est. reading time\" \/>\n\t<meta name=\"twitter:data1\" content=\"2 minutes\" \/>\n<script type=\"application\/ld+json\" class=\"yoast-schema-graph\">{\"@context\":\"https:\\\/\\\/schema.org\",\"@graph\":[{\"@type\":\"WebPage\",\"@id\":\"https:\\\/\\\/csdc-cecd.ca\\\/en\\\/toronto-montrealpolitical-behaviour-workshop-2024\\\/\",\"url\":\"https:\\\/\\\/csdc-cecd.ca\\\/en\\\/toronto-montrealpolitical-behaviour-workshop-2024\\\/\",\"name\":\"Toronto-Montreal Political Behaviour Workshop 2024 - CECD - Centre pour l&#039;\u00e9tude de la citoyennet\u00e9 d\u00e9mocratique\",\"isPartOf\":{\"@id\":\"https:\\\/\\\/csdc-cecd.ca\\\/#website\"},\"datePublished\":\"2024-08-09T14:28:03+00:00\",\"dateModified\":\"2024-09-06T15:25:36+00:00\",\"breadcrumb\":{\"@id\":\"https:\\\/\\\/csdc-cecd.ca\\\/en\\\/toronto-montrealpolitical-behaviour-workshop-2024\\\/#breadcrumb\"},\"inLanguage\":\"en-US\",\"potentialAction\":[{\"@type\":\"ReadAction\",\"target\":[\"https:\\\/\\\/csdc-cecd.ca\\\/en\\\/toronto-montrealpolitical-behaviour-workshop-2024\\\/\"]}]},{\"@type\":\"BreadcrumbList\",\"@id\":\"https:\\\/\\\/csdc-cecd.ca\\\/en\\\/toronto-montrealpolitical-behaviour-workshop-2024\\\/#breadcrumb\",\"itemListElement\":[{\"@type\":\"ListItem\",\"position\":1,\"name\":\"Accueil\",\"item\":\"https:\\\/\\\/csdc-cecd.ca\\\/en\\\/\"},{\"@type\":\"ListItem\",\"position\":2,\"name\":\"Toronto-Montreal Political Behaviour Workshop 2024\"}]},{\"@type\":\"WebSite\",\"@id\":\"https:\\\/\\\/csdc-cecd.ca\\\/#website\",\"url\":\"https:\\\/\\\/csdc-cecd.ca\\\/\",\"name\":\"CECD - Centre pour l&#039;\u00e9tude de la citoyennet\u00e9 d\u00e9mocratique\",\"description\":\"\",\"potentialAction\":[{\"@type\":\"SearchAction\",\"target\":{\"@type\":\"EntryPoint\",\"urlTemplate\":\"https:\\\/\\\/csdc-cecd.ca\\\/?s={search_term_string}\"},\"query-input\":{\"@type\":\"PropertyValueSpecification\",\"valueRequired\":true,\"valueName\":\"search_term_string\"}}],\"inLanguage\":\"en-US\"}]}<\/script>\n<!-- \/ Yoast SEO plugin. -->","yoast_head_json":{"title":"Toronto-Montreal Political Behaviour Workshop 2024 - CECD - Centre pour l&#039;\u00e9tude de la citoyennet\u00e9 d\u00e9mocratique","robots":{"index":"index","follow":"follow","max-snippet":"max-snippet:-1","max-image-preview":"max-image-preview:large","max-video-preview":"max-video-preview:-1"},"canonical":"https:\/\/csdc-cecd.ca\/en\/toronto-montrealpolitical-behaviour-workshop-2024\/","og_locale":"en_US","og_type":"article","og_title":"Toronto-Montreal Political Behaviour Workshop 2024 - CECD - Centre pour l&#039;\u00e9tude de la citoyennet\u00e9 d\u00e9mocratique","og_description":"The Toronto-MontrealPolitical Behaviour WorkshopThe organizing committee is pleased to announce that the 10th edition of the\u00a0Toronto Political Behaviour Workshop\u00a0will be moving to the beautiful city of\u00a0Montreal! We have assembled an\u00a0exciting group of scholars\u00a0to present at this year\u2019s workshop. The Toronto-Montreal Political Behaviour Workshop will take place on September 27 and 28, 2024, near the McGill [&hellip;]","og_url":"https:\/\/csdc-cecd.ca\/en\/toronto-montrealpolitical-behaviour-workshop-2024\/","og_site_name":"CECD - Centre pour l&#039;\u00e9tude de la citoyennet\u00e9 d\u00e9mocratique","article_modified_time":"2024-09-06T15:25:36+00:00","twitter_card":"summary_large_image","twitter_misc":{"Est. reading time":"2 minutes"},"schema":{"@context":"https:\/\/schema.org","@graph":[{"@type":"WebPage","@id":"https:\/\/csdc-cecd.ca\/en\/toronto-montrealpolitical-behaviour-workshop-2024\/","url":"https:\/\/csdc-cecd.ca\/en\/toronto-montrealpolitical-behaviour-workshop-2024\/","name":"Toronto-Montreal Political Behaviour Workshop 2024 - CECD - Centre pour l&#039;\u00e9tude de la citoyennet\u00e9 d\u00e9mocratique","isPartOf":{"@id":"https:\/\/csdc-cecd.ca\/#website"},"datePublished":"2024-08-09T14:28:03+00:00","dateModified":"2024-09-06T15:25:36+00:00","breadcrumb":{"@id":"https:\/\/csdc-cecd.ca\/en\/toronto-montrealpolitical-behaviour-workshop-2024\/#breadcrumb"},"inLanguage":"en-US","potentialAction":[{"@type":"ReadAction","target":["https:\/\/csdc-cecd.ca\/en\/toronto-montrealpolitical-behaviour-workshop-2024\/"]}]},{"@type":"BreadcrumbList","@id":"https:\/\/csdc-cecd.ca\/en\/toronto-montrealpolitical-behaviour-workshop-2024\/#breadcrumb","itemListElement":[{"@type":"ListItem","position":1,"name":"Accueil","item":"https:\/\/csdc-cecd.ca\/en\/"},{"@type":"ListItem","position":2,"name":"Toronto-Montreal Political Behaviour Workshop 2024"}]},{"@type":"WebSite","@id":"https:\/\/csdc-cecd.ca\/#website","url":"https:\/\/csdc-cecd.ca\/","name":"CECD - Centre pour l&#039;\u00e9tude de la citoyennet\u00e9 d\u00e9mocratique","description":"","potentialAction":[{"@type":"SearchAction","target":{"@type":"EntryPoint","urlTemplate":"https:\/\/csdc-cecd.ca\/?s={search_term_string}"},"query-input":{"@type":"PropertyValueSpecification","valueRequired":true,"valueName":"search_term_string"}}],"inLanguage":"en-US"}]}},"_links":{"self":[{"href":"https:\/\/csdc-cecd.ca\/en\/wp-json\/wp\/v2\/pages\/2256","targetHints":{"allow":["GET"]}}],"collection":[{"href":"https:\/\/csdc-cecd.ca\/en\/wp-json\/wp\/v2\/pages"}],"about":[{"href":"https:\/\/csdc-cecd.ca\/en\/wp-json\/wp\/v2\/types\/page"}],"author":[{"embeddable":true,"href":"https:\/\/csdc-cecd.ca\/en\/wp-json\/wp\/v2\/users\/1"}],"replies":[{"embeddable":true,"href":"https:\/\/csdc-cecd.ca\/en\/wp-json\/wp\/v2\/comments?post=2256"}],"version-history":[{"count":1,"href":"https:\/\/csdc-cecd.ca\/en\/wp-json\/wp\/v2\/pages\/2256\/revisions"}],"predecessor-version":[{"id":2711,"href":"https:\/\/csdc-cecd.ca\/en\/wp-json\/wp\/v2\/pages\/2256\/revisions\/2711"}],"wp:attachment":[{"href":"https:\/\/csdc-cecd.ca\/en\/wp-json\/wp\/v2\/media?parent=2256"}],"curies":[{"name":"wp","href":"https:\/\/api.w.org\/{rel}","templated":true}]}}