{"id":2397,"date":"2024-08-26T09:00:11","date_gmt":"2024-08-26T13:00:11","guid":{"rendered":"https:\/\/nouveau.csdc-cecd.ca\/serie-de-conference-julia-cage\/"},"modified":"2024-11-12T07:25:26","modified_gmt":"2024-11-12T12:25:26","slug":"serie-de-conference-julia-cage","status":"publish","type":"page","link":"https:\/\/csdc-cecd.ca\/en\/serie-de-conference-julia-cage\/","title":{"rendered":"Speaker Series &#8211; Julia Cag\u00e9"},"content":{"rendered":"\n[et_pb_section fb_built=&#8221;1&#8243; _builder_version=&#8221;4.27.0&#8243; _module_preset=&#8221;default&#8221; global_colors_info=&#8221;{}&#8221;][et_pb_row _builder_version=&#8221;4.27.0&#8243; _module_preset=&#8221;default&#8221; global_colors_info=&#8221;{}&#8221;][et_pb_column type=&#8221;4_4&#8243; _builder_version=&#8221;4.27.0&#8243; _module_preset=&#8221;default&#8221; global_colors_info=&#8221;{}&#8221;][et_pb_text _builder_version=&#8221;4.27.2&#8243; _module_preset=&#8221;default&#8221; global_colors_info=&#8221;{}&#8221;]<h2>Speaker Series &#8211; Julia Cag\u00e9<\/h2>[\/et_pb_text][\/et_pb_column][\/et_pb_row][et_pb_row _builder_version=&#8221;4.27.0&#8243; _module_preset=&#8221;default&#8221; global_colors_info=&#8221;{}&#8221;][et_pb_column type=&#8221;4_4&#8243; _builder_version=&#8221;4.27.0&#8243; _module_preset=&#8221;default&#8221; global_colors_info=&#8221;{}&#8221;][et_pb_image src=&#8221;https:\/\/csdc-cecd.ca\/wp-content\/uploads\/2024\/11\/Affiches-Speaker-Series-2024-2048-x-666-px-1.png&#8221; title_text=&#8221;Affiches Speaker-Series 2024 (2048 x 666 px) (1)&#8221; _builder_version=&#8221;4.27.2&#8243; _module_preset=&#8221;default&#8221; global_colors_info=&#8221;{}&#8221;][\/et_pb_image][\/et_pb_column][\/et_pb_row][et_pb_row _builder_version=&#8221;4.27.0&#8243; _module_preset=&#8221;default&#8221; global_colors_info=&#8221;{}&#8221;][et_pb_column type=&#8221;4_4&#8243; _builder_version=&#8221;4.27.0&#8243; _module_preset=&#8221;default&#8221; global_colors_info=&#8221;{}&#8221;][et_pb_text _builder_version=&#8221;4.27.2&#8243; _module_preset=&#8221;default&#8221; global_colors_info=&#8221;{}&#8221;]<p>The Centre for the Study of Democratic Citizenship<span>\u00a0presents:<\/span><\/p>\n<p><span><strong>In\u00e9galit\u00e9s politiques<br \/><\/strong><\/span><a href=\"https:\/\/juliacage.com\/\">Julia Cag\u00e9<\/a> (Sciences Po Paris, France)<\/p>\n<p>When: November 26, 2024\u00a0 &#8211; 3 &#8211; 4:30 p.m.<br \/>Wher : Thomson House, <span>3650 McTavish St, Montreal, Quebec H3A 1Y2<\/span><\/p>[\/et_pb_text][et_pb_text _builder_version=&#8221;4.27.2&#8243; _module_preset=&#8221;default&#8221; hover_enabled=&#8221;0&#8243; global_colors_info=&#8221;{}&#8221; sticky_enabled=&#8221;0&#8243;]<p><span>Les in\u00e9galit\u00e9s en mati\u00e8re de participation politique &#8211; qui peuvent prendre des formes multiples &#8211; se sont fortement accrues au cours des derni\u00e8res d\u00e9cennies. Lors de cette conf\u00e9rence, je me concentrerai sur trois aspects centraux des in\u00e9galit\u00e9s politiques : la concentration croissante des dons politiques et caritatifs, le d\u00e9ficit grandissant de repr\u00e9sentativit\u00e9 au sens descriptif du terme, et le manque de prise en compte des pr\u00e9f\u00e9rences des plus modestes dans les politiques mises en \u0153uvre. En me basant sur la litt\u00e9rature existante ainsi que sur des nouvelles donn\u00e9es, je ferai le lien entre l&#8217;augmentation des in\u00e9galit\u00e9s politiques et l&#8217;\u00e9largissement r\u00e9cent des in\u00e9galit\u00e9s de participation \u00e9lectorale entre les plus modestes et les plus favoris\u00e9s. J&#8217;examinerai ensuite les nouvelles formes de participation &#8211; par exemple l&#8217;augmentation du nombre de petits donateurs aux candidats aux \u00c9tats-Unis\u00a0 et leur impact sur la participation \u00e9lectorale &#8211; ainsi que l&#8217;efficacit\u00e9 des politiques visant \u00e0 am\u00e9liorer la repr\u00e9sentation descriptive. J&#8217;\u00e9voquerai de nouvelles pistes de recherche.<\/span><\/p>[\/et_pb_text][\/et_pb_column][\/et_pb_row][et_pb_row _builder_version=&#8221;4.27.0&#8243; _module_preset=&#8221;default&#8221; global_colors_info=&#8221;{}&#8221;][et_pb_column type=&#8221;4_4&#8243; _builder_version=&#8221;4.27.0&#8243; _module_preset=&#8221;default&#8221; global_colors_info=&#8221;{}&#8221;][et_pb_text _builder_version=&#8221;4.27.0&#8243; _module_preset=&#8221;default&#8221; global_colors_info=&#8221;{}&#8221;]<p>See all the other Speaker Series Events <a href=\"https:\/\/csdc-cecd.ca\/en\/series-de-conferences-cecd\/\">here<\/a>\u00a0<\/p>\n<p>This series is sponsored by the\u00a0Centre for the Study of Democratic Citizenship, which is funded by the <a href=\"https:\/\/frq.gouv.qc.ca\/en\/?_gl=1*o5ed60*_up*MQ..&amp;gclid=Cj0KCQjwz7C2BhDkARIsAA_SZKZZF5jB-6FsIs95vigEAG-xhoJ5O0HSQFDdNdEUSTzR3BuQU4vBJr8aAi69EALw_wcB\">Fonds de recherche du Qu\u00e9bec \u2013 Soci\u00e9t\u00e9 et culture (FRQSC)<\/a>.<\/p>[\/et_pb_text][\/et_pb_column][\/et_pb_row][\/et_pb_section]\n","protected":false},"excerpt":{"rendered":"<p>Speaker Series &#8211; Julia Cag\u00e9The Centre for the Study of Democratic Citizenship\u00a0presents: In\u00e9galit\u00e9s politiquesJulia Cag\u00e9 (Sciences Po Paris, France) When: November 26, 2024\u00a0 &#8211; 3 &#8211; 4:30 p.m.Wher : Thomson House, 3650 McTavish St, Montreal, Quebec H3A 1Y2Les in\u00e9galit\u00e9s en mati\u00e8re de participation politique &#8211; qui peuvent prendre des formes multiples &#8211; se sont fortement [&hellip;]<\/p>\n","protected":false},"author":1,"featured_media":0,"parent":0,"menu_order":0,"comment_status":"closed","ping_status":"closed","template":"","meta":{"_et_pb_use_builder":"on","_et_pb_old_content":"","_et_gb_content_width":"","footnotes":""},"class_list":["post-2397","page","type-page","status-publish","hentry"],"yoast_head":"<!-- This site is optimized with the Yoast SEO plugin v27.4 - https:\/\/yoast.com\/product\/yoast-seo-wordpress\/ -->\n<title>Speaker Series - Julia Cag\u00e9 - CECD - Centre pour l&#039;\u00e9tude de la citoyennet\u00e9 d\u00e9mocratique<\/title>\n<meta name=\"robots\" content=\"index, follow, max-snippet:-1, max-image-preview:large, max-video-preview:-1\" \/>\n<link rel=\"canonical\" href=\"https:\/\/csdc-cecd.ca\/en\/serie-de-conference-julia-cage\/\" \/>\n<meta property=\"og:locale\" content=\"en_US\" \/>\n<meta property=\"og:type\" content=\"article\" \/>\n<meta property=\"og:title\" content=\"Speaker Series - Julia Cag\u00e9 - CECD - Centre pour l&#039;\u00e9tude de la citoyennet\u00e9 d\u00e9mocratique\" \/>\n<meta property=\"og:description\" content=\"Speaker Series - Julia Cag\u00e9The Centre for the Study of Democratic Citizenship\u00a0presents: In\u00e9galit\u00e9s politiquesJulia Cag\u00e9 (Sciences Po Paris, France) When: November 26, 2024\u00a0 - 3 - 4:30 p.m.Wher : Thomson House, 3650 McTavish St, Montreal, Quebec H3A 1Y2Les in\u00e9galit\u00e9s en mati\u00e8re de participation politique - qui peuvent prendre des formes multiples - se sont fortement [&hellip;]\" \/>\n<meta property=\"og:url\" content=\"https:\/\/csdc-cecd.ca\/en\/serie-de-conference-julia-cage\/\" \/>\n<meta property=\"og:site_name\" content=\"CECD - Centre pour l&#039;\u00e9tude de la citoyennet\u00e9 d\u00e9mocratique\" \/>\n<meta property=\"article:modified_time\" content=\"2024-11-12T12:25:26+00:00\" \/>\n<meta name=\"twitter:card\" content=\"summary_large_image\" \/>\n<meta name=\"twitter:label1\" content=\"Est. reading time\" \/>\n\t<meta name=\"twitter:data1\" content=\"2 minutes\" \/>\n<script type=\"application\/ld+json\" class=\"yoast-schema-graph\">{\"@context\":\"https:\\\/\\\/schema.org\",\"@graph\":[{\"@type\":\"WebPage\",\"@id\":\"https:\\\/\\\/csdc-cecd.ca\\\/en\\\/serie-de-conference-julia-cage\\\/\",\"url\":\"https:\\\/\\\/csdc-cecd.ca\\\/en\\\/serie-de-conference-julia-cage\\\/\",\"name\":\"Speaker Series - Julia Cag\u00e9 - CECD - Centre pour l&#039;\u00e9tude de la citoyennet\u00e9 d\u00e9mocratique\",\"isPartOf\":{\"@id\":\"https:\\\/\\\/csdc-cecd.ca\\\/#website\"},\"datePublished\":\"2024-08-26T13:00:11+00:00\",\"dateModified\":\"2024-11-12T12:25:26+00:00\",\"breadcrumb\":{\"@id\":\"https:\\\/\\\/csdc-cecd.ca\\\/en\\\/serie-de-conference-julia-cage\\\/#breadcrumb\"},\"inLanguage\":\"en-US\",\"potentialAction\":[{\"@type\":\"ReadAction\",\"target\":[\"https:\\\/\\\/csdc-cecd.ca\\\/en\\\/serie-de-conference-julia-cage\\\/\"]}]},{\"@type\":\"BreadcrumbList\",\"@id\":\"https:\\\/\\\/csdc-cecd.ca\\\/en\\\/serie-de-conference-julia-cage\\\/#breadcrumb\",\"itemListElement\":[{\"@type\":\"ListItem\",\"position\":1,\"name\":\"Accueil\",\"item\":\"https:\\\/\\\/csdc-cecd.ca\\\/en\\\/\"},{\"@type\":\"ListItem\",\"position\":2,\"name\":\"Speaker Series &#8211; Julia Cag\u00e9\"}]},{\"@type\":\"WebSite\",\"@id\":\"https:\\\/\\\/csdc-cecd.ca\\\/#website\",\"url\":\"https:\\\/\\\/csdc-cecd.ca\\\/\",\"name\":\"CECD - Centre pour l&#039;\u00e9tude de la citoyennet\u00e9 d\u00e9mocratique\",\"description\":\"\",\"potentialAction\":[{\"@type\":\"SearchAction\",\"target\":{\"@type\":\"EntryPoint\",\"urlTemplate\":\"https:\\\/\\\/csdc-cecd.ca\\\/?s={search_term_string}\"},\"query-input\":{\"@type\":\"PropertyValueSpecification\",\"valueRequired\":true,\"valueName\":\"search_term_string\"}}],\"inLanguage\":\"en-US\"}]}<\/script>\n<!-- \/ Yoast SEO plugin. -->","yoast_head_json":{"title":"Speaker Series - Julia Cag\u00e9 - CECD - Centre pour l&#039;\u00e9tude de la citoyennet\u00e9 d\u00e9mocratique","robots":{"index":"index","follow":"follow","max-snippet":"max-snippet:-1","max-image-preview":"max-image-preview:large","max-video-preview":"max-video-preview:-1"},"canonical":"https:\/\/csdc-cecd.ca\/en\/serie-de-conference-julia-cage\/","og_locale":"en_US","og_type":"article","og_title":"Speaker Series - Julia Cag\u00e9 - CECD - Centre pour l&#039;\u00e9tude de la citoyennet\u00e9 d\u00e9mocratique","og_description":"Speaker Series - Julia Cag\u00e9The Centre for the Study of Democratic Citizenship\u00a0presents: In\u00e9galit\u00e9s politiquesJulia Cag\u00e9 (Sciences Po Paris, France) When: November 26, 2024\u00a0 - 3 - 4:30 p.m.Wher : Thomson House, 3650 McTavish St, Montreal, Quebec H3A 1Y2Les in\u00e9galit\u00e9s en mati\u00e8re de participation politique - qui peuvent prendre des formes multiples - se sont fortement [&hellip;]","og_url":"https:\/\/csdc-cecd.ca\/en\/serie-de-conference-julia-cage\/","og_site_name":"CECD - Centre pour l&#039;\u00e9tude de la citoyennet\u00e9 d\u00e9mocratique","article_modified_time":"2024-11-12T12:25:26+00:00","twitter_card":"summary_large_image","twitter_misc":{"Est. reading time":"2 minutes"},"schema":{"@context":"https:\/\/schema.org","@graph":[{"@type":"WebPage","@id":"https:\/\/csdc-cecd.ca\/en\/serie-de-conference-julia-cage\/","url":"https:\/\/csdc-cecd.ca\/en\/serie-de-conference-julia-cage\/","name":"Speaker Series - Julia Cag\u00e9 - CECD - Centre pour l&#039;\u00e9tude de la citoyennet\u00e9 d\u00e9mocratique","isPartOf":{"@id":"https:\/\/csdc-cecd.ca\/#website"},"datePublished":"2024-08-26T13:00:11+00:00","dateModified":"2024-11-12T12:25:26+00:00","breadcrumb":{"@id":"https:\/\/csdc-cecd.ca\/en\/serie-de-conference-julia-cage\/#breadcrumb"},"inLanguage":"en-US","potentialAction":[{"@type":"ReadAction","target":["https:\/\/csdc-cecd.ca\/en\/serie-de-conference-julia-cage\/"]}]},{"@type":"BreadcrumbList","@id":"https:\/\/csdc-cecd.ca\/en\/serie-de-conference-julia-cage\/#breadcrumb","itemListElement":[{"@type":"ListItem","position":1,"name":"Accueil","item":"https:\/\/csdc-cecd.ca\/en\/"},{"@type":"ListItem","position":2,"name":"Speaker Series &#8211; Julia Cag\u00e9"}]},{"@type":"WebSite","@id":"https:\/\/csdc-cecd.ca\/#website","url":"https:\/\/csdc-cecd.ca\/","name":"CECD - Centre pour l&#039;\u00e9tude de la citoyennet\u00e9 d\u00e9mocratique","description":"","potentialAction":[{"@type":"SearchAction","target":{"@type":"EntryPoint","urlTemplate":"https:\/\/csdc-cecd.ca\/?s={search_term_string}"},"query-input":{"@type":"PropertyValueSpecification","valueRequired":true,"valueName":"search_term_string"}}],"inLanguage":"en-US"}]}},"_links":{"self":[{"href":"https:\/\/csdc-cecd.ca\/en\/wp-json\/wp\/v2\/pages\/2397","targetHints":{"allow":["GET"]}}],"collection":[{"href":"https:\/\/csdc-cecd.ca\/en\/wp-json\/wp\/v2\/pages"}],"about":[{"href":"https:\/\/csdc-cecd.ca\/en\/wp-json\/wp\/v2\/types\/page"}],"author":[{"embeddable":true,"href":"https:\/\/csdc-cecd.ca\/en\/wp-json\/wp\/v2\/users\/1"}],"replies":[{"embeddable":true,"href":"https:\/\/csdc-cecd.ca\/en\/wp-json\/wp\/v2\/comments?post=2397"}],"version-history":[{"count":6,"href":"https:\/\/csdc-cecd.ca\/en\/wp-json\/wp\/v2\/pages\/2397\/revisions"}],"predecessor-version":[{"id":3489,"href":"https:\/\/csdc-cecd.ca\/en\/wp-json\/wp\/v2\/pages\/2397\/revisions\/3489"}],"wp:attachment":[{"href":"https:\/\/csdc-cecd.ca\/en\/wp-json\/wp\/v2\/media?parent=2397"}],"curies":[{"name":"wp","href":"https:\/\/api.w.org\/{rel}","templated":true}]}}