{"id":2435,"date":"2024-08-26T14:40:04","date_gmt":"2024-08-26T18:40:04","guid":{"rendered":"https:\/\/nouveau.csdc-cecd.ca\/colloque-etudiant-e\/"},"modified":"2024-08-30T12:25:04","modified_gmt":"2024-08-30T16:25:04","slug":"colloque-etudiant-e","status":"publish","type":"page","link":"https:\/\/csdc-cecd.ca\/en\/colloque-etudiant-e\/","title":{"rendered":"2022 Graduate Student Conference"},"content":{"rendered":"<p>[et_pb_section fb_built=&#8221;1&#8243; _builder_version=&#8221;4.27.0&#8243; _module_preset=&#8221;default&#8221; global_colors_info=&#8221;{}&#8221;][et_pb_row _builder_version=&#8221;4.27.0&#8243; _module_preset=&#8221;default&#8221; global_colors_info=&#8221;{}&#8221;][et_pb_column type=&#8221;4_4&#8243; _builder_version=&#8221;4.27.0&#8243; _module_preset=&#8221;default&#8221; global_colors_info=&#8221;{}&#8221;][et_pb_text _builder_version=&#8221;4.27.0&#8243; _module_preset=&#8221;default&#8221;]<\/p>\n<h2>2022 Graduate Students Conference<\/h2>\n<p>The Centre for the Study of Democratic Citizenship (CSDC) hosted its annual graduate student conference on April 1 and 2, in Qu\u00e9bec. The goal of this conference is to offer graduate and postdoctoral students interested in the Centre\u2019s re- search areas the opportunity to present and receive feedback on their research.<\/p>\n<p>This year, there were 24 presentations by students from 6 universities members of the CSDC (Concordia, McGill, Universit\u00e9 Laval, Universit\u00e9 de Montr\u00e9al, UQAM and UQTR) and 3 non-members universities (UC Louvain, UBC and University of Oslo).\u00a0The full program is available<span>\u00a0<\/span><a href=\"https:\/\/csdc-cecd.ca\/wp-content\/uploads\/2021\/12\/Programme-colloque-2022-FINAL.pdf\">here<\/a><a href=\"https:\/\/csdc-cecd.ca\/wp-content\/uploads\/2021\/12\/Programme-colloque-2022.pdf\">.<\/a><\/p>\n<p>See the photos of the event<span>\u00a0<\/span><a href=\"https:\/\/csdc-cecd.ca\/2022-graduate-student-conference\/\" target=\"_blank\" rel=\"noopener\">here<\/a>.<\/p>\n<p>[\/et_pb_text][\/et_pb_column][\/et_pb_row][et_pb_row column_structure=&#8221;1_4,3_4&#8243; _builder_version=&#8221;4.27.0&#8243; _module_preset=&#8221;default&#8221; global_colors_info=&#8221;{}&#8221;][et_pb_column type=&#8221;1_4&#8243; _builder_version=&#8221;4.27.0&#8243; _module_preset=&#8221;default&#8221; global_colors_info=&#8221;{}&#8221;][et_pb_image src=&#8221;https:\/\/csdc-cecd.ca\/wp-content\/uploads\/2024\/08\/Colloque-2022-1.jpeg&#8221; title_text=&#8221;Colloque 2022&#8243; _builder_version=&#8221;4.27.0&#8243; _module_preset=&#8221;default&#8221; global_colors_info=&#8221;{}&#8221;][\/et_pb_image][\/et_pb_column][et_pb_column type=&#8221;3_4&#8243; _builder_version=&#8221;4.27.0&#8243; _module_preset=&#8221;default&#8221; global_colors_info=&#8221;{}&#8221;][et_pb_text _builder_version=&#8221;4.27.0&#8243; _module_preset=&#8221;default&#8221; hover_enabled=&#8221;0&#8243; global_colors_info=&#8221;{}&#8221; sticky_enabled=&#8221;0&#8243;]<\/p>\n<p>Congratulations to the two students who received the best paper award at the 2022 CSDC Graduate Student Conference:<\/p>\n<p><strong>Khaoula El Khalil<span>\u00a0<\/span>\u2013 MA student in Political Science at Universit\u00e9 de Montr\u00e9al (supervisor: Fr\u00e9d\u00e9rick Bastien)<br \/><\/strong>Presentation<em>: \u201c<\/em>Cadrage en p\u00e9riode de crise: R\u00e9ponses \u00e0 la Covid-19 d\u2019un influenceur de la droite radicale au Qu\u00e9bec\u201d<\/p>\n<p><strong>Philippe Mongrain\u2013 PhD student in Political Science at Universit\u00e9 de Montr\u00e9al (supervisor: Jean-Fran\u00e7ois Godbout)<br \/><\/strong>Presentation: \u201cWith a Little Help From My Friends? The Impact of Social Networks on Citizens\u2019 Forecasting Ability<strong><\/strong><\/p>\n<p>&nbsp;<\/p>\n<p>[\/et_pb_text][\/et_pb_column][\/et_pb_row][et_pb_row _builder_version=&#8221;4.27.0&#8243; _module_preset=&#8221;default&#8221; global_colors_info=&#8221;{}&#8221;][et_pb_column type=&#8221;4_4&#8243; _builder_version=&#8221;4.27.0&#8243; _module_preset=&#8221;default&#8221; global_colors_info=&#8221;{}&#8221;][et_pb_text _builder_version=&#8221;4.27.0&#8243; _module_preset=&#8221;default&#8221; global_colors_info=&#8221;{}&#8221;]<\/p>\n<p>The CSDC thanks all the participants. Also, thank you to the jury members,\u00a0Nadjim Fr\u00e9chet, Simon Fitzbay, Audrey Gagnon and Fernando Feitosa, and thank you to the organizing committee,\u00a0Nadjim Fr\u00e9chet, Dominic Duval, with the assistance of Simon Fitzbay.<\/p>\n<p>[\/et_pb_text][\/et_pb_column][\/et_pb_row][\/et_pb_section]<\/p>\n","protected":false},"excerpt":{"rendered":"<p>2022 Graduate Students Conference The Centre for the Study of Democratic Citizenship (CSDC) hosted its annual graduate student conference on April 1 and 2, in Qu\u00e9bec. The goal of this conference is to offer graduate and postdoctoral students interested in the Centre\u2019s re- search areas the opportunity to present and receive feedback on their research. [&hellip;]<\/p>\n","protected":false},"author":1,"featured_media":0,"parent":0,"menu_order":0,"comment_status":"closed","ping_status":"closed","template":"","meta":{"_et_pb_use_builder":"on","_et_pb_old_content":"","_et_gb_content_width":"","footnotes":""},"class_list":["post-2435","page","type-page","status-publish","hentry"],"yoast_head":"<!-- This site is optimized with the Yoast SEO plugin v27.4 - https:\/\/yoast.com\/product\/yoast-seo-wordpress\/ -->\n<title>2022 Graduate Student Conference - CECD - Centre pour l&#039;\u00e9tude de la citoyennet\u00e9 d\u00e9mocratique<\/title>\n<meta name=\"robots\" content=\"noindex, follow\" \/>\n<meta property=\"og:locale\" content=\"en_US\" \/>\n<meta property=\"og:type\" content=\"article\" \/>\n<meta property=\"og:title\" content=\"2022 Graduate Student Conference - CECD - Centre pour l&#039;\u00e9tude de la citoyennet\u00e9 d\u00e9mocratique\" \/>\n<meta property=\"og:description\" content=\"2022 Graduate Students Conference The Centre for the Study of Democratic Citizenship (CSDC) hosted its annual graduate student conference on April 1 and 2, in Qu\u00e9bec. The goal of this conference is to offer graduate and postdoctoral students interested in the Centre\u2019s re- search areas the opportunity to present and receive feedback on their research. [&hellip;]\" \/>\n<meta property=\"og:url\" content=\"https:\/\/csdc-cecd.ca\/colloque-etudiant-e\/\" \/>\n<meta property=\"og:site_name\" content=\"CECD - Centre pour l&#039;\u00e9tude de la citoyennet\u00e9 d\u00e9mocratique\" \/>\n<meta property=\"article:modified_time\" content=\"2024-08-30T16:25:04+00:00\" \/>\n<meta name=\"twitter:card\" content=\"summary_large_image\" \/>\n<meta name=\"twitter:label1\" content=\"Est. reading time\" \/>\n\t<meta name=\"twitter:data1\" content=\"2 minutes\" \/>\n<script type=\"application\/ld+json\" class=\"yoast-schema-graph\">{\"@context\":\"https:\\\/\\\/schema.org\",\"@graph\":[{\"@type\":\"WebPage\",\"@id\":\"https:\\\/\\\/csdc-cecd.ca\\\/colloque-etudiant-e\\\/\",\"url\":\"https:\\\/\\\/csdc-cecd.ca\\\/colloque-etudiant-e\\\/\",\"name\":\"2022 Graduate Student Conference - CECD - Centre pour l&#039;\u00e9tude de la citoyennet\u00e9 d\u00e9mocratique\",\"isPartOf\":{\"@id\":\"https:\\\/\\\/csdc-cecd.ca\\\/#website\"},\"datePublished\":\"2024-08-26T18:40:04+00:00\",\"dateModified\":\"2024-08-30T16:25:04+00:00\",\"breadcrumb\":{\"@id\":\"https:\\\/\\\/csdc-cecd.ca\\\/colloque-etudiant-e\\\/#breadcrumb\"},\"inLanguage\":\"en-US\",\"potentialAction\":[{\"@type\":\"ReadAction\",\"target\":[\"https:\\\/\\\/csdc-cecd.ca\\\/colloque-etudiant-e\\\/\"]}]},{\"@type\":\"BreadcrumbList\",\"@id\":\"https:\\\/\\\/csdc-cecd.ca\\\/colloque-etudiant-e\\\/#breadcrumb\",\"itemListElement\":[{\"@type\":\"ListItem\",\"position\":1,\"name\":\"Accueil\",\"item\":\"https:\\\/\\\/csdc-cecd.ca\\\/en\\\/\"},{\"@type\":\"ListItem\",\"position\":2,\"name\":\"2022 Graduate Student Conference\"}]},{\"@type\":\"WebSite\",\"@id\":\"https:\\\/\\\/csdc-cecd.ca\\\/#website\",\"url\":\"https:\\\/\\\/csdc-cecd.ca\\\/\",\"name\":\"CECD - Centre pour l&#039;\u00e9tude de la citoyennet\u00e9 d\u00e9mocratique\",\"description\":\"\",\"potentialAction\":[{\"@type\":\"SearchAction\",\"target\":{\"@type\":\"EntryPoint\",\"urlTemplate\":\"https:\\\/\\\/csdc-cecd.ca\\\/?s={search_term_string}\"},\"query-input\":{\"@type\":\"PropertyValueSpecification\",\"valueRequired\":true,\"valueName\":\"search_term_string\"}}],\"inLanguage\":\"en-US\"}]}<\/script>\n<!-- \/ Yoast SEO plugin. -->","yoast_head_json":{"title":"2022 Graduate Student Conference - CECD - Centre pour l&#039;\u00e9tude de la citoyennet\u00e9 d\u00e9mocratique","robots":{"index":"noindex","follow":"follow"},"og_locale":"en_US","og_type":"article","og_title":"2022 Graduate Student Conference - CECD - Centre pour l&#039;\u00e9tude de la citoyennet\u00e9 d\u00e9mocratique","og_description":"2022 Graduate Students Conference The Centre for the Study of Democratic Citizenship (CSDC) hosted its annual graduate student conference on April 1 and 2, in Qu\u00e9bec. The goal of this conference is to offer graduate and postdoctoral students interested in the Centre\u2019s re- search areas the opportunity to present and receive feedback on their research. [&hellip;]","og_url":"https:\/\/csdc-cecd.ca\/colloque-etudiant-e\/","og_site_name":"CECD - Centre pour l&#039;\u00e9tude de la citoyennet\u00e9 d\u00e9mocratique","article_modified_time":"2024-08-30T16:25:04+00:00","twitter_card":"summary_large_image","twitter_misc":{"Est. reading time":"2 minutes"},"schema":{"@context":"https:\/\/schema.org","@graph":[{"@type":"WebPage","@id":"https:\/\/csdc-cecd.ca\/colloque-etudiant-e\/","url":"https:\/\/csdc-cecd.ca\/colloque-etudiant-e\/","name":"2022 Graduate Student Conference - CECD - Centre pour l&#039;\u00e9tude de la citoyennet\u00e9 d\u00e9mocratique","isPartOf":{"@id":"https:\/\/csdc-cecd.ca\/#website"},"datePublished":"2024-08-26T18:40:04+00:00","dateModified":"2024-08-30T16:25:04+00:00","breadcrumb":{"@id":"https:\/\/csdc-cecd.ca\/colloque-etudiant-e\/#breadcrumb"},"inLanguage":"en-US","potentialAction":[{"@type":"ReadAction","target":["https:\/\/csdc-cecd.ca\/colloque-etudiant-e\/"]}]},{"@type":"BreadcrumbList","@id":"https:\/\/csdc-cecd.ca\/colloque-etudiant-e\/#breadcrumb","itemListElement":[{"@type":"ListItem","position":1,"name":"Accueil","item":"https:\/\/csdc-cecd.ca\/en\/"},{"@type":"ListItem","position":2,"name":"2022 Graduate Student Conference"}]},{"@type":"WebSite","@id":"https:\/\/csdc-cecd.ca\/#website","url":"https:\/\/csdc-cecd.ca\/","name":"CECD - Centre pour l&#039;\u00e9tude de la citoyennet\u00e9 d\u00e9mocratique","description":"","potentialAction":[{"@type":"SearchAction","target":{"@type":"EntryPoint","urlTemplate":"https:\/\/csdc-cecd.ca\/?s={search_term_string}"},"query-input":{"@type":"PropertyValueSpecification","valueRequired":true,"valueName":"search_term_string"}}],"inLanguage":"en-US"}]}},"_links":{"self":[{"href":"https:\/\/csdc-cecd.ca\/en\/wp-json\/wp\/v2\/pages\/2435","targetHints":{"allow":["GET"]}}],"collection":[{"href":"https:\/\/csdc-cecd.ca\/en\/wp-json\/wp\/v2\/pages"}],"about":[{"href":"https:\/\/csdc-cecd.ca\/en\/wp-json\/wp\/v2\/types\/page"}],"author":[{"embeddable":true,"href":"https:\/\/csdc-cecd.ca\/en\/wp-json\/wp\/v2\/users\/1"}],"replies":[{"embeddable":true,"href":"https:\/\/csdc-cecd.ca\/en\/wp-json\/wp\/v2\/comments?post=2435"}],"version-history":[{"count":6,"href":"https:\/\/csdc-cecd.ca\/en\/wp-json\/wp\/v2\/pages\/2435\/revisions"}],"predecessor-version":[{"id":2618,"href":"https:\/\/csdc-cecd.ca\/en\/wp-json\/wp\/v2\/pages\/2435\/revisions\/2618"}],"wp:attachment":[{"href":"https:\/\/csdc-cecd.ca\/en\/wp-json\/wp\/v2\/media?parent=2435"}],"curies":[{"name":"wp","href":"https:\/\/api.w.org\/{rel}","templated":true}]}}