{"id":2472,"date":"2024-08-27T06:29:54","date_gmt":"2024-08-27T10:29:54","guid":{"rendered":"https:\/\/nouveau.csdc-cecd.ca\/atelier-r-okamoto\/"},"modified":"2024-09-03T13:24:29","modified_gmt":"2024-09-03T17:24:29","slug":"atelier-r-okamoto","status":"publish","type":"page","link":"https:\/\/csdc-cecd.ca\/en\/atelier-r-okamoto\/","title":{"rendered":"Methodology Workshop &#8211; R. Okamoto"},"content":{"rendered":"<p>[et_pb_section fb_built=&#8221;1&#8243; _builder_version=&#8221;4.27.0&#8243; _module_preset=&#8221;default&#8221; global_colors_info=&#8221;{}&#8221;][et_pb_row _builder_version=&#8221;4.27.0&#8243; _module_preset=&#8221;default&#8221; global_colors_info=&#8221;{}&#8221;][et_pb_column type=&#8221;4_4&#8243; _builder_version=&#8221;4.27.0&#8243; _module_preset=&#8221;default&#8221; global_colors_info=&#8221;{}&#8221;][et_pb_image src=&#8221;https:\/\/csdc-cecd.ca\/wp-content\/uploads\/2024\/08\/Affiches-workshop-2024-rev-2048-x-666-px.png&#8221; title_text=&#8221;Affiches workshop 2024 rev (2048 x 666 px)&#8221; _builder_version=&#8221;4.27.0&#8243; _module_preset=&#8221;default&#8221; global_colors_info=&#8221;{}&#8221;][\/et_pb_image][et_pb_text _builder_version=&#8221;4.27.0&#8243; _module_preset=&#8221;default&#8221; hover_enabled=&#8221;0&#8243; global_colors_info=&#8221;{}&#8221; sticky_enabled=&#8221;0&#8243;]<\/p>\n<p>The Centre for the Study of Democratic Citizenship<span>\u00a0presents:<\/span><\/p>\n<h4><strong>Methodology Workshop &#8211; <span> Introduction to R and the tidyverse<\/span><\/strong><\/h4>\n<p>When: Wednesday September 18 s2024, 12:30-3:30 p.m.<br \/>Where: Universit\u00e9 de Montr\u00e9al, 3150 rue Jean Brillant, Montr\u00e9al, Qu\u00e9bec<\/p>\n<p>Registration required, write to<a href=\"mailto:vincent.arel-bundock@umontreal.ca\" title=\"mailto:vincent.arel-bundock@umontreal.ca\"> vincent.arel-bundock@umontreal.ca<\/a><span>.<\/span><\/p>\n<p>[\/et_pb_text][et_pb_text _builder_version=&#8221;4.27.0&#8243; _module_preset=&#8221;default&#8221; global_colors_info=&#8221;{}&#8221;]<\/p>\n<p>Are you looking to boost your data manipulation and visualization skills in R? Join us for a hands-on introduction to dplyr and ggplot2, two of the most powerful and popular packages in the tidyverse. Whether you&#8217;re new to R or looking to deepen your understanding, this session led by Reiko Okamoto will guide you through the essentials of data wrangling and data visualization. You&#8217;ll learn how to effortlessly filter, select, mutate, and summarize your data with dplyr, and then bring your data to life with stunning visualizations using ggplot2. By the end of this talk, you&#8217;ll be equipped with versatile skills that extend beyond R, making your data analysis and presentation more efficient, transparent, and impactful. Don\u2019t miss this opportunity to enhance your data science toolkit!<\/p>\n<p><a href=\"https:\/\/reikookamoto.github.io\/\">Reiko Okamoto <\/a>is a creative and curious implementer with a strong passion for reproducible research and data analysis. Currently serving as a Methodologist at the Bruy\u00e8re Research Institute in Ottawa, Reiko brings extensive experience in data science, having previously worked as a Data Scientist at the National Research Council Canada and as a Senior Data Analyst at the Ministry of Health in Victoria, BC. Reiko holds a Master of Data Science and a Bachelor of Science in Microbiology and Immunology, both from The University of British Columbia. Their professional journey is marked by a dedication to improving workflows, whether through developing R packages that ensure consistent visualization according to organizational style guides or automating the creation of complex reports.<\/p>\n<p>[\/et_pb_text][et_pb_text _builder_version=&#8221;4.27.0&#8243; _module_preset=&#8221;default&#8221; global_colors_info=&#8221;{}&#8221;]<\/p>\n<p>See all the other methodology workshops <a href=\"https:\/\/csdc-cecd.ca\/en\/ateliers-methodologiques-de-montreal\/\" target=\"_blank\" rel=\"noopener noreferrer\">here<\/a>.<\/p>\n<p>This series is sponsored by the\u00a0Centre for the Study of Democratic Citizenship, which is funded by the <a href=\"https:\/\/frq.gouv.qc.ca\/societe-et-culture\/?_gl=1*2hx8i9*_up*MQ..&amp;gclid=CjwKCAjw8rW2BhAgEiwAoRO5rLFcVqh4eqvH4BFjcAOLimLDAGOrP52xh6QE6R1B-28SNQZdkOjFHRoCRPcQAvD_BwE\">Fonds de recherche du Qu\u00e9bec \u2013 Soci\u00e9t\u00e9 et culture (FRQSC)<\/a>.<\/p>\n<p>[\/et_pb_text][\/et_pb_column][\/et_pb_row][\/et_pb_section]<\/p>\n","protected":false},"excerpt":{"rendered":"<p>The Centre for the Study of Democratic Citizenship\u00a0presents: Methodology Workshop &#8211; Introduction to R and the tidyverse When: Wednesday September 18 s2024, 12:30-3:30 p.m.Where: Universit\u00e9 de Montr\u00e9al, 3150 rue Jean Brillant, Montr\u00e9al, Qu\u00e9bec Registration required, write to vincent.arel-bundock@umontreal.ca.Are you looking to boost your data manipulation and visualization skills in R? Join us for a hands-on [&hellip;]<\/p>\n","protected":false},"author":1,"featured_media":2458,"parent":0,"menu_order":0,"comment_status":"closed","ping_status":"closed","template":"","meta":{"_et_pb_use_builder":"on","_et_pb_old_content":"","_et_gb_content_width":"","footnotes":""},"class_list":["post-2472","page","type-page","status-publish","has-post-thumbnail","hentry"],"yoast_head":"<!-- This site is optimized with the Yoast SEO plugin v27.4 - https:\/\/yoast.com\/product\/yoast-seo-wordpress\/ -->\n<title>Methodology Workshop - R. Okamoto - CECD - Centre pour l&#039;\u00e9tude de la citoyennet\u00e9 d\u00e9mocratique<\/title>\n<meta name=\"robots\" content=\"index, follow, max-snippet:-1, max-image-preview:large, max-video-preview:-1\" \/>\n<link rel=\"canonical\" href=\"https:\/\/csdc-cecd.ca\/atelier-r-okamoto\/\" \/>\n<meta property=\"og:locale\" content=\"en_US\" \/>\n<meta property=\"og:type\" content=\"article\" \/>\n<meta property=\"og:title\" content=\"Methodology Workshop - R. Okamoto - CECD - Centre pour l&#039;\u00e9tude de la citoyennet\u00e9 d\u00e9mocratique\" \/>\n<meta property=\"og:description\" content=\"The Centre for the Study of Democratic Citizenship\u00a0presents: Methodology Workshop - Introduction to R and the tidyverse When: Wednesday September 18 s2024, 12:30-3:30 p.m.Where: Universit\u00e9 de Montr\u00e9al, 3150 rue Jean Brillant, Montr\u00e9al, Qu\u00e9bec Registration required, write to vincent.arel-bundock@umontreal.ca.Are you looking to boost your data manipulation and visualization skills in R? Join us for a hands-on [&hellip;]\" \/>\n<meta property=\"og:url\" content=\"https:\/\/csdc-cecd.ca\/atelier-r-okamoto\/\" \/>\n<meta property=\"og:site_name\" content=\"CECD - Centre pour l&#039;\u00e9tude de la citoyennet\u00e9 d\u00e9mocratique\" \/>\n<meta property=\"article:modified_time\" content=\"2024-09-03T17:24:29+00:00\" \/>\n<meta property=\"og:image\" content=\"https:\/\/csdc-cecd.ca\/wp-content\/uploads\/2024\/08\/Affiches-workshop-2024-2048-x-666-px2.png\" \/>\n\t<meta property=\"og:image:width\" content=\"2048\" \/>\n\t<meta property=\"og:image:height\" content=\"666\" \/>\n\t<meta property=\"og:image:type\" content=\"image\/png\" \/>\n<meta name=\"twitter:card\" content=\"summary_large_image\" \/>\n<meta name=\"twitter:label1\" content=\"Est. reading time\" \/>\n\t<meta name=\"twitter:data1\" content=\"3 minutes\" \/>\n<script type=\"application\/ld+json\" class=\"yoast-schema-graph\">{\"@context\":\"https:\\\/\\\/schema.org\",\"@graph\":[{\"@type\":\"WebPage\",\"@id\":\"https:\\\/\\\/csdc-cecd.ca\\\/atelier-r-okamoto\\\/\",\"url\":\"https:\\\/\\\/csdc-cecd.ca\\\/atelier-r-okamoto\\\/\",\"name\":\"Methodology Workshop - R. Okamoto - CECD - Centre pour l&#039;\u00e9tude de la citoyennet\u00e9 d\u00e9mocratique\",\"isPartOf\":{\"@id\":\"https:\\\/\\\/csdc-cecd.ca\\\/#website\"},\"primaryImageOfPage\":{\"@id\":\"https:\\\/\\\/csdc-cecd.ca\\\/atelier-r-okamoto\\\/#primaryimage\"},\"image\":{\"@id\":\"https:\\\/\\\/csdc-cecd.ca\\\/atelier-r-okamoto\\\/#primaryimage\"},\"thumbnailUrl\":\"https:\\\/\\\/csdc-cecd.ca\\\/wp-content\\\/uploads\\\/2024\\\/08\\\/Affiches-workshop-2024-2048-x-666-px2.png\",\"datePublished\":\"2024-08-27T10:29:54+00:00\",\"dateModified\":\"2024-09-03T17:24:29+00:00\",\"breadcrumb\":{\"@id\":\"https:\\\/\\\/csdc-cecd.ca\\\/atelier-r-okamoto\\\/#breadcrumb\"},\"inLanguage\":\"en-US\",\"potentialAction\":[{\"@type\":\"ReadAction\",\"target\":[\"https:\\\/\\\/csdc-cecd.ca\\\/atelier-r-okamoto\\\/\"]}]},{\"@type\":\"ImageObject\",\"inLanguage\":\"en-US\",\"@id\":\"https:\\\/\\\/csdc-cecd.ca\\\/atelier-r-okamoto\\\/#primaryimage\",\"url\":\"https:\\\/\\\/csdc-cecd.ca\\\/wp-content\\\/uploads\\\/2024\\\/08\\\/Affiches-workshop-2024-2048-x-666-px2.png\",\"contentUrl\":\"https:\\\/\\\/csdc-cecd.ca\\\/wp-content\\\/uploads\\\/2024\\\/08\\\/Affiches-workshop-2024-2048-x-666-px2.png\",\"width\":2048,\"height\":666},{\"@type\":\"BreadcrumbList\",\"@id\":\"https:\\\/\\\/csdc-cecd.ca\\\/atelier-r-okamoto\\\/#breadcrumb\",\"itemListElement\":[{\"@type\":\"ListItem\",\"position\":1,\"name\":\"Accueil\",\"item\":\"https:\\\/\\\/csdc-cecd.ca\\\/en\\\/\"},{\"@type\":\"ListItem\",\"position\":2,\"name\":\"Methodology Workshop &#8211; R. Okamoto\"}]},{\"@type\":\"WebSite\",\"@id\":\"https:\\\/\\\/csdc-cecd.ca\\\/#website\",\"url\":\"https:\\\/\\\/csdc-cecd.ca\\\/\",\"name\":\"CECD - Centre pour l&#039;\u00e9tude de la citoyennet\u00e9 d\u00e9mocratique\",\"description\":\"\",\"potentialAction\":[{\"@type\":\"SearchAction\",\"target\":{\"@type\":\"EntryPoint\",\"urlTemplate\":\"https:\\\/\\\/csdc-cecd.ca\\\/?s={search_term_string}\"},\"query-input\":{\"@type\":\"PropertyValueSpecification\",\"valueRequired\":true,\"valueName\":\"search_term_string\"}}],\"inLanguage\":\"en-US\"}]}<\/script>\n<!-- \/ Yoast SEO plugin. -->","yoast_head_json":{"title":"Methodology Workshop - R. Okamoto - CECD - Centre pour l&#039;\u00e9tude de la citoyennet\u00e9 d\u00e9mocratique","robots":{"index":"index","follow":"follow","max-snippet":"max-snippet:-1","max-image-preview":"max-image-preview:large","max-video-preview":"max-video-preview:-1"},"canonical":"https:\/\/csdc-cecd.ca\/atelier-r-okamoto\/","og_locale":"en_US","og_type":"article","og_title":"Methodology Workshop - R. Okamoto - CECD - Centre pour l&#039;\u00e9tude de la citoyennet\u00e9 d\u00e9mocratique","og_description":"The Centre for the Study of Democratic Citizenship\u00a0presents: Methodology Workshop - Introduction to R and the tidyverse When: Wednesday September 18 s2024, 12:30-3:30 p.m.Where: Universit\u00e9 de Montr\u00e9al, 3150 rue Jean Brillant, Montr\u00e9al, Qu\u00e9bec Registration required, write to vincent.arel-bundock@umontreal.ca.Are you looking to boost your data manipulation and visualization skills in R? Join us for a hands-on [&hellip;]","og_url":"https:\/\/csdc-cecd.ca\/atelier-r-okamoto\/","og_site_name":"CECD - Centre pour l&#039;\u00e9tude de la citoyennet\u00e9 d\u00e9mocratique","article_modified_time":"2024-09-03T17:24:29+00:00","og_image":[{"width":2048,"height":666,"url":"https:\/\/csdc-cecd.ca\/wp-content\/uploads\/2024\/08\/Affiches-workshop-2024-2048-x-666-px2.png","type":"image\/png"}],"twitter_card":"summary_large_image","twitter_misc":{"Est. reading time":"3 minutes"},"schema":{"@context":"https:\/\/schema.org","@graph":[{"@type":"WebPage","@id":"https:\/\/csdc-cecd.ca\/atelier-r-okamoto\/","url":"https:\/\/csdc-cecd.ca\/atelier-r-okamoto\/","name":"Methodology Workshop - R. Okamoto - CECD - Centre pour l&#039;\u00e9tude de la citoyennet\u00e9 d\u00e9mocratique","isPartOf":{"@id":"https:\/\/csdc-cecd.ca\/#website"},"primaryImageOfPage":{"@id":"https:\/\/csdc-cecd.ca\/atelier-r-okamoto\/#primaryimage"},"image":{"@id":"https:\/\/csdc-cecd.ca\/atelier-r-okamoto\/#primaryimage"},"thumbnailUrl":"https:\/\/csdc-cecd.ca\/wp-content\/uploads\/2024\/08\/Affiches-workshop-2024-2048-x-666-px2.png","datePublished":"2024-08-27T10:29:54+00:00","dateModified":"2024-09-03T17:24:29+00:00","breadcrumb":{"@id":"https:\/\/csdc-cecd.ca\/atelier-r-okamoto\/#breadcrumb"},"inLanguage":"en-US","potentialAction":[{"@type":"ReadAction","target":["https:\/\/csdc-cecd.ca\/atelier-r-okamoto\/"]}]},{"@type":"ImageObject","inLanguage":"en-US","@id":"https:\/\/csdc-cecd.ca\/atelier-r-okamoto\/#primaryimage","url":"https:\/\/csdc-cecd.ca\/wp-content\/uploads\/2024\/08\/Affiches-workshop-2024-2048-x-666-px2.png","contentUrl":"https:\/\/csdc-cecd.ca\/wp-content\/uploads\/2024\/08\/Affiches-workshop-2024-2048-x-666-px2.png","width":2048,"height":666},{"@type":"BreadcrumbList","@id":"https:\/\/csdc-cecd.ca\/atelier-r-okamoto\/#breadcrumb","itemListElement":[{"@type":"ListItem","position":1,"name":"Accueil","item":"https:\/\/csdc-cecd.ca\/en\/"},{"@type":"ListItem","position":2,"name":"Methodology Workshop &#8211; R. Okamoto"}]},{"@type":"WebSite","@id":"https:\/\/csdc-cecd.ca\/#website","url":"https:\/\/csdc-cecd.ca\/","name":"CECD - Centre pour l&#039;\u00e9tude de la citoyennet\u00e9 d\u00e9mocratique","description":"","potentialAction":[{"@type":"SearchAction","target":{"@type":"EntryPoint","urlTemplate":"https:\/\/csdc-cecd.ca\/?s={search_term_string}"},"query-input":{"@type":"PropertyValueSpecification","valueRequired":true,"valueName":"search_term_string"}}],"inLanguage":"en-US"}]}},"_links":{"self":[{"href":"https:\/\/csdc-cecd.ca\/en\/wp-json\/wp\/v2\/pages\/2472","targetHints":{"allow":["GET"]}}],"collection":[{"href":"https:\/\/csdc-cecd.ca\/en\/wp-json\/wp\/v2\/pages"}],"about":[{"href":"https:\/\/csdc-cecd.ca\/en\/wp-json\/wp\/v2\/types\/page"}],"author":[{"embeddable":true,"href":"https:\/\/csdc-cecd.ca\/en\/wp-json\/wp\/v2\/users\/1"}],"replies":[{"embeddable":true,"href":"https:\/\/csdc-cecd.ca\/en\/wp-json\/wp\/v2\/comments?post=2472"}],"version-history":[{"count":5,"href":"https:\/\/csdc-cecd.ca\/en\/wp-json\/wp\/v2\/pages\/2472\/revisions"}],"predecessor-version":[{"id":2675,"href":"https:\/\/csdc-cecd.ca\/en\/wp-json\/wp\/v2\/pages\/2472\/revisions\/2675"}],"wp:featuredmedia":[{"embeddable":true,"href":"https:\/\/csdc-cecd.ca\/en\/wp-json\/wp\/v2\/media\/2458"}],"wp:attachment":[{"href":"https:\/\/csdc-cecd.ca\/en\/wp-json\/wp\/v2\/media?parent=2472"}],"curies":[{"name":"wp","href":"https:\/\/api.w.org\/{rel}","templated":true}]}}