{"id":2569,"date":"2024-08-29T08:57:02","date_gmt":"2024-08-29T12:57:02","guid":{"rendered":"https:\/\/nouveau.csdc-cecd.ca\/colloque-etudiants-2024\/"},"modified":"2024-08-29T20:57:54","modified_gmt":"2024-08-30T00:57:54","slug":"colloque-etudiants-2024","status":"publish","type":"page","link":"https:\/\/csdc-cecd.ca\/en\/colloque-etudiants-2024\/","title":{"rendered":"Graduate Student Conference 2024"},"content":{"rendered":"\n[et_pb_section fb_built=&#8221;1&#8243; _builder_version=&#8221;4.27.0&#8243; _module_preset=&#8221;default&#8221; global_colors_info=&#8221;{}&#8221;][et_pb_row _builder_version=&#8221;4.27.0&#8243; _module_preset=&#8221;default&#8221; global_colors_info=&#8221;{}&#8221;][et_pb_column type=&#8221;4_4&#8243; _builder_version=&#8221;4.27.0&#8243; _module_preset=&#8221;default&#8221; global_colors_info=&#8221;{}&#8221;][et_pb_text _builder_version=&#8221;4.27.0&#8243; _module_preset=&#8221;default&#8221; global_colors_info=&#8221;{}&#8221;]<h2>2024 Graduate Students Conference<\/h2>\n<p>The Centre for the Study of Democratic Citizenship (CSDC) hosted its annual graduate student conference on 7-8 March, in Qu\u00e9bec. The goal of this conference is to offer graduate and postdoctoral students interested in the Centre\u2019s research areas the opportunity to present and receive feedback on their research.<\/p>\n<p>This year, there were 23 presentations by students from 5 universities members of the CSDC (Concordia, McGill, Universit\u00e9 Laval, Universit\u00e9 de Montr\u00e9al et Universit\u00e9 de Sherbrooke) and 2 non-members universities (American University and University of Ottawa).<\/p>\n<p>The full program is available here<\/p>\n<p>See the photos of the event here.<\/p>[\/et_pb_text][\/et_pb_column][\/et_pb_row][et_pb_row column_structure=&#8221;1_4,3_4&#8243; _builder_version=&#8221;4.27.0&#8243; _module_preset=&#8221;default&#8221; hover_enabled=&#8221;0&#8243; global_colors_info=&#8221;{}&#8221; sticky_enabled=&#8221;0&#8243;][et_pb_column type=&#8221;1_4&#8243; _builder_version=&#8221;4.27.0&#8243; _module_preset=&#8221;default&#8221; global_colors_info=&#8221;{}&#8221;][et_pb_image src=&#8221;https:\/\/csdc-cecd.ca\/wp-content\/uploads\/2024\/08\/Gagnant-bourse.jpeg&#8221; title_text=&#8221;Gagnant bourse&#8221; _builder_version=&#8221;4.27.0&#8243; _module_preset=&#8221;default&#8221; global_colors_info=&#8221;{}&#8221;][\/et_pb_image][\/et_pb_column][et_pb_column type=&#8221;3_4&#8243; _builder_version=&#8221;4.27.0&#8243; _module_preset=&#8221;default&#8221; global_colors_info=&#8221;{}&#8221;][et_pb_text _builder_version=&#8221;4.27.0&#8243; _module_preset=&#8221;default&#8221; global_colors_info=&#8221;{}&#8221;]<p><strong>Congratulations to the two students who received the best paper award at the 2024 CSDC Graduate Student Conference:<\/strong><\/p>\n<p><strong>Haroun Aramis \u2013<\/strong><strong>MA student in Political Science at Concordia (supervisor: Antoine Bilodeau)<br \/><\/strong>Presentation: \u00ab Parler fran\u00e7ais ou bien le parler? Le r\u00f4le de la langue et de l\u2019accent dans la construction de l\u2019identit\u00e9 qu\u00e9b\u00e9coise et leurs effets sur les attitudes envers la diversit\u00e9 ethnoculturelle\u00bb<\/p>\n<p><strong>Matthew Taylor\u2013 PhD student in Political Science at Universit\u00e9 de Montr\u00e9al (supervisor: Ruth Dassonneville)<br \/><\/strong>Presentation: \u00ab Split Decision: Federal and Provincial Elections in Ontario, 1997-2022\u00bb<\/p>[\/et_pb_text][\/et_pb_column][\/et_pb_row][et_pb_row _builder_version=&#8221;4.27.0&#8243; _module_preset=&#8221;default&#8221; global_colors_info=&#8221;{}&#8221;][et_pb_column type=&#8221;4_4&#8243; _builder_version=&#8221;4.27.0&#8243; _module_preset=&#8221;default&#8221; global_colors_info=&#8221;{}&#8221;][et_pb_text _builder_version=&#8221;4.27.0&#8243; _module_preset=&#8221;default&#8221; global_colors_info=&#8221;{}&#8221;]<p>The CSDC thanks all the participants. Also, a thank you to the organizing committee, Marc-Antoine Martel et Dominic Duval.<\/p>\n<p>For information on past conferences click here.<\/p>[\/et_pb_text][\/et_pb_column][\/et_pb_row][\/et_pb_section]\n","protected":false},"excerpt":{"rendered":"<p>2024 Graduate Students Conference The Centre for the Study of Democratic Citizenship (CSDC) hosted its annual graduate student conference on 7-8 March, in Qu\u00e9bec. The goal of this conference is to offer graduate and postdoctoral students interested in the Centre\u2019s research areas the opportunity to present and receive feedback on their research. This year, there [&hellip;]<\/p>\n","protected":false},"author":1,"featured_media":0,"parent":0,"menu_order":0,"comment_status":"closed","ping_status":"closed","template":"","meta":{"_et_pb_use_builder":"on","_et_pb_old_content":"","_et_gb_content_width":"","footnotes":""},"class_list":["post-2569","page","type-page","status-publish","hentry"],"yoast_head":"<!-- This site is optimized with the Yoast SEO plugin v27.5 - https:\/\/yoast.com\/product\/yoast-seo-wordpress\/ -->\n<title>Graduate Student Conference 2024 - CECD - Centre pour l&#039;\u00e9tude de la citoyennet\u00e9 d\u00e9mocratique<\/title>\n<meta name=\"robots\" content=\"noindex, follow\" \/>\n<meta property=\"og:locale\" content=\"en_US\" \/>\n<meta property=\"og:type\" content=\"article\" \/>\n<meta property=\"og:title\" content=\"Graduate Student Conference 2024 - CECD - Centre pour l&#039;\u00e9tude de la citoyennet\u00e9 d\u00e9mocratique\" \/>\n<meta property=\"og:description\" content=\"2024 Graduate Students Conference The Centre for the Study of Democratic Citizenship (CSDC) hosted its annual graduate student conference on 7-8 March, in Qu\u00e9bec. The goal of this conference is to offer graduate and postdoctoral students interested in the Centre\u2019s research areas the opportunity to present and receive feedback on their research. This year, there [&hellip;]\" \/>\n<meta property=\"og:url\" content=\"https:\/\/csdc-cecd.ca\/en\/colloque-etudiants-2024\/\" \/>\n<meta property=\"og:site_name\" content=\"CECD - Centre pour l&#039;\u00e9tude de la citoyennet\u00e9 d\u00e9mocratique\" \/>\n<meta property=\"article:modified_time\" content=\"2024-08-30T00:57:54+00:00\" \/>\n<meta name=\"twitter:card\" content=\"summary_large_image\" \/>\n<meta name=\"twitter:label1\" content=\"Est. reading time\" \/>\n\t<meta name=\"twitter:data1\" content=\"2 minutes\" \/>\n<script type=\"application\/ld+json\" class=\"yoast-schema-graph\">{\"@context\":\"https:\\\/\\\/schema.org\",\"@graph\":[{\"@type\":\"WebPage\",\"@id\":\"https:\\\/\\\/csdc-cecd.ca\\\/en\\\/colloque-etudiants-2024\\\/\",\"url\":\"https:\\\/\\\/csdc-cecd.ca\\\/en\\\/colloque-etudiants-2024\\\/\",\"name\":\"Graduate Student Conference 2024 - CECD - Centre pour l&#039;\u00e9tude de la citoyennet\u00e9 d\u00e9mocratique\",\"isPartOf\":{\"@id\":\"https:\\\/\\\/csdc-cecd.ca\\\/#website\"},\"datePublished\":\"2024-08-29T12:57:02+00:00\",\"dateModified\":\"2024-08-30T00:57:54+00:00\",\"breadcrumb\":{\"@id\":\"https:\\\/\\\/csdc-cecd.ca\\\/en\\\/colloque-etudiants-2024\\\/#breadcrumb\"},\"inLanguage\":\"en-US\",\"potentialAction\":[{\"@type\":\"ReadAction\",\"target\":[\"https:\\\/\\\/csdc-cecd.ca\\\/en\\\/colloque-etudiants-2024\\\/\"]}]},{\"@type\":\"BreadcrumbList\",\"@id\":\"https:\\\/\\\/csdc-cecd.ca\\\/en\\\/colloque-etudiants-2024\\\/#breadcrumb\",\"itemListElement\":[{\"@type\":\"ListItem\",\"position\":1,\"name\":\"Accueil\",\"item\":\"https:\\\/\\\/csdc-cecd.ca\\\/en\\\/\"},{\"@type\":\"ListItem\",\"position\":2,\"name\":\"Graduate Student Conference 2024\"}]},{\"@type\":\"WebSite\",\"@id\":\"https:\\\/\\\/csdc-cecd.ca\\\/#website\",\"url\":\"https:\\\/\\\/csdc-cecd.ca\\\/\",\"name\":\"CECD - Centre pour l&#039;\u00e9tude de la citoyennet\u00e9 d\u00e9mocratique\",\"description\":\"\",\"potentialAction\":[{\"@type\":\"SearchAction\",\"target\":{\"@type\":\"EntryPoint\",\"urlTemplate\":\"https:\\\/\\\/csdc-cecd.ca\\\/?s={search_term_string}\"},\"query-input\":{\"@type\":\"PropertyValueSpecification\",\"valueRequired\":true,\"valueName\":\"search_term_string\"}}],\"inLanguage\":\"en-US\"}]}<\/script>\n<!-- \/ Yoast SEO plugin. -->","yoast_head_json":{"title":"Graduate Student Conference 2024 - CECD - Centre pour l&#039;\u00e9tude de la citoyennet\u00e9 d\u00e9mocratique","robots":{"index":"noindex","follow":"follow"},"og_locale":"en_US","og_type":"article","og_title":"Graduate Student Conference 2024 - CECD - Centre pour l&#039;\u00e9tude de la citoyennet\u00e9 d\u00e9mocratique","og_description":"2024 Graduate Students Conference The Centre for the Study of Democratic Citizenship (CSDC) hosted its annual graduate student conference on 7-8 March, in Qu\u00e9bec. The goal of this conference is to offer graduate and postdoctoral students interested in the Centre\u2019s research areas the opportunity to present and receive feedback on their research. This year, there [&hellip;]","og_url":"https:\/\/csdc-cecd.ca\/en\/colloque-etudiants-2024\/","og_site_name":"CECD - Centre pour l&#039;\u00e9tude de la citoyennet\u00e9 d\u00e9mocratique","article_modified_time":"2024-08-30T00:57:54+00:00","twitter_card":"summary_large_image","twitter_misc":{"Est. reading time":"2 minutes"},"schema":{"@context":"https:\/\/schema.org","@graph":[{"@type":"WebPage","@id":"https:\/\/csdc-cecd.ca\/en\/colloque-etudiants-2024\/","url":"https:\/\/csdc-cecd.ca\/en\/colloque-etudiants-2024\/","name":"Graduate Student Conference 2024 - CECD - Centre pour l&#039;\u00e9tude de la citoyennet\u00e9 d\u00e9mocratique","isPartOf":{"@id":"https:\/\/csdc-cecd.ca\/#website"},"datePublished":"2024-08-29T12:57:02+00:00","dateModified":"2024-08-30T00:57:54+00:00","breadcrumb":{"@id":"https:\/\/csdc-cecd.ca\/en\/colloque-etudiants-2024\/#breadcrumb"},"inLanguage":"en-US","potentialAction":[{"@type":"ReadAction","target":["https:\/\/csdc-cecd.ca\/en\/colloque-etudiants-2024\/"]}]},{"@type":"BreadcrumbList","@id":"https:\/\/csdc-cecd.ca\/en\/colloque-etudiants-2024\/#breadcrumb","itemListElement":[{"@type":"ListItem","position":1,"name":"Accueil","item":"https:\/\/csdc-cecd.ca\/en\/"},{"@type":"ListItem","position":2,"name":"Graduate Student Conference 2024"}]},{"@type":"WebSite","@id":"https:\/\/csdc-cecd.ca\/#website","url":"https:\/\/csdc-cecd.ca\/","name":"CECD - Centre pour l&#039;\u00e9tude de la citoyennet\u00e9 d\u00e9mocratique","description":"","potentialAction":[{"@type":"SearchAction","target":{"@type":"EntryPoint","urlTemplate":"https:\/\/csdc-cecd.ca\/?s={search_term_string}"},"query-input":{"@type":"PropertyValueSpecification","valueRequired":true,"valueName":"search_term_string"}}],"inLanguage":"en-US"}]}},"_links":{"self":[{"href":"https:\/\/csdc-cecd.ca\/en\/wp-json\/wp\/v2\/pages\/2569","targetHints":{"allow":["GET"]}}],"collection":[{"href":"https:\/\/csdc-cecd.ca\/en\/wp-json\/wp\/v2\/pages"}],"about":[{"href":"https:\/\/csdc-cecd.ca\/en\/wp-json\/wp\/v2\/types\/page"}],"author":[{"embeddable":true,"href":"https:\/\/csdc-cecd.ca\/en\/wp-json\/wp\/v2\/users\/1"}],"replies":[{"embeddable":true,"href":"https:\/\/csdc-cecd.ca\/en\/wp-json\/wp\/v2\/comments?post=2569"}],"version-history":[{"count":4,"href":"https:\/\/csdc-cecd.ca\/en\/wp-json\/wp\/v2\/pages\/2569\/revisions"}],"predecessor-version":[{"id":2617,"href":"https:\/\/csdc-cecd.ca\/en\/wp-json\/wp\/v2\/pages\/2569\/revisions\/2617"}],"wp:attachment":[{"href":"https:\/\/csdc-cecd.ca\/en\/wp-json\/wp\/v2\/media?parent=2569"}],"curies":[{"name":"wp","href":"https:\/\/api.w.org\/{rel}","templated":true}]}}