{"id":2839,"date":"2024-09-25T08:48:19","date_gmt":"2024-09-25T12:48:19","guid":{"rendered":"https:\/\/csdc-cecd.ca\/roberto-foa\/"},"modified":"2024-10-11T11:35:56","modified_gmt":"2024-10-11T15:35:56","slug":"roberto-foa","status":"publish","type":"page","link":"https:\/\/csdc-cecd.ca\/en\/roberto-foa\/","title":{"rendered":"Roberto Foa"},"content":{"rendered":"<p>[et_pb_section fb_built=&#8221;1&#8243; _builder_version=&#8221;4.27.0&#8243; _module_preset=&#8221;default&#8221; global_colors_info=&#8221;{}&#8221;][et_pb_row _builder_version=&#8221;4.27.0&#8243; _module_preset=&#8221;default&#8221; global_colors_info=&#8221;{}&#8221;][et_pb_column type=&#8221;4_4&#8243; _builder_version=&#8221;4.27.0&#8243; _module_preset=&#8221;default&#8221; global_colors_info=&#8221;{}&#8221;][et_pb_image src=&#8221;https:\/\/csdc-cecd.ca\/wp-content\/uploads\/2024\/09\/Roberto-Foa-FR1.png&#8221; title_text=&#8221;Roberto Foa (FR)%911%93&#8243; _builder_version=&#8221;4.27.0&#8243; _module_preset=&#8221;default&#8221; global_colors_info=&#8221;{}&#8221;][\/et_pb_image][\/et_pb_column][\/et_pb_row][et_pb_row _builder_version=&#8221;4.27.0&#8243; _module_preset=&#8221;default&#8221; global_colors_info=&#8221;{}&#8221; custom_padding=&#8221;|40px||40px|false|false&#8221;][et_pb_column type=&#8221;4_4&#8243; _builder_version=&#8221;4.27.0&#8243; _module_preset=&#8221;default&#8221; global_colors_info=&#8221;{}&#8221;][et_pb_text _builder_version=&#8221;4.27.0&#8243; _module_preset=&#8221;default&#8221; global_colors_info=&#8221;{}&#8221;]<\/p>\n<p><span>Le Centre pour l\u2019\u00e9tude de la citoyennet\u00e9 d\u00e9mocratique et <a href=\"https:\/\/www.chairedemocratie.com\/fr\/members\/dassonneville-ruth\/\">la\u00a0Chaire de recherche du Canada en d\u00e9mocratie \u00e9lectorale<\/a> pr\u00e9sentent :<\/span><\/p>\n<h3>Piercing the Fog of War &#8211; Tracking. Public Opinion with New Online Date<\/h3>\n<p><span><\/span><\/p>\n<h4><a href=\"https:\/\/www.roberto.foa.name\/\"><span>\ud83d\udc64 <\/span>Roberto Foa<\/a> (University of Cambridge, Angleterre)<\/h4>\n<p><span><br \/>\ud83d\udcc6<\/span> : 15 octobre 2024, 16h30 &#8211; 18h | October 15, 2024, 4:30 p.m. &#8211; 6:00 p.m.<br \/><span>\ud83d\udccd<\/span> : Universit\u00e9 de Montr\u00e9al, Pavillon Lionel Groulx. Salle C-5143, rue Jean Brillant, Montr\u00e9al<span><\/span><\/p>\n<p>&nbsp;<\/p>\n<h4>R\u00e9sum\u00e9 | Summary<\/h4>\n<p><span data-olk-copy-source=\"MessageBody\">This presentation tracks recent Russian Public Opinion on the current Russia-Ukraine conflict with New Online Data.\u00a0 The data collection is carried out through web intercept (RIWI) and online search (Google\/Yandex) to proxy for conventional survey metrics and indicators. The presentation will also show recent data collected in the Middle East using the same methodology.<\/span><\/p>\n<p><span data-olk-copy-source=\"MessageBody\"><\/span><\/p>\n<p><span>Le Centre pour l&#8217;\u00e9tude de la Citoyennet\u00e9 d\u00e9mocratique est financ\u00e9 par le <\/span><a href=\"https:\/\/frq.gouv.qc.ca\/societe-et-culture\/?_gl=1*2hx8i9*_up*MQ..&amp;gclid=CjwKCAjw8rW2BhAgEiwAoRO5rLFcVqh4eqvH4BFjcAOLimLDAGOrP52xh6QE6R1B-28SNQZdkOjFHRoCRPcQAvD_BwE\">Fonds de recherche du Qu\u00e9bec \u2013 Soci\u00e9t\u00e9 et culture (FRQSC)<\/a><\/p>\n<p><span><\/span><\/p>\n<p>[\/et_pb_text][\/et_pb_column][\/et_pb_row][\/et_pb_section]<\/p>\n","protected":false},"excerpt":{"rendered":"<p>Le Centre pour l\u2019\u00e9tude de la citoyennet\u00e9 d\u00e9mocratique et la\u00a0Chaire de recherche du Canada en d\u00e9mocratie \u00e9lectorale pr\u00e9sentent : Piercing the Fog of War &#8211; Tracking. Public Opinion with New Online Date \ud83d\udc64 Roberto Foa (University of Cambridge, Angleterre) \ud83d\udcc6 : 15 octobre 2024, 16h30 &#8211; 18h | October 15, 2024, 4:30 p.m. &#8211; 6:00 [&hellip;]<\/p>\n","protected":false},"author":1,"featured_media":0,"parent":0,"menu_order":0,"comment_status":"closed","ping_status":"closed","template":"","meta":{"_et_pb_use_builder":"on","_et_pb_old_content":"","_et_gb_content_width":"","footnotes":""},"class_list":["post-2839","page","type-page","status-publish","hentry"],"yoast_head":"<!-- This site is optimized with the Yoast SEO plugin v27.4 - https:\/\/yoast.com\/product\/yoast-seo-wordpress\/ -->\n<title>Roberto Foa - CECD - Centre pour l&#039;\u00e9tude de la citoyennet\u00e9 d\u00e9mocratique<\/title>\n<meta name=\"robots\" content=\"index, follow, max-snippet:-1, max-image-preview:large, max-video-preview:-1\" \/>\n<link rel=\"canonical\" href=\"https:\/\/csdc-cecd.ca\/en\/roberto-foa\/\" \/>\n<meta property=\"og:locale\" content=\"en_US\" \/>\n<meta property=\"og:type\" content=\"article\" \/>\n<meta property=\"og:title\" content=\"Roberto Foa - CECD - Centre pour l&#039;\u00e9tude de la citoyennet\u00e9 d\u00e9mocratique\" \/>\n<meta property=\"og:description\" content=\"Le Centre pour l\u2019\u00e9tude de la citoyennet\u00e9 d\u00e9mocratique et la\u00a0Chaire de recherche du Canada en d\u00e9mocratie \u00e9lectorale pr\u00e9sentent : Piercing the Fog of War - Tracking. Public Opinion with New Online Date \ud83d\udc64 Roberto Foa (University of Cambridge, Angleterre) \ud83d\udcc6 : 15 octobre 2024, 16h30 - 18h | October 15, 2024, 4:30 p.m. - 6:00 [&hellip;]\" \/>\n<meta property=\"og:url\" content=\"https:\/\/csdc-cecd.ca\/en\/roberto-foa\/\" \/>\n<meta property=\"og:site_name\" content=\"CECD - Centre pour l&#039;\u00e9tude de la citoyennet\u00e9 d\u00e9mocratique\" \/>\n<meta property=\"article:modified_time\" content=\"2024-10-11T15:35:56+00:00\" \/>\n<meta name=\"twitter:card\" content=\"summary_large_image\" \/>\n<meta name=\"twitter:label1\" content=\"Est. reading time\" \/>\n\t<meta name=\"twitter:data1\" content=\"1 minute\" \/>\n<script type=\"application\/ld+json\" class=\"yoast-schema-graph\">{\"@context\":\"https:\\\/\\\/schema.org\",\"@graph\":[{\"@type\":\"WebPage\",\"@id\":\"https:\\\/\\\/csdc-cecd.ca\\\/en\\\/roberto-foa\\\/\",\"url\":\"https:\\\/\\\/csdc-cecd.ca\\\/en\\\/roberto-foa\\\/\",\"name\":\"Roberto Foa - CECD - Centre pour l&#039;\u00e9tude de la citoyennet\u00e9 d\u00e9mocratique\",\"isPartOf\":{\"@id\":\"https:\\\/\\\/csdc-cecd.ca\\\/#website\"},\"datePublished\":\"2024-09-25T12:48:19+00:00\",\"dateModified\":\"2024-10-11T15:35:56+00:00\",\"breadcrumb\":{\"@id\":\"https:\\\/\\\/csdc-cecd.ca\\\/en\\\/roberto-foa\\\/#breadcrumb\"},\"inLanguage\":\"en-US\",\"potentialAction\":[{\"@type\":\"ReadAction\",\"target\":[\"https:\\\/\\\/csdc-cecd.ca\\\/en\\\/roberto-foa\\\/\"]}]},{\"@type\":\"BreadcrumbList\",\"@id\":\"https:\\\/\\\/csdc-cecd.ca\\\/en\\\/roberto-foa\\\/#breadcrumb\",\"itemListElement\":[{\"@type\":\"ListItem\",\"position\":1,\"name\":\"Accueil\",\"item\":\"https:\\\/\\\/csdc-cecd.ca\\\/en\\\/\"},{\"@type\":\"ListItem\",\"position\":2,\"name\":\"Roberto Foa\"}]},{\"@type\":\"WebSite\",\"@id\":\"https:\\\/\\\/csdc-cecd.ca\\\/#website\",\"url\":\"https:\\\/\\\/csdc-cecd.ca\\\/\",\"name\":\"CECD - Centre pour l&#039;\u00e9tude de la citoyennet\u00e9 d\u00e9mocratique\",\"description\":\"\",\"potentialAction\":[{\"@type\":\"SearchAction\",\"target\":{\"@type\":\"EntryPoint\",\"urlTemplate\":\"https:\\\/\\\/csdc-cecd.ca\\\/?s={search_term_string}\"},\"query-input\":{\"@type\":\"PropertyValueSpecification\",\"valueRequired\":true,\"valueName\":\"search_term_string\"}}],\"inLanguage\":\"en-US\"}]}<\/script>\n<!-- \/ Yoast SEO plugin. -->","yoast_head_json":{"title":"Roberto Foa - CECD - Centre pour l&#039;\u00e9tude de la citoyennet\u00e9 d\u00e9mocratique","robots":{"index":"index","follow":"follow","max-snippet":"max-snippet:-1","max-image-preview":"max-image-preview:large","max-video-preview":"max-video-preview:-1"},"canonical":"https:\/\/csdc-cecd.ca\/en\/roberto-foa\/","og_locale":"en_US","og_type":"article","og_title":"Roberto Foa - CECD - Centre pour l&#039;\u00e9tude de la citoyennet\u00e9 d\u00e9mocratique","og_description":"Le Centre pour l\u2019\u00e9tude de la citoyennet\u00e9 d\u00e9mocratique et la\u00a0Chaire de recherche du Canada en d\u00e9mocratie \u00e9lectorale pr\u00e9sentent : Piercing the Fog of War - Tracking. Public Opinion with New Online Date \ud83d\udc64 Roberto Foa (University of Cambridge, Angleterre) \ud83d\udcc6 : 15 octobre 2024, 16h30 - 18h | October 15, 2024, 4:30 p.m. - 6:00 [&hellip;]","og_url":"https:\/\/csdc-cecd.ca\/en\/roberto-foa\/","og_site_name":"CECD - Centre pour l&#039;\u00e9tude de la citoyennet\u00e9 d\u00e9mocratique","article_modified_time":"2024-10-11T15:35:56+00:00","twitter_card":"summary_large_image","twitter_misc":{"Est. reading time":"1 minute"},"schema":{"@context":"https:\/\/schema.org","@graph":[{"@type":"WebPage","@id":"https:\/\/csdc-cecd.ca\/en\/roberto-foa\/","url":"https:\/\/csdc-cecd.ca\/en\/roberto-foa\/","name":"Roberto Foa - CECD - Centre pour l&#039;\u00e9tude de la citoyennet\u00e9 d\u00e9mocratique","isPartOf":{"@id":"https:\/\/csdc-cecd.ca\/#website"},"datePublished":"2024-09-25T12:48:19+00:00","dateModified":"2024-10-11T15:35:56+00:00","breadcrumb":{"@id":"https:\/\/csdc-cecd.ca\/en\/roberto-foa\/#breadcrumb"},"inLanguage":"en-US","potentialAction":[{"@type":"ReadAction","target":["https:\/\/csdc-cecd.ca\/en\/roberto-foa\/"]}]},{"@type":"BreadcrumbList","@id":"https:\/\/csdc-cecd.ca\/en\/roberto-foa\/#breadcrumb","itemListElement":[{"@type":"ListItem","position":1,"name":"Accueil","item":"https:\/\/csdc-cecd.ca\/en\/"},{"@type":"ListItem","position":2,"name":"Roberto Foa"}]},{"@type":"WebSite","@id":"https:\/\/csdc-cecd.ca\/#website","url":"https:\/\/csdc-cecd.ca\/","name":"CECD - Centre pour l&#039;\u00e9tude de la citoyennet\u00e9 d\u00e9mocratique","description":"","potentialAction":[{"@type":"SearchAction","target":{"@type":"EntryPoint","urlTemplate":"https:\/\/csdc-cecd.ca\/?s={search_term_string}"},"query-input":{"@type":"PropertyValueSpecification","valueRequired":true,"valueName":"search_term_string"}}],"inLanguage":"en-US"}]}},"_links":{"self":[{"href":"https:\/\/csdc-cecd.ca\/en\/wp-json\/wp\/v2\/pages\/2839","targetHints":{"allow":["GET"]}}],"collection":[{"href":"https:\/\/csdc-cecd.ca\/en\/wp-json\/wp\/v2\/pages"}],"about":[{"href":"https:\/\/csdc-cecd.ca\/en\/wp-json\/wp\/v2\/types\/page"}],"author":[{"embeddable":true,"href":"https:\/\/csdc-cecd.ca\/en\/wp-json\/wp\/v2\/users\/1"}],"replies":[{"embeddable":true,"href":"https:\/\/csdc-cecd.ca\/en\/wp-json\/wp\/v2\/comments?post=2839"}],"version-history":[{"count":6,"href":"https:\/\/csdc-cecd.ca\/en\/wp-json\/wp\/v2\/pages\/2839\/revisions"}],"predecessor-version":[{"id":2978,"href":"https:\/\/csdc-cecd.ca\/en\/wp-json\/wp\/v2\/pages\/2839\/revisions\/2978"}],"wp:attachment":[{"href":"https:\/\/csdc-cecd.ca\/en\/wp-json\/wp\/v2\/media?parent=2839"}],"curies":[{"name":"wp","href":"https:\/\/api.w.org\/{rel}","templated":true}]}}