{"id":2860,"date":"2024-09-30T10:51:15","date_gmt":"2024-09-30T14:51:15","guid":{"rendered":"https:\/\/csdc-cecd.ca\/communication-strategique-et-mouvance-geopolitique\/"},"modified":"2024-09-30T11:01:50","modified_gmt":"2024-09-30T15:01:50","slug":"communication-strategique-et-mouvance-geopolitique","status":"publish","type":"page","link":"https:\/\/csdc-cecd.ca\/en\/communication-strategique-et-mouvance-geopolitique\/","title":{"rendered":"Communication strat\u00e9gique et mouvance g\u00e9opolitique"},"content":{"rendered":"<p>[et_pb_section fb_built=&#8221;1&#8243; _builder_version=&#8221;4.27.0&#8243; _module_preset=&#8221;default&#8221; global_colors_info=&#8221;{}&#8221;][et_pb_row _builder_version=&#8221;4.27.0&#8243; _module_preset=&#8221;default&#8221; global_colors_info=&#8221;{}&#8221;][et_pb_column type=&#8221;4_4&#8243; _builder_version=&#8221;4.27.0&#8243; _module_preset=&#8221;default&#8221; global_colors_info=&#8221;{}&#8221;][et_pb_text _builder_version=&#8221;4.27.0&#8243; _module_preset=&#8221;default&#8221; hover_enabled=&#8221;0&#8243; global_colors_info=&#8221;{}&#8221; sticky_enabled=&#8221;0&#8243;]<\/p>\n<p><span>The Centre for the Study of Democratic Citizenship and the <\/span>Universit\u00e9 de Sherbrooke pr\u00e9sent :<\/p>\n<h4><span>Communication strat\u00e9gique et mouvance g\u00e9opolitique : enjeux de s\u00e9curit\u00e9 et de d\u00e9sinformation dans un monde en bouleversement<\/span><\/h4>\n<h4><\/h4>\n<p>When: Tuesday October 29,whole day<br \/>Where : U.\u00a0 de Sherbrooke, Sherbrooke<\/p>\n<p>La conf\u00e9rence intitul\u00e9e <i>Communication strat\u00e9gique et mouvance g\u00e9opolitique : enjeux de s\u00e9curit\u00e9 et de d\u00e9sinformation dans un monde en bouleversement<\/i>\u00a0est organis\u00e9e par la Pre Marie-Eve Carignan, le Pr Emmanuel Choquette et la Pre Carol-Ann Rouillard. L\u2019\u00e9v\u00e9nement, qui se tiendra le mardi 29 octobre 2024 \u00e0 l\u2019Universit\u00e9 de Sherbrooke, vise \u00e0 offrir un espace de r\u00e9flexions et d\u2019\u00e9changes sur les enjeux gravitant autour de la communication strat\u00e9gique dans des contextes de risques s\u00e9curitaires et d\u00e9mocratiques. Nous croiserons les perspectives de gens du milieu de la d\u00e9fense nationale, de journalistes qui ont pour r\u00f4le de communiquer ces enjeux aupr\u00e8s de la population et de chercheurs et chercheuses qui travaillent sur ces questions.<\/p>\n<p><span>The Centre for the Study of Democratic Citizenship is funded by the\u00a0<\/span><a href=\"https:\/\/frq.gouv.qc.ca\/societe-et-culture\/?_gl=1*2hx8i9*_up*MQ..&amp;gclid=CjwKCAjw8rW2BhAgEiwAoRO5rLFcVqh4eqvH4BFjcAOLimLDAGOrP52xh6QE6R1B-28SNQZdkOjFHRoCRPcQAvD_BwE\">Fonds de recherche du Qu\u00e9bec \u2013 Soci\u00e9t\u00e9 et culture (FRQSC)<\/a><span>.<\/span><\/p>\n<p>[\/et_pb_text][\/et_pb_column][\/et_pb_row][\/et_pb_section]<\/p>\n","protected":false},"excerpt":{"rendered":"<p>The Centre for the Study of Democratic Citizenship and the Universit\u00e9 de Sherbrooke pr\u00e9sent : Communication strat\u00e9gique et mouvance g\u00e9opolitique : enjeux de s\u00e9curit\u00e9 et de d\u00e9sinformation dans un monde en bouleversement When: Tuesday October 29,whole dayWhere : U.\u00a0 de Sherbrooke, Sherbrooke La conf\u00e9rence intitul\u00e9e Communication strat\u00e9gique et mouvance g\u00e9opolitique : enjeux de s\u00e9curit\u00e9 et [&hellip;]<\/p>\n","protected":false},"author":1,"featured_media":0,"parent":0,"menu_order":0,"comment_status":"closed","ping_status":"closed","template":"","meta":{"_et_pb_use_builder":"on","_et_pb_old_content":"","_et_gb_content_width":"","footnotes":""},"class_list":["post-2860","page","type-page","status-publish","hentry"],"yoast_head":"<!-- This site is optimized with the Yoast SEO plugin v27.4 - https:\/\/yoast.com\/product\/yoast-seo-wordpress\/ -->\n<title>Communication strat\u00e9gique et mouvance g\u00e9opolitique - CECD - Centre pour l&#039;\u00e9tude de la citoyennet\u00e9 d\u00e9mocratique<\/title>\n<meta name=\"robots\" content=\"index, follow, max-snippet:-1, max-image-preview:large, max-video-preview:-1\" \/>\n<link rel=\"canonical\" href=\"https:\/\/csdc-cecd.ca\/communication-strategique-et-mouvance-geopolitique\/\" \/>\n<meta property=\"og:locale\" content=\"en_US\" \/>\n<meta property=\"og:type\" content=\"article\" \/>\n<meta property=\"og:title\" content=\"Communication strat\u00e9gique et mouvance g\u00e9opolitique - CECD - Centre pour l&#039;\u00e9tude de la citoyennet\u00e9 d\u00e9mocratique\" \/>\n<meta property=\"og:description\" content=\"The Centre for the Study of Democratic Citizenship and the Universit\u00e9 de Sherbrooke pr\u00e9sent : Communication strat\u00e9gique et mouvance g\u00e9opolitique : enjeux de s\u00e9curit\u00e9 et de d\u00e9sinformation dans un monde en bouleversement When: Tuesday October 29,whole dayWhere : U.\u00a0 de Sherbrooke, Sherbrooke La conf\u00e9rence intitul\u00e9e Communication strat\u00e9gique et mouvance g\u00e9opolitique : enjeux de s\u00e9curit\u00e9 et [&hellip;]\" \/>\n<meta property=\"og:url\" content=\"https:\/\/csdc-cecd.ca\/communication-strategique-et-mouvance-geopolitique\/\" \/>\n<meta property=\"og:site_name\" content=\"CECD - Centre pour l&#039;\u00e9tude de la citoyennet\u00e9 d\u00e9mocratique\" \/>\n<meta property=\"article:modified_time\" content=\"2024-09-30T15:01:50+00:00\" \/>\n<meta name=\"twitter:card\" content=\"summary_large_image\" \/>\n<meta name=\"twitter:label1\" content=\"Est. reading time\" \/>\n\t<meta name=\"twitter:data1\" content=\"1 minute\" \/>\n<script type=\"application\/ld+json\" class=\"yoast-schema-graph\">{\"@context\":\"https:\\\/\\\/schema.org\",\"@graph\":[{\"@type\":\"WebPage\",\"@id\":\"https:\\\/\\\/csdc-cecd.ca\\\/communication-strategique-et-mouvance-geopolitique\\\/\",\"url\":\"https:\\\/\\\/csdc-cecd.ca\\\/communication-strategique-et-mouvance-geopolitique\\\/\",\"name\":\"Communication strat\u00e9gique et mouvance g\u00e9opolitique - CECD - Centre pour l&#039;\u00e9tude de la citoyennet\u00e9 d\u00e9mocratique\",\"isPartOf\":{\"@id\":\"https:\\\/\\\/csdc-cecd.ca\\\/#website\"},\"datePublished\":\"2024-09-30T14:51:15+00:00\",\"dateModified\":\"2024-09-30T15:01:50+00:00\",\"breadcrumb\":{\"@id\":\"https:\\\/\\\/csdc-cecd.ca\\\/communication-strategique-et-mouvance-geopolitique\\\/#breadcrumb\"},\"inLanguage\":\"en-US\",\"potentialAction\":[{\"@type\":\"ReadAction\",\"target\":[\"https:\\\/\\\/csdc-cecd.ca\\\/communication-strategique-et-mouvance-geopolitique\\\/\"]}]},{\"@type\":\"BreadcrumbList\",\"@id\":\"https:\\\/\\\/csdc-cecd.ca\\\/communication-strategique-et-mouvance-geopolitique\\\/#breadcrumb\",\"itemListElement\":[{\"@type\":\"ListItem\",\"position\":1,\"name\":\"Accueil\",\"item\":\"https:\\\/\\\/csdc-cecd.ca\\\/en\\\/\"},{\"@type\":\"ListItem\",\"position\":2,\"name\":\"Communication strat\u00e9gique et mouvance g\u00e9opolitique\"}]},{\"@type\":\"WebSite\",\"@id\":\"https:\\\/\\\/csdc-cecd.ca\\\/#website\",\"url\":\"https:\\\/\\\/csdc-cecd.ca\\\/\",\"name\":\"CECD - Centre pour l&#039;\u00e9tude de la citoyennet\u00e9 d\u00e9mocratique\",\"description\":\"\",\"potentialAction\":[{\"@type\":\"SearchAction\",\"target\":{\"@type\":\"EntryPoint\",\"urlTemplate\":\"https:\\\/\\\/csdc-cecd.ca\\\/?s={search_term_string}\"},\"query-input\":{\"@type\":\"PropertyValueSpecification\",\"valueRequired\":true,\"valueName\":\"search_term_string\"}}],\"inLanguage\":\"en-US\"}]}<\/script>\n<!-- \/ Yoast SEO plugin. -->","yoast_head_json":{"title":"Communication strat\u00e9gique et mouvance g\u00e9opolitique - CECD - Centre pour l&#039;\u00e9tude de la citoyennet\u00e9 d\u00e9mocratique","robots":{"index":"index","follow":"follow","max-snippet":"max-snippet:-1","max-image-preview":"max-image-preview:large","max-video-preview":"max-video-preview:-1"},"canonical":"https:\/\/csdc-cecd.ca\/communication-strategique-et-mouvance-geopolitique\/","og_locale":"en_US","og_type":"article","og_title":"Communication strat\u00e9gique et mouvance g\u00e9opolitique - CECD - Centre pour l&#039;\u00e9tude de la citoyennet\u00e9 d\u00e9mocratique","og_description":"The Centre for the Study of Democratic Citizenship and the Universit\u00e9 de Sherbrooke pr\u00e9sent : Communication strat\u00e9gique et mouvance g\u00e9opolitique : enjeux de s\u00e9curit\u00e9 et de d\u00e9sinformation dans un monde en bouleversement When: Tuesday October 29,whole dayWhere : U.\u00a0 de Sherbrooke, Sherbrooke La conf\u00e9rence intitul\u00e9e Communication strat\u00e9gique et mouvance g\u00e9opolitique : enjeux de s\u00e9curit\u00e9 et [&hellip;]","og_url":"https:\/\/csdc-cecd.ca\/communication-strategique-et-mouvance-geopolitique\/","og_site_name":"CECD - Centre pour l&#039;\u00e9tude de la citoyennet\u00e9 d\u00e9mocratique","article_modified_time":"2024-09-30T15:01:50+00:00","twitter_card":"summary_large_image","twitter_misc":{"Est. reading time":"1 minute"},"schema":{"@context":"https:\/\/schema.org","@graph":[{"@type":"WebPage","@id":"https:\/\/csdc-cecd.ca\/communication-strategique-et-mouvance-geopolitique\/","url":"https:\/\/csdc-cecd.ca\/communication-strategique-et-mouvance-geopolitique\/","name":"Communication strat\u00e9gique et mouvance g\u00e9opolitique - CECD - Centre pour l&#039;\u00e9tude de la citoyennet\u00e9 d\u00e9mocratique","isPartOf":{"@id":"https:\/\/csdc-cecd.ca\/#website"},"datePublished":"2024-09-30T14:51:15+00:00","dateModified":"2024-09-30T15:01:50+00:00","breadcrumb":{"@id":"https:\/\/csdc-cecd.ca\/communication-strategique-et-mouvance-geopolitique\/#breadcrumb"},"inLanguage":"en-US","potentialAction":[{"@type":"ReadAction","target":["https:\/\/csdc-cecd.ca\/communication-strategique-et-mouvance-geopolitique\/"]}]},{"@type":"BreadcrumbList","@id":"https:\/\/csdc-cecd.ca\/communication-strategique-et-mouvance-geopolitique\/#breadcrumb","itemListElement":[{"@type":"ListItem","position":1,"name":"Accueil","item":"https:\/\/csdc-cecd.ca\/en\/"},{"@type":"ListItem","position":2,"name":"Communication strat\u00e9gique et mouvance g\u00e9opolitique"}]},{"@type":"WebSite","@id":"https:\/\/csdc-cecd.ca\/#website","url":"https:\/\/csdc-cecd.ca\/","name":"CECD - Centre pour l&#039;\u00e9tude de la citoyennet\u00e9 d\u00e9mocratique","description":"","potentialAction":[{"@type":"SearchAction","target":{"@type":"EntryPoint","urlTemplate":"https:\/\/csdc-cecd.ca\/?s={search_term_string}"},"query-input":{"@type":"PropertyValueSpecification","valueRequired":true,"valueName":"search_term_string"}}],"inLanguage":"en-US"}]}},"_links":{"self":[{"href":"https:\/\/csdc-cecd.ca\/en\/wp-json\/wp\/v2\/pages\/2860","targetHints":{"allow":["GET"]}}],"collection":[{"href":"https:\/\/csdc-cecd.ca\/en\/wp-json\/wp\/v2\/pages"}],"about":[{"href":"https:\/\/csdc-cecd.ca\/en\/wp-json\/wp\/v2\/types\/page"}],"author":[{"embeddable":true,"href":"https:\/\/csdc-cecd.ca\/en\/wp-json\/wp\/v2\/users\/1"}],"replies":[{"embeddable":true,"href":"https:\/\/csdc-cecd.ca\/en\/wp-json\/wp\/v2\/comments?post=2860"}],"version-history":[{"count":1,"href":"https:\/\/csdc-cecd.ca\/en\/wp-json\/wp\/v2\/pages\/2860\/revisions"}],"predecessor-version":[{"id":2862,"href":"https:\/\/csdc-cecd.ca\/en\/wp-json\/wp\/v2\/pages\/2860\/revisions\/2862"}],"wp:attachment":[{"href":"https:\/\/csdc-cecd.ca\/en\/wp-json\/wp\/v2\/media?parent=2860"}],"curies":[{"name":"wp","href":"https:\/\/api.w.org\/{rel}","templated":true}]}}