{"id":2907,"date":"2024-10-04T11:59:52","date_gmt":"2024-10-04T15:59:52","guid":{"rendered":"https:\/\/csdc-cecd.ca\/colloque-etudiant-e-s-et-posttorant-e-s\/"},"modified":"2025-07-09T12:18:17","modified_gmt":"2025-07-09T16:18:17","slug":"colloque-etudiant-e-s-et-posttorant-e-s","status":"publish","type":"page","link":"https:\/\/csdc-cecd.ca\/en\/colloque-etudiant-e-s-et-posttorant-e-s\/","title":{"rendered":"CSDC Student and Postdoctoral Fellow Conference 2025"},"content":{"rendered":"<p>[et_pb_section fb_built=&#8221;1&#8243; admin_label=&#8221;section&#8221; _builder_version=&#8221;4.16&#8243; global_colors_info=&#8221;{}&#8221;][et_pb_row admin_label=&#8221;row&#8221; _builder_version=&#8221;4.16&#8243; background_size=&#8221;initial&#8221; background_position=&#8221;top_left&#8221; background_repeat=&#8221;repeat&#8221; global_colors_info=&#8221;{}&#8221;][et_pb_column type=&#8221;4_4&#8243; _builder_version=&#8221;4.16&#8243; custom_padding=&#8221;|||&#8221; global_colors_info=&#8221;{}&#8221; custom_padding__hover=&#8221;|||&#8221;][et_pb_image src=&#8221;https:\/\/csdc-cecd.ca\/wp-content\/uploads\/2025\/01\/CSDC-Student-and-Postdoctoral-Fellow-Conference.png&#8221; title_text=&#8221;CSDC Student and Postdoctoral Fellow Conference&#8221; _builder_version=&#8221;4.27.4&#8243; _module_preset=&#8221;default&#8221; global_colors_info=&#8221;{}&#8221;][\/et_pb_image][\/et_pb_column][\/et_pb_row][et_pb_row _builder_version=&#8221;4.27.4&#8243; _module_preset=&#8221;default&#8221; global_colors_info=&#8221;{}&#8221;][et_pb_column type=&#8221;4_4&#8243; _builder_version=&#8221;4.27.4&#8243; _module_preset=&#8221;default&#8221; global_colors_info=&#8221;{}&#8221;][et_pb_text _builder_version=&#8221;4.27.4&#8243; _module_preset=&#8221;default&#8221; hover_enabled=&#8221;0&#8243; sticky_enabled=&#8221;0&#8243;]<\/p>\n<p>The Centre for the Study of Democratic Citizenship (CSDC) hosted its annual graduate student conference on 21-22 February, in Qu\u00e9bec. The goal of this conference is to offer graduate and postdoctoral students interested in the Centre\u2019s research areas the opportunity to present and receive feedback on their research.\u00a0<\/p>\n<p>This year, there were 27 presentations by students from 5 member universities of the CSDC (Concordia, McGill, Universit\u00e9 Laval, Universit\u00e9 de Montr\u00e9al et Universit\u00e9 de Sherbrooke).<\/p>\n<p>The full program is available <a href=\"https:\/\/csdc-cecd.ca\/wp-content\/uploads\/2025\/07\/CECD-CSDC-CColloque-Conference-2025-FINAL.pdf\">here<\/a><\/p>\n<p>[\/et_pb_text][\/et_pb_column][\/et_pb_row][et_pb_row _builder_version=&#8221;4.27.4&#8243; _module_preset=&#8221;default&#8221; column_structure=&#8221;2_5,3_5&#8243;][et_pb_column _builder_version=&#8221;4.27.4&#8243; _module_preset=&#8221;default&#8221; type=&#8221;2_5&#8243;][et_pb_image src=&#8221;https:\/\/csdc-cecd.ca\/wp-content\/uploads\/2025\/07\/20250222_144158-scaled-e1752075687639.jpg&#8221; _builder_version=&#8221;4.27.4&#8243; _module_preset=&#8221;default&#8221; title_text=&#8221;20250222_144158&#8243; hover_enabled=&#8221;0&#8243; sticky_enabled=&#8221;0&#8243;][\/et_pb_image][\/et_pb_column][et_pb_column _builder_version=&#8221;4.27.4&#8243; _module_preset=&#8221;default&#8221; type=&#8221;3_5&#8243;][et_pb_text _builder_version=&#8221;4.27.4&#8243; _module_preset=&#8221;default&#8221; hover_enabled=&#8221;0&#8243; sticky_enabled=&#8221;0&#8243;]<\/p>\n<p><strong>Congratulations to the two students who received the best paper award at the 2024 CSDC Graduate Student Conference:<\/strong><\/p>\n<p><strong>J\u00e9r\u00e9mie Drouin \u2013Master student in Political Sciences at Universit\u00e9 Laval (Supervisor: Yannick Dufresne)<br \/><\/strong>Pr\u00e9eentation: \u00abFragmented Media, Divided Voters: Media Consumption and the Political Media Narrative During the 2024 U.S Presidential Campaign\u00bb<\/p>\n<p><strong>Anne Imouza\u2013 PhD student at McGill (Supervisor: \u00c9ric B\u00e9langer)<br \/><\/strong>Presentation: \u00abThe Intersection of Race and Gender: A New Perspective on Technology Acceptance\u00bb<\/p>\n<p>[\/et_pb_text][\/et_pb_column][\/et_pb_row][et_pb_row _builder_version=&#8221;4.27.4&#8243; _module_preset=&#8221;default&#8221;][et_pb_column _builder_version=&#8221;4.27.4&#8243; _module_preset=&#8221;default&#8221; type=&#8221;4_4&#8243;][et_pb_text _builder_version=&#8221;4.27.4&#8243; _module_preset=&#8221;default&#8221; hover_enabled=&#8221;0&#8243; sticky_enabled=&#8221;0&#8243;]<\/p>\n<p><span>The CSDC thanks all the participants. Also, a thank you to the organizing committee, Colleen McCool, Benjamin Chabot et Dominic Duval.<\/span><\/p>\n<p>[\/et_pb_text][\/et_pb_column][\/et_pb_row][et_pb_row column_structure=&#8221;1_2,1_2&#8243; _builder_version=&#8221;4.27.3&#8243; _module_preset=&#8221;default&#8221; global_colors_info=&#8221;{}&#8221;][et_pb_column type=&#8221;1_2&#8243; _builder_version=&#8221;4.27.3&#8243; _module_preset=&#8221;default&#8221; global_colors_info=&#8221;{}&#8221;][et_pb_image src=&#8221;https:\/\/csdc-cecd.ca\/wp-content\/uploads\/2024\/11\/Call-for-papers_2025_EN-pg-1.png&#8221; title_text=&#8221;Call for papers_2025_EN pg 1&#8243; _builder_version=&#8221;4.27.3&#8243; _module_preset=&#8221;default&#8221; global_colors_info=&#8221;{}&#8221;][\/et_pb_image][\/et_pb_column][et_pb_column type=&#8221;1_2&#8243; _builder_version=&#8221;4.27.3&#8243; _module_preset=&#8221;default&#8221; global_colors_info=&#8221;{}&#8221;][et_pb_image src=&#8221;https:\/\/csdc-cecd.ca\/wp-content\/uploads\/2024\/11\/Call-for-papers_2025_EN-pg-2.png&#8221; title_text=&#8221;Call for papers_2025_EN pg 2&#8243; _builder_version=&#8221;4.27.3&#8243; _module_preset=&#8221;default&#8221; global_colors_info=&#8221;{}&#8221;][\/et_pb_image][\/et_pb_column][\/et_pb_row][et_pb_row admin_label=&#8221;row&#8221; _builder_version=&#8221;4.16&#8243; background_size=&#8221;initial&#8221; background_position=&#8221;top_left&#8221; background_repeat=&#8221;repeat&#8221; global_colors_info=&#8221;{}&#8221;][et_pb_column type=&#8221;4_4&#8243; _builder_version=&#8221;4.16&#8243; custom_padding=&#8221;|||&#8221; global_colors_info=&#8221;{}&#8221; custom_padding__hover=&#8221;|||&#8221;][et_pb_text _builder_version=&#8221;4.27.3&#8243; _module_preset=&#8221;default&#8221; global_colors_info=&#8221;{}&#8221;]<\/p>\n<p><span>The Centre for the Study of Democratic Citizenship is funded by the\u00a0<\/span><a href=\"https:\/\/frq.gouv.qc.ca\/societe-et-culture\/?_gl=1*2hx8i9*_up*MQ..&amp;gclid=CjwKCAjw8rW2BhAgEiwAoRO5rLFcVqh4eqvH4BFjcAOLimLDAGOrP52xh6QE6R1B-28SNQZdkOjFHRoCRPcQAvD_BwE\">Fonds de recherche du Qu\u00e9bec \u2013 Soci\u00e9t\u00e9 et culture (FRQSC)<\/a><span>.<\/span><\/p>\n<p><span><\/span><\/p>\n<p>[\/et_pb_text][\/et_pb_column][\/et_pb_row][\/et_pb_section]<\/p>\n","protected":false},"excerpt":{"rendered":"<p>The Centre for the Study of Democratic Citizenship (CSDC) hosted its annual graduate student conference on 21-22 February, in Qu\u00e9bec. The goal of this conference is to offer graduate and postdoctoral students interested in the Centre\u2019s research areas the opportunity to present and receive feedback on their research.\u00a0 This year, there were 27 presentations by [&hellip;]<\/p>\n","protected":false},"author":1,"featured_media":0,"parent":0,"menu_order":0,"comment_status":"closed","ping_status":"closed","template":"","meta":{"_et_pb_use_builder":"on","_et_pb_old_content":"<!-- wp:divi\/placeholder \/-->","_et_gb_content_width":"","footnotes":""},"class_list":["post-2907","page","type-page","status-publish","hentry"],"yoast_head":"<!-- This site is optimized with the Yoast SEO plugin v27.4 - https:\/\/yoast.com\/product\/yoast-seo-wordpress\/ -->\n<title>CSDC Student and Postdoctoral Fellow Conference 2025 - CECD - Centre pour l&#039;\u00e9tude de la citoyennet\u00e9 d\u00e9mocratique<\/title>\n<meta name=\"robots\" content=\"index, follow, max-snippet:-1, max-image-preview:large, max-video-preview:-1\" \/>\n<link rel=\"canonical\" href=\"https:\/\/csdc-cecd.ca\/en\/colloque-etudiant-e-s-et-posttorant-e-s\/\" \/>\n<meta property=\"og:locale\" content=\"en_US\" \/>\n<meta property=\"og:type\" content=\"article\" \/>\n<meta property=\"og:title\" content=\"CSDC Student and Postdoctoral Fellow Conference 2025 - CECD - Centre pour l&#039;\u00e9tude de la citoyennet\u00e9 d\u00e9mocratique\" \/>\n<meta property=\"og:description\" content=\"The Centre for the Study of Democratic Citizenship (CSDC) hosted its annual graduate student conference on 21-22 February, in Qu\u00e9bec. The goal of this conference is to offer graduate and postdoctoral students interested in the Centre\u2019s research areas the opportunity to present and receive feedback on their research.\u00a0 This year, there were 27 presentations by [&hellip;]\" \/>\n<meta property=\"og:url\" content=\"https:\/\/csdc-cecd.ca\/en\/colloque-etudiant-e-s-et-posttorant-e-s\/\" \/>\n<meta property=\"og:site_name\" content=\"CECD - Centre pour l&#039;\u00e9tude de la citoyennet\u00e9 d\u00e9mocratique\" \/>\n<meta property=\"article:modified_time\" content=\"2025-07-09T16:18:17+00:00\" \/>\n<meta name=\"twitter:card\" content=\"summary_large_image\" \/>\n<meta name=\"twitter:label1\" content=\"Est. reading time\" \/>\n\t<meta name=\"twitter:data1\" content=\"1 minute\" \/>\n<script type=\"application\/ld+json\" class=\"yoast-schema-graph\">{\"@context\":\"https:\\\/\\\/schema.org\",\"@graph\":[{\"@type\":\"WebPage\",\"@id\":\"https:\\\/\\\/csdc-cecd.ca\\\/en\\\/colloque-etudiant-e-s-et-posttorant-e-s\\\/\",\"url\":\"https:\\\/\\\/csdc-cecd.ca\\\/en\\\/colloque-etudiant-e-s-et-posttorant-e-s\\\/\",\"name\":\"CSDC Student and Postdoctoral Fellow Conference 2025 - CECD - Centre pour l&#039;\u00e9tude de la citoyennet\u00e9 d\u00e9mocratique\",\"isPartOf\":{\"@id\":\"https:\\\/\\\/csdc-cecd.ca\\\/#website\"},\"datePublished\":\"2024-10-04T15:59:52+00:00\",\"dateModified\":\"2025-07-09T16:18:17+00:00\",\"breadcrumb\":{\"@id\":\"https:\\\/\\\/csdc-cecd.ca\\\/en\\\/colloque-etudiant-e-s-et-posttorant-e-s\\\/#breadcrumb\"},\"inLanguage\":\"en-US\",\"potentialAction\":[{\"@type\":\"ReadAction\",\"target\":[\"https:\\\/\\\/csdc-cecd.ca\\\/en\\\/colloque-etudiant-e-s-et-posttorant-e-s\\\/\"]}]},{\"@type\":\"BreadcrumbList\",\"@id\":\"https:\\\/\\\/csdc-cecd.ca\\\/en\\\/colloque-etudiant-e-s-et-posttorant-e-s\\\/#breadcrumb\",\"itemListElement\":[{\"@type\":\"ListItem\",\"position\":1,\"name\":\"Accueil\",\"item\":\"https:\\\/\\\/csdc-cecd.ca\\\/en\\\/\"},{\"@type\":\"ListItem\",\"position\":2,\"name\":\"CSDC Student and Postdoctoral Fellow Conference 2025\"}]},{\"@type\":\"WebSite\",\"@id\":\"https:\\\/\\\/csdc-cecd.ca\\\/#website\",\"url\":\"https:\\\/\\\/csdc-cecd.ca\\\/\",\"name\":\"CECD - Centre pour l&#039;\u00e9tude de la citoyennet\u00e9 d\u00e9mocratique\",\"description\":\"\",\"potentialAction\":[{\"@type\":\"SearchAction\",\"target\":{\"@type\":\"EntryPoint\",\"urlTemplate\":\"https:\\\/\\\/csdc-cecd.ca\\\/?s={search_term_string}\"},\"query-input\":{\"@type\":\"PropertyValueSpecification\",\"valueRequired\":true,\"valueName\":\"search_term_string\"}}],\"inLanguage\":\"en-US\"}]}<\/script>\n<!-- \/ Yoast SEO plugin. -->","yoast_head_json":{"title":"CSDC Student and Postdoctoral Fellow Conference 2025 - CECD - Centre pour l&#039;\u00e9tude de la citoyennet\u00e9 d\u00e9mocratique","robots":{"index":"index","follow":"follow","max-snippet":"max-snippet:-1","max-image-preview":"max-image-preview:large","max-video-preview":"max-video-preview:-1"},"canonical":"https:\/\/csdc-cecd.ca\/en\/colloque-etudiant-e-s-et-posttorant-e-s\/","og_locale":"en_US","og_type":"article","og_title":"CSDC Student and Postdoctoral Fellow Conference 2025 - CECD - Centre pour l&#039;\u00e9tude de la citoyennet\u00e9 d\u00e9mocratique","og_description":"The Centre for the Study of Democratic Citizenship (CSDC) hosted its annual graduate student conference on 21-22 February, in Qu\u00e9bec. The goal of this conference is to offer graduate and postdoctoral students interested in the Centre\u2019s research areas the opportunity to present and receive feedback on their research.\u00a0 This year, there were 27 presentations by [&hellip;]","og_url":"https:\/\/csdc-cecd.ca\/en\/colloque-etudiant-e-s-et-posttorant-e-s\/","og_site_name":"CECD - Centre pour l&#039;\u00e9tude de la citoyennet\u00e9 d\u00e9mocratique","article_modified_time":"2025-07-09T16:18:17+00:00","twitter_card":"summary_large_image","twitter_misc":{"Est. reading time":"1 minute"},"schema":{"@context":"https:\/\/schema.org","@graph":[{"@type":"WebPage","@id":"https:\/\/csdc-cecd.ca\/en\/colloque-etudiant-e-s-et-posttorant-e-s\/","url":"https:\/\/csdc-cecd.ca\/en\/colloque-etudiant-e-s-et-posttorant-e-s\/","name":"CSDC Student and Postdoctoral Fellow Conference 2025 - CECD - Centre pour l&#039;\u00e9tude de la citoyennet\u00e9 d\u00e9mocratique","isPartOf":{"@id":"https:\/\/csdc-cecd.ca\/#website"},"datePublished":"2024-10-04T15:59:52+00:00","dateModified":"2025-07-09T16:18:17+00:00","breadcrumb":{"@id":"https:\/\/csdc-cecd.ca\/en\/colloque-etudiant-e-s-et-posttorant-e-s\/#breadcrumb"},"inLanguage":"en-US","potentialAction":[{"@type":"ReadAction","target":["https:\/\/csdc-cecd.ca\/en\/colloque-etudiant-e-s-et-posttorant-e-s\/"]}]},{"@type":"BreadcrumbList","@id":"https:\/\/csdc-cecd.ca\/en\/colloque-etudiant-e-s-et-posttorant-e-s\/#breadcrumb","itemListElement":[{"@type":"ListItem","position":1,"name":"Accueil","item":"https:\/\/csdc-cecd.ca\/en\/"},{"@type":"ListItem","position":2,"name":"CSDC Student and Postdoctoral Fellow Conference 2025"}]},{"@type":"WebSite","@id":"https:\/\/csdc-cecd.ca\/#website","url":"https:\/\/csdc-cecd.ca\/","name":"CECD - Centre pour l&#039;\u00e9tude de la citoyennet\u00e9 d\u00e9mocratique","description":"","potentialAction":[{"@type":"SearchAction","target":{"@type":"EntryPoint","urlTemplate":"https:\/\/csdc-cecd.ca\/?s={search_term_string}"},"query-input":{"@type":"PropertyValueSpecification","valueRequired":true,"valueName":"search_term_string"}}],"inLanguage":"en-US"}]}},"_links":{"self":[{"href":"https:\/\/csdc-cecd.ca\/en\/wp-json\/wp\/v2\/pages\/2907","targetHints":{"allow":["GET"]}}],"collection":[{"href":"https:\/\/csdc-cecd.ca\/en\/wp-json\/wp\/v2\/pages"}],"about":[{"href":"https:\/\/csdc-cecd.ca\/en\/wp-json\/wp\/v2\/types\/page"}],"author":[{"embeddable":true,"href":"https:\/\/csdc-cecd.ca\/en\/wp-json\/wp\/v2\/users\/1"}],"replies":[{"embeddable":true,"href":"https:\/\/csdc-cecd.ca\/en\/wp-json\/wp\/v2\/comments?post=2907"}],"version-history":[{"count":8,"href":"https:\/\/csdc-cecd.ca\/en\/wp-json\/wp\/v2\/pages\/2907\/revisions"}],"predecessor-version":[{"id":5403,"href":"https:\/\/csdc-cecd.ca\/en\/wp-json\/wp\/v2\/pages\/2907\/revisions\/5403"}],"wp:attachment":[{"href":"https:\/\/csdc-cecd.ca\/en\/wp-json\/wp\/v2\/media?parent=2907"}],"curies":[{"name":"wp","href":"https:\/\/api.w.org\/{rel}","templated":true}]}}