{"id":3149,"date":"2024-10-31T12:45:24","date_gmt":"2024-10-31T16:45:24","guid":{"rendered":"https:\/\/csdc-cecd.ca\/ecole-de-hiver-methodologie\/"},"modified":"2025-01-08T10:37:56","modified_gmt":"2025-01-08T15:37:56","slug":"ecole-de-hiver-methodologie","status":"publish","type":"page","link":"https:\/\/csdc-cecd.ca\/en\/ecole-de-hiver-methodologie\/","title":{"rendered":"Methodology Winter School"},"content":{"rendered":"<p>[et_pb_section fb_built=&#8221;1&#8243; _builder_version=&#8221;4.27.2&#8243; _module_preset=&#8221;default&#8221; global_colors_info=&#8221;{}&#8221;][et_pb_row _builder_version=&#8221;4.27.2&#8243; _module_preset=&#8221;default&#8221; global_colors_info=&#8221;{}&#8221;][et_pb_column type=&#8221;4_4&#8243; _builder_version=&#8221;4.27.2&#8243; _module_preset=&#8221;default&#8221; global_colors_info=&#8221;{}&#8221;][et_pb_image src=&#8221;https:\/\/csdc-cecd.ca\/wp-content\/uploads\/2025\/01\/CSDC-Methodology-Winter-School-2025.png&#8221; title_text=&#8221;CSDC Methodology Winter School 2025&#8243; _builder_version=&#8221;4.27.4&#8243; _module_preset=&#8221;default&#8221; global_colors_info=&#8221;{}&#8221;][\/et_pb_image][\/et_pb_column][\/et_pb_row][\/et_pb_section][et_pb_section fb_built=&#8221;1&#8243; _builder_version=&#8221;4.27.2&#8243; _module_preset=&#8221;default&#8221; global_colors_info=&#8221;{}&#8221;][et_pb_row column_structure=&#8221;1_2,1_2&#8243; _builder_version=&#8221;4.27.2&#8243; _module_preset=&#8221;default&#8221; global_colors_info=&#8221;{}&#8221;][et_pb_column type=&#8221;1_2&#8243; _builder_version=&#8221;4.27.2&#8243; _module_preset=&#8221;default&#8221; global_colors_info=&#8221;{}&#8221;][et_pb_image src=&#8221;https:\/\/csdc-cecd.ca\/wp-content\/uploads\/2025\/01\/Horaire-Ecole-hiver-2025-8-janvier_Page_1-1.png&#8221; title_text=&#8221;Horaire Ecole hiver 2025 (8 janvier)_Page_1&#8243; _builder_version=&#8221;4.27.4&#8243; _module_preset=&#8221;default&#8221; hover_enabled=&#8221;0&#8243; global_colors_info=&#8221;{}&#8221; sticky_enabled=&#8221;0&#8243;][\/et_pb_image][\/et_pb_column][et_pb_column type=&#8221;1_2&#8243; _builder_version=&#8221;4.27.2&#8243; _module_preset=&#8221;default&#8221; global_colors_info=&#8221;{}&#8221;][et_pb_text _builder_version=&#8221;4.27.4&#8243; _module_preset=&#8221;default&#8221; global_colors_info=&#8221;{}&#8221;]<\/p>\n<div class=\"et_pb_module et_pb_text et_pb_text_0  et_pb_text_align_left et_pb_bg_layout_light\">\n<div class=\"et_pb_text_inner\">\n<p>Le Centre pour l\u2019\u00e9tude de la citoyennet\u00e9 d\u00e9mocratique\u00a0pr\u00e9sente :<\/p>\n<h4><strong>Methodology Winter School 2025<\/strong><\/h4>\n<p>When : Friday\u00a0 January 24, 2025, janvier 2025, 8:30 a.m. \u2013 4:45 p.m.<br \/>Where : Universit\u00e9 de Montr\u00e9al. salle C-2059,<span>\u00a0<\/span><span>Pavillon Lionel-Groulx,\u00a0<\/span><span>3150, rue Jean-Brillant\u00a0<\/span><span>Montr\u00e9al (Qu\u00e9bec) H3C 3J7a<\/span><\/p>\n<\/div>\n<\/div>\n<div class=\"et_pb_module et_pb_text et_pb_text_1  et_pb_text_align_left et_pb_bg_layout_light\">\n<div class=\"et_pb_text_inner\">\n<p>Registration:<span>\u00a0<\/span><a href=\"https:\/\/cecdudemscpol.qualtrics.com\/jfe\/form\/SV_emqvr4pcEcXvIay\">https:\/\/cecdudemscpol.qualtrics.com\/jfe\/form\/SV_emqvr4pcEcXvIay<\/a><span>\u00a0<\/span><span>\u00a0<\/span><\/p>\n<\/div>\n<\/div>\n<p>[\/et_pb_text][\/et_pb_column][\/et_pb_row][et_pb_row column_structure=&#8221;1_2,1_2&#8243; _builder_version=&#8221;4.27.2&#8243; _module_preset=&#8221;default&#8221; global_colors_info=&#8221;{}&#8221;][et_pb_column type=&#8221;1_2&#8243; _builder_version=&#8221;4.27.2&#8243; _module_preset=&#8221;default&#8221; global_colors_info=&#8221;{}&#8221;][et_pb_image src=&#8221;https:\/\/csdc-cecd.ca\/wp-content\/uploads\/2025\/01\/Horaire-Ecole-hiver-2025-8-janvier_Page_2-1.png&#8221; title_text=&#8221;Horaire Ecole hiver 2025 (8 janvier)_Page_2&#8243; _builder_version=&#8221;4.27.4&#8243; _module_preset=&#8221;default&#8221; hover_enabled=&#8221;0&#8243; global_colors_info=&#8221;{}&#8221; sticky_enabled=&#8221;0&#8243;][\/et_pb_image][\/et_pb_column][et_pb_column type=&#8221;1_2&#8243; _builder_version=&#8221;4.27.2&#8243; _module_preset=&#8221;default&#8221; global_colors_info=&#8221;{}&#8221;][et_pb_image src=&#8221;https:\/\/csdc-cecd.ca\/wp-content\/uploads\/2025\/01\/Horaire-Ecole-hiver-2025-8-janvier_Page_3-1.png&#8221; title_text=&#8221;Horaire Ecole hiver 2025 (8 janvier)_Page_3&#8243; _builder_version=&#8221;4.27.4&#8243; _module_preset=&#8221;default&#8221; hover_enabled=&#8221;0&#8243; global_colors_info=&#8221;{}&#8221; sticky_enabled=&#8221;0&#8243;][\/et_pb_image][\/et_pb_column][\/et_pb_row][et_pb_row _builder_version=&#8221;4.27.2&#8243; _module_preset=&#8221;default&#8221; global_colors_info=&#8221;{}&#8221;][et_pb_column type=&#8221;4_4&#8243; _builder_version=&#8221;4.27.2&#8243; _module_preset=&#8221;default&#8221; global_colors_info=&#8221;{}&#8221;][et_pb_text _builder_version=&#8221;4.27.4&#8243; _module_preset=&#8221;default&#8221; global_colors_info=&#8221;{}&#8221;]<\/p>\n<div class=\"et_pb_module et_pb_text et_pb_text_0  et_pb_text_align_left et_pb_bg_layout_light\">\n<div class=\"et_pb_text_inner\">\n<p><span>This series is sponsored by the\u00a0<\/span>Centre for the Study of Democratic Citizenship<span>, which is funded by the\u00a0<a href=\"https:\/\/frq.gouv.qc.ca\/\">Fonds de recherche du Qu\u00e9bec \u2013 Soci\u00e9t\u00e9 et culture (FRQSC)<\/a><\/span> \u00a0<\/p>\n<\/div>\n<\/div>\n<p>[\/et_pb_text][\/et_pb_column][\/et_pb_row][\/et_pb_section]<\/p>\n","protected":false},"excerpt":{"rendered":"<p>Le Centre pour l\u2019\u00e9tude de la citoyennet\u00e9 d\u00e9mocratique\u00a0pr\u00e9sente : Methodology Winter School 2025 When : Friday\u00a0 January 24, 2025, janvier 2025, 8:30 a.m. \u2013 4:45 p.m.Where : Universit\u00e9 de Montr\u00e9al. salle C-2059,\u00a0Pavillon Lionel-Groulx,\u00a03150, rue Jean-Brillant\u00a0Montr\u00e9al (Qu\u00e9bec) H3C 3J7a Registration:\u00a0https:\/\/cecdudemscpol.qualtrics.com\/jfe\/form\/SV_emqvr4pcEcXvIay\u00a0\u00a0 This series is sponsored by the\u00a0Centre for the Study of Democratic Citizenship, which is funded by [&hellip;]<\/p>\n","protected":false},"author":1,"featured_media":0,"parent":0,"menu_order":0,"comment_status":"closed","ping_status":"closed","template":"","meta":{"_et_pb_use_builder":"on","_et_pb_old_content":"","_et_gb_content_width":"","footnotes":""},"class_list":["post-3149","page","type-page","status-publish","hentry"],"yoast_head":"<!-- This site is optimized with the Yoast SEO plugin v27.4 - https:\/\/yoast.com\/product\/yoast-seo-wordpress\/ -->\n<title>Methodology Winter School - CECD - Centre pour l&#039;\u00e9tude de la citoyennet\u00e9 d\u00e9mocratique<\/title>\n<meta name=\"robots\" content=\"index, follow, max-snippet:-1, max-image-preview:large, max-video-preview:-1\" \/>\n<link rel=\"canonical\" href=\"https:\/\/csdc-cecd.ca\/ecole-de-hiver-methodologie\/\" \/>\n<meta property=\"og:locale\" content=\"en_US\" \/>\n<meta property=\"og:type\" content=\"article\" \/>\n<meta property=\"og:title\" content=\"Methodology Winter School - CECD - Centre pour l&#039;\u00e9tude de la citoyennet\u00e9 d\u00e9mocratique\" \/>\n<meta property=\"og:description\" content=\"Le Centre pour l\u2019\u00e9tude de la citoyennet\u00e9 d\u00e9mocratique\u00a0pr\u00e9sente : Methodology Winter School 2025 When : Friday\u00a0 January 24, 2025, janvier 2025, 8:30 a.m. \u2013 4:45 p.m.Where : Universit\u00e9 de Montr\u00e9al. salle C-2059,\u00a0Pavillon Lionel-Groulx,\u00a03150, rue Jean-Brillant\u00a0Montr\u00e9al (Qu\u00e9bec) H3C 3J7a Registration:\u00a0https:\/\/cecdudemscpol.qualtrics.com\/jfe\/form\/SV_emqvr4pcEcXvIay\u00a0\u00a0 This series is sponsored by the\u00a0Centre for the Study of Democratic Citizenship, which is funded by [&hellip;]\" \/>\n<meta property=\"og:url\" content=\"https:\/\/csdc-cecd.ca\/ecole-de-hiver-methodologie\/\" \/>\n<meta property=\"og:site_name\" content=\"CECD - Centre pour l&#039;\u00e9tude de la citoyennet\u00e9 d\u00e9mocratique\" \/>\n<meta property=\"article:modified_time\" content=\"2025-01-08T15:37:56+00:00\" \/>\n<meta name=\"twitter:card\" content=\"summary_large_image\" \/>\n<meta name=\"twitter:label1\" content=\"Est. reading time\" \/>\n\t<meta name=\"twitter:data1\" content=\"2 minutes\" \/>\n<script type=\"application\/ld+json\" class=\"yoast-schema-graph\">{\"@context\":\"https:\\\/\\\/schema.org\",\"@graph\":[{\"@type\":\"WebPage\",\"@id\":\"https:\\\/\\\/csdc-cecd.ca\\\/ecole-de-hiver-methodologie\\\/\",\"url\":\"https:\\\/\\\/csdc-cecd.ca\\\/ecole-de-hiver-methodologie\\\/\",\"name\":\"Methodology Winter School - CECD - Centre pour l&#039;\u00e9tude de la citoyennet\u00e9 d\u00e9mocratique\",\"isPartOf\":{\"@id\":\"https:\\\/\\\/csdc-cecd.ca\\\/#website\"},\"datePublished\":\"2024-10-31T16:45:24+00:00\",\"dateModified\":\"2025-01-08T15:37:56+00:00\",\"breadcrumb\":{\"@id\":\"https:\\\/\\\/csdc-cecd.ca\\\/ecole-de-hiver-methodologie\\\/#breadcrumb\"},\"inLanguage\":\"en-US\",\"potentialAction\":[{\"@type\":\"ReadAction\",\"target\":[\"https:\\\/\\\/csdc-cecd.ca\\\/ecole-de-hiver-methodologie\\\/\"]}]},{\"@type\":\"BreadcrumbList\",\"@id\":\"https:\\\/\\\/csdc-cecd.ca\\\/ecole-de-hiver-methodologie\\\/#breadcrumb\",\"itemListElement\":[{\"@type\":\"ListItem\",\"position\":1,\"name\":\"Accueil\",\"item\":\"https:\\\/\\\/csdc-cecd.ca\\\/en\\\/\"},{\"@type\":\"ListItem\",\"position\":2,\"name\":\"Methodology Winter School\"}]},{\"@type\":\"WebSite\",\"@id\":\"https:\\\/\\\/csdc-cecd.ca\\\/#website\",\"url\":\"https:\\\/\\\/csdc-cecd.ca\\\/\",\"name\":\"CECD - Centre pour l&#039;\u00e9tude de la citoyennet\u00e9 d\u00e9mocratique\",\"description\":\"\",\"potentialAction\":[{\"@type\":\"SearchAction\",\"target\":{\"@type\":\"EntryPoint\",\"urlTemplate\":\"https:\\\/\\\/csdc-cecd.ca\\\/?s={search_term_string}\"},\"query-input\":{\"@type\":\"PropertyValueSpecification\",\"valueRequired\":true,\"valueName\":\"search_term_string\"}}],\"inLanguage\":\"en-US\"}]}<\/script>\n<!-- \/ Yoast SEO plugin. -->","yoast_head_json":{"title":"Methodology Winter School - CECD - Centre pour l&#039;\u00e9tude de la citoyennet\u00e9 d\u00e9mocratique","robots":{"index":"index","follow":"follow","max-snippet":"max-snippet:-1","max-image-preview":"max-image-preview:large","max-video-preview":"max-video-preview:-1"},"canonical":"https:\/\/csdc-cecd.ca\/ecole-de-hiver-methodologie\/","og_locale":"en_US","og_type":"article","og_title":"Methodology Winter School - CECD - Centre pour l&#039;\u00e9tude de la citoyennet\u00e9 d\u00e9mocratique","og_description":"Le Centre pour l\u2019\u00e9tude de la citoyennet\u00e9 d\u00e9mocratique\u00a0pr\u00e9sente : Methodology Winter School 2025 When : Friday\u00a0 January 24, 2025, janvier 2025, 8:30 a.m. \u2013 4:45 p.m.Where : Universit\u00e9 de Montr\u00e9al. salle C-2059,\u00a0Pavillon Lionel-Groulx,\u00a03150, rue Jean-Brillant\u00a0Montr\u00e9al (Qu\u00e9bec) H3C 3J7a Registration:\u00a0https:\/\/cecdudemscpol.qualtrics.com\/jfe\/form\/SV_emqvr4pcEcXvIay\u00a0\u00a0 This series is sponsored by the\u00a0Centre for the Study of Democratic Citizenship, which is funded by [&hellip;]","og_url":"https:\/\/csdc-cecd.ca\/ecole-de-hiver-methodologie\/","og_site_name":"CECD - Centre pour l&#039;\u00e9tude de la citoyennet\u00e9 d\u00e9mocratique","article_modified_time":"2025-01-08T15:37:56+00:00","twitter_card":"summary_large_image","twitter_misc":{"Est. reading time":"2 minutes"},"schema":{"@context":"https:\/\/schema.org","@graph":[{"@type":"WebPage","@id":"https:\/\/csdc-cecd.ca\/ecole-de-hiver-methodologie\/","url":"https:\/\/csdc-cecd.ca\/ecole-de-hiver-methodologie\/","name":"Methodology Winter School - CECD - Centre pour l&#039;\u00e9tude de la citoyennet\u00e9 d\u00e9mocratique","isPartOf":{"@id":"https:\/\/csdc-cecd.ca\/#website"},"datePublished":"2024-10-31T16:45:24+00:00","dateModified":"2025-01-08T15:37:56+00:00","breadcrumb":{"@id":"https:\/\/csdc-cecd.ca\/ecole-de-hiver-methodologie\/#breadcrumb"},"inLanguage":"en-US","potentialAction":[{"@type":"ReadAction","target":["https:\/\/csdc-cecd.ca\/ecole-de-hiver-methodologie\/"]}]},{"@type":"BreadcrumbList","@id":"https:\/\/csdc-cecd.ca\/ecole-de-hiver-methodologie\/#breadcrumb","itemListElement":[{"@type":"ListItem","position":1,"name":"Accueil","item":"https:\/\/csdc-cecd.ca\/en\/"},{"@type":"ListItem","position":2,"name":"Methodology Winter School"}]},{"@type":"WebSite","@id":"https:\/\/csdc-cecd.ca\/#website","url":"https:\/\/csdc-cecd.ca\/","name":"CECD - Centre pour l&#039;\u00e9tude de la citoyennet\u00e9 d\u00e9mocratique","description":"","potentialAction":[{"@type":"SearchAction","target":{"@type":"EntryPoint","urlTemplate":"https:\/\/csdc-cecd.ca\/?s={search_term_string}"},"query-input":{"@type":"PropertyValueSpecification","valueRequired":true,"valueName":"search_term_string"}}],"inLanguage":"en-US"}]}},"_links":{"self":[{"href":"https:\/\/csdc-cecd.ca\/en\/wp-json\/wp\/v2\/pages\/3149","targetHints":{"allow":["GET"]}}],"collection":[{"href":"https:\/\/csdc-cecd.ca\/en\/wp-json\/wp\/v2\/pages"}],"about":[{"href":"https:\/\/csdc-cecd.ca\/en\/wp-json\/wp\/v2\/types\/page"}],"author":[{"embeddable":true,"href":"https:\/\/csdc-cecd.ca\/en\/wp-json\/wp\/v2\/users\/1"}],"replies":[{"embeddable":true,"href":"https:\/\/csdc-cecd.ca\/en\/wp-json\/wp\/v2\/comments?post=3149"}],"version-history":[{"count":10,"href":"https:\/\/csdc-cecd.ca\/en\/wp-json\/wp\/v2\/pages\/3149\/revisions"}],"predecessor-version":[{"id":3924,"href":"https:\/\/csdc-cecd.ca\/en\/wp-json\/wp\/v2\/pages\/3149\/revisions\/3924"}],"wp:attachment":[{"href":"https:\/\/csdc-cecd.ca\/en\/wp-json\/wp\/v2\/media?parent=3149"}],"curies":[{"name":"wp","href":"https:\/\/api.w.org\/{rel}","templated":true}]}}