{"id":3182,"date":"2024-11-04T09:52:02","date_gmt":"2024-11-04T14:52:02","guid":{"rendered":"https:\/\/csdc-cecd.ca\/the-future-of-electoral-democracy-conference\/"},"modified":"2024-11-05T13:01:47","modified_gmt":"2024-11-05T18:01:47","slug":"the-future-of-electoral-democracy-conference","status":"publish","type":"page","link":"https:\/\/csdc-cecd.ca\/en\/the-future-of-electoral-democracy-conference\/","title":{"rendered":"The Future of Electoral Democracy Conference"},"content":{"rendered":"<p>[et_pb_section fb_built=&#8221;1&#8243; _builder_version=&#8221;4.27.2&#8243; _module_preset=&#8221;default&#8221; global_colors_info=&#8221;{}&#8221;][et_pb_row _builder_version=&#8221;4.27.2&#8243; _module_preset=&#8221;default&#8221; global_colors_info=&#8221;{}&#8221;][et_pb_column type=&#8221;4_4&#8243; _builder_version=&#8221;4.27.2&#8243; _module_preset=&#8221;default&#8221; global_colors_info=&#8221;{}&#8221;][et_pb_image src=&#8221;https:\/\/csdc-cecd.ca\/wp-content\/uploads\/2024\/11\/The-Future-of-Electoral-Democracy-2.png&#8221; title_text=&#8221;The Future of Electoral Democracy (2)&#8221; _builder_version=&#8221;4.27.2&#8243; _module_preset=&#8221;default&#8221; hover_enabled=&#8221;0&#8243; global_colors_info=&#8221;{}&#8221; sticky_enabled=&#8221;0&#8243;][\/et_pb_image][et_pb_text _builder_version=&#8221;4.27.2&#8243; _module_preset=&#8221;default&#8221; global_colors_info=&#8221;{}&#8221;]<\/p>\n<p><span>The Canada Research Chair in Electoral Democracy with support of the Centre pour for the Study of democratic Citicenship and the FRQ \u00c9quipe sur la gouvernance d\u00e9mocratique presents :<\/span><\/p>\n<h4 class=\"has-prehead has-subhead blog-title\">The Future of Electoral Democracy Conference<\/h4>\n<p class=\"has-prehead has-subhead blog-title\"><span>When : Friday November 29\u00a0 &#8211; Saturday November 30, 2024, Full Day.<\/span><br \/><span>Where : Universit\u00e9 de Montr\u00e9al. Pavillon Lionel-Groulx, C-6070-9, 3150 Jean Brillant St, Montreal, Quebec H3T 1N8<\/span><\/p>\n<p class=\"has-prehead has-subhead blog-title\">Registration required: <a href=\"https:\/\/cecdudemscpol.qualtrics.com\/jfe\/form\/SV_6L6k5aO6fVRmSKW\">https:\/\/cecdudemscpol.qualtrics.com\/jfe\/form\/SV_6L6k5aO6fVRmSKW<\/a><\/p>\n<p class=\"has-prehead has-subhead blog-title\">Conference program: <a href=\"https:\/\/www.chairedemocratie.com\/files\/sites\/98\/2024\/11\/conference-program-1.pdf\">https:\/\/www.chairedemocratie.com\/files\/sites\/98\/2024\/11\/conference-program-1.pdf<\/a><\/p>\n<p class=\"has-prehead has-subhead blog-title\"><span><\/span><\/p>\n<p>[\/et_pb_text][\/et_pb_column][\/et_pb_row][et_pb_row column_structure=&#8221;1_3,1_3,1_3&#8243; _builder_version=&#8221;4.27.2&#8243; _module_preset=&#8221;default&#8221; global_colors_info=&#8221;{}&#8221;][et_pb_column type=&#8221;1_3&#8243; _builder_version=&#8221;4.27.2&#8243; _module_preset=&#8221;default&#8221; global_colors_info=&#8221;{}&#8221;][et_pb_image src=&#8221;https:\/\/csdc-cecd.ca\/wp-content\/uploads\/2024\/11\/conference-program-1_Page_1.png&#8221; title_text=&#8221;conference-program-1_Page_1&#8243; _builder_version=&#8221;4.27.2&#8243; _module_preset=&#8221;default&#8221; global_colors_info=&#8221;{}&#8221;][\/et_pb_image][\/et_pb_column][et_pb_column type=&#8221;1_3&#8243; _builder_version=&#8221;4.27.2&#8243; _module_preset=&#8221;default&#8221; global_colors_info=&#8221;{}&#8221;][et_pb_image src=&#8221;https:\/\/csdc-cecd.ca\/wp-content\/uploads\/2024\/11\/conference-program-1_Page_2.png&#8221; title_text=&#8221;conference-program-1_Page_2&#8243; _builder_version=&#8221;4.27.2&#8243; _module_preset=&#8221;default&#8221; global_colors_info=&#8221;{}&#8221;][\/et_pb_image][\/et_pb_column][et_pb_column type=&#8221;1_3&#8243; _builder_version=&#8221;4.27.2&#8243; _module_preset=&#8221;default&#8221; global_colors_info=&#8221;{}&#8221;][et_pb_image src=&#8221;https:\/\/csdc-cecd.ca\/wp-content\/uploads\/2024\/11\/conference-program-1_Page_3.png&#8221; title_text=&#8221;conference-program-1_Page_3&#8243; _builder_version=&#8221;4.27.2&#8243; _module_preset=&#8221;default&#8221; global_colors_info=&#8221;{}&#8221;][\/et_pb_image][\/et_pb_column][\/et_pb_row][\/et_pb_section]<\/p>\n","protected":false},"excerpt":{"rendered":"<p>The Canada Research Chair in Electoral Democracy with support of the Centre pour for the Study of democratic Citicenship and the FRQ \u00c9quipe sur la gouvernance d\u00e9mocratique presents : The Future of Electoral Democracy Conference When : Friday November 29\u00a0 &#8211; Saturday November 30, 2024, Full Day.Where : Universit\u00e9 de Montr\u00e9al. Pavillon Lionel-Groulx, C-6070-9, 3150 [&hellip;]<\/p>\n","protected":false},"author":1,"featured_media":0,"parent":0,"menu_order":0,"comment_status":"closed","ping_status":"closed","template":"","meta":{"_et_pb_use_builder":"on","_et_pb_old_content":"","_et_gb_content_width":"","footnotes":""},"class_list":["post-3182","page","type-page","status-publish","hentry"],"yoast_head":"<!-- This site is optimized with the Yoast SEO plugin v27.4 - https:\/\/yoast.com\/product\/yoast-seo-wordpress\/ -->\n<title>The Future of Electoral Democracy Conference - CECD - Centre pour l&#039;\u00e9tude de la citoyennet\u00e9 d\u00e9mocratique<\/title>\n<meta name=\"robots\" content=\"index, follow, max-snippet:-1, max-image-preview:large, max-video-preview:-1\" \/>\n<link rel=\"canonical\" href=\"https:\/\/csdc-cecd.ca\/the-future-of-electoral-democracy-conference\/\" \/>\n<meta property=\"og:locale\" content=\"en_US\" \/>\n<meta property=\"og:type\" content=\"article\" \/>\n<meta property=\"og:title\" content=\"The Future of Electoral Democracy Conference - CECD - Centre pour l&#039;\u00e9tude de la citoyennet\u00e9 d\u00e9mocratique\" \/>\n<meta property=\"og:description\" content=\"The Canada Research Chair in Electoral Democracy with support of the Centre pour for the Study of democratic Citicenship and the FRQ \u00c9quipe sur la gouvernance d\u00e9mocratique presents : The Future of Electoral Democracy Conference When : Friday November 29\u00a0 - Saturday November 30, 2024, Full Day.Where : Universit\u00e9 de Montr\u00e9al. Pavillon Lionel-Groulx, C-6070-9, 3150 [&hellip;]\" \/>\n<meta property=\"og:url\" content=\"https:\/\/csdc-cecd.ca\/the-future-of-electoral-democracy-conference\/\" \/>\n<meta property=\"og:site_name\" content=\"CECD - Centre pour l&#039;\u00e9tude de la citoyennet\u00e9 d\u00e9mocratique\" \/>\n<meta property=\"article:modified_time\" content=\"2024-11-05T18:01:47+00:00\" \/>\n<meta name=\"twitter:card\" content=\"summary_large_image\" \/>\n<meta name=\"twitter:label1\" content=\"Est. reading time\" \/>\n\t<meta name=\"twitter:data1\" content=\"2 minutes\" \/>\n<script type=\"application\/ld+json\" class=\"yoast-schema-graph\">{\"@context\":\"https:\\\/\\\/schema.org\",\"@graph\":[{\"@type\":\"WebPage\",\"@id\":\"https:\\\/\\\/csdc-cecd.ca\\\/the-future-of-electoral-democracy-conference\\\/\",\"url\":\"https:\\\/\\\/csdc-cecd.ca\\\/the-future-of-electoral-democracy-conference\\\/\",\"name\":\"The Future of Electoral Democracy Conference - CECD - Centre pour l&#039;\u00e9tude de la citoyennet\u00e9 d\u00e9mocratique\",\"isPartOf\":{\"@id\":\"https:\\\/\\\/csdc-cecd.ca\\\/#website\"},\"datePublished\":\"2024-11-04T14:52:02+00:00\",\"dateModified\":\"2024-11-05T18:01:47+00:00\",\"breadcrumb\":{\"@id\":\"https:\\\/\\\/csdc-cecd.ca\\\/the-future-of-electoral-democracy-conference\\\/#breadcrumb\"},\"inLanguage\":\"en-US\",\"potentialAction\":[{\"@type\":\"ReadAction\",\"target\":[\"https:\\\/\\\/csdc-cecd.ca\\\/the-future-of-electoral-democracy-conference\\\/\"]}]},{\"@type\":\"BreadcrumbList\",\"@id\":\"https:\\\/\\\/csdc-cecd.ca\\\/the-future-of-electoral-democracy-conference\\\/#breadcrumb\",\"itemListElement\":[{\"@type\":\"ListItem\",\"position\":1,\"name\":\"Accueil\",\"item\":\"https:\\\/\\\/csdc-cecd.ca\\\/en\\\/\"},{\"@type\":\"ListItem\",\"position\":2,\"name\":\"The Future of Electoral Democracy Conference\"}]},{\"@type\":\"WebSite\",\"@id\":\"https:\\\/\\\/csdc-cecd.ca\\\/#website\",\"url\":\"https:\\\/\\\/csdc-cecd.ca\\\/\",\"name\":\"CECD - Centre pour l&#039;\u00e9tude de la citoyennet\u00e9 d\u00e9mocratique\",\"description\":\"\",\"potentialAction\":[{\"@type\":\"SearchAction\",\"target\":{\"@type\":\"EntryPoint\",\"urlTemplate\":\"https:\\\/\\\/csdc-cecd.ca\\\/?s={search_term_string}\"},\"query-input\":{\"@type\":\"PropertyValueSpecification\",\"valueRequired\":true,\"valueName\":\"search_term_string\"}}],\"inLanguage\":\"en-US\"}]}<\/script>\n<!-- \/ Yoast SEO plugin. -->","yoast_head_json":{"title":"The Future of Electoral Democracy Conference - CECD - Centre pour l&#039;\u00e9tude de la citoyennet\u00e9 d\u00e9mocratique","robots":{"index":"index","follow":"follow","max-snippet":"max-snippet:-1","max-image-preview":"max-image-preview:large","max-video-preview":"max-video-preview:-1"},"canonical":"https:\/\/csdc-cecd.ca\/the-future-of-electoral-democracy-conference\/","og_locale":"en_US","og_type":"article","og_title":"The Future of Electoral Democracy Conference - CECD - Centre pour l&#039;\u00e9tude de la citoyennet\u00e9 d\u00e9mocratique","og_description":"The Canada Research Chair in Electoral Democracy with support of the Centre pour for the Study of democratic Citicenship and the FRQ \u00c9quipe sur la gouvernance d\u00e9mocratique presents : The Future of Electoral Democracy Conference When : Friday November 29\u00a0 - Saturday November 30, 2024, Full Day.Where : Universit\u00e9 de Montr\u00e9al. Pavillon Lionel-Groulx, C-6070-9, 3150 [&hellip;]","og_url":"https:\/\/csdc-cecd.ca\/the-future-of-electoral-democracy-conference\/","og_site_name":"CECD - Centre pour l&#039;\u00e9tude de la citoyennet\u00e9 d\u00e9mocratique","article_modified_time":"2024-11-05T18:01:47+00:00","twitter_card":"summary_large_image","twitter_misc":{"Est. reading time":"2 minutes"},"schema":{"@context":"https:\/\/schema.org","@graph":[{"@type":"WebPage","@id":"https:\/\/csdc-cecd.ca\/the-future-of-electoral-democracy-conference\/","url":"https:\/\/csdc-cecd.ca\/the-future-of-electoral-democracy-conference\/","name":"The Future of Electoral Democracy Conference - CECD - Centre pour l&#039;\u00e9tude de la citoyennet\u00e9 d\u00e9mocratique","isPartOf":{"@id":"https:\/\/csdc-cecd.ca\/#website"},"datePublished":"2024-11-04T14:52:02+00:00","dateModified":"2024-11-05T18:01:47+00:00","breadcrumb":{"@id":"https:\/\/csdc-cecd.ca\/the-future-of-electoral-democracy-conference\/#breadcrumb"},"inLanguage":"en-US","potentialAction":[{"@type":"ReadAction","target":["https:\/\/csdc-cecd.ca\/the-future-of-electoral-democracy-conference\/"]}]},{"@type":"BreadcrumbList","@id":"https:\/\/csdc-cecd.ca\/the-future-of-electoral-democracy-conference\/#breadcrumb","itemListElement":[{"@type":"ListItem","position":1,"name":"Accueil","item":"https:\/\/csdc-cecd.ca\/en\/"},{"@type":"ListItem","position":2,"name":"The Future of Electoral Democracy Conference"}]},{"@type":"WebSite","@id":"https:\/\/csdc-cecd.ca\/#website","url":"https:\/\/csdc-cecd.ca\/","name":"CECD - Centre pour l&#039;\u00e9tude de la citoyennet\u00e9 d\u00e9mocratique","description":"","potentialAction":[{"@type":"SearchAction","target":{"@type":"EntryPoint","urlTemplate":"https:\/\/csdc-cecd.ca\/?s={search_term_string}"},"query-input":{"@type":"PropertyValueSpecification","valueRequired":true,"valueName":"search_term_string"}}],"inLanguage":"en-US"}]}},"_links":{"self":[{"href":"https:\/\/csdc-cecd.ca\/en\/wp-json\/wp\/v2\/pages\/3182","targetHints":{"allow":["GET"]}}],"collection":[{"href":"https:\/\/csdc-cecd.ca\/en\/wp-json\/wp\/v2\/pages"}],"about":[{"href":"https:\/\/csdc-cecd.ca\/en\/wp-json\/wp\/v2\/types\/page"}],"author":[{"embeddable":true,"href":"https:\/\/csdc-cecd.ca\/en\/wp-json\/wp\/v2\/users\/1"}],"replies":[{"embeddable":true,"href":"https:\/\/csdc-cecd.ca\/en\/wp-json\/wp\/v2\/comments?post=3182"}],"version-history":[{"count":6,"href":"https:\/\/csdc-cecd.ca\/en\/wp-json\/wp\/v2\/pages\/3182\/revisions"}],"predecessor-version":[{"id":3255,"href":"https:\/\/csdc-cecd.ca\/en\/wp-json\/wp\/v2\/pages\/3182\/revisions\/3255"}],"wp:attachment":[{"href":"https:\/\/csdc-cecd.ca\/en\/wp-json\/wp\/v2\/media?parent=3182"}],"curies":[{"name":"wp","href":"https:\/\/api.w.org\/{rel}","templated":true}]}}