{"id":3355,"date":"2024-11-11T10:15:48","date_gmt":"2024-11-11T15:15:48","guid":{"rendered":"https:\/\/csdc-cecd.ca\/2024-04\/"},"modified":"2025-04-09T11:23:08","modified_gmt":"2025-04-09T15:23:08","slug":"2024-april","status":"publish","type":"page","link":"https:\/\/csdc-cecd.ca\/en\/2024-april\/","title":{"rendered":"2024-April"},"content":{"rendered":"<p>[et_pb_section fb_built=&#8221;1&#8243; _builder_version=&#8221;4.27.3&#8243; _module_preset=&#8221;default&#8221; global_colors_info=&#8221;{}&#8221;][et_pb_row _builder_version=&#8221;4.27.3&#8243; _module_preset=&#8221;default&#8221; global_colors_info=&#8221;{}&#8221;][et_pb_column type=&#8221;4_4&#8243; _builder_version=&#8221;4.27.3&#8243; _module_preset=&#8221;default&#8221; global_colors_info=&#8221;{}&#8221;][et_pb_heading title=&#8221;Apr. 2024&#8243; _builder_version=&#8221;4.27.3&#8243; _module_preset=&#8221;default&#8221; global_colors_info=&#8221;{}&#8221;][\/et_pb_heading][\/et_pb_column][\/et_pb_row][et_pb_row _builder_version=&#8221;4.27.3&#8243; _module_preset=&#8221;default&#8221; global_colors_info=&#8221;{}&#8221;][et_pb_column type=&#8221;4_4&#8243; _builder_version=&#8221;4.27.3&#8243; _module_preset=&#8221;default&#8221; global_colors_info=&#8221;{}&#8221;][et_pb_toggle title=&#8221;Articles scientifique&#8221; _builder_version=&#8221;4.27.4&#8243; _module_preset=&#8221;default&#8221; hover_enabled=&#8221;0&#8243; global_colors_info=&#8221;{}&#8221; sticky_enabled=&#8221;0&#8243;]<\/p>\n<p>Amodio, F., <strong>L. Baccini<\/strong>, G. Chiovelli, M. Di Maio<br \/><a href=\"https:\/\/academic.oup.com\/economicpolicy\/article\/39\/118\/275\/7632089\">Trade liberalization, economic activity and political violence in the Global South: evidence from PTAs<\/a><br \/>Economic Policy, 2024<\/p>\n<p>Coulombe, M.,<strong> A. Blais, R. Dassonneville<br \/><\/strong><a href=\"https:\/\/www.tandfonline.com\/doi\/full\/10.1080\/17457289.2024.2337928\">Do people vote to avoid disapproval?<\/a><br \/>Journal of Elections, Public Opinion and Parties, 2024<\/p>\n<p><strong>Ouellet, C<\/strong>., \u00c9. Brie, E. Montigny<br \/><a href=\"chrome-extension:\/\/efaidnbmnnnibpcajpcglclefindmkaj\/https:\/\/www.cambridge.org\/core\/services\/aop-cambridge-core\/content\/view\/CD9E3DBFDB6DF430CECEE305CE942DBB\/S0008423924000234a.pdf\/replicating-language-matters-taking-baselines-into-account.pdf\">Replicating \u201cLanguage Matters\u201d: Taking Baselines into Account<\/a><br \/>Canadian Journal of Political Science., 2024<\/p>\n<p>Tremblay-Antoine, C., S. Jacob, <strong>Y. Dufresne<\/strong>, P. Poncet, <strong>S. Dinan<\/strong><br \/><a href=\"An%20open window into politics: A structured database of plenary sessions of the European Parliament\">An open window into politics: A structured database of plenary sessions of the European Parliament<\/a><br \/>European Union Politics, 2024<\/p>\n<p>[\/et_pb_toggle][\/et_pb_column][\/et_pb_row][et_pb_row _builder_version=&#8221;4.27.3&#8243; _module_preset=&#8221;default&#8221; global_colors_info=&#8221;{}&#8221;][et_pb_column type=&#8221;4_4&#8243; _builder_version=&#8221;4.27.3&#8243; _module_preset=&#8221;default&#8221; global_colors_info=&#8221;{}&#8221;][et_pb_toggle title=&#8221;Media&#8221; _builder_version=&#8221;4.27.3&#8243; _module_preset=&#8221;default&#8221; global_colors_info=&#8221;{}&#8221;]<\/p>\n<p>Marc-Andr\u00e9 Bodet \u2013 Le Figaro<span>\u00a0<\/span><span>\u2013\u00a0<\/span><span>2024|04|13<\/span><br \/><a href=\"https:\/\/www.lefigaro.fr\/international\/entre-admiration-et-mepris-comment-les-quebecois-jugent-ils-les-francais-20240413\">Entre admiration et m\u00e9pris : comment les Qu\u00e9b\u00e9cois jugent-ils les Fran\u00e7ais ?<\/a><\/p>\n<p>Shannon Dinan \u2013 Policy Options<span>\u00a0<\/span><span>\u2013\u00a0<\/span><span>2024|04|12<\/span><br \/><a href=\"https:\/\/policyoptions.irpp.org\/magazines\/april-2024\/federal-budget-health-care\/\">The federal budget should be used to transform health care<\/a><\/p>\n<p>Olivier Jacques \u2013 La Presse<span>\u00a0<\/span><span>\u2013\u00a0<\/span><span>2024|04|12<\/span><br \/><a href=\"https:\/\/www.lapresse.ca\/dialogue\/opinions\/2024-04-12\/en-mode-solution\/repenser-l-imposition-du-gain-en-capital.php\">Repenser l\u2019imposition du gain en capital<\/a><\/p>\n<p>Fenwick McKelvey \u2013 The Conversation<span>\u00a0<\/span><span>\u2013\u00a0<\/span><span>2024|04|11<\/span><br \/><a href=\"https:\/\/theconversation.com\/the-federal-governments-proposed-ai-legislation-misses-the-mark-on-protecting-canadians-227186\">The federal government\u2019s proposed AI legislation misses the mark on protecting Canadians<\/a><\/p>\n<p>Emmanuel Choquette \u2013 La Tribune<span>\u00a0<\/span><span>\u2013\u00a0<\/span><span>2024|04|11<\/span><br \/><a href=\"https:\/\/www.latribune.ca\/actualites\/actualites-locales\/sherbrooke\/2024\/04\/11\/des-tensions-difficiles-a-surmonter-a-lhotel-de-ville-de-sherbrooke-selon-des-experts-XBZBTDJN65FAFJIOTWT3M2LWHA\/\">Des tensions difficiles \u00e0 surmonter \u00e0 l\u2019h\u00f4tel de ville de Sherbrooke, selon des experts<\/a><\/p>\n<p>Nicolas Ajzenman \u2013 McGill Reporter<span>\u00a0<\/span><span>\u2013\u00a0<\/span><span>2024|04|11<\/span><br \/><a href=\"https:\/\/reporter.mcgill.ca\/prize-winning-scholars-advocate-for-immigrant-women-killer-whales-and-a-balanced-society\/\">Prize-winning scholars advocate for immigrant women, killer whales, and a balanced society<\/a><\/p>\n<p>[\/et_pb_toggle][\/et_pb_column][\/et_pb_row][et_pb_row _builder_version=&#8221;4.27.3&#8243; _module_preset=&#8221;default&#8221; global_colors_info=&#8221;{}&#8221;][et_pb_column type=&#8221;4_4&#8243; _builder_version=&#8221;4.27.3&#8243; _module_preset=&#8221;default&#8221; global_colors_info=&#8221;{}&#8221;][et_pb_button button_url=&#8221;@ET-DC@eyJkeW5hbWljIjp0cnVlLCJjb250ZW50IjoicG9zdF9saW5rX3VybF9wYWdlIiwic2V0dGluZ3MiOnsicG9zdF9pZCI6IjMzMjIifX0=@&#8221; button_text=&#8221;Back&#8221; button_alignment=&#8221;center&#8221; _builder_version=&#8221;4.27.3&#8243; _dynamic_attributes=&#8221;button_url&#8221; _module_preset=&#8221;default&#8221; global_colors_info=&#8221;{}&#8221;][\/et_pb_button][\/et_pb_column][\/et_pb_row][\/et_pb_section]<\/p>\n","protected":false},"excerpt":{"rendered":"<p>Amodio, F., L. Baccini, G. Chiovelli, M. Di MaioTrade liberalization, economic activity and political violence in the Global South: evidence from PTAsEconomic Policy, 2024 Coulombe, M., A. Blais, R. DassonnevilleDo people vote to avoid disapproval?Journal of Elections, Public Opinion and Parties, 2024 Ouellet, C., \u00c9. Brie, E. MontignyReplicating \u201cLanguage Matters\u201d: Taking Baselines into AccountCanadian Journal [&hellip;]<\/p>\n","protected":false},"author":1,"featured_media":0,"parent":0,"menu_order":0,"comment_status":"closed","ping_status":"closed","template":"","meta":{"_et_pb_use_builder":"on","_et_pb_old_content":"","_et_gb_content_width":"","footnotes":""},"class_list":["post-3355","page","type-page","status-publish","hentry"],"yoast_head":"<!-- This site is optimized with the Yoast SEO plugin v27.4 - https:\/\/yoast.com\/product\/yoast-seo-wordpress\/ -->\n<title>2024-April - CECD - Centre pour l&#039;\u00e9tude de la citoyennet\u00e9 d\u00e9mocratique<\/title>\n<meta name=\"robots\" content=\"index, follow, max-snippet:-1, max-image-preview:large, max-video-preview:-1\" \/>\n<link rel=\"canonical\" href=\"https:\/\/csdc-cecd.ca\/2024-avril\/\" \/>\n<meta property=\"og:locale\" content=\"en_US\" \/>\n<meta property=\"og:type\" content=\"article\" \/>\n<meta property=\"og:title\" content=\"2024-April - CECD - Centre pour l&#039;\u00e9tude de la citoyennet\u00e9 d\u00e9mocratique\" \/>\n<meta property=\"og:description\" content=\"Amodio, F., L. Baccini, G. Chiovelli, M. Di MaioTrade liberalization, economic activity and political violence in the Global South: evidence from PTAsEconomic Policy, 2024 Coulombe, M., A. Blais, R. DassonnevilleDo people vote to avoid disapproval?Journal of Elections, Public Opinion and Parties, 2024 Ouellet, C., \u00c9. Brie, E. MontignyReplicating \u201cLanguage Matters\u201d: Taking Baselines into AccountCanadian Journal [&hellip;]\" \/>\n<meta property=\"og:url\" content=\"https:\/\/csdc-cecd.ca\/2024-avril\/\" \/>\n<meta property=\"og:site_name\" content=\"CECD - Centre pour l&#039;\u00e9tude de la citoyennet\u00e9 d\u00e9mocratique\" \/>\n<meta property=\"article:modified_time\" content=\"2025-04-09T15:23:08+00:00\" \/>\n<meta name=\"twitter:card\" content=\"summary_large_image\" \/>\n<meta name=\"twitter:label1\" content=\"Est. reading time\" \/>\n\t<meta name=\"twitter:data1\" content=\"1 minute\" \/>\n<script type=\"application\/ld+json\" class=\"yoast-schema-graph\">{\"@context\":\"https:\\\/\\\/schema.org\",\"@graph\":[{\"@type\":\"WebPage\",\"@id\":\"https:\\\/\\\/csdc-cecd.ca\\\/2024-avril\\\/\",\"url\":\"https:\\\/\\\/csdc-cecd.ca\\\/2024-avril\\\/\",\"name\":\"2024-April - CECD - Centre pour l&#039;\u00e9tude de la citoyennet\u00e9 d\u00e9mocratique\",\"isPartOf\":{\"@id\":\"https:\\\/\\\/csdc-cecd.ca\\\/#website\"},\"datePublished\":\"2024-11-11T15:15:48+00:00\",\"dateModified\":\"2025-04-09T15:23:08+00:00\",\"breadcrumb\":{\"@id\":\"https:\\\/\\\/csdc-cecd.ca\\\/2024-avril\\\/#breadcrumb\"},\"inLanguage\":\"en-US\",\"potentialAction\":[{\"@type\":\"ReadAction\",\"target\":[\"https:\\\/\\\/csdc-cecd.ca\\\/2024-avril\\\/\"]}]},{\"@type\":\"BreadcrumbList\",\"@id\":\"https:\\\/\\\/csdc-cecd.ca\\\/2024-avril\\\/#breadcrumb\",\"itemListElement\":[{\"@type\":\"ListItem\",\"position\":1,\"name\":\"Accueil\",\"item\":\"https:\\\/\\\/csdc-cecd.ca\\\/en\\\/\"},{\"@type\":\"ListItem\",\"position\":2,\"name\":\"2024-April\"}]},{\"@type\":\"WebSite\",\"@id\":\"https:\\\/\\\/csdc-cecd.ca\\\/#website\",\"url\":\"https:\\\/\\\/csdc-cecd.ca\\\/\",\"name\":\"CECD - Centre pour l&#039;\u00e9tude de la citoyennet\u00e9 d\u00e9mocratique\",\"description\":\"\",\"potentialAction\":[{\"@type\":\"SearchAction\",\"target\":{\"@type\":\"EntryPoint\",\"urlTemplate\":\"https:\\\/\\\/csdc-cecd.ca\\\/?s={search_term_string}\"},\"query-input\":{\"@type\":\"PropertyValueSpecification\",\"valueRequired\":true,\"valueName\":\"search_term_string\"}}],\"inLanguage\":\"en-US\"}]}<\/script>\n<!-- \/ Yoast SEO plugin. -->","yoast_head_json":{"title":"2024-April - CECD - Centre pour l&#039;\u00e9tude de la citoyennet\u00e9 d\u00e9mocratique","robots":{"index":"index","follow":"follow","max-snippet":"max-snippet:-1","max-image-preview":"max-image-preview:large","max-video-preview":"max-video-preview:-1"},"canonical":"https:\/\/csdc-cecd.ca\/2024-avril\/","og_locale":"en_US","og_type":"article","og_title":"2024-April - CECD - Centre pour l&#039;\u00e9tude de la citoyennet\u00e9 d\u00e9mocratique","og_description":"Amodio, F., L. Baccini, G. Chiovelli, M. Di MaioTrade liberalization, economic activity and political violence in the Global South: evidence from PTAsEconomic Policy, 2024 Coulombe, M., A. Blais, R. DassonnevilleDo people vote to avoid disapproval?Journal of Elections, Public Opinion and Parties, 2024 Ouellet, C., \u00c9. Brie, E. MontignyReplicating \u201cLanguage Matters\u201d: Taking Baselines into AccountCanadian Journal [&hellip;]","og_url":"https:\/\/csdc-cecd.ca\/2024-avril\/","og_site_name":"CECD - Centre pour l&#039;\u00e9tude de la citoyennet\u00e9 d\u00e9mocratique","article_modified_time":"2025-04-09T15:23:08+00:00","twitter_card":"summary_large_image","twitter_misc":{"Est. reading time":"1 minute"},"schema":{"@context":"https:\/\/schema.org","@graph":[{"@type":"WebPage","@id":"https:\/\/csdc-cecd.ca\/2024-avril\/","url":"https:\/\/csdc-cecd.ca\/2024-avril\/","name":"2024-April - CECD - Centre pour l&#039;\u00e9tude de la citoyennet\u00e9 d\u00e9mocratique","isPartOf":{"@id":"https:\/\/csdc-cecd.ca\/#website"},"datePublished":"2024-11-11T15:15:48+00:00","dateModified":"2025-04-09T15:23:08+00:00","breadcrumb":{"@id":"https:\/\/csdc-cecd.ca\/2024-avril\/#breadcrumb"},"inLanguage":"en-US","potentialAction":[{"@type":"ReadAction","target":["https:\/\/csdc-cecd.ca\/2024-avril\/"]}]},{"@type":"BreadcrumbList","@id":"https:\/\/csdc-cecd.ca\/2024-avril\/#breadcrumb","itemListElement":[{"@type":"ListItem","position":1,"name":"Accueil","item":"https:\/\/csdc-cecd.ca\/en\/"},{"@type":"ListItem","position":2,"name":"2024-April"}]},{"@type":"WebSite","@id":"https:\/\/csdc-cecd.ca\/#website","url":"https:\/\/csdc-cecd.ca\/","name":"CECD - Centre pour l&#039;\u00e9tude de la citoyennet\u00e9 d\u00e9mocratique","description":"","potentialAction":[{"@type":"SearchAction","target":{"@type":"EntryPoint","urlTemplate":"https:\/\/csdc-cecd.ca\/?s={search_term_string}"},"query-input":{"@type":"PropertyValueSpecification","valueRequired":true,"valueName":"search_term_string"}}],"inLanguage":"en-US"}]}},"_links":{"self":[{"href":"https:\/\/csdc-cecd.ca\/en\/wp-json\/wp\/v2\/pages\/3355","targetHints":{"allow":["GET"]}}],"collection":[{"href":"https:\/\/csdc-cecd.ca\/en\/wp-json\/wp\/v2\/pages"}],"about":[{"href":"https:\/\/csdc-cecd.ca\/en\/wp-json\/wp\/v2\/types\/page"}],"author":[{"embeddable":true,"href":"https:\/\/csdc-cecd.ca\/en\/wp-json\/wp\/v2\/users\/1"}],"replies":[{"embeddable":true,"href":"https:\/\/csdc-cecd.ca\/en\/wp-json\/wp\/v2\/comments?post=3355"}],"version-history":[{"count":10,"href":"https:\/\/csdc-cecd.ca\/en\/wp-json\/wp\/v2\/pages\/3355\/revisions"}],"predecessor-version":[{"id":4773,"href":"https:\/\/csdc-cecd.ca\/en\/wp-json\/wp\/v2\/pages\/3355\/revisions\/4773"}],"wp:attachment":[{"href":"https:\/\/csdc-cecd.ca\/en\/wp-json\/wp\/v2\/media?parent=3355"}],"curies":[{"name":"wp","href":"https:\/\/api.w.org\/{rel}","templated":true}]}}