{"id":3361,"date":"2024-11-11T10:16:07","date_gmt":"2024-11-11T15:16:07","guid":{"rendered":"https:\/\/csdc-cecd.ca\/2024-10\/"},"modified":"2025-04-07T13:54:18","modified_gmt":"2025-04-07T17:54:18","slug":"2024-october","status":"publish","type":"page","link":"https:\/\/csdc-cecd.ca\/en\/2024-october\/","title":{"rendered":"2024-October"},"content":{"rendered":"<p>[et_pb_section fb_built=&#8221;1&#8243; _builder_version=&#8221;4.27.3&#8243; _module_preset=&#8221;default&#8221; global_colors_info=&#8221;{}&#8221;][et_pb_row _builder_version=&#8221;4.27.3&#8243; _module_preset=&#8221;default&#8221; global_colors_info=&#8221;{}&#8221;][et_pb_column type=&#8221;4_4&#8243; _builder_version=&#8221;4.27.3&#8243; _module_preset=&#8221;default&#8221; global_colors_info=&#8221;{}&#8221;][et_pb_heading title=&#8221;Oct. 2024&#8243; _builder_version=&#8221;4.27.3&#8243; _module_preset=&#8221;default&#8221; global_colors_info=&#8221;{}&#8221;][\/et_pb_heading][\/et_pb_column][\/et_pb_row][et_pb_row _builder_version=&#8221;4.27.3&#8243; _module_preset=&#8221;default&#8221; global_colors_info=&#8221;{}&#8221;][et_pb_column type=&#8221;4_4&#8243; _builder_version=&#8221;4.27.3&#8243; _module_preset=&#8221;default&#8221; global_colors_info=&#8221;{}&#8221;][et_pb_toggle title=&#8221;Scientific Articles&#8221; _builder_version=&#8221;4.27.4&#8243; _module_preset=&#8221;default&#8221; hover_enabled=&#8221;0&#8243; global_colors_info=&#8221;{}&#8221; sticky_enabled=&#8221;0&#8243;]<\/p>\n<p class=\"documentTitle\"><span>Dommett, K., F. McKelvey, G. Kefford<\/span><br \/><a href=\"https:\/\/journalqd.org\/article\/view\/5172\">The platformisation of party politics? A comparative study of party websites\u2019 technological infrastructures 2012-2021<\/a><br \/><span>Journal of Quantitative Description, 2024<\/span><\/p>\n<p class=\"documentTitle\" id=\"documentTitle\">Esses, V.M., A. Sutter, L.K. Hamilton,\u00a0A. Bilodeau, P. Palma, A. Lacassagne, K. Neuman, D. Gaucher, Danielle<br \/><a href=\"https:\/\/www.proquest.com\/docview\/3115798480?fromopenview=true&amp;pq-origsite=gscholar&amp;sourcetype=Scholarly%20Journals#\">Public Attitudes Toward Immigrants and Immigration in Smaller Canadian Communities<\/a><br \/>Canadian Ethnic Studies, 2024<\/p>\n<p>Mongrain, Ph., <strong>R. Nadeau,<\/strong>\u00a0B. J\u00earome, B.; V. J\u00earome,<br \/><a href=\"https:\/\/www.cambridge.org\/core\/journals\/ps-political-science-and-politics\/article\/statelevel-forecasts-for-the-2024-us-presidential-election-trump-back-with-a-vengeance\/2525B9321E97732E011710EFE95C2CAE\">State-Level Forecasts for the 2024 U.S. Presidential Election: Trump Back with a Vengeance?<\/a><br \/>Political Science &amp; Politics, 2024<\/p>\n<p>Stiers, D., <strong>R. Dassonneville<br \/><\/strong><a href=\"https:\/\/ejpr.onlinelibrary.wiley.com\/doi\/10.1111\/1475-6765.12730\">How parties can shape their competence reputations: Issue attention, position and performance<\/a><br \/>European Journal of Political Research, 2024<\/p>\n<p>Thompson Collart, B.Ph., H. Cadieux, C. Ouellet, Y. Dufresne<br \/><a href=\"https:\/\/www.cambridge.org\/core\/journals\/ps-political-science-and-politics\/article\/lessons-learned-citizen-forecasting-candidate-resignations-and-the-2024-us-presidential-election\/37B931BE5653441EB1FC37B6B86DA0ED\">Lessons Learned: Citizen Forecasting, Candidate Resignations, and the 2024 US Presidential Election<\/a><br \/>Political Science &amp; Politics, 2024<\/p>\n<p><strong><br \/><\/strong><strong><\/strong><\/p>\n<p>[\/et_pb_toggle][et_pb_toggle title=&#8221;Media&#8221; _builder_version=&#8221;4.27.3&#8243; _module_preset=&#8221;default&#8221; global_colors_info=&#8221;{}&#8221;]<\/p>\n<p>Jeremy Clark \u2013 The Conversation \u2013\u00a02024|10|31<br \/><a href=\"https:\/\/theconversation.com\/did-a-canadian-developer-really-invent-bitcoin-a-new-hbo-show-explores-an-intriguing-theory-241750\">Did a Canadian developer really invent bitcoin? A new HBO show explores an intriguing theory<\/a><\/p>\n<p>Roxane de la Sablonni\u00e8re \u2013 La Presse \u2013\u00a02024|10|31<br \/><a href=\"https:\/\/www.lapresse.ca\/dialogue\/chroniques\/2024-10-31\/pourquoi-trump-fait-il-si-peur.php\">Pourquoi Trump fait-il si peur ?<\/a><\/p>\n<p>Olivier Jacques \u2013 Le Devoir \u2013\u00a02024|10|28<br \/><a href=\"https:\/\/www.ledevoir.com\/opinion\/idees\/822514\/idees-retour-mot\">Le retour du mot en A<\/a><\/p>\n<p>Mireille Lalancette \u2013 Francopresse \u2013\u00a02024|10|15<br \/><a href=\"https:\/\/francopresse.ca\/societe\/2024\/10\/15\/une-tempete-parfaite-pour-la-desinformation-electorale\/\">Une \u00abtemp\u00eate parfaite\u00bb pour la d\u00e9sinformation \u00e9lectorale<\/a><\/p>\n<p>Ruth Dassonneville \u2013 UdeM Nouvelles \u2013\u00a02024|10|10<br \/><a href=\"https:\/\/nouvelles.umontreal.ca\/article\/2024\/10\/10\/les-minorites-sexuelles-sont-plus-engagees-dans-la-politique\/\">Les minorit\u00e9s sexuelles sont plus engag\u00e9es dans la politique<\/a><\/p>\n<p>Mireille Lalancette \u2013 The Conversation \u2013\u00a02024|10|07<br \/><a href=\"https:\/\/theconversation.com\/kamala-harris-is-being-held-to-the-same-old-double-standard-240268\">Kamala Harris is being held to the same old double standard<\/a><\/p>\n<p>[\/et_pb_toggle][et_pb_toggle title=&#8221;Podcast&#8221; _builder_version=&#8221;4.27.3&#8243; _module_preset=&#8221;default&#8221; global_colors_info=&#8221;{}&#8221;]<\/p>\n<p>Colette Brin \u2013 Radio Canada \u2013\u00a02024|10|29<br \/><a href=\"https:\/\/ici.radio-canada.ca\/ohdio\/premiere\/emissions\/c-est-encore-mieux-l-apres-midi\/segments\/rattrapage\/1892374\/pour-une-premiere-fois-en-plus-30-ans-washington-post-n-appuiera-pas-c\">\u00c9lections am\u00e9ricaines : le Washington Post reste \u00ab neutre \u00bb<\/a><\/p>\n<p>Emmanuel Choquette \u2013 107.7 Estrie \u2013\u00a02024|10|23<br \/><a href=\"https:\/\/www.fm1077.ca\/audio\/655560\/le-parti-liberal-se-prepare-deja-a-l-apres-trudeau\">La chronique politique d\u2019Emmanuel Choquette | Le parti lib\u00e9ral se pr\u00e9pare d\u00e9j\u00e0 \u00e0 l\u2019apr\u00e8s Trudeau<\/a><\/p>\n<p>Emmanuel Choquette \u2013 107.7 Estrie \u2013\u00a02024|10|09<br \/><a href=\"https:\/\/www.fm1077.ca\/audio\/652877\/sondage-le-parti-quebecois-en-tete-et-pablo-rodriguez-ferait-des-gains\">Sondage: Le Parti qu\u00e9b\u00e9cois en t\u00eate et Pablo Rodriguez ferait des gains!<\/a><\/p>\n<p>Emmanuel Choquette \u2013 107.7 Estrie \u2013\u00a02024|10|02<br \/><a href=\"https:\/\/www.fm1077.ca\/audio\/651401\/emmanuel-choquette\">La chronique politique d\u2019Emmanuel Choquette | La civilit\u00e9 des \u00e9changes \u00e0 l\u2019Assembl\u00e9e nationale!<\/a><\/p>\n<p>[\/et_pb_toggle][\/et_pb_column][\/et_pb_row][et_pb_row _builder_version=&#8221;4.27.3&#8243; _module_preset=&#8221;default&#8221; global_colors_info=&#8221;{}&#8221;][et_pb_column type=&#8221;4_4&#8243; _builder_version=&#8221;4.27.3&#8243; _module_preset=&#8221;default&#8221; global_colors_info=&#8221;{}&#8221;][et_pb_button button_url=&#8221;@ET-DC@eyJkeW5hbWljIjp0cnVlLCJjb250ZW50IjoicG9zdF9saW5rX3VybF9wYWdlIiwic2V0dGluZ3MiOnsicG9zdF9pZCI6IjMzMjIifX0=@&#8221; button_text=&#8221;Back&#8221; button_alignment=&#8221;center&#8221; _builder_version=&#8221;4.27.3&#8243; _dynamic_attributes=&#8221;button_url&#8221; _module_preset=&#8221;default&#8221; global_colors_info=&#8221;{}&#8221;][\/et_pb_button][\/et_pb_column][\/et_pb_row][\/et_pb_section]<\/p>\n","protected":false},"excerpt":{"rendered":"<p>Dommett, K., F. McKelvey, G. KeffordThe platformisation of party politics? A comparative study of party websites\u2019 technological infrastructures 2012-2021Journal of Quantitative Description, 2024 Esses, V.M., A. Sutter, L.K. Hamilton,\u00a0A. Bilodeau, P. Palma, A. Lacassagne, K. Neuman, D. Gaucher, DaniellePublic Attitudes Toward Immigrants and Immigration in Smaller Canadian CommunitiesCanadian Ethnic Studies, 2024 Mongrain, Ph., R. Nadeau,\u00a0B. [&hellip;]<\/p>\n","protected":false},"author":1,"featured_media":0,"parent":0,"menu_order":0,"comment_status":"closed","ping_status":"closed","template":"","meta":{"_et_pb_use_builder":"on","_et_pb_old_content":"","_et_gb_content_width":"","footnotes":""},"class_list":["post-3361","page","type-page","status-publish","hentry"],"yoast_head":"<!-- This site is optimized with the Yoast SEO plugin v27.4 - https:\/\/yoast.com\/product\/yoast-seo-wordpress\/ -->\n<title>2024-October - CECD - Centre pour l&#039;\u00e9tude de la citoyennet\u00e9 d\u00e9mocratique<\/title>\n<meta name=\"robots\" content=\"index, follow, max-snippet:-1, max-image-preview:large, max-video-preview:-1\" \/>\n<link rel=\"canonical\" href=\"https:\/\/csdc-cecd.ca\/2024-octobre\/\" \/>\n<meta property=\"og:locale\" content=\"en_US\" \/>\n<meta property=\"og:type\" content=\"article\" \/>\n<meta property=\"og:title\" content=\"2024-October - CECD - Centre pour l&#039;\u00e9tude de la citoyennet\u00e9 d\u00e9mocratique\" \/>\n<meta property=\"og:description\" content=\"Dommett, K., F. McKelvey, G. KeffordThe platformisation of party politics? A comparative study of party websites\u2019 technological infrastructures 2012-2021Journal of Quantitative Description, 2024 Esses, V.M., A. Sutter, L.K. Hamilton,\u00a0A. Bilodeau, P. Palma, A. Lacassagne, K. Neuman, D. Gaucher, DaniellePublic Attitudes Toward Immigrants and Immigration in Smaller Canadian CommunitiesCanadian Ethnic Studies, 2024 Mongrain, Ph., R. Nadeau,\u00a0B. [&hellip;]\" \/>\n<meta property=\"og:url\" content=\"https:\/\/csdc-cecd.ca\/2024-octobre\/\" \/>\n<meta property=\"og:site_name\" content=\"CECD - Centre pour l&#039;\u00e9tude de la citoyennet\u00e9 d\u00e9mocratique\" \/>\n<meta property=\"article:modified_time\" content=\"2025-04-07T17:54:18+00:00\" \/>\n<meta name=\"twitter:card\" content=\"summary_large_image\" \/>\n<meta name=\"twitter:label1\" content=\"Est. reading time\" \/>\n\t<meta name=\"twitter:data1\" content=\"1 minute\" \/>\n<script type=\"application\/ld+json\" class=\"yoast-schema-graph\">{\"@context\":\"https:\\\/\\\/schema.org\",\"@graph\":[{\"@type\":\"WebPage\",\"@id\":\"https:\\\/\\\/csdc-cecd.ca\\\/2024-octobre\\\/\",\"url\":\"https:\\\/\\\/csdc-cecd.ca\\\/2024-octobre\\\/\",\"name\":\"2024-October - CECD - Centre pour l&#039;\u00e9tude de la citoyennet\u00e9 d\u00e9mocratique\",\"isPartOf\":{\"@id\":\"https:\\\/\\\/csdc-cecd.ca\\\/#website\"},\"datePublished\":\"2024-11-11T15:16:07+00:00\",\"dateModified\":\"2025-04-07T17:54:18+00:00\",\"breadcrumb\":{\"@id\":\"https:\\\/\\\/csdc-cecd.ca\\\/2024-octobre\\\/#breadcrumb\"},\"inLanguage\":\"en-US\",\"potentialAction\":[{\"@type\":\"ReadAction\",\"target\":[\"https:\\\/\\\/csdc-cecd.ca\\\/2024-octobre\\\/\"]}]},{\"@type\":\"BreadcrumbList\",\"@id\":\"https:\\\/\\\/csdc-cecd.ca\\\/2024-octobre\\\/#breadcrumb\",\"itemListElement\":[{\"@type\":\"ListItem\",\"position\":1,\"name\":\"Accueil\",\"item\":\"https:\\\/\\\/csdc-cecd.ca\\\/en\\\/\"},{\"@type\":\"ListItem\",\"position\":2,\"name\":\"2024-October\"}]},{\"@type\":\"WebSite\",\"@id\":\"https:\\\/\\\/csdc-cecd.ca\\\/#website\",\"url\":\"https:\\\/\\\/csdc-cecd.ca\\\/\",\"name\":\"CECD - Centre pour l&#039;\u00e9tude de la citoyennet\u00e9 d\u00e9mocratique\",\"description\":\"\",\"potentialAction\":[{\"@type\":\"SearchAction\",\"target\":{\"@type\":\"EntryPoint\",\"urlTemplate\":\"https:\\\/\\\/csdc-cecd.ca\\\/?s={search_term_string}\"},\"query-input\":{\"@type\":\"PropertyValueSpecification\",\"valueRequired\":true,\"valueName\":\"search_term_string\"}}],\"inLanguage\":\"en-US\"}]}<\/script>\n<!-- \/ Yoast SEO plugin. -->","yoast_head_json":{"title":"2024-October - CECD - Centre pour l&#039;\u00e9tude de la citoyennet\u00e9 d\u00e9mocratique","robots":{"index":"index","follow":"follow","max-snippet":"max-snippet:-1","max-image-preview":"max-image-preview:large","max-video-preview":"max-video-preview:-1"},"canonical":"https:\/\/csdc-cecd.ca\/2024-octobre\/","og_locale":"en_US","og_type":"article","og_title":"2024-October - CECD - Centre pour l&#039;\u00e9tude de la citoyennet\u00e9 d\u00e9mocratique","og_description":"Dommett, K., F. McKelvey, G. KeffordThe platformisation of party politics? A comparative study of party websites\u2019 technological infrastructures 2012-2021Journal of Quantitative Description, 2024 Esses, V.M., A. Sutter, L.K. Hamilton,\u00a0A. Bilodeau, P. Palma, A. Lacassagne, K. Neuman, D. Gaucher, DaniellePublic Attitudes Toward Immigrants and Immigration in Smaller Canadian CommunitiesCanadian Ethnic Studies, 2024 Mongrain, Ph., R. Nadeau,\u00a0B. [&hellip;]","og_url":"https:\/\/csdc-cecd.ca\/2024-octobre\/","og_site_name":"CECD - Centre pour l&#039;\u00e9tude de la citoyennet\u00e9 d\u00e9mocratique","article_modified_time":"2025-04-07T17:54:18+00:00","twitter_card":"summary_large_image","twitter_misc":{"Est. reading time":"1 minute"},"schema":{"@context":"https:\/\/schema.org","@graph":[{"@type":"WebPage","@id":"https:\/\/csdc-cecd.ca\/2024-octobre\/","url":"https:\/\/csdc-cecd.ca\/2024-octobre\/","name":"2024-October - CECD - Centre pour l&#039;\u00e9tude de la citoyennet\u00e9 d\u00e9mocratique","isPartOf":{"@id":"https:\/\/csdc-cecd.ca\/#website"},"datePublished":"2024-11-11T15:16:07+00:00","dateModified":"2025-04-07T17:54:18+00:00","breadcrumb":{"@id":"https:\/\/csdc-cecd.ca\/2024-octobre\/#breadcrumb"},"inLanguage":"en-US","potentialAction":[{"@type":"ReadAction","target":["https:\/\/csdc-cecd.ca\/2024-octobre\/"]}]},{"@type":"BreadcrumbList","@id":"https:\/\/csdc-cecd.ca\/2024-octobre\/#breadcrumb","itemListElement":[{"@type":"ListItem","position":1,"name":"Accueil","item":"https:\/\/csdc-cecd.ca\/en\/"},{"@type":"ListItem","position":2,"name":"2024-October"}]},{"@type":"WebSite","@id":"https:\/\/csdc-cecd.ca\/#website","url":"https:\/\/csdc-cecd.ca\/","name":"CECD - Centre pour l&#039;\u00e9tude de la citoyennet\u00e9 d\u00e9mocratique","description":"","potentialAction":[{"@type":"SearchAction","target":{"@type":"EntryPoint","urlTemplate":"https:\/\/csdc-cecd.ca\/?s={search_term_string}"},"query-input":{"@type":"PropertyValueSpecification","valueRequired":true,"valueName":"search_term_string"}}],"inLanguage":"en-US"}]}},"_links":{"self":[{"href":"https:\/\/csdc-cecd.ca\/en\/wp-json\/wp\/v2\/pages\/3361","targetHints":{"allow":["GET"]}}],"collection":[{"href":"https:\/\/csdc-cecd.ca\/en\/wp-json\/wp\/v2\/pages"}],"about":[{"href":"https:\/\/csdc-cecd.ca\/en\/wp-json\/wp\/v2\/types\/page"}],"author":[{"embeddable":true,"href":"https:\/\/csdc-cecd.ca\/en\/wp-json\/wp\/v2\/users\/1"}],"replies":[{"embeddable":true,"href":"https:\/\/csdc-cecd.ca\/en\/wp-json\/wp\/v2\/comments?post=3361"}],"version-history":[{"count":12,"href":"https:\/\/csdc-cecd.ca\/en\/wp-json\/wp\/v2\/pages\/3361\/revisions"}],"predecessor-version":[{"id":4653,"href":"https:\/\/csdc-cecd.ca\/en\/wp-json\/wp\/v2\/pages\/3361\/revisions\/4653"}],"wp:attachment":[{"href":"https:\/\/csdc-cecd.ca\/en\/wp-json\/wp\/v2\/media?parent=3361"}],"curies":[{"name":"wp","href":"https:\/\/api.w.org\/{rel}","templated":true}]}}