{"id":3362,"date":"2024-11-11T10:16:16","date_gmt":"2024-11-11T15:16:16","guid":{"rendered":"https:\/\/csdc-cecd.ca\/2024-11\/"},"modified":"2025-04-10T13:10:11","modified_gmt":"2025-04-10T17:10:11","slug":"2024-november","status":"publish","type":"page","link":"https:\/\/csdc-cecd.ca\/en\/2024-november\/","title":{"rendered":"2024-November"},"content":{"rendered":"<p>[et_pb_section fb_built=&#8221;1&#8243; _builder_version=&#8221;4.27.3&#8243; _module_preset=&#8221;default&#8221; global_colors_info=&#8221;{}&#8221;][et_pb_row _builder_version=&#8221;4.27.3&#8243; _module_preset=&#8221;default&#8221; global_colors_info=&#8221;{}&#8221;][et_pb_column type=&#8221;4_4&#8243; _builder_version=&#8221;4.27.3&#8243; _module_preset=&#8221;default&#8221; global_colors_info=&#8221;{}&#8221;][et_pb_heading title=&#8221;Nov. 2024&#8243; _builder_version=&#8221;4.27.3&#8243; _module_preset=&#8221;default&#8221; global_colors_info=&#8221;{}&#8221;][\/et_pb_heading][\/et_pb_column][\/et_pb_row][et_pb_row _builder_version=&#8221;4.27.4&#8243; _module_preset=&#8221;default&#8221; global_colors_info=&#8221;{}&#8221;][et_pb_column type=&#8221;4_4&#8243; _builder_version=&#8221;4.27.4&#8243; _module_preset=&#8221;default&#8221; global_colors_info=&#8221;{}&#8221;][et_pb_toggle title=&#8221;Scientific Artices&#8221; _builder_version=&#8221;4.27.4&#8243; _module_preset=&#8221;default&#8221; hover_enabled=&#8221;0&#8243; global_colors_info=&#8221;{}&#8221; sticky_enabled=&#8221;0&#8243;]<\/p>\n<p>Norman, J.B., D. Castro Ling, <strong>E. Hehm,an,<\/strong>\u00a0 J. Chen,\u00a0<br \/><a href=\"https:\/\/www.sciencedirect.com\/science\/article\/pii\/S0022103124000805?via%3Dihub\">Race in the eye of the beholder: Decomposing perceiver- and target-level variation in perceived racial prototypicality<\/a><br \/>Journal of Experimental Social Psychology, 2024<\/p>\n<p>[\/et_pb_toggle][et_pb_toggle title=&#8221;Books &#8211; Book chapters&#8221; _builder_version=&#8221;4.27.4&#8243; _module_preset=&#8221;default&#8221; global_colors_info=&#8221;{}&#8221;]<\/p>\n<p>Books<\/p>\n<p id=\"book-name-gtm\"><img loading=\"lazy\" decoding=\"async\" src=\"https:\/\/csdc-cecd.ca\/wp-content\/uploads\/2025\/04\/280x0_D5931_pn-200x300.jpg\" width=\"200\" height=\"300\" alt=\"\" class=\"wp-image-4745 alignnone size-medium\" srcset=\"https:\/\/csdc-cecd.ca\/wp-content\/uploads\/2025\/04\/280x0_D5931_pn-200x300.jpg 200w, https:\/\/csdc-cecd.ca\/wp-content\/uploads\/2025\/04\/280x0_D5931_pn.jpg 280w\" sizes=\"(max-width: 200px) 100vw, 200px\" \/><br \/><strong>Lalancette M., F. Bastien<\/strong><br \/>M\u00e9diatisation de la politique<br \/>Presses de l&#8217;Universit\u00e9 Qu\u00e9bec, 2024<\/p>\n<p>Chapters<\/p>\n<p><strong>Bastien, F.<\/strong>, S. Thibault<br \/>La poiltitation du syst\u00e8me m\u00e9diathique in M\u00e9diatisation de la politique, Lalancette M., F. Bastien (eds)<br \/>Presses de l&#8217;Universit\u00e9 Qu\u00e9bec, 2024<\/p>\n<p><strong>B\u00e9langer, \u00c9.<\/strong><br \/>Third Parties in Canadian Federal Politics., in Canadian Parties in Transition: Recent Evolution and New Paths for Research 5th edition, A. G. Gagnon et B. Tanguay<br \/>U. of Toronto Press, 2024<\/p>\n<p>Dubois, Ph., <strong>Th. Giasson<\/strong>, A. Marland<br \/>Le marketing et le brandigdes institutions publiques : quand l&#8217;administratif rencontre le politique in M\u00e9diatisation de la politique, Lalancette M., F. Bastien (eds)<br \/>Presses de l&#8217;Universit\u00e9 Qu\u00e9bec, 2024<\/p>\n<p><strong>Dufresne, Y.<\/strong>, D. Dumouchel, <strong>C. Ouellet<\/strong><br \/>Des opinions publiques: revisiter la nature des opinionspublique \u00e0 l&#8217;\u00e8re de la fragmentation et des donn\u00e9es num\u00e9riques massives n M\u00e9diatisation de la politique, Lalancette M., F. Bastien (eds)<br \/>Presses de l&#8217;Universit\u00e9 Qu\u00e9bec, 2024<\/p>\n<p>Dumouchel, D., <strong>Th. Giasson<\/strong><br \/>The Evolution From Brokerage Politics to Political Marketing in Canada\u00bb in Canadian Parties in Transition: Recent Evolution and New Paths for Research 5th edition, A. G. Gagnon et B. Tanguay<br \/>U. of Toronto Press, 2024<\/p>\n<p><strong>Duval, D.<\/strong>, Ph. Dubois<br \/>Les promesses \u00e9lectorales : outils des communications partisane et gouvernementale in M\u00e9diatisation de la politique, Lalancette M., F. Bastien (eds)<br \/>Presses de l&#8217;Universit\u00e9 Qu\u00e9bec, 2024<\/p>\n<p><strong>H\u00e9bert, V., Th. Giason<br \/><\/strong>Les m\u00e9dias et la politique : logiques et pratiques de cadrag in M\u00e9diatisation de la politique, Lalancette M., F. Bastien (eds)<br \/>Presses de l&#8217;Universit\u00e9 Qu\u00e9bec, 2024<\/p>\n<p><strong>McKelvey, F., M. Lalancette<\/strong>, S. Kowalchuk, S. Fitzroy<br \/>La m\u00e9mification de la politique canadienne: les m\u00e9mes internet comme outil de communication politique n M\u00e9diatisation de la politique, Lalancette M., F. Bastien (eds)<br \/>Presses de l&#8217;Universit\u00e9 Qu\u00e9bec, 2024<\/p>\n<p><strong>Nadeau, R., F. Bastien<\/strong><br \/>Political Campaigning: Recent Trends in Canadian Politics, in Canadian Parties in Transition: Recent Evolution and New Paths for Research 5th edition, A. G. Gagnon et B. Tanguay<br \/>U. of Toronto Press, 2024<\/p>\n<p>Raynaruld, V., <strong>M. Lalancette<\/strong><br \/>Les m\u00e9dias socionum\u00e9riques et la politique de personnalisation, d&#8217;intimisation et de c\u00e9l\u00e9brasitation \u00e0 l&#8217;\u00e8re num\u00e9rique in M\u00e9diatisation de la politique, Lalancette M., F. Bastien (eds)<br \/>Presses de l&#8217;Universit\u00e9 Qu\u00e9bec, 2024<\/p>\n<p>[\/et_pb_toggle][et_pb_toggle title=&#8221;Media&#8221; _builder_version=&#8221;4.27.4&#8243; _module_preset=&#8221;default&#8221; global_colors_info=&#8221;{}&#8221;]<\/p>\n<p>Jean-Fran\u00e7ois Godbout, Reihaneh Rabbany \u2013 L\u2019Avenir des Rivi\u00e8res \u2013\u00a02024|11|10<br \/><a href=\"https:\/\/www.laveniretdesrivieres.com\/infolettre\/lintelligence-artificielle-mise-a-contribution-pour-detecter-les-fausses-nouvelles\/\">L\u2019intelligence artificielle mise \u00e0 contribution pour d\u00e9tecter les fausses nouvelles<\/a><\/p>\n<p>Thierry Giasson \u2013 Le Journal de Qu\u00e9bec \u2013\u00a02024|11|09<br \/><a href=\"https:\/\/www.journaldequebec.com\/2024\/11\/09\/la-coaliste-et-les-methodes-scandaleuses-de-la-caq\">La Coaliste et les m\u00e9thodes scandaleuses de la CAQ qui ont tout pour susciter la m\u00e9fiance des citoyens<\/a><\/p>\n<p>Thierry Giasson \u2013 The Hill Times \u2013\u00a02024|11|08<br \/><a href=\"https:\/\/www.hilltimes.com\/story\/2024\/11\/08\/liberals-back-away-from-contentious-maid-debate-with-quebec-not-wanting-to-butt-heads\/441091\/\">Liberals back away from MAID debate with Quebec, not wanting to \u2018butt heads\u2019<\/a><\/p>\n<p>Fr\u00e9d\u00e9rick Bastien, Mireille Lalancette \u2013 UdeM Nouvelles \u2013 2024|11|07<br \/><a href=\"https:\/\/nouvelles.umontreal.ca\/article\/2024\/11\/07\/mediatisation-de-la-politique\/\">M\u00e9diatisation de la politique<\/a><\/p>\n<p>Roxane de la Sablonni\u00e8re \u2013 La Presse \u2013 2024|11|06<br \/><a href=\"https:\/\/www.lapresse.ca\/dialogue\/chroniques\/2024-11-06\/comment-survivre-a-un-nouveau-mandat-de-trump.php\">Comment survivre \u00e0 un nouveau mandat de Trump<\/a><\/p>\n<p>Claire Durand \u2013 La Presse \u2013 2024|11|04<br \/><a href=\"https:\/\/www.lapresse.ca\/dialogue\/opinions\/2024-11-04\/presidentielle-americaine\/les-sondages-peuvent-ils-encore-se-tromper.php\">Les sondages peuvent-ils encore se tromper ?<\/a><\/p>\n<p>Yannick Dufresne \u2013 Le Journal de Montr\u00e9al \u2013 2024|11|02<br \/><a href=\"https:\/\/www.journaldequebec.com\/2024\/11\/02\/votre-panier-depicerie-en-dit-beaucoup-sur-vos-allegeances-politiques-selon-cette-application\">Votre panier d\u2019\u00e9picerie en dit beaucoup sur vos all\u00e9geances politiques, selon cette application<\/a><\/p>\n<p>Thierry Giasson \u2013 Le Journal de Qu\u00e9bec \u2013 2024|11|02<br \/><a href=\"https:\/\/www.journaldequebec.com\/2024\/11\/02\/precampagne-municipale--bruno-marchand-misera-sur-les-familles\">Pr\u00e9campagne municipale: Bruno Marchand misera sur les familles<\/a><\/p>\n<p>[\/et_pb_toggle][\/et_pb_column][\/et_pb_row][et_pb_row _builder_version=&#8221;4.27.4&#8243; _module_preset=&#8221;default&#8221; global_colors_info=&#8221;{}&#8221;][et_pb_column type=&#8221;4_4&#8243; _builder_version=&#8221;4.27.4&#8243; _module_preset=&#8221;default&#8221; global_colors_info=&#8221;{}&#8221;][et_pb_toggle title=&#8221;Podcast&#8221; _builder_version=&#8221;4.27.4&#8243; _module_preset=&#8221;default&#8221; global_colors_info=&#8221;{}&#8221;]<\/p>\n<p><span>Emmanuel Choquette \u2013107.7 Estrie \u2013 2024|11|06<\/span><br \/><a href=\"https:\/\/www.fm1077.ca\/audio\/651401\/emmanuel-choquette\">Chronique politique avec Emmanuel Choquette | L\u2019\u00e9lection de Trump : Une bonne nouvelle pour les conservateurs au Canada?<\/a><\/p>\n<p>[\/et_pb_toggle][\/et_pb_column][\/et_pb_row][et_pb_row _builder_version=&#8221;4.27.4&#8243; _module_preset=&#8221;default&#8221; global_colors_info=&#8221;{}&#8221;][et_pb_column type=&#8221;4_4&#8243; _builder_version=&#8221;4.27.4&#8243; _module_preset=&#8221;default&#8221; global_colors_info=&#8221;{}&#8221;][et_pb_toggle title=&#8221;TV&#8221; _builder_version=&#8221;4.27.4&#8243; _module_preset=&#8221;default&#8221; global_colors_info=&#8221;{}&#8221;]<\/p>\n<p><span>Claire Durand \u2013 Radio Canada \u2013\u00a02024|11|03<\/span><br \/><a href=\"https:\/\/ici.radio-canada.ca\/info\/videos\/1-10213923\/elections-americaines-sondages-sont-ils-fiables\">\u00c9lections am\u00e9ricaines : les sondages sont-ils fiables?<\/a><\/p>\n<p>[\/et_pb_toggle][\/et_pb_column][\/et_pb_row][\/et_pb_section]<\/p>\n","protected":false},"excerpt":{"rendered":"<p>Norman, J.B., D. Castro Ling, E. Hehm,an,\u00a0 J. Chen,\u00a0Race in the eye of the beholder: Decomposing perceiver- and target-level variation in perceived racial prototypicalityJournal of Experimental Social Psychology, 2024Books Lalancette M., F. BastienM\u00e9diatisation de la politiquePresses de l&#8217;Universit\u00e9 Qu\u00e9bec, 2024 Chapters Bastien, F., S. ThibaultLa poiltitation du syst\u00e8me m\u00e9diathique in M\u00e9diatisation de la politique, Lalancette [&hellip;]<\/p>\n","protected":false},"author":1,"featured_media":0,"parent":0,"menu_order":0,"comment_status":"closed","ping_status":"closed","template":"","meta":{"_et_pb_use_builder":"on","_et_pb_old_content":"","_et_gb_content_width":"","footnotes":""},"class_list":["post-3362","page","type-page","status-publish","hentry"],"yoast_head":"<!-- This site is optimized with the Yoast SEO plugin v27.4 - https:\/\/yoast.com\/product\/yoast-seo-wordpress\/ -->\n<title>2024-November - CECD - Centre pour l&#039;\u00e9tude de la citoyennet\u00e9 d\u00e9mocratique<\/title>\n<meta name=\"robots\" content=\"index, follow, max-snippet:-1, max-image-preview:large, max-video-preview:-1\" \/>\n<link rel=\"canonical\" href=\"https:\/\/csdc-cecd.ca\/2024-novembre\/\" \/>\n<meta property=\"og:locale\" content=\"en_US\" \/>\n<meta property=\"og:type\" content=\"article\" \/>\n<meta property=\"og:title\" content=\"2024-November - CECD - Centre pour l&#039;\u00e9tude de la citoyennet\u00e9 d\u00e9mocratique\" \/>\n<meta property=\"og:description\" content=\"Norman, J.B., D. Castro Ling, E. Hehm,an,\u00a0 J. Chen,\u00a0Race in the eye of the beholder: Decomposing perceiver- and target-level variation in perceived racial prototypicalityJournal of Experimental Social Psychology, 2024Books Lalancette M., F. BastienM\u00e9diatisation de la politiquePresses de l&#039;Universit\u00e9 Qu\u00e9bec, 2024 Chapters Bastien, F., S. ThibaultLa poiltitation du syst\u00e8me m\u00e9diathique in M\u00e9diatisation de la politique, Lalancette [&hellip;]\" \/>\n<meta property=\"og:url\" content=\"https:\/\/csdc-cecd.ca\/2024-novembre\/\" \/>\n<meta property=\"og:site_name\" content=\"CECD - Centre pour l&#039;\u00e9tude de la citoyennet\u00e9 d\u00e9mocratique\" \/>\n<meta property=\"article:modified_time\" content=\"2025-04-10T17:10:11+00:00\" \/>\n<meta property=\"og:image\" content=\"https:\/\/csdc-cecd.ca\/wp-content\/uploads\/2025\/04\/280x0_D5931_pn.jpg\" \/>\n\t<meta property=\"og:image:width\" content=\"280\" \/>\n\t<meta property=\"og:image:height\" content=\"420\" \/>\n\t<meta property=\"og:image:type\" content=\"image\/jpeg\" \/>\n<meta name=\"twitter:card\" content=\"summary_large_image\" \/>\n<meta name=\"twitter:label1\" content=\"Est. reading time\" \/>\n\t<meta name=\"twitter:data1\" content=\"1 minute\" \/>\n<script type=\"application\/ld+json\" class=\"yoast-schema-graph\">{\"@context\":\"https:\\\/\\\/schema.org\",\"@graph\":[{\"@type\":\"WebPage\",\"@id\":\"https:\\\/\\\/csdc-cecd.ca\\\/2024-novembre\\\/\",\"url\":\"https:\\\/\\\/csdc-cecd.ca\\\/2024-novembre\\\/\",\"name\":\"2024-November - CECD - Centre pour l&#039;\u00e9tude de la citoyennet\u00e9 d\u00e9mocratique\",\"isPartOf\":{\"@id\":\"https:\\\/\\\/csdc-cecd.ca\\\/#website\"},\"primaryImageOfPage\":{\"@id\":\"https:\\\/\\\/csdc-cecd.ca\\\/2024-novembre\\\/#primaryimage\"},\"image\":{\"@id\":\"https:\\\/\\\/csdc-cecd.ca\\\/2024-novembre\\\/#primaryimage\"},\"thumbnailUrl\":\"https:\\\/\\\/csdc-cecd.ca\\\/wp-content\\\/uploads\\\/2025\\\/04\\\/280x0_D5931_pn-200x300.jpg\",\"datePublished\":\"2024-11-11T15:16:16+00:00\",\"dateModified\":\"2025-04-10T17:10:11+00:00\",\"breadcrumb\":{\"@id\":\"https:\\\/\\\/csdc-cecd.ca\\\/2024-novembre\\\/#breadcrumb\"},\"inLanguage\":\"en-US\",\"potentialAction\":[{\"@type\":\"ReadAction\",\"target\":[\"https:\\\/\\\/csdc-cecd.ca\\\/2024-novembre\\\/\"]}]},{\"@type\":\"ImageObject\",\"inLanguage\":\"en-US\",\"@id\":\"https:\\\/\\\/csdc-cecd.ca\\\/2024-novembre\\\/#primaryimage\",\"url\":\"https:\\\/\\\/csdc-cecd.ca\\\/wp-content\\\/uploads\\\/2025\\\/04\\\/280x0_D5931_pn-200x300.jpg\",\"contentUrl\":\"https:\\\/\\\/csdc-cecd.ca\\\/wp-content\\\/uploads\\\/2025\\\/04\\\/280x0_D5931_pn-200x300.jpg\"},{\"@type\":\"BreadcrumbList\",\"@id\":\"https:\\\/\\\/csdc-cecd.ca\\\/2024-novembre\\\/#breadcrumb\",\"itemListElement\":[{\"@type\":\"ListItem\",\"position\":1,\"name\":\"Accueil\",\"item\":\"https:\\\/\\\/csdc-cecd.ca\\\/en\\\/\"},{\"@type\":\"ListItem\",\"position\":2,\"name\":\"2024-November\"}]},{\"@type\":\"WebSite\",\"@id\":\"https:\\\/\\\/csdc-cecd.ca\\\/#website\",\"url\":\"https:\\\/\\\/csdc-cecd.ca\\\/\",\"name\":\"CECD - Centre pour l&#039;\u00e9tude de la citoyennet\u00e9 d\u00e9mocratique\",\"description\":\"\",\"potentialAction\":[{\"@type\":\"SearchAction\",\"target\":{\"@type\":\"EntryPoint\",\"urlTemplate\":\"https:\\\/\\\/csdc-cecd.ca\\\/?s={search_term_string}\"},\"query-input\":{\"@type\":\"PropertyValueSpecification\",\"valueRequired\":true,\"valueName\":\"search_term_string\"}}],\"inLanguage\":\"en-US\"}]}<\/script>\n<!-- \/ Yoast SEO plugin. -->","yoast_head_json":{"title":"2024-November - CECD - Centre pour l&#039;\u00e9tude de la citoyennet\u00e9 d\u00e9mocratique","robots":{"index":"index","follow":"follow","max-snippet":"max-snippet:-1","max-image-preview":"max-image-preview:large","max-video-preview":"max-video-preview:-1"},"canonical":"https:\/\/csdc-cecd.ca\/2024-novembre\/","og_locale":"en_US","og_type":"article","og_title":"2024-November - CECD - Centre pour l&#039;\u00e9tude de la citoyennet\u00e9 d\u00e9mocratique","og_description":"Norman, J.B., D. Castro Ling, E. Hehm,an,\u00a0 J. Chen,\u00a0Race in the eye of the beholder: Decomposing perceiver- and target-level variation in perceived racial prototypicalityJournal of Experimental Social Psychology, 2024Books Lalancette M., F. BastienM\u00e9diatisation de la politiquePresses de l'Universit\u00e9 Qu\u00e9bec, 2024 Chapters Bastien, F., S. ThibaultLa poiltitation du syst\u00e8me m\u00e9diathique in M\u00e9diatisation de la politique, Lalancette [&hellip;]","og_url":"https:\/\/csdc-cecd.ca\/2024-novembre\/","og_site_name":"CECD - Centre pour l&#039;\u00e9tude de la citoyennet\u00e9 d\u00e9mocratique","article_modified_time":"2025-04-10T17:10:11+00:00","og_image":[{"width":280,"height":420,"url":"https:\/\/csdc-cecd.ca\/wp-content\/uploads\/2025\/04\/280x0_D5931_pn.jpg","type":"image\/jpeg"}],"twitter_card":"summary_large_image","twitter_misc":{"Est. reading time":"1 minute"},"schema":{"@context":"https:\/\/schema.org","@graph":[{"@type":"WebPage","@id":"https:\/\/csdc-cecd.ca\/2024-novembre\/","url":"https:\/\/csdc-cecd.ca\/2024-novembre\/","name":"2024-November - CECD - Centre pour l&#039;\u00e9tude de la citoyennet\u00e9 d\u00e9mocratique","isPartOf":{"@id":"https:\/\/csdc-cecd.ca\/#website"},"primaryImageOfPage":{"@id":"https:\/\/csdc-cecd.ca\/2024-novembre\/#primaryimage"},"image":{"@id":"https:\/\/csdc-cecd.ca\/2024-novembre\/#primaryimage"},"thumbnailUrl":"https:\/\/csdc-cecd.ca\/wp-content\/uploads\/2025\/04\/280x0_D5931_pn-200x300.jpg","datePublished":"2024-11-11T15:16:16+00:00","dateModified":"2025-04-10T17:10:11+00:00","breadcrumb":{"@id":"https:\/\/csdc-cecd.ca\/2024-novembre\/#breadcrumb"},"inLanguage":"en-US","potentialAction":[{"@type":"ReadAction","target":["https:\/\/csdc-cecd.ca\/2024-novembre\/"]}]},{"@type":"ImageObject","inLanguage":"en-US","@id":"https:\/\/csdc-cecd.ca\/2024-novembre\/#primaryimage","url":"https:\/\/csdc-cecd.ca\/wp-content\/uploads\/2025\/04\/280x0_D5931_pn-200x300.jpg","contentUrl":"https:\/\/csdc-cecd.ca\/wp-content\/uploads\/2025\/04\/280x0_D5931_pn-200x300.jpg"},{"@type":"BreadcrumbList","@id":"https:\/\/csdc-cecd.ca\/2024-novembre\/#breadcrumb","itemListElement":[{"@type":"ListItem","position":1,"name":"Accueil","item":"https:\/\/csdc-cecd.ca\/en\/"},{"@type":"ListItem","position":2,"name":"2024-November"}]},{"@type":"WebSite","@id":"https:\/\/csdc-cecd.ca\/#website","url":"https:\/\/csdc-cecd.ca\/","name":"CECD - Centre pour l&#039;\u00e9tude de la citoyennet\u00e9 d\u00e9mocratique","description":"","potentialAction":[{"@type":"SearchAction","target":{"@type":"EntryPoint","urlTemplate":"https:\/\/csdc-cecd.ca\/?s={search_term_string}"},"query-input":{"@type":"PropertyValueSpecification","valueRequired":true,"valueName":"search_term_string"}}],"inLanguage":"en-US"}]}},"_links":{"self":[{"href":"https:\/\/csdc-cecd.ca\/en\/wp-json\/wp\/v2\/pages\/3362","targetHints":{"allow":["GET"]}}],"collection":[{"href":"https:\/\/csdc-cecd.ca\/en\/wp-json\/wp\/v2\/pages"}],"about":[{"href":"https:\/\/csdc-cecd.ca\/en\/wp-json\/wp\/v2\/types\/page"}],"author":[{"embeddable":true,"href":"https:\/\/csdc-cecd.ca\/en\/wp-json\/wp\/v2\/users\/1"}],"replies":[{"embeddable":true,"href":"https:\/\/csdc-cecd.ca\/en\/wp-json\/wp\/v2\/comments?post=3362"}],"version-history":[{"count":10,"href":"https:\/\/csdc-cecd.ca\/en\/wp-json\/wp\/v2\/pages\/3362\/revisions"}],"predecessor-version":[{"id":4793,"href":"https:\/\/csdc-cecd.ca\/en\/wp-json\/wp\/v2\/pages\/3362\/revisions\/4793"}],"wp:attachment":[{"href":"https:\/\/csdc-cecd.ca\/en\/wp-json\/wp\/v2\/media?parent=3362"}],"curies":[{"name":"wp","href":"https:\/\/api.w.org\/{rel}","templated":true}]}}