{"id":3363,"date":"2024-11-11T10:17:38","date_gmt":"2024-11-11T15:17:38","guid":{"rendered":"https:\/\/csdc-cecd.ca\/2024-12\/"},"modified":"2025-04-17T08:52:17","modified_gmt":"2025-04-17T12:52:17","slug":"2024-december","status":"publish","type":"page","link":"https:\/\/csdc-cecd.ca\/en\/2024-december\/","title":{"rendered":"2024-December"},"content":{"rendered":"<p>[et_pb_section fb_built=&#8221;1&#8243; _builder_version=&#8221;4.27.3&#8243; _module_preset=&#8221;default&#8221; global_colors_info=&#8221;{}&#8221;][et_pb_row _builder_version=&#8221;4.27.3&#8243; _module_preset=&#8221;default&#8221; global_colors_info=&#8221;{}&#8221;][et_pb_column type=&#8221;4_4&#8243; _builder_version=&#8221;4.27.3&#8243; _module_preset=&#8221;default&#8221; global_colors_info=&#8221;{}&#8221;][et_pb_heading title=&#8221;Dec. 2024&#8243; _builder_version=&#8221;4.27.3&#8243; _module_preset=&#8221;default&#8221; global_colors_info=&#8221;{}&#8221;][\/et_pb_heading][\/et_pb_column][\/et_pb_row][et_pb_row _builder_version=&#8221;4.27.4&#8243; _module_preset=&#8221;default&#8221; global_colors_info=&#8221;{}&#8221;][et_pb_column type=&#8221;4_4&#8243; _builder_version=&#8221;4.27.4&#8243; _module_preset=&#8221;default&#8221; global_colors_info=&#8221;{}&#8221;][et_pb_toggle title=&#8221;Scientific Articles&#8221; _builder_version=&#8221;4.27.4&#8243; _module_preset=&#8221;default&#8221; hover_enabled=&#8221;0&#8243; global_colors_info=&#8221;{}&#8221; sticky_enabled=&#8221;0&#8243;]<\/p>\n<p>Filkobski, I., <strong>E. Shor<\/strong><br \/><a href=\"chrome-extension:\/\/efaidnbmnnnibpcajpcglclefindmkaj\/https:\/\/journals.sagepub.com\/doi\/pdf\/10.1177\/07311214241291550\">Business as Usual\u201d? Human RightsNGOs\u2019 Adaptation Strategies toRepressive Legislation<\/a><br \/>Sociological Perspectives, 2024<\/p>\n<p><strong>McKelvey, F.<\/strong>, J. Redden , J. Roberge , L. Stark<br \/><a href=\"https:\/\/doi.org\/10.33621\/jdsr.v6i440453\">(Un)stable diffusions The publics, publicities, and publicizations of generative AI<\/a><br \/>Journal of Digital Social Research, 2024<\/p>\n<p>[\/et_pb_toggle][et_pb_toggle title=&#8221;Books &#8211; Book Chapters&#8221; _builder_version=&#8221;4.27.4&#8243; _module_preset=&#8221;default&#8221; global_colors_info=&#8221;{}&#8221;]<\/p>\n<p>Book Chapters<\/p>\n<p><strong>Landry, N.<\/strong><br \/>D\u00e9finir un agenda p\u00e9dagogique de d\u00e9veloppement de la pens\u00e9e critique \u00e0 l\u2019\u00e9gard du num\u00e9rique in Michelot, F. et Collin, S., La comp\u00e9tence num\u00e9rique en contexte \u00e9ducatif. Regards crois\u00e9s et perspectives internationales<br \/>Presses de l&#8217;Universit\u00e9 de Qu\u00e9bec, 2024<\/p>\n<p>[\/et_pb_toggle][\/et_pb_column][\/et_pb_row][et_pb_row _builder_version=&#8221;4.27.4&#8243; _module_preset=&#8221;default&#8221; global_colors_info=&#8221;{}&#8221;][et_pb_column type=&#8221;4_4&#8243; _builder_version=&#8221;4.27.4&#8243; _module_preset=&#8221;default&#8221; global_colors_info=&#8221;{}&#8221;][et_pb_toggle title=&#8221;Media&#8221; _builder_version=&#8221;4.27.4&#8243; _module_preset=&#8221;default&#8221; global_colors_info=&#8221;{}&#8221;]<\/p>\n<p>Ruth Dassonneville \u2013 La Presse \u2013 2024|12|27<br \/><a href=\"https:\/\/www.lapresse.ca\/dialogue\/chroniques\/2024-12-27\/grosse-annee-pour-la-democratie.php\">Grosse ann\u00e9e pour\u2026 la d\u00e9mocratie<\/a><\/p>\n<p>Reihaneh Rabbany; Jean-Fran\u00e7ois Godbout \u2013 Granby Express \u2013 2024|12|27<br \/><a href=\"https:\/\/www.granbyexpress.com\/infolettre\/un-outil-pour-detecter-les-fausses-nouvelles\/\">Un outil pour d\u00e9tecter les fausses nouvelles<\/a><\/p>\n<p>Emmanuel Choquette \u2013 La Presse \u2013 2024|12|17<br \/><a href=\"https:\/\/www.lapresse.ca\/actualites\/politique\/2024-12-17\/demission-de-chrystia-freeland\/la-lettre-qui-a-mis-le-feu-aux-poudres.php\">La lettre qui a mis le feu aux poudres<\/a><\/p>\n<p>Ruth Dassonneville \u2013 24 heures \u2013 2024|12|11<br \/><a href=\"https:\/\/www.24heures.ca\/2024\/12\/11\/defaite-de-kamala-harris-trudeau-a-t-il-raison-de-dire-que-le-progres-des-femmes-est-menace\">D\u00e9faite de Kamala Harris: Trudeau a-t-il raison de dire que le progr\u00e8s des femmes est menac\u00e9?<\/a><\/p>\n<p>Aaron Erlich \u2013 Universit\u00e9 McGill \u2013 2024|12|10<br \/><a href=\"https:\/\/www.mcgill.ca\/newsroom\/channels\/news\/understanding-when-and-why-people-give-bribes-361998\">Understanding when and why people give bribes<\/a><\/p>\n<p>Normand Landry \u2013 La Presse \u2013 2024|12|06<br \/><a href=\"https:\/\/www.lapresse.ca\/dialogue\/opinions\/2024-12-06\/la-crise-des-ecrans\/quelques-reflexions-sur-les-interdictions-tous-azimuts.php\">La \u00ab crise des \u00e9crans \u00bb | Quelques r\u00e9flexions sur les interdictions tous azimuts<\/a><\/p>\n<p>Fran\u00e7ois G\u00e9lineau \u2013 Universit\u00e9 Laval \u2013 2024|12|04<br \/><a href=\"https:\/\/nouvelles.ulaval.ca\/2024\/12\/04\/cop-29-de-bakou:-les-universites-gagnent-a-etre-la-7a66fbe4-1353-4da5-8494-72d671ec1f07\">COP 29 de Bakou: \u00abLes universit\u00e9s gagnent \u00e0 \u00eatre l\u00e0\u00bb<\/a><\/p>\n<p>Shannon Dinan \u2013 Policy Options \u2013 2024|12|02<br \/><a href=\"https:\/\/policyoptions.irpp.org\/magazines\/december-2024\/autonomy-quebec\/\">A new path toward greater autonomy for Quebec<\/a><\/p>\n<p>[\/et_pb_toggle][\/et_pb_column][\/et_pb_row][et_pb_row _builder_version=&#8221;4.27.4&#8243; _module_preset=&#8221;default&#8221; global_colors_info=&#8221;{}&#8221;][et_pb_column type=&#8221;4_4&#8243; _builder_version=&#8221;4.27.4&#8243; _module_preset=&#8221;default&#8221; global_colors_info=&#8221;{}&#8221;][et_pb_toggle title=&#8221;Podcast&#8221; _builder_version=&#8221;4.27.4&#8243; _module_preset=&#8221;default&#8221; global_colors_info=&#8221;{}&#8221;]<\/p>\n<p>Emmanuel Choquette \u2013 107.7 Estrie \u2013 2024|12|04<br \/><a href=\"https:\/\/www.fm1077.ca\/audio\/664477\/des-avantages-pour-l-image-de-justin-trudeau\">Des avantages pour l\u2019image de Justin Trudeau<\/a><\/p>\n<p>[\/et_pb_toggle][\/et_pb_column][\/et_pb_row][et_pb_row _builder_version=&#8221;4.27.4&#8243; _module_preset=&#8221;default&#8221; global_colors_info=&#8221;{}&#8221;][et_pb_column type=&#8221;4_4&#8243; _builder_version=&#8221;4.27.4&#8243; _module_preset=&#8221;default&#8221; global_colors_info=&#8221;{}&#8221;][et_pb_toggle title=&#8221;TV&#8221; _builder_version=&#8221;4.27.4&#8243; _module_preset=&#8221;default&#8221; global_colors_info=&#8221;{}&#8221;]<\/p>\n<p>Emmanuel Choquette \u2013 Radio Canada \u2013 2024|12|16<br \/><a href=\"https:\/\/ici.radio-canada.ca\/tele\/le-telejournal-estrie\/site\/segments\/reportage\/1943463\/reax-depart-christya-freeland-emmanuel-choquette\">D\u00e9part de Freeland : entrevue avec le professeur de l&#8217;UdeS Emmanuel Choquette<\/a><\/p>\n<p>[\/et_pb_toggle][\/et_pb_column][\/et_pb_row][et_pb_row _builder_version=&#8221;4.27.3&#8243; _module_preset=&#8221;default&#8221; global_colors_info=&#8221;{}&#8221;][et_pb_column type=&#8221;4_4&#8243; _builder_version=&#8221;4.27.3&#8243; _module_preset=&#8221;default&#8221; global_colors_info=&#8221;{}&#8221;][et_pb_button button_url=&#8221;@ET-DC@eyJkeW5hbWljIjp0cnVlLCJjb250ZW50IjoicG9zdF9saW5rX3VybF9wYWdlIiwic2V0dGluZ3MiOnsicG9zdF9pZCI6IjMzMjIifX0=@&#8221; button_text=&#8221;Back&#8221; button_alignment=&#8221;center&#8221; _builder_version=&#8221;4.27.3&#8243; _dynamic_attributes=&#8221;button_url&#8221; _module_preset=&#8221;default&#8221; global_colors_info=&#8221;{}&#8221;][\/et_pb_button][\/et_pb_column][\/et_pb_row][\/et_pb_section]<\/p>\n","protected":false},"excerpt":{"rendered":"<p>Filkobski, I., E. ShorBusiness as Usual\u201d? Human RightsNGOs\u2019 Adaptation Strategies toRepressive LegislationSociological Perspectives, 2024 McKelvey, F., J. Redden , J. Roberge , L. Stark(Un)stable diffusions The publics, publicities, and publicizations of generative AIJournal of Digital Social Research, 2024Book Chapters Landry, N.D\u00e9finir un agenda p\u00e9dagogique de d\u00e9veloppement de la pens\u00e9e critique \u00e0 l\u2019\u00e9gard du num\u00e9rique in [&hellip;]<\/p>\n","protected":false},"author":1,"featured_media":0,"parent":0,"menu_order":0,"comment_status":"closed","ping_status":"closed","template":"","meta":{"_et_pb_use_builder":"on","_et_pb_old_content":"","_et_gb_content_width":"","footnotes":""},"class_list":["post-3363","page","type-page","status-publish","hentry"],"yoast_head":"<!-- This site is optimized with the Yoast SEO plugin v27.4 - https:\/\/yoast.com\/product\/yoast-seo-wordpress\/ -->\n<title>2024-December - CECD - Centre pour l&#039;\u00e9tude de la citoyennet\u00e9 d\u00e9mocratique<\/title>\n<meta name=\"robots\" content=\"index, follow, max-snippet:-1, max-image-preview:large, max-video-preview:-1\" \/>\n<link rel=\"canonical\" href=\"https:\/\/csdc-cecd.ca\/2024-decembre\/\" \/>\n<meta property=\"og:locale\" content=\"en_US\" \/>\n<meta property=\"og:type\" content=\"article\" \/>\n<meta property=\"og:title\" content=\"2024-December - CECD - Centre pour l&#039;\u00e9tude de la citoyennet\u00e9 d\u00e9mocratique\" \/>\n<meta property=\"og:description\" content=\"Filkobski, I., E. ShorBusiness as Usual\u201d? Human RightsNGOs\u2019 Adaptation Strategies toRepressive LegislationSociological Perspectives, 2024 McKelvey, F., J. Redden , J. Roberge , L. Stark(Un)stable diffusions The publics, publicities, and publicizations of generative AIJournal of Digital Social Research, 2024Book Chapters Landry, N.D\u00e9finir un agenda p\u00e9dagogique de d\u00e9veloppement de la pens\u00e9e critique \u00e0 l\u2019\u00e9gard du num\u00e9rique in [&hellip;]\" \/>\n<meta property=\"og:url\" content=\"https:\/\/csdc-cecd.ca\/2024-decembre\/\" \/>\n<meta property=\"og:site_name\" content=\"CECD - Centre pour l&#039;\u00e9tude de la citoyennet\u00e9 d\u00e9mocratique\" \/>\n<meta property=\"article:modified_time\" content=\"2025-04-17T12:52:17+00:00\" \/>\n<meta name=\"twitter:card\" content=\"summary_large_image\" \/>\n<meta name=\"twitter:label1\" content=\"Est. reading time\" \/>\n\t<meta name=\"twitter:data1\" content=\"1 minute\" \/>\n<script type=\"application\/ld+json\" class=\"yoast-schema-graph\">{\"@context\":\"https:\\\/\\\/schema.org\",\"@graph\":[{\"@type\":\"WebPage\",\"@id\":\"https:\\\/\\\/csdc-cecd.ca\\\/2024-decembre\\\/\",\"url\":\"https:\\\/\\\/csdc-cecd.ca\\\/2024-decembre\\\/\",\"name\":\"2024-December - CECD - Centre pour l&#039;\u00e9tude de la citoyennet\u00e9 d\u00e9mocratique\",\"isPartOf\":{\"@id\":\"https:\\\/\\\/csdc-cecd.ca\\\/#website\"},\"datePublished\":\"2024-11-11T15:17:38+00:00\",\"dateModified\":\"2025-04-17T12:52:17+00:00\",\"breadcrumb\":{\"@id\":\"https:\\\/\\\/csdc-cecd.ca\\\/2024-decembre\\\/#breadcrumb\"},\"inLanguage\":\"en-US\",\"potentialAction\":[{\"@type\":\"ReadAction\",\"target\":[\"https:\\\/\\\/csdc-cecd.ca\\\/2024-decembre\\\/\"]}]},{\"@type\":\"BreadcrumbList\",\"@id\":\"https:\\\/\\\/csdc-cecd.ca\\\/2024-decembre\\\/#breadcrumb\",\"itemListElement\":[{\"@type\":\"ListItem\",\"position\":1,\"name\":\"Accueil\",\"item\":\"https:\\\/\\\/csdc-cecd.ca\\\/en\\\/\"},{\"@type\":\"ListItem\",\"position\":2,\"name\":\"2024-December\"}]},{\"@type\":\"WebSite\",\"@id\":\"https:\\\/\\\/csdc-cecd.ca\\\/#website\",\"url\":\"https:\\\/\\\/csdc-cecd.ca\\\/\",\"name\":\"CECD - Centre pour l&#039;\u00e9tude de la citoyennet\u00e9 d\u00e9mocratique\",\"description\":\"\",\"potentialAction\":[{\"@type\":\"SearchAction\",\"target\":{\"@type\":\"EntryPoint\",\"urlTemplate\":\"https:\\\/\\\/csdc-cecd.ca\\\/?s={search_term_string}\"},\"query-input\":{\"@type\":\"PropertyValueSpecification\",\"valueRequired\":true,\"valueName\":\"search_term_string\"}}],\"inLanguage\":\"en-US\"}]}<\/script>\n<!-- \/ Yoast SEO plugin. -->","yoast_head_json":{"title":"2024-December - CECD - Centre pour l&#039;\u00e9tude de la citoyennet\u00e9 d\u00e9mocratique","robots":{"index":"index","follow":"follow","max-snippet":"max-snippet:-1","max-image-preview":"max-image-preview:large","max-video-preview":"max-video-preview:-1"},"canonical":"https:\/\/csdc-cecd.ca\/2024-decembre\/","og_locale":"en_US","og_type":"article","og_title":"2024-December - CECD - Centre pour l&#039;\u00e9tude de la citoyennet\u00e9 d\u00e9mocratique","og_description":"Filkobski, I., E. ShorBusiness as Usual\u201d? Human RightsNGOs\u2019 Adaptation Strategies toRepressive LegislationSociological Perspectives, 2024 McKelvey, F., J. Redden , J. Roberge , L. Stark(Un)stable diffusions The publics, publicities, and publicizations of generative AIJournal of Digital Social Research, 2024Book Chapters Landry, N.D\u00e9finir un agenda p\u00e9dagogique de d\u00e9veloppement de la pens\u00e9e critique \u00e0 l\u2019\u00e9gard du num\u00e9rique in [&hellip;]","og_url":"https:\/\/csdc-cecd.ca\/2024-decembre\/","og_site_name":"CECD - Centre pour l&#039;\u00e9tude de la citoyennet\u00e9 d\u00e9mocratique","article_modified_time":"2025-04-17T12:52:17+00:00","twitter_card":"summary_large_image","twitter_misc":{"Est. reading time":"1 minute"},"schema":{"@context":"https:\/\/schema.org","@graph":[{"@type":"WebPage","@id":"https:\/\/csdc-cecd.ca\/2024-decembre\/","url":"https:\/\/csdc-cecd.ca\/2024-decembre\/","name":"2024-December - CECD - Centre pour l&#039;\u00e9tude de la citoyennet\u00e9 d\u00e9mocratique","isPartOf":{"@id":"https:\/\/csdc-cecd.ca\/#website"},"datePublished":"2024-11-11T15:17:38+00:00","dateModified":"2025-04-17T12:52:17+00:00","breadcrumb":{"@id":"https:\/\/csdc-cecd.ca\/2024-decembre\/#breadcrumb"},"inLanguage":"en-US","potentialAction":[{"@type":"ReadAction","target":["https:\/\/csdc-cecd.ca\/2024-decembre\/"]}]},{"@type":"BreadcrumbList","@id":"https:\/\/csdc-cecd.ca\/2024-decembre\/#breadcrumb","itemListElement":[{"@type":"ListItem","position":1,"name":"Accueil","item":"https:\/\/csdc-cecd.ca\/en\/"},{"@type":"ListItem","position":2,"name":"2024-December"}]},{"@type":"WebSite","@id":"https:\/\/csdc-cecd.ca\/#website","url":"https:\/\/csdc-cecd.ca\/","name":"CECD - Centre pour l&#039;\u00e9tude de la citoyennet\u00e9 d\u00e9mocratique","description":"","potentialAction":[{"@type":"SearchAction","target":{"@type":"EntryPoint","urlTemplate":"https:\/\/csdc-cecd.ca\/?s={search_term_string}"},"query-input":{"@type":"PropertyValueSpecification","valueRequired":true,"valueName":"search_term_string"}}],"inLanguage":"en-US"}]}},"_links":{"self":[{"href":"https:\/\/csdc-cecd.ca\/en\/wp-json\/wp\/v2\/pages\/3363","targetHints":{"allow":["GET"]}}],"collection":[{"href":"https:\/\/csdc-cecd.ca\/en\/wp-json\/wp\/v2\/pages"}],"about":[{"href":"https:\/\/csdc-cecd.ca\/en\/wp-json\/wp\/v2\/types\/page"}],"author":[{"embeddable":true,"href":"https:\/\/csdc-cecd.ca\/en\/wp-json\/wp\/v2\/users\/1"}],"replies":[{"embeddable":true,"href":"https:\/\/csdc-cecd.ca\/en\/wp-json\/wp\/v2\/comments?post=3363"}],"version-history":[{"count":9,"href":"https:\/\/csdc-cecd.ca\/en\/wp-json\/wp\/v2\/pages\/3363\/revisions"}],"predecessor-version":[{"id":4863,"href":"https:\/\/csdc-cecd.ca\/en\/wp-json\/wp\/v2\/pages\/3363\/revisions\/4863"}],"wp:attachment":[{"href":"https:\/\/csdc-cecd.ca\/en\/wp-json\/wp\/v2\/media?parent=3363"}],"curies":[{"name":"wp","href":"https:\/\/api.w.org\/{rel}","templated":true}]}}