{"id":3564,"date":"2024-11-12T11:48:44","date_gmt":"2024-11-12T16:48:44","guid":{"rendered":"https:\/\/csdc-cecd.ca\/?page_id=3564"},"modified":"2025-04-07T16:35:48","modified_gmt":"2025-04-07T20:35:48","slug":"2023-march","status":"publish","type":"page","link":"https:\/\/csdc-cecd.ca\/en\/2023-march\/","title":{"rendered":"2023 &#8211; March"},"content":{"rendered":"<p>[et_pb_section fb_built=&#8221;1&#8243; theme_builder_area=&#8221;post_content&#8221; _builder_version=&#8221;4.27.4&#8243; _module_preset=&#8221;default&#8221;][et_pb_row _builder_version=&#8221;4.27.4&#8243; _module_preset=&#8221;default&#8221; theme_builder_area=&#8221;post_content&#8221;][et_pb_column _builder_version=&#8221;4.27.4&#8243; _module_preset=&#8221;default&#8221; type=&#8221;4_4&#8243; theme_builder_area=&#8221;post_content&#8221;][et_pb_heading title=&#8221;2023 &#8211; Mar.&#8221; _builder_version=&#8221;4.27.4&#8243; _module_preset=&#8221;default&#8221; theme_builder_area=&#8221;post_content&#8221; hover_enabled=&#8221;0&#8243; sticky_enabled=&#8221;0&#8243;][\/et_pb_heading][\/et_pb_column][\/et_pb_row][et_pb_row _builder_version=&#8221;4.27.4&#8243; _module_preset=&#8221;default&#8221; theme_builder_area=&#8221;post_content&#8221;][et_pb_column _builder_version=&#8221;4.27.4&#8243; _module_preset=&#8221;default&#8221; type=&#8221;4_4&#8243; theme_builder_area=&#8221;post_content&#8221;][et_pb_toggle title=&#8221;Media&#8221; _builder_version=&#8221;4.27.4&#8243; _module_preset=&#8221;default&#8221; theme_builder_area=&#8221;post_content&#8221; hover_enabled=&#8221;0&#8243; sticky_enabled=&#8221;0&#8243;]<\/p>\n<p>Colette Brin \u2013 Le Journal de Montr\u00e9al<span>\u00a0<\/span><span>\u2013\u00a0<\/span><span>2023|03|31<\/span><br \/><a href=\"https:\/\/www.journaldemontreal.com\/2023\/03\/31\/fin-de-plusieurs-journaux-papier-dure-semaine-pour-la-presse-ecrite\">Fin de plusieurs journaux papier: dure semaine pour la presse \u00e9crite<\/a><\/p>\n<p>Colette Brin \u2013 Le Devoir<span>\u00a0<\/span><span>\u2013\u00a0<\/span><span>2023|03|30<\/span><br \/><a href=\"https:\/\/www.ledevoir.com\/culture\/medias\/791372\/medias-cesser-de-s-informer-pour-cesser-d-etre-stresse\">Quand la fatigue informationnelle frappe, ou cesser de s\u2019informer pour cesser d\u2019\u00eatre stress\u00e9<\/a><\/p>\n<p>Marc-Andr\u00e9 Bodet, Fran\u00e7ois G\u00e9lineau \u2013 LSE Blogs<span>\u00a0<\/span><span>\u2013\u00a0<\/span><span>2023|03|16<\/span><br \/><a href=\"https:\/\/blogs.lse.ac.uk\/usappblog\/2023\/03\/16\/mail-reminders-can-increase-voter-turnout-by-up-to-four-percentage-points-in-primary-elections\/\">Mail reminders can increase voter turnout by up to four percentage points in primary elections<\/a><\/p>\n<p>Thierry Giasson \u2013 Le Devoir<span>\u00a0<\/span><span>\u2013\u00a0<\/span><span>2023|03|04<\/span><br \/><a href=\"https:\/\/www.ledevoir.com\/politique\/quebec\/784064\/election-partielle-election-partielle-le-defi-de-la-mobilisationdans-saint-henri-sainte-anne\">Le d\u00e9fi de la mobilisation dans Saint-Henri\u2013Sainte-Anne<\/a><\/p>\n<p>[\/et_pb_toggle][\/et_pb_column][\/et_pb_row][\/et_pb_section]<\/p>\n","protected":false},"excerpt":{"rendered":"<p>Colette Brin \u2013 Le Journal de Montr\u00e9al\u00a0\u2013\u00a02023|03|31Fin de plusieurs journaux papier: dure semaine pour la presse \u00e9crite Colette Brin \u2013 Le Devoir\u00a0\u2013\u00a02023|03|30Quand la fatigue informationnelle frappe, ou cesser de s\u2019informer pour cesser d\u2019\u00eatre stress\u00e9 Marc-Andr\u00e9 Bodet, Fran\u00e7ois G\u00e9lineau \u2013 LSE Blogs\u00a0\u2013\u00a02023|03|16Mail reminders can increase voter turnout by up to four percentage points in primary elections [&hellip;]<\/p>\n","protected":false},"author":1,"featured_media":0,"parent":0,"menu_order":0,"comment_status":"closed","ping_status":"closed","template":"","meta":{"_et_pb_use_builder":"on","_et_pb_old_content":"","_et_gb_content_width":"","footnotes":""},"class_list":["post-3564","page","type-page","status-publish","hentry"],"yoast_head":"<!-- This site is optimized with the Yoast SEO plugin v27.4 - https:\/\/yoast.com\/product\/yoast-seo-wordpress\/ -->\n<title>2023 - March - CECD - Centre pour l&#039;\u00e9tude de la citoyennet\u00e9 d\u00e9mocratique<\/title>\n<meta name=\"robots\" content=\"index, follow, max-snippet:-1, max-image-preview:large, max-video-preview:-1\" \/>\n<link rel=\"canonical\" href=\"https:\/\/csdc-cecd.ca\/en\/2023-march\/\" \/>\n<meta property=\"og:locale\" content=\"en_US\" \/>\n<meta property=\"og:type\" content=\"article\" \/>\n<meta property=\"og:title\" content=\"2023 - March - CECD - Centre pour l&#039;\u00e9tude de la citoyennet\u00e9 d\u00e9mocratique\" \/>\n<meta property=\"og:description\" content=\"Colette Brin \u2013 Le Journal de Montr\u00e9al\u00a0\u2013\u00a02023|03|31Fin de plusieurs journaux papier: dure semaine pour la presse \u00e9crite Colette Brin \u2013 Le Devoir\u00a0\u2013\u00a02023|03|30Quand la fatigue informationnelle frappe, ou cesser de s\u2019informer pour cesser d\u2019\u00eatre stress\u00e9 Marc-Andr\u00e9 Bodet, Fran\u00e7ois G\u00e9lineau \u2013 LSE Blogs\u00a0\u2013\u00a02023|03|16Mail reminders can increase voter turnout by up to four percentage points in primary elections [&hellip;]\" \/>\n<meta property=\"og:url\" content=\"https:\/\/csdc-cecd.ca\/en\/2023-march\/\" \/>\n<meta property=\"og:site_name\" content=\"CECD - Centre pour l&#039;\u00e9tude de la citoyennet\u00e9 d\u00e9mocratique\" \/>\n<meta property=\"article:modified_time\" content=\"2025-04-07T20:35:48+00:00\" \/>\n<meta name=\"twitter:card\" content=\"summary_large_image\" \/>\n<script type=\"application\/ld+json\" class=\"yoast-schema-graph\">{\"@context\":\"https:\\\/\\\/schema.org\",\"@graph\":[{\"@type\":\"WebPage\",\"@id\":\"https:\\\/\\\/csdc-cecd.ca\\\/en\\\/2023-march\\\/\",\"url\":\"https:\\\/\\\/csdc-cecd.ca\\\/en\\\/2023-march\\\/\",\"name\":\"2023 - March - CECD - Centre pour l&#039;\u00e9tude de la citoyennet\u00e9 d\u00e9mocratique\",\"isPartOf\":{\"@id\":\"https:\\\/\\\/csdc-cecd.ca\\\/#website\"},\"datePublished\":\"2024-11-12T16:48:44+00:00\",\"dateModified\":\"2025-04-07T20:35:48+00:00\",\"breadcrumb\":{\"@id\":\"https:\\\/\\\/csdc-cecd.ca\\\/en\\\/2023-march\\\/#breadcrumb\"},\"inLanguage\":\"en-US\",\"potentialAction\":[{\"@type\":\"ReadAction\",\"target\":[\"https:\\\/\\\/csdc-cecd.ca\\\/en\\\/2023-march\\\/\"]}]},{\"@type\":\"BreadcrumbList\",\"@id\":\"https:\\\/\\\/csdc-cecd.ca\\\/en\\\/2023-march\\\/#breadcrumb\",\"itemListElement\":[{\"@type\":\"ListItem\",\"position\":1,\"name\":\"Accueil\",\"item\":\"https:\\\/\\\/csdc-cecd.ca\\\/en\\\/\"},{\"@type\":\"ListItem\",\"position\":2,\"name\":\"2023 &#8211; March\"}]},{\"@type\":\"WebSite\",\"@id\":\"https:\\\/\\\/csdc-cecd.ca\\\/#website\",\"url\":\"https:\\\/\\\/csdc-cecd.ca\\\/\",\"name\":\"CECD - Centre pour l&#039;\u00e9tude de la citoyennet\u00e9 d\u00e9mocratique\",\"description\":\"\",\"potentialAction\":[{\"@type\":\"SearchAction\",\"target\":{\"@type\":\"EntryPoint\",\"urlTemplate\":\"https:\\\/\\\/csdc-cecd.ca\\\/?s={search_term_string}\"},\"query-input\":{\"@type\":\"PropertyValueSpecification\",\"valueRequired\":true,\"valueName\":\"search_term_string\"}}],\"inLanguage\":\"en-US\"}]}<\/script>\n<!-- \/ Yoast SEO plugin. -->","yoast_head_json":{"title":"2023 - March - CECD - Centre pour l&#039;\u00e9tude de la citoyennet\u00e9 d\u00e9mocratique","robots":{"index":"index","follow":"follow","max-snippet":"max-snippet:-1","max-image-preview":"max-image-preview:large","max-video-preview":"max-video-preview:-1"},"canonical":"https:\/\/csdc-cecd.ca\/en\/2023-march\/","og_locale":"en_US","og_type":"article","og_title":"2023 - March - CECD - Centre pour l&#039;\u00e9tude de la citoyennet\u00e9 d\u00e9mocratique","og_description":"Colette Brin \u2013 Le Journal de Montr\u00e9al\u00a0\u2013\u00a02023|03|31Fin de plusieurs journaux papier: dure semaine pour la presse \u00e9crite Colette Brin \u2013 Le Devoir\u00a0\u2013\u00a02023|03|30Quand la fatigue informationnelle frappe, ou cesser de s\u2019informer pour cesser d\u2019\u00eatre stress\u00e9 Marc-Andr\u00e9 Bodet, Fran\u00e7ois G\u00e9lineau \u2013 LSE Blogs\u00a0\u2013\u00a02023|03|16Mail reminders can increase voter turnout by up to four percentage points in primary elections [&hellip;]","og_url":"https:\/\/csdc-cecd.ca\/en\/2023-march\/","og_site_name":"CECD - Centre pour l&#039;\u00e9tude de la citoyennet\u00e9 d\u00e9mocratique","article_modified_time":"2025-04-07T20:35:48+00:00","twitter_card":"summary_large_image","schema":{"@context":"https:\/\/schema.org","@graph":[{"@type":"WebPage","@id":"https:\/\/csdc-cecd.ca\/en\/2023-march\/","url":"https:\/\/csdc-cecd.ca\/en\/2023-march\/","name":"2023 - March - CECD - Centre pour l&#039;\u00e9tude de la citoyennet\u00e9 d\u00e9mocratique","isPartOf":{"@id":"https:\/\/csdc-cecd.ca\/#website"},"datePublished":"2024-11-12T16:48:44+00:00","dateModified":"2025-04-07T20:35:48+00:00","breadcrumb":{"@id":"https:\/\/csdc-cecd.ca\/en\/2023-march\/#breadcrumb"},"inLanguage":"en-US","potentialAction":[{"@type":"ReadAction","target":["https:\/\/csdc-cecd.ca\/en\/2023-march\/"]}]},{"@type":"BreadcrumbList","@id":"https:\/\/csdc-cecd.ca\/en\/2023-march\/#breadcrumb","itemListElement":[{"@type":"ListItem","position":1,"name":"Accueil","item":"https:\/\/csdc-cecd.ca\/en\/"},{"@type":"ListItem","position":2,"name":"2023 &#8211; March"}]},{"@type":"WebSite","@id":"https:\/\/csdc-cecd.ca\/#website","url":"https:\/\/csdc-cecd.ca\/","name":"CECD - Centre pour l&#039;\u00e9tude de la citoyennet\u00e9 d\u00e9mocratique","description":"","potentialAction":[{"@type":"SearchAction","target":{"@type":"EntryPoint","urlTemplate":"https:\/\/csdc-cecd.ca\/?s={search_term_string}"},"query-input":{"@type":"PropertyValueSpecification","valueRequired":true,"valueName":"search_term_string"}}],"inLanguage":"en-US"}]}},"_links":{"self":[{"href":"https:\/\/csdc-cecd.ca\/en\/wp-json\/wp\/v2\/pages\/3564","targetHints":{"allow":["GET"]}}],"collection":[{"href":"https:\/\/csdc-cecd.ca\/en\/wp-json\/wp\/v2\/pages"}],"about":[{"href":"https:\/\/csdc-cecd.ca\/en\/wp-json\/wp\/v2\/types\/page"}],"author":[{"embeddable":true,"href":"https:\/\/csdc-cecd.ca\/en\/wp-json\/wp\/v2\/users\/1"}],"replies":[{"embeddable":true,"href":"https:\/\/csdc-cecd.ca\/en\/wp-json\/wp\/v2\/comments?post=3564"}],"version-history":[{"count":3,"href":"https:\/\/csdc-cecd.ca\/en\/wp-json\/wp\/v2\/pages\/3564\/revisions"}],"predecessor-version":[{"id":4681,"href":"https:\/\/csdc-cecd.ca\/en\/wp-json\/wp\/v2\/pages\/3564\/revisions\/4681"}],"wp:attachment":[{"href":"https:\/\/csdc-cecd.ca\/en\/wp-json\/wp\/v2\/media?parent=3564"}],"curies":[{"name":"wp","href":"https:\/\/api.w.org\/{rel}","templated":true}]}}