{"id":3583,"date":"2024-11-12T11:52:45","date_gmt":"2024-11-12T16:52:45","guid":{"rendered":"https:\/\/csdc-cecd.ca\/?page_id=3583"},"modified":"2025-04-08T10:50:07","modified_gmt":"2025-04-08T14:50:07","slug":"2023-december","status":"publish","type":"page","link":"https:\/\/csdc-cecd.ca\/en\/2023-december\/","title":{"rendered":"2023 &#8211; December"},"content":{"rendered":"<p>[et_pb_section fb_built=&#8221;1&#8243; theme_builder_area=&#8221;post_content&#8221; _builder_version=&#8221;4.27.4&#8243; _module_preset=&#8221;default&#8221;][et_pb_row _builder_version=&#8221;4.27.4&#8243; _module_preset=&#8221;default&#8221; theme_builder_area=&#8221;post_content&#8221;][et_pb_column _builder_version=&#8221;4.27.4&#8243; _module_preset=&#8221;default&#8221; type=&#8221;4_4&#8243; theme_builder_area=&#8221;post_content&#8221;][et_pb_heading title=&#8221;2023 &#8211; Dec.&#8221; _builder_version=&#8221;4.27.4&#8243; _module_preset=&#8221;default&#8221; theme_builder_area=&#8221;post_content&#8221; hover_enabled=&#8221;0&#8243; sticky_enabled=&#8221;0&#8243;][\/et_pb_heading][\/et_pb_column][\/et_pb_row][et_pb_row _builder_version=&#8221;4.27.4&#8243; _module_preset=&#8221;default&#8221; theme_builder_area=&#8221;post_content&#8221;][et_pb_column _builder_version=&#8221;4.27.4&#8243; _module_preset=&#8221;default&#8221; type=&#8221;4_4&#8243; theme_builder_area=&#8221;post_content&#8221;][et_pb_toggle title=&#8221;Scientific Article&#8221; _builder_version=&#8221;4.27.4&#8243; _module_preset=&#8221;default&#8221; theme_builder_area=&#8221;post_content&#8221; hover_enabled=&#8221;0&#8243; sticky_enabled=&#8221;0&#8243;]<\/p>\n<p><span>Sevi, S., M. Avina, R. Dassonneville<\/span><br \/><a href=\"https:\/\/www.tandfonline.com\/doi\/full\/10.1080\/17457289.2023.2293205\">Do incumbents gain from calling a snap election?Journal of Elections, Public<\/a><span>\u00a0Opinion and Parties, 2023<\/span><\/p>\n<p>[\/et_pb_toggle][\/et_pb_column][\/et_pb_row][et_pb_row _builder_version=&#8221;4.27.4&#8243; _module_preset=&#8221;default&#8221; theme_builder_area=&#8221;post_content&#8221;][et_pb_column _builder_version=&#8221;4.27.4&#8243; _module_preset=&#8221;default&#8221; type=&#8221;4_4&#8243; theme_builder_area=&#8221;post_content&#8221;][et_pb_divider _builder_version=&#8221;4.27.4&#8243; _module_preset=&#8221;default&#8221; theme_builder_area=&#8221;post_content&#8221; color=&#8221;#000000&#8243; hover_enabled=&#8221;0&#8243; sticky_enabled=&#8221;0&#8243;][\/et_pb_divider][\/et_pb_column][\/et_pb_row][et_pb_row _builder_version=&#8221;4.27.4&#8243; _module_preset=&#8221;default&#8221; theme_builder_area=&#8221;post_content&#8221;][et_pb_column _builder_version=&#8221;4.27.4&#8243; _module_preset=&#8221;default&#8221; type=&#8221;4_4&#8243; theme_builder_area=&#8221;post_content&#8221;][et_pb_toggle title=&#8221;Media&#8221; _builder_version=&#8221;4.27.4&#8243; _module_preset=&#8221;default&#8221; theme_builder_area=&#8221;post_content&#8221; hover_enabled=&#8221;0&#8243; sticky_enabled=&#8221;0&#8243;]<\/p>\n<p>Colette Brin \u2013 Le Droit \u2013<span>\u00a0<\/span><span>2023|12|31<\/span><br \/><a href=\"https:\/\/www.ledroit.com\/actualites\/actualites-locales\/estrie-et-regions\/2023\/12\/31\/medias-traditionnels-reseaux-sociaux-et-univers-numerique-comment-les-jeunes-sy-retrouvent-WUQWYBGIBJCMFFOM5CIWWSV6WA\/\">M\u00e9dias traditionnels, r\u00e9seaux sociaux et univers num\u00e9rique: comment les jeunes s\u2019y retrouvent?<\/a><br \/><a href=\"https:\/\/www.ledroit.com\/actualites\/actualites-locales\/estrie-et-regions\/2023\/12\/31\/medias-traditionnels-reseaux-sociaux-et-univers-numerique-comment-les-jeunes-sy-retrouvent-WUQWYBGIBJCMFFOM5CIWWSV6WA\/\"><\/a><\/p>\n<p>Joanie Bouchard \u2013 Journal de Qu\u00e9bec \u2013<span>\u00a0<\/span><span>2023|12|27<\/span><br \/><a href=\"https:\/\/www.journaldequebec.com\/2023\/11\/27\/exclusion-des-hommes-lors-des-elections-partielles--ecoeure-un-ex-candidat-de-qs-claque-la-porte\">Exclusion des hommes lors des \u00e9lections partielles: \u00e9c\u0153ur\u00e9, un ex-candidat de Qu\u00e9bec solidaire claque la porte<\/a><\/p>\n<p>Emmanuel Choquette \u2013 Radio Canada<span>\u00a0<\/span><span>\u2013 2023|12|18<\/span><br \/><a href=\"https:\/\/ici.radio-canada.ca\/nouvelle\/2035915\/taxe-conseiller-sherbrooke-menaces-propos-haineux\">Taxe sur les piscines : les \u00e9lus de Sherbrooke vis\u00e9s par des propos haineux<\/a><\/p>\n<p>Colette Brin \u2013 Radio Canada<span>\u00a0<\/span><span>\u2013 2023|12|15<\/span><br \/><a href=\"https:\/\/ici.radio-canada.ca\/nouvelle\/2035240\/backlinking-publicites-articles-casinos-illegaux-patrick-white-hebdos-journaux-quebec\">Une dizaine de m\u00e9dias qu\u00e9b\u00e9cois ont fait la promotion de casinos en ligne ill\u00e9gaux<\/a><\/p>\n<p>Normand Landry \u2013 Agence Science Presse<span>\u00a0<\/span><span>\u2013 2023|12|15<\/span><br \/><a href=\"https:\/\/www.sciencepresse.qc.ca\/actualite\/2023\/12\/15\/desinformation-destabilise-democratie\">La d\u00e9sinformation qui d\u00e9stabilise la d\u00e9mocratie<\/a><\/p>\n<p>Colette Brin \u2013 La Presse<span>\u00a0<\/span><span>\u2013 2023|12|08<\/span><br \/><a href=\"https:\/\/www.lapresse.ca\/dialogue\/chroniques\/2023-12-08\/grosse-semaine-pour-catherine-tait\/l-art-de-se-tirer-dans-le-pied.php\">Grosse semaine pour\u2026 Catherine Tait | L\u2019art de se tirer dans le pied<\/a><\/p>\n<p>Antoine Bilodeau \u2013 Le Devoir<span>\u00a0<\/span><span>\u2013 2023|12|04<\/span><br \/><a href=\"https:\/\/www.ledevoir.com\/societe\/803145\/recherche-et-innovation-comment-immigrants-adaptent-systemes-politiques-canadien-quebecois\">Comment les immigrants s\u2019adaptent aux syst\u00e8mes politiques canadien et qu\u00e9b\u00e9cois<\/a><\/p>\n<p>[\/et_pb_toggle][\/et_pb_column][\/et_pb_row][\/et_pb_section]<\/p>\n","protected":false},"excerpt":{"rendered":"<p>Sevi, S., M. Avina, R. DassonnevilleDo incumbents gain from calling a snap election?Journal of Elections, Public\u00a0Opinion and Parties, 2023Colette Brin \u2013 Le Droit \u2013\u00a02023|12|31M\u00e9dias traditionnels, r\u00e9seaux sociaux et univers num\u00e9rique: comment les jeunes s\u2019y retrouvent? Joanie Bouchard \u2013 Journal de Qu\u00e9bec \u2013\u00a02023|12|27Exclusion des hommes lors des \u00e9lections partielles: \u00e9c\u0153ur\u00e9, un ex-candidat de Qu\u00e9bec solidaire claque [&hellip;]<\/p>\n","protected":false},"author":1,"featured_media":0,"parent":0,"menu_order":0,"comment_status":"closed","ping_status":"closed","template":"","meta":{"_et_pb_use_builder":"on","_et_pb_old_content":"","_et_gb_content_width":"","footnotes":""},"class_list":["post-3583","page","type-page","status-publish","hentry"],"yoast_head":"<!-- This site is optimized with the Yoast SEO plugin v27.4 - https:\/\/yoast.com\/product\/yoast-seo-wordpress\/ -->\n<title>2023 - December - CECD - Centre pour l&#039;\u00e9tude de la citoyennet\u00e9 d\u00e9mocratique<\/title>\n<meta name=\"robots\" content=\"index, follow, max-snippet:-1, max-image-preview:large, max-video-preview:-1\" \/>\n<link rel=\"canonical\" href=\"https:\/\/csdc-cecd.ca\/en\/2023-december\/\" \/>\n<meta property=\"og:locale\" content=\"en_US\" \/>\n<meta property=\"og:type\" content=\"article\" \/>\n<meta property=\"og:title\" content=\"2023 - December - CECD - Centre pour l&#039;\u00e9tude de la citoyennet\u00e9 d\u00e9mocratique\" \/>\n<meta property=\"og:description\" content=\"Sevi, S., M. Avina, R. DassonnevilleDo incumbents gain from calling a snap election?Journal of Elections, Public\u00a0Opinion and Parties, 2023Colette Brin \u2013 Le Droit \u2013\u00a02023|12|31M\u00e9dias traditionnels, r\u00e9seaux sociaux et univers num\u00e9rique: comment les jeunes s\u2019y retrouvent? Joanie Bouchard \u2013 Journal de Qu\u00e9bec \u2013\u00a02023|12|27Exclusion des hommes lors des \u00e9lections partielles: \u00e9c\u0153ur\u00e9, un ex-candidat de Qu\u00e9bec solidaire claque [&hellip;]\" \/>\n<meta property=\"og:url\" content=\"https:\/\/csdc-cecd.ca\/en\/2023-december\/\" \/>\n<meta property=\"og:site_name\" content=\"CECD - Centre pour l&#039;\u00e9tude de la citoyennet\u00e9 d\u00e9mocratique\" \/>\n<meta property=\"article:modified_time\" content=\"2025-04-08T14:50:07+00:00\" \/>\n<meta name=\"twitter:card\" content=\"summary_large_image\" \/>\n<script type=\"application\/ld+json\" class=\"yoast-schema-graph\">{\"@context\":\"https:\\\/\\\/schema.org\",\"@graph\":[{\"@type\":\"WebPage\",\"@id\":\"https:\\\/\\\/csdc-cecd.ca\\\/en\\\/2023-december\\\/\",\"url\":\"https:\\\/\\\/csdc-cecd.ca\\\/en\\\/2023-december\\\/\",\"name\":\"2023 - December - CECD - Centre pour l&#039;\u00e9tude de la citoyennet\u00e9 d\u00e9mocratique\",\"isPartOf\":{\"@id\":\"https:\\\/\\\/csdc-cecd.ca\\\/#website\"},\"datePublished\":\"2024-11-12T16:52:45+00:00\",\"dateModified\":\"2025-04-08T14:50:07+00:00\",\"breadcrumb\":{\"@id\":\"https:\\\/\\\/csdc-cecd.ca\\\/en\\\/2023-december\\\/#breadcrumb\"},\"inLanguage\":\"en-US\",\"potentialAction\":[{\"@type\":\"ReadAction\",\"target\":[\"https:\\\/\\\/csdc-cecd.ca\\\/en\\\/2023-december\\\/\"]}]},{\"@type\":\"BreadcrumbList\",\"@id\":\"https:\\\/\\\/csdc-cecd.ca\\\/en\\\/2023-december\\\/#breadcrumb\",\"itemListElement\":[{\"@type\":\"ListItem\",\"position\":1,\"name\":\"Accueil\",\"item\":\"https:\\\/\\\/csdc-cecd.ca\\\/en\\\/\"},{\"@type\":\"ListItem\",\"position\":2,\"name\":\"2023 &#8211; December\"}]},{\"@type\":\"WebSite\",\"@id\":\"https:\\\/\\\/csdc-cecd.ca\\\/#website\",\"url\":\"https:\\\/\\\/csdc-cecd.ca\\\/\",\"name\":\"CECD - Centre pour l&#039;\u00e9tude de la citoyennet\u00e9 d\u00e9mocratique\",\"description\":\"\",\"potentialAction\":[{\"@type\":\"SearchAction\",\"target\":{\"@type\":\"EntryPoint\",\"urlTemplate\":\"https:\\\/\\\/csdc-cecd.ca\\\/?s={search_term_string}\"},\"query-input\":{\"@type\":\"PropertyValueSpecification\",\"valueRequired\":true,\"valueName\":\"search_term_string\"}}],\"inLanguage\":\"en-US\"}]}<\/script>\n<!-- \/ Yoast SEO plugin. -->","yoast_head_json":{"title":"2023 - December - CECD - Centre pour l&#039;\u00e9tude de la citoyennet\u00e9 d\u00e9mocratique","robots":{"index":"index","follow":"follow","max-snippet":"max-snippet:-1","max-image-preview":"max-image-preview:large","max-video-preview":"max-video-preview:-1"},"canonical":"https:\/\/csdc-cecd.ca\/en\/2023-december\/","og_locale":"en_US","og_type":"article","og_title":"2023 - December - CECD - Centre pour l&#039;\u00e9tude de la citoyennet\u00e9 d\u00e9mocratique","og_description":"Sevi, S., M. Avina, R. DassonnevilleDo incumbents gain from calling a snap election?Journal of Elections, Public\u00a0Opinion and Parties, 2023Colette Brin \u2013 Le Droit \u2013\u00a02023|12|31M\u00e9dias traditionnels, r\u00e9seaux sociaux et univers num\u00e9rique: comment les jeunes s\u2019y retrouvent? Joanie Bouchard \u2013 Journal de Qu\u00e9bec \u2013\u00a02023|12|27Exclusion des hommes lors des \u00e9lections partielles: \u00e9c\u0153ur\u00e9, un ex-candidat de Qu\u00e9bec solidaire claque [&hellip;]","og_url":"https:\/\/csdc-cecd.ca\/en\/2023-december\/","og_site_name":"CECD - Centre pour l&#039;\u00e9tude de la citoyennet\u00e9 d\u00e9mocratique","article_modified_time":"2025-04-08T14:50:07+00:00","twitter_card":"summary_large_image","schema":{"@context":"https:\/\/schema.org","@graph":[{"@type":"WebPage","@id":"https:\/\/csdc-cecd.ca\/en\/2023-december\/","url":"https:\/\/csdc-cecd.ca\/en\/2023-december\/","name":"2023 - December - CECD - Centre pour l&#039;\u00e9tude de la citoyennet\u00e9 d\u00e9mocratique","isPartOf":{"@id":"https:\/\/csdc-cecd.ca\/#website"},"datePublished":"2024-11-12T16:52:45+00:00","dateModified":"2025-04-08T14:50:07+00:00","breadcrumb":{"@id":"https:\/\/csdc-cecd.ca\/en\/2023-december\/#breadcrumb"},"inLanguage":"en-US","potentialAction":[{"@type":"ReadAction","target":["https:\/\/csdc-cecd.ca\/en\/2023-december\/"]}]},{"@type":"BreadcrumbList","@id":"https:\/\/csdc-cecd.ca\/en\/2023-december\/#breadcrumb","itemListElement":[{"@type":"ListItem","position":1,"name":"Accueil","item":"https:\/\/csdc-cecd.ca\/en\/"},{"@type":"ListItem","position":2,"name":"2023 &#8211; December"}]},{"@type":"WebSite","@id":"https:\/\/csdc-cecd.ca\/#website","url":"https:\/\/csdc-cecd.ca\/","name":"CECD - Centre pour l&#039;\u00e9tude de la citoyennet\u00e9 d\u00e9mocratique","description":"","potentialAction":[{"@type":"SearchAction","target":{"@type":"EntryPoint","urlTemplate":"https:\/\/csdc-cecd.ca\/?s={search_term_string}"},"query-input":{"@type":"PropertyValueSpecification","valueRequired":true,"valueName":"search_term_string"}}],"inLanguage":"en-US"}]}},"_links":{"self":[{"href":"https:\/\/csdc-cecd.ca\/en\/wp-json\/wp\/v2\/pages\/3583","targetHints":{"allow":["GET"]}}],"collection":[{"href":"https:\/\/csdc-cecd.ca\/en\/wp-json\/wp\/v2\/pages"}],"about":[{"href":"https:\/\/csdc-cecd.ca\/en\/wp-json\/wp\/v2\/types\/page"}],"author":[{"embeddable":true,"href":"https:\/\/csdc-cecd.ca\/en\/wp-json\/wp\/v2\/users\/1"}],"replies":[{"embeddable":true,"href":"https:\/\/csdc-cecd.ca\/en\/wp-json\/wp\/v2\/comments?post=3583"}],"version-history":[{"count":4,"href":"https:\/\/csdc-cecd.ca\/en\/wp-json\/wp\/v2\/pages\/3583\/revisions"}],"predecessor-version":[{"id":4739,"href":"https:\/\/csdc-cecd.ca\/en\/wp-json\/wp\/v2\/pages\/3583\/revisions\/4739"}],"wp:attachment":[{"href":"https:\/\/csdc-cecd.ca\/en\/wp-json\/wp\/v2\/media?parent=3583"}],"curies":[{"name":"wp","href":"https:\/\/api.w.org\/{rel}","templated":true}]}}