{"id":3761,"date":"2024-12-04T10:35:29","date_gmt":"2024-12-04T15:35:29","guid":{"rendered":"https:\/\/csdc-cecd.ca\/?page_id=3761"},"modified":"2025-03-05T10:28:23","modified_gmt":"2025-03-05T15:28:23","slug":"presentation-4-avril-2025","status":"publish","type":"page","link":"https:\/\/csdc-cecd.ca\/en\/presentation-4-avril-2025\/","title":{"rendered":"Political Economy Approaches to the Study of Population Aging and Climate Change"},"content":{"rendered":"<p>[et_pb_section fb_built=&#8221;1&#8243; _builder_version=&#8221;4.27.4&#8243; _module_preset=&#8221;default&#8221; global_colors_info=&#8221;{}&#8221;][et_pb_row _builder_version=&#8221;4.27.4&#8243; _module_preset=&#8221;default&#8221; custom_padding=&#8221;20px|40px||40px|false|true&#8221; global_colors_info=&#8221;{}&#8221;][et_pb_column type=&#8221;4_4&#8243; _builder_version=&#8221;4.27.4&#8243; _module_preset=&#8221;default&#8221; global_colors_info=&#8221;{}&#8221;][et_pb_text _builder_version=&#8221;4.27.4&#8243; _module_preset=&#8221;default&#8221; global_colors_info=&#8221;{}&#8221;][\/et_pb_text][\/et_pb_column][\/et_pb_row][et_pb_row _builder_version=&#8221;4.27.4&#8243; _module_preset=&#8221;default&#8221; global_colors_info=&#8221;{}&#8221;][et_pb_column type=&#8221;4_4&#8243; _builder_version=&#8221;4.27.4&#8243; _module_preset=&#8221;default&#8221; global_colors_info=&#8221;{}&#8221;][et_pb_image src=&#8221;https:\/\/csdc-cecd.ca\/wp-content\/uploads\/2025\/03\/20250505-Affiche-4-avr-rev.png&#8221; title_text=&#8221;20250505 Affiche 4 avr rev&#8221; _builder_version=&#8221;4.27.4&#8243; _module_preset=&#8221;default&#8221; hover_enabled=&#8221;0&#8243; global_colors_info=&#8221;{}&#8221; sticky_enabled=&#8221;0&#8243;][\/et_pb_image][\/et_pb_column][\/et_pb_row][et_pb_row _builder_version=&#8221;4.27.4&#8243; _module_preset=&#8221;default&#8221; global_colors_info=&#8221;{}&#8221;][et_pb_column type=&#8221;4_4&#8243; _builder_version=&#8221;4.27.4&#8243; _module_preset=&#8221;default&#8221; global_colors_info=&#8221;{}&#8221;][et_pb_text _builder_version=&#8221;4.27.4&#8243; _module_preset=&#8221;default&#8221; global_colors_info=&#8221;{}&#8221;]<\/p>\n<p>The Centre for the Study of Democratic Citizenship,<a href=\"https:\/\/timvlandas.com\/\"><span>\u00a0<\/span><\/a><a href=\"https:\/\/cirano.qc.ca\/fr\">le Centre interuniversitaire de recherche en analyse des orgaisations (CIRANO)<\/a><a href=\"https:\/\/timvlandas.com\/\"><span>\u00a0et\u00a0<\/span><\/a><a href=\"https:\/\/maison-api.umontreal.ca\/accueil\/\">Maison des affaires publiques et internationales<\/a><span> present:\u00a0<\/span><\/p>\n<p><span><b>Political Economy Approaches to the Study of Population Aging and Climate Change<br \/><\/b>Moderator : Olivier Jacques, <\/span>Assistant Professor, \u00c9cole de sant\u00e9 publique &#8211; D\u00e9partement de gestion, d\u2019\u00e9valuation et de politique de sant\u00e9, Universit\u00e9 de Montr\u00e9al<\/p>\n<p>When: April 4, 2025, 1 &#8211; 4:30 p.m.<br \/>Where:\u00a0 Universit\u00e9 de Montr\u00e9al. room <span>\u00a06420, 3744 Jean-Brillant, Montr\u00e9al, Quebec<\/span><\/p>\n<p><a href=\"https:\/\/lepointdevente.com\/billets\/political-economy-approaches-to-the-study-of-population\"><span>Registration required<\/span><\/a><\/p>\n<p>[\/et_pb_text][\/et_pb_column][\/et_pb_row][et_pb_row column_structure=&#8221;1_4,3_4&#8243; _builder_version=&#8221;4.27.4&#8243; _module_preset=&#8221;default&#8221; global_colors_info=&#8221;{}&#8221;][et_pb_column type=&#8221;1_4&#8243; _builder_version=&#8221;4.27.4&#8243; _module_preset=&#8221;default&#8221; global_colors_info=&#8221;{}&#8221;][et_pb_image src=&#8221;https:\/\/csdc-cecd.ca\/wp-content\/uploads\/2024\/12\/tv1-e1733327637924.jpg&#8221; title_text=&#8221;tv1&#8243; _builder_version=&#8221;4.27.4&#8243; _module_preset=&#8221;default&#8221; global_colors_info=&#8221;{}&#8221;][\/et_pb_image][\/et_pb_column][et_pb_column type=&#8221;3_4&#8243; _builder_version=&#8221;4.27.4&#8243; _module_preset=&#8221;default&#8221; global_colors_info=&#8221;{}&#8221;][et_pb_text _builder_version=&#8221;4.27.4&#8243; _module_preset=&#8221;default&#8221; global_colors_info=&#8221;{}&#8221;]<\/p>\n<div class=\"elementToProof\"><a href=\"https:\/\/timvlandas.com\/\">Tim Vlandas<\/a> (University of Oxford, Angleterre)<\/div>\n<div class=\"elementToProof\"><em>Ageing democracies and the new electoral politics of economic stagnation<\/em><\/div>\n<div>Democracies have experienced profound population ageing in the last decades. Yet we still know little about the political consequences of ageing for economic performance. In this article, I develop a novel theoretical framework linking ageing to lower economic growth through two mechanisms: first, grey power pushes elected governments to expand old age policies thereby \u2018crowding out\u2019 more growth-enhancing policies; second, ageing populations weaken the electoral penalty for lower economic performance leading to \u2018economic unaccountability\u2019. Using microdata from four cross-national survey of preferences and vote choices, I show that elderly individuals care more about pensions, but less about education, childcare and family policies, and during elections they are less likely to penalize governments for low growth. Using macrodata on 21 advanced economies since the 1960s, OLS and instrumental variable regressions provide evidence that ageing leads to more spending on pensions policies but less on education, family, and childcare policies, as well as public investments, and lower growth. Ageing countries may paradoxically become economically inefficient because they are politically representative.<\/div>\n<p>[\/et_pb_text][\/et_pb_column][\/et_pb_row][et_pb_row column_structure=&#8221;1_4,3_4&#8243; _builder_version=&#8221;4.27.4&#8243; _module_preset=&#8221;default&#8221; global_colors_info=&#8221;{}&#8221;][et_pb_column type=&#8221;1_4&#8243; _builder_version=&#8221;4.27.4&#8243; _module_preset=&#8221;default&#8221; global_colors_info=&#8221;{}&#8221;][et_pb_image src=&#8221;https:\/\/csdc-cecd.ca\/wp-content\/uploads\/2024\/12\/B-Bremer.jpeg&#8221; title_text=&#8221;B Bremer&#8221; _builder_version=&#8221;4.27.4&#8243; _module_preset=&#8221;default&#8221; global_colors_info=&#8221;{}&#8221;][\/et_pb_image][\/et_pb_column][et_pb_column type=&#8221;3_4&#8243; _builder_version=&#8221;4.27.4&#8243; _module_preset=&#8221;default&#8221; global_colors_info=&#8221;{}&#8221;][et_pb_text _builder_version=&#8221;4.27.4&#8243; _module_preset=&#8221;default&#8221; global_colors_info=&#8221;{}&#8221;]<\/p>\n<div class=\"elementToProof\">\n<div class=\"elementToProof\"><a href=\"https:\/\/www.bjoern-bremer.com\/\">Bj\u00f6rn Bremer<\/a><span>\u00a0<\/span>(Central European University, Vienne, Autriche)<\/div>\n<div class=\"elementToProof\"><i>Taxing Uber Polluters? The Climate Crisis and Popular Support for Wealth Taxation<\/i><\/div>\n<div class=\"elementToProof\">Carbon inequality implies that asset-rich individuals contribute considerably more to climate change than asset-poor individuals. Moreover, the perception of distributional fairness is the most important determinant of public support for climate policy. Researchers thus argue for progressive climate policy, putting an additional financial burden on those causing the most emissions. Yet, the only progressive policy researchers have systematically studied is a rebate for low-income households paying regressive carbon taxes. We broaden the field\u2019s scope by estimating the causal effect of exposure to a carbon inequality frame on public support for wealth taxation. A factorial survey experiment with a representative sample of the population in Germany demonstrates that support for a wealth tax is high ex ante and that this is not further increased by the carbon inequality frame. However, the frame increases support for spending additional revenue on climate policies. Moreover, a conjoint survey experiment shows that progressive spending increases respondents\u2019 support for climate policy packages.<\/div>\n<\/div>\n<div class=\"elementToProof\"><\/div>\n<div><\/div>\n<p>[\/et_pb_text][\/et_pb_column][\/et_pb_row][et_pb_row _builder_version=&#8221;4.27.4&#8243; _module_preset=&#8221;default&#8221; global_colors_info=&#8221;{}&#8221;][et_pb_column type=&#8221;4_4&#8243; _builder_version=&#8221;4.27.4&#8243; _module_preset=&#8221;default&#8221; global_colors_info=&#8221;{}&#8221;][et_pb_text _builder_version=&#8221;4.27.4&#8243; _module_preset=&#8221;default&#8221; global_colors_info=&#8221;{}&#8221;]<\/p>\n<p><span>The <\/span><span>Centre for the Study of Democratic Citizenship <\/span><span>is funded by the\u00a0<a href=\"https:\/\/frq.gouv.qc.ca\/\">Fonds de recherche du Qu\u00e9bec \u2013 Soci\u00e9t\u00e9 et culture (FRQSC)<\/a>.<\/span><\/p>\n<p>[\/et_pb_text][\/et_pb_column][\/et_pb_row][\/et_pb_section]<\/p>\n","protected":false},"excerpt":{"rendered":"<p>The Centre for the Study of Democratic Citizenship,\u00a0le Centre interuniversitaire de recherche en analyse des orgaisations (CIRANO)\u00a0et\u00a0Maison des affaires publiques et internationales present:\u00a0 Political Economy Approaches to the Study of Population Aging and Climate ChangeModerator : Olivier Jacques, Assistant Professor, \u00c9cole de sant\u00e9 publique &#8211; D\u00e9partement de gestion, d\u2019\u00e9valuation et de politique de sant\u00e9, Universit\u00e9 [&hellip;]<\/p>\n","protected":false},"author":1,"featured_media":0,"parent":0,"menu_order":0,"comment_status":"closed","ping_status":"closed","template":"","meta":{"_et_pb_use_builder":"on","_et_pb_old_content":"","_et_gb_content_width":"","footnotes":""},"class_list":["post-3761","page","type-page","status-publish","hentry"],"yoast_head":"<!-- This site is optimized with the Yoast SEO plugin v27.6 - https:\/\/yoast.com\/product\/yoast-seo-wordpress\/ -->\n<title>Political Economy Approaches to the Study of Population Aging and Climate Change - CECD - Centre pour l&#039;\u00e9tude de la citoyennet\u00e9 d\u00e9mocratique<\/title>\n<meta name=\"robots\" content=\"index, follow, max-snippet:-1, max-image-preview:large, max-video-preview:-1\" \/>\n<link rel=\"canonical\" href=\"https:\/\/csdc-cecd.ca\/presentation-4-avril-2025\/\" \/>\n<meta property=\"og:locale\" content=\"en_US\" \/>\n<meta property=\"og:type\" content=\"article\" \/>\n<meta property=\"og:title\" content=\"Political Economy Approaches to the Study of Population Aging and Climate Change - CECD - Centre pour l&#039;\u00e9tude de la citoyennet\u00e9 d\u00e9mocratique\" \/>\n<meta property=\"og:description\" content=\"The Centre for the Study of Democratic Citizenship,\u00a0le Centre interuniversitaire de recherche en analyse des orgaisations (CIRANO)\u00a0et\u00a0Maison des affaires publiques et internationales present:\u00a0 Political Economy Approaches to the Study of Population Aging and Climate ChangeModerator : Olivier Jacques, Assistant Professor, \u00c9cole de sant\u00e9 publique - D\u00e9partement de gestion, d\u2019\u00e9valuation et de politique de sant\u00e9, Universit\u00e9 [&hellip;]\" \/>\n<meta property=\"og:url\" content=\"https:\/\/csdc-cecd.ca\/presentation-4-avril-2025\/\" \/>\n<meta property=\"og:site_name\" content=\"CECD - Centre pour l&#039;\u00e9tude de la citoyennet\u00e9 d\u00e9mocratique\" \/>\n<meta property=\"article:modified_time\" content=\"2025-03-05T15:28:23+00:00\" \/>\n<meta name=\"twitter:card\" content=\"summary_large_image\" \/>\n<meta name=\"twitter:label1\" content=\"Est. reading time\" \/>\n\t<meta name=\"twitter:data1\" content=\"3 minutes\" \/>\n<script type=\"application\/ld+json\" class=\"yoast-schema-graph\">{\"@context\":\"https:\\\/\\\/schema.org\",\"@graph\":[{\"@type\":\"WebPage\",\"@id\":\"https:\\\/\\\/csdc-cecd.ca\\\/presentation-4-avril-2025\\\/\",\"url\":\"https:\\\/\\\/csdc-cecd.ca\\\/presentation-4-avril-2025\\\/\",\"name\":\"Political Economy Approaches to the Study of Population Aging and Climate Change - CECD - Centre pour l&#039;\u00e9tude de la citoyennet\u00e9 d\u00e9mocratique\",\"isPartOf\":{\"@id\":\"https:\\\/\\\/csdc-cecd.ca\\\/#website\"},\"datePublished\":\"2024-12-04T15:35:29+00:00\",\"dateModified\":\"2025-03-05T15:28:23+00:00\",\"breadcrumb\":{\"@id\":\"https:\\\/\\\/csdc-cecd.ca\\\/presentation-4-avril-2025\\\/#breadcrumb\"},\"inLanguage\":\"en-US\",\"potentialAction\":[{\"@type\":\"ReadAction\",\"target\":[\"https:\\\/\\\/csdc-cecd.ca\\\/presentation-4-avril-2025\\\/\"]}]},{\"@type\":\"BreadcrumbList\",\"@id\":\"https:\\\/\\\/csdc-cecd.ca\\\/presentation-4-avril-2025\\\/#breadcrumb\",\"itemListElement\":[{\"@type\":\"ListItem\",\"position\":1,\"name\":\"Accueil\",\"item\":\"https:\\\/\\\/csdc-cecd.ca\\\/\"},{\"@type\":\"ListItem\",\"position\":2,\"name\":\"Political Economy Approaches to the Study of Population Aging and Climate Change\"}]},{\"@type\":\"WebSite\",\"@id\":\"https:\\\/\\\/csdc-cecd.ca\\\/#website\",\"url\":\"https:\\\/\\\/csdc-cecd.ca\\\/\",\"name\":\"CECD - Centre pour l&#039;\u00e9tude de la citoyennet\u00e9 d\u00e9mocratique\",\"description\":\"\",\"potentialAction\":[{\"@type\":\"SearchAction\",\"target\":{\"@type\":\"EntryPoint\",\"urlTemplate\":\"https:\\\/\\\/csdc-cecd.ca\\\/?s={search_term_string}\"},\"query-input\":{\"@type\":\"PropertyValueSpecification\",\"valueRequired\":true,\"valueName\":\"search_term_string\"}}],\"inLanguage\":\"en-US\"}]}<\/script>\n<!-- \/ Yoast SEO plugin. -->","yoast_head_json":{"title":"Political Economy Approaches to the Study of Population Aging and Climate Change - CECD - Centre pour l&#039;\u00e9tude de la citoyennet\u00e9 d\u00e9mocratique","robots":{"index":"index","follow":"follow","max-snippet":"max-snippet:-1","max-image-preview":"max-image-preview:large","max-video-preview":"max-video-preview:-1"},"canonical":"https:\/\/csdc-cecd.ca\/presentation-4-avril-2025\/","og_locale":"en_US","og_type":"article","og_title":"Political Economy Approaches to the Study of Population Aging and Climate Change - CECD - Centre pour l&#039;\u00e9tude de la citoyennet\u00e9 d\u00e9mocratique","og_description":"The Centre for the Study of Democratic Citizenship,\u00a0le Centre interuniversitaire de recherche en analyse des orgaisations (CIRANO)\u00a0et\u00a0Maison des affaires publiques et internationales present:\u00a0 Political Economy Approaches to the Study of Population Aging and Climate ChangeModerator : Olivier Jacques, Assistant Professor, \u00c9cole de sant\u00e9 publique - D\u00e9partement de gestion, d\u2019\u00e9valuation et de politique de sant\u00e9, Universit\u00e9 [&hellip;]","og_url":"https:\/\/csdc-cecd.ca\/presentation-4-avril-2025\/","og_site_name":"CECD - Centre pour l&#039;\u00e9tude de la citoyennet\u00e9 d\u00e9mocratique","article_modified_time":"2025-03-05T15:28:23+00:00","twitter_card":"summary_large_image","twitter_misc":{"Est. reading time":"3 minutes"},"schema":{"@context":"https:\/\/schema.org","@graph":[{"@type":"WebPage","@id":"https:\/\/csdc-cecd.ca\/presentation-4-avril-2025\/","url":"https:\/\/csdc-cecd.ca\/presentation-4-avril-2025\/","name":"Political Economy Approaches to the Study of Population Aging and Climate Change - CECD - Centre pour l&#039;\u00e9tude de la citoyennet\u00e9 d\u00e9mocratique","isPartOf":{"@id":"https:\/\/csdc-cecd.ca\/#website"},"datePublished":"2024-12-04T15:35:29+00:00","dateModified":"2025-03-05T15:28:23+00:00","breadcrumb":{"@id":"https:\/\/csdc-cecd.ca\/presentation-4-avril-2025\/#breadcrumb"},"inLanguage":"en-US","potentialAction":[{"@type":"ReadAction","target":["https:\/\/csdc-cecd.ca\/presentation-4-avril-2025\/"]}]},{"@type":"BreadcrumbList","@id":"https:\/\/csdc-cecd.ca\/presentation-4-avril-2025\/#breadcrumb","itemListElement":[{"@type":"ListItem","position":1,"name":"Accueil","item":"https:\/\/csdc-cecd.ca\/"},{"@type":"ListItem","position":2,"name":"Political Economy Approaches to the Study of Population Aging and Climate Change"}]},{"@type":"WebSite","@id":"https:\/\/csdc-cecd.ca\/#website","url":"https:\/\/csdc-cecd.ca\/","name":"CECD - Centre pour l&#039;\u00e9tude de la citoyennet\u00e9 d\u00e9mocratique","description":"","potentialAction":[{"@type":"SearchAction","target":{"@type":"EntryPoint","urlTemplate":"https:\/\/csdc-cecd.ca\/?s={search_term_string}"},"query-input":{"@type":"PropertyValueSpecification","valueRequired":true,"valueName":"search_term_string"}}],"inLanguage":"en-US"}]}},"_links":{"self":[{"href":"https:\/\/csdc-cecd.ca\/en\/wp-json\/wp\/v2\/pages\/3761","targetHints":{"allow":["GET"]}}],"collection":[{"href":"https:\/\/csdc-cecd.ca\/en\/wp-json\/wp\/v2\/pages"}],"about":[{"href":"https:\/\/csdc-cecd.ca\/en\/wp-json\/wp\/v2\/types\/page"}],"author":[{"embeddable":true,"href":"https:\/\/csdc-cecd.ca\/en\/wp-json\/wp\/v2\/users\/1"}],"replies":[{"embeddable":true,"href":"https:\/\/csdc-cecd.ca\/en\/wp-json\/wp\/v2\/comments?post=3761"}],"version-history":[{"count":17,"href":"https:\/\/csdc-cecd.ca\/en\/wp-json\/wp\/v2\/pages\/3761\/revisions"}],"predecessor-version":[{"id":4241,"href":"https:\/\/csdc-cecd.ca\/en\/wp-json\/wp\/v2\/pages\/3761\/revisions\/4241"}],"wp:attachment":[{"href":"https:\/\/csdc-cecd.ca\/en\/wp-json\/wp\/v2\/media?parent=3761"}],"curies":[{"name":"wp","href":"https:\/\/api.w.org\/{rel}","templated":true}]}}