{"id":3897,"date":"2025-01-08T10:07:52","date_gmt":"2025-01-08T15:07:52","guid":{"rendered":"https:\/\/csdc-cecd.ca\/?page_id=3897"},"modified":"2025-10-24T09:56:04","modified_gmt":"2025-10-24T13:56:04","slug":"january-2025","status":"publish","type":"page","link":"https:\/\/csdc-cecd.ca\/en\/january-2025\/","title":{"rendered":"January 2025"},"content":{"rendered":"<p>[et_pb_section fb_built=&#8221;1&#8243; _builder_version=&#8221;4.27.4&#8243; _module_preset=&#8221;default&#8221; global_colors_info=&#8221;{}&#8221;][et_pb_row _builder_version=&#8221;4.27.4&#8243; _module_preset=&#8221;default&#8221; global_colors_info=&#8221;{}&#8221;][et_pb_column type=&#8221;4_4&#8243; _builder_version=&#8221;4.27.4&#8243; _module_preset=&#8221;default&#8221; global_colors_info=&#8221;{}&#8221;][et_pb_heading title=&#8221;Jan. 2025&#8243; _builder_version=&#8221;4.27.4&#8243; _module_preset=&#8221;default&#8221; global_colors_info=&#8221;{}&#8221;][\/et_pb_heading][\/et_pb_column][\/et_pb_row][et_pb_row _builder_version=&#8221;4.27.4&#8243; _module_preset=&#8221;default&#8221; global_colors_info=&#8221;{}&#8221;][et_pb_column type=&#8221;4_4&#8243; _builder_version=&#8221;4.27.4&#8243; _module_preset=&#8221;default&#8221; global_colors_info=&#8221;{}&#8221;][et_pb_toggle title=&#8221;Scientific Articles&#8221; _builder_version=&#8221;4.27.4&#8243; _module_preset=&#8221;default&#8221; global_colors_info=&#8221;{}&#8221;]<\/p>\n<p>Auer, R., R. B\u00f6hme, <strong>J. Clark<\/strong>, D. Demirag<br \/><a href=\"chrome-extension:\/\/efaidnbmnnnibpcajpcglclefindmkaj\/https:\/\/www.bis.org\/publ\/work1242.pdf\">Privacy-Enhancing Technologies for Digital Payments: Mapping the Landscape\u2217<\/a><br \/>BIS Working Papers, 2025<\/p>\n<p><strong>Bodet, M-A., L. Laflamme, <\/strong>E. Brie<strong>, C. Ouellet<br \/><\/strong><a href=\"chrome-extension:\/\/efaidnbmnnnibpcajpcglclefindmkaj\/https:\/\/www.cambridge.org\/core\/services\/aop-cambridge-core\/content\/view\/2FC94C9F4427968F2911F4601B6B2371\/S0008423924000398a.pdf\/exit_polls_in_canada_a_methodological_note.pdf\">Exit Polls in Canada: A Methodological Note<\/a><br \/>Canadian Journal of Political Science, 2025<strong><br \/><\/strong><\/p>\n<p><strong>Cadieux, H., C. Ouellet, S.-J. Vincent, J. Gilbert, C. Pelletier, Y. Dufresne<\/strong><br \/>Electoral dynamics in Quebec: analyzing the rise of the Parti Qu\u00e9b\u00e9cois through the lens of potential for growth<br \/>French Politics, 2024<\/p>\n<p><strong>Choquette, E., <\/strong>S. B\u00e9dard, A. Ben Isma<strong>l<br \/><\/strong><a href=\"https:\/\/europeanjournalofhumour.org\/ejhr\/article\/view\/886\">Is humour effective in combating hate speech? Maybe not so clearly<\/a><br \/>European ournal of Humour Research, 2025<\/p>\n<p><strong>Dinan, S<\/strong>., D. B\u00e9land<br \/><a href=\"https:\/\/academic.oup.com\/publius\/advance-article\/doi\/10.1093\/publius\/pjae049\/7934941\">Federalism and Social Policy Expansion in Canada during the Justin Trudeau Era<\/a><br \/>The Journal of Federalism, 2024<\/p>\n<p><strong>Doucerain, M., S. Benkarane<br \/><\/strong><a href=\"https:\/\/psycnet.apa.org\/fulltext\/2025-70987-001.html\">Mindfulness as a moderator of associations between intergroup bias and psychological health: A scoping review<\/a><br \/>APAPsycNet, 2025<\/p>\n<p><strong>Erlich, A.<\/strong>, J. Gans-Morse<br \/><a href=\"https:\/\/onlinelibrary.wiley.com\/doi\/10.1111\/ajps.12940\">Can norm-based information campaigns reduce corruption?<\/a><br \/>American Journal of Political Science, 2025<\/p>\n<p><strong>Erlich, A<\/strong>., J. Gans-Morse, S. Nichter, A. Holverscheid<br \/><a href=\"https:\/\/www.ipr.northwestern.edu\/our-work\/working-papers\/2025\/wp-25-02.html\">What Corruption is Most Harmful? Unbundling Citizen Perceptions<\/a><br \/>IPR Working Paper, 2025<\/p>\n<p><strong>Foissy, L.O.M., J. Drouin, C. Pelletier,J. Rivest, H.Cadieux, Y. Dufresne<\/strong><br \/><a href=\"https:\/\/www.tandfonline.com\/doi\/full\/10.1080\/19331681.2024.2444587\">Ain\u2019t no party like a GPT party: assessing OpenAI\u2019s GPT political alignment classification capabilities<\/a><br \/>Journal of Information Technology &amp; Politics, 2024<\/p>\n<p>Hamard, M.,<strong><span>\u00a0<\/span>C. Durand<\/strong>,, L. Deconinck, C. Amaris Hobson, F.-X. Lescure, Y. Yazdanpanah, N. Pfeiffer-Smadja, A. Raynaud-Simon<br \/><a href=\"https:\/\/aricjournal.biomedcentral.com\/articles\/10.1186\/s13756-024-01487-1\">Antimicrobial prescribing in French nursing homes and interventions for antimicrobial stewardship: a qualitative study<\/a><br \/>Antimicrobial Resistance &amp; Infection Control, 2025<\/p>\n<p><strong>Hasan, L<\/strong>., G. Lizarralde,<span>\u00a0<\/span><strong>E. Lachapelle<br \/><\/strong><a href=\"https:\/\/www.tandfonline.com\/doi\/full\/10.1080\/01446193.2024.2436395\">The legitimation of private net zero emission building standards in the context of global decarbonization goals<\/a><br \/>Construction, Management and Economics, 2024<\/p>\n<p>Jarry, F., A. Dorfman, M. Pelletier-Dumas, J.-M. Lina, <strong>D. Stolle,<\/strong> \u00c9. Lacourse, V. Dup\u00e9r\u00e9, <strong>R. de la Sablonni\u00e8re\u00a0<\/strong><br \/><a href=\"https:\/\/www.nature.com\/articles\/s41598-024-81519-3\">Understanding the interplay between social isolation, age, and loneliness during the COVID-19 pandemic<\/a><br \/>Scientific Reports, 2025<\/p>\n<p><strong>Pacheco, T., S. Coulombe,<\/strong> N. L. Kocovski<br \/><a href=\"https:\/\/link.springer.com\/article\/10.1007\/s11482-024-10397-8\">Trajectories of Canadian Workers\u2019 Well-Being During the Onset of the COVID-19 Pandemic<\/a><br \/>Applied Research in Quality of Life, 2025<\/p>\n<p class=\"ep_tm_pagetitle\">Powell, A., <strong>F. McKelvey<\/strong><br \/><a href=\"https:\/\/eprints.lse.ac.uk\/126642\/\">AI policymaking as drama: stages, roles, and ghosts in AI governance in the United Kingdom and Canada<\/a><br \/><span>Journal of Digital Social Research, 2025<\/span><\/p>\n<p><span class=\"anchor-text-container\"><span class=\"anchor-text\">Roberge, P., J. Houle, J.-R. Provost,<span>\u00a0<\/span><strong>S. Coulombe,<\/strong><span>\u00a0<\/span>A. Beaudin<br \/><a href=\"https:\/\/www.annfammed.org\/content\/22\/Supplement_1\/6201\">Self-management support as an add-on to usual care for adults experiencing anxiety: A pragmatic randomized clinical trial<\/a><br \/>The Annals of Family Medicine, 2024<\/span><\/span><\/p>\n<p>[\/et_pb_toggle][\/et_pb_column][\/et_pb_row][et_pb_row _builder_version=&#8221;4.27.4&#8243; _module_preset=&#8221;default&#8221; global_colors_info=&#8221;{}&#8221;][et_pb_column type=&#8221;4_4&#8243; _builder_version=&#8221;4.27.4&#8243; _module_preset=&#8221;default&#8221; global_colors_info=&#8221;{}&#8221;][et_pb_toggle title=&#8221;Books &#8211; Book Chapters&#8221; _builder_version=&#8221;4.27.4&#8243; _module_preset=&#8221;default&#8221; global_colors_info=&#8221;{}&#8221;]<\/p>\n<h5 class=\"et_pb_toggle_title\"><span style=\"font-size: 16px;\">Book Chapters<\/span><\/h5>\n<div class=\"et_pb_toggle_content clearfix\">\n<p><strong>Godbout, J-F., \u00c9. B\u00e9langer<\/strong><br \/><a href=\"https:\/\/link.springer.com\/book\/10.1007\/978-3-031-76113-3\">Party Realignment in Qu\u00e9bec: Lessons from the United States in The Qu\u00e9bec-United States Relationship: Political, Security, Economic, Environmental and Cultural Dynamics<\/a><span>\u00a0<\/span>in The Qu\u00e9bec-United States Relationship, F. Gagnon, Ch. Kirkey, S. Paquin (eds)<\/p>\n<p>Samson, G., Ch. Roussel,<span>\u00a0<\/span><strong>N. Landry,<span>\u00a0<\/span><\/strong>\u00a0M.-M. Lemieux<br \/><a href=\"https:\/\/www.degruyter.com\/document\/doi\/10.1515\/9782760547186-008\/html?srsltid=AfmBOopE2NvLrJggOyzhRMLCd1pOVMiYWtw3_4dxdOlovVtlhWJx1zJc\">Les potentialit\u00e9s p\u00e9dagogiques du manuel num\u00e9rique<\/a><span>\u00a0<\/span>in Formation \u00e0 distance en enseignement sup\u00e9rieur, F. Lafleur, G. Samson (eds)<\/p>\n<\/div>\n<p>[\/et_pb_toggle][\/et_pb_column][\/et_pb_row][et_pb_row _builder_version=&#8221;4.27.4&#8243; _module_preset=&#8221;default&#8221;][et_pb_column _builder_version=&#8221;4.27.4&#8243; _module_preset=&#8221;default&#8221; type=&#8221;4_4&#8243;][et_pb_divider _builder_version=&#8221;4.27.4&#8243; _module_preset=&#8221;default&#8221; color=&#8221;#000000&#8243; hover_enabled=&#8221;0&#8243; sticky_enabled=&#8221;0&#8243;][\/et_pb_divider][\/et_pb_column][\/et_pb_row][et_pb_row _builder_version=&#8221;4.27.4&#8243; _module_preset=&#8221;default&#8221; global_colors_info=&#8221;{}&#8221;][et_pb_column type=&#8221;4_4&#8243; _builder_version=&#8221;4.27.4&#8243; _module_preset=&#8221;default&#8221; global_colors_info=&#8221;{}&#8221;][et_pb_toggle title=&#8221;Media&#8221; _builder_version=&#8221;4.27.4&#8243; _module_preset=&#8221;default&#8221; hover_enabled=&#8221;0&#8243; global_colors_info=&#8221;{}&#8221; sticky_enabled=&#8221;0&#8243;]<\/p>\n<p><span>Yannick Dufresne \u2013 L&#8217;Actualit\u00e9 \u2013 2025|01|29<br \/><a href=\"https:\/\/lactualite.com\/politique\/politique-les-femmes-dun-bord-les-hommes-de-lautre\/\">Politique : les femmes d\u2019un bord, les hommes de l\u2019autre<\/a><br \/><\/span><\/p>\n<p><span>Colette Brin \u2013 La Presse \u2013 2025|01|28<br \/><a href=\"https:\/\/www.lapresse.ca\/actualites\/sciences\/2025-01-28\/pourquoi-les-scientifiques-migrent-ils-vers-bluesky.php\">Pourquoi les scientifiques migrent-ils vers Bluesky ?<\/a><br \/><\/span><\/p>\n<p>Thierry Giasson &#8211; La Presse &#8211; 2025|01|21<br \/><a href=\"https:\/\/www.lapresse.ca\/dialogue\/chroniques\/2025-01-21\/ces-fins-de-regne-qui-ne-se-ressemblent-pas.php\"><span>Ces fins de r\u00e8gne qui ne se ressemblent pas<\/span><\/a><\/p>\n<p><span>Nicolas Ajzenman \u2013 Le Devoir \u2013 2025|01|21<br \/><a href=\"https:\/\/fee.org\/articles\/new-study-shows-why-taxing-the-rich-isnt-so-straightforward\/\">New Study Shows Why \u2018Taxing the Rich\u2019 Isn\u2019t So Straightforward<\/a><\/span><\/p>\n<p><span>Thierry Giasson \u2013 La Presse \u2013 2025|01|16<br \/><a href=\"https:\/\/www.lapresse.ca\/actualites\/politique\/2025-01-16\/doug-ford-et-la-diplomatie-de-la-casquette.php\">Doug Ford et la \u00ab diplomatie de la casquette \u00bb<\/a><\/span><\/p>\n<p>Aaron Erlich \u2013 Techno-Science.net \u2013 2025|01|16<br \/><a href=\"https:\/\/www.techno-science.net\/actualite\/corruption-pourquoi-quand-sont-verses-pots-vin-N26349.html\">Corruption: pourquoi et quand sont vers\u00e9s des pots-de-vin ?<\/a><\/p>\n<p>Catherine Ouellet \u2013 Radio Canada \u2013\u00a02025|01|13<br \/><a href=\"https:\/\/ici.radio-canada.ca\/nouvelle\/2132442\/pierre-poilievre-militants-armes-controle-securite\">Pierre Poilievre courtise les militants proarmes qu\u00e9b\u00e9cois<\/a><\/p>\n<p>Thierry Giasson \u2013 RFI \u2013 2025|01|11<br \/><a href=\"https:\/\/www.rfi.fr\/fr\/am%C3%A9riques\/20250111-canada-justin-trudeau-un-bilan-loin-des-grandes-promesses\">Canada: Justin Trudeau, un bilan loin des grandes promesses?<\/a><\/p>\n<p>Thierry Giasson \u2013 Europe 1 \u2013 2025|01|09<br \/><a href=\"https:\/\/www.europe1.fr\/international\/canada-politicien-de-carriere-populiste-grande-gueule-qui-est-pierre-poilievre-le-probable-futur-premier-ministre-238567\">Canada : politicien de carri\u00e8re, populiste, grande gueule&#8230; Qui est Pierre Poilievre, le probable futur Premier ministre ?<\/a><\/p>\n<p>Mireille Lalancette; \u00c9ric B\u00e9langer \u2013 2025|01|09<br \/><a href=\"https:\/\/reporter.mcgill.ca\/nouvelle-chaire-conjointe-sur-la-democratie-le-vivre-ensemble-et-les-valeurs-communes-au-quebec\/\"><span>Nouvelle chaire conjointe sur la d\u00e9mocratie, le vivre-ensemble et les valeurs communes au Qu\u00e9bec<\/span><\/a><\/p>\n<p><span>Fr\u00e9d\u00e9rick Bastien; Thierry Giasson \u2013 Le Devoir \u2013 2025|01|06<br \/><a href=\"https:\/\/www.lapresse.ca\/actualites\/politique\/2025-01-06\/analyse-d-experts\/un-decalage-entre-le-discours-et-la-realite.php\"><\/a><\/span><span><a href=\"https:\/\/www.lapresse.ca\/actualites\/politique\/2025-01-06\/analyse-d-experts\/un-decalage-entre-le-discours-et-la-realite.php\">Un d\u00e9calage entre le discours et la r\u00e9alit\u00e9<\/a><\/span><\/p>\n<p>Emmanuel Choquette \u2013 Radio Canada \u2013 2025|01|06<a href=\"https:\/\/ici.radio-canada.ca\/ohdio\/premiere\/emissions\/c-est-encore-mieux-l-apres-midi\/segments\/rattrapage\/1954909\/impact-depart-trudeau-sur-parti-liberal\"><br \/>L\u2019impact du d\u00e9part de Justin Trudeau sur le Parti lib\u00e9ral<\/a><\/p>\n<p>Emmanuel Choquette \u2013 Radio Canada \u2013 2025|01|06<a href=\"https:\/\/ici.radio-canada.ca\/info\/videos\/1-10262163\/quels-sont-impacts-demission-justin-trudeau\"><br \/>Quels sont les impacts de la d\u00e9mission de Justin Trudeau?<\/a><\/p>\n<p>Roxanne de la Sablonni\u00e8re \u2013 Nature \u2013 2025|01|02<br \/><span><a href=\"https:\/\/www.nature.com\/articles\/s41598-024-81519-3\">Understanding the interplay between social isolation, age, and loneliness during the COVID-19 pandemic<\/a><\/span><\/p>\n<p>&nbsp;<\/p>\n<p>[\/et_pb_toggle][\/et_pb_column][\/et_pb_row][et_pb_row _builder_version=&#8221;4.27.4&#8243; _module_preset=&#8221;default&#8221; global_colors_info=&#8221;{}&#8221;][et_pb_column type=&#8221;4_4&#8243; _builder_version=&#8221;4.27.4&#8243; _module_preset=&#8221;default&#8221; global_colors_info=&#8221;{}&#8221;][et_pb_toggle title=&#8221;Podcast&#8221; _builder_version=&#8221;4.27.4&#8243; _module_preset=&#8221;default&#8221; global_colors_info=&#8221;{}&#8221;]<\/p>\n<p><span>Colette Brin\u2013 Radio Canada \u2013 2025|01|08<\/span><br \/><a href=\"https:\/\/ici.radio-canada.ca\/ohdio\/premiere\/emissions\/l-actuel\/segments\/rattrapage\/1957385\/fin-verification-faits-pour-meta-aux-etats-unis\">Meta supprime la v\u00e9rification des faits pour \u00ab attirer Donald Trump \u00bb de son c\u00f4t\u00e9<\/a><\/p>\n<p>Emmanuel Choquette \u2013 107.7 Estrie \u2013 2025|01|06<br \/><a href=\"https:\/\/www.fm1077.ca\/audio\/669829\/la-demission-de-justin-trudeau-etait-previsible-mais-est-ce-le-bon-moment\">La chronique d\u2019Emmanuel Choquette | La d\u00e9mission de Justin Trudeau \u00e9tait pr\u00e9visible, mais est-ce le bon moment?<\/a><\/p>\n<p>Emmanuel Choquette \u2013 Sherbrooke Record \u2013 2025|01|06<br \/><a href=\"https:\/\/www.sherbrookerecord.com\/trudeau-to-resign-as-pm-and-liberal-leader-prorogues-parliament-until-march-24\/\">Trudeau to resign as PM and Liberal leader, prorogues parliament until March 24<\/a><\/p>\n<p>[\/et_pb_toggle][\/et_pb_column][\/et_pb_row][et_pb_row _builder_version=&#8221;4.27.4&#8243; _module_preset=&#8221;default&#8221; global_colors_info=&#8221;{}&#8221;][et_pb_column type=&#8221;4_4&#8243; _builder_version=&#8221;4.27.4&#8243; _module_preset=&#8221;default&#8221; global_colors_info=&#8221;{}&#8221;][et_pb_button button_url=&#8221;https:\/\/csdc-cecd.ca\/en\/2025-csdc-in-the-news\/&#8221; button_text=&#8221;Back&#8221; button_alignment=&#8221;center&#8221; _builder_version=&#8221;4.27.4&#8243; _module_preset=&#8221;default&#8221; global_colors_info=&#8221;{}&#8221;][\/et_pb_button][\/et_pb_column][\/et_pb_row][\/et_pb_section]<\/p>\n","protected":false},"excerpt":{"rendered":"<p>Auer, R., R. B\u00f6hme, J. Clark, D. DemiragPrivacy-Enhancing Technologies for Digital Payments: Mapping the Landscape\u2217BIS Working Papers, 2025 Bodet, M-A., L. Laflamme, E. Brie, C. OuelletExit Polls in Canada: A Methodological NoteCanadian Journal of Political Science, 2025 Cadieux, H., C. Ouellet, S.-J. Vincent, J. Gilbert, C. Pelletier, Y. DufresneElectoral dynamics in Quebec: analyzing the rise [&hellip;]<\/p>\n","protected":false},"author":1,"featured_media":0,"parent":0,"menu_order":0,"comment_status":"closed","ping_status":"closed","template":"","meta":{"_et_pb_use_builder":"on","_et_pb_old_content":"","_et_gb_content_width":"","footnotes":""},"class_list":["post-3897","page","type-page","status-publish","hentry"],"yoast_head":"<!-- This site is optimized with the Yoast SEO plugin v27.4 - https:\/\/yoast.com\/product\/yoast-seo-wordpress\/ -->\n<title>January 2025 - CECD - Centre pour l&#039;\u00e9tude de la citoyennet\u00e9 d\u00e9mocratique<\/title>\n<meta name=\"robots\" content=\"index, follow, max-snippet:-1, max-image-preview:large, max-video-preview:-1\" \/>\n<link rel=\"canonical\" href=\"https:\/\/csdc-cecd.ca\/2025-janvier\/\" \/>\n<meta property=\"og:locale\" content=\"en_US\" \/>\n<meta property=\"og:type\" content=\"article\" \/>\n<meta property=\"og:title\" content=\"January 2025 - CECD - Centre pour l&#039;\u00e9tude de la citoyennet\u00e9 d\u00e9mocratique\" \/>\n<meta property=\"og:description\" content=\"Auer, R., R. B\u00f6hme, J. Clark, D. DemiragPrivacy-Enhancing Technologies for Digital Payments: Mapping the Landscape\u2217BIS Working Papers, 2025 Bodet, M-A., L. Laflamme, E. Brie, C. OuelletExit Polls in Canada: A Methodological NoteCanadian Journal of Political Science, 2025 Cadieux, H., C. Ouellet, S.-J. Vincent, J. Gilbert, C. Pelletier, Y. DufresneElectoral dynamics in Quebec: analyzing the rise [&hellip;]\" \/>\n<meta property=\"og:url\" content=\"https:\/\/csdc-cecd.ca\/2025-janvier\/\" \/>\n<meta property=\"og:site_name\" content=\"CECD - Centre pour l&#039;\u00e9tude de la citoyennet\u00e9 d\u00e9mocratique\" \/>\n<meta property=\"article:modified_time\" content=\"2025-10-24T13:56:04+00:00\" \/>\n<meta name=\"twitter:card\" content=\"summary_large_image\" \/>\n<script type=\"application\/ld+json\" class=\"yoast-schema-graph\">{\"@context\":\"https:\\\/\\\/schema.org\",\"@graph\":[{\"@type\":\"WebPage\",\"@id\":\"https:\\\/\\\/csdc-cecd.ca\\\/2025-janvier\\\/\",\"url\":\"https:\\\/\\\/csdc-cecd.ca\\\/2025-janvier\\\/\",\"name\":\"January 2025 - CECD - Centre pour l&#039;\u00e9tude de la citoyennet\u00e9 d\u00e9mocratique\",\"isPartOf\":{\"@id\":\"https:\\\/\\\/csdc-cecd.ca\\\/#website\"},\"datePublished\":\"2025-01-08T15:07:52+00:00\",\"dateModified\":\"2025-10-24T13:56:04+00:00\",\"breadcrumb\":{\"@id\":\"https:\\\/\\\/csdc-cecd.ca\\\/2025-janvier\\\/#breadcrumb\"},\"inLanguage\":\"en-US\",\"potentialAction\":[{\"@type\":\"ReadAction\",\"target\":[\"https:\\\/\\\/csdc-cecd.ca\\\/2025-janvier\\\/\"]}]},{\"@type\":\"BreadcrumbList\",\"@id\":\"https:\\\/\\\/csdc-cecd.ca\\\/2025-janvier\\\/#breadcrumb\",\"itemListElement\":[{\"@type\":\"ListItem\",\"position\":1,\"name\":\"Accueil\",\"item\":\"https:\\\/\\\/csdc-cecd.ca\\\/en\\\/\"},{\"@type\":\"ListItem\",\"position\":2,\"name\":\"January 2025\"}]},{\"@type\":\"WebSite\",\"@id\":\"https:\\\/\\\/csdc-cecd.ca\\\/#website\",\"url\":\"https:\\\/\\\/csdc-cecd.ca\\\/\",\"name\":\"CECD - Centre pour l&#039;\u00e9tude de la citoyennet\u00e9 d\u00e9mocratique\",\"description\":\"\",\"potentialAction\":[{\"@type\":\"SearchAction\",\"target\":{\"@type\":\"EntryPoint\",\"urlTemplate\":\"https:\\\/\\\/csdc-cecd.ca\\\/?s={search_term_string}\"},\"query-input\":{\"@type\":\"PropertyValueSpecification\",\"valueRequired\":true,\"valueName\":\"search_term_string\"}}],\"inLanguage\":\"en-US\"}]}<\/script>\n<!-- \/ Yoast SEO plugin. -->","yoast_head_json":{"title":"January 2025 - CECD - Centre pour l&#039;\u00e9tude de la citoyennet\u00e9 d\u00e9mocratique","robots":{"index":"index","follow":"follow","max-snippet":"max-snippet:-1","max-image-preview":"max-image-preview:large","max-video-preview":"max-video-preview:-1"},"canonical":"https:\/\/csdc-cecd.ca\/2025-janvier\/","og_locale":"en_US","og_type":"article","og_title":"January 2025 - CECD - Centre pour l&#039;\u00e9tude de la citoyennet\u00e9 d\u00e9mocratique","og_description":"Auer, R., R. B\u00f6hme, J. Clark, D. DemiragPrivacy-Enhancing Technologies for Digital Payments: Mapping the Landscape\u2217BIS Working Papers, 2025 Bodet, M-A., L. Laflamme, E. Brie, C. OuelletExit Polls in Canada: A Methodological NoteCanadian Journal of Political Science, 2025 Cadieux, H., C. Ouellet, S.-J. Vincent, J. Gilbert, C. Pelletier, Y. DufresneElectoral dynamics in Quebec: analyzing the rise [&hellip;]","og_url":"https:\/\/csdc-cecd.ca\/2025-janvier\/","og_site_name":"CECD - Centre pour l&#039;\u00e9tude de la citoyennet\u00e9 d\u00e9mocratique","article_modified_time":"2025-10-24T13:56:04+00:00","twitter_card":"summary_large_image","schema":{"@context":"https:\/\/schema.org","@graph":[{"@type":"WebPage","@id":"https:\/\/csdc-cecd.ca\/2025-janvier\/","url":"https:\/\/csdc-cecd.ca\/2025-janvier\/","name":"January 2025 - CECD - Centre pour l&#039;\u00e9tude de la citoyennet\u00e9 d\u00e9mocratique","isPartOf":{"@id":"https:\/\/csdc-cecd.ca\/#website"},"datePublished":"2025-01-08T15:07:52+00:00","dateModified":"2025-10-24T13:56:04+00:00","breadcrumb":{"@id":"https:\/\/csdc-cecd.ca\/2025-janvier\/#breadcrumb"},"inLanguage":"en-US","potentialAction":[{"@type":"ReadAction","target":["https:\/\/csdc-cecd.ca\/2025-janvier\/"]}]},{"@type":"BreadcrumbList","@id":"https:\/\/csdc-cecd.ca\/2025-janvier\/#breadcrumb","itemListElement":[{"@type":"ListItem","position":1,"name":"Accueil","item":"https:\/\/csdc-cecd.ca\/en\/"},{"@type":"ListItem","position":2,"name":"January 2025"}]},{"@type":"WebSite","@id":"https:\/\/csdc-cecd.ca\/#website","url":"https:\/\/csdc-cecd.ca\/","name":"CECD - Centre pour l&#039;\u00e9tude de la citoyennet\u00e9 d\u00e9mocratique","description":"","potentialAction":[{"@type":"SearchAction","target":{"@type":"EntryPoint","urlTemplate":"https:\/\/csdc-cecd.ca\/?s={search_term_string}"},"query-input":{"@type":"PropertyValueSpecification","valueRequired":true,"valueName":"search_term_string"}}],"inLanguage":"en-US"}]}},"_links":{"self":[{"href":"https:\/\/csdc-cecd.ca\/en\/wp-json\/wp\/v2\/pages\/3897","targetHints":{"allow":["GET"]}}],"collection":[{"href":"https:\/\/csdc-cecd.ca\/en\/wp-json\/wp\/v2\/pages"}],"about":[{"href":"https:\/\/csdc-cecd.ca\/en\/wp-json\/wp\/v2\/types\/page"}],"author":[{"embeddable":true,"href":"https:\/\/csdc-cecd.ca\/en\/wp-json\/wp\/v2\/users\/1"}],"replies":[{"embeddable":true,"href":"https:\/\/csdc-cecd.ca\/en\/wp-json\/wp\/v2\/comments?post=3897"}],"version-history":[{"count":7,"href":"https:\/\/csdc-cecd.ca\/en\/wp-json\/wp\/v2\/pages\/3897\/revisions"}],"predecessor-version":[{"id":6365,"href":"https:\/\/csdc-cecd.ca\/en\/wp-json\/wp\/v2\/pages\/3897\/revisions\/6365"}],"wp:attachment":[{"href":"https:\/\/csdc-cecd.ca\/en\/wp-json\/wp\/v2\/media?parent=3897"}],"curies":[{"name":"wp","href":"https:\/\/api.w.org\/{rel}","templated":true}]}}