{"id":4111,"date":"2025-02-17T13:03:29","date_gmt":"2025-02-17T18:03:29","guid":{"rendered":"https:\/\/csdc-cecd.ca\/survey-methodology-workshop\/"},"modified":"2025-02-17T13:35:21","modified_gmt":"2025-02-17T18:35:21","slug":"survey-methodology-workshop","status":"publish","type":"page","link":"https:\/\/csdc-cecd.ca\/en\/survey-methodology-workshop\/","title":{"rendered":"Survey Methodology Workshop"},"content":{"rendered":"<p>[et_pb_section fb_built=&#8221;1&#8243; _builder_version=&#8221;4.27.4&#8243; _module_preset=&#8221;default&#8221; global_colors_info=&#8221;{}&#8221;][et_pb_row column_structure=&#8221;2_5,3_5&#8243; _builder_version=&#8221;4.27.4&#8243; _module_preset=&#8221;default&#8221; global_colors_info=&#8221;{}&#8221;][et_pb_column type=&#8221;2_5&#8243; _builder_version=&#8221;4.27.4&#8243; _module_preset=&#8221;default&#8221; global_colors_info=&#8221;{}&#8221;][et_pb_image src=&#8221;https:\/\/csdc-cecd.ca\/wp-content\/uploads\/2025\/02\/Survey-Methdology-workshop-2-1.png&#8221; title_text=&#8221;Survey Methdology workshop 2&#8243; _builder_version=&#8221;4.27.4&#8243; _module_preset=&#8221;default&#8221; global_colors_info=&#8221;{}&#8221;][\/et_pb_image][\/et_pb_column][et_pb_column type=&#8221;3_5&#8243; _builder_version=&#8221;4.27.4&#8243; _module_preset=&#8221;default&#8221; global_colors_info=&#8221;{}&#8221;][et_pb_text _builder_version=&#8221;4.27.4&#8243; _module_preset=&#8221;default&#8221; hover_enabled=&#8221;0&#8243; global_colors_info=&#8221;{}&#8221; sticky_enabled=&#8221;0&#8243;]<\/p>\n<p><span>\u00a0Institute for Research on Migration and Society\u00a0 organzses with the Centre for the Study of Democratic Citizenship<\/span><\/p>\n<h4><strong>Methodology workshop \u2013<span>\u00a0<\/span><span>Survey Methodology workshop<\/span><\/strong><\/h4>\n<p>Pr\u00e9sentater : Colin Scott,<span> Department of Political Science at Concordia University<\/span><\/p>\n<p>When : Friday March 7, 2025, 10 a.m.- 4 p.m.<br \/>Where: Concordia, Faubourg Building, Room 620, 1250 Guy, Montr\u00e9al, Qu\u00e9bec<\/p>\n<p>Registration required,<\/p>\n<div class=\"elementToProof\">The workshop will provide participants with a comprehensive understanding of survey methodology, along with a hands-on session using\u00a0Qualtrics, offering participants valuable skills for research and data collection.<\/div>\n<div class=\"elementToProof\">Workshop Schedule:<\/div>\n<ul>\n<li>Morning Session (10:00 AM \u2013 12:00 PM): Survey Methodology Essentials<\/li>\n<li>Afternoon Session (1:00 PM \u2013 4:00 PM):\u00a0Hands-on Training with Qualtrics<\/li>\n<li>Lunch and Coffee will be provided<\/li>\n<\/ul>\n<p>[\/et_pb_text][\/et_pb_column][\/et_pb_row][et_pb_row _builder_version=&#8221;4.27.4&#8243; _module_preset=&#8221;default&#8221; global_colors_info=&#8221;{}&#8221;][et_pb_column type=&#8221;4_4&#8243; _builder_version=&#8221;4.27.4&#8243; _module_preset=&#8221;default&#8221; global_colors_info=&#8221;{}&#8221;][et_pb_text _builder_version=&#8221;4.27.4&#8243; _module_preset=&#8221;default&#8221; global_colors_info=&#8221;{}&#8221;]<\/p>\n<p>Your content goes here. Edit or remove this text inline or in the module Content settings. You can also style every aspect of this content in the module Design settings and even apply custom CSS to this text in the module Advanced settings.<\/p>\n<p>[\/et_pb_text][\/et_pb_column][\/et_pb_row][\/et_pb_section]<\/p>\n","protected":false},"excerpt":{"rendered":"<p>\u00a0Institute for Research on Migration and Society\u00a0 organzses with the Centre for the Study of Democratic Citizenship Methodology workshop \u2013\u00a0Survey Methodology workshop Pr\u00e9sentater : Colin Scott, Department of Political Science at Concordia University When : Friday March 7, 2025, 10 a.m.- 4 p.m.Where: Concordia, Faubourg Building, Room 620, 1250 Guy, Montr\u00e9al, Qu\u00e9bec Registration required, The [&hellip;]<\/p>\n","protected":false},"author":1,"featured_media":0,"parent":0,"menu_order":0,"comment_status":"closed","ping_status":"closed","template":"","meta":{"_et_pb_use_builder":"on","_et_pb_old_content":"","_et_gb_content_width":"","footnotes":""},"class_list":["post-4111","page","type-page","status-publish","hentry"],"yoast_head":"<!-- This site is optimized with the Yoast SEO plugin v27.4 - https:\/\/yoast.com\/product\/yoast-seo-wordpress\/ -->\n<title>Survey Methodology Workshop - CECD - Centre pour l&#039;\u00e9tude de la citoyennet\u00e9 d\u00e9mocratique<\/title>\n<meta name=\"robots\" content=\"index, follow, max-snippet:-1, max-image-preview:large, max-video-preview:-1\" \/>\n<link rel=\"canonical\" href=\"https:\/\/csdc-cecd.ca\/survey-methodology-workshop\/\" \/>\n<meta property=\"og:locale\" content=\"en_US\" \/>\n<meta property=\"og:type\" content=\"article\" \/>\n<meta property=\"og:title\" content=\"Survey Methodology Workshop - CECD - Centre pour l&#039;\u00e9tude de la citoyennet\u00e9 d\u00e9mocratique\" \/>\n<meta property=\"og:description\" content=\"\u00a0Institute for Research on Migration and Society\u00a0 organzses with the Centre for the Study of Democratic Citizenship Methodology workshop \u2013\u00a0Survey Methodology workshop Pr\u00e9sentater : Colin Scott, Department of Political Science at Concordia University When : Friday March 7, 2025, 10 a.m.- 4 p.m.Where: Concordia, Faubourg Building, Room 620, 1250 Guy, Montr\u00e9al, Qu\u00e9bec Registration required, The [&hellip;]\" \/>\n<meta property=\"og:url\" content=\"https:\/\/csdc-cecd.ca\/survey-methodology-workshop\/\" \/>\n<meta property=\"og:site_name\" content=\"CECD - Centre pour l&#039;\u00e9tude de la citoyennet\u00e9 d\u00e9mocratique\" \/>\n<meta property=\"article:modified_time\" content=\"2025-02-17T18:35:21+00:00\" \/>\n<meta name=\"twitter:card\" content=\"summary_large_image\" \/>\n<meta name=\"twitter:label1\" content=\"Est. reading time\" \/>\n\t<meta name=\"twitter:data1\" content=\"1 minute\" \/>\n<script type=\"application\/ld+json\" class=\"yoast-schema-graph\">{\"@context\":\"https:\\\/\\\/schema.org\",\"@graph\":[{\"@type\":\"WebPage\",\"@id\":\"https:\\\/\\\/csdc-cecd.ca\\\/survey-methodology-workshop\\\/\",\"url\":\"https:\\\/\\\/csdc-cecd.ca\\\/survey-methodology-workshop\\\/\",\"name\":\"Survey Methodology Workshop - CECD - Centre pour l&#039;\u00e9tude de la citoyennet\u00e9 d\u00e9mocratique\",\"isPartOf\":{\"@id\":\"https:\\\/\\\/csdc-cecd.ca\\\/#website\"},\"datePublished\":\"2025-02-17T18:03:29+00:00\",\"dateModified\":\"2025-02-17T18:35:21+00:00\",\"breadcrumb\":{\"@id\":\"https:\\\/\\\/csdc-cecd.ca\\\/survey-methodology-workshop\\\/#breadcrumb\"},\"inLanguage\":\"en-US\",\"potentialAction\":[{\"@type\":\"ReadAction\",\"target\":[\"https:\\\/\\\/csdc-cecd.ca\\\/survey-methodology-workshop\\\/\"]}]},{\"@type\":\"BreadcrumbList\",\"@id\":\"https:\\\/\\\/csdc-cecd.ca\\\/survey-methodology-workshop\\\/#breadcrumb\",\"itemListElement\":[{\"@type\":\"ListItem\",\"position\":1,\"name\":\"Accueil\",\"item\":\"https:\\\/\\\/csdc-cecd.ca\\\/en\\\/\"},{\"@type\":\"ListItem\",\"position\":2,\"name\":\"Survey Methodology Workshop\"}]},{\"@type\":\"WebSite\",\"@id\":\"https:\\\/\\\/csdc-cecd.ca\\\/#website\",\"url\":\"https:\\\/\\\/csdc-cecd.ca\\\/\",\"name\":\"CECD - Centre pour l&#039;\u00e9tude de la citoyennet\u00e9 d\u00e9mocratique\",\"description\":\"\",\"potentialAction\":[{\"@type\":\"SearchAction\",\"target\":{\"@type\":\"EntryPoint\",\"urlTemplate\":\"https:\\\/\\\/csdc-cecd.ca\\\/?s={search_term_string}\"},\"query-input\":{\"@type\":\"PropertyValueSpecification\",\"valueRequired\":true,\"valueName\":\"search_term_string\"}}],\"inLanguage\":\"en-US\"}]}<\/script>\n<!-- \/ Yoast SEO plugin. -->","yoast_head_json":{"title":"Survey Methodology Workshop - CECD - Centre pour l&#039;\u00e9tude de la citoyennet\u00e9 d\u00e9mocratique","robots":{"index":"index","follow":"follow","max-snippet":"max-snippet:-1","max-image-preview":"max-image-preview:large","max-video-preview":"max-video-preview:-1"},"canonical":"https:\/\/csdc-cecd.ca\/survey-methodology-workshop\/","og_locale":"en_US","og_type":"article","og_title":"Survey Methodology Workshop - CECD - Centre pour l&#039;\u00e9tude de la citoyennet\u00e9 d\u00e9mocratique","og_description":"\u00a0Institute for Research on Migration and Society\u00a0 organzses with the Centre for the Study of Democratic Citizenship Methodology workshop \u2013\u00a0Survey Methodology workshop Pr\u00e9sentater : Colin Scott, Department of Political Science at Concordia University When : Friday March 7, 2025, 10 a.m.- 4 p.m.Where: Concordia, Faubourg Building, Room 620, 1250 Guy, Montr\u00e9al, Qu\u00e9bec Registration required, The [&hellip;]","og_url":"https:\/\/csdc-cecd.ca\/survey-methodology-workshop\/","og_site_name":"CECD - Centre pour l&#039;\u00e9tude de la citoyennet\u00e9 d\u00e9mocratique","article_modified_time":"2025-02-17T18:35:21+00:00","twitter_card":"summary_large_image","twitter_misc":{"Est. reading time":"1 minute"},"schema":{"@context":"https:\/\/schema.org","@graph":[{"@type":"WebPage","@id":"https:\/\/csdc-cecd.ca\/survey-methodology-workshop\/","url":"https:\/\/csdc-cecd.ca\/survey-methodology-workshop\/","name":"Survey Methodology Workshop - CECD - Centre pour l&#039;\u00e9tude de la citoyennet\u00e9 d\u00e9mocratique","isPartOf":{"@id":"https:\/\/csdc-cecd.ca\/#website"},"datePublished":"2025-02-17T18:03:29+00:00","dateModified":"2025-02-17T18:35:21+00:00","breadcrumb":{"@id":"https:\/\/csdc-cecd.ca\/survey-methodology-workshop\/#breadcrumb"},"inLanguage":"en-US","potentialAction":[{"@type":"ReadAction","target":["https:\/\/csdc-cecd.ca\/survey-methodology-workshop\/"]}]},{"@type":"BreadcrumbList","@id":"https:\/\/csdc-cecd.ca\/survey-methodology-workshop\/#breadcrumb","itemListElement":[{"@type":"ListItem","position":1,"name":"Accueil","item":"https:\/\/csdc-cecd.ca\/en\/"},{"@type":"ListItem","position":2,"name":"Survey Methodology Workshop"}]},{"@type":"WebSite","@id":"https:\/\/csdc-cecd.ca\/#website","url":"https:\/\/csdc-cecd.ca\/","name":"CECD - Centre pour l&#039;\u00e9tude de la citoyennet\u00e9 d\u00e9mocratique","description":"","potentialAction":[{"@type":"SearchAction","target":{"@type":"EntryPoint","urlTemplate":"https:\/\/csdc-cecd.ca\/?s={search_term_string}"},"query-input":{"@type":"PropertyValueSpecification","valueRequired":true,"valueName":"search_term_string"}}],"inLanguage":"en-US"}]}},"_links":{"self":[{"href":"https:\/\/csdc-cecd.ca\/en\/wp-json\/wp\/v2\/pages\/4111","targetHints":{"allow":["GET"]}}],"collection":[{"href":"https:\/\/csdc-cecd.ca\/en\/wp-json\/wp\/v2\/pages"}],"about":[{"href":"https:\/\/csdc-cecd.ca\/en\/wp-json\/wp\/v2\/types\/page"}],"author":[{"embeddable":true,"href":"https:\/\/csdc-cecd.ca\/en\/wp-json\/wp\/v2\/users\/1"}],"replies":[{"embeddable":true,"href":"https:\/\/csdc-cecd.ca\/en\/wp-json\/wp\/v2\/comments?post=4111"}],"version-history":[{"count":2,"href":"https:\/\/csdc-cecd.ca\/en\/wp-json\/wp\/v2\/pages\/4111\/revisions"}],"predecessor-version":[{"id":4113,"href":"https:\/\/csdc-cecd.ca\/en\/wp-json\/wp\/v2\/pages\/4111\/revisions\/4113"}],"wp:attachment":[{"href":"https:\/\/csdc-cecd.ca\/en\/wp-json\/wp\/v2\/media?parent=4111"}],"curies":[{"name":"wp","href":"https:\/\/api.w.org\/{rel}","templated":true}]}}