{"id":4365,"date":"2025-03-19T08:15:44","date_gmt":"2025-03-19T12:15:44","guid":{"rendered":"https:\/\/csdc-cecd.ca\/american-elections-in-perspective\/"},"modified":"2025-03-27T12:51:17","modified_gmt":"2025-03-27T16:51:17","slug":"american-elections-in-perspective","status":"publish","type":"page","link":"https:\/\/csdc-cecd.ca\/en\/american-elections-in-perspective\/","title":{"rendered":"American Elections in Perspective"},"content":{"rendered":"<p>[et_pb_section fb_built=&#8221;1&#8243; _builder_version=&#8221;4.27.4&#8243; _module_preset=&#8221;default&#8221; global_colors_info=&#8221;{}&#8221;][et_pb_row _builder_version=&#8221;4.27.4&#8243; _module_preset=&#8221;default&#8221; global_colors_info=&#8221;{}&#8221;][et_pb_column type=&#8221;4_4&#8243; _builder_version=&#8221;4.27.4&#8243; _module_preset=&#8221;default&#8221; global_colors_info=&#8221;{}&#8221;][et_pb_image src=&#8221;https:\/\/csdc-cecd.ca\/wp-content\/uploads\/2025\/03\/American-Elections-in-Perspective-1.png&#8221; title_text=&#8221;American Elections in Perspective (1)&#8221; _builder_version=&#8221;4.27.4&#8243; _module_preset=&#8221;default&#8221; hover_enabled=&#8221;0&#8243; global_colors_info=&#8221;{}&#8221; sticky_enabled=&#8221;0&#8243;][\/et_pb_image][\/et_pb_column][\/et_pb_row][et_pb_row column_structure=&#8221;1_2,1_2&#8243; _builder_version=&#8221;4.27.4&#8243; _module_preset=&#8221;default&#8221; global_colors_info=&#8221;{}&#8221;][et_pb_column type=&#8221;1_2&#8243; _builder_version=&#8221;4.27.4&#8243; _module_preset=&#8221;default&#8221; global_colors_info=&#8221;{}&#8221;][et_pb_text _builder_version=&#8221;4.27.4&#8243; _module_preset=&#8221;default&#8221; hover_enabled=&#8221;0&#8243; global_colors_info=&#8221;{}&#8221; sticky_enabled=&#8221;0&#8243;]<\/p>\n<p><span>The Centre for the Study of Democratic Citizenship\u00a0presents:<\/span><\/p>\n<h4><strong>Speaker Series \u2013 American Elections in Perspective<\/strong><\/h4>\n<p>When : Friday April 11, 2025, 1 &#8211; 5 p.m.<br \/>Where : <span>UQAM, Salle Chaufferrie,\u00a0<\/span><span>Pavillon Coeur des sciences, <\/span><span>175, avenue du Pr\u00e9sident-Kennedy, <\/span><span>Montr\u00e9al\u00a0<\/span><\/p>\n<p><span>INSCRIPTION :\u00a0<a href=\"https:\/\/cecdudemscpol.qualtrics.com\/jfe\/form\/SV_1GLkymkNzdMcbRQ\">https:\/\/cecdudemscpol.qualtrics.com\/jfe\/form\/SV_dau0rGCq5OD3YWy<\/a><\/span><\/p>\n<p>[\/et_pb_text][\/et_pb_column][et_pb_column type=&#8221;1_2&#8243; _builder_version=&#8221;4.27.4&#8243; _module_preset=&#8221;default&#8221; global_colors_info=&#8221;{}&#8221;][\/et_pb_column][\/et_pb_row][et_pb_row column_structure=&#8221;1_4,3_4&#8243; _builder_version=&#8221;4.27.4&#8243; _module_preset=&#8221;default&#8221; global_colors_info=&#8221;{}&#8221;][et_pb_column type=&#8221;1_4&#8243; _builder_version=&#8221;4.27.4&#8243; _module_preset=&#8221;default&#8221; global_colors_info=&#8221;{}&#8221;][et_pb_image src=&#8221;https:\/\/csdc-cecd.ca\/wp-content\/uploads\/2025\/03\/image-e1742387927842.jpg&#8221; title_text=&#8221;image&#8221; _builder_version=&#8221;4.27.4&#8243; _module_preset=&#8221;default&#8221; global_colors_info=&#8221;{}&#8221;][\/et_pb_image][\/et_pb_column][et_pb_column type=&#8221;3_4&#8243; _builder_version=&#8221;4.27.4&#8243; _module_preset=&#8221;default&#8221; global_colors_info=&#8221;{}&#8221;][et_pb_text _builder_version=&#8221;4.27.4&#8243; _module_preset=&#8221;default&#8221; global_colors_info=&#8221;{}&#8221;]<\/p>\n<p class=\"p1\"><a href=\"https:\/\/lsa.umich.edu\/polisci\/people\/faculty\/nvalenti.html\">Nicolas Valentino<\/a> (University of Michigan, Ann Arbor, MI,\u00a0 U.S.A.)<\/p>\n<p class=\"p1\">Title: <em>Dobbs Wasn&#8217;t Enough: Gendered Emotional Dynamics and Turnout in the 2024 US Presidential Election<\/em><\/p>\n<p class=\"p1\"><span>Many Democratic operatives hoped that the intensely negative emotional reactions to the Dobbs decision in 2022 would carry over to the 2024 Presidential election, mobilizing women across the party spectrum to turn out in defense of their reproductive rights and to prevent further conservative shifts on this issue. It was not to be. We ran several experiments between 2016 and 2024 which demonstrated that negative emotions did seem to affect the turnout intentions of millions of women across the country, but these effects, especially the mobilizing effect of existential fear, were quite temporary, and many women reverted to their partisan attachments by the fall of 2024. We hope the work contributes to a larger debate about the role of emotions in politics, beyond its ability to help explain the reelection of Donald Trump.<\/span><\/p>\n<p class=\"p1\">[\/et_pb_text][\/et_pb_column][\/et_pb_row][et_pb_row column_structure=&#8221;1_4,3_4&#8243; _builder_version=&#8221;4.27.4&#8243; _module_preset=&#8221;default&#8221; global_colors_info=&#8221;{}&#8221;][et_pb_column type=&#8221;1_4&#8243; _builder_version=&#8221;4.27.4&#8243; _module_preset=&#8221;default&#8221; global_colors_info=&#8221;{}&#8221;][et_pb_image src=&#8221;https:\/\/csdc-cecd.ca\/wp-content\/uploads\/2025\/03\/jaime-settle-photo_custom450x600-e1742387653902.jpg&#8221; title_text=&#8221;jaime-settle-photo_custom450x600&#8243; _builder_version=&#8221;4.27.4&#8243; _module_preset=&#8221;default&#8221; global_colors_info=&#8221;{}&#8221;][\/et_pb_image][\/et_pb_column][et_pb_column type=&#8221;3_4&#8243; _builder_version=&#8221;4.27.4&#8243; _module_preset=&#8221;default&#8221; global_colors_info=&#8221;{}&#8221;][et_pb_text _builder_version=&#8221;4.27.4&#8243; _module_preset=&#8221;default&#8221; global_colors_info=&#8221;{}&#8221;]<\/p>\n<p class=\"p1\"><a href=\"https:\/\/www.wm.edu\/as\/government\/faculty-directory\/settle_j.php\">Jaime Settle<\/a> (William &amp; Mary, Williamsburg, VA, U.S.A.)<\/p>\n<p class=\"p1\">Titre :<i>\u00a0 Talking about Politics When Everything is Political<\/i><\/p>\n<p class=\"p1\">Do people make their divisions deeper when they interact with each other about politics? This question has long motivated scholars of political psychology and communication, but it has become all the more pressing in an era defined by polarization, hyperpartisanship, and the politicization of many facets of society. In this research presentation, I theorize more fully about the nature of organic political interactions, both online and offline, and the implications of the underlying psychology of communication for the public\u2019s willingness to engage about substantive political topics. Integrating insights from research using a diverse of methods, ranging from psychophysiological measurement to computational social science, we will unpack more realistic expectations about when political interaction might exacerbate our divides and when it might ameliorate them.<\/p>\n<p>[\/et_pb_text][\/et_pb_column][\/et_pb_row][et_pb_row column_structure=&#8221;1_6,1_6,1_6,1_2&#8243; _builder_version=&#8221;4.27.4&#8243; _module_preset=&#8221;default&#8221; global_colors_info=&#8221;{}&#8221;][et_pb_column type=&#8221;1_6&#8243; _builder_version=&#8221;4.27.4&#8243; _module_preset=&#8221;default&#8221; global_colors_info=&#8221;{}&#8221;][et_pb_image src=&#8221;https:\/\/csdc-cecd.ca\/wp-content\/uploads\/2025\/03\/image-e1742387927842.jpg&#8221; title_text=&#8221;image&#8221; _builder_version=&#8221;4.27.4&#8243; _module_preset=&#8221;default&#8221; global_colors_info=&#8221;{}&#8221;][\/et_pb_image][\/et_pb_column][et_pb_column type=&#8221;1_6&#8243; _builder_version=&#8221;4.27.4&#8243; _module_preset=&#8221;default&#8221; global_colors_info=&#8221;{}&#8221;][et_pb_image src=&#8221;https:\/\/csdc-cecd.ca\/wp-content\/uploads\/2025\/03\/jaime-settle-photo_custom450x600-e1742387653902.jpg&#8221; title_text=&#8221;jaime-settle-photo_custom450x600&#8243; _builder_version=&#8221;4.27.4&#8243; _module_preset=&#8221;default&#8221; global_colors_info=&#8221;{}&#8221;][\/et_pb_image][\/et_pb_column][et_pb_column type=&#8221;1_6&#8243; _builder_version=&#8221;4.27.4&#8243; _module_preset=&#8221;default&#8221; global_colors_info=&#8221;{}&#8221;][et_pb_image src=&#8221;https:\/\/csdc-cecd.ca\/wp-content\/uploads\/2025\/03\/Frederick-Gagnon-scaled-1.jpg&#8221; title_text=&#8221;Frederick-Gagnon-scaled&#8221; _builder_version=&#8221;4.27.4&#8243; _module_preset=&#8221;default&#8221; global_colors_info=&#8221;{}&#8221;][\/et_pb_image][\/et_pb_column][et_pb_column type=&#8221;1_2&#8243; _builder_version=&#8221;4.27.4&#8243; _module_preset=&#8221;default&#8221; global_colors_info=&#8221;{}&#8221;][et_pb_text _builder_version=&#8221;4.27.4&#8243; _module_preset=&#8221;default&#8221; global_colors_info=&#8221;{}&#8221;]<\/p>\n<p class=\"p1\">Round Table : American Elections in Perspectve<\/p>\n<ul>\n<li class=\"p1\"><a href=\"https:\/\/lsa.umich.edu\/polisci\/people\/faculty\/nvalenti.html\">Nicolas Valentino<\/a> (University of Michigan, Ann Arbor, MI, U.S.A.)<\/li>\n<li class=\"p1\"><a href=\"https:\/\/www.wm.edu\/as\/government\/faculty-directory\/settle_j.php\">Jaime Settle<\/a> (William &amp; Mary, Williamsburg, VA, U.S.A.)<\/li>\n<li class=\"p1\"><a href=\"https:\/\/dandurand.uqam.ca\/chercheur\/gagnon-frederick\/\">Fr\u00e9d\u00e9rick Gagnon<\/a> (UQAM, Montr\u00e9al)<\/li>\n<\/ul>\n<p>[\/et_pb_text][\/et_pb_column][\/et_pb_row][et_pb_row _builder_version=&#8221;4.27.4&#8243; _module_preset=&#8221;default&#8221; global_colors_info=&#8221;{}&#8221;][et_pb_column type=&#8221;4_4&#8243; _builder_version=&#8221;4.27.4&#8243; _module_preset=&#8221;default&#8221; global_colors_info=&#8221;{}&#8221;][et_pb_text _builder_version=&#8221;4.27.4&#8243; _module_preset=&#8221;default&#8221;]<\/p>\n<p><span>This series is sponsored by the Centre for the Study of Democratic Citizenship, which is funded by the<\/span><a href=\"https:\/\/frq.gouv.qc.ca\/\"><span>\u00a0<\/span>Fonds de recherche du Qu\u00e9bec \u2013 Soci\u00e9t\u00e9 et culture (FRQSC).<\/a><\/p>\n<p>[\/et_pb_text][\/et_pb_column][\/et_pb_row][et_pb_row _builder_version=&#8221;4.27.4&#8243; _module_preset=&#8221;default&#8221; global_colors_info=&#8221;{}&#8221;][et_pb_column type=&#8221;4_4&#8243; _builder_version=&#8221;4.27.4&#8243; _module_preset=&#8221;default&#8221; global_colors_info=&#8221;{}&#8221;][et_pb_button button_url=&#8221;https:\/\/csdc-cecd.ca\/en\/calendrier-des-evenements\/&#8221; button_text=&#8221;Back to Events Calendar&#8221; button_alignment=&#8221;center&#8221; _builder_version=&#8221;4.27.4&#8243; _module_preset=&#8221;default&#8221; global_colors_info=&#8221;{}&#8221;][\/et_pb_button][\/et_pb_column][\/et_pb_row][\/et_pb_section]<\/p>\n","protected":false},"excerpt":{"rendered":"<p>The Centre for the Study of Democratic Citizenship\u00a0presents: Speaker Series \u2013 American Elections in Perspective When : Friday April 11, 2025, 1 &#8211; 5 p.m.Where : UQAM, Salle Chaufferrie,\u00a0Pavillon Coeur des sciences, 175, avenue du Pr\u00e9sident-Kennedy, Montr\u00e9al\u00a0 INSCRIPTION :\u00a0https:\/\/cecdudemscpol.qualtrics.com\/jfe\/form\/SV_dau0rGCq5OD3YWyNicolas Valentino (University of Michigan, Ann Arbor, MI,\u00a0 U.S.A.) Title: Dobbs Wasn&#8217;t Enough: Gendered Emotional Dynamics and [&hellip;]<\/p>\n","protected":false},"author":1,"featured_media":0,"parent":0,"menu_order":0,"comment_status":"closed","ping_status":"closed","template":"","meta":{"_et_pb_use_builder":"on","_et_pb_old_content":"","_et_gb_content_width":"","footnotes":""},"class_list":["post-4365","page","type-page","status-publish","hentry"],"yoast_head":"<!-- This site is optimized with the Yoast SEO plugin v27.4 - https:\/\/yoast.com\/product\/yoast-seo-wordpress\/ -->\n<title>American Elections in Perspective - CECD - Centre pour l&#039;\u00e9tude de la citoyennet\u00e9 d\u00e9mocratique<\/title>\n<meta name=\"robots\" content=\"index, follow, max-snippet:-1, max-image-preview:large, max-video-preview:-1\" \/>\n<link rel=\"canonical\" href=\"https:\/\/csdc-cecd.ca\/american-elections-in-perspective\/\" \/>\n<meta property=\"og:locale\" content=\"en_US\" \/>\n<meta property=\"og:type\" content=\"article\" \/>\n<meta property=\"og:title\" content=\"American Elections in Perspective - CECD - Centre pour l&#039;\u00e9tude de la citoyennet\u00e9 d\u00e9mocratique\" \/>\n<meta property=\"og:description\" content=\"The Centre for the Study of Democratic Citizenship\u00a0presents: Speaker Series \u2013 American Elections in Perspective When : Friday April 11, 2025, 1 - 5 p.m.Where : UQAM, Salle Chaufferrie,\u00a0Pavillon Coeur des sciences, 175, avenue du Pr\u00e9sident-Kennedy, Montr\u00e9al\u00a0 INSCRIPTION :\u00a0https:\/\/cecdudemscpol.qualtrics.com\/jfe\/form\/SV_dau0rGCq5OD3YWyNicolas Valentino (University of Michigan, Ann Arbor, MI,\u00a0 U.S.A.) Title: Dobbs Wasn&#039;t Enough: Gendered Emotional Dynamics and [&hellip;]\" \/>\n<meta property=\"og:url\" content=\"https:\/\/csdc-cecd.ca\/american-elections-in-perspective\/\" \/>\n<meta property=\"og:site_name\" content=\"CECD - Centre pour l&#039;\u00e9tude de la citoyennet\u00e9 d\u00e9mocratique\" \/>\n<meta property=\"article:modified_time\" content=\"2025-03-27T16:51:17+00:00\" \/>\n<meta name=\"twitter:card\" content=\"summary_large_image\" \/>\n<script type=\"application\/ld+json\" class=\"yoast-schema-graph\">{\"@context\":\"https:\\\/\\\/schema.org\",\"@graph\":[{\"@type\":\"WebPage\",\"@id\":\"https:\\\/\\\/csdc-cecd.ca\\\/american-elections-in-perspective\\\/\",\"url\":\"https:\\\/\\\/csdc-cecd.ca\\\/american-elections-in-perspective\\\/\",\"name\":\"American Elections in Perspective - CECD - Centre pour l&#039;\u00e9tude de la citoyennet\u00e9 d\u00e9mocratique\",\"isPartOf\":{\"@id\":\"https:\\\/\\\/csdc-cecd.ca\\\/#website\"},\"datePublished\":\"2025-03-19T12:15:44+00:00\",\"dateModified\":\"2025-03-27T16:51:17+00:00\",\"breadcrumb\":{\"@id\":\"https:\\\/\\\/csdc-cecd.ca\\\/american-elections-in-perspective\\\/#breadcrumb\"},\"inLanguage\":\"en-US\",\"potentialAction\":[{\"@type\":\"ReadAction\",\"target\":[\"https:\\\/\\\/csdc-cecd.ca\\\/american-elections-in-perspective\\\/\"]}]},{\"@type\":\"BreadcrumbList\",\"@id\":\"https:\\\/\\\/csdc-cecd.ca\\\/american-elections-in-perspective\\\/#breadcrumb\",\"itemListElement\":[{\"@type\":\"ListItem\",\"position\":1,\"name\":\"Accueil\",\"item\":\"https:\\\/\\\/csdc-cecd.ca\\\/en\\\/\"},{\"@type\":\"ListItem\",\"position\":2,\"name\":\"American Elections in Perspective\"}]},{\"@type\":\"WebSite\",\"@id\":\"https:\\\/\\\/csdc-cecd.ca\\\/#website\",\"url\":\"https:\\\/\\\/csdc-cecd.ca\\\/\",\"name\":\"CECD - Centre pour l&#039;\u00e9tude de la citoyennet\u00e9 d\u00e9mocratique\",\"description\":\"\",\"potentialAction\":[{\"@type\":\"SearchAction\",\"target\":{\"@type\":\"EntryPoint\",\"urlTemplate\":\"https:\\\/\\\/csdc-cecd.ca\\\/?s={search_term_string}\"},\"query-input\":{\"@type\":\"PropertyValueSpecification\",\"valueRequired\":true,\"valueName\":\"search_term_string\"}}],\"inLanguage\":\"en-US\"}]}<\/script>\n<!-- \/ Yoast SEO plugin. -->","yoast_head_json":{"title":"American Elections in Perspective - CECD - Centre pour l&#039;\u00e9tude de la citoyennet\u00e9 d\u00e9mocratique","robots":{"index":"index","follow":"follow","max-snippet":"max-snippet:-1","max-image-preview":"max-image-preview:large","max-video-preview":"max-video-preview:-1"},"canonical":"https:\/\/csdc-cecd.ca\/american-elections-in-perspective\/","og_locale":"en_US","og_type":"article","og_title":"American Elections in Perspective - CECD - Centre pour l&#039;\u00e9tude de la citoyennet\u00e9 d\u00e9mocratique","og_description":"The Centre for the Study of Democratic Citizenship\u00a0presents: Speaker Series \u2013 American Elections in Perspective When : Friday April 11, 2025, 1 - 5 p.m.Where : UQAM, Salle Chaufferrie,\u00a0Pavillon Coeur des sciences, 175, avenue du Pr\u00e9sident-Kennedy, Montr\u00e9al\u00a0 INSCRIPTION :\u00a0https:\/\/cecdudemscpol.qualtrics.com\/jfe\/form\/SV_dau0rGCq5OD3YWyNicolas Valentino (University of Michigan, Ann Arbor, MI,\u00a0 U.S.A.) Title: Dobbs Wasn't Enough: Gendered Emotional Dynamics and [&hellip;]","og_url":"https:\/\/csdc-cecd.ca\/american-elections-in-perspective\/","og_site_name":"CECD - Centre pour l&#039;\u00e9tude de la citoyennet\u00e9 d\u00e9mocratique","article_modified_time":"2025-03-27T16:51:17+00:00","twitter_card":"summary_large_image","schema":{"@context":"https:\/\/schema.org","@graph":[{"@type":"WebPage","@id":"https:\/\/csdc-cecd.ca\/american-elections-in-perspective\/","url":"https:\/\/csdc-cecd.ca\/american-elections-in-perspective\/","name":"American Elections in Perspective - CECD - Centre pour l&#039;\u00e9tude de la citoyennet\u00e9 d\u00e9mocratique","isPartOf":{"@id":"https:\/\/csdc-cecd.ca\/#website"},"datePublished":"2025-03-19T12:15:44+00:00","dateModified":"2025-03-27T16:51:17+00:00","breadcrumb":{"@id":"https:\/\/csdc-cecd.ca\/american-elections-in-perspective\/#breadcrumb"},"inLanguage":"en-US","potentialAction":[{"@type":"ReadAction","target":["https:\/\/csdc-cecd.ca\/american-elections-in-perspective\/"]}]},{"@type":"BreadcrumbList","@id":"https:\/\/csdc-cecd.ca\/american-elections-in-perspective\/#breadcrumb","itemListElement":[{"@type":"ListItem","position":1,"name":"Accueil","item":"https:\/\/csdc-cecd.ca\/en\/"},{"@type":"ListItem","position":2,"name":"American Elections in Perspective"}]},{"@type":"WebSite","@id":"https:\/\/csdc-cecd.ca\/#website","url":"https:\/\/csdc-cecd.ca\/","name":"CECD - Centre pour l&#039;\u00e9tude de la citoyennet\u00e9 d\u00e9mocratique","description":"","potentialAction":[{"@type":"SearchAction","target":{"@type":"EntryPoint","urlTemplate":"https:\/\/csdc-cecd.ca\/?s={search_term_string}"},"query-input":{"@type":"PropertyValueSpecification","valueRequired":true,"valueName":"search_term_string"}}],"inLanguage":"en-US"}]}},"_links":{"self":[{"href":"https:\/\/csdc-cecd.ca\/en\/wp-json\/wp\/v2\/pages\/4365","targetHints":{"allow":["GET"]}}],"collection":[{"href":"https:\/\/csdc-cecd.ca\/en\/wp-json\/wp\/v2\/pages"}],"about":[{"href":"https:\/\/csdc-cecd.ca\/en\/wp-json\/wp\/v2\/types\/page"}],"author":[{"embeddable":true,"href":"https:\/\/csdc-cecd.ca\/en\/wp-json\/wp\/v2\/users\/1"}],"replies":[{"embeddable":true,"href":"https:\/\/csdc-cecd.ca\/en\/wp-json\/wp\/v2\/comments?post=4365"}],"version-history":[{"count":5,"href":"https:\/\/csdc-cecd.ca\/en\/wp-json\/wp\/v2\/pages\/4365\/revisions"}],"predecessor-version":[{"id":4462,"href":"https:\/\/csdc-cecd.ca\/en\/wp-json\/wp\/v2\/pages\/4365\/revisions\/4462"}],"wp:attachment":[{"href":"https:\/\/csdc-cecd.ca\/en\/wp-json\/wp\/v2\/media?parent=4365"}],"curies":[{"name":"wp","href":"https:\/\/api.w.org\/{rel}","templated":true}]}}