{"id":4575,"date":"2025-04-01T12:43:18","date_gmt":"2025-04-01T16:43:18","guid":{"rendered":"https:\/\/csdc-cecd.ca\/postuler-stage-dinitiation-a-la-recherche\/"},"modified":"2025-04-01T13:01:16","modified_gmt":"2025-04-01T17:01:16","slug":"postuler-stage-dinitiation-a-la-recherche","status":"publish","type":"page","link":"https:\/\/csdc-cecd.ca\/en\/postuler-stage-dinitiation-a-la-recherche\/","title":{"rendered":"Postuler Stage d\u2019initiation \u00e0 la recherche"},"content":{"rendered":"<p>[et_pb_section fb_built=&#8221;1&#8243; _builder_version=&#8221;4.27.4&#8243; _module_preset=&#8221;default&#8221; global_colors_info=&#8221;{}&#8221;][et_pb_row _builder_version=&#8221;4.27.4&#8243; _module_preset=&#8221;default&#8221; global_colors_info=&#8221;{}&#8221;][et_pb_column type=&#8221;4_4&#8243; _builder_version=&#8221;4.27.4&#8243; _module_preset=&#8221;default&#8221; global_colors_info=&#8221;{}&#8221;][et_pb_text _builder_version=&#8221;4.27.4&#8243; _module_preset=&#8221;default&#8221; hover_enabled=&#8221;0&#8243; sticky_enabled=&#8221;0&#8243;]<\/p>\n<h2 style=\"text-align: center;\">\u00a0Research Introduction Internship &#8211;<\/h2>\n<h2 style=\"text-align: center;\">Undergraduate Students 2025<\/h2>\n<p>&nbsp;<\/p>\n<p>[\/et_pb_text][\/et_pb_column][\/et_pb_row][et_pb_row _builder_version=&#8221;4.27.4&#8243; _module_preset=&#8221;default&#8221; global_colors_info=&#8221;{}&#8221;][et_pb_column type=&#8221;4_4&#8243; _builder_version=&#8221;4.27.4&#8243; _module_preset=&#8221;default&#8221; global_colors_info=&#8221;{}&#8221;][et_pb_text _builder_version=&#8221;4.27.4&#8243; _module_preset=&#8221;default&#8221; hover_enabled=&#8221;0&#8243; sticky_enabled=&#8221;0&#8243;]<\/p>\n<h4><strong>Introduction<\/strong><\/h4>\n<p>The Undergraduate Student Research Grant provides a CSDC faculty member with funding for the hiring of an undergraduate student as a research assistant. It is meant to nurture the interest and develop the potential of an undergraduate student for research. It is also meant to encourage the student to undertake graduate studies by providing research work experience that complements their studies.<\/p>\n<h4><strong>Student eligibility<\/strong><\/h4>\n<p>To be eligible, the student:<\/p>\n<ul>\n<li>must be registered in a bachelor\u2019s degree program at the time of the application,<\/li>\n<li>cannot be currently registered or have been previously registered in a graduate program.<span style=\"text-decoration: line-through;\"><\/span><\/li>\n<\/ul>\n<h4><strong>Value of grant<\/strong><\/h4>\n<ul>\n<li>The CSDC contribution is\u00a0up to 2000$.<\/li>\n<li>The CSDC contribution is\u00a0transfered to the university of the CSDC faculty supervisor.<\/li>\n<li>The supervisor is required as a minimum to match the CSDC contribution.<\/li>\n<li>The student can receive these amounts either as a salary or a stipend.<\/li>\n<\/ul>\n<h4><strong>Application<\/strong><\/h4>\n<p>To apply, the CSDC faculty member must submit:<\/p>\n<ul>\n<li>The student\u2019s CV.<\/li>\n<li>The student\u2019s university transcripts.<\/li>\n<li>A plan that outlines how the undergraduate student will be integrated into the CSDC faculty member\u2019s research program and how the student\u2019s interest and abilities for research will be fostered (maximum: 1 page).<\/li>\n<li>A budget (including the number of hours).<\/li>\n<\/ul>\n<h4><strong>Deadline for applications<\/strong><\/h4>\n<ul>\n<li>April 30<\/li>\n<\/ul>\n<h4><strong>Period of use of grant<\/strong><\/h4>\n<ul>\n<li>May 1st through August 31st<\/li>\n<\/ul>\n<h4><strong>Funding and tenure<\/strong><\/h4>\n<ul>\n<li>Maximum 2000$.<\/li>\n<li>The grant will be transferred to the university where the CSDC faculty member is located and must be used for the student originally approved.<\/li>\n<\/ul>\n<h4><strong>Assessment of applications<\/strong><\/h4>\n<p>Applications are reviewed by the CSDC Steering Committee. Each Steering Committee member evaluates the application on the following criteria:<\/p>\n<ul>\n<li>Relevance of research project<\/li>\n<li>Training environment<\/li>\n<li>Eligibility of the student<\/li>\n<li>Budget<\/li>\n<\/ul>\n<h4><strong>Reporting<\/strong><\/h4>\n<p>The CSDC faculty member receiving the grant must provide documentation showing that the funds have been dispersed to the student as planned within 45 days of the end of the grant period.<\/p>\n<p>[\/et_pb_text][\/et_pb_column][\/et_pb_row][\/et_pb_section]<\/p>\n","protected":false},"excerpt":{"rendered":"<p>\u00a0Research Introduction Internship &#8211; Undergraduate Students 2025 &nbsp;Introduction The Undergraduate Student Research Grant provides a CSDC faculty member with funding for the hiring of an undergraduate student as a research assistant. It is meant to nurture the interest and develop the potential of an undergraduate student for research. It is also meant to encourage the [&hellip;]<\/p>\n","protected":false},"author":1,"featured_media":0,"parent":0,"menu_order":0,"comment_status":"closed","ping_status":"closed","template":"","meta":{"_et_pb_use_builder":"on","_et_pb_old_content":"","_et_gb_content_width":"","footnotes":""},"class_list":["post-4575","page","type-page","status-publish","hentry"],"yoast_head":"<!-- This site is optimized with the Yoast SEO plugin v27.5 - https:\/\/yoast.com\/product\/yoast-seo-wordpress\/ -->\n<title>Postuler Stage d\u2019initiation \u00e0 la recherche - CECD - Centre pour l&#039;\u00e9tude de la citoyennet\u00e9 d\u00e9mocratique<\/title>\n<meta name=\"robots\" content=\"index, follow, max-snippet:-1, max-image-preview:large, max-video-preview:-1\" \/>\n<link rel=\"canonical\" href=\"https:\/\/csdc-cecd.ca\/postuler-stage-dinitiation-a-la-recherche\/\" \/>\n<meta property=\"og:locale\" content=\"en_US\" \/>\n<meta property=\"og:type\" content=\"article\" \/>\n<meta property=\"og:title\" content=\"Postuler Stage d\u2019initiation \u00e0 la recherche - CECD - Centre pour l&#039;\u00e9tude de la citoyennet\u00e9 d\u00e9mocratique\" \/>\n<meta property=\"og:description\" content=\"\u00a0Research Introduction Internship - Undergraduate Students 2025 &nbsp;Introduction The Undergraduate Student Research Grant provides a CSDC faculty member with funding for the hiring of an undergraduate student as a research assistant. It is meant to nurture the interest and develop the potential of an undergraduate student for research. It is also meant to encourage the [&hellip;]\" \/>\n<meta property=\"og:url\" content=\"https:\/\/csdc-cecd.ca\/postuler-stage-dinitiation-a-la-recherche\/\" \/>\n<meta property=\"og:site_name\" content=\"CECD - Centre pour l&#039;\u00e9tude de la citoyennet\u00e9 d\u00e9mocratique\" \/>\n<meta property=\"article:modified_time\" content=\"2025-04-01T17:01:16+00:00\" \/>\n<meta name=\"twitter:card\" content=\"summary_large_image\" \/>\n<meta name=\"twitter:label1\" content=\"Est. reading time\" \/>\n\t<meta name=\"twitter:data1\" content=\"2 minutes\" \/>\n<script type=\"application\/ld+json\" class=\"yoast-schema-graph\">{\"@context\":\"https:\\\/\\\/schema.org\",\"@graph\":[{\"@type\":\"WebPage\",\"@id\":\"https:\\\/\\\/csdc-cecd.ca\\\/postuler-stage-dinitiation-a-la-recherche\\\/\",\"url\":\"https:\\\/\\\/csdc-cecd.ca\\\/postuler-stage-dinitiation-a-la-recherche\\\/\",\"name\":\"Postuler Stage d\u2019initiation \u00e0 la recherche - CECD - Centre pour l&#039;\u00e9tude de la citoyennet\u00e9 d\u00e9mocratique\",\"isPartOf\":{\"@id\":\"https:\\\/\\\/csdc-cecd.ca\\\/#website\"},\"datePublished\":\"2025-04-01T16:43:18+00:00\",\"dateModified\":\"2025-04-01T17:01:16+00:00\",\"breadcrumb\":{\"@id\":\"https:\\\/\\\/csdc-cecd.ca\\\/postuler-stage-dinitiation-a-la-recherche\\\/#breadcrumb\"},\"inLanguage\":\"en-US\",\"potentialAction\":[{\"@type\":\"ReadAction\",\"target\":[\"https:\\\/\\\/csdc-cecd.ca\\\/postuler-stage-dinitiation-a-la-recherche\\\/\"]}]},{\"@type\":\"BreadcrumbList\",\"@id\":\"https:\\\/\\\/csdc-cecd.ca\\\/postuler-stage-dinitiation-a-la-recherche\\\/#breadcrumb\",\"itemListElement\":[{\"@type\":\"ListItem\",\"position\":1,\"name\":\"Accueil\",\"item\":\"https:\\\/\\\/csdc-cecd.ca\\\/en\\\/\"},{\"@type\":\"ListItem\",\"position\":2,\"name\":\"Postuler Stage d\u2019initiation \u00e0 la recherche\"}]},{\"@type\":\"WebSite\",\"@id\":\"https:\\\/\\\/csdc-cecd.ca\\\/#website\",\"url\":\"https:\\\/\\\/csdc-cecd.ca\\\/\",\"name\":\"CECD - Centre pour l&#039;\u00e9tude de la citoyennet\u00e9 d\u00e9mocratique\",\"description\":\"\",\"potentialAction\":[{\"@type\":\"SearchAction\",\"target\":{\"@type\":\"EntryPoint\",\"urlTemplate\":\"https:\\\/\\\/csdc-cecd.ca\\\/?s={search_term_string}\"},\"query-input\":{\"@type\":\"PropertyValueSpecification\",\"valueRequired\":true,\"valueName\":\"search_term_string\"}}],\"inLanguage\":\"en-US\"}]}<\/script>\n<!-- \/ Yoast SEO plugin. -->","yoast_head_json":{"title":"Postuler Stage d\u2019initiation \u00e0 la recherche - CECD - Centre pour l&#039;\u00e9tude de la citoyennet\u00e9 d\u00e9mocratique","robots":{"index":"index","follow":"follow","max-snippet":"max-snippet:-1","max-image-preview":"max-image-preview:large","max-video-preview":"max-video-preview:-1"},"canonical":"https:\/\/csdc-cecd.ca\/postuler-stage-dinitiation-a-la-recherche\/","og_locale":"en_US","og_type":"article","og_title":"Postuler Stage d\u2019initiation \u00e0 la recherche - CECD - Centre pour l&#039;\u00e9tude de la citoyennet\u00e9 d\u00e9mocratique","og_description":"\u00a0Research Introduction Internship - Undergraduate Students 2025 &nbsp;Introduction The Undergraduate Student Research Grant provides a CSDC faculty member with funding for the hiring of an undergraduate student as a research assistant. It is meant to nurture the interest and develop the potential of an undergraduate student for research. It is also meant to encourage the [&hellip;]","og_url":"https:\/\/csdc-cecd.ca\/postuler-stage-dinitiation-a-la-recherche\/","og_site_name":"CECD - Centre pour l&#039;\u00e9tude de la citoyennet\u00e9 d\u00e9mocratique","article_modified_time":"2025-04-01T17:01:16+00:00","twitter_card":"summary_large_image","twitter_misc":{"Est. reading time":"2 minutes"},"schema":{"@context":"https:\/\/schema.org","@graph":[{"@type":"WebPage","@id":"https:\/\/csdc-cecd.ca\/postuler-stage-dinitiation-a-la-recherche\/","url":"https:\/\/csdc-cecd.ca\/postuler-stage-dinitiation-a-la-recherche\/","name":"Postuler Stage d\u2019initiation \u00e0 la recherche - CECD - Centre pour l&#039;\u00e9tude de la citoyennet\u00e9 d\u00e9mocratique","isPartOf":{"@id":"https:\/\/csdc-cecd.ca\/#website"},"datePublished":"2025-04-01T16:43:18+00:00","dateModified":"2025-04-01T17:01:16+00:00","breadcrumb":{"@id":"https:\/\/csdc-cecd.ca\/postuler-stage-dinitiation-a-la-recherche\/#breadcrumb"},"inLanguage":"en-US","potentialAction":[{"@type":"ReadAction","target":["https:\/\/csdc-cecd.ca\/postuler-stage-dinitiation-a-la-recherche\/"]}]},{"@type":"BreadcrumbList","@id":"https:\/\/csdc-cecd.ca\/postuler-stage-dinitiation-a-la-recherche\/#breadcrumb","itemListElement":[{"@type":"ListItem","position":1,"name":"Accueil","item":"https:\/\/csdc-cecd.ca\/en\/"},{"@type":"ListItem","position":2,"name":"Postuler Stage d\u2019initiation \u00e0 la recherche"}]},{"@type":"WebSite","@id":"https:\/\/csdc-cecd.ca\/#website","url":"https:\/\/csdc-cecd.ca\/","name":"CECD - Centre pour l&#039;\u00e9tude de la citoyennet\u00e9 d\u00e9mocratique","description":"","potentialAction":[{"@type":"SearchAction","target":{"@type":"EntryPoint","urlTemplate":"https:\/\/csdc-cecd.ca\/?s={search_term_string}"},"query-input":{"@type":"PropertyValueSpecification","valueRequired":true,"valueName":"search_term_string"}}],"inLanguage":"en-US"}]}},"_links":{"self":[{"href":"https:\/\/csdc-cecd.ca\/en\/wp-json\/wp\/v2\/pages\/4575","targetHints":{"allow":["GET"]}}],"collection":[{"href":"https:\/\/csdc-cecd.ca\/en\/wp-json\/wp\/v2\/pages"}],"about":[{"href":"https:\/\/csdc-cecd.ca\/en\/wp-json\/wp\/v2\/types\/page"}],"author":[{"embeddable":true,"href":"https:\/\/csdc-cecd.ca\/en\/wp-json\/wp\/v2\/users\/1"}],"replies":[{"embeddable":true,"href":"https:\/\/csdc-cecd.ca\/en\/wp-json\/wp\/v2\/comments?post=4575"}],"version-history":[{"count":3,"href":"https:\/\/csdc-cecd.ca\/en\/wp-json\/wp\/v2\/pages\/4575\/revisions"}],"predecessor-version":[{"id":4580,"href":"https:\/\/csdc-cecd.ca\/en\/wp-json\/wp\/v2\/pages\/4575\/revisions\/4580"}],"wp:attachment":[{"href":"https:\/\/csdc-cecd.ca\/en\/wp-json\/wp\/v2\/media?parent=4575"}],"curies":[{"name":"wp","href":"https:\/\/api.w.org\/{rel}","templated":true}]}}