{"id":4996,"date":"2025-05-26T13:15:46","date_gmt":"2025-05-26T17:15:46","guid":{"rendered":"https:\/\/csdc-cecd.ca\/?page_id=4996"},"modified":"2025-06-04T09:44:28","modified_gmt":"2025-06-04T13:44:28","slug":"math-summer-camp","status":"publish","type":"page","link":"https:\/\/csdc-cecd.ca\/en\/math-summer-camp\/","title":{"rendered":"Math Summer Camp"},"content":{"rendered":"<p>[et_pb_section fb_built=&#8221;1&#8243; _builder_version=&#8221;4.27.4&#8243; _module_preset=&#8221;default&#8221; global_colors_info=&#8221;{}&#8221;][et_pb_row _builder_version=&#8221;4.27.4&#8243; _module_preset=&#8221;default&#8221;][et_pb_column _builder_version=&#8221;4.27.4&#8243; _module_preset=&#8221;default&#8221; type=&#8221;4_4&#8243;][et_pb_image src=&#8221;https:\/\/csdc-cecd.ca\/wp-content\/uploads\/2025\/06\/Math-Summer-Workshops.png&#8221; _builder_version=&#8221;4.27.4&#8243; _module_preset=&#8221;default&#8221; title_text=&#8221;Math Summer Workshops&#8221; hover_enabled=&#8221;0&#8243; sticky_enabled=&#8221;0&#8243;][\/et_pb_image][\/et_pb_column][\/et_pb_row][et_pb_row _builder_version=&#8221;4.27.4&#8243; _module_preset=&#8221;default&#8221; global_colors_info=&#8221;{}&#8221;][et_pb_column type=&#8221;4_4&#8243; _builder_version=&#8221;4.27.4&#8243; _module_preset=&#8221;default&#8221; global_colors_info=&#8221;{}&#8221;][et_pb_text _builder_version=&#8221;4.27.4&#8243; _module_preset=&#8221;default&#8221; global_colors_info=&#8221;{}&#8221;]<\/p>\n<h2 id=\"page-title\" class=\" \">Math Summer Camp<\/h2>\n<p>[\/et_pb_text][\/et_pb_column][\/et_pb_row][et_pb_row _builder_version=&#8221;4.27.4&#8243; _module_preset=&#8221;default&#8221; global_colors_info=&#8221;{}&#8221;][et_pb_column type=&#8221;4_4&#8243; _builder_version=&#8221;4.27.4&#8243; _module_preset=&#8221;default&#8221; global_colors_info=&#8221;{}&#8221;][et_pb_text _builder_version=&#8221;4.27.4&#8243; _module_preset=&#8221;default&#8221; global_colors_info=&#8221;{}&#8221;]<\/p>\n<div class=\"et_pb_module et_pb_text et_pb_text_1  et_pb_text_align_left et_pb_bg_layout_light\">\n<div class=\"et_pb_text_inner\">\n<p><span>The Centre for the Study of Democratic Citizenship,\u00a0 The Consortium on Analytics for Data-Driven Decision-Making (CAnD3),\u00a0 the Computational and Data Systems Initiative (CDSI) et McGill Department of Epidemiology, Biostatistics and Occupational Health (EBOH) \u00a0pr\u00e9sentent :<\/span><\/p>\n<p><strong>Math Summer Workshops: Review of basic mathematical and statistical concepts<\/strong><\/p>\n<p>Registration:<span>\u00a0<\/span><a href=\"https:\/\/mcgill-cdsi.libcal.com\/event\/3899662\">https:\/\/mcgill-cdsi.libcal.com\/event\/3899662<\/a><\/p>\n<p><strong><\/strong><\/p>\n<p>When: August 11 \u2013 14, 2025<br \/><span>Where: McGill,\u00a0<a href=\"https:\/\/maps.mcgill.ca\/?cmp=1&amp;txt=EN&amp;id=Education\">Education Building<\/a>, room 129, 3700 McTavish, Montreal<\/span><\/p>\n<\/div>\n<\/div>\n<div class=\"et_pb_module et_pb_text et_pb_text_2  et_pb_text_align_left et_pb_bg_layout_light\">\n<div class=\"et_pb_text_inner\">\n<p>This workshop will (re-)introduce you to notation commonly used in statistics, cover functions, basic calculus, probability theory, and linear algebra. Topics covered will likely be a mix\/selection of the following:<\/p>\n<ul>\n<li>Day 1: Review of basic Algebra<\/li>\n<li>Day 2: Linear Algebra<\/li>\n<li>Day 3: Calculus<\/li>\n<li>Day 4: Probability<\/li>\n<\/ul>\n<p>More detailed information will be sent to participants in early August.<\/p>\n<\/div>\n<\/div>\n<p>[\/et_pb_text][\/et_pb_column][\/et_pb_row][\/et_pb_section]<\/p>\n","protected":false},"excerpt":{"rendered":"<p>Math Summer Camp The Centre for the Study of Democratic Citizenship,\u00a0 The Consortium on Analytics for Data-Driven Decision-Making (CAnD3),\u00a0 the Computational and Data Systems Initiative (CDSI) et McGill Department of Epidemiology, Biostatistics and Occupational Health (EBOH) \u00a0pr\u00e9sentent : Math Summer Workshops: Review of basic mathematical and statistical concepts Registration:\u00a0https:\/\/mcgill-cdsi.libcal.com\/event\/3899662 When: August 11 \u2013 14, 2025Where: [&hellip;]<\/p>\n","protected":false},"author":1,"featured_media":0,"parent":0,"menu_order":0,"comment_status":"closed","ping_status":"closed","template":"","meta":{"_et_pb_use_builder":"on","_et_pb_old_content":"","_et_gb_content_width":"","footnotes":""},"class_list":["post-4996","page","type-page","status-publish","hentry"],"yoast_head":"<!-- This site is optimized with the Yoast SEO plugin v27.4 - https:\/\/yoast.com\/product\/yoast-seo-wordpress\/ -->\n<title>Math Summer Camp - CECD - Centre pour l&#039;\u00e9tude de la citoyennet\u00e9 d\u00e9mocratique<\/title>\n<meta name=\"robots\" content=\"index, follow, max-snippet:-1, max-image-preview:large, max-video-preview:-1\" \/>\n<link rel=\"canonical\" href=\"https:\/\/csdc-cecd.ca\/math-summer-camp\/\" \/>\n<meta property=\"og:locale\" content=\"en_US\" \/>\n<meta property=\"og:type\" content=\"article\" \/>\n<meta property=\"og:title\" content=\"Math Summer Camp - CECD - Centre pour l&#039;\u00e9tude de la citoyennet\u00e9 d\u00e9mocratique\" \/>\n<meta property=\"og:description\" content=\"Math Summer Camp The Centre for the Study of Democratic Citizenship,\u00a0 The Consortium on Analytics for Data-Driven Decision-Making (CAnD3),\u00a0 the Computational and Data Systems Initiative (CDSI) et McGill Department of Epidemiology, Biostatistics and Occupational Health (EBOH) \u00a0pr\u00e9sentent : Math Summer Workshops: Review of basic mathematical and statistical concepts Registration:\u00a0https:\/\/mcgill-cdsi.libcal.com\/event\/3899662 When: August 11 \u2013 14, 2025Where: [&hellip;]\" \/>\n<meta property=\"og:url\" content=\"https:\/\/csdc-cecd.ca\/math-summer-camp\/\" \/>\n<meta property=\"og:site_name\" content=\"CECD - Centre pour l&#039;\u00e9tude de la citoyennet\u00e9 d\u00e9mocratique\" \/>\n<meta property=\"article:modified_time\" content=\"2025-06-04T13:44:28+00:00\" \/>\n<meta name=\"twitter:card\" content=\"summary_large_image\" \/>\n<meta name=\"twitter:label1\" content=\"Est. reading time\" \/>\n\t<meta name=\"twitter:data1\" content=\"1 minute\" \/>\n<script type=\"application\/ld+json\" class=\"yoast-schema-graph\">{\"@context\":\"https:\\\/\\\/schema.org\",\"@graph\":[{\"@type\":\"WebPage\",\"@id\":\"https:\\\/\\\/csdc-cecd.ca\\\/math-summer-camp\\\/\",\"url\":\"https:\\\/\\\/csdc-cecd.ca\\\/math-summer-camp\\\/\",\"name\":\"Math Summer Camp - CECD - Centre pour l&#039;\u00e9tude de la citoyennet\u00e9 d\u00e9mocratique\",\"isPartOf\":{\"@id\":\"https:\\\/\\\/csdc-cecd.ca\\\/#website\"},\"datePublished\":\"2025-05-26T17:15:46+00:00\",\"dateModified\":\"2025-06-04T13:44:28+00:00\",\"breadcrumb\":{\"@id\":\"https:\\\/\\\/csdc-cecd.ca\\\/math-summer-camp\\\/#breadcrumb\"},\"inLanguage\":\"en-US\",\"potentialAction\":[{\"@type\":\"ReadAction\",\"target\":[\"https:\\\/\\\/csdc-cecd.ca\\\/math-summer-camp\\\/\"]}]},{\"@type\":\"BreadcrumbList\",\"@id\":\"https:\\\/\\\/csdc-cecd.ca\\\/math-summer-camp\\\/#breadcrumb\",\"itemListElement\":[{\"@type\":\"ListItem\",\"position\":1,\"name\":\"Accueil\",\"item\":\"https:\\\/\\\/csdc-cecd.ca\\\/en\\\/\"},{\"@type\":\"ListItem\",\"position\":2,\"name\":\"Math Summer Camp\"}]},{\"@type\":\"WebSite\",\"@id\":\"https:\\\/\\\/csdc-cecd.ca\\\/#website\",\"url\":\"https:\\\/\\\/csdc-cecd.ca\\\/\",\"name\":\"CECD - Centre pour l&#039;\u00e9tude de la citoyennet\u00e9 d\u00e9mocratique\",\"description\":\"\",\"potentialAction\":[{\"@type\":\"SearchAction\",\"target\":{\"@type\":\"EntryPoint\",\"urlTemplate\":\"https:\\\/\\\/csdc-cecd.ca\\\/?s={search_term_string}\"},\"query-input\":{\"@type\":\"PropertyValueSpecification\",\"valueRequired\":true,\"valueName\":\"search_term_string\"}}],\"inLanguage\":\"en-US\"}]}<\/script>\n<!-- \/ Yoast SEO plugin. -->","yoast_head_json":{"title":"Math Summer Camp - CECD - Centre pour l&#039;\u00e9tude de la citoyennet\u00e9 d\u00e9mocratique","robots":{"index":"index","follow":"follow","max-snippet":"max-snippet:-1","max-image-preview":"max-image-preview:large","max-video-preview":"max-video-preview:-1"},"canonical":"https:\/\/csdc-cecd.ca\/math-summer-camp\/","og_locale":"en_US","og_type":"article","og_title":"Math Summer Camp - CECD - Centre pour l&#039;\u00e9tude de la citoyennet\u00e9 d\u00e9mocratique","og_description":"Math Summer Camp The Centre for the Study of Democratic Citizenship,\u00a0 The Consortium on Analytics for Data-Driven Decision-Making (CAnD3),\u00a0 the Computational and Data Systems Initiative (CDSI) et McGill Department of Epidemiology, Biostatistics and Occupational Health (EBOH) \u00a0pr\u00e9sentent : Math Summer Workshops: Review of basic mathematical and statistical concepts Registration:\u00a0https:\/\/mcgill-cdsi.libcal.com\/event\/3899662 When: August 11 \u2013 14, 2025Where: [&hellip;]","og_url":"https:\/\/csdc-cecd.ca\/math-summer-camp\/","og_site_name":"CECD - Centre pour l&#039;\u00e9tude de la citoyennet\u00e9 d\u00e9mocratique","article_modified_time":"2025-06-04T13:44:28+00:00","twitter_card":"summary_large_image","twitter_misc":{"Est. reading time":"1 minute"},"schema":{"@context":"https:\/\/schema.org","@graph":[{"@type":"WebPage","@id":"https:\/\/csdc-cecd.ca\/math-summer-camp\/","url":"https:\/\/csdc-cecd.ca\/math-summer-camp\/","name":"Math Summer Camp - CECD - Centre pour l&#039;\u00e9tude de la citoyennet\u00e9 d\u00e9mocratique","isPartOf":{"@id":"https:\/\/csdc-cecd.ca\/#website"},"datePublished":"2025-05-26T17:15:46+00:00","dateModified":"2025-06-04T13:44:28+00:00","breadcrumb":{"@id":"https:\/\/csdc-cecd.ca\/math-summer-camp\/#breadcrumb"},"inLanguage":"en-US","potentialAction":[{"@type":"ReadAction","target":["https:\/\/csdc-cecd.ca\/math-summer-camp\/"]}]},{"@type":"BreadcrumbList","@id":"https:\/\/csdc-cecd.ca\/math-summer-camp\/#breadcrumb","itemListElement":[{"@type":"ListItem","position":1,"name":"Accueil","item":"https:\/\/csdc-cecd.ca\/en\/"},{"@type":"ListItem","position":2,"name":"Math Summer Camp"}]},{"@type":"WebSite","@id":"https:\/\/csdc-cecd.ca\/#website","url":"https:\/\/csdc-cecd.ca\/","name":"CECD - Centre pour l&#039;\u00e9tude de la citoyennet\u00e9 d\u00e9mocratique","description":"","potentialAction":[{"@type":"SearchAction","target":{"@type":"EntryPoint","urlTemplate":"https:\/\/csdc-cecd.ca\/?s={search_term_string}"},"query-input":{"@type":"PropertyValueSpecification","valueRequired":true,"valueName":"search_term_string"}}],"inLanguage":"en-US"}]}},"_links":{"self":[{"href":"https:\/\/csdc-cecd.ca\/en\/wp-json\/wp\/v2\/pages\/4996","targetHints":{"allow":["GET"]}}],"collection":[{"href":"https:\/\/csdc-cecd.ca\/en\/wp-json\/wp\/v2\/pages"}],"about":[{"href":"https:\/\/csdc-cecd.ca\/en\/wp-json\/wp\/v2\/types\/page"}],"author":[{"embeddable":true,"href":"https:\/\/csdc-cecd.ca\/en\/wp-json\/wp\/v2\/users\/1"}],"replies":[{"embeddable":true,"href":"https:\/\/csdc-cecd.ca\/en\/wp-json\/wp\/v2\/comments?post=4996"}],"version-history":[{"count":5,"href":"https:\/\/csdc-cecd.ca\/en\/wp-json\/wp\/v2\/pages\/4996\/revisions"}],"predecessor-version":[{"id":5074,"href":"https:\/\/csdc-cecd.ca\/en\/wp-json\/wp\/v2\/pages\/4996\/revisions\/5074"}],"wp:attachment":[{"href":"https:\/\/csdc-cecd.ca\/en\/wp-json\/wp\/v2\/media?parent=4996"}],"curies":[{"name":"wp","href":"https:\/\/api.w.org\/{rel}","templated":true}]}}