{"id":5014,"date":"2025-05-26T14:03:28","date_gmt":"2025-05-26T18:03:28","guid":{"rendered":"https:\/\/csdc-cecd.ca\/?page_id=5014"},"modified":"2025-06-04T09:37:14","modified_gmt":"2025-06-04T13:37:14","slug":"r-programming-summer-camp-2025","status":"publish","type":"page","link":"https:\/\/csdc-cecd.ca\/en\/r-programming-summer-camp-2025\/","title":{"rendered":"R Programming Summer Camp 2025"},"content":{"rendered":"<p>[et_pb_section fb_built=&#8221;1&#8243; _builder_version=&#8221;4.27.4&#8243; _module_preset=&#8221;default&#8221; global_colors_info=&#8221;{}&#8221;][et_pb_row _builder_version=&#8221;4.27.4&#8243; _module_preset=&#8221;default&#8221;][et_pb_column _builder_version=&#8221;4.27.4&#8243; _module_preset=&#8221;default&#8221; type=&#8221;4_4&#8243;][et_pb_image src=&#8221;https:\/\/csdc-cecd.ca\/wp-content\/uploads\/2025\/06\/R-Summer-Camp.png&#8221; _builder_version=&#8221;4.27.4&#8243; _module_preset=&#8221;default&#8221; title_text=&#8221;R Summer Camp&#8221; hover_enabled=&#8221;0&#8243; sticky_enabled=&#8221;0&#8243;][\/et_pb_image][\/et_pb_column][\/et_pb_row][et_pb_row _builder_version=&#8221;4.27.4&#8243; _module_preset=&#8221;default&#8221; global_colors_info=&#8221;{}&#8221;][et_pb_column type=&#8221;4_4&#8243; _builder_version=&#8221;4.27.4&#8243; _module_preset=&#8221;default&#8221; global_colors_info=&#8221;{}&#8221;][et_pb_text _builder_version=&#8221;4.27.4&#8243; _module_preset=&#8221;default&#8221;]<\/p>\n<p>&nbsp;<\/p>\n<h2 id=\"page-title\" class=\" \"><strong>R Programming Summer Camp<\/p>\n<p><\/strong><\/h2>\n<p>[\/et_pb_text][et_pb_text _builder_version=&#8221;4.27.4&#8243; _module_preset=&#8221;default&#8221;]<\/p>\n<p><span>The Centre for the Study of Democratic Citizenship,\u00a0 The Consortium on Analytics for Data-Driven Decision-Making (CAnD3),\u00a0 the Computational and Data Systems Initiative (CDSI) et McGill Department of Epidemiology, Biostatistics and Occupational Health (EBOH) \u00a0pr\u00e9sentent :<\/span><\/p>\n<p id=\"page-title\" class=\" \"><strong>R Programming Summer Camp<br \/>Introduction to data science in R and documenting in Quarto<\/strong><\/p>\n<p>Inscription:<span>\u00a0<\/span><a href=\"https:\/\/mcgill-cdsi.libcal.com\/event\/3899662\">https:\/\/mcgill-cdsi.libcal.com\/event\/3899662<\/a><\/p>\n<p>Quand : 18 \u2013 22 ao\u00fbt 2025<strong><\/strong><\/p>\n<p><span>O\u00f9 : McGill,\u00a0<a href=\"https:\/\/maps.mcgill.ca\/?cmp=1&amp;txt=EN&amp;id=Education\">Education Building<\/a>, room 129,\u00a03700 rue McTavish<\/span><\/p>\n<p>This workshop introduces you to R, a common programming language to analyze data used across many disciplines in research and teaching at McGill as well as to Quarto (a typesetting language useful for producing documents combining code, text, images and equations). These very useful and powerful tools for (social) scientific research have a somewhat steep learning curve, even in the advent of AI-assisted tools. This workshop is intended to help you getting you up a good part of that learning curve.<\/p>\n<ul>\n<li>Day 1: Introduction to the basics of R and the graphical user interface RStudio<\/li>\n<li>Day 2: Working with data (cleaning, pre-processing, dealing with missing values)<\/li>\n<li>Day 3: Visualizing data and producing graphs<\/li>\n<li>Day 4: Statistical prequel and more tips and tricks on working with R<\/li>\n<li>Day 5: Typesetting using Quarto and RStudio Add-Ins<\/li>\n<\/ul>\n<p><strong>Bring your own mug! Coffee will be provided.<\/strong><\/p>\n<p>[\/et_pb_text][\/et_pb_column][\/et_pb_row][\/et_pb_section]<\/p>\n","protected":false},"excerpt":{"rendered":"<p>&nbsp; R Programming Summer Camp The Centre for the Study of Democratic Citizenship,\u00a0 The Consortium on Analytics for Data-Driven Decision-Making (CAnD3),\u00a0 the Computational and Data Systems Initiative (CDSI) et McGill Department of Epidemiology, Biostatistics and Occupational Health (EBOH) \u00a0pr\u00e9sentent : R Programming Summer CampIntroduction to data science in R and documenting in Quarto Inscription:\u00a0https:\/\/mcgill-cdsi.libcal.com\/event\/3899662 Quand [&hellip;]<\/p>\n","protected":false},"author":1,"featured_media":0,"parent":0,"menu_order":0,"comment_status":"closed","ping_status":"closed","template":"","meta":{"_et_pb_use_builder":"on","_et_pb_old_content":"","_et_gb_content_width":"","footnotes":""},"class_list":["post-5014","page","type-page","status-publish","hentry"],"yoast_head":"<!-- This site is optimized with the Yoast SEO plugin v27.4 - https:\/\/yoast.com\/product\/yoast-seo-wordpress\/ -->\n<title>R Programming Summer Camp 2025 - CECD - Centre pour l&#039;\u00e9tude de la citoyennet\u00e9 d\u00e9mocratique<\/title>\n<meta name=\"robots\" content=\"index, follow, max-snippet:-1, max-image-preview:large, max-video-preview:-1\" \/>\n<link rel=\"canonical\" href=\"https:\/\/csdc-cecd.ca\/r-programming-summer-camp-2025\/\" \/>\n<meta property=\"og:locale\" content=\"en_US\" \/>\n<meta property=\"og:type\" content=\"article\" \/>\n<meta property=\"og:title\" content=\"R Programming Summer Camp 2025 - CECD - Centre pour l&#039;\u00e9tude de la citoyennet\u00e9 d\u00e9mocratique\" \/>\n<meta property=\"og:description\" content=\"&nbsp; R Programming Summer Camp The Centre for the Study of Democratic Citizenship,\u00a0 The Consortium on Analytics for Data-Driven Decision-Making (CAnD3),\u00a0 the Computational and Data Systems Initiative (CDSI) et McGill Department of Epidemiology, Biostatistics and Occupational Health (EBOH) \u00a0pr\u00e9sentent : R Programming Summer CampIntroduction to data science in R and documenting in Quarto Inscription:\u00a0https:\/\/mcgill-cdsi.libcal.com\/event\/3899662 Quand [&hellip;]\" \/>\n<meta property=\"og:url\" content=\"https:\/\/csdc-cecd.ca\/r-programming-summer-camp-2025\/\" \/>\n<meta property=\"og:site_name\" content=\"CECD - Centre pour l&#039;\u00e9tude de la citoyennet\u00e9 d\u00e9mocratique\" \/>\n<meta property=\"article:modified_time\" content=\"2025-06-04T13:37:14+00:00\" \/>\n<meta name=\"twitter:card\" content=\"summary_large_image\" \/>\n<meta name=\"twitter:label1\" content=\"Est. reading time\" \/>\n\t<meta name=\"twitter:data1\" content=\"2 minutes\" \/>\n<script type=\"application\/ld+json\" class=\"yoast-schema-graph\">{\"@context\":\"https:\\\/\\\/schema.org\",\"@graph\":[{\"@type\":\"WebPage\",\"@id\":\"https:\\\/\\\/csdc-cecd.ca\\\/r-programming-summer-camp-2025\\\/\",\"url\":\"https:\\\/\\\/csdc-cecd.ca\\\/r-programming-summer-camp-2025\\\/\",\"name\":\"R Programming Summer Camp 2025 - CECD - Centre pour l&#039;\u00e9tude de la citoyennet\u00e9 d\u00e9mocratique\",\"isPartOf\":{\"@id\":\"https:\\\/\\\/csdc-cecd.ca\\\/#website\"},\"datePublished\":\"2025-05-26T18:03:28+00:00\",\"dateModified\":\"2025-06-04T13:37:14+00:00\",\"breadcrumb\":{\"@id\":\"https:\\\/\\\/csdc-cecd.ca\\\/r-programming-summer-camp-2025\\\/#breadcrumb\"},\"inLanguage\":\"en-US\",\"potentialAction\":[{\"@type\":\"ReadAction\",\"target\":[\"https:\\\/\\\/csdc-cecd.ca\\\/r-programming-summer-camp-2025\\\/\"]}]},{\"@type\":\"BreadcrumbList\",\"@id\":\"https:\\\/\\\/csdc-cecd.ca\\\/r-programming-summer-camp-2025\\\/#breadcrumb\",\"itemListElement\":[{\"@type\":\"ListItem\",\"position\":1,\"name\":\"Accueil\",\"item\":\"https:\\\/\\\/csdc-cecd.ca\\\/en\\\/\"},{\"@type\":\"ListItem\",\"position\":2,\"name\":\"R Programming Summer Camp 2025\"}]},{\"@type\":\"WebSite\",\"@id\":\"https:\\\/\\\/csdc-cecd.ca\\\/#website\",\"url\":\"https:\\\/\\\/csdc-cecd.ca\\\/\",\"name\":\"CECD - Centre pour l&#039;\u00e9tude de la citoyennet\u00e9 d\u00e9mocratique\",\"description\":\"\",\"potentialAction\":[{\"@type\":\"SearchAction\",\"target\":{\"@type\":\"EntryPoint\",\"urlTemplate\":\"https:\\\/\\\/csdc-cecd.ca\\\/?s={search_term_string}\"},\"query-input\":{\"@type\":\"PropertyValueSpecification\",\"valueRequired\":true,\"valueName\":\"search_term_string\"}}],\"inLanguage\":\"en-US\"}]}<\/script>\n<!-- \/ Yoast SEO plugin. -->","yoast_head_json":{"title":"R Programming Summer Camp 2025 - CECD - Centre pour l&#039;\u00e9tude de la citoyennet\u00e9 d\u00e9mocratique","robots":{"index":"index","follow":"follow","max-snippet":"max-snippet:-1","max-image-preview":"max-image-preview:large","max-video-preview":"max-video-preview:-1"},"canonical":"https:\/\/csdc-cecd.ca\/r-programming-summer-camp-2025\/","og_locale":"en_US","og_type":"article","og_title":"R Programming Summer Camp 2025 - CECD - Centre pour l&#039;\u00e9tude de la citoyennet\u00e9 d\u00e9mocratique","og_description":"&nbsp; R Programming Summer Camp The Centre for the Study of Democratic Citizenship,\u00a0 The Consortium on Analytics for Data-Driven Decision-Making (CAnD3),\u00a0 the Computational and Data Systems Initiative (CDSI) et McGill Department of Epidemiology, Biostatistics and Occupational Health (EBOH) \u00a0pr\u00e9sentent : R Programming Summer CampIntroduction to data science in R and documenting in Quarto Inscription:\u00a0https:\/\/mcgill-cdsi.libcal.com\/event\/3899662 Quand [&hellip;]","og_url":"https:\/\/csdc-cecd.ca\/r-programming-summer-camp-2025\/","og_site_name":"CECD - Centre pour l&#039;\u00e9tude de la citoyennet\u00e9 d\u00e9mocratique","article_modified_time":"2025-06-04T13:37:14+00:00","twitter_card":"summary_large_image","twitter_misc":{"Est. reading time":"2 minutes"},"schema":{"@context":"https:\/\/schema.org","@graph":[{"@type":"WebPage","@id":"https:\/\/csdc-cecd.ca\/r-programming-summer-camp-2025\/","url":"https:\/\/csdc-cecd.ca\/r-programming-summer-camp-2025\/","name":"R Programming Summer Camp 2025 - CECD - Centre pour l&#039;\u00e9tude de la citoyennet\u00e9 d\u00e9mocratique","isPartOf":{"@id":"https:\/\/csdc-cecd.ca\/#website"},"datePublished":"2025-05-26T18:03:28+00:00","dateModified":"2025-06-04T13:37:14+00:00","breadcrumb":{"@id":"https:\/\/csdc-cecd.ca\/r-programming-summer-camp-2025\/#breadcrumb"},"inLanguage":"en-US","potentialAction":[{"@type":"ReadAction","target":["https:\/\/csdc-cecd.ca\/r-programming-summer-camp-2025\/"]}]},{"@type":"BreadcrumbList","@id":"https:\/\/csdc-cecd.ca\/r-programming-summer-camp-2025\/#breadcrumb","itemListElement":[{"@type":"ListItem","position":1,"name":"Accueil","item":"https:\/\/csdc-cecd.ca\/en\/"},{"@type":"ListItem","position":2,"name":"R Programming Summer Camp 2025"}]},{"@type":"WebSite","@id":"https:\/\/csdc-cecd.ca\/#website","url":"https:\/\/csdc-cecd.ca\/","name":"CECD - Centre pour l&#039;\u00e9tude de la citoyennet\u00e9 d\u00e9mocratique","description":"","potentialAction":[{"@type":"SearchAction","target":{"@type":"EntryPoint","urlTemplate":"https:\/\/csdc-cecd.ca\/?s={search_term_string}"},"query-input":{"@type":"PropertyValueSpecification","valueRequired":true,"valueName":"search_term_string"}}],"inLanguage":"en-US"}]}},"_links":{"self":[{"href":"https:\/\/csdc-cecd.ca\/en\/wp-json\/wp\/v2\/pages\/5014","targetHints":{"allow":["GET"]}}],"collection":[{"href":"https:\/\/csdc-cecd.ca\/en\/wp-json\/wp\/v2\/pages"}],"about":[{"href":"https:\/\/csdc-cecd.ca\/en\/wp-json\/wp\/v2\/types\/page"}],"author":[{"embeddable":true,"href":"https:\/\/csdc-cecd.ca\/en\/wp-json\/wp\/v2\/users\/1"}],"replies":[{"embeddable":true,"href":"https:\/\/csdc-cecd.ca\/en\/wp-json\/wp\/v2\/comments?post=5014"}],"version-history":[{"count":8,"href":"https:\/\/csdc-cecd.ca\/en\/wp-json\/wp\/v2\/pages\/5014\/revisions"}],"predecessor-version":[{"id":5073,"href":"https:\/\/csdc-cecd.ca\/en\/wp-json\/wp\/v2\/pages\/5014\/revisions\/5073"}],"wp:attachment":[{"href":"https:\/\/csdc-cecd.ca\/en\/wp-json\/wp\/v2\/media?parent=5014"}],"curies":[{"name":"wp","href":"https:\/\/api.w.org\/{rel}","templated":true}]}}