{"id":5148,"date":"2025-06-18T08:56:21","date_gmt":"2025-06-18T12:56:21","guid":{"rendered":"https:\/\/csdc-cecd.ca\/tpec-2025\/"},"modified":"2025-06-18T09:36:56","modified_gmt":"2025-06-18T13:36:56","slug":"tpec-2025","status":"publish","type":"page","link":"https:\/\/csdc-cecd.ca\/en\/tpec-2025\/","title":{"rendered":"TPEC 2025"},"content":{"rendered":"<p>[et_pb_section fb_built=&#8221;1&#8243; _builder_version=&#8221;4.27.4&#8243; _module_preset=&#8221;default&#8221; global_colors_info=&#8221;{}&#8221;][et_pb_row _builder_version=&#8221;4.27.4&#8243; _module_preset=&#8221;default&#8221; global_colors_info=&#8221;{}&#8221;][et_pb_column type=&#8221;4_4&#8243; _builder_version=&#8221;4.27.4&#8243; _module_preset=&#8221;default&#8221; global_colors_info=&#8221;{}&#8221;][et_pb_image src=&#8221;https:\/\/csdc-cecd.ca\/wp-content\/uploads\/2025\/06\/2nd-Transatlantic-Political-Economy-Conference-London.png&#8221; title_text=&#8221;2nd Transatlantic Political Economy Conference &#8211; London&#8221; _builder_version=&#8221;4.27.4&#8243; _module_preset=&#8221;default&#8221; global_colors_info=&#8221;{}&#8221;][\/et_pb_image][\/et_pb_column][\/et_pb_row][et_pb_row _builder_version=&#8221;4.27.4&#8243; _module_preset=&#8221;default&#8221; global_colors_info=&#8221;{}&#8221;][et_pb_column type=&#8221;4_4&#8243; _builder_version=&#8221;4.27.4&#8243; _module_preset=&#8221;default&#8221; global_colors_info=&#8221;{}&#8221;][et_pb_text _builder_version=&#8221;4.27.4&#8243; _module_preset=&#8221;default&#8221; global_colors_info=&#8221;{}&#8221;]<\/p>\n<p>Le Centre pour l\u2019\u00e9tude de la citoyennet\u00e9 d\u00e9mocratique est fier de soutenir la 2e Conf\u00e9rence Transatlantique d\u2019\u00c9conomie Politique<\/p>\n<h2>2nd Transatlantic Political Economy Conference (T-PEC)<\/h2>\n<h3>Date limite de soumission : 4 juillet 2025.<\/h3>\n<p>Quand : 6-7 novembre 2025<br \/>Ou :\u00a0King\u2019s College London\u00a0<\/p>\n<p>Pour plus d\u2019informations, veuillez visiter\u00a0<a href=\"https:\/\/sites.google.com\/view\/tpec-montreal-london\/inicio\">le site web du conf\u00e9rence<\/a><\/p>\n<p>Inscription :\u00a0<a href=\"https:\/\/docs.google.com\/forms\/d\/e\/1FAIpQLSfHneekIYS5znBQmsHYMSuchREUupnFKSK10YJ68NpVpCB52w\/viewform\">https:\/\/docs.google.com\/forms\/d\/e\/1FAIpQLSfHneekIYS5znBQmsHYMSuchREUupnFKSK10YJ68NpVpCB52w\/viewform<\/a>\u00a0<br \/>The event will be held in person. There is no registration fee<\/p>\n<p>Organizers: Nicol\u00e1s Ajzenman (McGill), Cevat Aksoy (KCL, EBRD), Caroline Le Pennec (HEC Montreal)<\/p>\n<p>Scientific Committee: Ceren Baysan (UofT), Claudio Ferraz (UBC), Saumtra Jha (Stanford), Nicola Mastrorocco (Bologna), Miguel Ortiz (Princeton), Emilie Sartre (UoN), Cory Smith (U. of Maryland), Camille Urvoy (Mannheim), Felipe Valencia (UBC), Tianyi Wang (UofT).<\/p>\n<p>Keynote: Elias Papaioannou (LBS)<\/p>\n<p>EBRD, HEC Montreal, King\u2019s College London, and McGill are co-organizing the 2nd Transatlantic Political Economy Conference (T-PEC). We aim to organize a small workshop to give presenters enough time and maximize interaction between attendees. We may provide accommodation for a limited number of junior scholars.<\/p>\n<p>The conference\u00a0will provide a platform for researchers to discuss new research and identify areas for further academic and policy-oriented work. Both theoretical and empirical contributions are welcome. Each paper will have a dedicated discussant and an open floor discussion.\u00a0\u00a0<\/p>\n<p>The\u00a0conference\u00a0features a keynote speech by\u00a0Elias Papaioannou (LBS).<\/p>\n<p>[\/et_pb_text][\/et_pb_column][\/et_pb_row][et_pb_row _builder_version=&#8221;4.27.4&#8243; _module_preset=&#8221;default&#8221; column_structure=&#8221;1_5,1_5,1_5,1_5,1_5&#8243;][et_pb_column _builder_version=&#8221;4.27.4&#8243; _module_preset=&#8221;default&#8221; type=&#8221;1_5&#8243;][et_pb_image src=&#8221;https:\/\/csdc-cecd.ca\/wp-content\/uploads\/2025\/06\/Bank.png&#8221; _builder_version=&#8221;4.27.4&#8243; _module_preset=&#8221;default&#8221; title_text=&#8221;Bank&#8221; hover_enabled=&#8221;0&#8243; sticky_enabled=&#8221;0&#8243;][\/et_pb_image][\/et_pb_column][et_pb_column _builder_version=&#8221;4.27.4&#8243; _module_preset=&#8221;default&#8221; type=&#8221;1_5&#8243;][et_pb_image src=&#8221;https:\/\/csdc-cecd.ca\/wp-content\/uploads\/2025\/06\/HEC.jpeg&#8221; _builder_version=&#8221;4.27.4&#8243; _module_preset=&#8221;default&#8221; title_text=&#8221;HEC&#8221; hover_enabled=&#8221;0&#8243; sticky_enabled=&#8221;0&#8243;][\/et_pb_image][\/et_pb_column][et_pb_column _builder_version=&#8221;4.27.4&#8243; _module_preset=&#8221;default&#8221; type=&#8221;1_5&#8243;][et_pb_image src=&#8221;https:\/\/csdc-cecd.ca\/wp-content\/uploads\/2025\/06\/King.png&#8221; _builder_version=&#8221;4.27.4&#8243; _module_preset=&#8221;default&#8221; title_text=&#8221;King&#8221; hover_enabled=&#8221;0&#8243; sticky_enabled=&#8221;0&#8243;][\/et_pb_image][\/et_pb_column][et_pb_column _builder_version=&#8221;4.27.4&#8243; _module_preset=&#8221;default&#8221; type=&#8221;1_5&#8243;][et_pb_image src=&#8221;https:\/\/csdc-cecd.ca\/wp-content\/uploads\/2025\/06\/McGill.png&#8221; _builder_version=&#8221;4.27.4&#8243; _module_preset=&#8221;default&#8221; title_text=&#8221;McGill&#8221; hover_enabled=&#8221;0&#8243; sticky_enabled=&#8221;0&#8243;][\/et_pb_image][\/et_pb_column][et_pb_column _builder_version=&#8221;4.27.4&#8243; _module_preset=&#8221;default&#8221; type=&#8221;1_5&#8243;][et_pb_image src=&#8221;https:\/\/csdc-cecd.ca\/wp-content\/uploads\/2024\/09\/Filtre.png&#8221; _builder_version=&#8221;4.27.4&#8243; _module_preset=&#8221;default&#8221; title_text=&#8221;Filtre&#8221; hover_enabled=&#8221;0&#8243; sticky_enabled=&#8221;0&#8243;][\/et_pb_image][\/et_pb_column][\/et_pb_row][\/et_pb_section]<\/p>\n","protected":false},"excerpt":{"rendered":"<p>Le Centre pour l\u2019\u00e9tude de la citoyennet\u00e9 d\u00e9mocratique est fier de soutenir la 2e Conf\u00e9rence Transatlantique d\u2019\u00c9conomie Politique 2nd Transatlantic Political Economy Conference (T-PEC) Date limite de soumission : 4 juillet 2025. Quand : 6-7 novembre 2025Ou :\u00a0King\u2019s College London\u00a0 Pour plus d\u2019informations, veuillez visiter\u00a0le site web du conf\u00e9rence Inscription :\u00a0https:\/\/docs.google.com\/forms\/d\/e\/1FAIpQLSfHneekIYS5znBQmsHYMSuchREUupnFKSK10YJ68NpVpCB52w\/viewform\u00a0The event will be held [&hellip;]<\/p>\n","protected":false},"author":1,"featured_media":0,"parent":0,"menu_order":0,"comment_status":"closed","ping_status":"closed","template":"","meta":{"_et_pb_use_builder":"on","_et_pb_old_content":"","_et_gb_content_width":"","footnotes":""},"class_list":["post-5148","page","type-page","status-publish","hentry"],"yoast_head":"<!-- This site is optimized with the Yoast SEO plugin v27.4 - https:\/\/yoast.com\/product\/yoast-seo-wordpress\/ -->\n<title>TPEC 2025 - CECD - Centre pour l&#039;\u00e9tude de la citoyennet\u00e9 d\u00e9mocratique<\/title>\n<meta name=\"robots\" content=\"index, follow, max-snippet:-1, max-image-preview:large, max-video-preview:-1\" \/>\n<link rel=\"canonical\" href=\"https:\/\/csdc-cecd.ca\/en\/tpec-2025\/\" \/>\n<meta property=\"og:locale\" content=\"en_US\" \/>\n<meta property=\"og:type\" content=\"article\" \/>\n<meta property=\"og:title\" content=\"TPEC 2025 - CECD - Centre pour l&#039;\u00e9tude de la citoyennet\u00e9 d\u00e9mocratique\" \/>\n<meta property=\"og:description\" content=\"Le Centre pour l\u2019\u00e9tude de la citoyennet\u00e9 d\u00e9mocratique est fier de soutenir la 2e Conf\u00e9rence Transatlantique d\u2019\u00c9conomie Politique 2nd Transatlantic Political Economy Conference (T-PEC) Date limite de soumission : 4 juillet 2025. Quand : 6-7 novembre 2025Ou :\u00a0King\u2019s College London\u00a0 Pour plus d\u2019informations, veuillez visiter\u00a0le site web du conf\u00e9rence Inscription :\u00a0https:\/\/docs.google.com\/forms\/d\/e\/1FAIpQLSfHneekIYS5znBQmsHYMSuchREUupnFKSK10YJ68NpVpCB52w\/viewform\u00a0The event will be held [&hellip;]\" \/>\n<meta property=\"og:url\" content=\"https:\/\/csdc-cecd.ca\/en\/tpec-2025\/\" \/>\n<meta property=\"og:site_name\" content=\"CECD - Centre pour l&#039;\u00e9tude de la citoyennet\u00e9 d\u00e9mocratique\" \/>\n<meta property=\"article:modified_time\" content=\"2025-06-18T13:36:56+00:00\" \/>\n<meta name=\"twitter:card\" content=\"summary_large_image\" \/>\n<script type=\"application\/ld+json\" class=\"yoast-schema-graph\">{\"@context\":\"https:\\\/\\\/schema.org\",\"@graph\":[{\"@type\":\"WebPage\",\"@id\":\"https:\\\/\\\/csdc-cecd.ca\\\/en\\\/tpec-2025\\\/\",\"url\":\"https:\\\/\\\/csdc-cecd.ca\\\/en\\\/tpec-2025\\\/\",\"name\":\"TPEC 2025 - CECD - Centre pour l&#039;\u00e9tude de la citoyennet\u00e9 d\u00e9mocratique\",\"isPartOf\":{\"@id\":\"https:\\\/\\\/csdc-cecd.ca\\\/#website\"},\"datePublished\":\"2025-06-18T12:56:21+00:00\",\"dateModified\":\"2025-06-18T13:36:56+00:00\",\"breadcrumb\":{\"@id\":\"https:\\\/\\\/csdc-cecd.ca\\\/en\\\/tpec-2025\\\/#breadcrumb\"},\"inLanguage\":\"en-US\",\"potentialAction\":[{\"@type\":\"ReadAction\",\"target\":[\"https:\\\/\\\/csdc-cecd.ca\\\/en\\\/tpec-2025\\\/\"]}]},{\"@type\":\"BreadcrumbList\",\"@id\":\"https:\\\/\\\/csdc-cecd.ca\\\/en\\\/tpec-2025\\\/#breadcrumb\",\"itemListElement\":[{\"@type\":\"ListItem\",\"position\":1,\"name\":\"Accueil\",\"item\":\"https:\\\/\\\/csdc-cecd.ca\\\/en\\\/\"},{\"@type\":\"ListItem\",\"position\":2,\"name\":\"TPEC 2025\"}]},{\"@type\":\"WebSite\",\"@id\":\"https:\\\/\\\/csdc-cecd.ca\\\/#website\",\"url\":\"https:\\\/\\\/csdc-cecd.ca\\\/\",\"name\":\"CECD - Centre pour l&#039;\u00e9tude de la citoyennet\u00e9 d\u00e9mocratique\",\"description\":\"\",\"potentialAction\":[{\"@type\":\"SearchAction\",\"target\":{\"@type\":\"EntryPoint\",\"urlTemplate\":\"https:\\\/\\\/csdc-cecd.ca\\\/?s={search_term_string}\"},\"query-input\":{\"@type\":\"PropertyValueSpecification\",\"valueRequired\":true,\"valueName\":\"search_term_string\"}}],\"inLanguage\":\"en-US\"}]}<\/script>\n<!-- \/ Yoast SEO plugin. -->","yoast_head_json":{"title":"TPEC 2025 - CECD - Centre pour l&#039;\u00e9tude de la citoyennet\u00e9 d\u00e9mocratique","robots":{"index":"index","follow":"follow","max-snippet":"max-snippet:-1","max-image-preview":"max-image-preview:large","max-video-preview":"max-video-preview:-1"},"canonical":"https:\/\/csdc-cecd.ca\/en\/tpec-2025\/","og_locale":"en_US","og_type":"article","og_title":"TPEC 2025 - CECD - Centre pour l&#039;\u00e9tude de la citoyennet\u00e9 d\u00e9mocratique","og_description":"Le Centre pour l\u2019\u00e9tude de la citoyennet\u00e9 d\u00e9mocratique est fier de soutenir la 2e Conf\u00e9rence Transatlantique d\u2019\u00c9conomie Politique 2nd Transatlantic Political Economy Conference (T-PEC) Date limite de soumission : 4 juillet 2025. Quand : 6-7 novembre 2025Ou :\u00a0King\u2019s College London\u00a0 Pour plus d\u2019informations, veuillez visiter\u00a0le site web du conf\u00e9rence Inscription :\u00a0https:\/\/docs.google.com\/forms\/d\/e\/1FAIpQLSfHneekIYS5znBQmsHYMSuchREUupnFKSK10YJ68NpVpCB52w\/viewform\u00a0The event will be held [&hellip;]","og_url":"https:\/\/csdc-cecd.ca\/en\/tpec-2025\/","og_site_name":"CECD - Centre pour l&#039;\u00e9tude de la citoyennet\u00e9 d\u00e9mocratique","article_modified_time":"2025-06-18T13:36:56+00:00","twitter_card":"summary_large_image","schema":{"@context":"https:\/\/schema.org","@graph":[{"@type":"WebPage","@id":"https:\/\/csdc-cecd.ca\/en\/tpec-2025\/","url":"https:\/\/csdc-cecd.ca\/en\/tpec-2025\/","name":"TPEC 2025 - CECD - Centre pour l&#039;\u00e9tude de la citoyennet\u00e9 d\u00e9mocratique","isPartOf":{"@id":"https:\/\/csdc-cecd.ca\/#website"},"datePublished":"2025-06-18T12:56:21+00:00","dateModified":"2025-06-18T13:36:56+00:00","breadcrumb":{"@id":"https:\/\/csdc-cecd.ca\/en\/tpec-2025\/#breadcrumb"},"inLanguage":"en-US","potentialAction":[{"@type":"ReadAction","target":["https:\/\/csdc-cecd.ca\/en\/tpec-2025\/"]}]},{"@type":"BreadcrumbList","@id":"https:\/\/csdc-cecd.ca\/en\/tpec-2025\/#breadcrumb","itemListElement":[{"@type":"ListItem","position":1,"name":"Accueil","item":"https:\/\/csdc-cecd.ca\/en\/"},{"@type":"ListItem","position":2,"name":"TPEC 2025"}]},{"@type":"WebSite","@id":"https:\/\/csdc-cecd.ca\/#website","url":"https:\/\/csdc-cecd.ca\/","name":"CECD - Centre pour l&#039;\u00e9tude de la citoyennet\u00e9 d\u00e9mocratique","description":"","potentialAction":[{"@type":"SearchAction","target":{"@type":"EntryPoint","urlTemplate":"https:\/\/csdc-cecd.ca\/?s={search_term_string}"},"query-input":{"@type":"PropertyValueSpecification","valueRequired":true,"valueName":"search_term_string"}}],"inLanguage":"en-US"}]}},"_links":{"self":[{"href":"https:\/\/csdc-cecd.ca\/en\/wp-json\/wp\/v2\/pages\/5148","targetHints":{"allow":["GET"]}}],"collection":[{"href":"https:\/\/csdc-cecd.ca\/en\/wp-json\/wp\/v2\/pages"}],"about":[{"href":"https:\/\/csdc-cecd.ca\/en\/wp-json\/wp\/v2\/types\/page"}],"author":[{"embeddable":true,"href":"https:\/\/csdc-cecd.ca\/en\/wp-json\/wp\/v2\/users\/1"}],"replies":[{"embeddable":true,"href":"https:\/\/csdc-cecd.ca\/en\/wp-json\/wp\/v2\/comments?post=5148"}],"version-history":[{"count":2,"href":"https:\/\/csdc-cecd.ca\/en\/wp-json\/wp\/v2\/pages\/5148\/revisions"}],"predecessor-version":[{"id":5161,"href":"https:\/\/csdc-cecd.ca\/en\/wp-json\/wp\/v2\/pages\/5148\/revisions\/5161"}],"wp:attachment":[{"href":"https:\/\/csdc-cecd.ca\/en\/wp-json\/wp\/v2\/media?parent=5148"}],"curies":[{"name":"wp","href":"https:\/\/api.w.org\/{rel}","templated":true}]}}