{"id":5273,"date":"2025-07-07T12:11:26","date_gmt":"2025-07-07T16:11:26","guid":{"rendered":"https:\/\/csdc-cecd.ca\/andrew-guess\/"},"modified":"2025-07-07T12:23:23","modified_gmt":"2025-07-07T16:23:23","slug":"andrew-guess","status":"publish","type":"page","link":"https:\/\/csdc-cecd.ca\/en\/andrew-guess\/","title":{"rendered":"Andrew Guess"},"content":{"rendered":"<p>[et_pb_section fb_built=&#8221;1&#8243; _builder_version=&#8221;4.27.4&#8243; _module_preset=&#8221;default&#8221; global_colors_info=&#8221;{}&#8221;][et_pb_row _builder_version=&#8221;4.27.4&#8243; _module_preset=&#8221;default&#8221; global_colors_info=&#8221;{}&#8221;][et_pb_column type=&#8221;4_4&#8243; _builder_version=&#8221;4.27.4&#8243; _module_preset=&#8221;default&#8221; global_colors_info=&#8221;{}&#8221;][et_pb_text _builder_version=&#8221;4.27.4&#8243; _module_preset=&#8221;default&#8221; hover_enabled=&#8221;0&#8243; global_colors_info=&#8221;{}&#8221; sticky_enabled=&#8221;0&#8243;]<\/p>\n<h2>Speaker Series &#8211; Andrew Guess<\/h2>\n<p>[\/et_pb_text][\/et_pb_column][\/et_pb_row][et_pb_row _builder_version=&#8221;4.27.4&#8243; _module_preset=&#8221;default&#8221; global_colors_info=&#8221;{}&#8221;][et_pb_column type=&#8221;4_4&#8243; _builder_version=&#8221;4.27.4&#8243; _module_preset=&#8221;default&#8221; global_colors_info=&#8221;{}&#8221;][et_pb_image src=&#8221;https:\/\/csdc-cecd.ca\/wp-content\/uploads\/2025\/07\/Andrew-Guess-Speaker-Series-1-642&#215;336-1.png&#8221; title_text=&#8221;Andrew-Guess-Speaker-Series-1-642&#215;336&#8243; _builder_version=&#8221;4.27.4&#8243; _module_preset=&#8221;default&#8221; global_colors_info=&#8221;{}&#8221;][\/et_pb_image][\/et_pb_column][\/et_pb_row][et_pb_row _builder_version=&#8221;4.27.4&#8243; _module_preset=&#8221;default&#8221; global_colors_info=&#8221;{}&#8221;][et_pb_column type=&#8221;4_4&#8243; _builder_version=&#8221;4.27.4&#8243; _module_preset=&#8221;default&#8221; global_colors_info=&#8221;{}&#8221;][et_pb_text _builder_version=&#8221;4.27.4&#8243; _module_preset=&#8221;default&#8221; hover_enabled=&#8221;0&#8243; global_colors_info=&#8221;{}&#8221; sticky_enabled=&#8221;0&#8243;]<\/p>\n<p><span>The Centre for the Study of Democratic Citizenship presents:<\/span><\/p>\n<p><span>How do social media algorithms affect platform use, attitudes and behavior?<br \/><a href=\"https:\/\/andyguess.com\/\">Andrew Guess<\/a>\u00a0(Princeton, \u00c9tats-Unis)<br \/><\/span><span><\/span><\/p>\n<p>When: Octobre 6, 2025, 3 &#8211; 5p.m.<br \/>Where:\u00a0 <span><\/span>Universit\u00e9 de Montr\u00e9al, Pavillon Lionel-Groulx \u2013 C-2059, 3150 rue Jean-Brillant Montr\u00e9al (Qu\u00e9bec) H3T 1N8<\/p>\n<p>Zoom link :<br \/><a id=\"OWA446e4e70-370b-3778-b84f-2058e30d45ec\" class=\"x_x_x_OWAAutoLink x_x_x_ContentPasted0 x_x_ContentPasted0 x_ContentPasted0\" title=\"URL d'origine: https:\/\/umontreal.zoom.us\/j\/81870106921?pwd=WDJIdHprOGVzakFMMFcrRE9IblV4Zz09. Cliquez ou appuyez si vous faites confiance \u00e0 ce lien.\" href=\"https:\/\/can01.safelinks.protection.outlook.com\/?url=https%3A%2F%2Fumontreal.zoom.us%2Fj%2F81870106921%3Fpwd%3DWDJIdHprOGVzakFMMFcrRE9IblV4Zz09&amp;data=05%7C01%7Cedouard.pontoizeau%40umontreal.ca%7C258604fdf72f492adf9708dbc5c71552%7Cd27eefec2a474be7981e0f8977fa31d8%7C1%7C0%7C638321231074419501%7CUnknown%7CTWFpbGZsb3d8eyJWIjoiMC4wLjAwMDAiLCJQIjoiV2luMzIiLCJBTiI6Ik1haWwiLCJXVCI6Mn0%3D%7C3000%7C%7C%7C&amp;sdata=g7oZdyN1jT39ncVeeft9AyxmCbjhcsWOL1ADkZjtKW8%3D&amp;reserved=0\" target=\"_blank\" rel=\"noopener noreferrer\" data-auth=\"Verified\" data-linkindex=\"0\">https:\/\/umontreal.zoom.us\/j\/81870106921?pwd=WDJIdHprOGVzakFMMFcrRE9IblV4Zz09<\/a><br \/><span>Meeting ID : 818 7010 6921<br \/><\/span>Password : 853729<\/p>\n<p><span>Policymakers and the public are increasingly interested in the effects of social media algorithms on society. In this talk, I outline some of the challenges this topic poses to researchers. I then introduce an approach to studying these systems\u2019 effects on individuals: a large-scale collaboration with Meta during the 2020 U.S. presidential campaign. Focusing on experiments designed to change how posts were ranked in users\u2019 feeds, I explore how our treatments altered the types of content users saw. Among the categories we analyze are political news, posts from like-minded (vs. cross-cutting) sources, and posts from sources deemed untrustworthy. Finally, I discuss the effects of our treatments on individuals\u2019 political behavior, knowledge, and attitudes.<\/span><\/p>\n<p><span>This series is sponsored by the\u00a0Centre for the Study of Democratic Citizenship, which is funded by the\u00a0<\/span><a href=\"https:\/\/frq.gouv.qc.ca\/en\/?_gl=1*o5ed60*_up*MQ..&amp;gclid=Cj0KCQjwz7C2BhDkARIsAA_SZKZZF5jB-6FsIs95vigEAG-xhoJ5O0HSQFDdNdEUSTzR3BuQU4vBJr8aAi69EALw_wcB\">Fonds de recherche du Qu\u00e9bec \u2013 Soci\u00e9t\u00e9 et culture (FRQSC)<\/a><span>.<\/span><\/p>\n<p><span><\/span><\/p>\n<p>&nbsp;<\/p>\n<p>[\/et_pb_text][\/et_pb_column][\/et_pb_row][\/et_pb_section]<\/p>\n","protected":false},"excerpt":{"rendered":"<p>Speaker Series &#8211; Andrew GuessThe Centre for the Study of Democratic Citizenship presents: How do social media algorithms affect platform use, attitudes and behavior?Andrew Guess\u00a0(Princeton, \u00c9tats-Unis) When: Octobre 6, 2025, 3 &#8211; 5p.m.Where:\u00a0 Universit\u00e9 de Montr\u00e9al, Pavillon Lionel-Groulx \u2013 C-2059, 3150 rue Jean-Brillant Montr\u00e9al (Qu\u00e9bec) H3T 1N8 Zoom link :https:\/\/umontreal.zoom.us\/j\/81870106921?pwd=WDJIdHprOGVzakFMMFcrRE9IblV4Zz09Meeting ID : 818 7010 6921Password [&hellip;]<\/p>\n","protected":false},"author":1,"featured_media":0,"parent":0,"menu_order":0,"comment_status":"closed","ping_status":"closed","template":"","meta":{"_et_pb_use_builder":"on","_et_pb_old_content":"","_et_gb_content_width":"","footnotes":""},"class_list":["post-5273","page","type-page","status-publish","hentry"],"yoast_head":"<!-- This site is optimized with the Yoast SEO plugin v27.5 - https:\/\/yoast.com\/product\/yoast-seo-wordpress\/ -->\n<title>Andrew Guess - CECD - Centre pour l&#039;\u00e9tude de la citoyennet\u00e9 d\u00e9mocratique<\/title>\n<meta name=\"robots\" content=\"index, follow, max-snippet:-1, max-image-preview:large, max-video-preview:-1\" \/>\n<link rel=\"canonical\" href=\"https:\/\/csdc-cecd.ca\/en\/andrew-guess\/\" \/>\n<meta property=\"og:locale\" content=\"en_US\" \/>\n<meta property=\"og:type\" content=\"article\" \/>\n<meta property=\"og:title\" content=\"Andrew Guess - CECD - Centre pour l&#039;\u00e9tude de la citoyennet\u00e9 d\u00e9mocratique\" \/>\n<meta property=\"og:description\" content=\"Speaker Series - Andrew GuessThe Centre for the Study of Democratic Citizenship presents: How do social media algorithms affect platform use, attitudes and behavior?Andrew Guess\u00a0(Princeton, \u00c9tats-Unis) When: Octobre 6, 2025, 3 - 5p.m.Where:\u00a0 Universit\u00e9 de Montr\u00e9al, Pavillon Lionel-Groulx \u2013 C-2059, 3150 rue Jean-Brillant Montr\u00e9al (Qu\u00e9bec) H3T 1N8 Zoom link :https:\/\/umontreal.zoom.us\/j\/81870106921?pwd=WDJIdHprOGVzakFMMFcrRE9IblV4Zz09Meeting ID : 818 7010 6921Password [&hellip;]\" \/>\n<meta property=\"og:url\" content=\"https:\/\/csdc-cecd.ca\/en\/andrew-guess\/\" \/>\n<meta property=\"og:site_name\" content=\"CECD - Centre pour l&#039;\u00e9tude de la citoyennet\u00e9 d\u00e9mocratique\" \/>\n<meta property=\"article:modified_time\" content=\"2025-07-07T16:23:23+00:00\" \/>\n<meta name=\"twitter:card\" content=\"summary_large_image\" \/>\n<script type=\"application\/ld+json\" class=\"yoast-schema-graph\">{\"@context\":\"https:\\\/\\\/schema.org\",\"@graph\":[{\"@type\":\"WebPage\",\"@id\":\"https:\\\/\\\/csdc-cecd.ca\\\/en\\\/andrew-guess\\\/\",\"url\":\"https:\\\/\\\/csdc-cecd.ca\\\/en\\\/andrew-guess\\\/\",\"name\":\"Andrew Guess - CECD - Centre pour l&#039;\u00e9tude de la citoyennet\u00e9 d\u00e9mocratique\",\"isPartOf\":{\"@id\":\"https:\\\/\\\/csdc-cecd.ca\\\/#website\"},\"datePublished\":\"2025-07-07T16:11:26+00:00\",\"dateModified\":\"2025-07-07T16:23:23+00:00\",\"breadcrumb\":{\"@id\":\"https:\\\/\\\/csdc-cecd.ca\\\/en\\\/andrew-guess\\\/#breadcrumb\"},\"inLanguage\":\"en-US\",\"potentialAction\":[{\"@type\":\"ReadAction\",\"target\":[\"https:\\\/\\\/csdc-cecd.ca\\\/en\\\/andrew-guess\\\/\"]}]},{\"@type\":\"BreadcrumbList\",\"@id\":\"https:\\\/\\\/csdc-cecd.ca\\\/en\\\/andrew-guess\\\/#breadcrumb\",\"itemListElement\":[{\"@type\":\"ListItem\",\"position\":1,\"name\":\"Accueil\",\"item\":\"https:\\\/\\\/csdc-cecd.ca\\\/en\\\/\"},{\"@type\":\"ListItem\",\"position\":2,\"name\":\"Andrew Guess\"}]},{\"@type\":\"WebSite\",\"@id\":\"https:\\\/\\\/csdc-cecd.ca\\\/#website\",\"url\":\"https:\\\/\\\/csdc-cecd.ca\\\/\",\"name\":\"CECD - Centre pour l&#039;\u00e9tude de la citoyennet\u00e9 d\u00e9mocratique\",\"description\":\"\",\"potentialAction\":[{\"@type\":\"SearchAction\",\"target\":{\"@type\":\"EntryPoint\",\"urlTemplate\":\"https:\\\/\\\/csdc-cecd.ca\\\/?s={search_term_string}\"},\"query-input\":{\"@type\":\"PropertyValueSpecification\",\"valueRequired\":true,\"valueName\":\"search_term_string\"}}],\"inLanguage\":\"en-US\"}]}<\/script>\n<!-- \/ Yoast SEO plugin. -->","yoast_head_json":{"title":"Andrew Guess - CECD - Centre pour l&#039;\u00e9tude de la citoyennet\u00e9 d\u00e9mocratique","robots":{"index":"index","follow":"follow","max-snippet":"max-snippet:-1","max-image-preview":"max-image-preview:large","max-video-preview":"max-video-preview:-1"},"canonical":"https:\/\/csdc-cecd.ca\/en\/andrew-guess\/","og_locale":"en_US","og_type":"article","og_title":"Andrew Guess - CECD - Centre pour l&#039;\u00e9tude de la citoyennet\u00e9 d\u00e9mocratique","og_description":"Speaker Series - Andrew GuessThe Centre for the Study of Democratic Citizenship presents: How do social media algorithms affect platform use, attitudes and behavior?Andrew Guess\u00a0(Princeton, \u00c9tats-Unis) When: Octobre 6, 2025, 3 - 5p.m.Where:\u00a0 Universit\u00e9 de Montr\u00e9al, Pavillon Lionel-Groulx \u2013 C-2059, 3150 rue Jean-Brillant Montr\u00e9al (Qu\u00e9bec) H3T 1N8 Zoom link :https:\/\/umontreal.zoom.us\/j\/81870106921?pwd=WDJIdHprOGVzakFMMFcrRE9IblV4Zz09Meeting ID : 818 7010 6921Password [&hellip;]","og_url":"https:\/\/csdc-cecd.ca\/en\/andrew-guess\/","og_site_name":"CECD - Centre pour l&#039;\u00e9tude de la citoyennet\u00e9 d\u00e9mocratique","article_modified_time":"2025-07-07T16:23:23+00:00","twitter_card":"summary_large_image","schema":{"@context":"https:\/\/schema.org","@graph":[{"@type":"WebPage","@id":"https:\/\/csdc-cecd.ca\/en\/andrew-guess\/","url":"https:\/\/csdc-cecd.ca\/en\/andrew-guess\/","name":"Andrew Guess - CECD - Centre pour l&#039;\u00e9tude de la citoyennet\u00e9 d\u00e9mocratique","isPartOf":{"@id":"https:\/\/csdc-cecd.ca\/#website"},"datePublished":"2025-07-07T16:11:26+00:00","dateModified":"2025-07-07T16:23:23+00:00","breadcrumb":{"@id":"https:\/\/csdc-cecd.ca\/en\/andrew-guess\/#breadcrumb"},"inLanguage":"en-US","potentialAction":[{"@type":"ReadAction","target":["https:\/\/csdc-cecd.ca\/en\/andrew-guess\/"]}]},{"@type":"BreadcrumbList","@id":"https:\/\/csdc-cecd.ca\/en\/andrew-guess\/#breadcrumb","itemListElement":[{"@type":"ListItem","position":1,"name":"Accueil","item":"https:\/\/csdc-cecd.ca\/en\/"},{"@type":"ListItem","position":2,"name":"Andrew Guess"}]},{"@type":"WebSite","@id":"https:\/\/csdc-cecd.ca\/#website","url":"https:\/\/csdc-cecd.ca\/","name":"CECD - Centre pour l&#039;\u00e9tude de la citoyennet\u00e9 d\u00e9mocratique","description":"","potentialAction":[{"@type":"SearchAction","target":{"@type":"EntryPoint","urlTemplate":"https:\/\/csdc-cecd.ca\/?s={search_term_string}"},"query-input":{"@type":"PropertyValueSpecification","valueRequired":true,"valueName":"search_term_string"}}],"inLanguage":"en-US"}]}},"_links":{"self":[{"href":"https:\/\/csdc-cecd.ca\/en\/wp-json\/wp\/v2\/pages\/5273","targetHints":{"allow":["GET"]}}],"collection":[{"href":"https:\/\/csdc-cecd.ca\/en\/wp-json\/wp\/v2\/pages"}],"about":[{"href":"https:\/\/csdc-cecd.ca\/en\/wp-json\/wp\/v2\/types\/page"}],"author":[{"embeddable":true,"href":"https:\/\/csdc-cecd.ca\/en\/wp-json\/wp\/v2\/users\/1"}],"replies":[{"embeddable":true,"href":"https:\/\/csdc-cecd.ca\/en\/wp-json\/wp\/v2\/comments?post=5273"}],"version-history":[{"count":1,"href":"https:\/\/csdc-cecd.ca\/en\/wp-json\/wp\/v2\/pages\/5273\/revisions"}],"predecessor-version":[{"id":5274,"href":"https:\/\/csdc-cecd.ca\/en\/wp-json\/wp\/v2\/pages\/5273\/revisions\/5274"}],"wp:attachment":[{"href":"https:\/\/csdc-cecd.ca\/en\/wp-json\/wp\/v2\/media?parent=5273"}],"curies":[{"name":"wp","href":"https:\/\/api.w.org\/{rel}","templated":true}]}}