{"id":5295,"date":"2025-07-07T12:46:00","date_gmt":"2025-07-07T16:46:00","guid":{"rendered":"https:\/\/csdc-cecd.ca\/rune-stubager\/"},"modified":"2025-07-07T12:57:21","modified_gmt":"2025-07-07T16:57:21","slug":"rune-stubager","status":"publish","type":"page","link":"https:\/\/csdc-cecd.ca\/en\/rune-stubager\/","title":{"rendered":"Rune Stubager"},"content":{"rendered":"<p>[et_pb_section fb_built=&#8221;1&#8243; _builder_version=&#8221;4.27.4&#8243; _module_preset=&#8221;default&#8221; global_colors_info=&#8221;{}&#8221;][et_pb_row _builder_version=&#8221;4.27.4&#8243; _module_preset=&#8221;default&#8221; global_colors_info=&#8221;{}&#8221;][et_pb_column type=&#8221;4_4&#8243; _builder_version=&#8221;4.27.4&#8243; _module_preset=&#8221;default&#8221; global_colors_info=&#8221;{}&#8221;][et_pb_text _builder_version=&#8221;4.27.4&#8243; _module_preset=&#8221;default&#8221;]<\/p>\n<h2 class=\"page-title\">S\u00e9rie de conf\u00e9rences \u2013 Rune Stubager<\/h2>\n<p>[\/et_pb_text][\/et_pb_column][\/et_pb_row][et_pb_row _builder_version=&#8221;4.27.4&#8243; _module_preset=&#8221;default&#8221; global_colors_info=&#8221;{}&#8221;][et_pb_column type=&#8221;4_4&#8243; _builder_version=&#8221;4.27.4&#8243; _module_preset=&#8221;default&#8221; global_colors_info=&#8221;{}&#8221;][et_pb_image src=&#8221;https:\/\/csdc-cecd.ca\/wp-content\/uploads\/2025\/07\/Rune-Stubager-Speaker-Series-5-642&#215;336-1.png&#8221; title_text=&#8221;Rune-Stubager-Speaker-Series-5-642&#215;336&#8243; _builder_version=&#8221;4.27.4&#8243; _module_preset=&#8221;default&#8221; global_colors_info=&#8221;{}&#8221;][\/et_pb_image][\/et_pb_column][\/et_pb_row][et_pb_row _builder_version=&#8221;4.27.4&#8243; _module_preset=&#8221;default&#8221; global_colors_info=&#8221;{}&#8221;][et_pb_column type=&#8221;4_4&#8243; _builder_version=&#8221;4.27.4&#8243; _module_preset=&#8221;default&#8221; global_colors_info=&#8221;{}&#8221;][et_pb_text _builder_version=&#8221;4.27.4&#8243; _module_preset=&#8221;default&#8221; hover_enabled=&#8221;0&#8243; global_colors_info=&#8221;{}&#8221; sticky_enabled=&#8221;0&#8243;]<\/p>\n<p><span>The Centre for the Study of Democratic Citizenship<\/span><span>\u00a0presents:<\/span><\/p>\n<p><span><strong><span class=\"OYPEnA text-decoration-none text-strikethrough-none\">Resurrecting the (not so) dead? How social class is alive and well in voters\u2019 minds also at the polling booth?<br \/><\/span><\/strong><span class=\"OYPEnA text-decoration-none text-strikethrough-none\"><a href=\"https:\/\/pure.au.dk\/portal\/en\/persons\/rune-stubager(a4304f9c-b7dc-4766-8fdb-9d1fd3be25a3)\/cv.html?id=32505702\">Rune Stubager<\/a> <\/span><strong><span class=\"OYPEnA text-decoration-none text-strikethrough-none\">(<\/span><\/strong><span class=\"OYPEnA text-decoration-none text-strikethrough-none\">Aarhus University Danmark)<\/span><br \/><\/span><\/p>\n<p><span><span class=\"OYPEnA text-decoration-none text-strikethrough-none\">When<\/span><strong><span class=\"OYPEnA text-decoration-none text-strikethrough-none\"> : <\/span><\/strong><span class=\"OYPEnA text-decoration-none text-strikethrough-none\">10 November<\/span><span class=\"OYPEnA text-decoration-none text-strikethrough-none\">, 2023, 3 &#8211; 5 p.m.<br \/>Where: Universit\u00e9 de Montr\u00e9al, Pavillon Lionel Groulx, Salle C-1017-2, 3150 Rue Jean-Brillant, Montr\u00e9al, QC, H3T 1N8<\/span><\/span><\/p>\n<p><span><span class=\"OYPEnA text-decoration-none text-strikethrough-none\">Since the 1990s it has become a widespread perception that social class is of decreasing relevance to citizens in advanced industrial democracies. This pertains to the social realm where classes are seen as fragmenting and losing their meaning to citizens. It also pertains to the political realm where the decline of class voting has (almost) decoupled class and party choice. Indeed, some authors go as far as to proclaiming the \u2018death of class\u2019 in both realms. Against this prevailing perspective, I argue \u2013 and show empirically \u2013 that the dismissal of class is premature. Thus, despite changes at the objective level, class remains a relevant category in citizens\u2019 perceptions of society; they identify with and have a (partly) political consciousness based on class just as they categorize others into social classes much as would Sociologists. In the political realm, furthermore, these subjective aspects of class influence attitudes and party choice and political candidates are able to attract votes using appeals to classes. Class is, thus, alive and well both socially and politically.<\/span><\/span><\/p>\n<p><span><span class=\"OYPEnA text-decoration-none text-strikethrough-none\">Cette s\u00e9rie de conf\u00e9rences est financ\u00e9e par le\u00a0Centre pour l\u00b9\u00e9tude de la Citoyennet\u00e9 d\u00e9mocratique\u00a0lui-m\u00eame financ\u00e9 par le\u00a0<a href=\"https:\/\/frq.gouv.qc.ca\/en\/?_gl=1*o5ed60*_up*MQ..&amp;gclid=Cj0KCQjwz7C2BhDkARIsAA_SZKZZF5jB-6FsIs95vigEAG-xhoJ5O0HSQFDdNdEUSTzR3BuQU4vBJr8aAi69EALw_wcB\" target=\"_blank\" rel=\"noopener noreferrer\">Fonds de recherche du Qu\u00e9bec \u2013 Soci\u00e9t\u00e9 et culture (FRQSC)<\/a>.<\/span><\/span><\/p>\n<p><span><span class=\"OYPEnA text-decoration-none text-strikethrough-none\">This series is sponsored by the\u00a0Centre for the Study of Democratic Citizenship, which is funded by the\u00a0<a href=\"https:\/\/frq.gouv.qc.ca\/en\/?_gl=1*o5ed60*_up*MQ..&amp;gclid=Cj0KCQjwz7C2BhDkARIsAA_SZKZZF5jB-6FsIs95vigEAG-xhoJ5O0HSQFDdNdEUSTzR3BuQU4vBJr8aAi69EALw_wcB\">Fonds de recherche du Qu\u00e9bec \u2013 Soci\u00e9t\u00e9 et culture (FRQSC)<\/a>.<\/span><\/span><\/p>\n<p>[\/et_pb_text][\/et_pb_column][\/et_pb_row][\/et_pb_section]<\/p>\n","protected":false},"excerpt":{"rendered":"<p>S\u00e9rie de conf\u00e9rences \u2013 Rune StubagerThe Centre for the Study of Democratic Citizenship\u00a0presents: Resurrecting the (not so) dead? How social class is alive and well in voters\u2019 minds also at the polling booth?Rune Stubager (Aarhus University Danmark) When : 10 November, 2023, 3 &#8211; 5 p.m.Where: Universit\u00e9 de Montr\u00e9al, Pavillon Lionel Groulx, Salle C-1017-2, 3150 [&hellip;]<\/p>\n","protected":false},"author":1,"featured_media":0,"parent":0,"menu_order":0,"comment_status":"closed","ping_status":"closed","template":"","meta":{"_et_pb_use_builder":"on","_et_pb_old_content":"","_et_gb_content_width":"","footnotes":""},"class_list":["post-5295","page","type-page","status-publish","hentry"],"yoast_head":"<!-- This site is optimized with the Yoast SEO plugin v27.4 - https:\/\/yoast.com\/product\/yoast-seo-wordpress\/ -->\n<title>Rune Stubager - CECD - Centre pour l&#039;\u00e9tude de la citoyennet\u00e9 d\u00e9mocratique<\/title>\n<meta name=\"robots\" content=\"index, follow, max-snippet:-1, max-image-preview:large, max-video-preview:-1\" \/>\n<link rel=\"canonical\" href=\"https:\/\/csdc-cecd.ca\/en\/rune-stubager\/\" \/>\n<meta property=\"og:locale\" content=\"en_US\" \/>\n<meta property=\"og:type\" content=\"article\" \/>\n<meta property=\"og:title\" content=\"Rune Stubager - CECD - Centre pour l&#039;\u00e9tude de la citoyennet\u00e9 d\u00e9mocratique\" \/>\n<meta property=\"og:description\" content=\"S\u00e9rie de conf\u00e9rences \u2013 Rune StubagerThe Centre for the Study of Democratic Citizenship\u00a0presents: Resurrecting the (not so) dead? How social class is alive and well in voters\u2019 minds also at the polling booth?Rune Stubager (Aarhus University Danmark) When : 10 November, 2023, 3 - 5 p.m.Where: Universit\u00e9 de Montr\u00e9al, Pavillon Lionel Groulx, Salle C-1017-2, 3150 [&hellip;]\" \/>\n<meta property=\"og:url\" content=\"https:\/\/csdc-cecd.ca\/en\/rune-stubager\/\" \/>\n<meta property=\"og:site_name\" content=\"CECD - Centre pour l&#039;\u00e9tude de la citoyennet\u00e9 d\u00e9mocratique\" \/>\n<meta property=\"article:modified_time\" content=\"2025-07-07T16:57:21+00:00\" \/>\n<meta name=\"twitter:card\" content=\"summary_large_image\" \/>\n<script type=\"application\/ld+json\" class=\"yoast-schema-graph\">{\"@context\":\"https:\\\/\\\/schema.org\",\"@graph\":[{\"@type\":\"WebPage\",\"@id\":\"https:\\\/\\\/csdc-cecd.ca\\\/en\\\/rune-stubager\\\/\",\"url\":\"https:\\\/\\\/csdc-cecd.ca\\\/en\\\/rune-stubager\\\/\",\"name\":\"Rune Stubager - CECD - Centre pour l&#039;\u00e9tude de la citoyennet\u00e9 d\u00e9mocratique\",\"isPartOf\":{\"@id\":\"https:\\\/\\\/csdc-cecd.ca\\\/#website\"},\"datePublished\":\"2025-07-07T16:46:00+00:00\",\"dateModified\":\"2025-07-07T16:57:21+00:00\",\"breadcrumb\":{\"@id\":\"https:\\\/\\\/csdc-cecd.ca\\\/en\\\/rune-stubager\\\/#breadcrumb\"},\"inLanguage\":\"en-US\",\"potentialAction\":[{\"@type\":\"ReadAction\",\"target\":[\"https:\\\/\\\/csdc-cecd.ca\\\/en\\\/rune-stubager\\\/\"]}]},{\"@type\":\"BreadcrumbList\",\"@id\":\"https:\\\/\\\/csdc-cecd.ca\\\/en\\\/rune-stubager\\\/#breadcrumb\",\"itemListElement\":[{\"@type\":\"ListItem\",\"position\":1,\"name\":\"Accueil\",\"item\":\"https:\\\/\\\/csdc-cecd.ca\\\/en\\\/\"},{\"@type\":\"ListItem\",\"position\":2,\"name\":\"Rune Stubager\"}]},{\"@type\":\"WebSite\",\"@id\":\"https:\\\/\\\/csdc-cecd.ca\\\/#website\",\"url\":\"https:\\\/\\\/csdc-cecd.ca\\\/\",\"name\":\"CECD - Centre pour l&#039;\u00e9tude de la citoyennet\u00e9 d\u00e9mocratique\",\"description\":\"\",\"potentialAction\":[{\"@type\":\"SearchAction\",\"target\":{\"@type\":\"EntryPoint\",\"urlTemplate\":\"https:\\\/\\\/csdc-cecd.ca\\\/?s={search_term_string}\"},\"query-input\":{\"@type\":\"PropertyValueSpecification\",\"valueRequired\":true,\"valueName\":\"search_term_string\"}}],\"inLanguage\":\"en-US\"}]}<\/script>\n<!-- \/ Yoast SEO plugin. -->","yoast_head_json":{"title":"Rune Stubager - CECD - Centre pour l&#039;\u00e9tude de la citoyennet\u00e9 d\u00e9mocratique","robots":{"index":"index","follow":"follow","max-snippet":"max-snippet:-1","max-image-preview":"max-image-preview:large","max-video-preview":"max-video-preview:-1"},"canonical":"https:\/\/csdc-cecd.ca\/en\/rune-stubager\/","og_locale":"en_US","og_type":"article","og_title":"Rune Stubager - CECD - Centre pour l&#039;\u00e9tude de la citoyennet\u00e9 d\u00e9mocratique","og_description":"S\u00e9rie de conf\u00e9rences \u2013 Rune StubagerThe Centre for the Study of Democratic Citizenship\u00a0presents: Resurrecting the (not so) dead? How social class is alive and well in voters\u2019 minds also at the polling booth?Rune Stubager (Aarhus University Danmark) When : 10 November, 2023, 3 - 5 p.m.Where: Universit\u00e9 de Montr\u00e9al, Pavillon Lionel Groulx, Salle C-1017-2, 3150 [&hellip;]","og_url":"https:\/\/csdc-cecd.ca\/en\/rune-stubager\/","og_site_name":"CECD - Centre pour l&#039;\u00e9tude de la citoyennet\u00e9 d\u00e9mocratique","article_modified_time":"2025-07-07T16:57:21+00:00","twitter_card":"summary_large_image","schema":{"@context":"https:\/\/schema.org","@graph":[{"@type":"WebPage","@id":"https:\/\/csdc-cecd.ca\/en\/rune-stubager\/","url":"https:\/\/csdc-cecd.ca\/en\/rune-stubager\/","name":"Rune Stubager - CECD - Centre pour l&#039;\u00e9tude de la citoyennet\u00e9 d\u00e9mocratique","isPartOf":{"@id":"https:\/\/csdc-cecd.ca\/#website"},"datePublished":"2025-07-07T16:46:00+00:00","dateModified":"2025-07-07T16:57:21+00:00","breadcrumb":{"@id":"https:\/\/csdc-cecd.ca\/en\/rune-stubager\/#breadcrumb"},"inLanguage":"en-US","potentialAction":[{"@type":"ReadAction","target":["https:\/\/csdc-cecd.ca\/en\/rune-stubager\/"]}]},{"@type":"BreadcrumbList","@id":"https:\/\/csdc-cecd.ca\/en\/rune-stubager\/#breadcrumb","itemListElement":[{"@type":"ListItem","position":1,"name":"Accueil","item":"https:\/\/csdc-cecd.ca\/en\/"},{"@type":"ListItem","position":2,"name":"Rune Stubager"}]},{"@type":"WebSite","@id":"https:\/\/csdc-cecd.ca\/#website","url":"https:\/\/csdc-cecd.ca\/","name":"CECD - Centre pour l&#039;\u00e9tude de la citoyennet\u00e9 d\u00e9mocratique","description":"","potentialAction":[{"@type":"SearchAction","target":{"@type":"EntryPoint","urlTemplate":"https:\/\/csdc-cecd.ca\/?s={search_term_string}"},"query-input":{"@type":"PropertyValueSpecification","valueRequired":true,"valueName":"search_term_string"}}],"inLanguage":"en-US"}]}},"_links":{"self":[{"href":"https:\/\/csdc-cecd.ca\/en\/wp-json\/wp\/v2\/pages\/5295","targetHints":{"allow":["GET"]}}],"collection":[{"href":"https:\/\/csdc-cecd.ca\/en\/wp-json\/wp\/v2\/pages"}],"about":[{"href":"https:\/\/csdc-cecd.ca\/en\/wp-json\/wp\/v2\/types\/page"}],"author":[{"embeddable":true,"href":"https:\/\/csdc-cecd.ca\/en\/wp-json\/wp\/v2\/users\/1"}],"replies":[{"embeddable":true,"href":"https:\/\/csdc-cecd.ca\/en\/wp-json\/wp\/v2\/comments?post=5295"}],"version-history":[{"count":1,"href":"https:\/\/csdc-cecd.ca\/en\/wp-json\/wp\/v2\/pages\/5295\/revisions"}],"predecessor-version":[{"id":5297,"href":"https:\/\/csdc-cecd.ca\/en\/wp-json\/wp\/v2\/pages\/5295\/revisions\/5297"}],"wp:attachment":[{"href":"https:\/\/csdc-cecd.ca\/en\/wp-json\/wp\/v2\/media?parent=5295"}],"curies":[{"name":"wp","href":"https:\/\/api.w.org\/{rel}","templated":true}]}}