{"id":5319,"date":"2025-07-08T08:14:26","date_gmt":"2025-07-08T12:14:26","guid":{"rendered":"https:\/\/csdc-cecd.ca\/mathias-poertner\/"},"modified":"2025-07-08T08:28:26","modified_gmt":"2025-07-08T12:28:26","slug":"mathias-poertner","status":"publish","type":"page","link":"https:\/\/csdc-cecd.ca\/en\/mathias-poertner\/","title":{"rendered":"Mathias Poertner"},"content":{"rendered":"<p>[et_pb_section fb_built=&#8221;1&#8243; _builder_version=&#8221;4.27.4&#8243; _module_preset=&#8221;default&#8221; global_colors_info=&#8221;{}&#8221;][et_pb_row _builder_version=&#8221;4.27.4&#8243; _module_preset=&#8221;default&#8221; global_colors_info=&#8221;{}&#8221;][et_pb_column type=&#8221;4_4&#8243; _builder_version=&#8221;4.27.4&#8243; _module_preset=&#8221;default&#8221; global_colors_info=&#8221;{}&#8221;][et_pb_text _builder_version=&#8221;4.27.4&#8243; _module_preset=&#8221;default&#8221; hover_enabled=&#8221;0&#8243; global_colors_info=&#8221;{}&#8221; sticky_enabled=&#8221;0&#8243;]<\/p>\n<h2 class=\"page-title\">Speaker Series \u2013 Mathias Poertner<\/h2>\n<p>[\/et_pb_text][\/et_pb_column][\/et_pb_row][et_pb_row _builder_version=&#8221;4.27.4&#8243; _module_preset=&#8221;default&#8221; global_colors_info=&#8221;{}&#8221;][et_pb_column type=&#8221;4_4&#8243; _builder_version=&#8221;4.27.4&#8243; _module_preset=&#8221;default&#8221; global_colors_info=&#8221;{}&#8221;][et_pb_image src=&#8221;https:\/\/csdc-cecd.ca\/wp-content\/uploads\/2025\/07\/Mathias-Poertner-Speaker-Series-1-1-642&#215;336-1.png&#8221; title_text=&#8221;Mathias-Poertner-Speaker-Series-1-1-642&#215;336&#8243; _builder_version=&#8221;4.27.4&#8243; _module_preset=&#8221;default&#8221; global_colors_info=&#8221;{}&#8221;][\/et_pb_image][\/et_pb_column][\/et_pb_row][et_pb_row _builder_version=&#8221;4.27.4&#8243; _module_preset=&#8221;default&#8221; global_colors_info=&#8221;{}&#8221;][et_pb_column type=&#8221;4_4&#8243; _builder_version=&#8221;4.27.4&#8243; _module_preset=&#8221;default&#8221; global_colors_info=&#8221;{}&#8221;][et_pb_text _builder_version=&#8221;4.27.4&#8243; _module_preset=&#8221;default&#8221; hover_enabled=&#8221;0&#8243; global_colors_info=&#8221;{}&#8221; sticky_enabled=&#8221;0&#8243;]<\/p>\n<p><span>The Centre for the Study of Democratic Citizenship<\/span><span>\u00a0presents:<\/span><\/p>\n<p><strong>Overcoming Barriers to Political Participation and Representation: Evidence from Natural Experiments<\/strong><br \/><a href=\"http:\/\/www.mathiaspoertner.com\/\"><span class=\"WdYUQQ text-decoration-none text-strikethrough-none\">Mathias Poertner<\/span><\/a><span>\u00a0<\/span>(<span class=\"WdYUQQ text-decoration-none text-strikethrough-none\">London School of Economics and Political Science<\/span>)<\/p>\n<p>When : January 12, 2024, 3 &#8211; 5 p.m.<br \/>Where: McGill, Ballroom, Thomson House, 3650 Rue McTavish, Montr\u00e9al, QC H3A 1Y2<\/p>\n<p>Abstract<\/p>\n<div>\n<p>How does the representation of marginalized communities influence their political participation and their ability to overcome barriers to representation? Analyzing natural experiments from Mexico, in which a party uses lotteries to select candidates for public office, this presentation discusses two research projects that offer new insights into how representation shapes the political participation of underrepresented segments of society. The first paper explores how the representation by politicians from specific communities influences these communities\u2019 political participation. It shows that participation in subsequent elections is significantly higher among constituents who have been represented by randomly selected legislators with a similar social background who are part of local organizational networks (embedded representatives). The second paper tracks the subsequent career advancement of the candidates who participated in these lotteries to investigate how opportunities to gain political experience influence the representation of women in politics. Whereas the literature often attributes women\u2019s underrepresentation in elected office to voter discrimination and low levels of political ambition, this paper shows instead that limited opportunities to gain early political experience shape the emergence and success of female candidates. It finds that women who have gained initial experience in office (at random) are much more likely to seek and attain subsequent elected positions than men who have held similar office or women without such experiences. The findings highlight the importance of community embeddedness for political mobilization and early political experiences in overcoming gender disparities among candidates and elected officials and have important implications for broader debates about democratic inclusion and representation.\u200b<\/p>\n<p><span>This series is sponsored by the\u00a0Centre for the Study of Democratic Citizenship, which is funded by the\u00a0<\/span><a href=\"https:\/\/frq.gouv.qc.ca\/en\/?_gl=1*o5ed60*_up*MQ..&amp;gclid=Cj0KCQjwz7C2BhDkARIsAA_SZKZZF5jB-6FsIs95vigEAG-xhoJ5O0HSQFDdNdEUSTzR3BuQU4vBJr8aAi69EALw_wcB\">Fonds de recherche du Qu\u00e9bec \u2013 Soci\u00e9t\u00e9 et culture (FRQSC)<\/a><span>.<\/span><\/p>\n<\/div>\n<div><\/div>\n<div><span><\/span><\/div>\n<div><\/div>\n<div><\/div>\n<div><\/div>\n<p>[\/et_pb_text][\/et_pb_column][\/et_pb_row][\/et_pb_section]<\/p>\n","protected":false},"excerpt":{"rendered":"<p>Speaker Series \u2013 Mathias PoertnerThe Centre for the Study of Democratic Citizenship\u00a0presents: Overcoming Barriers to Political Participation and Representation: Evidence from Natural ExperimentsMathias Poertner\u00a0(London School of Economics and Political Science) When : January 12, 2024, 3 &#8211; 5 p.m.Where: McGill, Ballroom, Thomson House, 3650 Rue McTavish, Montr\u00e9al, QC H3A 1Y2 Abstract How does the representation [&hellip;]<\/p>\n","protected":false},"author":1,"featured_media":0,"parent":0,"menu_order":0,"comment_status":"closed","ping_status":"closed","template":"","meta":{"_et_pb_use_builder":"on","_et_pb_old_content":"","_et_gb_content_width":"","footnotes":""},"class_list":["post-5319","page","type-page","status-publish","hentry"],"yoast_head":"<!-- This site is optimized with the Yoast SEO plugin v27.5 - https:\/\/yoast.com\/product\/yoast-seo-wordpress\/ -->\n<title>Mathias Poertner - CECD - Centre pour l&#039;\u00e9tude de la citoyennet\u00e9 d\u00e9mocratique<\/title>\n<meta name=\"robots\" content=\"index, follow, max-snippet:-1, max-image-preview:large, max-video-preview:-1\" \/>\n<link rel=\"canonical\" href=\"https:\/\/csdc-cecd.ca\/en\/mathias-poertner\/\" \/>\n<meta property=\"og:locale\" content=\"en_US\" \/>\n<meta property=\"og:type\" content=\"article\" \/>\n<meta property=\"og:title\" content=\"Mathias Poertner - CECD - Centre pour l&#039;\u00e9tude de la citoyennet\u00e9 d\u00e9mocratique\" \/>\n<meta property=\"og:description\" content=\"Speaker Series \u2013 Mathias PoertnerThe Centre for the Study of Democratic Citizenship\u00a0presents: Overcoming Barriers to Political Participation and Representation: Evidence from Natural ExperimentsMathias Poertner\u00a0(London School of Economics and Political Science) When : January 12, 2024, 3 - 5 p.m.Where: McGill, Ballroom, Thomson House, 3650 Rue McTavish, Montr\u00e9al, QC H3A 1Y2 Abstract How does the representation [&hellip;]\" \/>\n<meta property=\"og:url\" content=\"https:\/\/csdc-cecd.ca\/en\/mathias-poertner\/\" \/>\n<meta property=\"og:site_name\" content=\"CECD - Centre pour l&#039;\u00e9tude de la citoyennet\u00e9 d\u00e9mocratique\" \/>\n<meta property=\"article:modified_time\" content=\"2025-07-08T12:28:26+00:00\" \/>\n<meta name=\"twitter:card\" content=\"summary_large_image\" \/>\n<script type=\"application\/ld+json\" class=\"yoast-schema-graph\">{\"@context\":\"https:\\\/\\\/schema.org\",\"@graph\":[{\"@type\":\"WebPage\",\"@id\":\"https:\\\/\\\/csdc-cecd.ca\\\/en\\\/mathias-poertner\\\/\",\"url\":\"https:\\\/\\\/csdc-cecd.ca\\\/en\\\/mathias-poertner\\\/\",\"name\":\"Mathias Poertner - CECD - Centre pour l&#039;\u00e9tude de la citoyennet\u00e9 d\u00e9mocratique\",\"isPartOf\":{\"@id\":\"https:\\\/\\\/csdc-cecd.ca\\\/#website\"},\"datePublished\":\"2025-07-08T12:14:26+00:00\",\"dateModified\":\"2025-07-08T12:28:26+00:00\",\"breadcrumb\":{\"@id\":\"https:\\\/\\\/csdc-cecd.ca\\\/en\\\/mathias-poertner\\\/#breadcrumb\"},\"inLanguage\":\"en-US\",\"potentialAction\":[{\"@type\":\"ReadAction\",\"target\":[\"https:\\\/\\\/csdc-cecd.ca\\\/en\\\/mathias-poertner\\\/\"]}]},{\"@type\":\"BreadcrumbList\",\"@id\":\"https:\\\/\\\/csdc-cecd.ca\\\/en\\\/mathias-poertner\\\/#breadcrumb\",\"itemListElement\":[{\"@type\":\"ListItem\",\"position\":1,\"name\":\"Accueil\",\"item\":\"https:\\\/\\\/csdc-cecd.ca\\\/en\\\/\"},{\"@type\":\"ListItem\",\"position\":2,\"name\":\"Mathias Poertner\"}]},{\"@type\":\"WebSite\",\"@id\":\"https:\\\/\\\/csdc-cecd.ca\\\/#website\",\"url\":\"https:\\\/\\\/csdc-cecd.ca\\\/\",\"name\":\"CECD - Centre pour l&#039;\u00e9tude de la citoyennet\u00e9 d\u00e9mocratique\",\"description\":\"\",\"potentialAction\":[{\"@type\":\"SearchAction\",\"target\":{\"@type\":\"EntryPoint\",\"urlTemplate\":\"https:\\\/\\\/csdc-cecd.ca\\\/?s={search_term_string}\"},\"query-input\":{\"@type\":\"PropertyValueSpecification\",\"valueRequired\":true,\"valueName\":\"search_term_string\"}}],\"inLanguage\":\"en-US\"}]}<\/script>\n<!-- \/ Yoast SEO plugin. -->","yoast_head_json":{"title":"Mathias Poertner - CECD - Centre pour l&#039;\u00e9tude de la citoyennet\u00e9 d\u00e9mocratique","robots":{"index":"index","follow":"follow","max-snippet":"max-snippet:-1","max-image-preview":"max-image-preview:large","max-video-preview":"max-video-preview:-1"},"canonical":"https:\/\/csdc-cecd.ca\/en\/mathias-poertner\/","og_locale":"en_US","og_type":"article","og_title":"Mathias Poertner - CECD - Centre pour l&#039;\u00e9tude de la citoyennet\u00e9 d\u00e9mocratique","og_description":"Speaker Series \u2013 Mathias PoertnerThe Centre for the Study of Democratic Citizenship\u00a0presents: Overcoming Barriers to Political Participation and Representation: Evidence from Natural ExperimentsMathias Poertner\u00a0(London School of Economics and Political Science) When : January 12, 2024, 3 - 5 p.m.Where: McGill, Ballroom, Thomson House, 3650 Rue McTavish, Montr\u00e9al, QC H3A 1Y2 Abstract How does the representation [&hellip;]","og_url":"https:\/\/csdc-cecd.ca\/en\/mathias-poertner\/","og_site_name":"CECD - Centre pour l&#039;\u00e9tude de la citoyennet\u00e9 d\u00e9mocratique","article_modified_time":"2025-07-08T12:28:26+00:00","twitter_card":"summary_large_image","schema":{"@context":"https:\/\/schema.org","@graph":[{"@type":"WebPage","@id":"https:\/\/csdc-cecd.ca\/en\/mathias-poertner\/","url":"https:\/\/csdc-cecd.ca\/en\/mathias-poertner\/","name":"Mathias Poertner - CECD - Centre pour l&#039;\u00e9tude de la citoyennet\u00e9 d\u00e9mocratique","isPartOf":{"@id":"https:\/\/csdc-cecd.ca\/#website"},"datePublished":"2025-07-08T12:14:26+00:00","dateModified":"2025-07-08T12:28:26+00:00","breadcrumb":{"@id":"https:\/\/csdc-cecd.ca\/en\/mathias-poertner\/#breadcrumb"},"inLanguage":"en-US","potentialAction":[{"@type":"ReadAction","target":["https:\/\/csdc-cecd.ca\/en\/mathias-poertner\/"]}]},{"@type":"BreadcrumbList","@id":"https:\/\/csdc-cecd.ca\/en\/mathias-poertner\/#breadcrumb","itemListElement":[{"@type":"ListItem","position":1,"name":"Accueil","item":"https:\/\/csdc-cecd.ca\/en\/"},{"@type":"ListItem","position":2,"name":"Mathias Poertner"}]},{"@type":"WebSite","@id":"https:\/\/csdc-cecd.ca\/#website","url":"https:\/\/csdc-cecd.ca\/","name":"CECD - Centre pour l&#039;\u00e9tude de la citoyennet\u00e9 d\u00e9mocratique","description":"","potentialAction":[{"@type":"SearchAction","target":{"@type":"EntryPoint","urlTemplate":"https:\/\/csdc-cecd.ca\/?s={search_term_string}"},"query-input":{"@type":"PropertyValueSpecification","valueRequired":true,"valueName":"search_term_string"}}],"inLanguage":"en-US"}]}},"_links":{"self":[{"href":"https:\/\/csdc-cecd.ca\/en\/wp-json\/wp\/v2\/pages\/5319","targetHints":{"allow":["GET"]}}],"collection":[{"href":"https:\/\/csdc-cecd.ca\/en\/wp-json\/wp\/v2\/pages"}],"about":[{"href":"https:\/\/csdc-cecd.ca\/en\/wp-json\/wp\/v2\/types\/page"}],"author":[{"embeddable":true,"href":"https:\/\/csdc-cecd.ca\/en\/wp-json\/wp\/v2\/users\/1"}],"replies":[{"embeddable":true,"href":"https:\/\/csdc-cecd.ca\/en\/wp-json\/wp\/v2\/comments?post=5319"}],"version-history":[{"count":1,"href":"https:\/\/csdc-cecd.ca\/en\/wp-json\/wp\/v2\/pages\/5319\/revisions"}],"predecessor-version":[{"id":5321,"href":"https:\/\/csdc-cecd.ca\/en\/wp-json\/wp\/v2\/pages\/5319\/revisions\/5321"}],"wp:attachment":[{"href":"https:\/\/csdc-cecd.ca\/en\/wp-json\/wp\/v2\/media?parent=5319"}],"curies":[{"name":"wp","href":"https:\/\/api.w.org\/{rel}","templated":true}]}}