{"id":5324,"date":"2025-07-08T08:31:59","date_gmt":"2025-07-08T12:31:59","guid":{"rendered":"https:\/\/csdc-cecd.ca\/?page_id=5324"},"modified":"2025-07-08T08:37:52","modified_gmt":"2025-07-08T12:37:52","slug":"yasemin-soysal","status":"publish","type":"page","link":"https:\/\/csdc-cecd.ca\/en\/yasemin-soysal\/","title":{"rendered":"Yasemin Soysal"},"content":{"rendered":"<p>[et_pb_section fb_built=&#8221;1&#8243; theme_builder_area=&#8221;post_content&#8221; _builder_version=&#8221;4.27.4&#8243; _module_preset=&#8221;default&#8221;][et_pb_row _builder_version=&#8221;4.27.4&#8243; _module_preset=&#8221;default&#8221; theme_builder_area=&#8221;post_content&#8221;][et_pb_column _builder_version=&#8221;4.27.4&#8243; _module_preset=&#8221;default&#8221; type=&#8221;4_4&#8243; theme_builder_area=&#8221;post_content&#8221;][et_pb_text _builder_version=&#8221;4.27.4&#8243; _module_preset=&#8221;default&#8221; theme_builder_area=&#8221;post_content&#8221; hover_enabled=&#8221;0&#8243; sticky_enabled=&#8221;0&#8243;]<\/p>\n<h2 class=\"page-title\">Speaker Series \u2013 Yasemin Soysal<\/h2>\n<p>[\/et_pb_text][\/et_pb_column][\/et_pb_row][et_pb_row _builder_version=&#8221;4.27.4&#8243; _module_preset=&#8221;default&#8221; theme_builder_area=&#8221;post_content&#8221;][et_pb_column _builder_version=&#8221;4.27.4&#8243; _module_preset=&#8221;default&#8221; type=&#8221;4_4&#8243; theme_builder_area=&#8221;post_content&#8221;][et_pb_image src=&#8221;https:\/\/csdc-cecd.ca\/wp-content\/uploads\/2025\/07\/Dr.-Yasemin-Soysal-Speaker-Series-642&#215;336-1.png&#8221; _builder_version=&#8221;4.27.4&#8243; _module_preset=&#8221;default&#8221; theme_builder_area=&#8221;post_content&#8221; title_text=&#8221;Dr.-Yasemin-Soysal-Speaker-Series-642&#215;336&#8243; hover_enabled=&#8221;0&#8243; sticky_enabled=&#8221;0&#8243;][\/et_pb_image][\/et_pb_column][\/et_pb_row][et_pb_row _builder_version=&#8221;4.27.4&#8243; _module_preset=&#8221;default&#8221; theme_builder_area=&#8221;post_content&#8221;][et_pb_column _builder_version=&#8221;4.27.4&#8243; _module_preset=&#8221;default&#8221; type=&#8221;4_4&#8243; theme_builder_area=&#8221;post_content&#8221;][et_pb_text _builder_version=&#8221;4.27.4&#8243; _module_preset=&#8221;default&#8221; theme_builder_area=&#8221;post_content&#8221; hover_enabled=&#8221;0&#8243; sticky_enabled=&#8221;0&#8243;]<\/p>\n<p><span>The Centre for the Study of Democratic Citizenship<\/span><span>\u00a0presents:<\/span><\/p>\n<p><span><strong>Liberal Agentic Citizenship, its Global Reach and Limitations: Europe and China Comparisons<br \/><\/strong><\/span><a href=\"https:\/\/www.wzb.eu\/en\/persons\/yasemin-soysal\"><span class=\"WdYUQQ text-decoration-none text-strikethrough-none\">Yasemin Soysal<\/span><\/a><span>\u00a0<\/span>(WZB Berlin Social Science Center, Germany)<\/p>\n<div>\n<p>When: February 16, 2025, 3 &#8211; 5 p.m.<br \/>Where: McGill, <span>Thomson House, Ballroom, <\/span><span>3650 McTavish, <\/span><span>Montr\u00e9al, <\/span><span>QC H3A 1X9<\/span><\/p>\n<p>Abstract<\/p>\n<\/div>\n<p>Since the 1990s, global cultural shifts driven by neoliberalism have ushered in significant changes in the institutions of citizenship. This has given rise to an increasingly agentic conception of the individual, with strong meritocratic ideological underpinnings manifested across a wide range of policy and institutional domains. While the normative foundations and the institutional embodiment of agentic citizenship are widely studied, we know less about the individual enactments of such citizenship. Drawing from data collected through a unique, representative survey I will present comparative evidence on agentic and meritocratic orientations and their implications for solidaristic inclinations among higher education students in China and Europe.<\/p>\n<p><span>This series is sponsored by the\u00a0Centre for the Study of Democratic Citizenship, which is funded by the\u00a0<\/span><a href=\"https:\/\/frq.gouv.qc.ca\/en\/?_gl=1*o5ed60*_up*MQ..&amp;gclid=Cj0KCQjwz7C2BhDkARIsAA_SZKZZF5jB-6FsIs95vigEAG-xhoJ5O0HSQFDdNdEUSTzR3BuQU4vBJr8aAi69EALw_wcB\">Fonds de recherche du Qu\u00e9bec \u2013 Soci\u00e9t\u00e9 et culture (FRQSC)<\/a><span>.<\/span><\/p>\n<p>[\/et_pb_text][\/et_pb_column][\/et_pb_row][\/et_pb_section]<\/p>\n","protected":false},"excerpt":{"rendered":"<p>Speaker Series \u2013 Yasemin SoysalThe Centre for the Study of Democratic Citizenship\u00a0presents: Liberal Agentic Citizenship, its Global Reach and Limitations: Europe and China ComparisonsYasemin Soysal\u00a0(WZB Berlin Social Science Center, Germany) When: February 16, 2025, 3 &#8211; 5 p.m.Where: McGill, Thomson House, Ballroom, 3650 McTavish, Montr\u00e9al, QC H3A 1X9 Abstract Since the 1990s, global cultural shifts [&hellip;]<\/p>\n","protected":false},"author":1,"featured_media":0,"parent":0,"menu_order":0,"comment_status":"closed","ping_status":"closed","template":"","meta":{"_et_pb_use_builder":"on","_et_pb_old_content":"","_et_gb_content_width":"","footnotes":""},"class_list":["post-5324","page","type-page","status-publish","hentry"],"yoast_head":"<!-- This site is optimized with the Yoast SEO plugin v27.5 - https:\/\/yoast.com\/product\/yoast-seo-wordpress\/ -->\n<title>Yasemin Soysal - CECD - Centre pour l&#039;\u00e9tude de la citoyennet\u00e9 d\u00e9mocratique<\/title>\n<meta name=\"robots\" content=\"index, follow, max-snippet:-1, max-image-preview:large, max-video-preview:-1\" \/>\n<link rel=\"canonical\" href=\"https:\/\/csdc-cecd.ca\/en\/yasemin-soysal\/\" \/>\n<meta property=\"og:locale\" content=\"en_US\" \/>\n<meta property=\"og:type\" content=\"article\" \/>\n<meta property=\"og:title\" content=\"Yasemin Soysal - CECD - Centre pour l&#039;\u00e9tude de la citoyennet\u00e9 d\u00e9mocratique\" \/>\n<meta property=\"og:description\" content=\"Speaker Series \u2013 Yasemin SoysalThe Centre for the Study of Democratic Citizenship\u00a0presents: Liberal Agentic Citizenship, its Global Reach and Limitations: Europe and China ComparisonsYasemin Soysal\u00a0(WZB Berlin Social Science Center, Germany) When: February 16, 2025, 3 - 5 p.m.Where: McGill, Thomson House, Ballroom, 3650 McTavish, Montr\u00e9al, QC H3A 1X9 Abstract Since the 1990s, global cultural shifts [&hellip;]\" \/>\n<meta property=\"og:url\" content=\"https:\/\/csdc-cecd.ca\/en\/yasemin-soysal\/\" \/>\n<meta property=\"og:site_name\" content=\"CECD - Centre pour l&#039;\u00e9tude de la citoyennet\u00e9 d\u00e9mocratique\" \/>\n<meta property=\"article:modified_time\" content=\"2025-07-08T12:37:52+00:00\" \/>\n<meta name=\"twitter:card\" content=\"summary_large_image\" \/>\n<script type=\"application\/ld+json\" class=\"yoast-schema-graph\">{\"@context\":\"https:\\\/\\\/schema.org\",\"@graph\":[{\"@type\":\"WebPage\",\"@id\":\"https:\\\/\\\/csdc-cecd.ca\\\/en\\\/yasemin-soysal\\\/\",\"url\":\"https:\\\/\\\/csdc-cecd.ca\\\/en\\\/yasemin-soysal\\\/\",\"name\":\"Yasemin Soysal - CECD - Centre pour l&#039;\u00e9tude de la citoyennet\u00e9 d\u00e9mocratique\",\"isPartOf\":{\"@id\":\"https:\\\/\\\/csdc-cecd.ca\\\/#website\"},\"datePublished\":\"2025-07-08T12:31:59+00:00\",\"dateModified\":\"2025-07-08T12:37:52+00:00\",\"breadcrumb\":{\"@id\":\"https:\\\/\\\/csdc-cecd.ca\\\/en\\\/yasemin-soysal\\\/#breadcrumb\"},\"inLanguage\":\"en-US\",\"potentialAction\":[{\"@type\":\"ReadAction\",\"target\":[\"https:\\\/\\\/csdc-cecd.ca\\\/en\\\/yasemin-soysal\\\/\"]}]},{\"@type\":\"BreadcrumbList\",\"@id\":\"https:\\\/\\\/csdc-cecd.ca\\\/en\\\/yasemin-soysal\\\/#breadcrumb\",\"itemListElement\":[{\"@type\":\"ListItem\",\"position\":1,\"name\":\"Accueil\",\"item\":\"https:\\\/\\\/csdc-cecd.ca\\\/en\\\/\"},{\"@type\":\"ListItem\",\"position\":2,\"name\":\"Yasemin Soysal\"}]},{\"@type\":\"WebSite\",\"@id\":\"https:\\\/\\\/csdc-cecd.ca\\\/#website\",\"url\":\"https:\\\/\\\/csdc-cecd.ca\\\/\",\"name\":\"CECD - Centre pour l&#039;\u00e9tude de la citoyennet\u00e9 d\u00e9mocratique\",\"description\":\"\",\"potentialAction\":[{\"@type\":\"SearchAction\",\"target\":{\"@type\":\"EntryPoint\",\"urlTemplate\":\"https:\\\/\\\/csdc-cecd.ca\\\/?s={search_term_string}\"},\"query-input\":{\"@type\":\"PropertyValueSpecification\",\"valueRequired\":true,\"valueName\":\"search_term_string\"}}],\"inLanguage\":\"en-US\"}]}<\/script>\n<!-- \/ Yoast SEO plugin. -->","yoast_head_json":{"title":"Yasemin Soysal - CECD - Centre pour l&#039;\u00e9tude de la citoyennet\u00e9 d\u00e9mocratique","robots":{"index":"index","follow":"follow","max-snippet":"max-snippet:-1","max-image-preview":"max-image-preview:large","max-video-preview":"max-video-preview:-1"},"canonical":"https:\/\/csdc-cecd.ca\/en\/yasemin-soysal\/","og_locale":"en_US","og_type":"article","og_title":"Yasemin Soysal - CECD - Centre pour l&#039;\u00e9tude de la citoyennet\u00e9 d\u00e9mocratique","og_description":"Speaker Series \u2013 Yasemin SoysalThe Centre for the Study of Democratic Citizenship\u00a0presents: Liberal Agentic Citizenship, its Global Reach and Limitations: Europe and China ComparisonsYasemin Soysal\u00a0(WZB Berlin Social Science Center, Germany) When: February 16, 2025, 3 - 5 p.m.Where: McGill, Thomson House, Ballroom, 3650 McTavish, Montr\u00e9al, QC H3A 1X9 Abstract Since the 1990s, global cultural shifts [&hellip;]","og_url":"https:\/\/csdc-cecd.ca\/en\/yasemin-soysal\/","og_site_name":"CECD - Centre pour l&#039;\u00e9tude de la citoyennet\u00e9 d\u00e9mocratique","article_modified_time":"2025-07-08T12:37:52+00:00","twitter_card":"summary_large_image","schema":{"@context":"https:\/\/schema.org","@graph":[{"@type":"WebPage","@id":"https:\/\/csdc-cecd.ca\/en\/yasemin-soysal\/","url":"https:\/\/csdc-cecd.ca\/en\/yasemin-soysal\/","name":"Yasemin Soysal - CECD - Centre pour l&#039;\u00e9tude de la citoyennet\u00e9 d\u00e9mocratique","isPartOf":{"@id":"https:\/\/csdc-cecd.ca\/#website"},"datePublished":"2025-07-08T12:31:59+00:00","dateModified":"2025-07-08T12:37:52+00:00","breadcrumb":{"@id":"https:\/\/csdc-cecd.ca\/en\/yasemin-soysal\/#breadcrumb"},"inLanguage":"en-US","potentialAction":[{"@type":"ReadAction","target":["https:\/\/csdc-cecd.ca\/en\/yasemin-soysal\/"]}]},{"@type":"BreadcrumbList","@id":"https:\/\/csdc-cecd.ca\/en\/yasemin-soysal\/#breadcrumb","itemListElement":[{"@type":"ListItem","position":1,"name":"Accueil","item":"https:\/\/csdc-cecd.ca\/en\/"},{"@type":"ListItem","position":2,"name":"Yasemin Soysal"}]},{"@type":"WebSite","@id":"https:\/\/csdc-cecd.ca\/#website","url":"https:\/\/csdc-cecd.ca\/","name":"CECD - Centre pour l&#039;\u00e9tude de la citoyennet\u00e9 d\u00e9mocratique","description":"","potentialAction":[{"@type":"SearchAction","target":{"@type":"EntryPoint","urlTemplate":"https:\/\/csdc-cecd.ca\/?s={search_term_string}"},"query-input":{"@type":"PropertyValueSpecification","valueRequired":true,"valueName":"search_term_string"}}],"inLanguage":"en-US"}]}},"_links":{"self":[{"href":"https:\/\/csdc-cecd.ca\/en\/wp-json\/wp\/v2\/pages\/5324","targetHints":{"allow":["GET"]}}],"collection":[{"href":"https:\/\/csdc-cecd.ca\/en\/wp-json\/wp\/v2\/pages"}],"about":[{"href":"https:\/\/csdc-cecd.ca\/en\/wp-json\/wp\/v2\/types\/page"}],"author":[{"embeddable":true,"href":"https:\/\/csdc-cecd.ca\/en\/wp-json\/wp\/v2\/users\/1"}],"replies":[{"embeddable":true,"href":"https:\/\/csdc-cecd.ca\/en\/wp-json\/wp\/v2\/comments?post=5324"}],"version-history":[{"count":3,"href":"https:\/\/csdc-cecd.ca\/en\/wp-json\/wp\/v2\/pages\/5324\/revisions"}],"predecessor-version":[{"id":5328,"href":"https:\/\/csdc-cecd.ca\/en\/wp-json\/wp\/v2\/pages\/5324\/revisions\/5328"}],"wp:attachment":[{"href":"https:\/\/csdc-cecd.ca\/en\/wp-json\/wp\/v2\/media?parent=5324"}],"curies":[{"name":"wp","href":"https:\/\/api.w.org\/{rel}","templated":true}]}}