{"id":5427,"date":"2025-07-10T08:05:55","date_gmt":"2025-07-10T12:05:55","guid":{"rendered":"https:\/\/csdc-cecd.ca\/?page_id=5427"},"modified":"2025-09-22T12:31:27","modified_gmt":"2025-09-22T16:31:27","slug":"serie-de-conference-chagai-weiss","status":"publish","type":"page","link":"https:\/\/csdc-cecd.ca\/en\/serie-de-conference-chagai-weiss\/","title":{"rendered":"Serie de conference &#8211; Chagai Weiss ANNUL\u00c9-CANCELLED"},"content":{"rendered":"\n[et_pb_section fb_built=&#8221;1&#8243; _builder_version=&#8221;4.27.4&#8243; _module_preset=&#8221;default&#8221; global_colors_info=&#8221;{}&#8221;][et_pb_row _builder_version=&#8221;4.27.4&#8243; _module_preset=&#8221;default&#8221; global_colors_info=&#8221;{}&#8221;][et_pb_column type=&#8221;4_4&#8243; _builder_version=&#8221;4.27.4&#8243; _module_preset=&#8221;default&#8221; global_colors_info=&#8221;{}&#8221;][et_pb_text _builder_version=&#8221;4.27.4&#8243; _module_preset=&#8221;default&#8221;]<h2>Speaker Series &#8211; Chagai Weiss<\/h2>[\/et_pb_text][\/et_pb_column][\/et_pb_row][et_pb_row _builder_version=&#8221;4.27.4&#8243; _module_preset=&#8221;default&#8221; global_colors_info=&#8221;{}&#8221;][et_pb_column type=&#8221;4_4&#8243; _builder_version=&#8221;4.27.4&#8243; _module_preset=&#8221;default&#8221; global_colors_info=&#8221;{}&#8221;][et_pb_image src=&#8221;https:\/\/csdc-cecd.ca\/wp-content\/uploads\/2025\/09\/Chagai-Weiss-2025_10_03-EN.png&#8221; title_text=&#8221;Chagai Weiss &#8211; 2025_10_03 (EN)&#8221; _builder_version=&#8221;4.27.4&#8243; _module_preset=&#8221;default&#8221; hover_enabled=&#8221;0&#8243; global_colors_info=&#8221;{}&#8221; sticky_enabled=&#8221;0&#8243;][\/et_pb_image][\/et_pb_column][\/et_pb_row][et_pb_row _builder_version=&#8221;4.27.4&#8243; _module_preset=&#8221;default&#8221; global_colors_info=&#8221;{}&#8221;][et_pb_column type=&#8221;4_4&#8243; _builder_version=&#8221;4.27.4&#8243; _module_preset=&#8221;default&#8221; global_colors_info=&#8221;{}&#8221;][et_pb_text _builder_version=&#8221;4.27.4&#8243; _module_preset=&#8221;default&#8221; hover_enabled=&#8221;0&#8243; sticky_enabled=&#8221;0&#8243;]<p><span>The Centre for the Study of Democratic Citizenship<\/span><span>\u00a0presents:<\/span><\/p>\n<p><strong><span>Can Politicians Bridge Partisan Divides? A Field Experiment with the U.S. National Governors Association<br \/><\/span><\/strong>(with Donald Green and Robb Willer)<strong><span><br \/><\/span><\/strong><a href=\"https:\/\/www.chagaiweiss.com\/\"><span>Chagai Weiss <\/span><\/a>(University of Toronto, Canada)<\/p>\n<p>When: <strong><span style=\"color: #ff0000;\">CANCELLED<\/span><\/strong><br \/>Where: Thomson House,<span>\u00a0<\/span><span>3650 McTavish, Montr\u00e9al, Qu\u00e9bec H3A 1Y2<\/span><\/p>\n<p><span>Existing research on depolarization focuses on grassroots approaches, paying less attention to elected officials&#8217; potential to bridge partisan divides. We argue that politicians&#8217; bipartisan appeals to civility can bridge partisan divides. To test our argument, we collaborated with the U.S. National Governors Association on a field experiment, testing the effects of their &#8220;Disagree Better&#8221; campaign, in which Democratic and Republican governors encouraged citizens to engage in constructive bipartisan conversations. Leveraging addressable TV advertising technology, we assigned over 8,700 survey respondents to be exposed unobtrusively to the &#8220;Disagree Better&#8221; campaign for two weeks, followed by a seemingly unrelated survey. We find that treated respondents were more likely to engage in bipartisan behaviors and reported greater openness to conversations with political opponents, but no further attitudinal effects. Our findings demonstrate that by acting as role models, politicians can encourage bipartisan behaviors, even absent broad attitudinal change, highlighting the promise of top-down depolarization approaches.<\/span><\/p>\n<p><span>This series is sponsored by the\u00a0Centre for the Study of Democratic Citizenship, which is funded by the\u00a0<\/span><a href=\"https:\/\/frq.gouv.qc.ca\/en\/?_gl=1*o5ed60*_up*MQ..&amp;gclid=Cj0KCQjwz7C2BhDkARIsAA_SZKZZF5jB-6FsIs95vigEAG-xhoJ5O0HSQFDdNdEUSTzR3BuQU4vBJr8aAi69EALw_wcB\">Fonds de recherche du Qu\u00e9bec \u2013 Soci\u00e9t\u00e9 et culture (FRQSC)<\/a><span>.<\/span><\/p>[\/et_pb_text][\/et_pb_column][\/et_pb_row][\/et_pb_section]\n","protected":false},"excerpt":{"rendered":"<p>Speaker Series &#8211; Chagai WeissThe Centre for the Study of Democratic Citizenship\u00a0presents: Can Politicians Bridge Partisan Divides? A Field Experiment with the U.S. National Governors Association(with Donald Green and Robb Willer)Chagai Weiss (University of Toronto, Canada) When: CANCELLEDWhere: Thomson House,\u00a03650 McTavish, Montr\u00e9al, Qu\u00e9bec H3A 1Y2 Existing research on depolarization focuses on grassroots approaches, paying less [&hellip;]<\/p>\n","protected":false},"author":1,"featured_media":0,"parent":0,"menu_order":0,"comment_status":"closed","ping_status":"closed","template":"","meta":{"_et_pb_use_builder":"on","_et_pb_old_content":"","_et_gb_content_width":"","footnotes":""},"class_list":["post-5427","page","type-page","status-publish","hentry"],"yoast_head":"<!-- This site is optimized with the Yoast SEO plugin v27.5 - https:\/\/yoast.com\/product\/yoast-seo-wordpress\/ -->\n<title>Serie de conference - Chagai Weiss ANNUL\u00c9-CANCELLED - CECD - Centre pour l&#039;\u00e9tude de la citoyennet\u00e9 d\u00e9mocratique<\/title>\n<meta name=\"robots\" content=\"index, follow, max-snippet:-1, max-image-preview:large, max-video-preview:-1\" \/>\n<link rel=\"canonical\" href=\"https:\/\/csdc-cecd.ca\/en\/serie-de-conference-chagai-weiss\/\" \/>\n<meta property=\"og:locale\" content=\"en_US\" \/>\n<meta property=\"og:type\" content=\"article\" \/>\n<meta property=\"og:title\" content=\"Serie de conference - Chagai Weiss ANNUL\u00c9-CANCELLED - CECD - Centre pour l&#039;\u00e9tude de la citoyennet\u00e9 d\u00e9mocratique\" \/>\n<meta property=\"og:description\" content=\"Speaker Series - Chagai WeissThe Centre for the Study of Democratic Citizenship\u00a0presents: Can Politicians Bridge Partisan Divides? A Field Experiment with the U.S. National Governors Association(with Donald Green and Robb Willer)Chagai Weiss (University of Toronto, Canada) When: CANCELLEDWhere: Thomson House,\u00a03650 McTavish, Montr\u00e9al, Qu\u00e9bec H3A 1Y2 Existing research on depolarization focuses on grassroots approaches, paying less [&hellip;]\" \/>\n<meta property=\"og:url\" content=\"https:\/\/csdc-cecd.ca\/en\/serie-de-conference-chagai-weiss\/\" \/>\n<meta property=\"og:site_name\" content=\"CECD - Centre pour l&#039;\u00e9tude de la citoyennet\u00e9 d\u00e9mocratique\" \/>\n<meta property=\"article:modified_time\" content=\"2025-09-22T16:31:27+00:00\" \/>\n<meta name=\"twitter:card\" content=\"summary_large_image\" \/>\n<meta name=\"twitter:label1\" content=\"Est. reading time\" \/>\n\t<meta name=\"twitter:data1\" content=\"2 minutes\" \/>\n<script type=\"application\/ld+json\" class=\"yoast-schema-graph\">{\"@context\":\"https:\\\/\\\/schema.org\",\"@graph\":[{\"@type\":\"WebPage\",\"@id\":\"https:\\\/\\\/csdc-cecd.ca\\\/en\\\/serie-de-conference-chagai-weiss\\\/\",\"url\":\"https:\\\/\\\/csdc-cecd.ca\\\/en\\\/serie-de-conference-chagai-weiss\\\/\",\"name\":\"Serie de conference - Chagai Weiss ANNUL\u00c9-CANCELLED - CECD - Centre pour l&#039;\u00e9tude de la citoyennet\u00e9 d\u00e9mocratique\",\"isPartOf\":{\"@id\":\"https:\\\/\\\/csdc-cecd.ca\\\/#website\"},\"datePublished\":\"2025-07-10T12:05:55+00:00\",\"dateModified\":\"2025-09-22T16:31:27+00:00\",\"breadcrumb\":{\"@id\":\"https:\\\/\\\/csdc-cecd.ca\\\/en\\\/serie-de-conference-chagai-weiss\\\/#breadcrumb\"},\"inLanguage\":\"en-US\",\"potentialAction\":[{\"@type\":\"ReadAction\",\"target\":[\"https:\\\/\\\/csdc-cecd.ca\\\/en\\\/serie-de-conference-chagai-weiss\\\/\"]}]},{\"@type\":\"BreadcrumbList\",\"@id\":\"https:\\\/\\\/csdc-cecd.ca\\\/en\\\/serie-de-conference-chagai-weiss\\\/#breadcrumb\",\"itemListElement\":[{\"@type\":\"ListItem\",\"position\":1,\"name\":\"Accueil\",\"item\":\"https:\\\/\\\/csdc-cecd.ca\\\/en\\\/\"},{\"@type\":\"ListItem\",\"position\":2,\"name\":\"Serie de conference &#8211; Chagai Weiss ANNUL\u00c9-CANCELLED\"}]},{\"@type\":\"WebSite\",\"@id\":\"https:\\\/\\\/csdc-cecd.ca\\\/#website\",\"url\":\"https:\\\/\\\/csdc-cecd.ca\\\/\",\"name\":\"CECD - Centre pour l&#039;\u00e9tude de la citoyennet\u00e9 d\u00e9mocratique\",\"description\":\"\",\"potentialAction\":[{\"@type\":\"SearchAction\",\"target\":{\"@type\":\"EntryPoint\",\"urlTemplate\":\"https:\\\/\\\/csdc-cecd.ca\\\/?s={search_term_string}\"},\"query-input\":{\"@type\":\"PropertyValueSpecification\",\"valueRequired\":true,\"valueName\":\"search_term_string\"}}],\"inLanguage\":\"en-US\"}]}<\/script>\n<!-- \/ Yoast SEO plugin. -->","yoast_head_json":{"title":"Serie de conference - Chagai Weiss ANNUL\u00c9-CANCELLED - CECD - Centre pour l&#039;\u00e9tude de la citoyennet\u00e9 d\u00e9mocratique","robots":{"index":"index","follow":"follow","max-snippet":"max-snippet:-1","max-image-preview":"max-image-preview:large","max-video-preview":"max-video-preview:-1"},"canonical":"https:\/\/csdc-cecd.ca\/en\/serie-de-conference-chagai-weiss\/","og_locale":"en_US","og_type":"article","og_title":"Serie de conference - Chagai Weiss ANNUL\u00c9-CANCELLED - CECD - Centre pour l&#039;\u00e9tude de la citoyennet\u00e9 d\u00e9mocratique","og_description":"Speaker Series - Chagai WeissThe Centre for the Study of Democratic Citizenship\u00a0presents: Can Politicians Bridge Partisan Divides? A Field Experiment with the U.S. National Governors Association(with Donald Green and Robb Willer)Chagai Weiss (University of Toronto, Canada) When: CANCELLEDWhere: Thomson House,\u00a03650 McTavish, Montr\u00e9al, Qu\u00e9bec H3A 1Y2 Existing research on depolarization focuses on grassroots approaches, paying less [&hellip;]","og_url":"https:\/\/csdc-cecd.ca\/en\/serie-de-conference-chagai-weiss\/","og_site_name":"CECD - Centre pour l&#039;\u00e9tude de la citoyennet\u00e9 d\u00e9mocratique","article_modified_time":"2025-09-22T16:31:27+00:00","twitter_card":"summary_large_image","twitter_misc":{"Est. reading time":"2 minutes"},"schema":{"@context":"https:\/\/schema.org","@graph":[{"@type":"WebPage","@id":"https:\/\/csdc-cecd.ca\/en\/serie-de-conference-chagai-weiss\/","url":"https:\/\/csdc-cecd.ca\/en\/serie-de-conference-chagai-weiss\/","name":"Serie de conference - Chagai Weiss ANNUL\u00c9-CANCELLED - CECD - Centre pour l&#039;\u00e9tude de la citoyennet\u00e9 d\u00e9mocratique","isPartOf":{"@id":"https:\/\/csdc-cecd.ca\/#website"},"datePublished":"2025-07-10T12:05:55+00:00","dateModified":"2025-09-22T16:31:27+00:00","breadcrumb":{"@id":"https:\/\/csdc-cecd.ca\/en\/serie-de-conference-chagai-weiss\/#breadcrumb"},"inLanguage":"en-US","potentialAction":[{"@type":"ReadAction","target":["https:\/\/csdc-cecd.ca\/en\/serie-de-conference-chagai-weiss\/"]}]},{"@type":"BreadcrumbList","@id":"https:\/\/csdc-cecd.ca\/en\/serie-de-conference-chagai-weiss\/#breadcrumb","itemListElement":[{"@type":"ListItem","position":1,"name":"Accueil","item":"https:\/\/csdc-cecd.ca\/en\/"},{"@type":"ListItem","position":2,"name":"Serie de conference &#8211; Chagai Weiss ANNUL\u00c9-CANCELLED"}]},{"@type":"WebSite","@id":"https:\/\/csdc-cecd.ca\/#website","url":"https:\/\/csdc-cecd.ca\/","name":"CECD - Centre pour l&#039;\u00e9tude de la citoyennet\u00e9 d\u00e9mocratique","description":"","potentialAction":[{"@type":"SearchAction","target":{"@type":"EntryPoint","urlTemplate":"https:\/\/csdc-cecd.ca\/?s={search_term_string}"},"query-input":{"@type":"PropertyValueSpecification","valueRequired":true,"valueName":"search_term_string"}}],"inLanguage":"en-US"}]}},"_links":{"self":[{"href":"https:\/\/csdc-cecd.ca\/en\/wp-json\/wp\/v2\/pages\/5427","targetHints":{"allow":["GET"]}}],"collection":[{"href":"https:\/\/csdc-cecd.ca\/en\/wp-json\/wp\/v2\/pages"}],"about":[{"href":"https:\/\/csdc-cecd.ca\/en\/wp-json\/wp\/v2\/types\/page"}],"author":[{"embeddable":true,"href":"https:\/\/csdc-cecd.ca\/en\/wp-json\/wp\/v2\/users\/1"}],"replies":[{"embeddable":true,"href":"https:\/\/csdc-cecd.ca\/en\/wp-json\/wp\/v2\/comments?post=5427"}],"version-history":[{"count":9,"href":"https:\/\/csdc-cecd.ca\/en\/wp-json\/wp\/v2\/pages\/5427\/revisions"}],"predecessor-version":[{"id":5900,"href":"https:\/\/csdc-cecd.ca\/en\/wp-json\/wp\/v2\/pages\/5427\/revisions\/5900"}],"wp:attachment":[{"href":"https:\/\/csdc-cecd.ca\/en\/wp-json\/wp\/v2\/media?parent=5427"}],"curies":[{"name":"wp","href":"https:\/\/api.w.org\/{rel}","templated":true}]}}