{"id":5544,"date":"2025-07-11T08:50:52","date_gmt":"2025-07-11T12:50:52","guid":{"rendered":"https:\/\/csdc-cecd.ca\/atelier-method-v-esses\/"},"modified":"2025-07-11T09:01:24","modified_gmt":"2025-07-11T13:01:24","slug":"atelier-method-v-esses","status":"publish","type":"page","link":"https:\/\/csdc-cecd.ca\/en\/atelier-method-v-esses\/","title":{"rendered":"Atelier method V Esses"},"content":{"rendered":"<p>[et_pb_section fb_built=&#8221;1&#8243; _builder_version=&#8221;4.27.4&#8243; _module_preset=&#8221;default&#8221; global_colors_info=&#8221;{}&#8221;][et_pb_row _builder_version=&#8221;4.27.4&#8243; _module_preset=&#8221;default&#8221; global_colors_info=&#8221;{}&#8221;][et_pb_column type=&#8221;4_4&#8243; _builder_version=&#8221;4.27.4&#8243; _module_preset=&#8221;default&#8221; global_colors_info=&#8221;{}&#8221;][et_pb_text _builder_version=&#8221;4.27.4&#8243; _module_preset=&#8221;default&#8221; hover_enabled=&#8221;0&#8243; global_colors_info=&#8221;{}&#8221; sticky_enabled=&#8221;0&#8243;]<\/p>\n<h2><b>Method Workshop : The Pathways to Prosperity Partnership: Challenges and Opportunities of a National Partnership on Immigration<\/b><\/h2>\n<p>[\/et_pb_text][et_pb_text _builder_version=&#8221;4.27.4&#8243; _module_preset=&#8221;default&#8221; hover_enabled=&#8221;0&#8243; global_colors_info=&#8221;{}&#8221; sticky_enabled=&#8221;0&#8243;]<\/p>\n<p><span><a href=\"http:\/\/p2pcanada.ca\/experts\/victoria-esses\/\" target=\"_blank\" rel=\"noopener\">Victoria Esses<\/a>\u00a0(University Western Ontario)<\/span><\/p>\n<div class=\"ai1ec-time ai1ec-row\">\n<div class=\"ai1ec-field-value ai1ec-col-sm-9 dt-duration\">When: 18 October, 2018 , 4 &#8211; 6 p.m.<\/div>\n<\/div>\n<div class=\"ai1ec-location ai1ec-row\">\n<div class=\"ai1ec-field-label ai1ec-col-sm-3\">Where: Salle D-427, Marie-Victorin Building, Universit\u00e9 de Montr\u00e9al, Pavillon Marie-Victorin, Outremont, QC H2V 2J7, Canada<\/div>\n<div class=\"ai1ec-field-label ai1ec-col-sm-3\">\n<p><span><\/span><\/p>\n<p><span>More information about the workshop will be coming soon.<\/span><\/p>\n<\/div>\n<\/div>\n<p>[\/et_pb_text][et_pb_text _builder_version=&#8221;4.27.4&#8243; _module_preset=&#8221;default&#8221; hover_enabled=&#8221;0&#8243; global_colors_info=&#8221;{}&#8221; sticky_enabled=&#8221;0&#8243;]<\/p>\n<p><span>The Centre for the Study of Democratic Citizenship (CSDC) was established in 2008, funded by the\u00a0<\/span><em>Fonds de recherche du Qu\u00e9bec \u2013 Soci\u00e9t\u00e9 et Culture<\/em><span>\u00a0(FRQ-SC).\u00a0<\/span><\/p>\n<p>[\/et_pb_text][\/et_pb_column][\/et_pb_row][\/et_pb_section]<\/p>\n","protected":false},"excerpt":{"rendered":"<p>Method Workshop : The Pathways to Prosperity Partnership: Challenges and Opportunities of a National Partnership on ImmigrationVictoria Esses\u00a0(University Western Ontario) When: 18 October, 2018 , 4 &#8211; 6 p.m. Where: Salle D-427, Marie-Victorin Building, Universit\u00e9 de Montr\u00e9al, Pavillon Marie-Victorin, Outremont, QC H2V 2J7, Canada More information about the workshop will be coming soon. The Centre [&hellip;]<\/p>\n","protected":false},"author":1,"featured_media":0,"parent":0,"menu_order":0,"comment_status":"closed","ping_status":"closed","template":"","meta":{"_et_pb_use_builder":"on","_et_pb_old_content":"","_et_gb_content_width":"","footnotes":""},"class_list":["post-5544","page","type-page","status-publish","hentry"],"yoast_head":"<!-- This site is optimized with the Yoast SEO plugin v27.4 - https:\/\/yoast.com\/product\/yoast-seo-wordpress\/ -->\n<title>Atelier method V Esses - CECD - Centre pour l&#039;\u00e9tude de la citoyennet\u00e9 d\u00e9mocratique<\/title>\n<meta name=\"robots\" content=\"index, follow, max-snippet:-1, max-image-preview:large, max-video-preview:-1\" \/>\n<link rel=\"canonical\" href=\"https:\/\/csdc-cecd.ca\/en\/atelier-method-v-esses\/\" \/>\n<meta property=\"og:locale\" content=\"en_US\" \/>\n<meta property=\"og:type\" content=\"article\" \/>\n<meta property=\"og:title\" content=\"Atelier method V Esses - CECD - Centre pour l&#039;\u00e9tude de la citoyennet\u00e9 d\u00e9mocratique\" \/>\n<meta property=\"og:description\" content=\"Method Workshop : The Pathways to Prosperity Partnership: Challenges and Opportunities of a National Partnership on ImmigrationVictoria Esses\u00a0(University Western Ontario) When: 18 October, 2018 , 4 - 6 p.m. Where: Salle D-427, Marie-Victorin Building, Universit\u00e9 de Montr\u00e9al, Pavillon Marie-Victorin, Outremont, QC H2V 2J7, Canada More information about the workshop will be coming soon. The Centre [&hellip;]\" \/>\n<meta property=\"og:url\" content=\"https:\/\/csdc-cecd.ca\/en\/atelier-method-v-esses\/\" \/>\n<meta property=\"og:site_name\" content=\"CECD - Centre pour l&#039;\u00e9tude de la citoyennet\u00e9 d\u00e9mocratique\" \/>\n<meta property=\"article:modified_time\" content=\"2025-07-11T13:01:24+00:00\" \/>\n<meta name=\"twitter:card\" content=\"summary_large_image\" \/>\n<script type=\"application\/ld+json\" class=\"yoast-schema-graph\">{\"@context\":\"https:\\\/\\\/schema.org\",\"@graph\":[{\"@type\":\"WebPage\",\"@id\":\"https:\\\/\\\/csdc-cecd.ca\\\/en\\\/atelier-method-v-esses\\\/\",\"url\":\"https:\\\/\\\/csdc-cecd.ca\\\/en\\\/atelier-method-v-esses\\\/\",\"name\":\"Atelier method V Esses - CECD - Centre pour l&#039;\u00e9tude de la citoyennet\u00e9 d\u00e9mocratique\",\"isPartOf\":{\"@id\":\"https:\\\/\\\/csdc-cecd.ca\\\/#website\"},\"datePublished\":\"2025-07-11T12:50:52+00:00\",\"dateModified\":\"2025-07-11T13:01:24+00:00\",\"breadcrumb\":{\"@id\":\"https:\\\/\\\/csdc-cecd.ca\\\/en\\\/atelier-method-v-esses\\\/#breadcrumb\"},\"inLanguage\":\"en-US\",\"potentialAction\":[{\"@type\":\"ReadAction\",\"target\":[\"https:\\\/\\\/csdc-cecd.ca\\\/en\\\/atelier-method-v-esses\\\/\"]}]},{\"@type\":\"BreadcrumbList\",\"@id\":\"https:\\\/\\\/csdc-cecd.ca\\\/en\\\/atelier-method-v-esses\\\/#breadcrumb\",\"itemListElement\":[{\"@type\":\"ListItem\",\"position\":1,\"name\":\"Accueil\",\"item\":\"https:\\\/\\\/csdc-cecd.ca\\\/en\\\/\"},{\"@type\":\"ListItem\",\"position\":2,\"name\":\"Atelier method V Esses\"}]},{\"@type\":\"WebSite\",\"@id\":\"https:\\\/\\\/csdc-cecd.ca\\\/#website\",\"url\":\"https:\\\/\\\/csdc-cecd.ca\\\/\",\"name\":\"CECD - Centre pour l&#039;\u00e9tude de la citoyennet\u00e9 d\u00e9mocratique\",\"description\":\"\",\"potentialAction\":[{\"@type\":\"SearchAction\",\"target\":{\"@type\":\"EntryPoint\",\"urlTemplate\":\"https:\\\/\\\/csdc-cecd.ca\\\/?s={search_term_string}\"},\"query-input\":{\"@type\":\"PropertyValueSpecification\",\"valueRequired\":true,\"valueName\":\"search_term_string\"}}],\"inLanguage\":\"en-US\"}]}<\/script>\n<!-- \/ Yoast SEO plugin. -->","yoast_head_json":{"title":"Atelier method V Esses - CECD - Centre pour l&#039;\u00e9tude de la citoyennet\u00e9 d\u00e9mocratique","robots":{"index":"index","follow":"follow","max-snippet":"max-snippet:-1","max-image-preview":"max-image-preview:large","max-video-preview":"max-video-preview:-1"},"canonical":"https:\/\/csdc-cecd.ca\/en\/atelier-method-v-esses\/","og_locale":"en_US","og_type":"article","og_title":"Atelier method V Esses - CECD - Centre pour l&#039;\u00e9tude de la citoyennet\u00e9 d\u00e9mocratique","og_description":"Method Workshop : The Pathways to Prosperity Partnership: Challenges and Opportunities of a National Partnership on ImmigrationVictoria Esses\u00a0(University Western Ontario) When: 18 October, 2018 , 4 - 6 p.m. Where: Salle D-427, Marie-Victorin Building, Universit\u00e9 de Montr\u00e9al, Pavillon Marie-Victorin, Outremont, QC H2V 2J7, Canada More information about the workshop will be coming soon. The Centre [&hellip;]","og_url":"https:\/\/csdc-cecd.ca\/en\/atelier-method-v-esses\/","og_site_name":"CECD - Centre pour l&#039;\u00e9tude de la citoyennet\u00e9 d\u00e9mocratique","article_modified_time":"2025-07-11T13:01:24+00:00","twitter_card":"summary_large_image","schema":{"@context":"https:\/\/schema.org","@graph":[{"@type":"WebPage","@id":"https:\/\/csdc-cecd.ca\/en\/atelier-method-v-esses\/","url":"https:\/\/csdc-cecd.ca\/en\/atelier-method-v-esses\/","name":"Atelier method V Esses - CECD - Centre pour l&#039;\u00e9tude de la citoyennet\u00e9 d\u00e9mocratique","isPartOf":{"@id":"https:\/\/csdc-cecd.ca\/#website"},"datePublished":"2025-07-11T12:50:52+00:00","dateModified":"2025-07-11T13:01:24+00:00","breadcrumb":{"@id":"https:\/\/csdc-cecd.ca\/en\/atelier-method-v-esses\/#breadcrumb"},"inLanguage":"en-US","potentialAction":[{"@type":"ReadAction","target":["https:\/\/csdc-cecd.ca\/en\/atelier-method-v-esses\/"]}]},{"@type":"BreadcrumbList","@id":"https:\/\/csdc-cecd.ca\/en\/atelier-method-v-esses\/#breadcrumb","itemListElement":[{"@type":"ListItem","position":1,"name":"Accueil","item":"https:\/\/csdc-cecd.ca\/en\/"},{"@type":"ListItem","position":2,"name":"Atelier method V Esses"}]},{"@type":"WebSite","@id":"https:\/\/csdc-cecd.ca\/#website","url":"https:\/\/csdc-cecd.ca\/","name":"CECD - Centre pour l&#039;\u00e9tude de la citoyennet\u00e9 d\u00e9mocratique","description":"","potentialAction":[{"@type":"SearchAction","target":{"@type":"EntryPoint","urlTemplate":"https:\/\/csdc-cecd.ca\/?s={search_term_string}"},"query-input":{"@type":"PropertyValueSpecification","valueRequired":true,"valueName":"search_term_string"}}],"inLanguage":"en-US"}]}},"_links":{"self":[{"href":"https:\/\/csdc-cecd.ca\/en\/wp-json\/wp\/v2\/pages\/5544","targetHints":{"allow":["GET"]}}],"collection":[{"href":"https:\/\/csdc-cecd.ca\/en\/wp-json\/wp\/v2\/pages"}],"about":[{"href":"https:\/\/csdc-cecd.ca\/en\/wp-json\/wp\/v2\/types\/page"}],"author":[{"embeddable":true,"href":"https:\/\/csdc-cecd.ca\/en\/wp-json\/wp\/v2\/users\/1"}],"replies":[{"embeddable":true,"href":"https:\/\/csdc-cecd.ca\/en\/wp-json\/wp\/v2\/comments?post=5544"}],"version-history":[{"count":1,"href":"https:\/\/csdc-cecd.ca\/en\/wp-json\/wp\/v2\/pages\/5544\/revisions"}],"predecessor-version":[{"id":5545,"href":"https:\/\/csdc-cecd.ca\/en\/wp-json\/wp\/v2\/pages\/5544\/revisions\/5545"}],"wp:attachment":[{"href":"https:\/\/csdc-cecd.ca\/en\/wp-json\/wp\/v2\/media?parent=5544"}],"curies":[{"name":"wp","href":"https:\/\/api.w.org\/{rel}","templated":true}]}}