{"id":5549,"date":"2025-07-11T09:08:28","date_gmt":"2025-07-11T13:08:28","guid":{"rendered":"https:\/\/csdc-cecd.ca\/?page_id=5549"},"modified":"2025-07-11T09:19:25","modified_gmt":"2025-07-11T13:19:25","slug":"atelier-methodologique-p-dinesen","status":"publish","type":"page","link":"https:\/\/csdc-cecd.ca\/en\/atelier-methodologique-p-dinesen\/","title":{"rendered":"Atelier methodologique P Dinesen"},"content":{"rendered":"<p>[et_pb_section fb_built=&#8221;1&#8243; _builder_version=&#8221;4.27.4&#8243; _module_preset=&#8221;default&#8221; global_colors_info=&#8221;{}&#8221;][et_pb_row _builder_version=&#8221;4.27.4&#8243; _module_preset=&#8221;default&#8221; global_colors_info=&#8221;{}&#8221;][et_pb_column type=&#8221;4_4&#8243; _builder_version=&#8221;4.27.4&#8243; _module_preset=&#8221;default&#8221; global_colors_info=&#8221;{}&#8221;][et_pb_text _builder_version=&#8221;4.27.4&#8243; _module_preset=&#8221;default&#8221; hover_enabled=&#8221;0&#8243; global_colors_info=&#8221;{}&#8221; sticky_enabled=&#8221;0&#8243;]<\/p>\n<h2 class=\"page-title\">Method Workshop: Immigration and Public Opinion Research: Concepts, Context, and Current Trends<\/h2>\n<p>[\/et_pb_text][\/et_pb_column][\/et_pb_row][et_pb_row column_structure=&#8221;3_5,2_5&#8243; _builder_version=&#8221;4.27.4&#8243; _module_preset=&#8221;default&#8221; global_colors_info=&#8221;{}&#8221;][et_pb_column type=&#8221;3_5&#8243; _builder_version=&#8221;4.27.4&#8243; _module_preset=&#8221;default&#8221; global_colors_info=&#8221;{}&#8221;][et_pb_image src=&#8221;https:\/\/csdc-cecd.ca\/wp-content\/uploads\/2025\/07\/Peter-Dinesen-workshop-642&#215;336-1.jpg&#8221; title_text=&#8221;Peter-Dinesen-workshop-642&#215;336&#8243; _builder_version=&#8221;4.27.4&#8243; _module_preset=&#8221;default&#8221; global_colors_info=&#8221;{}&#8221;][\/et_pb_image][\/et_pb_column][et_pb_column type=&#8221;2_5&#8243; _builder_version=&#8221;4.27.4&#8243; _module_preset=&#8221;default&#8221; global_colors_info=&#8221;{}&#8221;][et_pb_text _builder_version=&#8221;4.27.4&#8243; _module_preset=&#8221;default&#8221; hover_enabled=&#8221;0&#8243; global_colors_info=&#8221;{}&#8221; sticky_enabled=&#8221;0&#8243;]<\/p>\n<div class=\"ai1ec-time ai1ec-row\">\n<div class=\"ai1ec-field-label ai1ec-col-sm-3\"><span>The Centre for the Study of Democratic Citizenship<\/span><span>\u00a0presents:<\/span><\/div>\n<div class=\"ai1ec-field-label ai1ec-col-sm-3\"><\/div>\n<div class=\"ai1ec-field-label ai1ec-col-sm-3\">\n<p><a href=\"https:\/\/www.peterdinesen.com\/\">Prof Peter Dinesen<\/a> (Copenhagen University)<\/p>\n<\/div>\n<div class=\"ai1ec-field-label ai1ec-col-sm-3\">When : 19 September, 2019 @ 2:00 \u2013 4:00 p.m.<\/div>\n<\/div>\n<div class=\"ai1ec-location ai1ec-row\">\n<div class=\"ai1ec-field-label ai1ec-col-sm-3\">Where: LEA429, Pavillon Leacock, McGill<\/div>\n<div class=\"ai1ec-field-label ai1ec-col-sm-3\"><\/div>\n<div class=\"ai1ec-field-label ai1ec-col-sm-3\"><\/div>\n<\/div>\n<p>[\/et_pb_text][\/et_pb_column][\/et_pb_row][et_pb_row _builder_version=&#8221;4.27.4&#8243; _module_preset=&#8221;default&#8221; global_colors_info=&#8221;{}&#8221;][et_pb_column type=&#8221;4_4&#8243; _builder_version=&#8221;4.27.4&#8243; _module_preset=&#8221;default&#8221; global_colors_info=&#8221;{}&#8221;][et_pb_text _builder_version=&#8221;4.27.4&#8243; _module_preset=&#8221;default&#8221; hover_enabled=&#8221;0&#8243; global_colors_info=&#8221;{}&#8221; sticky_enabled=&#8221;0&#8243;]<\/p>\n<p><span>This series is sponsored by the\u00a0Centre for the Study of Democratic Citizenship, which is funded by the\u00a0<\/span><a href=\"https:\/\/frq.gouv.qc.ca\/en\/?_gl=1*o5ed60*_up*MQ..&amp;gclid=Cj0KCQjwz7C2BhDkARIsAA_SZKZZF5jB-6FsIs95vigEAG-xhoJ5O0HSQFDdNdEUSTzR3BuQU4vBJr8aAi69EALw_wcB\">Fonds de recherche du Qu\u00e9bec \u2013 Soci\u00e9t\u00e9 et culture (FRQSC)<\/a><span>.<\/span><\/p>\n<p>[\/et_pb_text][\/et_pb_column][\/et_pb_row][\/et_pb_section]<\/p>\n","protected":false},"excerpt":{"rendered":"<p>Method Workshop: Immigration and Public Opinion Research: Concepts, Context, and Current Trends The Centre for the Study of Democratic Citizenship\u00a0presents: Prof Peter Dinesen (Copenhagen University) When : 19 September, 2019 @ 2:00 \u2013 4:00 p.m. Where: LEA429, Pavillon Leacock, McGill This series is sponsored by the\u00a0Centre for the Study of Democratic Citizenship, which is funded [&hellip;]<\/p>\n","protected":false},"author":1,"featured_media":0,"parent":0,"menu_order":0,"comment_status":"closed","ping_status":"closed","template":"","meta":{"_et_pb_use_builder":"on","_et_pb_old_content":"","_et_gb_content_width":"","footnotes":""},"class_list":["post-5549","page","type-page","status-publish","hentry"],"yoast_head":"<!-- This site is optimized with the Yoast SEO plugin v27.5 - https:\/\/yoast.com\/product\/yoast-seo-wordpress\/ -->\n<title>Atelier methodologique P Dinesen - CECD - Centre pour l&#039;\u00e9tude de la citoyennet\u00e9 d\u00e9mocratique<\/title>\n<meta name=\"robots\" content=\"index, follow, max-snippet:-1, max-image-preview:large, max-video-preview:-1\" \/>\n<link rel=\"canonical\" href=\"https:\/\/csdc-cecd.ca\/en\/atelier-methodologique-p-dinesen\/\" \/>\n<meta property=\"og:locale\" content=\"en_US\" \/>\n<meta property=\"og:type\" content=\"article\" \/>\n<meta property=\"og:title\" content=\"Atelier methodologique P Dinesen - CECD - Centre pour l&#039;\u00e9tude de la citoyennet\u00e9 d\u00e9mocratique\" \/>\n<meta property=\"og:description\" content=\"Method Workshop: Immigration and Public Opinion Research: Concepts, Context, and Current Trends The Centre for the Study of Democratic Citizenship\u00a0presents: Prof Peter Dinesen (Copenhagen University) When : 19 September, 2019 @ 2:00 \u2013 4:00 p.m. Where: LEA429, Pavillon Leacock, McGill This series is sponsored by the\u00a0Centre for the Study of Democratic Citizenship, which is funded [&hellip;]\" \/>\n<meta property=\"og:url\" content=\"https:\/\/csdc-cecd.ca\/en\/atelier-methodologique-p-dinesen\/\" \/>\n<meta property=\"og:site_name\" content=\"CECD - Centre pour l&#039;\u00e9tude de la citoyennet\u00e9 d\u00e9mocratique\" \/>\n<meta property=\"article:modified_time\" content=\"2025-07-11T13:19:25+00:00\" \/>\n<meta name=\"twitter:card\" content=\"summary_large_image\" \/>\n<script type=\"application\/ld+json\" class=\"yoast-schema-graph\">{\"@context\":\"https:\\\/\\\/schema.org\",\"@graph\":[{\"@type\":\"WebPage\",\"@id\":\"https:\\\/\\\/csdc-cecd.ca\\\/en\\\/atelier-methodologique-p-dinesen\\\/\",\"url\":\"https:\\\/\\\/csdc-cecd.ca\\\/en\\\/atelier-methodologique-p-dinesen\\\/\",\"name\":\"Atelier methodologique P Dinesen - CECD - Centre pour l&#039;\u00e9tude de la citoyennet\u00e9 d\u00e9mocratique\",\"isPartOf\":{\"@id\":\"https:\\\/\\\/csdc-cecd.ca\\\/#website\"},\"datePublished\":\"2025-07-11T13:08:28+00:00\",\"dateModified\":\"2025-07-11T13:19:25+00:00\",\"breadcrumb\":{\"@id\":\"https:\\\/\\\/csdc-cecd.ca\\\/en\\\/atelier-methodologique-p-dinesen\\\/#breadcrumb\"},\"inLanguage\":\"en-US\",\"potentialAction\":[{\"@type\":\"ReadAction\",\"target\":[\"https:\\\/\\\/csdc-cecd.ca\\\/en\\\/atelier-methodologique-p-dinesen\\\/\"]}]},{\"@type\":\"BreadcrumbList\",\"@id\":\"https:\\\/\\\/csdc-cecd.ca\\\/en\\\/atelier-methodologique-p-dinesen\\\/#breadcrumb\",\"itemListElement\":[{\"@type\":\"ListItem\",\"position\":1,\"name\":\"Accueil\",\"item\":\"https:\\\/\\\/csdc-cecd.ca\\\/en\\\/\"},{\"@type\":\"ListItem\",\"position\":2,\"name\":\"Atelier methodologique P Dinesen\"}]},{\"@type\":\"WebSite\",\"@id\":\"https:\\\/\\\/csdc-cecd.ca\\\/#website\",\"url\":\"https:\\\/\\\/csdc-cecd.ca\\\/\",\"name\":\"CECD - Centre pour l&#039;\u00e9tude de la citoyennet\u00e9 d\u00e9mocratique\",\"description\":\"\",\"potentialAction\":[{\"@type\":\"SearchAction\",\"target\":{\"@type\":\"EntryPoint\",\"urlTemplate\":\"https:\\\/\\\/csdc-cecd.ca\\\/?s={search_term_string}\"},\"query-input\":{\"@type\":\"PropertyValueSpecification\",\"valueRequired\":true,\"valueName\":\"search_term_string\"}}],\"inLanguage\":\"en-US\"}]}<\/script>\n<!-- \/ Yoast SEO plugin. -->","yoast_head_json":{"title":"Atelier methodologique P Dinesen - CECD - Centre pour l&#039;\u00e9tude de la citoyennet\u00e9 d\u00e9mocratique","robots":{"index":"index","follow":"follow","max-snippet":"max-snippet:-1","max-image-preview":"max-image-preview:large","max-video-preview":"max-video-preview:-1"},"canonical":"https:\/\/csdc-cecd.ca\/en\/atelier-methodologique-p-dinesen\/","og_locale":"en_US","og_type":"article","og_title":"Atelier methodologique P Dinesen - CECD - Centre pour l&#039;\u00e9tude de la citoyennet\u00e9 d\u00e9mocratique","og_description":"Method Workshop: Immigration and Public Opinion Research: Concepts, Context, and Current Trends The Centre for the Study of Democratic Citizenship\u00a0presents: Prof Peter Dinesen (Copenhagen University) When : 19 September, 2019 @ 2:00 \u2013 4:00 p.m. Where: LEA429, Pavillon Leacock, McGill This series is sponsored by the\u00a0Centre for the Study of Democratic Citizenship, which is funded [&hellip;]","og_url":"https:\/\/csdc-cecd.ca\/en\/atelier-methodologique-p-dinesen\/","og_site_name":"CECD - Centre pour l&#039;\u00e9tude de la citoyennet\u00e9 d\u00e9mocratique","article_modified_time":"2025-07-11T13:19:25+00:00","twitter_card":"summary_large_image","schema":{"@context":"https:\/\/schema.org","@graph":[{"@type":"WebPage","@id":"https:\/\/csdc-cecd.ca\/en\/atelier-methodologique-p-dinesen\/","url":"https:\/\/csdc-cecd.ca\/en\/atelier-methodologique-p-dinesen\/","name":"Atelier methodologique P Dinesen - CECD - Centre pour l&#039;\u00e9tude de la citoyennet\u00e9 d\u00e9mocratique","isPartOf":{"@id":"https:\/\/csdc-cecd.ca\/#website"},"datePublished":"2025-07-11T13:08:28+00:00","dateModified":"2025-07-11T13:19:25+00:00","breadcrumb":{"@id":"https:\/\/csdc-cecd.ca\/en\/atelier-methodologique-p-dinesen\/#breadcrumb"},"inLanguage":"en-US","potentialAction":[{"@type":"ReadAction","target":["https:\/\/csdc-cecd.ca\/en\/atelier-methodologique-p-dinesen\/"]}]},{"@type":"BreadcrumbList","@id":"https:\/\/csdc-cecd.ca\/en\/atelier-methodologique-p-dinesen\/#breadcrumb","itemListElement":[{"@type":"ListItem","position":1,"name":"Accueil","item":"https:\/\/csdc-cecd.ca\/en\/"},{"@type":"ListItem","position":2,"name":"Atelier methodologique P Dinesen"}]},{"@type":"WebSite","@id":"https:\/\/csdc-cecd.ca\/#website","url":"https:\/\/csdc-cecd.ca\/","name":"CECD - Centre pour l&#039;\u00e9tude de la citoyennet\u00e9 d\u00e9mocratique","description":"","potentialAction":[{"@type":"SearchAction","target":{"@type":"EntryPoint","urlTemplate":"https:\/\/csdc-cecd.ca\/?s={search_term_string}"},"query-input":{"@type":"PropertyValueSpecification","valueRequired":true,"valueName":"search_term_string"}}],"inLanguage":"en-US"}]}},"_links":{"self":[{"href":"https:\/\/csdc-cecd.ca\/en\/wp-json\/wp\/v2\/pages\/5549","targetHints":{"allow":["GET"]}}],"collection":[{"href":"https:\/\/csdc-cecd.ca\/en\/wp-json\/wp\/v2\/pages"}],"about":[{"href":"https:\/\/csdc-cecd.ca\/en\/wp-json\/wp\/v2\/types\/page"}],"author":[{"embeddable":true,"href":"https:\/\/csdc-cecd.ca\/en\/wp-json\/wp\/v2\/users\/1"}],"replies":[{"embeddable":true,"href":"https:\/\/csdc-cecd.ca\/en\/wp-json\/wp\/v2\/comments?post=5549"}],"version-history":[{"count":4,"href":"https:\/\/csdc-cecd.ca\/en\/wp-json\/wp\/v2\/pages\/5549\/revisions"}],"predecessor-version":[{"id":5559,"href":"https:\/\/csdc-cecd.ca\/en\/wp-json\/wp\/v2\/pages\/5549\/revisions\/5559"}],"wp:attachment":[{"href":"https:\/\/csdc-cecd.ca\/en\/wp-json\/wp\/v2\/media?parent=5549"}],"curies":[{"name":"wp","href":"https:\/\/api.w.org\/{rel}","templated":true}]}}