{"id":5595,"date":"2025-07-14T09:20:10","date_gmt":"2025-07-14T13:20:10","guid":{"rendered":"https:\/\/csdc-cecd.ca\/2025-cpa\/"},"modified":"2025-07-14T09:32:46","modified_gmt":"2025-07-14T13:32:46","slug":"2025-cpa","status":"publish","type":"page","link":"https:\/\/csdc-cecd.ca\/en\/2025-cpa\/","title":{"rendered":"2025 CPA"},"content":{"rendered":"<p>[et_pb_section fb_built=&#8221;1&#8243; _builder_version=&#8221;4.27.4&#8243; _module_preset=&#8221;default&#8221; global_colors_info=&#8221;{}&#8221;][et_pb_row _builder_version=&#8221;4.27.4&#8243; _module_preset=&#8221;default&#8221; global_colors_info=&#8221;{}&#8221;][et_pb_column type=&#8221;4_4&#8243; _builder_version=&#8221;4.27.4&#8243; _module_preset=&#8221;default&#8221; global_colors_info=&#8221;{}&#8221;][et_pb_text _builder_version=&#8221;4.27.4&#8243; _module_preset=&#8221;default&#8221; global_colors_info=&#8221;{}&#8221;]<\/p>\n<h2 style=\"text-align: left;\"><span>Symposium: Psychology and Public Affairs: Insights from Canadian Political Psychology Research<\/span><\/h2>\n<h2 style=\"text-align: left;\"><span>2025 Canadian Psychological Association Conference<\/span><\/h2>\n<p>[\/et_pb_text][\/et_pb_column][\/et_pb_row][et_pb_row _builder_version=&#8221;4.27.4&#8243; _module_preset=&#8221;default&#8221; global_colors_info=&#8221;{}&#8221;][et_pb_column type=&#8221;4_4&#8243; _builder_version=&#8221;4.27.4&#8243; _module_preset=&#8221;default&#8221; global_colors_info=&#8221;{}&#8221;][et_pb_text _builder_version=&#8221;4.27.4&#8243; _module_preset=&#8221;default&#8221; global_colors_info=&#8221;{}&#8221;]<\/p>\n<p><span>Le Centre pour l\u2019\u00c9tude de la citoyennet\u00e9 d\u00e9mocratique est fier d&#8217;appuyer,<\/span><\/p>\n<p><strong>Symposium Psychology and Public Affairs: Insights from Canadian Political Psychology Research<\/strong><\/p>\n<p>Quand : 14 juin 2025, 8h30 &#8211; 9h25<br \/>Ou : <span>St. John\u2019s Convention Centre, Terre-Neuve-et-Labrador \u2013 Level 3 \u2013 Pippy 1<\/span><\/p>\n<p style=\"font-weight: 400;\"><strong>Moderator<\/strong>: Colin Scott, Assistant Professor, Department of Political Science, Concordia University<\/p>\n<p style=\"font-weight: 400;\"><strong>Speakers<\/strong>:<\/p>\n<ul style=\"font-weight: 400;\">\n<li>Olivier Jacques, Assistant Professor, School of Public Health, Universit\u00e9 de Montr\u00e9al (\u201cAssessing Public Demand for Mental Health Insurance: The Role of Self-Interest and Ideology\u201d<\/li>\n<li>Scott Matthews, Professor, Department of Political Science, Memorial University of Newfoundland (\u201cRacial Attitudes and Party Evaluations in Canada, 1988 to 2021\u201d)<\/li>\n<li>Luke Mungall, PhD student, Department of Psychology, Dalhousie University (\u201cPersonality Traits and Voter Turnout in Canadian Federal Elections\u201d)<\/li>\n<\/ul>\n<p style=\"font-weight: 400;\">[\/et_pb_text][\/et_pb_column][\/et_pb_row][et_pb_row _builder_version=&#8221;4.27.4&#8243; _module_preset=&#8221;default&#8221; global_colors_info=&#8221;{}&#8221;][et_pb_column type=&#8221;4_4&#8243; _builder_version=&#8221;4.27.4&#8243; _module_preset=&#8221;default&#8221; global_colors_info=&#8221;{}&#8221;][et_pb_text _builder_version=&#8221;4.27.4&#8243; _module_preset=&#8221;default&#8221; hover_enabled=&#8221;0&#8243; global_colors_info=&#8221;{}&#8221; sticky_enabled=&#8221;0&#8243;]<\/p>\n<p><span>Le<\/span><span>\u00a0<\/span><span>Centre pour l\u00b9\u00e9tude de la Citoyennet\u00e9 d\u00e9mocratique<\/span><span> est<\/span><span>\u00a0financ\u00e9 par le\u00a0<\/span><a href=\"https:\/\/frq.gouv.qc.ca\/en\/?_gl=1*o5ed60*_up*MQ..&amp;gclid=Cj0KCQjwz7C2BhDkARIsAA_SZKZZF5jB-6FsIs95vigEAG-xhoJ5O0HSQFDdNdEUSTzR3BuQU4vBJr8aAi69EALw_wcB\" target=\"_blank\" rel=\"noopener noreferrer\">Fonds de recherche du Qu\u00e9bec \u2013 Soci\u00e9t\u00e9 et culture (FRQSC)<\/a><span>.<\/span><\/p>\n<p>[\/et_pb_text][\/et_pb_column][\/et_pb_row][\/et_pb_section]<\/p>\n","protected":false},"excerpt":{"rendered":"<p>Symposium: Psychology and Public Affairs: Insights from Canadian Political Psychology Research 2025 Canadian Psychological Association ConferenceLe Centre pour l\u2019\u00c9tude de la citoyennet\u00e9 d\u00e9mocratique est fier d&#8217;appuyer, Symposium Psychology and Public Affairs: Insights from Canadian Political Psychology Research Quand : 14 juin 2025, 8h30 &#8211; 9h25Ou : St. John\u2019s Convention Centre, Terre-Neuve-et-Labrador \u2013 Level 3 \u2013 [&hellip;]<\/p>\n","protected":false},"author":1,"featured_media":0,"parent":0,"menu_order":0,"comment_status":"closed","ping_status":"closed","template":"","meta":{"_et_pb_use_builder":"on","_et_pb_old_content":"","_et_gb_content_width":"","footnotes":""},"class_list":["post-5595","page","type-page","status-publish","hentry"],"yoast_head":"<!-- This site is optimized with the Yoast SEO plugin v27.4 - https:\/\/yoast.com\/product\/yoast-seo-wordpress\/ -->\n<title>2025 CPA - CECD - Centre pour l&#039;\u00e9tude de la citoyennet\u00e9 d\u00e9mocratique<\/title>\n<meta name=\"robots\" content=\"index, follow, max-snippet:-1, max-image-preview:large, max-video-preview:-1\" \/>\n<link rel=\"canonical\" href=\"https:\/\/csdc-cecd.ca\/en\/2025-cpa\/\" \/>\n<meta property=\"og:locale\" content=\"en_US\" \/>\n<meta property=\"og:type\" content=\"article\" \/>\n<meta property=\"og:title\" content=\"2025 CPA - CECD - Centre pour l&#039;\u00e9tude de la citoyennet\u00e9 d\u00e9mocratique\" \/>\n<meta property=\"og:description\" content=\"Symposium: Psychology and Public Affairs: Insights from Canadian Political Psychology Research 2025 Canadian Psychological Association ConferenceLe Centre pour l\u2019\u00c9tude de la citoyennet\u00e9 d\u00e9mocratique est fier d&#039;appuyer, Symposium Psychology and Public Affairs: Insights from Canadian Political Psychology Research Quand : 14 juin 2025, 8h30 - 9h25Ou : St. John\u2019s Convention Centre, Terre-Neuve-et-Labrador \u2013 Level 3 \u2013 [&hellip;]\" \/>\n<meta property=\"og:url\" content=\"https:\/\/csdc-cecd.ca\/en\/2025-cpa\/\" \/>\n<meta property=\"og:site_name\" content=\"CECD - Centre pour l&#039;\u00e9tude de la citoyennet\u00e9 d\u00e9mocratique\" \/>\n<meta property=\"article:modified_time\" content=\"2025-07-14T13:32:46+00:00\" \/>\n<meta name=\"twitter:card\" content=\"summary_large_image\" \/>\n<script type=\"application\/ld+json\" class=\"yoast-schema-graph\">{\"@context\":\"https:\\\/\\\/schema.org\",\"@graph\":[{\"@type\":\"WebPage\",\"@id\":\"https:\\\/\\\/csdc-cecd.ca\\\/en\\\/2025-cpa\\\/\",\"url\":\"https:\\\/\\\/csdc-cecd.ca\\\/en\\\/2025-cpa\\\/\",\"name\":\"2025 CPA - CECD - Centre pour l&#039;\u00e9tude de la citoyennet\u00e9 d\u00e9mocratique\",\"isPartOf\":{\"@id\":\"https:\\\/\\\/csdc-cecd.ca\\\/#website\"},\"datePublished\":\"2025-07-14T13:20:10+00:00\",\"dateModified\":\"2025-07-14T13:32:46+00:00\",\"breadcrumb\":{\"@id\":\"https:\\\/\\\/csdc-cecd.ca\\\/en\\\/2025-cpa\\\/#breadcrumb\"},\"inLanguage\":\"en-US\",\"potentialAction\":[{\"@type\":\"ReadAction\",\"target\":[\"https:\\\/\\\/csdc-cecd.ca\\\/en\\\/2025-cpa\\\/\"]}]},{\"@type\":\"BreadcrumbList\",\"@id\":\"https:\\\/\\\/csdc-cecd.ca\\\/en\\\/2025-cpa\\\/#breadcrumb\",\"itemListElement\":[{\"@type\":\"ListItem\",\"position\":1,\"name\":\"Accueil\",\"item\":\"https:\\\/\\\/csdc-cecd.ca\\\/en\\\/\"},{\"@type\":\"ListItem\",\"position\":2,\"name\":\"2025 CPA\"}]},{\"@type\":\"WebSite\",\"@id\":\"https:\\\/\\\/csdc-cecd.ca\\\/#website\",\"url\":\"https:\\\/\\\/csdc-cecd.ca\\\/\",\"name\":\"CECD - Centre pour l&#039;\u00e9tude de la citoyennet\u00e9 d\u00e9mocratique\",\"description\":\"\",\"potentialAction\":[{\"@type\":\"SearchAction\",\"target\":{\"@type\":\"EntryPoint\",\"urlTemplate\":\"https:\\\/\\\/csdc-cecd.ca\\\/?s={search_term_string}\"},\"query-input\":{\"@type\":\"PropertyValueSpecification\",\"valueRequired\":true,\"valueName\":\"search_term_string\"}}],\"inLanguage\":\"en-US\"}]}<\/script>\n<!-- \/ Yoast SEO plugin. -->","yoast_head_json":{"title":"2025 CPA - CECD - Centre pour l&#039;\u00e9tude de la citoyennet\u00e9 d\u00e9mocratique","robots":{"index":"index","follow":"follow","max-snippet":"max-snippet:-1","max-image-preview":"max-image-preview:large","max-video-preview":"max-video-preview:-1"},"canonical":"https:\/\/csdc-cecd.ca\/en\/2025-cpa\/","og_locale":"en_US","og_type":"article","og_title":"2025 CPA - CECD - Centre pour l&#039;\u00e9tude de la citoyennet\u00e9 d\u00e9mocratique","og_description":"Symposium: Psychology and Public Affairs: Insights from Canadian Political Psychology Research 2025 Canadian Psychological Association ConferenceLe Centre pour l\u2019\u00c9tude de la citoyennet\u00e9 d\u00e9mocratique est fier d'appuyer, Symposium Psychology and Public Affairs: Insights from Canadian Political Psychology Research Quand : 14 juin 2025, 8h30 - 9h25Ou : St. John\u2019s Convention Centre, Terre-Neuve-et-Labrador \u2013 Level 3 \u2013 [&hellip;]","og_url":"https:\/\/csdc-cecd.ca\/en\/2025-cpa\/","og_site_name":"CECD - Centre pour l&#039;\u00e9tude de la citoyennet\u00e9 d\u00e9mocratique","article_modified_time":"2025-07-14T13:32:46+00:00","twitter_card":"summary_large_image","schema":{"@context":"https:\/\/schema.org","@graph":[{"@type":"WebPage","@id":"https:\/\/csdc-cecd.ca\/en\/2025-cpa\/","url":"https:\/\/csdc-cecd.ca\/en\/2025-cpa\/","name":"2025 CPA - CECD - Centre pour l&#039;\u00e9tude de la citoyennet\u00e9 d\u00e9mocratique","isPartOf":{"@id":"https:\/\/csdc-cecd.ca\/#website"},"datePublished":"2025-07-14T13:20:10+00:00","dateModified":"2025-07-14T13:32:46+00:00","breadcrumb":{"@id":"https:\/\/csdc-cecd.ca\/en\/2025-cpa\/#breadcrumb"},"inLanguage":"en-US","potentialAction":[{"@type":"ReadAction","target":["https:\/\/csdc-cecd.ca\/en\/2025-cpa\/"]}]},{"@type":"BreadcrumbList","@id":"https:\/\/csdc-cecd.ca\/en\/2025-cpa\/#breadcrumb","itemListElement":[{"@type":"ListItem","position":1,"name":"Accueil","item":"https:\/\/csdc-cecd.ca\/en\/"},{"@type":"ListItem","position":2,"name":"2025 CPA"}]},{"@type":"WebSite","@id":"https:\/\/csdc-cecd.ca\/#website","url":"https:\/\/csdc-cecd.ca\/","name":"CECD - Centre pour l&#039;\u00e9tude de la citoyennet\u00e9 d\u00e9mocratique","description":"","potentialAction":[{"@type":"SearchAction","target":{"@type":"EntryPoint","urlTemplate":"https:\/\/csdc-cecd.ca\/?s={search_term_string}"},"query-input":{"@type":"PropertyValueSpecification","valueRequired":true,"valueName":"search_term_string"}}],"inLanguage":"en-US"}]}},"_links":{"self":[{"href":"https:\/\/csdc-cecd.ca\/en\/wp-json\/wp\/v2\/pages\/5595","targetHints":{"allow":["GET"]}}],"collection":[{"href":"https:\/\/csdc-cecd.ca\/en\/wp-json\/wp\/v2\/pages"}],"about":[{"href":"https:\/\/csdc-cecd.ca\/en\/wp-json\/wp\/v2\/types\/page"}],"author":[{"embeddable":true,"href":"https:\/\/csdc-cecd.ca\/en\/wp-json\/wp\/v2\/users\/1"}],"replies":[{"embeddable":true,"href":"https:\/\/csdc-cecd.ca\/en\/wp-json\/wp\/v2\/comments?post=5595"}],"version-history":[{"count":2,"href":"https:\/\/csdc-cecd.ca\/en\/wp-json\/wp\/v2\/pages\/5595\/revisions"}],"predecessor-version":[{"id":5597,"href":"https:\/\/csdc-cecd.ca\/en\/wp-json\/wp\/v2\/pages\/5595\/revisions\/5597"}],"wp:attachment":[{"href":"https:\/\/csdc-cecd.ca\/en\/wp-json\/wp\/v2\/media?parent=5595"}],"curies":[{"name":"wp","href":"https:\/\/api.w.org\/{rel}","templated":true}]}}