{"id":5753,"date":"2025-08-26T08:20:16","date_gmt":"2025-08-26T12:20:16","guid":{"rendered":"https:\/\/csdc-cecd.ca\/?page_id=5753"},"modified":"2025-08-26T10:26:36","modified_gmt":"2025-08-26T14:26:36","slug":"priorite-a-la-sante-o-jacques","status":"publish","type":"page","link":"https:\/\/csdc-cecd.ca\/en\/priorite-a-la-sante-o-jacques\/","title":{"rendered":"Priorit\u00e9 \u00e0 la sant\u00e9 &#8211; O. Jacques"},"content":{"rendered":"<p>[et_pb_section fb_built=&#8221;1&#8243; _builder_version=&#8221;4.27.4&#8243; _module_preset=&#8221;default&#8221; global_colors_info=&#8221;{}&#8221;][et_pb_row _builder_version=&#8221;4.27.4&#8243; _module_preset=&#8221;default&#8221;][et_pb_column _builder_version=&#8221;4.27.4&#8243; _module_preset=&#8221;default&#8221; type=&#8221;4_4&#8243;][et_pb_image src=&#8221;https:\/\/csdc-cecd.ca\/wp-content\/uploads\/2025\/08\/OLIVIER-JACQUES-LES-RDV-DE-SCIENCE-POLITIQUE-site-web.jpg&#8221; _builder_version=&#8221;4.27.4&#8243; _module_preset=&#8221;default&#8221; title_text=&#8221;Affiches workshop 2024 (2048 x 666 px) &#8211; OLIVIER JACQUES &#8211; LES RDV DE SCIENCE POLITIQUE&#8221; hover_enabled=&#8221;0&#8243; sticky_enabled=&#8221;0&#8243;][\/et_pb_image][\/et_pb_column][\/et_pb_row][et_pb_row _builder_version=&#8221;4.27.4&#8243; _module_preset=&#8221;default&#8221; global_colors_info=&#8221;{}&#8221;][et_pb_column type=&#8221;4_4&#8243; _builder_version=&#8221;4.27.4&#8243; _module_preset=&#8221;default&#8221; global_colors_info=&#8221;{}&#8221;][et_pb_text _builder_version=&#8221;4.27.4&#8243; _module_preset=&#8221;default&#8221; global_colors_info=&#8221;{}&#8221;]<\/p>\n<p class=\"p1\"><span><a class=\"XqQF9c rXJpyf\" href=\"https:\/\/www.google.com\/url?q=https%3A%2F%2Fwww.democratie.chaire.ulaval.ca%2Findex.php%3Fpid%3D933&amp;sa=D&amp;sntz=1&amp;usg=AOvVaw1cXCSBehoEVEx_8ah1iyk7\" target=\"_blank\" rel=\"noopener\">The <\/a><span class=\" aw5Odc\"><a class=\"XqQF9c\" href=\"https:\/\/www.google.com\/url?q=https%3A%2F%2Fwww.democratie.chaire.ulaval.ca%2Findex.php%3Fpid%3D933&amp;sa=D&amp;sntz=1&amp;usg=AOvVaw1cXCSBehoEVEx_8ah1iyk7\" target=\"_blank\" rel=\"noopener\">Chaire de recherche sur la d\u00e9mocratie et les institutions parlementaires<\/a><\/span> with support of the Centre for the Study of Democratic Citizenship presents :<\/span><\/p>\n<p class=\"p1\">Priorit\u00e9 \u00e0 la sant\u00e9 : Les pr\u00e9f\u00e9rences des Qu\u00e9b\u00e9cois en perspective compar\u00e9e.<br \/>Olivier Jacques (U. de Montr\u00e9al)<\/p>\n<p class=\"p1\">When: October 2, 2025, 12 &#8211; 1:15 pm.<br \/>Where: U. Laval, <span>Pavillon Charles-De Koninck, room DKN 3244, 1030 Av. des Sciences Humaines, Qu\u00e9bec, QC G1V 0A6<\/span><\/p>\n<p class=\"p1\">Cette pr\u00e9sentation vise \u00e0 d\u00e9voiler les pr\u00e9f\u00e9rences des Qu\u00e9b\u00e9cois en ce qui a trait aux compromis en mati\u00e8re de politiques publiques inh\u00e9rents \u00e0 la hausse des d\u00e9penses de sant\u00e9. Il se base sur des sondages exp\u00e9rimentaux e]ectu\u00e9s dans 4 pays permettant d\u2019\u00e9valuer l\u2019appui \u00e0 di]\u00e9rentes r\u00e9formes du r\u00e9seau de la sant\u00e9, ainsi que la volont\u00e9 de payer des citoyens pour une hausse des d\u00e9penses de sant\u00e9, soit par l\u2019imp\u00f4t, soit par une r\u00e9duction des autres d\u00e9penses publiques. Nos r\u00e9sultats indiquent que les r\u00e9pondants ont tendance \u00e0 prioriser les d\u00e9penses en sant\u00e9 au d\u00e9triment d\u2019autres politiques publiques et que les Qu\u00e9b\u00e9cois sont tr\u00e8s insatisfaits du syst\u00e8me de sant\u00e9. Nos analyses r\u00e9v\u00e8lent en outre qu\u2019il existe un lien clair entre la vuln\u00e9rabilit\u00e9 \u00e0 la maladie et les attitudes \u00e0 l\u2019\u00e9gard du financement du syst\u00e8me de sant\u00e9. Les personnes \u00e2g\u00e9es, les femmes et les individus en moins bonne sant\u00e9 priorisent davantage les politiques de sant\u00e9 que les autres r\u00e9pondants, tout particuli\u00e8rement les soins curatifs qui leur seraient b\u00e9n\u00e9fiques imm\u00e9diatement, au d\u00e9triment des soins pr\u00e9ventifs. Cette demande \u00e9lev\u00e9e ne se traduit pas n\u00e9cessairement par une volont\u00e9 de payer davantage d\u2019imp\u00f4ts pour soutenir ces nouvelles d\u00e9penses publiques. Au contraire, ces groupes de citoyens sont les moins susceptibles de vouloir payer davantage d\u2019imp\u00f4ts pour financer des d\u00e9penses de sant\u00e9 additionnelles. Contrairement aux r\u00e9sultats de plusieurs \u00e9tudes men\u00e9es pr\u00e9c\u00e9demment, nos analyses montrent qu\u2019il existe un conflit id\u00e9ologique marqu\u00e9 en ce qui concerne les politiques de sant\u00e9. Les individus qui se positionnent \u00e0 gauche de l\u2019\u00e9chiquier politique souhaitent maintenir le caract\u00e8re public du syst\u00e8me, limiter les frais aux usagers et r\u00e9duire les in\u00e9galit\u00e9s reli\u00e9es \u00e0 la sant\u00e9. Ils acceptent aussi de payer davantage d\u2019imp\u00f4ts pour atteindre ces objectifs. Les individus qui se positionnent \u00e0 droite pr\u00e9f\u00e8rent le contraire. Nous ne trouvons pas de clivage reli\u00e9 au revenu ou \u00e0 l\u2019\u00e9ducation concernant les politiques de sant\u00e9; la sant\u00e9 est bel et bien une politique publique appuy\u00e9e par l\u2019ensemble des classes sociales.<\/p>\n<p class=\"p1\"><span>The Centre for the Study of Democratic Citizenship, which is funded by the\u00a0<\/span><a href=\"https:\/\/frq.gouv.qc.ca\/en\/?_gl=1*o5ed60*_up*MQ..&amp;gclid=Cj0KCQjwz7C2BhDkARIsAA_SZKZZF5jB-6FsIs95vigEAG-xhoJ5O0HSQFDdNdEUSTzR3BuQU4vBJr8aAi69EALw_wcB\">Fonds de recherche du Qu\u00e9bec \u2013 Soci\u00e9t\u00e9 et culture (FRQSC)<\/a><span>.<\/span><\/p>\n<p>[\/et_pb_text][\/et_pb_column][\/et_pb_row][\/et_pb_section]<\/p>\n","protected":false},"excerpt":{"rendered":"<p>The Chaire de recherche sur la d\u00e9mocratie et les institutions parlementaires with support of the Centre for the Study of Democratic Citizenship presents : Priorit\u00e9 \u00e0 la sant\u00e9 : Les pr\u00e9f\u00e9rences des Qu\u00e9b\u00e9cois en perspective compar\u00e9e.Olivier Jacques (U. de Montr\u00e9al) When: October 2, 2025, 12 &#8211; 1:15 pm.Where: U. Laval, Pavillon Charles-De Koninck, room DKN [&hellip;]<\/p>\n","protected":false},"author":1,"featured_media":0,"parent":0,"menu_order":0,"comment_status":"closed","ping_status":"closed","template":"","meta":{"_et_pb_use_builder":"on","_et_pb_old_content":"","_et_gb_content_width":"","footnotes":""},"class_list":["post-5753","page","type-page","status-publish","hentry"],"yoast_head":"<!-- This site is optimized with the Yoast SEO plugin v27.5 - https:\/\/yoast.com\/product\/yoast-seo-wordpress\/ -->\n<title>Priorit\u00e9 \u00e0 la sant\u00e9 - O. Jacques - CECD - Centre pour l&#039;\u00e9tude de la citoyennet\u00e9 d\u00e9mocratique<\/title>\n<meta name=\"robots\" content=\"index, follow, max-snippet:-1, max-image-preview:large, max-video-preview:-1\" \/>\n<link rel=\"canonical\" href=\"https:\/\/csdc-cecd.ca\/priorite-a-la-sante-o-jacques\/\" \/>\n<meta property=\"og:locale\" content=\"en_US\" \/>\n<meta property=\"og:type\" content=\"article\" \/>\n<meta property=\"og:title\" content=\"Priorit\u00e9 \u00e0 la sant\u00e9 - O. Jacques - CECD - Centre pour l&#039;\u00e9tude de la citoyennet\u00e9 d\u00e9mocratique\" \/>\n<meta property=\"og:description\" content=\"The Chaire de recherche sur la d\u00e9mocratie et les institutions parlementaires with support of the Centre for the Study of Democratic Citizenship presents : Priorit\u00e9 \u00e0 la sant\u00e9 : Les pr\u00e9f\u00e9rences des Qu\u00e9b\u00e9cois en perspective compar\u00e9e.Olivier Jacques (U. de Montr\u00e9al) When: October 2, 2025, 12 - 1:15 pm.Where: U. Laval, Pavillon Charles-De Koninck, room DKN [&hellip;]\" \/>\n<meta property=\"og:url\" content=\"https:\/\/csdc-cecd.ca\/priorite-a-la-sante-o-jacques\/\" \/>\n<meta property=\"og:site_name\" content=\"CECD - Centre pour l&#039;\u00e9tude de la citoyennet\u00e9 d\u00e9mocratique\" \/>\n<meta property=\"article:modified_time\" content=\"2025-08-26T14:26:36+00:00\" \/>\n<meta name=\"twitter:card\" content=\"summary_large_image\" \/>\n<script type=\"application\/ld+json\" class=\"yoast-schema-graph\">{\"@context\":\"https:\\\/\\\/schema.org\",\"@graph\":[{\"@type\":\"WebPage\",\"@id\":\"https:\\\/\\\/csdc-cecd.ca\\\/priorite-a-la-sante-o-jacques\\\/\",\"url\":\"https:\\\/\\\/csdc-cecd.ca\\\/priorite-a-la-sante-o-jacques\\\/\",\"name\":\"Priorit\u00e9 \u00e0 la sant\u00e9 - O. Jacques - CECD - Centre pour l&#039;\u00e9tude de la citoyennet\u00e9 d\u00e9mocratique\",\"isPartOf\":{\"@id\":\"https:\\\/\\\/csdc-cecd.ca\\\/#website\"},\"datePublished\":\"2025-08-26T12:20:16+00:00\",\"dateModified\":\"2025-08-26T14:26:36+00:00\",\"breadcrumb\":{\"@id\":\"https:\\\/\\\/csdc-cecd.ca\\\/priorite-a-la-sante-o-jacques\\\/#breadcrumb\"},\"inLanguage\":\"en-US\",\"potentialAction\":[{\"@type\":\"ReadAction\",\"target\":[\"https:\\\/\\\/csdc-cecd.ca\\\/priorite-a-la-sante-o-jacques\\\/\"]}]},{\"@type\":\"BreadcrumbList\",\"@id\":\"https:\\\/\\\/csdc-cecd.ca\\\/priorite-a-la-sante-o-jacques\\\/#breadcrumb\",\"itemListElement\":[{\"@type\":\"ListItem\",\"position\":1,\"name\":\"Accueil\",\"item\":\"https:\\\/\\\/csdc-cecd.ca\\\/en\\\/\"},{\"@type\":\"ListItem\",\"position\":2,\"name\":\"Priorit\u00e9 \u00e0 la sant\u00e9 &#8211; O. Jacques\"}]},{\"@type\":\"WebSite\",\"@id\":\"https:\\\/\\\/csdc-cecd.ca\\\/#website\",\"url\":\"https:\\\/\\\/csdc-cecd.ca\\\/\",\"name\":\"CECD - Centre pour l&#039;\u00e9tude de la citoyennet\u00e9 d\u00e9mocratique\",\"description\":\"\",\"potentialAction\":[{\"@type\":\"SearchAction\",\"target\":{\"@type\":\"EntryPoint\",\"urlTemplate\":\"https:\\\/\\\/csdc-cecd.ca\\\/?s={search_term_string}\"},\"query-input\":{\"@type\":\"PropertyValueSpecification\",\"valueRequired\":true,\"valueName\":\"search_term_string\"}}],\"inLanguage\":\"en-US\"}]}<\/script>\n<!-- \/ Yoast SEO plugin. -->","yoast_head_json":{"title":"Priorit\u00e9 \u00e0 la sant\u00e9 - O. Jacques - CECD - Centre pour l&#039;\u00e9tude de la citoyennet\u00e9 d\u00e9mocratique","robots":{"index":"index","follow":"follow","max-snippet":"max-snippet:-1","max-image-preview":"max-image-preview:large","max-video-preview":"max-video-preview:-1"},"canonical":"https:\/\/csdc-cecd.ca\/priorite-a-la-sante-o-jacques\/","og_locale":"en_US","og_type":"article","og_title":"Priorit\u00e9 \u00e0 la sant\u00e9 - O. Jacques - CECD - Centre pour l&#039;\u00e9tude de la citoyennet\u00e9 d\u00e9mocratique","og_description":"The Chaire de recherche sur la d\u00e9mocratie et les institutions parlementaires with support of the Centre for the Study of Democratic Citizenship presents : Priorit\u00e9 \u00e0 la sant\u00e9 : Les pr\u00e9f\u00e9rences des Qu\u00e9b\u00e9cois en perspective compar\u00e9e.Olivier Jacques (U. de Montr\u00e9al) When: October 2, 2025, 12 - 1:15 pm.Where: U. Laval, Pavillon Charles-De Koninck, room DKN [&hellip;]","og_url":"https:\/\/csdc-cecd.ca\/priorite-a-la-sante-o-jacques\/","og_site_name":"CECD - Centre pour l&#039;\u00e9tude de la citoyennet\u00e9 d\u00e9mocratique","article_modified_time":"2025-08-26T14:26:36+00:00","twitter_card":"summary_large_image","schema":{"@context":"https:\/\/schema.org","@graph":[{"@type":"WebPage","@id":"https:\/\/csdc-cecd.ca\/priorite-a-la-sante-o-jacques\/","url":"https:\/\/csdc-cecd.ca\/priorite-a-la-sante-o-jacques\/","name":"Priorit\u00e9 \u00e0 la sant\u00e9 - O. Jacques - CECD - Centre pour l&#039;\u00e9tude de la citoyennet\u00e9 d\u00e9mocratique","isPartOf":{"@id":"https:\/\/csdc-cecd.ca\/#website"},"datePublished":"2025-08-26T12:20:16+00:00","dateModified":"2025-08-26T14:26:36+00:00","breadcrumb":{"@id":"https:\/\/csdc-cecd.ca\/priorite-a-la-sante-o-jacques\/#breadcrumb"},"inLanguage":"en-US","potentialAction":[{"@type":"ReadAction","target":["https:\/\/csdc-cecd.ca\/priorite-a-la-sante-o-jacques\/"]}]},{"@type":"BreadcrumbList","@id":"https:\/\/csdc-cecd.ca\/priorite-a-la-sante-o-jacques\/#breadcrumb","itemListElement":[{"@type":"ListItem","position":1,"name":"Accueil","item":"https:\/\/csdc-cecd.ca\/en\/"},{"@type":"ListItem","position":2,"name":"Priorit\u00e9 \u00e0 la sant\u00e9 &#8211; O. Jacques"}]},{"@type":"WebSite","@id":"https:\/\/csdc-cecd.ca\/#website","url":"https:\/\/csdc-cecd.ca\/","name":"CECD - Centre pour l&#039;\u00e9tude de la citoyennet\u00e9 d\u00e9mocratique","description":"","potentialAction":[{"@type":"SearchAction","target":{"@type":"EntryPoint","urlTemplate":"https:\/\/csdc-cecd.ca\/?s={search_term_string}"},"query-input":{"@type":"PropertyValueSpecification","valueRequired":true,"valueName":"search_term_string"}}],"inLanguage":"en-US"}]}},"_links":{"self":[{"href":"https:\/\/csdc-cecd.ca\/en\/wp-json\/wp\/v2\/pages\/5753","targetHints":{"allow":["GET"]}}],"collection":[{"href":"https:\/\/csdc-cecd.ca\/en\/wp-json\/wp\/v2\/pages"}],"about":[{"href":"https:\/\/csdc-cecd.ca\/en\/wp-json\/wp\/v2\/types\/page"}],"author":[{"embeddable":true,"href":"https:\/\/csdc-cecd.ca\/en\/wp-json\/wp\/v2\/users\/1"}],"replies":[{"embeddable":true,"href":"https:\/\/csdc-cecd.ca\/en\/wp-json\/wp\/v2\/comments?post=5753"}],"version-history":[{"count":8,"href":"https:\/\/csdc-cecd.ca\/en\/wp-json\/wp\/v2\/pages\/5753\/revisions"}],"predecessor-version":[{"id":5791,"href":"https:\/\/csdc-cecd.ca\/en\/wp-json\/wp\/v2\/pages\/5753\/revisions\/5791"}],"wp:attachment":[{"href":"https:\/\/csdc-cecd.ca\/en\/wp-json\/wp\/v2\/media?parent=5753"}],"curies":[{"name":"wp","href":"https:\/\/api.w.org\/{rel}","templated":true}]}}