{"id":5838,"date":"2025-09-16T08:21:55","date_gmt":"2025-09-16T12:21:55","guid":{"rendered":"https:\/\/csdc-cecd.ca\/atelier-methodologie-r-okamoto-2025\/"},"modified":"2025-09-16T09:30:25","modified_gmt":"2025-09-16T13:30:25","slug":"atelier-methodologie-r-okamoto-2025","status":"publish","type":"page","link":"https:\/\/csdc-cecd.ca\/en\/atelier-methodologie-r-okamoto-2025\/","title":{"rendered":"Atelier m\u00e9thodologie &#8211; R. Okamoto 2025"},"content":{"rendered":"<p>[et_pb_section fb_built=&#8221;1&#8243; _builder_version=&#8221;4.27.4&#8243; _module_preset=&#8221;default&#8221; global_colors_info=&#8221;{}&#8221;][et_pb_row _builder_version=&#8221;4.27.4&#8243; _module_preset=&#8221;default&#8221; global_colors_info=&#8221;{}&#8221;][et_pb_column type=&#8221;4_4&#8243; _builder_version=&#8221;4.27.4&#8243; _module_preset=&#8221;default&#8221; global_colors_info=&#8221;{}&#8221;][et_pb_image src=&#8221;https:\/\/csdc-cecd.ca\/wp-content\/uploads\/2025\/09\/Atelier-methodologique-Reiko-Okamoto-rev.png&#8221; title_text=&#8221;Atelier me\u0301thodologique &#8211; Reiko Okamoto rev.&#8221; _builder_version=&#8221;4.27.4&#8243; _module_preset=&#8221;default&#8221; hover_enabled=&#8221;0&#8243; global_colors_info=&#8221;{}&#8221; sticky_enabled=&#8221;0&#8243;][\/et_pb_image][\/et_pb_column][\/et_pb_row][et_pb_row _builder_version=&#8221;4.27.4&#8243; _module_preset=&#8221;default&#8221; global_colors_info=&#8221;{}&#8221;][et_pb_column type=&#8221;4_4&#8243; _builder_version=&#8221;4.27.4&#8243; _module_preset=&#8221;default&#8221; global_colors_info=&#8221;{}&#8221;][et_pb_text _builder_version=&#8221;4.27.4&#8243; _module_preset=&#8221;default&#8221;]<\/p>\n<p>The Centre for the Study of Democratic Citizenship<span>\u00a0presents:<\/span><\/p>\n<p><strong>Methodology Workshop \u2013<span>Introduction to R and the tidyverse<br \/><\/span><\/strong>Reiko Okamoto (Institut de recherche Bruy\u00e8re)<\/p>\n<p>When: Wednesday September 24 s2025, 8:30-11:30 a.m.<br \/>Where: Universit\u00e9 de Montr\u00e9al, (room to be confirmed), 3150 rue Jean Brillant, Montr\u00e9al, Qu\u00e9bec<\/p>\n<p>Registration required, write to<a href=\"mailto:vincent.arel-bundock@umontreal.ca\" title=\"mailto:vincent.arel-bundock@umontreal.ca\"><span>\u00a0<\/span>vincent.arel-bundock@umontreal.ca<\/a><span>.<\/span><\/p>\n<p>Are you looking to boost your data manipulation and visualization skills in R? Join us for a hands-on introduction to dplyr and ggplot2, two of the most powerful and popular packages in the tidyverse. Whether you\u2019re new to R or looking to deepen your understanding, this session led by Reiko Okamoto will guide you through the essentials of data wrangling and data visualization. You\u2019ll learn how to effortlessly filter, select, mutate, and summarize your data with dplyr, and then bring your data to life with stunning visualizations using ggplot2. By the end of this talk, you\u2019ll be equipped with versatile skills that extend beyond R, making your data analysis and presentation more efficient, transparent, and impactful. Don\u2019t miss this opportunity to enhance your data science toolkit!<\/p>\n<div class=\"et_pb_module et_pb_text et_pb_text_1  et_pb_text_align_left et_pb_bg_layout_light\">\n<div class=\"et_pb_text_inner\">\n<div class=\"et_pb_module et_pb_text et_pb_text_1  et_pb_text_align_left et_pb_bg_layout_light\">\n<div class=\"et_pb_text_inner\">\n<p><a href=\"https:\/\/reikookamoto.github.io\/\">Reiko Okamoto<span>\u00a0<\/span><\/a>is a creative and curious implementer with a strong passion for reproducible research and data analysis. Currently serving as a Methodologist at the Bruy\u00e8re Research Institute in Ottawa, Reiko brings extensive experience in data science, having previously worked as a Data Scientist at the National Research Council Canada and as a Senior Data Analyst at the Ministry of Health in Victoria, BC. Reiko holds a Master of Data Science and a Bachelor of Science in Microbiology and Immunology, both from The University of British Columbia. Their professional journey is marked by a dedication to improving workflows, whether through developing R packages that ensure consistent visualization according to organizational style guides or automating the creation of complex reports.<\/p>\n<\/div>\n<\/div>\n<div class=\"et_pb_module et_pb_text et_pb_text_2  et_pb_text_align_left et_pb_bg_layout_light\">\n<div class=\"et_pb_text_inner\">\n<p>See all the other methodology workshops<span>\u00a0<\/span><a href=\"https:\/\/csdc-cecd.ca\/en\/ateliers-methodologiques-de-montreal\/\" target=\"_blank\" rel=\"noopener noreferrer\">here<\/a>.<\/p>\n<p>This series is sponsored by the\u00a0Centre for the Study of Democratic Citizenship, which is funded by the<span>\u00a0<\/span><a href=\"https:\/\/frq.gouv.qc.ca\/societe-et-culture\/?_gl=1*2hx8i9*_up*MQ..&amp;gclid=CjwKCAjw8rW2BhAgEiwAoRO5rLFcVqh4eqvH4BFjcAOLimLDAGOrP52xh6QE6R1B-28SNQZdkOjFHRoCRPcQAvD_BwE\">Fonds de recherche du Qu\u00e9bec \u2013 Soci\u00e9t\u00e9 et culture (FRQSC)<\/a>.<\/p>\n<\/div>\n<\/div>\n<\/div>\n<\/div>\n<p>[\/et_pb_text][\/et_pb_column][\/et_pb_row][\/et_pb_section]<\/p>\n","protected":false},"excerpt":{"rendered":"<p>The Centre for the Study of Democratic Citizenship\u00a0presents: Methodology Workshop \u2013Introduction to R and the tidyverseReiko Okamoto (Institut de recherche Bruy\u00e8re) When: Wednesday September 24 s2025, 8:30-11:30 a.m.Where: Universit\u00e9 de Montr\u00e9al, (room to be confirmed), 3150 rue Jean Brillant, Montr\u00e9al, Qu\u00e9bec Registration required, write to\u00a0vincent.arel-bundock@umontreal.ca. Are you looking to boost your data manipulation and visualization [&hellip;]<\/p>\n","protected":false},"author":1,"featured_media":0,"parent":0,"menu_order":0,"comment_status":"closed","ping_status":"closed","template":"","meta":{"_et_pb_use_builder":"on","_et_pb_old_content":"","_et_gb_content_width":"","footnotes":""},"class_list":["post-5838","page","type-page","status-publish","hentry"],"yoast_head":"<!-- This site is optimized with the Yoast SEO plugin v27.4 - https:\/\/yoast.com\/product\/yoast-seo-wordpress\/ -->\n<title>Atelier m\u00e9thodologie - R. Okamoto 2025 - CECD - Centre pour l&#039;\u00e9tude de la citoyennet\u00e9 d\u00e9mocratique<\/title>\n<meta name=\"robots\" content=\"index, follow, max-snippet:-1, max-image-preview:large, max-video-preview:-1\" \/>\n<link rel=\"canonical\" href=\"https:\/\/csdc-cecd.ca\/atelier-methodologie-r-okamoto-2025\/\" \/>\n<meta property=\"og:locale\" content=\"en_US\" \/>\n<meta property=\"og:type\" content=\"article\" \/>\n<meta property=\"og:title\" content=\"Atelier m\u00e9thodologie - R. Okamoto 2025 - CECD - Centre pour l&#039;\u00e9tude de la citoyennet\u00e9 d\u00e9mocratique\" \/>\n<meta property=\"og:description\" content=\"The Centre for the Study of Democratic Citizenship\u00a0presents: Methodology Workshop \u2013Introduction to R and the tidyverseReiko Okamoto (Institut de recherche Bruy\u00e8re) When: Wednesday September 24 s2025, 8:30-11:30 a.m.Where: Universit\u00e9 de Montr\u00e9al, (room to be confirmed), 3150 rue Jean Brillant, Montr\u00e9al, Qu\u00e9bec Registration required, write to\u00a0vincent.arel-bundock@umontreal.ca. Are you looking to boost your data manipulation and visualization [&hellip;]\" \/>\n<meta property=\"og:url\" content=\"https:\/\/csdc-cecd.ca\/atelier-methodologie-r-okamoto-2025\/\" \/>\n<meta property=\"og:site_name\" content=\"CECD - Centre pour l&#039;\u00e9tude de la citoyennet\u00e9 d\u00e9mocratique\" \/>\n<meta property=\"article:modified_time\" content=\"2025-09-16T13:30:25+00:00\" \/>\n<meta name=\"twitter:card\" content=\"summary_large_image\" \/>\n<meta name=\"twitter:label1\" content=\"Est. reading time\" \/>\n\t<meta name=\"twitter:data1\" content=\"2 minutes\" \/>\n<script type=\"application\/ld+json\" class=\"yoast-schema-graph\">{\"@context\":\"https:\\\/\\\/schema.org\",\"@graph\":[{\"@type\":\"WebPage\",\"@id\":\"https:\\\/\\\/csdc-cecd.ca\\\/atelier-methodologie-r-okamoto-2025\\\/\",\"url\":\"https:\\\/\\\/csdc-cecd.ca\\\/atelier-methodologie-r-okamoto-2025\\\/\",\"name\":\"Atelier m\u00e9thodologie - R. Okamoto 2025 - CECD - Centre pour l&#039;\u00e9tude de la citoyennet\u00e9 d\u00e9mocratique\",\"isPartOf\":{\"@id\":\"https:\\\/\\\/csdc-cecd.ca\\\/#website\"},\"datePublished\":\"2025-09-16T12:21:55+00:00\",\"dateModified\":\"2025-09-16T13:30:25+00:00\",\"breadcrumb\":{\"@id\":\"https:\\\/\\\/csdc-cecd.ca\\\/atelier-methodologie-r-okamoto-2025\\\/#breadcrumb\"},\"inLanguage\":\"en-US\",\"potentialAction\":[{\"@type\":\"ReadAction\",\"target\":[\"https:\\\/\\\/csdc-cecd.ca\\\/atelier-methodologie-r-okamoto-2025\\\/\"]}]},{\"@type\":\"BreadcrumbList\",\"@id\":\"https:\\\/\\\/csdc-cecd.ca\\\/atelier-methodologie-r-okamoto-2025\\\/#breadcrumb\",\"itemListElement\":[{\"@type\":\"ListItem\",\"position\":1,\"name\":\"Accueil\",\"item\":\"https:\\\/\\\/csdc-cecd.ca\\\/en\\\/\"},{\"@type\":\"ListItem\",\"position\":2,\"name\":\"Atelier m\u00e9thodologie &#8211; R. Okamoto 2025\"}]},{\"@type\":\"WebSite\",\"@id\":\"https:\\\/\\\/csdc-cecd.ca\\\/#website\",\"url\":\"https:\\\/\\\/csdc-cecd.ca\\\/\",\"name\":\"CECD - Centre pour l&#039;\u00e9tude de la citoyennet\u00e9 d\u00e9mocratique\",\"description\":\"\",\"potentialAction\":[{\"@type\":\"SearchAction\",\"target\":{\"@type\":\"EntryPoint\",\"urlTemplate\":\"https:\\\/\\\/csdc-cecd.ca\\\/?s={search_term_string}\"},\"query-input\":{\"@type\":\"PropertyValueSpecification\",\"valueRequired\":true,\"valueName\":\"search_term_string\"}}],\"inLanguage\":\"en-US\"}]}<\/script>\n<!-- \/ Yoast SEO plugin. -->","yoast_head_json":{"title":"Atelier m\u00e9thodologie - R. Okamoto 2025 - CECD - Centre pour l&#039;\u00e9tude de la citoyennet\u00e9 d\u00e9mocratique","robots":{"index":"index","follow":"follow","max-snippet":"max-snippet:-1","max-image-preview":"max-image-preview:large","max-video-preview":"max-video-preview:-1"},"canonical":"https:\/\/csdc-cecd.ca\/atelier-methodologie-r-okamoto-2025\/","og_locale":"en_US","og_type":"article","og_title":"Atelier m\u00e9thodologie - R. Okamoto 2025 - CECD - Centre pour l&#039;\u00e9tude de la citoyennet\u00e9 d\u00e9mocratique","og_description":"The Centre for the Study of Democratic Citizenship\u00a0presents: Methodology Workshop \u2013Introduction to R and the tidyverseReiko Okamoto (Institut de recherche Bruy\u00e8re) When: Wednesday September 24 s2025, 8:30-11:30 a.m.Where: Universit\u00e9 de Montr\u00e9al, (room to be confirmed), 3150 rue Jean Brillant, Montr\u00e9al, Qu\u00e9bec Registration required, write to\u00a0vincent.arel-bundock@umontreal.ca. Are you looking to boost your data manipulation and visualization [&hellip;]","og_url":"https:\/\/csdc-cecd.ca\/atelier-methodologie-r-okamoto-2025\/","og_site_name":"CECD - Centre pour l&#039;\u00e9tude de la citoyennet\u00e9 d\u00e9mocratique","article_modified_time":"2025-09-16T13:30:25+00:00","twitter_card":"summary_large_image","twitter_misc":{"Est. reading time":"2 minutes"},"schema":{"@context":"https:\/\/schema.org","@graph":[{"@type":"WebPage","@id":"https:\/\/csdc-cecd.ca\/atelier-methodologie-r-okamoto-2025\/","url":"https:\/\/csdc-cecd.ca\/atelier-methodologie-r-okamoto-2025\/","name":"Atelier m\u00e9thodologie - R. Okamoto 2025 - CECD - Centre pour l&#039;\u00e9tude de la citoyennet\u00e9 d\u00e9mocratique","isPartOf":{"@id":"https:\/\/csdc-cecd.ca\/#website"},"datePublished":"2025-09-16T12:21:55+00:00","dateModified":"2025-09-16T13:30:25+00:00","breadcrumb":{"@id":"https:\/\/csdc-cecd.ca\/atelier-methodologie-r-okamoto-2025\/#breadcrumb"},"inLanguage":"en-US","potentialAction":[{"@type":"ReadAction","target":["https:\/\/csdc-cecd.ca\/atelier-methodologie-r-okamoto-2025\/"]}]},{"@type":"BreadcrumbList","@id":"https:\/\/csdc-cecd.ca\/atelier-methodologie-r-okamoto-2025\/#breadcrumb","itemListElement":[{"@type":"ListItem","position":1,"name":"Accueil","item":"https:\/\/csdc-cecd.ca\/en\/"},{"@type":"ListItem","position":2,"name":"Atelier m\u00e9thodologie &#8211; R. Okamoto 2025"}]},{"@type":"WebSite","@id":"https:\/\/csdc-cecd.ca\/#website","url":"https:\/\/csdc-cecd.ca\/","name":"CECD - Centre pour l&#039;\u00e9tude de la citoyennet\u00e9 d\u00e9mocratique","description":"","potentialAction":[{"@type":"SearchAction","target":{"@type":"EntryPoint","urlTemplate":"https:\/\/csdc-cecd.ca\/?s={search_term_string}"},"query-input":{"@type":"PropertyValueSpecification","valueRequired":true,"valueName":"search_term_string"}}],"inLanguage":"en-US"}]}},"_links":{"self":[{"href":"https:\/\/csdc-cecd.ca\/en\/wp-json\/wp\/v2\/pages\/5838","targetHints":{"allow":["GET"]}}],"collection":[{"href":"https:\/\/csdc-cecd.ca\/en\/wp-json\/wp\/v2\/pages"}],"about":[{"href":"https:\/\/csdc-cecd.ca\/en\/wp-json\/wp\/v2\/types\/page"}],"author":[{"embeddable":true,"href":"https:\/\/csdc-cecd.ca\/en\/wp-json\/wp\/v2\/users\/1"}],"replies":[{"embeddable":true,"href":"https:\/\/csdc-cecd.ca\/en\/wp-json\/wp\/v2\/comments?post=5838"}],"version-history":[{"count":5,"href":"https:\/\/csdc-cecd.ca\/en\/wp-json\/wp\/v2\/pages\/5838\/revisions"}],"predecessor-version":[{"id":5856,"href":"https:\/\/csdc-cecd.ca\/en\/wp-json\/wp\/v2\/pages\/5838\/revisions\/5856"}],"wp:attachment":[{"href":"https:\/\/csdc-cecd.ca\/en\/wp-json\/wp\/v2\/media?parent=5838"}],"curies":[{"name":"wp","href":"https:\/\/api.w.org\/{rel}","templated":true}]}}