{"id":5915,"date":"2025-09-29T11:02:11","date_gmt":"2025-09-29T15:02:11","guid":{"rendered":"https:\/\/csdc-cecd.ca\/?page_id=5915"},"modified":"2025-10-03T12:32:27","modified_gmt":"2025-10-03T16:32:27","slug":"seminaire-udem-m-stewart","status":"publish","type":"page","link":"https:\/\/csdc-cecd.ca\/en\/seminaire-udem-m-stewart\/","title":{"rendered":"Seminaire UdeM &#8211; M Stewart"},"content":{"rendered":"<p>[et_pb_section fb_built=&#8221;1&#8243; _builder_version=&#8221;4.27.4&#8243; _module_preset=&#8221;default&#8221; global_colors_info=&#8221;{}&#8221;][et_pb_row _builder_version=&#8221;4.27.4&#8243; _module_preset=&#8221;default&#8221; global_colors_info=&#8221;{}&#8221;][et_pb_column type=&#8221;4_4&#8243; _builder_version=&#8221;4.27.4&#8243; _module_preset=&#8221;default&#8221; global_colors_info=&#8221;{}&#8221;][et_pb_image src=&#8221;https:\/\/csdc-cecd.ca\/wp-content\/uploads\/2025\/10\/Affiches-workshop-2025-2026-2048-x-666-px.png&#8221; title_text=&#8221;Affiches workshop 2025-2026 (2048 x 666 px)&#8221; _builder_version=&#8221;4.27.4&#8243; _module_preset=&#8221;default&#8221; hover_enabled=&#8221;0&#8243; global_colors_info=&#8221;{}&#8221; sticky_enabled=&#8221;0&#8243;][\/et_pb_image][et_pb_text _builder_version=&#8221;4.27.4&#8243; _module_preset=&#8221;default&#8221; hover_enabled=&#8221;0&#8243; sticky_enabled=&#8221;0&#8243;]<\/p>\n<p>Le d\u00e9partement de science politique de l&#8217;Uinversit\u00e9 de Montr\u00e9al organises with the support of the Centre for the Study of Democratic Citizenship:<\/p>\n<p>When: 15 octobre 2025\u00a0 (11:30 a.m. \u2013 12:30 p.m.)<br \/>Where: <span>Universit\u00e9 de Montr\u00e9al, Salle Michel Fortmann, 3744 rue Jean Brillant, 5\u00e8me \u00e9tage, Montr\u00e9al (Quebec)<\/span><\/p>\n<p class=\"p2\"><span class=\"s1\"><\/span>Wartime Origins of Social Policy: How Contraband Camps Shaped Redistributive Programs in the U.S. South<br \/><span><\/span><a href=\"https:\/\/www.meganastewart.org\/bio\">Megan Stewart<\/a> (U. of Michigan)<\/p>\n<p class=\"p2\"><span>The hallmark of the modern nation-state is its redistributive and social welfare programs. Yet, these programs vary considerably both nationally and subnationally. Why? Focusing on the U.S. South after the Civil War, a region with notoriously limited redistributive social programs, we argue that the wartime policy of contraband camps explains important variation in social welfare policies. Contraband camps involved investments in physical institutions, civilian leadership in camp administration, and high levels of exposure to redistributive and abolitionist ideas within camp communities. These three processes were highly concentrated in contraband camp counties and made post-war investments in redistributive social policy more likely. We test our arguments using new data, including full-count censuses. Results strongly support expectations: counties with a contraband camp had about a 74% increase in tax revenue compared to counties without one. Our results contribute to research on U.S. political development, redistributive social policies, war, and post-conflict reconstruction.<\/span><\/p>\n<p class=\"p2\"><span>The Centre for the Study of Democratic Citizenship is funded by the\u00a0<a href=\"https:\/\/frq.gouv.qc.ca\/societe-et-culture\/?_gl=1*2hx8i9*_up*MQ..&amp;gclid=CjwKCAjw8rW2BhAgEiwAoRO5rLFcVqh4eqvH4BFjcAOLimLDAGOrP52xh6QE6R1B-28SNQZdkOjFHRoCRPcQAvD_BwE\">Fonds de recherche du Qu\u00e9bec \u2013 Soci\u00e9t\u00e9 et culture (FRQSC)<\/a>.<\/span><\/p>\n<p>&nbsp;<\/p>\n<p>[\/et_pb_text][\/et_pb_column][\/et_pb_row][\/et_pb_section]<\/p>\n","protected":false},"excerpt":{"rendered":"<p>Le d\u00e9partement de science politique de l&#8217;Uinversit\u00e9 de Montr\u00e9al organises with the support of the Centre for the Study of Democratic Citizenship: When: 15 octobre 2025\u00a0 (11:30 a.m. \u2013 12:30 p.m.)Where: Universit\u00e9 de Montr\u00e9al, Salle Michel Fortmann, 3744 rue Jean Brillant, 5\u00e8me \u00e9tage, Montr\u00e9al (Quebec) Wartime Origins of Social Policy: How Contraband Camps Shaped Redistributive [&hellip;]<\/p>\n","protected":false},"author":1,"featured_media":0,"parent":0,"menu_order":0,"comment_status":"closed","ping_status":"closed","template":"","meta":{"_et_pb_use_builder":"on","_et_pb_old_content":"","_et_gb_content_width":"","footnotes":""},"class_list":["post-5915","page","type-page","status-publish","hentry"],"yoast_head":"<!-- This site is optimized with the Yoast SEO plugin v27.4 - https:\/\/yoast.com\/product\/yoast-seo-wordpress\/ -->\n<title>Seminaire UdeM - M Stewart - CECD - Centre pour l&#039;\u00e9tude de la citoyennet\u00e9 d\u00e9mocratique<\/title>\n<meta name=\"robots\" content=\"index, follow, max-snippet:-1, max-image-preview:large, max-video-preview:-1\" \/>\n<link rel=\"canonical\" href=\"https:\/\/csdc-cecd.ca\/seminaire-udem-m-stewart\/\" \/>\n<meta property=\"og:locale\" content=\"en_US\" \/>\n<meta property=\"og:type\" content=\"article\" \/>\n<meta property=\"og:title\" content=\"Seminaire UdeM - M Stewart - CECD - Centre pour l&#039;\u00e9tude de la citoyennet\u00e9 d\u00e9mocratique\" \/>\n<meta property=\"og:description\" content=\"Le d\u00e9partement de science politique de l&#039;Uinversit\u00e9 de Montr\u00e9al organises with the support of the Centre for the Study of Democratic Citizenship: When: 15 octobre 2025\u00a0 (11:30 a.m. \u2013 12:30 p.m.)Where: Universit\u00e9 de Montr\u00e9al, Salle Michel Fortmann, 3744 rue Jean Brillant, 5\u00e8me \u00e9tage, Montr\u00e9al (Quebec) Wartime Origins of Social Policy: How Contraband Camps Shaped Redistributive [&hellip;]\" \/>\n<meta property=\"og:url\" content=\"https:\/\/csdc-cecd.ca\/seminaire-udem-m-stewart\/\" \/>\n<meta property=\"og:site_name\" content=\"CECD - Centre pour l&#039;\u00e9tude de la citoyennet\u00e9 d\u00e9mocratique\" \/>\n<meta property=\"article:modified_time\" content=\"2025-10-03T16:32:27+00:00\" \/>\n<meta name=\"twitter:card\" content=\"summary_large_image\" \/>\n<script type=\"application\/ld+json\" class=\"yoast-schema-graph\">{\"@context\":\"https:\\\/\\\/schema.org\",\"@graph\":[{\"@type\":\"WebPage\",\"@id\":\"https:\\\/\\\/csdc-cecd.ca\\\/seminaire-udem-m-stewart\\\/\",\"url\":\"https:\\\/\\\/csdc-cecd.ca\\\/seminaire-udem-m-stewart\\\/\",\"name\":\"Seminaire UdeM - M Stewart - CECD - Centre pour l&#039;\u00e9tude de la citoyennet\u00e9 d\u00e9mocratique\",\"isPartOf\":{\"@id\":\"https:\\\/\\\/csdc-cecd.ca\\\/#website\"},\"datePublished\":\"2025-09-29T15:02:11+00:00\",\"dateModified\":\"2025-10-03T16:32:27+00:00\",\"breadcrumb\":{\"@id\":\"https:\\\/\\\/csdc-cecd.ca\\\/seminaire-udem-m-stewart\\\/#breadcrumb\"},\"inLanguage\":\"en-US\",\"potentialAction\":[{\"@type\":\"ReadAction\",\"target\":[\"https:\\\/\\\/csdc-cecd.ca\\\/seminaire-udem-m-stewart\\\/\"]}]},{\"@type\":\"BreadcrumbList\",\"@id\":\"https:\\\/\\\/csdc-cecd.ca\\\/seminaire-udem-m-stewart\\\/#breadcrumb\",\"itemListElement\":[{\"@type\":\"ListItem\",\"position\":1,\"name\":\"Accueil\",\"item\":\"https:\\\/\\\/csdc-cecd.ca\\\/en\\\/\"},{\"@type\":\"ListItem\",\"position\":2,\"name\":\"Seminaire UdeM &#8211; M Stewart\"}]},{\"@type\":\"WebSite\",\"@id\":\"https:\\\/\\\/csdc-cecd.ca\\\/#website\",\"url\":\"https:\\\/\\\/csdc-cecd.ca\\\/\",\"name\":\"CECD - Centre pour l&#039;\u00e9tude de la citoyennet\u00e9 d\u00e9mocratique\",\"description\":\"\",\"potentialAction\":[{\"@type\":\"SearchAction\",\"target\":{\"@type\":\"EntryPoint\",\"urlTemplate\":\"https:\\\/\\\/csdc-cecd.ca\\\/?s={search_term_string}\"},\"query-input\":{\"@type\":\"PropertyValueSpecification\",\"valueRequired\":true,\"valueName\":\"search_term_string\"}}],\"inLanguage\":\"en-US\"}]}<\/script>\n<!-- \/ Yoast SEO plugin. -->","yoast_head_json":{"title":"Seminaire UdeM - M Stewart - CECD - Centre pour l&#039;\u00e9tude de la citoyennet\u00e9 d\u00e9mocratique","robots":{"index":"index","follow":"follow","max-snippet":"max-snippet:-1","max-image-preview":"max-image-preview:large","max-video-preview":"max-video-preview:-1"},"canonical":"https:\/\/csdc-cecd.ca\/seminaire-udem-m-stewart\/","og_locale":"en_US","og_type":"article","og_title":"Seminaire UdeM - M Stewart - CECD - Centre pour l&#039;\u00e9tude de la citoyennet\u00e9 d\u00e9mocratique","og_description":"Le d\u00e9partement de science politique de l'Uinversit\u00e9 de Montr\u00e9al organises with the support of the Centre for the Study of Democratic Citizenship: When: 15 octobre 2025\u00a0 (11:30 a.m. \u2013 12:30 p.m.)Where: Universit\u00e9 de Montr\u00e9al, Salle Michel Fortmann, 3744 rue Jean Brillant, 5\u00e8me \u00e9tage, Montr\u00e9al (Quebec) Wartime Origins of Social Policy: How Contraband Camps Shaped Redistributive [&hellip;]","og_url":"https:\/\/csdc-cecd.ca\/seminaire-udem-m-stewart\/","og_site_name":"CECD - Centre pour l&#039;\u00e9tude de la citoyennet\u00e9 d\u00e9mocratique","article_modified_time":"2025-10-03T16:32:27+00:00","twitter_card":"summary_large_image","schema":{"@context":"https:\/\/schema.org","@graph":[{"@type":"WebPage","@id":"https:\/\/csdc-cecd.ca\/seminaire-udem-m-stewart\/","url":"https:\/\/csdc-cecd.ca\/seminaire-udem-m-stewart\/","name":"Seminaire UdeM - M Stewart - CECD - Centre pour l&#039;\u00e9tude de la citoyennet\u00e9 d\u00e9mocratique","isPartOf":{"@id":"https:\/\/csdc-cecd.ca\/#website"},"datePublished":"2025-09-29T15:02:11+00:00","dateModified":"2025-10-03T16:32:27+00:00","breadcrumb":{"@id":"https:\/\/csdc-cecd.ca\/seminaire-udem-m-stewart\/#breadcrumb"},"inLanguage":"en-US","potentialAction":[{"@type":"ReadAction","target":["https:\/\/csdc-cecd.ca\/seminaire-udem-m-stewart\/"]}]},{"@type":"BreadcrumbList","@id":"https:\/\/csdc-cecd.ca\/seminaire-udem-m-stewart\/#breadcrumb","itemListElement":[{"@type":"ListItem","position":1,"name":"Accueil","item":"https:\/\/csdc-cecd.ca\/en\/"},{"@type":"ListItem","position":2,"name":"Seminaire UdeM &#8211; M Stewart"}]},{"@type":"WebSite","@id":"https:\/\/csdc-cecd.ca\/#website","url":"https:\/\/csdc-cecd.ca\/","name":"CECD - Centre pour l&#039;\u00e9tude de la citoyennet\u00e9 d\u00e9mocratique","description":"","potentialAction":[{"@type":"SearchAction","target":{"@type":"EntryPoint","urlTemplate":"https:\/\/csdc-cecd.ca\/?s={search_term_string}"},"query-input":{"@type":"PropertyValueSpecification","valueRequired":true,"valueName":"search_term_string"}}],"inLanguage":"en-US"}]}},"_links":{"self":[{"href":"https:\/\/csdc-cecd.ca\/en\/wp-json\/wp\/v2\/pages\/5915","targetHints":{"allow":["GET"]}}],"collection":[{"href":"https:\/\/csdc-cecd.ca\/en\/wp-json\/wp\/v2\/pages"}],"about":[{"href":"https:\/\/csdc-cecd.ca\/en\/wp-json\/wp\/v2\/types\/page"}],"author":[{"embeddable":true,"href":"https:\/\/csdc-cecd.ca\/en\/wp-json\/wp\/v2\/users\/1"}],"replies":[{"embeddable":true,"href":"https:\/\/csdc-cecd.ca\/en\/wp-json\/wp\/v2\/comments?post=5915"}],"version-history":[{"count":10,"href":"https:\/\/csdc-cecd.ca\/en\/wp-json\/wp\/v2\/pages\/5915\/revisions"}],"predecessor-version":[{"id":6035,"href":"https:\/\/csdc-cecd.ca\/en\/wp-json\/wp\/v2\/pages\/5915\/revisions\/6035"}],"wp:attachment":[{"href":"https:\/\/csdc-cecd.ca\/en\/wp-json\/wp\/v2\/media?parent=5915"}],"curies":[{"name":"wp","href":"https:\/\/api.w.org\/{rel}","templated":true}]}}