{"id":6013,"date":"2025-10-03T08:34:58","date_gmt":"2025-10-03T12:34:58","guid":{"rendered":"https:\/\/csdc-cecd.ca\/?page_id=6013"},"modified":"2025-10-03T08:37:57","modified_gmt":"2025-10-03T12:37:57","slug":"seminaire-v-pautonnier","status":"publish","type":"page","link":"https:\/\/csdc-cecd.ca\/en\/seminaire-v-pautonnier\/","title":{"rendered":"Seminaire &#8211; V Pautonnier"},"content":{"rendered":"<p>[et_pb_section fb_built=&#8221;1&#8243; theme_builder_area=&#8221;post_content&#8221; _builder_version=&#8221;4.27.4&#8243; _module_preset=&#8221;default&#8221;][et_pb_row _builder_version=&#8221;4.27.4&#8243; _module_preset=&#8221;default&#8221; theme_builder_area=&#8221;post_content&#8221; column_structure=&#8221;1_2,1_2&#8243;][et_pb_column _builder_version=&#8221;4.27.4&#8243; _module_preset=&#8221;default&#8221; type=&#8221;1_2&#8243; theme_builder_area=&#8221;post_content&#8221;][et_pb_image src=&#8221;https:\/\/csdc-cecd.ca\/wp-content\/uploads\/2025\/09\/pautonnier_8octobre-1-scaled.png&#8221; _builder_version=&#8221;4.27.4&#8243; _module_preset=&#8221;default&#8221; theme_builder_area=&#8221;post_content&#8221; title_text=&#8221;pautonnier_8octobre-1&#8243; hover_enabled=&#8221;0&#8243; sticky_enabled=&#8221;0&#8243;][\/et_pb_image][\/et_pb_column][et_pb_column _builder_version=&#8221;4.27.4&#8243; _module_preset=&#8221;default&#8221; type=&#8221;1_2&#8243; theme_builder_area=&#8221;post_content&#8221;][et_pb_text _builder_version=&#8221;4.27.4&#8243; _module_preset=&#8221;default&#8221; theme_builder_area=&#8221;post_content&#8221; hover_enabled=&#8221;0&#8243; sticky_enabled=&#8221;0&#8243;]<\/p>\n<p>Le d\u00e9partement de science politique de l\u2019Uinversit\u00e9 de Montr\u00e9al organise avec le soutien du Centre pour l\u2019\u00c9tude de la citoyennet\u00e9 d\u00e9mocratique :<\/p>\n<p>Quand : 8 octobre 2025\u00a0 (15h30 \u2013 16h30)<br \/>Ou :<span>\u00a0<\/span><span>Universit\u00e9 de Montr\u00e9al, Pavillon Lionel Groulx, salle C4019, 3150 rue Jean-Brillant, Montr\u00e9al (Qu\u00e9bec)<\/span><\/p>\n<p><strong>Local Identity, Economic Perceptions, and Right-Wing Populism: An Experimental Investigation<br \/><\/strong>Valentin Pautonnier (U. de Montr\u00e9al)<\/p>\n<p><span>Le Centre pour l\u2019\u00e9tude de la Citoyennet\u00e9 d\u00e9mocratique est financ\u00e9 par le\u00a0<\/span><a href=\"https:\/\/frq.gouv.qc.ca\/societe-et-culture\/?_gl=1*2hx8i9*_up*MQ..&amp;gclid=CjwKCAjw8rW2BhAgEiwAoRO5rLFcVqh4eqvH4BFjcAOLimLDAGOrP52xh6QE6R1B-28SNQZdkOjFHRoCRPcQAvD_BwE\">Fonds de recherche du Qu\u00e9bec \u2013 Soci\u00e9t\u00e9 et culture (FRQSC)<\/a><\/p>\n<p>[\/et_pb_text][\/et_pb_column][\/et_pb_row][\/et_pb_section]<\/p>\n","protected":false},"excerpt":{"rendered":"<p>Le d\u00e9partement de science politique de l\u2019Uinversit\u00e9 de Montr\u00e9al organise avec le soutien du Centre pour l\u2019\u00c9tude de la citoyennet\u00e9 d\u00e9mocratique : Quand : 8 octobre 2025\u00a0 (15h30 \u2013 16h30)Ou :\u00a0Universit\u00e9 de Montr\u00e9al, Pavillon Lionel Groulx, salle C4019, 3150 rue Jean-Brillant, Montr\u00e9al (Qu\u00e9bec) Local Identity, Economic Perceptions, and Right-Wing Populism: An Experimental InvestigationValentin Pautonnier (U. [&hellip;]<\/p>\n","protected":false},"author":1,"featured_media":0,"parent":0,"menu_order":0,"comment_status":"closed","ping_status":"closed","template":"","meta":{"_et_pb_use_builder":"on","_et_pb_old_content":"","_et_gb_content_width":"","footnotes":""},"class_list":["post-6013","page","type-page","status-publish","hentry"],"yoast_head":"<!-- This site is optimized with the Yoast SEO plugin v27.4 - https:\/\/yoast.com\/product\/yoast-seo-wordpress\/ -->\n<title>Seminaire - V Pautonnier - CECD - Centre pour l&#039;\u00e9tude de la citoyennet\u00e9 d\u00e9mocratique<\/title>\n<meta name=\"robots\" content=\"index, follow, max-snippet:-1, max-image-preview:large, max-video-preview:-1\" \/>\n<link rel=\"canonical\" href=\"https:\/\/csdc-cecd.ca\/en\/seminaire-v-pautonnier\/\" \/>\n<meta property=\"og:locale\" content=\"en_US\" \/>\n<meta property=\"og:type\" content=\"article\" \/>\n<meta property=\"og:title\" content=\"Seminaire - V Pautonnier - CECD - Centre pour l&#039;\u00e9tude de la citoyennet\u00e9 d\u00e9mocratique\" \/>\n<meta property=\"og:description\" content=\"Le d\u00e9partement de science politique de l\u2019Uinversit\u00e9 de Montr\u00e9al organise avec le soutien du Centre pour l\u2019\u00c9tude de la citoyennet\u00e9 d\u00e9mocratique : Quand : 8 octobre 2025\u00a0 (15h30 \u2013 16h30)Ou :\u00a0Universit\u00e9 de Montr\u00e9al, Pavillon Lionel Groulx, salle C4019, 3150 rue Jean-Brillant, Montr\u00e9al (Qu\u00e9bec) Local Identity, Economic Perceptions, and Right-Wing Populism: An Experimental InvestigationValentin Pautonnier (U. [&hellip;]\" \/>\n<meta property=\"og:url\" content=\"https:\/\/csdc-cecd.ca\/en\/seminaire-v-pautonnier\/\" \/>\n<meta property=\"og:site_name\" content=\"CECD - Centre pour l&#039;\u00e9tude de la citoyennet\u00e9 d\u00e9mocratique\" \/>\n<meta property=\"article:modified_time\" content=\"2025-10-03T12:37:57+00:00\" \/>\n<meta name=\"twitter:card\" content=\"summary_large_image\" \/>\n<script type=\"application\/ld+json\" class=\"yoast-schema-graph\">{\"@context\":\"https:\\\/\\\/schema.org\",\"@graph\":[{\"@type\":\"WebPage\",\"@id\":\"https:\\\/\\\/csdc-cecd.ca\\\/en\\\/seminaire-v-pautonnier\\\/\",\"url\":\"https:\\\/\\\/csdc-cecd.ca\\\/en\\\/seminaire-v-pautonnier\\\/\",\"name\":\"Seminaire - V Pautonnier - CECD - Centre pour l&#039;\u00e9tude de la citoyennet\u00e9 d\u00e9mocratique\",\"isPartOf\":{\"@id\":\"https:\\\/\\\/csdc-cecd.ca\\\/#website\"},\"datePublished\":\"2025-10-03T12:34:58+00:00\",\"dateModified\":\"2025-10-03T12:37:57+00:00\",\"breadcrumb\":{\"@id\":\"https:\\\/\\\/csdc-cecd.ca\\\/en\\\/seminaire-v-pautonnier\\\/#breadcrumb\"},\"inLanguage\":\"en-US\",\"potentialAction\":[{\"@type\":\"ReadAction\",\"target\":[\"https:\\\/\\\/csdc-cecd.ca\\\/en\\\/seminaire-v-pautonnier\\\/\"]}]},{\"@type\":\"BreadcrumbList\",\"@id\":\"https:\\\/\\\/csdc-cecd.ca\\\/en\\\/seminaire-v-pautonnier\\\/#breadcrumb\",\"itemListElement\":[{\"@type\":\"ListItem\",\"position\":1,\"name\":\"Accueil\",\"item\":\"https:\\\/\\\/csdc-cecd.ca\\\/en\\\/\"},{\"@type\":\"ListItem\",\"position\":2,\"name\":\"Seminaire &#8211; V Pautonnier\"}]},{\"@type\":\"WebSite\",\"@id\":\"https:\\\/\\\/csdc-cecd.ca\\\/#website\",\"url\":\"https:\\\/\\\/csdc-cecd.ca\\\/\",\"name\":\"CECD - Centre pour l&#039;\u00e9tude de la citoyennet\u00e9 d\u00e9mocratique\",\"description\":\"\",\"potentialAction\":[{\"@type\":\"SearchAction\",\"target\":{\"@type\":\"EntryPoint\",\"urlTemplate\":\"https:\\\/\\\/csdc-cecd.ca\\\/?s={search_term_string}\"},\"query-input\":{\"@type\":\"PropertyValueSpecification\",\"valueRequired\":true,\"valueName\":\"search_term_string\"}}],\"inLanguage\":\"en-US\"}]}<\/script>\n<!-- \/ Yoast SEO plugin. -->","yoast_head_json":{"title":"Seminaire - V Pautonnier - CECD - Centre pour l&#039;\u00e9tude de la citoyennet\u00e9 d\u00e9mocratique","robots":{"index":"index","follow":"follow","max-snippet":"max-snippet:-1","max-image-preview":"max-image-preview:large","max-video-preview":"max-video-preview:-1"},"canonical":"https:\/\/csdc-cecd.ca\/en\/seminaire-v-pautonnier\/","og_locale":"en_US","og_type":"article","og_title":"Seminaire - V Pautonnier - CECD - Centre pour l&#039;\u00e9tude de la citoyennet\u00e9 d\u00e9mocratique","og_description":"Le d\u00e9partement de science politique de l\u2019Uinversit\u00e9 de Montr\u00e9al organise avec le soutien du Centre pour l\u2019\u00c9tude de la citoyennet\u00e9 d\u00e9mocratique : Quand : 8 octobre 2025\u00a0 (15h30 \u2013 16h30)Ou :\u00a0Universit\u00e9 de Montr\u00e9al, Pavillon Lionel Groulx, salle C4019, 3150 rue Jean-Brillant, Montr\u00e9al (Qu\u00e9bec) Local Identity, Economic Perceptions, and Right-Wing Populism: An Experimental InvestigationValentin Pautonnier (U. [&hellip;]","og_url":"https:\/\/csdc-cecd.ca\/en\/seminaire-v-pautonnier\/","og_site_name":"CECD - Centre pour l&#039;\u00e9tude de la citoyennet\u00e9 d\u00e9mocratique","article_modified_time":"2025-10-03T12:37:57+00:00","twitter_card":"summary_large_image","schema":{"@context":"https:\/\/schema.org","@graph":[{"@type":"WebPage","@id":"https:\/\/csdc-cecd.ca\/en\/seminaire-v-pautonnier\/","url":"https:\/\/csdc-cecd.ca\/en\/seminaire-v-pautonnier\/","name":"Seminaire - V Pautonnier - CECD - Centre pour l&#039;\u00e9tude de la citoyennet\u00e9 d\u00e9mocratique","isPartOf":{"@id":"https:\/\/csdc-cecd.ca\/#website"},"datePublished":"2025-10-03T12:34:58+00:00","dateModified":"2025-10-03T12:37:57+00:00","breadcrumb":{"@id":"https:\/\/csdc-cecd.ca\/en\/seminaire-v-pautonnier\/#breadcrumb"},"inLanguage":"en-US","potentialAction":[{"@type":"ReadAction","target":["https:\/\/csdc-cecd.ca\/en\/seminaire-v-pautonnier\/"]}]},{"@type":"BreadcrumbList","@id":"https:\/\/csdc-cecd.ca\/en\/seminaire-v-pautonnier\/#breadcrumb","itemListElement":[{"@type":"ListItem","position":1,"name":"Accueil","item":"https:\/\/csdc-cecd.ca\/en\/"},{"@type":"ListItem","position":2,"name":"Seminaire &#8211; V Pautonnier"}]},{"@type":"WebSite","@id":"https:\/\/csdc-cecd.ca\/#website","url":"https:\/\/csdc-cecd.ca\/","name":"CECD - Centre pour l&#039;\u00e9tude de la citoyennet\u00e9 d\u00e9mocratique","description":"","potentialAction":[{"@type":"SearchAction","target":{"@type":"EntryPoint","urlTemplate":"https:\/\/csdc-cecd.ca\/?s={search_term_string}"},"query-input":{"@type":"PropertyValueSpecification","valueRequired":true,"valueName":"search_term_string"}}],"inLanguage":"en-US"}]}},"_links":{"self":[{"href":"https:\/\/csdc-cecd.ca\/en\/wp-json\/wp\/v2\/pages\/6013","targetHints":{"allow":["GET"]}}],"collection":[{"href":"https:\/\/csdc-cecd.ca\/en\/wp-json\/wp\/v2\/pages"}],"about":[{"href":"https:\/\/csdc-cecd.ca\/en\/wp-json\/wp\/v2\/types\/page"}],"author":[{"embeddable":true,"href":"https:\/\/csdc-cecd.ca\/en\/wp-json\/wp\/v2\/users\/1"}],"replies":[{"embeddable":true,"href":"https:\/\/csdc-cecd.ca\/en\/wp-json\/wp\/v2\/comments?post=6013"}],"version-history":[{"count":3,"href":"https:\/\/csdc-cecd.ca\/en\/wp-json\/wp\/v2\/pages\/6013\/revisions"}],"predecessor-version":[{"id":6017,"href":"https:\/\/csdc-cecd.ca\/en\/wp-json\/wp\/v2\/pages\/6013\/revisions\/6017"}],"wp:attachment":[{"href":"https:\/\/csdc-cecd.ca\/en\/wp-json\/wp\/v2\/media?parent=6013"}],"curies":[{"name":"wp","href":"https:\/\/api.w.org\/{rel}","templated":true}]}}