{"id":6195,"date":"2025-10-09T08:43:32","date_gmt":"2025-10-09T12:43:32","guid":{"rendered":"https:\/\/csdc-cecd.ca\/perspectives-mondiales-10-11-nov-2025\/"},"modified":"2025-10-09T09:29:37","modified_gmt":"2025-10-09T13:29:37","slug":"perspectives-mondiales-10-11-nov-2025","status":"publish","type":"page","link":"https:\/\/csdc-cecd.ca\/en\/perspectives-mondiales-10-11-nov-2025\/","title":{"rendered":"Perspectives mondiales 10-11 nov 2025"},"content":{"rendered":"<p>[et_pb_section fb_built=&#8221;1&#8243; _builder_version=&#8221;4.27.4&#8243; _module_preset=&#8221;default&#8221; global_colors_info=&#8221;{}&#8221;][et_pb_row column_structure=&#8221;1_2,1_2&#8243; _builder_version=&#8221;4.27.4&#8243; _module_preset=&#8221;default&#8221; global_colors_info=&#8221;{}&#8221;][et_pb_column type=&#8221;1_2&#8243; _builder_version=&#8221;4.27.4&#8243; _module_preset=&#8221;default&#8221; global_colors_info=&#8221;{}&#8221;][et_pb_image src=&#8221;https:\/\/csdc-cecd.ca\/wp-content\/uploads\/2025\/10\/Front-page-3.png&#8221; title_text=&#8221;Front page&#8221; _builder_version=&#8221;4.27.4&#8243; _module_preset=&#8221;default&#8221; global_colors_info=&#8221;{}&#8221;][\/et_pb_image][\/et_pb_column][et_pb_column type=&#8221;1_2&#8243; _builder_version=&#8221;4.27.4&#8243; _module_preset=&#8221;default&#8221; global_colors_info=&#8221;{}&#8221;][et_pb_text _builder_version=&#8221;4.27.4&#8243; _module_preset=&#8221;default&#8221; hover_enabled=&#8221;0&#8243; sticky_enabled=&#8221;0&#8243;]<\/p>\n<p>The Diamond Brown Chair Conference on Democratic Studies organizes with the support of the Centre for the Study of democratic Citizenship, the McGill Political Science department,\u00a0 and the McGill Max Bell School of Public Policy.<\/p>\n<p><strong>From Democratic Resilience to Recession: Global and Canadian Perspectives on Authoritarian Backsliding<\/strong><\/p>\n<p>Whenu: November 10-11, 2025 (Full day)<br \/>Where: Faculty Club &#8211; Ballroom,\u00a0 3450McTavish, Montreal, Quebec, H3A 0E5<\/p>\n<p>Registration required : <a href=\"https:\/\/alumni.mcgill.ca\/events\/Backsliding\">https:\/\/alumni.mcgill.ca\/events\/Backsliding<\/a>.<\/p>\n<p><strong><\/strong>This conference critically examines contemporary trends of democratic backsliding and autocratization in North America and other regions, exploring the underlying political, social, and institutional dynamics that threaten democratic resilience. Through keynote addresses and comparative panels, the event analyzes the micro-foundations of voter behavior, the erosion of subnational democracies, and the international repercussions of democratic recession. Special attention is given to the implications for Canada and other democracies facing similar challenges, emphasizing the need for robust responses to rising authoritarian tendencies. The conference aims to contribute to scholarly debates on democratic decline and the prospects for democratic renewal in an era marked by political polarization, populism, and global democratic recession.<\/p>\n<p>[\/et_pb_text][\/et_pb_column][\/et_pb_row][et_pb_row column_structure=&#8221;1_2,1_2&#8243; _builder_version=&#8221;4.27.4&#8243; _module_preset=&#8221;default&#8221; global_colors_info=&#8221;{}&#8221;][et_pb_column type=&#8221;1_2&#8243; _builder_version=&#8221;4.27.4&#8243; _module_preset=&#8221;default&#8221; global_colors_info=&#8221;{}&#8221;][et_pb_image src=&#8221;https:\/\/csdc-cecd.ca\/wp-content\/uploads\/2025\/10\/P1-programme-scaled.png&#8221; title_text=&#8221;P1 programme&#8221; _builder_version=&#8221;4.27.4&#8243; _module_preset=&#8221;default&#8221; global_colors_info=&#8221;{}&#8221;][\/et_pb_image][\/et_pb_column][et_pb_column type=&#8221;1_2&#8243; _builder_version=&#8221;4.27.4&#8243; _module_preset=&#8221;default&#8221; global_colors_info=&#8221;{}&#8221;][et_pb_image src=&#8221;https:\/\/csdc-cecd.ca\/wp-content\/uploads\/2025\/10\/P2-programme-scaled.png&#8221; title_text=&#8221;P2 programme&#8221; _builder_version=&#8221;4.27.4&#8243; _module_preset=&#8221;default&#8221; global_colors_info=&#8221;{}&#8221;][\/et_pb_image][\/et_pb_column][\/et_pb_row][et_pb_row _builder_version=&#8221;4.27.4&#8243; _module_preset=&#8221;default&#8221; global_colors_info=&#8221;{}&#8221;][et_pb_column type=&#8221;4_4&#8243; _builder_version=&#8221;4.27.4&#8243; _module_preset=&#8221;default&#8221; global_colors_info=&#8221;{}&#8221;][et_pb_text _builder_version=&#8221;4.27.4&#8243; _module_preset=&#8221;default&#8221; hover_enabled=&#8221;0&#8243; global_colors_info=&#8221;{}&#8221; sticky_enabled=&#8221;0&#8243;]<\/p>\n<p><span>The Centre for the Study of Democratic Citizenship is funded by the\u00a0<\/span><a href=\"https:\/\/frq.gouv.qc.ca\/societe-et-culture\/?_gl=1*2hx8i9*_up*MQ..&amp;gclid=CjwKCAjw8rW2BhAgEiwAoRO5rLFcVqh4eqvH4BFjcAOLimLDAGOrP52xh6QE6R1B-28SNQZdkOjFHRoCRPcQAvD_BwE\">Fonds de recherche du Qu\u00e9bec \u2013 Soci\u00e9t\u00e9 et culture (FRQSC)<\/a><span>.<\/span><\/p>\n<p>[\/et_pb_text][\/et_pb_column][\/et_pb_row][\/et_pb_section]<\/p>\n","protected":false},"excerpt":{"rendered":"<p>The Diamond Brown Chair Conference on Democratic Studies organizes with the support of the Centre for the Study of democratic Citizenship, the McGill Political Science department,\u00a0 and the McGill Max Bell School of Public Policy. From Democratic Resilience to Recession: Global and Canadian Perspectives on Authoritarian Backsliding Whenu: November 10-11, 2025 (Full day)Where: Faculty Club [&hellip;]<\/p>\n","protected":false},"author":1,"featured_media":0,"parent":0,"menu_order":0,"comment_status":"closed","ping_status":"closed","template":"","meta":{"_et_pb_use_builder":"on","_et_pb_old_content":"","_et_gb_content_width":"","footnotes":""},"class_list":["post-6195","page","type-page","status-publish","hentry"],"yoast_head":"<!-- This site is optimized with the Yoast SEO plugin v27.4 - https:\/\/yoast.com\/product\/yoast-seo-wordpress\/ -->\n<title>Perspectives mondiales 10-11 nov 2025 - CECD - Centre pour l&#039;\u00e9tude de la citoyennet\u00e9 d\u00e9mocratique<\/title>\n<meta name=\"robots\" content=\"index, follow, max-snippet:-1, max-image-preview:large, max-video-preview:-1\" \/>\n<link rel=\"canonical\" href=\"https:\/\/csdc-cecd.ca\/en\/perspectives-mondiales-10-11-nov-2025\/\" \/>\n<meta property=\"og:locale\" content=\"en_US\" \/>\n<meta property=\"og:type\" content=\"article\" \/>\n<meta property=\"og:title\" content=\"Perspectives mondiales 10-11 nov 2025 - CECD - Centre pour l&#039;\u00e9tude de la citoyennet\u00e9 d\u00e9mocratique\" \/>\n<meta property=\"og:description\" content=\"The Diamond Brown Chair Conference on Democratic Studies organizes with the support of the Centre for the Study of democratic Citizenship, the McGill Political Science department,\u00a0 and the McGill Max Bell School of Public Policy. From Democratic Resilience to Recession: Global and Canadian Perspectives on Authoritarian Backsliding Whenu: November 10-11, 2025 (Full day)Where: Faculty Club [&hellip;]\" \/>\n<meta property=\"og:url\" content=\"https:\/\/csdc-cecd.ca\/en\/perspectives-mondiales-10-11-nov-2025\/\" \/>\n<meta property=\"og:site_name\" content=\"CECD - Centre pour l&#039;\u00e9tude de la citoyennet\u00e9 d\u00e9mocratique\" \/>\n<meta property=\"article:modified_time\" content=\"2025-10-09T13:29:37+00:00\" \/>\n<meta name=\"twitter:card\" content=\"summary_large_image\" \/>\n<meta name=\"twitter:label1\" content=\"Est. reading time\" \/>\n\t<meta name=\"twitter:data1\" content=\"2 minutes\" \/>\n<script type=\"application\/ld+json\" class=\"yoast-schema-graph\">{\"@context\":\"https:\\\/\\\/schema.org\",\"@graph\":[{\"@type\":\"WebPage\",\"@id\":\"https:\\\/\\\/csdc-cecd.ca\\\/en\\\/perspectives-mondiales-10-11-nov-2025\\\/\",\"url\":\"https:\\\/\\\/csdc-cecd.ca\\\/en\\\/perspectives-mondiales-10-11-nov-2025\\\/\",\"name\":\"Perspectives mondiales 10-11 nov 2025 - CECD - Centre pour l&#039;\u00e9tude de la citoyennet\u00e9 d\u00e9mocratique\",\"isPartOf\":{\"@id\":\"https:\\\/\\\/csdc-cecd.ca\\\/#website\"},\"datePublished\":\"2025-10-09T12:43:32+00:00\",\"dateModified\":\"2025-10-09T13:29:37+00:00\",\"breadcrumb\":{\"@id\":\"https:\\\/\\\/csdc-cecd.ca\\\/en\\\/perspectives-mondiales-10-11-nov-2025\\\/#breadcrumb\"},\"inLanguage\":\"en-US\",\"potentialAction\":[{\"@type\":\"ReadAction\",\"target\":[\"https:\\\/\\\/csdc-cecd.ca\\\/en\\\/perspectives-mondiales-10-11-nov-2025\\\/\"]}]},{\"@type\":\"BreadcrumbList\",\"@id\":\"https:\\\/\\\/csdc-cecd.ca\\\/en\\\/perspectives-mondiales-10-11-nov-2025\\\/#breadcrumb\",\"itemListElement\":[{\"@type\":\"ListItem\",\"position\":1,\"name\":\"Accueil\",\"item\":\"https:\\\/\\\/csdc-cecd.ca\\\/en\\\/\"},{\"@type\":\"ListItem\",\"position\":2,\"name\":\"Perspectives mondiales 10-11 nov 2025\"}]},{\"@type\":\"WebSite\",\"@id\":\"https:\\\/\\\/csdc-cecd.ca\\\/#website\",\"url\":\"https:\\\/\\\/csdc-cecd.ca\\\/\",\"name\":\"CECD - Centre pour l&#039;\u00e9tude de la citoyennet\u00e9 d\u00e9mocratique\",\"description\":\"\",\"potentialAction\":[{\"@type\":\"SearchAction\",\"target\":{\"@type\":\"EntryPoint\",\"urlTemplate\":\"https:\\\/\\\/csdc-cecd.ca\\\/?s={search_term_string}\"},\"query-input\":{\"@type\":\"PropertyValueSpecification\",\"valueRequired\":true,\"valueName\":\"search_term_string\"}}],\"inLanguage\":\"en-US\"}]}<\/script>\n<!-- \/ Yoast SEO plugin. -->","yoast_head_json":{"title":"Perspectives mondiales 10-11 nov 2025 - CECD - Centre pour l&#039;\u00e9tude de la citoyennet\u00e9 d\u00e9mocratique","robots":{"index":"index","follow":"follow","max-snippet":"max-snippet:-1","max-image-preview":"max-image-preview:large","max-video-preview":"max-video-preview:-1"},"canonical":"https:\/\/csdc-cecd.ca\/en\/perspectives-mondiales-10-11-nov-2025\/","og_locale":"en_US","og_type":"article","og_title":"Perspectives mondiales 10-11 nov 2025 - CECD - Centre pour l&#039;\u00e9tude de la citoyennet\u00e9 d\u00e9mocratique","og_description":"The Diamond Brown Chair Conference on Democratic Studies organizes with the support of the Centre for the Study of democratic Citizenship, the McGill Political Science department,\u00a0 and the McGill Max Bell School of Public Policy. From Democratic Resilience to Recession: Global and Canadian Perspectives on Authoritarian Backsliding Whenu: November 10-11, 2025 (Full day)Where: Faculty Club [&hellip;]","og_url":"https:\/\/csdc-cecd.ca\/en\/perspectives-mondiales-10-11-nov-2025\/","og_site_name":"CECD - Centre pour l&#039;\u00e9tude de la citoyennet\u00e9 d\u00e9mocratique","article_modified_time":"2025-10-09T13:29:37+00:00","twitter_card":"summary_large_image","twitter_misc":{"Est. reading time":"2 minutes"},"schema":{"@context":"https:\/\/schema.org","@graph":[{"@type":"WebPage","@id":"https:\/\/csdc-cecd.ca\/en\/perspectives-mondiales-10-11-nov-2025\/","url":"https:\/\/csdc-cecd.ca\/en\/perspectives-mondiales-10-11-nov-2025\/","name":"Perspectives mondiales 10-11 nov 2025 - CECD - Centre pour l&#039;\u00e9tude de la citoyennet\u00e9 d\u00e9mocratique","isPartOf":{"@id":"https:\/\/csdc-cecd.ca\/#website"},"datePublished":"2025-10-09T12:43:32+00:00","dateModified":"2025-10-09T13:29:37+00:00","breadcrumb":{"@id":"https:\/\/csdc-cecd.ca\/en\/perspectives-mondiales-10-11-nov-2025\/#breadcrumb"},"inLanguage":"en-US","potentialAction":[{"@type":"ReadAction","target":["https:\/\/csdc-cecd.ca\/en\/perspectives-mondiales-10-11-nov-2025\/"]}]},{"@type":"BreadcrumbList","@id":"https:\/\/csdc-cecd.ca\/en\/perspectives-mondiales-10-11-nov-2025\/#breadcrumb","itemListElement":[{"@type":"ListItem","position":1,"name":"Accueil","item":"https:\/\/csdc-cecd.ca\/en\/"},{"@type":"ListItem","position":2,"name":"Perspectives mondiales 10-11 nov 2025"}]},{"@type":"WebSite","@id":"https:\/\/csdc-cecd.ca\/#website","url":"https:\/\/csdc-cecd.ca\/","name":"CECD - Centre pour l&#039;\u00e9tude de la citoyennet\u00e9 d\u00e9mocratique","description":"","potentialAction":[{"@type":"SearchAction","target":{"@type":"EntryPoint","urlTemplate":"https:\/\/csdc-cecd.ca\/?s={search_term_string}"},"query-input":{"@type":"PropertyValueSpecification","valueRequired":true,"valueName":"search_term_string"}}],"inLanguage":"en-US"}]}},"_links":{"self":[{"href":"https:\/\/csdc-cecd.ca\/en\/wp-json\/wp\/v2\/pages\/6195","targetHints":{"allow":["GET"]}}],"collection":[{"href":"https:\/\/csdc-cecd.ca\/en\/wp-json\/wp\/v2\/pages"}],"about":[{"href":"https:\/\/csdc-cecd.ca\/en\/wp-json\/wp\/v2\/types\/page"}],"author":[{"embeddable":true,"href":"https:\/\/csdc-cecd.ca\/en\/wp-json\/wp\/v2\/users\/1"}],"replies":[{"embeddable":true,"href":"https:\/\/csdc-cecd.ca\/en\/wp-json\/wp\/v2\/comments?post=6195"}],"version-history":[{"count":2,"href":"https:\/\/csdc-cecd.ca\/en\/wp-json\/wp\/v2\/pages\/6195\/revisions"}],"predecessor-version":[{"id":6198,"href":"https:\/\/csdc-cecd.ca\/en\/wp-json\/wp\/v2\/pages\/6195\/revisions\/6198"}],"wp:attachment":[{"href":"https:\/\/csdc-cecd.ca\/en\/wp-json\/wp\/v2\/media?parent=6195"}],"curies":[{"name":"wp","href":"https:\/\/api.w.org\/{rel}","templated":true}]}}