{"id":6353,"date":"2025-10-24T07:48:30","date_gmt":"2025-10-24T11:48:30","guid":{"rendered":"https:\/\/csdc-cecd.ca\/serie-de-conference-dinorah-azpuru\/"},"modified":"2025-10-24T08:10:15","modified_gmt":"2025-10-24T12:10:15","slug":"serie-de-conference-dinorah-azpuru","status":"publish","type":"page","link":"https:\/\/csdc-cecd.ca\/en\/serie-de-conference-dinorah-azpuru\/","title":{"rendered":"S\u00e9rie de conf\u00e9rence Dinorah Azpuru"},"content":{"rendered":"<p>[et_pb_section fb_built=&#8221;1&#8243; _builder_version=&#8221;4.27.4&#8243; _module_preset=&#8221;default&#8221; global_colors_info=&#8221;{}&#8221;][et_pb_row _builder_version=&#8221;4.27.4&#8243; _module_preset=&#8221;default&#8221; global_colors_info=&#8221;{}&#8221;][et_pb_column type=&#8221;4_4&#8243; _builder_version=&#8221;4.27.4&#8243; _module_preset=&#8221;default&#8221; global_colors_info=&#8221;{}&#8221;][et_pb_image src=&#8221;https:\/\/csdc-cecd.ca\/wp-content\/uploads\/2025\/10\/Dinorah-Azpuru-20260116.jpg&#8221; title_text=&#8221;Dinorah Azpuru &#8211; 20260116&#8243; _builder_version=&#8221;4.27.4&#8243; _module_preset=&#8221;default&#8221; global_colors_info=&#8221;{}&#8221;][\/et_pb_image][\/et_pb_column][\/et_pb_row][et_pb_row _builder_version=&#8221;4.27.4&#8243; _module_preset=&#8221;default&#8221; global_colors_info=&#8221;{}&#8221;][et_pb_column type=&#8221;4_4&#8243; _builder_version=&#8221;4.27.4&#8243; _module_preset=&#8221;default&#8221; global_colors_info=&#8221;{}&#8221;][et_pb_text _builder_version=&#8221;4.27.4&#8243; _module_preset=&#8221;default&#8221; hover_enabled=&#8221;0&#8243; global_colors_info=&#8221;{}&#8221; sticky_enabled=&#8221;0&#8243;]<\/p>\n<p><span>Le Centre pour l\u2019\u00e9tude de la citoyennet\u00e9 d\u00e9mocratique pre\u00e9sente :<\/span><\/p>\n<p><strong><span>Why do Latin American Citizens Support Populist Presidents?<br \/><\/span><\/strong><a href=\"https:\/\/www.wichita.edu\/profiles\/academics\/fairmount_college_of_liberal_arts_and_sciences\/Political_Science\/Azpuru-Dinorah.php\">Dinorah Azpuru\u00a0 <\/a><strong><\/strong>(Department of political Science, Wichita State University, Wichita, KS, \u00c9.U.)<\/p>\n<p><span>Quand : 16 janvier 2026, 15h \u2013 17h<\/span><br \/><span>Ou : \u00e0 d\u00e9cider<\/span><\/p>\n<p><span>Although its emergence in advanced industrial democracies is fairly new, populism has been a historical feature in Latin America. Research on this topic has mostly focused on the characteristics of populist governments in Latin America (the supply-side). Based on regional surveys, my research examines the demand-side of populism: why Latin American citizens support populist presidents. In my research, I examine why Latin Americans voted for and consistently gave high approval ratings to left-wing and right-wing presidents in seven countries between 1999 and 2023. My research focuses on the support for populist leaders, rather than parties, because, unlike parliamentary democracies, the figure of the president acquires particular relevance in presidential systems. In my book <em>Explaining Support for Populism in Contemporary Latin America <\/em>(2024), I examined the determinants of support for populist presidents in four dimensions: demographic variables, ideological and policy-preference variables, performance variables, and variables related to representative democracy. Based on my empirical findings, I argue that support for populism is a multidimensional issue and that there is a distinction between convenience followers and hardcore supporters of populism.<\/span><\/p>\n<p>[\/et_pb_text][et_pb_text _builder_version=&#8221;4.27.4&#8243; _module_preset=&#8221;default&#8221; global_colors_info=&#8221;{}&#8221;]<\/p>\n<p><span>Le Centre pour l\u2019\u00e9tude de la Citoyennet\u00e9 d\u00e9mocratique est financ\u00e9 par le\u00a0<\/span><a href=\"https:\/\/frq.gouv.qc.ca\/societe-et-culture\/?_gl=1*2hx8i9*_up*MQ..&amp;gclid=CjwKCAjw8rW2BhAgEiwAoRO5rLFcVqh4eqvH4BFjcAOLimLDAGOrP52xh6QE6R1B-28SNQZdkOjFHRoCRPcQAvD_BwE\">Fonds de recherche du Qu\u00e9bec \u2013 Soci\u00e9t\u00e9 et culture (FRQSC)<\/a><span>.<\/span><\/p>\n<p>[\/et_pb_text][\/et_pb_column][\/et_pb_row][\/et_pb_section]<\/p>\n","protected":false},"excerpt":{"rendered":"<p>Le Centre pour l\u2019\u00e9tude de la citoyennet\u00e9 d\u00e9mocratique pre\u00e9sente : Why do Latin American Citizens Support Populist Presidents?Dinorah Azpuru\u00a0 (Department of political Science, Wichita State University, Wichita, KS, \u00c9.U.) Quand : 16 janvier 2026, 15h \u2013 17hOu : \u00e0 d\u00e9cider Although its emergence in advanced industrial democracies is fairly new, populism has been a historical [&hellip;]<\/p>\n","protected":false},"author":1,"featured_media":0,"parent":0,"menu_order":0,"comment_status":"closed","ping_status":"closed","template":"","meta":{"_et_pb_use_builder":"on","_et_pb_old_content":"","_et_gb_content_width":"","footnotes":""},"class_list":["post-6353","page","type-page","status-publish","hentry"],"yoast_head":"<!-- This site is optimized with the Yoast SEO plugin v27.4 - https:\/\/yoast.com\/product\/yoast-seo-wordpress\/ -->\n<title>S\u00e9rie de conf\u00e9rence Dinorah Azpuru - CECD - Centre pour l&#039;\u00e9tude de la citoyennet\u00e9 d\u00e9mocratique<\/title>\n<meta name=\"robots\" content=\"index, follow, max-snippet:-1, max-image-preview:large, max-video-preview:-1\" \/>\n<link rel=\"canonical\" href=\"https:\/\/csdc-cecd.ca\/en\/serie-de-conference-dinorah-azpuru\/\" \/>\n<meta property=\"og:locale\" content=\"en_US\" \/>\n<meta property=\"og:type\" content=\"article\" \/>\n<meta property=\"og:title\" content=\"S\u00e9rie de conf\u00e9rence Dinorah Azpuru - CECD - Centre pour l&#039;\u00e9tude de la citoyennet\u00e9 d\u00e9mocratique\" \/>\n<meta property=\"og:description\" content=\"Le Centre pour l\u2019\u00e9tude de la citoyennet\u00e9 d\u00e9mocratique pre\u00e9sente : Why do Latin American Citizens Support Populist Presidents?Dinorah Azpuru\u00a0 (Department of political Science, Wichita State University, Wichita, KS, \u00c9.U.) Quand : 16 janvier 2026, 15h \u2013 17hOu : \u00e0 d\u00e9cider Although its emergence in advanced industrial democracies is fairly new, populism has been a historical [&hellip;]\" \/>\n<meta property=\"og:url\" content=\"https:\/\/csdc-cecd.ca\/en\/serie-de-conference-dinorah-azpuru\/\" \/>\n<meta property=\"og:site_name\" content=\"CECD - Centre pour l&#039;\u00e9tude de la citoyennet\u00e9 d\u00e9mocratique\" \/>\n<meta property=\"article:modified_time\" content=\"2025-10-24T12:10:15+00:00\" \/>\n<meta name=\"twitter:card\" content=\"summary_large_image\" \/>\n<script type=\"application\/ld+json\" class=\"yoast-schema-graph\">{\"@context\":\"https:\\\/\\\/schema.org\",\"@graph\":[{\"@type\":\"WebPage\",\"@id\":\"https:\\\/\\\/csdc-cecd.ca\\\/en\\\/serie-de-conference-dinorah-azpuru\\\/\",\"url\":\"https:\\\/\\\/csdc-cecd.ca\\\/en\\\/serie-de-conference-dinorah-azpuru\\\/\",\"name\":\"S\u00e9rie de conf\u00e9rence Dinorah Azpuru - CECD - Centre pour l&#039;\u00e9tude de la citoyennet\u00e9 d\u00e9mocratique\",\"isPartOf\":{\"@id\":\"https:\\\/\\\/csdc-cecd.ca\\\/#website\"},\"datePublished\":\"2025-10-24T11:48:30+00:00\",\"dateModified\":\"2025-10-24T12:10:15+00:00\",\"breadcrumb\":{\"@id\":\"https:\\\/\\\/csdc-cecd.ca\\\/en\\\/serie-de-conference-dinorah-azpuru\\\/#breadcrumb\"},\"inLanguage\":\"en-US\",\"potentialAction\":[{\"@type\":\"ReadAction\",\"target\":[\"https:\\\/\\\/csdc-cecd.ca\\\/en\\\/serie-de-conference-dinorah-azpuru\\\/\"]}]},{\"@type\":\"BreadcrumbList\",\"@id\":\"https:\\\/\\\/csdc-cecd.ca\\\/en\\\/serie-de-conference-dinorah-azpuru\\\/#breadcrumb\",\"itemListElement\":[{\"@type\":\"ListItem\",\"position\":1,\"name\":\"Accueil\",\"item\":\"https:\\\/\\\/csdc-cecd.ca\\\/en\\\/\"},{\"@type\":\"ListItem\",\"position\":2,\"name\":\"S\u00e9rie de conf\u00e9rence Dinorah Azpuru\"}]},{\"@type\":\"WebSite\",\"@id\":\"https:\\\/\\\/csdc-cecd.ca\\\/#website\",\"url\":\"https:\\\/\\\/csdc-cecd.ca\\\/\",\"name\":\"CECD - Centre pour l&#039;\u00e9tude de la citoyennet\u00e9 d\u00e9mocratique\",\"description\":\"\",\"potentialAction\":[{\"@type\":\"SearchAction\",\"target\":{\"@type\":\"EntryPoint\",\"urlTemplate\":\"https:\\\/\\\/csdc-cecd.ca\\\/?s={search_term_string}\"},\"query-input\":{\"@type\":\"PropertyValueSpecification\",\"valueRequired\":true,\"valueName\":\"search_term_string\"}}],\"inLanguage\":\"en-US\"}]}<\/script>\n<!-- \/ Yoast SEO plugin. -->","yoast_head_json":{"title":"S\u00e9rie de conf\u00e9rence Dinorah Azpuru - CECD - Centre pour l&#039;\u00e9tude de la citoyennet\u00e9 d\u00e9mocratique","robots":{"index":"index","follow":"follow","max-snippet":"max-snippet:-1","max-image-preview":"max-image-preview:large","max-video-preview":"max-video-preview:-1"},"canonical":"https:\/\/csdc-cecd.ca\/en\/serie-de-conference-dinorah-azpuru\/","og_locale":"en_US","og_type":"article","og_title":"S\u00e9rie de conf\u00e9rence Dinorah Azpuru - CECD - Centre pour l&#039;\u00e9tude de la citoyennet\u00e9 d\u00e9mocratique","og_description":"Le Centre pour l\u2019\u00e9tude de la citoyennet\u00e9 d\u00e9mocratique pre\u00e9sente : Why do Latin American Citizens Support Populist Presidents?Dinorah Azpuru\u00a0 (Department of political Science, Wichita State University, Wichita, KS, \u00c9.U.) Quand : 16 janvier 2026, 15h \u2013 17hOu : \u00e0 d\u00e9cider Although its emergence in advanced industrial democracies is fairly new, populism has been a historical [&hellip;]","og_url":"https:\/\/csdc-cecd.ca\/en\/serie-de-conference-dinorah-azpuru\/","og_site_name":"CECD - Centre pour l&#039;\u00e9tude de la citoyennet\u00e9 d\u00e9mocratique","article_modified_time":"2025-10-24T12:10:15+00:00","twitter_card":"summary_large_image","schema":{"@context":"https:\/\/schema.org","@graph":[{"@type":"WebPage","@id":"https:\/\/csdc-cecd.ca\/en\/serie-de-conference-dinorah-azpuru\/","url":"https:\/\/csdc-cecd.ca\/en\/serie-de-conference-dinorah-azpuru\/","name":"S\u00e9rie de conf\u00e9rence Dinorah Azpuru - CECD - Centre pour l&#039;\u00e9tude de la citoyennet\u00e9 d\u00e9mocratique","isPartOf":{"@id":"https:\/\/csdc-cecd.ca\/#website"},"datePublished":"2025-10-24T11:48:30+00:00","dateModified":"2025-10-24T12:10:15+00:00","breadcrumb":{"@id":"https:\/\/csdc-cecd.ca\/en\/serie-de-conference-dinorah-azpuru\/#breadcrumb"},"inLanguage":"en-US","potentialAction":[{"@type":"ReadAction","target":["https:\/\/csdc-cecd.ca\/en\/serie-de-conference-dinorah-azpuru\/"]}]},{"@type":"BreadcrumbList","@id":"https:\/\/csdc-cecd.ca\/en\/serie-de-conference-dinorah-azpuru\/#breadcrumb","itemListElement":[{"@type":"ListItem","position":1,"name":"Accueil","item":"https:\/\/csdc-cecd.ca\/en\/"},{"@type":"ListItem","position":2,"name":"S\u00e9rie de conf\u00e9rence Dinorah Azpuru"}]},{"@type":"WebSite","@id":"https:\/\/csdc-cecd.ca\/#website","url":"https:\/\/csdc-cecd.ca\/","name":"CECD - Centre pour l&#039;\u00e9tude de la citoyennet\u00e9 d\u00e9mocratique","description":"","potentialAction":[{"@type":"SearchAction","target":{"@type":"EntryPoint","urlTemplate":"https:\/\/csdc-cecd.ca\/?s={search_term_string}"},"query-input":{"@type":"PropertyValueSpecification","valueRequired":true,"valueName":"search_term_string"}}],"inLanguage":"en-US"}]}},"_links":{"self":[{"href":"https:\/\/csdc-cecd.ca\/en\/wp-json\/wp\/v2\/pages\/6353","targetHints":{"allow":["GET"]}}],"collection":[{"href":"https:\/\/csdc-cecd.ca\/en\/wp-json\/wp\/v2\/pages"}],"about":[{"href":"https:\/\/csdc-cecd.ca\/en\/wp-json\/wp\/v2\/types\/page"}],"author":[{"embeddable":true,"href":"https:\/\/csdc-cecd.ca\/en\/wp-json\/wp\/v2\/users\/1"}],"replies":[{"embeddable":true,"href":"https:\/\/csdc-cecd.ca\/en\/wp-json\/wp\/v2\/comments?post=6353"}],"version-history":[{"count":3,"href":"https:\/\/csdc-cecd.ca\/en\/wp-json\/wp\/v2\/pages\/6353\/revisions"}],"predecessor-version":[{"id":6357,"href":"https:\/\/csdc-cecd.ca\/en\/wp-json\/wp\/v2\/pages\/6353\/revisions\/6357"}],"wp:attachment":[{"href":"https:\/\/csdc-cecd.ca\/en\/wp-json\/wp\/v2\/media?parent=6353"}],"curies":[{"name":"wp","href":"https:\/\/api.w.org\/{rel}","templated":true}]}}